{"id":1115,"date":"2015-07-06T18:17:04","date_gmt":"2015-07-06T16:17:04","guid":{"rendered":"https:\/\/inteligentny-rozwoj.com.pl\/?page_id=1115"},"modified":"2015-07-14T19:17:00","modified_gmt":"2015-07-14T17:17:00","slug":"poddzialanie-1-2-2-infrastruktura-badawczo-rozwojowa-przedsiebiorstw","status":"publish","type":"page","link":"https:\/\/inteligentny-rozwoj.com.pl\/index.php\/fundusze-europejskie-2014-2020\/mrpo-2014-2020\/gospodarka-wiedzy\/dzialanie-1-2-badania-innowacje-w-przedsiebiorstwach\/poddzialanie-1-2-2-infrastruktura-badawczo-rozwojowa-przedsiebiorstw\/","title":{"rendered":"Poddzia\u0142anie 1.2.2 Infrastruktura badawczo-rozwojowa przedsi\u0119biorstw"},"content":{"rendered":"<p style=\"text-align: justify;\">Poddzia\u0142anie 1.2.2 Infrastruktura badawczo-rozwojowa przedsi\u0119biorstw realizowane w ramach osi priorytetowej 1. Gospodarka Wiedzy Regionalnego Programu Operacyjnego Wojew\u00f3dztwa Ma\u0142opolskiego na lata 2014-2020 (RPO WM 2014-2020) w ramach Dzia\u0142ania 1.2 Badania i innowacje w przedsi\u0119biorstwach.<\/p>\n<p style=\"text-align: justify;\">Poddzia\u0142anie 1.2.2 Infrastruktura badawczo-rozwojowa przedsi\u0119biorstw zak\u0142ada wsparcie dla projekt\u00f3w typu:<\/p>\n<p style=\"text-align: justify;\">A. infrastruktura i doposa\u017cenie laboratori\u00f3w lub dzia\u0142\u00f3w badawczo-rozwojowych w przedsi\u0119biorstwach<br \/>\nB. centra badawczo-rozwojowe w przedsi\u0119biorstwach<\/p>\n<p style=\"text-align: justify;\">Wsparciem obj\u0119te zostan\u0105 inwestycje przedsi\u0119biorstw dotycz\u0105ce tworzenia warunk\u00f3w infrastrukturalnych dla dzia\u0142alno\u015bci badawczo-rozwojowej, ukierunkowanej na wytworzenie i wprowadzenie do w\u0142asnej dzia\u0142alno\u015bci gospodarczej nowych produkt\u00f3w, proces\u00f3w lub us\u0142ug.<\/p>\n<p style=\"text-align: justify;\">Zakres wsparcia, jakie oferuje Poddzia\u0142anie 1.2.2 Infrastruktura badawczo-rozwojowa przedsi\u0119biorstw obejmuje:<br \/>\na) inwestycje w aparatur\u0119 badawcz\u0105 oraz innego typu infrastruktur\u0119 niezb\u0119dn\u0105 do prowadzenia dzia\u0142alno\u015bci B+R, w tym infrastruktur\u0119 s\u0142u\u017c\u0105c\u0105 badaniu jako\u015bci wytwarzanych przez dane przedsi\u0119biorstwo produkt\u00f3w, proces\u00f3w lub us\u0142ug,<br \/>\nb) inwestycje w infrastruktur\u0119 centr\u00f3w badawczo-rozwojowych: uzupe\u0142niaj\u0105co mo\u017cliwe jest uzyskanie wsparcia w zakresie rozwoju kadr B+R, w tym poprzez zapewnienie wsparcia doradczego w zakresie ubiegania si\u0119 o status centrum badawczo-rozwojowego, w rozumieniu ustawy z dn. 30 maja 2008 r. o niekt\u00f3rych formach wspierania dzia\u0142alno\u015bci innowacyjnej.<br \/>\nWarunkiem wsparcia tego typu inwestycji i podstaw\u0105 dla ich oceny b\u0119dzie przedstawienie przez wnioskodawc\u0119 planu dotycz\u0105cego prac badawczo-rozwojowych.<\/p>\n<p><strong>Typy projekt\u00f3w:<\/strong><\/p>\n<ul>\n<li>A. infrastruktura i doposa\u017cenie laboratori\u00f3w lub dzia\u0142\u00f3w badawczo-rozwojowych w przedsi\u0119biorstwach<\/li>\n<li>B. centra badawczo-rozwojowe w przedsi\u0119biorstwach<\/li>\n<\/ul>\n<p><strong>Beneficjenci:<\/strong><\/p>\n<ul>\n<li>przedsi\u0119biorstwa, w szczeg\u00f3lno\u015bci mikro-, ma\u0142e i \u015brednie przedsi\u0119biorstwa<\/li>\n<li>konsorcja przedsi\u0119biorstw z udzia\u0142em mikro-, ma\u0142ych i \u015brednich przedsi\u0119biorstw<\/li>\n<\/ul>\n<p><strong>Kwota alokacji<\/strong>:<\/p>\n<ul>\n<li>40 000 000 EUR<\/li>\n<\/ul>\n<p><strong>Poziom wsparcia &#8211; <\/strong>wsparcie kwalifikowane w szczeg\u00f3lno\u015bci jako: regionalna pomoc inwestycyjna, pomoc de minimis.<\/p>\n<p>W przypadku pomocy de minimis &#8211; zgodnie z w\u0142a\u015bciwymi przepisami prawa wsp\u00f3lnotowego i krajowego dotycz\u0105cymi zasad udzielania tej pomocy, obowi\u0105zuj\u0105cymi na dzie\u0144 udzielania wsparcia.<\/p>\n<p>W przypadku regionalnej pomocy inwestycyjnej nie wi\u0119cej ni\u017c:<\/p>\n<ul>\n<li>mikro i ma\u0142e przedsi\u0119biorstwa \u2013 55%<\/li>\n<li>\u015brednie przedsi\u0119biorstwa \u2013 45%<\/li>\n<li>pozostali beneficjenci \u2013 35%<\/li>\n<\/ul>\n<p><strong>maksymalna warto\u015b\u0107 wydatk\u00f3w kwalifikowanych: <\/strong><\/p>\n<ul>\n<li>typ projektu A: 10 000 000 PLN<\/li>\n<li>typ projektu B: 25 000 000 PLN<\/li>\n<\/ul>\n<p><strong>minimalna warto\u015b\u0107 wydatk\u00f3w kwalifikowanych<\/strong> &#8211; nie okre\u015blono<\/p>\n<div data-canvas-width=\"48.31549960179243\"><strong>Planowany termin rozpocz\u0119cia nabor\u00f3w:<\/strong> nie przewidziano nabor\u00f3w w roku 2015<\/div>\n<div data-canvas-width=\"48.31549960179243\"><\/div>\n<div data-canvas-width=\"48.31549960179243\"><\/div>\n<div data-canvas-width=\"48.31549960179243\"><strong>Instytucja Po\u015brednicz\u0105ca<\/strong>: Ma\u0142opolskie Centrum Przedsi\u0119biorczo\u015bci<\/div>\n","protected":false},"excerpt":{"rendered":"<p>Poddzia&#322;anie 1.2.2 Infrastruktura badawczo-rozwojowa przedsi&#281;biorstw realizowane w ramach osi priorytetowej 1. Gospodarka Wiedzy Regionalnego Programu Operacyjnego Wojew&oacute;dztwa Ma&#322;opolskiego na lata 2014-2020 (RPO WM 2014-2020) w ramach Dzia&#322;ania 1.2 Badania i innowacje w przedsi&#281;biorstwach. Poddzia&#322;anie 1.2.2 Infrastruktura badawczo-rozwojowa przedsi&#281;biorstw zak&#322;ada wsparcie dla projekt&oacute;w typu: A. infrastruktura i doposa&#380;enie laboratori&oacute;w lub dzia&#322;&oacute;w badawczo-rozwojowych w przedsi&#281;biorstwach B. centra [&hellip;]<\/p>\n","protected":false},"author":1,"featured_media":0,"parent":1111,"menu_order":2,"comment_status":"closed","ping_status":"closed","template":"page-templates\/full-width.php","meta":{"_crdt_document":"","content-type":"","_uag_custom_page_level_css":"","footnotes":""},"class_list":["post-1115","page","type-page","status-publish","hentry"],"yoast_head":"<!-- This site is optimized with the Yoast SEO plugin v27.3 - https:\/\/yoast.com\/product\/yoast-seo-wordpress\/ -->\n<title>Poddzia\u0142anie 1.2.2 Infrastruktura badawczo-rozwojowa przedsi\u0119biorstw - RPO WM 2014-2020<\/title>\n<meta name=\"description\" content=\"Poddzia\u0142anie 1.2.2 Infrastruktura badawczo-rozwojowa przedsi\u0119biorstw realizowane w ramach RPO WM 2014-2020 ma na celu wsparcie centr\u00f3w B+R w przedsi\u0119biorstwach\" \/>\n<meta name=\"robots\" content=\"index, follow, max-snippet:-1, max-image-preview:large, max-video-preview:-1\" \/>\n<link rel=\"canonical\" href=\"https:\/\/inteligentny-rozwoj.com.pl\/index.php\/fundusze-europejskie-2014-2020\/mrpo-2014-2020\/gospodarka-wiedzy\/dzialanie-1-2-badania-innowacje-w-przedsiebiorstwach\/poddzialanie-1-2-2-infrastruktura-badawczo-rozwojowa-przedsiebiorstw\/\" \/>\n<meta property=\"og:locale\" content=\"pl_PL\" \/>\n<meta property=\"og:type\" content=\"article\" \/>\n<meta property=\"og:title\" content=\"Poddzia\u0142anie 1.2.2 Infrastruktura badawczo-rozwojowa przedsi\u0119biorstw - RPO WM 2014-2020\" \/>\n<meta property=\"og:description\" content=\"Poddzia\u0142anie 1.2.2 Infrastruktura badawczo-rozwojowa przedsi\u0119biorstw realizowane w ramach RPO WM 2014-2020 ma na celu wsparcie centr\u00f3w B+R w przedsi\u0119biorstwach\" \/>\n<meta property=\"og:url\" content=\"https:\/\/inteligentny-rozwoj.com.pl\/index.php\/fundusze-europejskie-2014-2020\/mrpo-2014-2020\/gospodarka-wiedzy\/dzialanie-1-2-badania-innowacje-w-przedsiebiorstwach\/poddzialanie-1-2-2-infrastruktura-badawczo-rozwojowa-przedsiebiorstw\/\" \/>\n<meta property=\"og:site_name\" content=\"RP CONSULTING Rafa\u0142 Pasterczyk | marketing B2B, eksport, dotacje UE\" \/>\n<meta property=\"article:publisher\" content=\"https:\/\/www.facebook.com\/RPConsulting\" \/>\n<meta property=\"article:modified_time\" content=\"2015-07-14T17:17:00+00:00\" \/>\n<meta property=\"og:image\" content=\"https:\/\/inteligentny-rozwoj.com.pl\/wp-content\/uploads\/2021\/06\/rpc_logo_sq.png\" \/>\n\t<meta property=\"og:image:width\" content=\"350\" \/>\n\t<meta property=\"og:image:height\" content=\"300\" \/>\n\t<meta property=\"og:image:type\" content=\"image\/png\" \/>\n<meta name=\"twitter:card\" content=\"summary_large_image\" \/>\n<meta name=\"twitter:site\" content=\"@rp_consulting\" \/>\n<meta name=\"twitter:label1\" content=\"Szacowany czas czytania\" \/>\n\t<meta name=\"twitter:data1\" content=\"2 minuty\" \/>\n<script type=\"application\/ld+json\" class=\"yoast-schema-graph\">{\"@context\":\"https:\\\/\\\/schema.org\",\"@graph\":[{\"@type\":\"Article\",\"@id\":\"https:\\\/\\\/inteligentny-rozwoj.com.pl\\\/index.php\\\/fundusze-europejskie-2014-2020\\\/mrpo-2014-2020\\\/gospodarka-wiedzy\\\/dzialanie-1-2-badania-innowacje-w-przedsiebiorstwach\\\/poddzialanie-1-2-2-infrastruktura-badawczo-rozwojowa-przedsiebiorstw\\\/#article\",\"isPartOf\":{\"@id\":\"https:\\\/\\\/inteligentny-rozwoj.com.pl\\\/index.php\\\/fundusze-europejskie-2014-2020\\\/mrpo-2014-2020\\\/gospodarka-wiedzy\\\/dzialanie-1-2-badania-innowacje-w-przedsiebiorstwach\\\/poddzialanie-1-2-2-infrastruktura-badawczo-rozwojowa-przedsiebiorstw\\\/\"},\"author\":{\"name\":\"RP CONSULTING Rafa\u0142 Pasterczyk\",\"@id\":\"https:\\\/\\\/inteligentny-rozwoj.com.pl\\\/#\\\/schema\\\/person\\\/781a467e5e331ce384632759ecdba772\"},\"headline\":\"Poddzia\u0142anie 1.2.2 Infrastruktura badawczo-rozwojowa przedsi\u0119biorstw\",\"datePublished\":\"2015-07-06T16:17:04+00:00\",\"dateModified\":\"2015-07-14T17:17:00+00:00\",\"mainEntityOfPage\":{\"@id\":\"https:\\\/\\\/inteligentny-rozwoj.com.pl\\\/index.php\\\/fundusze-europejskie-2014-2020\\\/mrpo-2014-2020\\\/gospodarka-wiedzy\\\/dzialanie-1-2-badania-innowacje-w-przedsiebiorstwach\\\/poddzialanie-1-2-2-infrastruktura-badawczo-rozwojowa-przedsiebiorstw\\\/\"},\"wordCount\":397,\"publisher\":{\"@id\":\"https:\\\/\\\/inteligentny-rozwoj.com.pl\\\/#organization\"},\"inLanguage\":\"pl-PL\"},{\"@type\":\"WebPage\",\"@id\":\"https:\\\/\\\/inteligentny-rozwoj.com.pl\\\/index.php\\\/fundusze-europejskie-2014-2020\\\/mrpo-2014-2020\\\/gospodarka-wiedzy\\\/dzialanie-1-2-badania-innowacje-w-przedsiebiorstwach\\\/poddzialanie-1-2-2-infrastruktura-badawczo-rozwojowa-przedsiebiorstw\\\/\",\"url\":\"https:\\\/\\\/inteligentny-rozwoj.com.pl\\\/index.php\\\/fundusze-europejskie-2014-2020\\\/mrpo-2014-2020\\\/gospodarka-wiedzy\\\/dzialanie-1-2-badania-innowacje-w-przedsiebiorstwach\\\/poddzialanie-1-2-2-infrastruktura-badawczo-rozwojowa-przedsiebiorstw\\\/\",\"name\":\"Poddzia\u0142anie 1.2.2 Infrastruktura badawczo-rozwojowa przedsi\u0119biorstw - RPO WM 2014-2020\",\"isPartOf\":{\"@id\":\"https:\\\/\\\/inteligentny-rozwoj.com.pl\\\/#website\"},\"datePublished\":\"2015-07-06T16:17:04+00:00\",\"dateModified\":\"2015-07-14T17:17:00+00:00\",\"description\":\"Poddzia\u0142anie 1.2.2 Infrastruktura badawczo-rozwojowa przedsi\u0119biorstw realizowane w ramach RPO WM 2014-2020 ma na celu wsparcie centr\u00f3w B+R w przedsi\u0119biorstwach\",\"breadcrumb\":{\"@id\":\"https:\\\/\\\/inteligentny-rozwoj.com.pl\\\/index.php\\\/fundusze-europejskie-2014-2020\\\/mrpo-2014-2020\\\/gospodarka-wiedzy\\\/dzialanie-1-2-badania-innowacje-w-przedsiebiorstwach\\\/poddzialanie-1-2-2-infrastruktura-badawczo-rozwojowa-przedsiebiorstw\\\/#breadcrumb\"},\"inLanguage\":\"pl-PL\",\"potentialAction\":[{\"@type\":\"ReadAction\",\"target\":[\"https:\\\/\\\/inteligentny-rozwoj.com.pl\\\/index.php\\\/fundusze-europejskie-2014-2020\\\/mrpo-2014-2020\\\/gospodarka-wiedzy\\\/dzialanie-1-2-badania-innowacje-w-przedsiebiorstwach\\\/poddzialanie-1-2-2-infrastruktura-badawczo-rozwojowa-przedsiebiorstw\\\/\"]}]},{\"@type\":\"BreadcrumbList\",\"@id\":\"https:\\\/\\\/inteligentny-rozwoj.com.pl\\\/index.php\\\/fundusze-europejskie-2014-2020\\\/mrpo-2014-2020\\\/gospodarka-wiedzy\\\/dzialanie-1-2-badania-innowacje-w-przedsiebiorstwach\\\/poddzialanie-1-2-2-infrastruktura-badawczo-rozwojowa-przedsiebiorstw\\\/#breadcrumb\",\"itemListElement\":[{\"@type\":\"ListItem\",\"position\":1,\"name\":\"Fundusze 2014-2020\",\"item\":\"https:\\\/\\\/inteligentny-rozwoj.com.pl\\\/index.php\\\/fundusze-europejskie-2014-2020\\\/\"},{\"@type\":\"ListItem\",\"position\":2,\"name\":\"RPO WM 2014-2020\",\"item\":\"https:\\\/\\\/inteligentny-rozwoj.com.pl\\\/index.php\\\/fundusze-europejskie-2014-2020\\\/mrpo-2014-2020\\\/\"},{\"@type\":\"ListItem\",\"position\":3,\"name\":\"1. Gospodarka Wiedzy\",\"item\":\"https:\\\/\\\/inteligentny-rozwoj.com.pl\\\/index.php\\\/fundusze-europejskie-2014-2020\\\/mrpo-2014-2020\\\/gospodarka-wiedzy\\\/\"},{\"@type\":\"ListItem\",\"position\":4,\"name\":\"Dzia\u0142anie 1.2 Badania i innowacje w przedsi\u0119biorstwach\",\"item\":\"https:\\\/\\\/inteligentny-rozwoj.com.pl\\\/index.php\\\/fundusze-europejskie-2014-2020\\\/mrpo-2014-2020\\\/gospodarka-wiedzy\\\/dzialanie-1-2-badania-innowacje-w-przedsiebiorstwach\\\/\"},{\"@type\":\"ListItem\",\"position\":5,\"name\":\"Poddzia\u0142anie 1.2.2 Infrastruktura badawczo-rozwojowa przedsi\u0119biorstw\"}]},{\"@type\":\"WebSite\",\"@id\":\"https:\\\/\\\/inteligentny-rozwoj.com.pl\\\/#website\",\"url\":\"https:\\\/\\\/inteligentny-rozwoj.com.pl\\\/\",\"name\":\"RP CONSULTING Rafa\u0142 Pasterczyk | marketing B2B, eksport, dotacje UE\",\"description\":\"Tw\u00f3j partner w rozwoju biznesu - skuteczne doradztwo w marketingu B2B, rozwoju eksportu i pozyskiwaniu dotacji\",\"publisher\":{\"@id\":\"https:\\\/\\\/inteligentny-rozwoj.com.pl\\\/#organization\"},\"alternateName\":\"Rafa\u0142 Pasterczyk RP CONSULTING\",\"potentialAction\":[{\"@type\":\"SearchAction\",\"target\":{\"@type\":\"EntryPoint\",\"urlTemplate\":\"https:\\\/\\\/inteligentny-rozwoj.com.pl\\\/?s={search_term_string}\"},\"query-input\":{\"@type\":\"PropertyValueSpecification\",\"valueRequired\":true,\"valueName\":\"search_term_string\"}}],\"inLanguage\":\"pl-PL\"},{\"@type\":\"Organization\",\"@id\":\"https:\\\/\\\/inteligentny-rozwoj.com.pl\\\/#organization\",\"name\":\"RP CONSULTING Rafa\u0142 Pasterczyk\",\"alternateName\":\"Rafa\u0142 Pasterczyk RP CONSULTING\",\"url\":\"https:\\\/\\\/inteligentny-rozwoj.com.pl\\\/\",\"logo\":{\"@type\":\"ImageObject\",\"inLanguage\":\"pl-PL\",\"@id\":\"https:\\\/\\\/inteligentny-rozwoj.com.pl\\\/#\\\/schema\\\/logo\\\/image\\\/\",\"url\":\"https:\\\/\\\/inteligentny-rozwoj.com.pl\\\/wp-content\\\/uploads\\\/2019\\\/01\\\/cropped-rpc_logo_sq-e1546996617786.png\",\"contentUrl\":\"https:\\\/\\\/inteligentny-rozwoj.com.pl\\\/wp-content\\\/uploads\\\/2019\\\/01\\\/cropped-rpc_logo_sq-e1546996617786.png\",\"width\":512,\"height\":512,\"caption\":\"RP CONSULTING Rafa\u0142 Pasterczyk\"},\"image\":{\"@id\":\"https:\\\/\\\/inteligentny-rozwoj.com.pl\\\/#\\\/schema\\\/logo\\\/image\\\/\"},\"sameAs\":[\"https:\\\/\\\/www.facebook.com\\\/RPConsulting\",\"https:\\\/\\\/x.com\\\/rp_consulting\",\"https:\\\/\\\/www.instagram.com\\\/rpconsulting.pl\\\/\",\"https:\\\/\\\/pl.linkedin.com\\\/company\\\/rp-consulting-rpc\",\"https:\\\/\\\/www.linkedin.com\\\/in\\\/rafal-pasterczyk\\\/\"]},{\"@type\":\"Person\",\"@id\":\"https:\\\/\\\/inteligentny-rozwoj.com.pl\\\/#\\\/schema\\\/person\\\/781a467e5e331ce384632759ecdba772\",\"name\":\"RP CONSULTING Rafa\u0142 Pasterczyk\",\"image\":{\"@type\":\"ImageObject\",\"inLanguage\":\"pl-PL\",\"@id\":\"https:\\\/\\\/secure.gravatar.com\\\/avatar\\\/fde501377d5b06ef1fb158c1ea34fe2defd80fd9526b2263a81456023558c240?s=96&d=mm&r=g\",\"url\":\"https:\\\/\\\/secure.gravatar.com\\\/avatar\\\/fde501377d5b06ef1fb158c1ea34fe2defd80fd9526b2263a81456023558c240?s=96&d=mm&r=g\",\"contentUrl\":\"https:\\\/\\\/secure.gravatar.com\\\/avatar\\\/fde501377d5b06ef1fb158c1ea34fe2defd80fd9526b2263a81456023558c240?s=96&d=mm&r=g\",\"caption\":\"RP CONSULTING Rafa\u0142 Pasterczyk\"},\"description\":\"Doradztwo biznesowe i outsourcing - us\u0142ugi doradcze w zakresie marketingu B2B, rozwoju eksportu oraz pozyskiwanie i rozliczanie dotacji na rozw\u00f3j eksportu i cyfryzacj\u0119. Ponad 100 skutecznie zrealizowanych projekt\u00f3w. Wiele z nich \u0142\u0105czy doradztwo w zakresie strategii internacjonalizacji ze skutecznym pozyskaniem dofinansowania na dzia\u0142ania na rynkach zagranicznych.\",\"sameAs\":[\"https:\\\/\\\/inteligentny-rozwoj.com.pl\\\/\",\"https:\\\/\\\/www.facebook.com\\\/RPConsulting\\\/\",\"https:\\\/\\\/www.instagram.com\\\/rpconsulting.pl\\\/\",\"https:\\\/\\\/pl.linkedin.com\\\/company\\\/rp-consulting-rpc\",\"https:\\\/\\\/www.youtube.com\\\/@RPCONSULTING-b2b\"],\"url\":\"https:\\\/\\\/inteligentny-rozwoj.com.pl\\\/index.php\\\/author\\\/rpconsulting\\\/\"}]}<\/script>\n<!-- \/ Yoast SEO plugin. -->","yoast_head_json":{"title":"Poddzia\u0142anie 1.2.2 Infrastruktura badawczo-rozwojowa przedsi\u0119biorstw - RPO WM 2014-2020","description":"Poddzia\u0142anie 1.2.2 Infrastruktura badawczo-rozwojowa przedsi\u0119biorstw realizowane w ramach RPO WM 2014-2020 ma na celu wsparcie centr\u00f3w B+R w przedsi\u0119biorstwach","robots":{"index":"index","follow":"follow","max-snippet":"max-snippet:-1","max-image-preview":"max-image-preview:large","max-video-preview":"max-video-preview:-1"},"canonical":"https:\/\/inteligentny-rozwoj.com.pl\/index.php\/fundusze-europejskie-2014-2020\/mrpo-2014-2020\/gospodarka-wiedzy\/dzialanie-1-2-badania-innowacje-w-przedsiebiorstwach\/poddzialanie-1-2-2-infrastruktura-badawczo-rozwojowa-przedsiebiorstw\/","og_locale":"pl_PL","og_type":"article","og_title":"Poddzia\u0142anie 1.2.2 Infrastruktura badawczo-rozwojowa przedsi\u0119biorstw - RPO WM 2014-2020","og_description":"Poddzia\u0142anie 1.2.2 Infrastruktura badawczo-rozwojowa przedsi\u0119biorstw realizowane w ramach RPO WM 2014-2020 ma na celu wsparcie centr\u00f3w B+R w przedsi\u0119biorstwach","og_url":"https:\/\/inteligentny-rozwoj.com.pl\/index.php\/fundusze-europejskie-2014-2020\/mrpo-2014-2020\/gospodarka-wiedzy\/dzialanie-1-2-badania-innowacje-w-przedsiebiorstwach\/poddzialanie-1-2-2-infrastruktura-badawczo-rozwojowa-przedsiebiorstw\/","og_site_name":"RP CONSULTING Rafa\u0142 Pasterczyk | marketing B2B, eksport, dotacje UE","article_publisher":"https:\/\/www.facebook.com\/RPConsulting","article_modified_time":"2015-07-14T17:17:00+00:00","og_image":[{"width":350,"height":300,"url":"https:\/\/inteligentny-rozwoj.com.pl\/wp-content\/uploads\/2021\/06\/rpc_logo_sq.png","type":"image\/png"}],"twitter_card":"summary_large_image","twitter_site":"@rp_consulting","twitter_misc":{"Szacowany czas czytania":"2 minuty"},"schema":{"@context":"https:\/\/schema.org","@graph":[{"@type":"Article","@id":"https:\/\/inteligentny-rozwoj.com.pl\/index.php\/fundusze-europejskie-2014-2020\/mrpo-2014-2020\/gospodarka-wiedzy\/dzialanie-1-2-badania-innowacje-w-przedsiebiorstwach\/poddzialanie-1-2-2-infrastruktura-badawczo-rozwojowa-przedsiebiorstw\/#article","isPartOf":{"@id":"https:\/\/inteligentny-rozwoj.com.pl\/index.php\/fundusze-europejskie-2014-2020\/mrpo-2014-2020\/gospodarka-wiedzy\/dzialanie-1-2-badania-innowacje-w-przedsiebiorstwach\/poddzialanie-1-2-2-infrastruktura-badawczo-rozwojowa-przedsiebiorstw\/"},"author":{"name":"RP CONSULTING Rafa\u0142 Pasterczyk","@id":"https:\/\/inteligentny-rozwoj.com.pl\/#\/schema\/person\/781a467e5e331ce384632759ecdba772"},"headline":"Poddzia\u0142anie 1.2.2 Infrastruktura badawczo-rozwojowa przedsi\u0119biorstw","datePublished":"2015-07-06T16:17:04+00:00","dateModified":"2015-07-14T17:17:00+00:00","mainEntityOfPage":{"@id":"https:\/\/inteligentny-rozwoj.com.pl\/index.php\/fundusze-europejskie-2014-2020\/mrpo-2014-2020\/gospodarka-wiedzy\/dzialanie-1-2-badania-innowacje-w-przedsiebiorstwach\/poddzialanie-1-2-2-infrastruktura-badawczo-rozwojowa-przedsiebiorstw\/"},"wordCount":397,"publisher":{"@id":"https:\/\/inteligentny-rozwoj.com.pl\/#organization"},"inLanguage":"pl-PL"},{"@type":"WebPage","@id":"https:\/\/inteligentny-rozwoj.com.pl\/index.php\/fundusze-europejskie-2014-2020\/mrpo-2014-2020\/gospodarka-wiedzy\/dzialanie-1-2-badania-innowacje-w-przedsiebiorstwach\/poddzialanie-1-2-2-infrastruktura-badawczo-rozwojowa-przedsiebiorstw\/","url":"https:\/\/inteligentny-rozwoj.com.pl\/index.php\/fundusze-europejskie-2014-2020\/mrpo-2014-2020\/gospodarka-wiedzy\/dzialanie-1-2-badania-innowacje-w-przedsiebiorstwach\/poddzialanie-1-2-2-infrastruktura-badawczo-rozwojowa-przedsiebiorstw\/","name":"Poddzia\u0142anie 1.2.2 Infrastruktura badawczo-rozwojowa przedsi\u0119biorstw - RPO WM 2014-2020","isPartOf":{"@id":"https:\/\/inteligentny-rozwoj.com.pl\/#website"},"datePublished":"2015-07-06T16:17:04+00:00","dateModified":"2015-07-14T17:17:00+00:00","description":"Poddzia\u0142anie 1.2.2 Infrastruktura badawczo-rozwojowa przedsi\u0119biorstw realizowane w ramach RPO WM 2014-2020 ma na celu wsparcie centr\u00f3w B+R w przedsi\u0119biorstwach","breadcrumb":{"@id":"https:\/\/inteligentny-rozwoj.com.pl\/index.php\/fundusze-europejskie-2014-2020\/mrpo-2014-2020\/gospodarka-wiedzy\/dzialanie-1-2-badania-innowacje-w-przedsiebiorstwach\/poddzialanie-1-2-2-infrastruktura-badawczo-rozwojowa-przedsiebiorstw\/#breadcrumb"},"inLanguage":"pl-PL","potentialAction":[{"@type":"ReadAction","target":["https:\/\/inteligentny-rozwoj.com.pl\/index.php\/fundusze-europejskie-2014-2020\/mrpo-2014-2020\/gospodarka-wiedzy\/dzialanie-1-2-badania-innowacje-w-przedsiebiorstwach\/poddzialanie-1-2-2-infrastruktura-badawczo-rozwojowa-przedsiebiorstw\/"]}]},{"@type":"BreadcrumbList","@id":"https:\/\/inteligentny-rozwoj.com.pl\/index.php\/fundusze-europejskie-2014-2020\/mrpo-2014-2020\/gospodarka-wiedzy\/dzialanie-1-2-badania-innowacje-w-przedsiebiorstwach\/poddzialanie-1-2-2-infrastruktura-badawczo-rozwojowa-przedsiebiorstw\/#breadcrumb","itemListElement":[{"@type":"ListItem","position":1,"name":"Fundusze 2014-2020","item":"https:\/\/inteligentny-rozwoj.com.pl\/index.php\/fundusze-europejskie-2014-2020\/"},{"@type":"ListItem","position":2,"name":"RPO WM 2014-2020","item":"https:\/\/inteligentny-rozwoj.com.pl\/index.php\/fundusze-europejskie-2014-2020\/mrpo-2014-2020\/"},{"@type":"ListItem","position":3,"name":"1. Gospodarka Wiedzy","item":"https:\/\/inteligentny-rozwoj.com.pl\/index.php\/fundusze-europejskie-2014-2020\/mrpo-2014-2020\/gospodarka-wiedzy\/"},{"@type":"ListItem","position":4,"name":"Dzia\u0142anie 1.2 Badania i innowacje w przedsi\u0119biorstwach","item":"https:\/\/inteligentny-rozwoj.com.pl\/index.php\/fundusze-europejskie-2014-2020\/mrpo-2014-2020\/gospodarka-wiedzy\/dzialanie-1-2-badania-innowacje-w-przedsiebiorstwach\/"},{"@type":"ListItem","position":5,"name":"Poddzia\u0142anie 1.2.2 Infrastruktura badawczo-rozwojowa przedsi\u0119biorstw"}]},{"@type":"WebSite","@id":"https:\/\/inteligentny-rozwoj.com.pl\/#website","url":"https:\/\/inteligentny-rozwoj.com.pl\/","name":"RP CONSULTING Rafa\u0142 Pasterczyk | marketing B2B, eksport, dotacje UE","description":"Tw\u00f3j partner w rozwoju biznesu - skuteczne doradztwo w marketingu B2B, rozwoju eksportu i pozyskiwaniu dotacji","publisher":{"@id":"https:\/\/inteligentny-rozwoj.com.pl\/#organization"},"alternateName":"Rafa\u0142 Pasterczyk RP CONSULTING","potentialAction":[{"@type":"SearchAction","target":{"@type":"EntryPoint","urlTemplate":"https:\/\/inteligentny-rozwoj.com.pl\/?s={search_term_string}"},"query-input":{"@type":"PropertyValueSpecification","valueRequired":true,"valueName":"search_term_string"}}],"inLanguage":"pl-PL"},{"@type":"Organization","@id":"https:\/\/inteligentny-rozwoj.com.pl\/#organization","name":"RP CONSULTING Rafa\u0142 Pasterczyk","alternateName":"Rafa\u0142 Pasterczyk RP CONSULTING","url":"https:\/\/inteligentny-rozwoj.com.pl\/","logo":{"@type":"ImageObject","inLanguage":"pl-PL","@id":"https:\/\/inteligentny-rozwoj.com.pl\/#\/schema\/logo\/image\/","url":"https:\/\/inteligentny-rozwoj.com.pl\/wp-content\/uploads\/2019\/01\/cropped-rpc_logo_sq-e1546996617786.png","contentUrl":"https:\/\/inteligentny-rozwoj.com.pl\/wp-content\/uploads\/2019\/01\/cropped-rpc_logo_sq-e1546996617786.png","width":512,"height":512,"caption":"RP CONSULTING Rafa\u0142 Pasterczyk"},"image":{"@id":"https:\/\/inteligentny-rozwoj.com.pl\/#\/schema\/logo\/image\/"},"sameAs":["https:\/\/www.facebook.com\/RPConsulting","https:\/\/x.com\/rp_consulting","https:\/\/www.instagram.com\/rpconsulting.pl\/","https:\/\/pl.linkedin.com\/company\/rp-consulting-rpc","https:\/\/www.linkedin.com\/in\/rafal-pasterczyk\/"]},{"@type":"Person","@id":"https:\/\/inteligentny-rozwoj.com.pl\/#\/schema\/person\/781a467e5e331ce384632759ecdba772","name":"RP CONSULTING Rafa\u0142 Pasterczyk","image":{"@type":"ImageObject","inLanguage":"pl-PL","@id":"https:\/\/secure.gravatar.com\/avatar\/fde501377d5b06ef1fb158c1ea34fe2defd80fd9526b2263a81456023558c240?s=96&d=mm&r=g","url":"https:\/\/secure.gravatar.com\/avatar\/fde501377d5b06ef1fb158c1ea34fe2defd80fd9526b2263a81456023558c240?s=96&d=mm&r=g","contentUrl":"https:\/\/secure.gravatar.com\/avatar\/fde501377d5b06ef1fb158c1ea34fe2defd80fd9526b2263a81456023558c240?s=96&d=mm&r=g","caption":"RP CONSULTING Rafa\u0142 Pasterczyk"},"description":"Doradztwo biznesowe i outsourcing - us\u0142ugi doradcze w zakresie marketingu B2B, rozwoju eksportu oraz pozyskiwanie i rozliczanie dotacji na rozw\u00f3j eksportu i cyfryzacj\u0119. Ponad 100 skutecznie zrealizowanych projekt\u00f3w. Wiele z nich \u0142\u0105czy doradztwo w zakresie strategii internacjonalizacji ze skutecznym pozyskaniem dofinansowania na dzia\u0142ania na rynkach zagranicznych.","sameAs":["https:\/\/inteligentny-rozwoj.com.pl\/","https:\/\/www.facebook.com\/RPConsulting\/","https:\/\/www.instagram.com\/rpconsulting.pl\/","https:\/\/pl.linkedin.com\/company\/rp-consulting-rpc","https:\/\/www.youtube.com\/@RPCONSULTING-b2b"],"url":"https:\/\/inteligentny-rozwoj.com.pl\/index.php\/author\/rpconsulting\/"}]}},"uagb_featured_image_src":{"full":false,"thumbnail":false,"medium":false,"medium_large":false,"large":false,"1536x1536":false,"2048x2048":false,"post-thumbnail":false,"sow-carousel-default":false,"sow-blog-portfolio":false,"sow-blog-grid":false,"sow-blog-alternate":false},"uagb_author_info":{"display_name":"RP CONSULTING Rafa\u0142 Pasterczyk","author_link":"https:\/\/inteligentny-rozwoj.com.pl\/index.php\/author\/rpconsulting\/"},"uagb_comment_info":0,"uagb_excerpt":"Poddzia&#322;anie 1.2.2 Infrastruktura badawczo-rozwojowa przedsi&#281;biorstw realizowane w ramach osi priorytetowej 1. Gospodarka Wiedzy Regionalnego Programu Operacyjnego Wojew&oacute;dztwa Ma&#322;opolskiego na lata 2014-2020 (RPO WM 2014-2020) w ramach Dzia&#322;ania 1.2 Badania i innowacje w przedsi&#281;biorstwach. Poddzia&#322;anie 1.2.2 Infrastruktura badawczo-rozwojowa przedsi&#281;biorstw zak&#322;ada wsparcie dla projekt&oacute;w typu: A. infrastruktura i doposa&#380;enie laboratori&oacute;w lub dzia&#322;&oacute;w badawczo-rozwojowych w przedsi&#281;biorstwach B. centra&hellip;","_links":{"self":[{"href":"https:\/\/inteligentny-rozwoj.com.pl\/index.php\/wp-json\/wp\/v2\/pages\/1115","targetHints":{"allow":["GET"]}}],"collection":[{"href":"https:\/\/inteligentny-rozwoj.com.pl\/index.php\/wp-json\/wp\/v2\/pages"}],"about":[{"href":"https:\/\/inteligentny-rozwoj.com.pl\/index.php\/wp-json\/wp\/v2\/types\/page"}],"author":[{"embeddable":true,"href":"https:\/\/inteligentny-rozwoj.com.pl\/index.php\/wp-json\/wp\/v2\/users\/1"}],"replies":[{"embeddable":true,"href":"https:\/\/inteligentny-rozwoj.com.pl\/index.php\/wp-json\/wp\/v2\/comments?post=1115"}],"version-history":[{"count":5,"href":"https:\/\/inteligentny-rozwoj.com.pl\/index.php\/wp-json\/wp\/v2\/pages\/1115\/revisions"}],"predecessor-version":[{"id":1154,"href":"https:\/\/inteligentny-rozwoj.com.pl\/index.php\/wp-json\/wp\/v2\/pages\/1115\/revisions\/1154"}],"up":[{"embeddable":true,"href":"https:\/\/inteligentny-rozwoj.com.pl\/index.php\/wp-json\/wp\/v2\/pages\/1111"}],"wp:attachment":[{"href":"https:\/\/inteligentny-rozwoj.com.pl\/index.php\/wp-json\/wp\/v2\/media?parent=1115"}],"curies":[{"name":"wp","href":"https:\/\/api.w.org\/{rel}","templated":true}]}}