{"id":1119,"date":"2015-07-06T18:35:02","date_gmt":"2015-07-06T16:35:02","guid":{"rendered":"https:\/\/inteligentny-rozwoj.com.pl\/?page_id=1119"},"modified":"2015-07-14T19:49:01","modified_gmt":"2015-07-14T17:49:01","slug":"dzialanie-3-4-rozwoj-konkurencyjnosc-malopolskich-msp","status":"publish","type":"page","link":"https:\/\/inteligentny-rozwoj.com.pl\/index.php\/fundusze-europejskie-2014-2020\/mrpo-2014-2020\/przedsiebiorcza-malopolska\/dzialanie-3-4-rozwoj-konkurencyjnosc-malopolskich-msp\/","title":{"rendered":"Dzia\u0142anie 3.4 Rozw\u00f3j i konkurencyjno\u015b\u0107 ma\u0142opolskich M\u015aP"},"content":{"rendered":"<p style=\"text-align: justify;\">Dzia\u0142anie 3.4 Rozw\u00f3j i konkurencyjno\u015b\u0107 ma\u0142opolskich M\u015aP realizowane jest w ramach osi priorytetowej 3. Przedsi\u0119biorcza Ma\u0142opolska Regionalnego Programu Operacyjnego Wojew\u00f3dztwa Ma\u0142opolskiego na lata 2014-2020 (RPO WM 2014-2020)<strong>.<br \/>\n<\/strong><\/p>\n<p style=\"text-align: justify;\">Dzia\u0142anie 3.4 Rozw\u00f3j i konkurencyjno\u015b\u0107 ma\u0142opolskich M\u015aP kieruje interwencj\u0119 na wzmocnienie konkurencyjno\u015bci sektora ma\u0142opolskich M\u015aP.<br \/>\nRealizacja dzia\u0142ania przyczyni si\u0119 do tworzenia warunk\u00f3w sprzyjaj\u0105cych budowie silnego i stabilnego sektora M\u015aP w Ma\u0142opolsce, jako warunku niezb\u0119dnego dla zdynamizowania rozwoju spo\u0142eczno-gospodarczego regionu.<br \/>\nW ramach dzia\u0142ania realizowane b\u0119d\u0105 przedsi\u0119wzi\u0119cia zar\u00f3wno z zakresu <strong>wsparcia dotacyjnego<\/strong>, jak i tworzenia systemu <strong>instrument\u00f3w finansowych<\/strong> wspieraj\u0105cych przedsi\u0119wzi\u0119cia inwestycyjne ma\u0142opolskich M\u015aP. <span style=\"text-decoration: underline;\">Wsparcie dotacyjne dla przedsi\u0119wzi\u0119\u0107 inwestycyjnych planuje si\u0119 skoncentrowa\u0107 w obszarze wdro\u017ce\u0144 prac B+R oraz na wsparciu produkcji urz\u0105dze\u0144 s\u0142u\u017c\u0105cych do wytwarzania energii ze \u017ar\u00f3de\u0142 odnawialnych<\/span>.<br \/>\nW przypadku przedsi\u0119biorstw we wczesnej fazie rozwoju (do 24 m-cy) \u015brodki EFRR b\u0119d\u0105 przeznaczone na wsparcie inwestycyjne i wspomaganie rozwoju kolejnych etap\u00f3w ich dojrza\u0142o\u015bci gospodarczej.<br \/>\nNatomiast w przypadku przedsi\u0119biorstw funkcjonuj\u0105cych na rynku d\u0142u\u017cej ni\u017c 24 m-ce, finansowane b\u0119d\u0105 przedsi\u0119wzi\u0119cia inwestycyjne maj\u0105ce na celu rozw\u00f3j\/rozbudow\u0119 przedsi\u0119biorstw, przedsi\u0119wzi\u0119cia prowadz\u0105ce do wprowadzenia na rynek nowych lub ulepszonych produkt\u00f3w\/us\u0142ug, zwi\u0119kszaj\u0105ce skal\u0119 dzia\u0142alno\u015bci, prowadz\u0105ce do wzrostu zasi\u0119gu oferty poprzez zdobywanie nowych rynk\u00f3w zbytu, w tym w szczeg\u00f3lno\u015bci:<\/p>\n<ul>\n<li>inwestycje w nowoczesne maszyny, urz\u0105dzenia i sprz\u0119t produkcyjny, w celu wprowadzenia na rynek nowych lub ulepszonych produkt\u00f3w lub us\u0142ug,<\/li>\n<li>rozw\u00f3j sprzeda\u017cy produkt\u00f3w i us\u0142ug w Internecie (handel elektroniczny),<\/li>\n<li>inwestycje dotycz\u0105ce stosowania w dzia\u0142alno\u015bci gospodarczej technologii informacyjno-komunikacyjnych (TIK),<\/li>\n<li>przedsi\u0119wzi\u0119cia z zakresu dostosowania istniej\u0105cych instalacji produkcyjnych do standard\u00f3w najlepszych dost\u0119pnych technik (BAT \u2013 best available technology) \u2013 nowoczesne rozwi\u0105zania umo\u017cliwiaj\u0105ce redukcj\u0119 koszt\u00f3w dzia\u0142alno\u015bci rynkowej w przedsi\u0119biorstwach, wynikaj\u0105c\u0105 z mniejszego zu\u017cycia energii lub bardziej efektywnego wykorzystania surowc\u00f3w (jako element kompleksowego projektu).<\/li>\n<\/ul>\n<p style=\"text-align: justify;\">W odniesieniu do przedsi\u0119wzi\u0119\u0107 wspieranych w ramach dzia\u0142ania zastosowanie b\u0119d\u0105 mie\u0107 nast\u0119puj\u0105ce zasady:<\/p>\n<ul>\n<li>zgodno\u015b\u0107 z zapisami Umowy Partnerstwa,<\/li>\n<li>zastosowanie preferencji dla interwencji w obszarach specjalizacji regionalnej,<\/li>\n<li><strong>wy\u0142\u0105czenie ze wsparcia projekt\u00f3w z bran\u017cy handlu detalicznego, hurtowego<\/strong> (weryfikacja kwalifikowalno\u015bci projekt\u00f3w na podstawie kod\u00f3w PKD oraz zakresu rzeczowego projektu). Wy\u0142\u0105czeniu temu nie podlega rozw\u00f3j sprzeda\u017cy produkt\u00f3w i us\u0142ug w Internecie (handel elektroniczny).<\/li>\n<\/ul>\n<p style=\"text-align: justify;\">Dzia\u0142anie 3.4 Rozw\u00f3j i konkurencyjno\u015b\u0107 ma\u0142opolskich M\u015aP przewiduje 5 poddzia\u0142a\u0144, w ramach kt\u00f3rych realizowane b\u0119d\u0105 wybrane typy projekt\u00f3w:<\/p>\n<ul>\n<li>Poddzia\u0142anie 3.4.1 Instrumenty finansowe dla M\u015aP &#8211; wczesna faza rozwoju<\/li>\n<li>Poddzia\u0142anie 3.4.2 Instrumenty finansowe dla M\u015aP &#8211; powy\u017cej 24 m-cy<\/li>\n<li><a title=\"Poddzia\u0142anie 3.4.3 Dotacje dla M\u015aP - wczesna faza rozwoju\" href=\"https:\/\/inteligentny-rozwoj.com.pl\/index.php\/mrpo-2014-2020\/przedsiebiorcza-malopolska\/dzialanie-3-4-rozwoj-konkurencyjnosc-malopolskich-msp\/poddzialanie-3-4-3-dotacje-dla-msp-wczesna-faza-rozwoju\/\" target=\"_blank\">Poddzia\u0142anie 3.4.3 Dotacje dla M\u015aP &#8211; wczesna faza rozwoju<\/a><\/li>\n<li><a title=\"Poddzia\u0142anie 3.4.4 Dotacje dla M\u015aP\" href=\"https:\/\/inteligentny-rozwoj.com.pl\/index.php\/mrpo-2014-2020\/przedsiebiorcza-malopolska\/dzialanie-3-4-rozwoj-konkurencyjnosc-malopolskich-msp\/poddzialanie-3-4-4-dotacje-dla-msp\/\" target=\"_blank\">Poddzia\u0142anie 3.4.4 Dotacje dla M\u015aP<\/a><\/li>\n<li><a title=\"Poddzia\u0142anie 3.4.5 Bony na doradztwo\" href=\"https:\/\/inteligentny-rozwoj.com.pl\/index.php\/mrpo-2014-2020\/przedsiebiorcza-malopolska\/dzialanie-3-4-rozwoj-konkurencyjnosc-malopolskich-msp\/poddzialanie-3-4-5-bony-na-doradztwo\/\" target=\"_blank\">Poddzia\u0142anie 3.4.5 Bony na doradztwo<\/a><\/li>\n<\/ul>\n","protected":false},"excerpt":{"rendered":"<p>Dzia&#322;anie 3.4 Rozw&oacute;j i konkurencyjno&#347;&#263; ma&#322;opolskich M&#346;P realizowane jest w ramach osi priorytetowej 3. Przedsi&#281;biorcza Ma&#322;opolska Regionalnego Programu Operacyjnego Wojew&oacute;dztwa Ma&#322;opolskiego na lata 2014-2020 (RPO WM 2014-2020). Dzia&#322;anie 3.4 Rozw&oacute;j i konkurencyjno&#347;&#263; ma&#322;opolskich M&#346;P kieruje interwencj&#281; na wzmocnienie konkurencyjno&#347;ci sektora ma&#322;opolskich M&#346;P. Realizacja dzia&#322;ania przyczyni si&#281; do tworzenia warunk&oacute;w sprzyjaj&#261;cych budowie silnego i stabilnego sektora [&hellip;]<\/p>\n","protected":false},"author":1,"featured_media":0,"parent":502,"menu_order":4,"comment_status":"closed","ping_status":"closed","template":"page-templates\/full-width.php","meta":{"_crdt_document":"","content-type":"","_uag_custom_page_level_css":"","footnotes":""},"class_list":["post-1119","page","type-page","status-publish","hentry"],"yoast_head":"<!-- This site is optimized with the Yoast SEO plugin v27.3 - https:\/\/yoast.com\/product\/yoast-seo-wordpress\/ -->\n<title>Dzia\u0142anie 3.4 Rozw\u00f3j i konkurencyjno\u015b\u0107 ma\u0142opolskich M\u015aP - RPO WM 2014-2020<\/title>\n<meta name=\"description\" content=\"Dzia\u0142anie 3.4 Rozw\u00f3j i konkurencyjno\u015b\u0107 ma\u0142opolskich M\u015aP w ramach RPO WM 2014-2020 wspiera projekty ukierunkowane na wzrost konkurencyjno\u015bci ma\u0142opolskich M\u015aP\" \/>\n<meta name=\"robots\" content=\"index, follow, max-snippet:-1, max-image-preview:large, max-video-preview:-1\" \/>\n<link rel=\"canonical\" href=\"https:\/\/inteligentny-rozwoj.com.pl\/index.php\/fundusze-europejskie-2014-2020\/mrpo-2014-2020\/przedsiebiorcza-malopolska\/dzialanie-3-4-rozwoj-konkurencyjnosc-malopolskich-msp\/\" \/>\n<meta property=\"og:locale\" content=\"pl_PL\" \/>\n<meta property=\"og:type\" content=\"article\" \/>\n<meta property=\"og:title\" content=\"Dzia\u0142anie 3.4 Rozw\u00f3j i konkurencyjno\u015b\u0107 ma\u0142opolskich M\u015aP - RPO WM 2014-2020\" \/>\n<meta property=\"og:description\" content=\"Dzia\u0142anie 3.4 Rozw\u00f3j i konkurencyjno\u015b\u0107 ma\u0142opolskich M\u015aP w ramach RPO WM 2014-2020 wspiera projekty ukierunkowane na wzrost konkurencyjno\u015bci ma\u0142opolskich M\u015aP\" \/>\n<meta property=\"og:url\" content=\"https:\/\/inteligentny-rozwoj.com.pl\/index.php\/fundusze-europejskie-2014-2020\/mrpo-2014-2020\/przedsiebiorcza-malopolska\/dzialanie-3-4-rozwoj-konkurencyjnosc-malopolskich-msp\/\" \/>\n<meta property=\"og:site_name\" content=\"RP CONSULTING Rafa\u0142 Pasterczyk | marketing B2B, eksport, dotacje UE\" \/>\n<meta property=\"article:publisher\" content=\"https:\/\/www.facebook.com\/RPConsulting\" \/>\n<meta property=\"article:modified_time\" content=\"2015-07-14T17:49:01+00:00\" \/>\n<meta property=\"og:image\" content=\"https:\/\/inteligentny-rozwoj.com.pl\/wp-content\/uploads\/2021\/06\/rpc_logo_sq.png\" \/>\n\t<meta property=\"og:image:width\" content=\"350\" \/>\n\t<meta property=\"og:image:height\" content=\"300\" \/>\n\t<meta property=\"og:image:type\" content=\"image\/png\" \/>\n<meta name=\"twitter:card\" content=\"summary_large_image\" \/>\n<meta name=\"twitter:site\" content=\"@rp_consulting\" \/>\n<meta name=\"twitter:label1\" content=\"Szacowany czas czytania\" \/>\n\t<meta name=\"twitter:data1\" content=\"2 minuty\" \/>\n<script type=\"application\/ld+json\" class=\"yoast-schema-graph\">{\"@context\":\"https:\\\/\\\/schema.org\",\"@graph\":[{\"@type\":\"Article\",\"@id\":\"https:\\\/\\\/inteligentny-rozwoj.com.pl\\\/index.php\\\/fundusze-europejskie-2014-2020\\\/mrpo-2014-2020\\\/przedsiebiorcza-malopolska\\\/dzialanie-3-4-rozwoj-konkurencyjnosc-malopolskich-msp\\\/#article\",\"isPartOf\":{\"@id\":\"https:\\\/\\\/inteligentny-rozwoj.com.pl\\\/index.php\\\/fundusze-europejskie-2014-2020\\\/mrpo-2014-2020\\\/przedsiebiorcza-malopolska\\\/dzialanie-3-4-rozwoj-konkurencyjnosc-malopolskich-msp\\\/\"},\"author\":{\"name\":\"RP CONSULTING Rafa\u0142 Pasterczyk\",\"@id\":\"https:\\\/\\\/inteligentny-rozwoj.com.pl\\\/#\\\/schema\\\/person\\\/781a467e5e331ce384632759ecdba772\"},\"headline\":\"Dzia\u0142anie 3.4 Rozw\u00f3j i konkurencyjno\u015b\u0107 ma\u0142opolskich M\u015aP\",\"datePublished\":\"2015-07-06T16:35:02+00:00\",\"dateModified\":\"2015-07-14T17:49:01+00:00\",\"mainEntityOfPage\":{\"@id\":\"https:\\\/\\\/inteligentny-rozwoj.com.pl\\\/index.php\\\/fundusze-europejskie-2014-2020\\\/mrpo-2014-2020\\\/przedsiebiorcza-malopolska\\\/dzialanie-3-4-rozwoj-konkurencyjnosc-malopolskich-msp\\\/\"},\"wordCount\":505,\"publisher\":{\"@id\":\"https:\\\/\\\/inteligentny-rozwoj.com.pl\\\/#organization\"},\"inLanguage\":\"pl-PL\"},{\"@type\":\"WebPage\",\"@id\":\"https:\\\/\\\/inteligentny-rozwoj.com.pl\\\/index.php\\\/fundusze-europejskie-2014-2020\\\/mrpo-2014-2020\\\/przedsiebiorcza-malopolska\\\/dzialanie-3-4-rozwoj-konkurencyjnosc-malopolskich-msp\\\/\",\"url\":\"https:\\\/\\\/inteligentny-rozwoj.com.pl\\\/index.php\\\/fundusze-europejskie-2014-2020\\\/mrpo-2014-2020\\\/przedsiebiorcza-malopolska\\\/dzialanie-3-4-rozwoj-konkurencyjnosc-malopolskich-msp\\\/\",\"name\":\"Dzia\u0142anie 3.4 Rozw\u00f3j i konkurencyjno\u015b\u0107 ma\u0142opolskich M\u015aP - RPO WM 2014-2020\",\"isPartOf\":{\"@id\":\"https:\\\/\\\/inteligentny-rozwoj.com.pl\\\/#website\"},\"datePublished\":\"2015-07-06T16:35:02+00:00\",\"dateModified\":\"2015-07-14T17:49:01+00:00\",\"description\":\"Dzia\u0142anie 3.4 Rozw\u00f3j i konkurencyjno\u015b\u0107 ma\u0142opolskich M\u015aP w ramach RPO WM 2014-2020 wspiera projekty ukierunkowane na wzrost konkurencyjno\u015bci ma\u0142opolskich M\u015aP\",\"breadcrumb\":{\"@id\":\"https:\\\/\\\/inteligentny-rozwoj.com.pl\\\/index.php\\\/fundusze-europejskie-2014-2020\\\/mrpo-2014-2020\\\/przedsiebiorcza-malopolska\\\/dzialanie-3-4-rozwoj-konkurencyjnosc-malopolskich-msp\\\/#breadcrumb\"},\"inLanguage\":\"pl-PL\",\"potentialAction\":[{\"@type\":\"ReadAction\",\"target\":[\"https:\\\/\\\/inteligentny-rozwoj.com.pl\\\/index.php\\\/fundusze-europejskie-2014-2020\\\/mrpo-2014-2020\\\/przedsiebiorcza-malopolska\\\/dzialanie-3-4-rozwoj-konkurencyjnosc-malopolskich-msp\\\/\"]}]},{\"@type\":\"BreadcrumbList\",\"@id\":\"https:\\\/\\\/inteligentny-rozwoj.com.pl\\\/index.php\\\/fundusze-europejskie-2014-2020\\\/mrpo-2014-2020\\\/przedsiebiorcza-malopolska\\\/dzialanie-3-4-rozwoj-konkurencyjnosc-malopolskich-msp\\\/#breadcrumb\",\"itemListElement\":[{\"@type\":\"ListItem\",\"position\":1,\"name\":\"Fundusze 2014-2020\",\"item\":\"https:\\\/\\\/inteligentny-rozwoj.com.pl\\\/index.php\\\/fundusze-europejskie-2014-2020\\\/\"},{\"@type\":\"ListItem\",\"position\":2,\"name\":\"RPO WM 2014-2020\",\"item\":\"https:\\\/\\\/inteligentny-rozwoj.com.pl\\\/index.php\\\/fundusze-europejskie-2014-2020\\\/mrpo-2014-2020\\\/\"},{\"@type\":\"ListItem\",\"position\":3,\"name\":\"3. Przedsi\u0119biorcza Ma\u0142opolska\",\"item\":\"https:\\\/\\\/inteligentny-rozwoj.com.pl\\\/index.php\\\/fundusze-europejskie-2014-2020\\\/mrpo-2014-2020\\\/przedsiebiorcza-malopolska\\\/\"},{\"@type\":\"ListItem\",\"position\":4,\"name\":\"Dzia\u0142anie 3.4 Rozw\u00f3j i konkurencyjno\u015b\u0107 ma\u0142opolskich M\u015aP\"}]},{\"@type\":\"WebSite\",\"@id\":\"https:\\\/\\\/inteligentny-rozwoj.com.pl\\\/#website\",\"url\":\"https:\\\/\\\/inteligentny-rozwoj.com.pl\\\/\",\"name\":\"RP CONSULTING Rafa\u0142 Pasterczyk | marketing B2B, eksport, dotacje UE\",\"description\":\"Tw\u00f3j partner w rozwoju biznesu - skuteczne doradztwo w marketingu B2B, rozwoju eksportu i pozyskiwaniu dotacji\",\"publisher\":{\"@id\":\"https:\\\/\\\/inteligentny-rozwoj.com.pl\\\/#organization\"},\"alternateName\":\"Rafa\u0142 Pasterczyk RP CONSULTING\",\"potentialAction\":[{\"@type\":\"SearchAction\",\"target\":{\"@type\":\"EntryPoint\",\"urlTemplate\":\"https:\\\/\\\/inteligentny-rozwoj.com.pl\\\/?s={search_term_string}\"},\"query-input\":{\"@type\":\"PropertyValueSpecification\",\"valueRequired\":true,\"valueName\":\"search_term_string\"}}],\"inLanguage\":\"pl-PL\"},{\"@type\":\"Organization\",\"@id\":\"https:\\\/\\\/inteligentny-rozwoj.com.pl\\\/#organization\",\"name\":\"RP CONSULTING Rafa\u0142 Pasterczyk\",\"alternateName\":\"Rafa\u0142 Pasterczyk RP CONSULTING\",\"url\":\"https:\\\/\\\/inteligentny-rozwoj.com.pl\\\/\",\"logo\":{\"@type\":\"ImageObject\",\"inLanguage\":\"pl-PL\",\"@id\":\"https:\\\/\\\/inteligentny-rozwoj.com.pl\\\/#\\\/schema\\\/logo\\\/image\\\/\",\"url\":\"https:\\\/\\\/inteligentny-rozwoj.com.pl\\\/wp-content\\\/uploads\\\/2019\\\/01\\\/cropped-rpc_logo_sq-e1546996617786.png\",\"contentUrl\":\"https:\\\/\\\/inteligentny-rozwoj.com.pl\\\/wp-content\\\/uploads\\\/2019\\\/01\\\/cropped-rpc_logo_sq-e1546996617786.png\",\"width\":512,\"height\":512,\"caption\":\"RP CONSULTING Rafa\u0142 Pasterczyk\"},\"image\":{\"@id\":\"https:\\\/\\\/inteligentny-rozwoj.com.pl\\\/#\\\/schema\\\/logo\\\/image\\\/\"},\"sameAs\":[\"https:\\\/\\\/www.facebook.com\\\/RPConsulting\",\"https:\\\/\\\/x.com\\\/rp_consulting\",\"https:\\\/\\\/www.instagram.com\\\/rpconsulting.pl\\\/\",\"https:\\\/\\\/pl.linkedin.com\\\/company\\\/rp-consulting-rpc\",\"https:\\\/\\\/www.linkedin.com\\\/in\\\/rafal-pasterczyk\\\/\"]},{\"@type\":\"Person\",\"@id\":\"https:\\\/\\\/inteligentny-rozwoj.com.pl\\\/#\\\/schema\\\/person\\\/781a467e5e331ce384632759ecdba772\",\"name\":\"RP CONSULTING Rafa\u0142 Pasterczyk\",\"image\":{\"@type\":\"ImageObject\",\"inLanguage\":\"pl-PL\",\"@id\":\"https:\\\/\\\/secure.gravatar.com\\\/avatar\\\/fde501377d5b06ef1fb158c1ea34fe2defd80fd9526b2263a81456023558c240?s=96&d=mm&r=g\",\"url\":\"https:\\\/\\\/secure.gravatar.com\\\/avatar\\\/fde501377d5b06ef1fb158c1ea34fe2defd80fd9526b2263a81456023558c240?s=96&d=mm&r=g\",\"contentUrl\":\"https:\\\/\\\/secure.gravatar.com\\\/avatar\\\/fde501377d5b06ef1fb158c1ea34fe2defd80fd9526b2263a81456023558c240?s=96&d=mm&r=g\",\"caption\":\"RP CONSULTING Rafa\u0142 Pasterczyk\"},\"description\":\"Doradztwo biznesowe i outsourcing - us\u0142ugi doradcze w zakresie marketingu B2B, rozwoju eksportu oraz pozyskiwanie i rozliczanie dotacji na rozw\u00f3j eksportu i cyfryzacj\u0119. Ponad 100 skutecznie zrealizowanych projekt\u00f3w. Wiele z nich \u0142\u0105czy doradztwo w zakresie strategii internacjonalizacji ze skutecznym pozyskaniem dofinansowania na dzia\u0142ania na rynkach zagranicznych.\",\"sameAs\":[\"https:\\\/\\\/inteligentny-rozwoj.com.pl\\\/\",\"https:\\\/\\\/www.facebook.com\\\/RPConsulting\\\/\",\"https:\\\/\\\/www.instagram.com\\\/rpconsulting.pl\\\/\",\"https:\\\/\\\/pl.linkedin.com\\\/company\\\/rp-consulting-rpc\",\"https:\\\/\\\/www.youtube.com\\\/@RPCONSULTING-b2b\"],\"url\":\"https:\\\/\\\/inteligentny-rozwoj.com.pl\\\/index.php\\\/author\\\/rpconsulting\\\/\"}]}<\/script>\n<!-- \/ Yoast SEO plugin. -->","yoast_head_json":{"title":"Dzia\u0142anie 3.4 Rozw\u00f3j i konkurencyjno\u015b\u0107 ma\u0142opolskich M\u015aP - RPO WM 2014-2020","description":"Dzia\u0142anie 3.4 Rozw\u00f3j i konkurencyjno\u015b\u0107 ma\u0142opolskich M\u015aP w ramach RPO WM 2014-2020 wspiera projekty ukierunkowane na wzrost konkurencyjno\u015bci ma\u0142opolskich M\u015aP","robots":{"index":"index","follow":"follow","max-snippet":"max-snippet:-1","max-image-preview":"max-image-preview:large","max-video-preview":"max-video-preview:-1"},"canonical":"https:\/\/inteligentny-rozwoj.com.pl\/index.php\/fundusze-europejskie-2014-2020\/mrpo-2014-2020\/przedsiebiorcza-malopolska\/dzialanie-3-4-rozwoj-konkurencyjnosc-malopolskich-msp\/","og_locale":"pl_PL","og_type":"article","og_title":"Dzia\u0142anie 3.4 Rozw\u00f3j i konkurencyjno\u015b\u0107 ma\u0142opolskich M\u015aP - RPO WM 2014-2020","og_description":"Dzia\u0142anie 3.4 Rozw\u00f3j i konkurencyjno\u015b\u0107 ma\u0142opolskich M\u015aP w ramach RPO WM 2014-2020 wspiera projekty ukierunkowane na wzrost konkurencyjno\u015bci ma\u0142opolskich M\u015aP","og_url":"https:\/\/inteligentny-rozwoj.com.pl\/index.php\/fundusze-europejskie-2014-2020\/mrpo-2014-2020\/przedsiebiorcza-malopolska\/dzialanie-3-4-rozwoj-konkurencyjnosc-malopolskich-msp\/","og_site_name":"RP CONSULTING Rafa\u0142 Pasterczyk | marketing B2B, eksport, dotacje UE","article_publisher":"https:\/\/www.facebook.com\/RPConsulting","article_modified_time":"2015-07-14T17:49:01+00:00","og_image":[{"width":350,"height":300,"url":"https:\/\/inteligentny-rozwoj.com.pl\/wp-content\/uploads\/2021\/06\/rpc_logo_sq.png","type":"image\/png"}],"twitter_card":"summary_large_image","twitter_site":"@rp_consulting","twitter_misc":{"Szacowany czas czytania":"2 minuty"},"schema":{"@context":"https:\/\/schema.org","@graph":[{"@type":"Article","@id":"https:\/\/inteligentny-rozwoj.com.pl\/index.php\/fundusze-europejskie-2014-2020\/mrpo-2014-2020\/przedsiebiorcza-malopolska\/dzialanie-3-4-rozwoj-konkurencyjnosc-malopolskich-msp\/#article","isPartOf":{"@id":"https:\/\/inteligentny-rozwoj.com.pl\/index.php\/fundusze-europejskie-2014-2020\/mrpo-2014-2020\/przedsiebiorcza-malopolska\/dzialanie-3-4-rozwoj-konkurencyjnosc-malopolskich-msp\/"},"author":{"name":"RP CONSULTING Rafa\u0142 Pasterczyk","@id":"https:\/\/inteligentny-rozwoj.com.pl\/#\/schema\/person\/781a467e5e331ce384632759ecdba772"},"headline":"Dzia\u0142anie 3.4 Rozw\u00f3j i konkurencyjno\u015b\u0107 ma\u0142opolskich M\u015aP","datePublished":"2015-07-06T16:35:02+00:00","dateModified":"2015-07-14T17:49:01+00:00","mainEntityOfPage":{"@id":"https:\/\/inteligentny-rozwoj.com.pl\/index.php\/fundusze-europejskie-2014-2020\/mrpo-2014-2020\/przedsiebiorcza-malopolska\/dzialanie-3-4-rozwoj-konkurencyjnosc-malopolskich-msp\/"},"wordCount":505,"publisher":{"@id":"https:\/\/inteligentny-rozwoj.com.pl\/#organization"},"inLanguage":"pl-PL"},{"@type":"WebPage","@id":"https:\/\/inteligentny-rozwoj.com.pl\/index.php\/fundusze-europejskie-2014-2020\/mrpo-2014-2020\/przedsiebiorcza-malopolska\/dzialanie-3-4-rozwoj-konkurencyjnosc-malopolskich-msp\/","url":"https:\/\/inteligentny-rozwoj.com.pl\/index.php\/fundusze-europejskie-2014-2020\/mrpo-2014-2020\/przedsiebiorcza-malopolska\/dzialanie-3-4-rozwoj-konkurencyjnosc-malopolskich-msp\/","name":"Dzia\u0142anie 3.4 Rozw\u00f3j i konkurencyjno\u015b\u0107 ma\u0142opolskich M\u015aP - RPO WM 2014-2020","isPartOf":{"@id":"https:\/\/inteligentny-rozwoj.com.pl\/#website"},"datePublished":"2015-07-06T16:35:02+00:00","dateModified":"2015-07-14T17:49:01+00:00","description":"Dzia\u0142anie 3.4 Rozw\u00f3j i konkurencyjno\u015b\u0107 ma\u0142opolskich M\u015aP w ramach RPO WM 2014-2020 wspiera projekty ukierunkowane na wzrost konkurencyjno\u015bci ma\u0142opolskich M\u015aP","breadcrumb":{"@id":"https:\/\/inteligentny-rozwoj.com.pl\/index.php\/fundusze-europejskie-2014-2020\/mrpo-2014-2020\/przedsiebiorcza-malopolska\/dzialanie-3-4-rozwoj-konkurencyjnosc-malopolskich-msp\/#breadcrumb"},"inLanguage":"pl-PL","potentialAction":[{"@type":"ReadAction","target":["https:\/\/inteligentny-rozwoj.com.pl\/index.php\/fundusze-europejskie-2014-2020\/mrpo-2014-2020\/przedsiebiorcza-malopolska\/dzialanie-3-4-rozwoj-konkurencyjnosc-malopolskich-msp\/"]}]},{"@type":"BreadcrumbList","@id":"https:\/\/inteligentny-rozwoj.com.pl\/index.php\/fundusze-europejskie-2014-2020\/mrpo-2014-2020\/przedsiebiorcza-malopolska\/dzialanie-3-4-rozwoj-konkurencyjnosc-malopolskich-msp\/#breadcrumb","itemListElement":[{"@type":"ListItem","position":1,"name":"Fundusze 2014-2020","item":"https:\/\/inteligentny-rozwoj.com.pl\/index.php\/fundusze-europejskie-2014-2020\/"},{"@type":"ListItem","position":2,"name":"RPO WM 2014-2020","item":"https:\/\/inteligentny-rozwoj.com.pl\/index.php\/fundusze-europejskie-2014-2020\/mrpo-2014-2020\/"},{"@type":"ListItem","position":3,"name":"3. Przedsi\u0119biorcza Ma\u0142opolska","item":"https:\/\/inteligentny-rozwoj.com.pl\/index.php\/fundusze-europejskie-2014-2020\/mrpo-2014-2020\/przedsiebiorcza-malopolska\/"},{"@type":"ListItem","position":4,"name":"Dzia\u0142anie 3.4 Rozw\u00f3j i konkurencyjno\u015b\u0107 ma\u0142opolskich M\u015aP"}]},{"@type":"WebSite","@id":"https:\/\/inteligentny-rozwoj.com.pl\/#website","url":"https:\/\/inteligentny-rozwoj.com.pl\/","name":"RP CONSULTING Rafa\u0142 Pasterczyk | marketing B2B, eksport, dotacje UE","description":"Tw\u00f3j partner w rozwoju biznesu - skuteczne doradztwo w marketingu B2B, rozwoju eksportu i pozyskiwaniu dotacji","publisher":{"@id":"https:\/\/inteligentny-rozwoj.com.pl\/#organization"},"alternateName":"Rafa\u0142 Pasterczyk RP CONSULTING","potentialAction":[{"@type":"SearchAction","target":{"@type":"EntryPoint","urlTemplate":"https:\/\/inteligentny-rozwoj.com.pl\/?s={search_term_string}"},"query-input":{"@type":"PropertyValueSpecification","valueRequired":true,"valueName":"search_term_string"}}],"inLanguage":"pl-PL"},{"@type":"Organization","@id":"https:\/\/inteligentny-rozwoj.com.pl\/#organization","name":"RP CONSULTING Rafa\u0142 Pasterczyk","alternateName":"Rafa\u0142 Pasterczyk RP CONSULTING","url":"https:\/\/inteligentny-rozwoj.com.pl\/","logo":{"@type":"ImageObject","inLanguage":"pl-PL","@id":"https:\/\/inteligentny-rozwoj.com.pl\/#\/schema\/logo\/image\/","url":"https:\/\/inteligentny-rozwoj.com.pl\/wp-content\/uploads\/2019\/01\/cropped-rpc_logo_sq-e1546996617786.png","contentUrl":"https:\/\/inteligentny-rozwoj.com.pl\/wp-content\/uploads\/2019\/01\/cropped-rpc_logo_sq-e1546996617786.png","width":512,"height":512,"caption":"RP CONSULTING Rafa\u0142 Pasterczyk"},"image":{"@id":"https:\/\/inteligentny-rozwoj.com.pl\/#\/schema\/logo\/image\/"},"sameAs":["https:\/\/www.facebook.com\/RPConsulting","https:\/\/x.com\/rp_consulting","https:\/\/www.instagram.com\/rpconsulting.pl\/","https:\/\/pl.linkedin.com\/company\/rp-consulting-rpc","https:\/\/www.linkedin.com\/in\/rafal-pasterczyk\/"]},{"@type":"Person","@id":"https:\/\/inteligentny-rozwoj.com.pl\/#\/schema\/person\/781a467e5e331ce384632759ecdba772","name":"RP CONSULTING Rafa\u0142 Pasterczyk","image":{"@type":"ImageObject","inLanguage":"pl-PL","@id":"https:\/\/secure.gravatar.com\/avatar\/fde501377d5b06ef1fb158c1ea34fe2defd80fd9526b2263a81456023558c240?s=96&d=mm&r=g","url":"https:\/\/secure.gravatar.com\/avatar\/fde501377d5b06ef1fb158c1ea34fe2defd80fd9526b2263a81456023558c240?s=96&d=mm&r=g","contentUrl":"https:\/\/secure.gravatar.com\/avatar\/fde501377d5b06ef1fb158c1ea34fe2defd80fd9526b2263a81456023558c240?s=96&d=mm&r=g","caption":"RP CONSULTING Rafa\u0142 Pasterczyk"},"description":"Doradztwo biznesowe i outsourcing - us\u0142ugi doradcze w zakresie marketingu B2B, rozwoju eksportu oraz pozyskiwanie i rozliczanie dotacji na rozw\u00f3j eksportu i cyfryzacj\u0119. Ponad 100 skutecznie zrealizowanych projekt\u00f3w. Wiele z nich \u0142\u0105czy doradztwo w zakresie strategii internacjonalizacji ze skutecznym pozyskaniem dofinansowania na dzia\u0142ania na rynkach zagranicznych.","sameAs":["https:\/\/inteligentny-rozwoj.com.pl\/","https:\/\/www.facebook.com\/RPConsulting\/","https:\/\/www.instagram.com\/rpconsulting.pl\/","https:\/\/pl.linkedin.com\/company\/rp-consulting-rpc","https:\/\/www.youtube.com\/@RPCONSULTING-b2b"],"url":"https:\/\/inteligentny-rozwoj.com.pl\/index.php\/author\/rpconsulting\/"}]}},"uagb_featured_image_src":{"full":false,"thumbnail":false,"medium":false,"medium_large":false,"large":false,"1536x1536":false,"2048x2048":false,"post-thumbnail":false,"sow-carousel-default":false,"sow-blog-portfolio":false,"sow-blog-grid":false,"sow-blog-alternate":false},"uagb_author_info":{"display_name":"RP CONSULTING Rafa\u0142 Pasterczyk","author_link":"https:\/\/inteligentny-rozwoj.com.pl\/index.php\/author\/rpconsulting\/"},"uagb_comment_info":0,"uagb_excerpt":"Dzia&#322;anie 3.4 Rozw&oacute;j i konkurencyjno&#347;&#263; ma&#322;opolskich M&#346;P realizowane jest w ramach osi priorytetowej 3. Przedsi&#281;biorcza Ma&#322;opolska Regionalnego Programu Operacyjnego Wojew&oacute;dztwa Ma&#322;opolskiego na lata 2014-2020 (RPO WM 2014-2020). Dzia&#322;anie 3.4 Rozw&oacute;j i konkurencyjno&#347;&#263; ma&#322;opolskich M&#346;P kieruje interwencj&#281; na wzmocnienie konkurencyjno&#347;ci sektora ma&#322;opolskich M&#346;P. Realizacja dzia&#322;ania przyczyni si&#281; do tworzenia warunk&oacute;w sprzyjaj&#261;cych budowie silnego i stabilnego sektora&hellip;","_links":{"self":[{"href":"https:\/\/inteligentny-rozwoj.com.pl\/index.php\/wp-json\/wp\/v2\/pages\/1119","targetHints":{"allow":["GET"]}}],"collection":[{"href":"https:\/\/inteligentny-rozwoj.com.pl\/index.php\/wp-json\/wp\/v2\/pages"}],"about":[{"href":"https:\/\/inteligentny-rozwoj.com.pl\/index.php\/wp-json\/wp\/v2\/types\/page"}],"author":[{"embeddable":true,"href":"https:\/\/inteligentny-rozwoj.com.pl\/index.php\/wp-json\/wp\/v2\/users\/1"}],"replies":[{"embeddable":true,"href":"https:\/\/inteligentny-rozwoj.com.pl\/index.php\/wp-json\/wp\/v2\/comments?post=1119"}],"version-history":[{"count":3,"href":"https:\/\/inteligentny-rozwoj.com.pl\/index.php\/wp-json\/wp\/v2\/pages\/1119\/revisions"}],"predecessor-version":[{"id":1161,"href":"https:\/\/inteligentny-rozwoj.com.pl\/index.php\/wp-json\/wp\/v2\/pages\/1119\/revisions\/1161"}],"up":[{"embeddable":true,"href":"https:\/\/inteligentny-rozwoj.com.pl\/index.php\/wp-json\/wp\/v2\/pages\/502"}],"wp:attachment":[{"href":"https:\/\/inteligentny-rozwoj.com.pl\/index.php\/wp-json\/wp\/v2\/media?parent=1119"}],"curies":[{"name":"wp","href":"https:\/\/api.w.org\/{rel}","templated":true}]}}