{"id":1126,"date":"2015-07-06T18:52:34","date_gmt":"2015-07-06T16:52:34","guid":{"rendered":"https:\/\/inteligentny-rozwoj.com.pl\/?page_id=1126"},"modified":"2015-07-14T20:13:16","modified_gmt":"2015-07-14T18:13:16","slug":"poddzialanie-3-4-5-bony-na-doradztwo","status":"publish","type":"page","link":"https:\/\/inteligentny-rozwoj.com.pl\/index.php\/fundusze-europejskie-2014-2020\/mrpo-2014-2020\/przedsiebiorcza-malopolska\/dzialanie-3-4-rozwoj-konkurencyjnosc-malopolskich-msp\/poddzialanie-3-4-5-bony-na-doradztwo\/","title":{"rendered":"Poddzia\u0142anie 3.4.5 Bony na doradztwo"},"content":{"rendered":"<p style=\"text-align: justify;\">Poddzia\u0142anie 3.4.5 Bony na doradztwo realizowane jest w ramach osi priorytetowej 3. Przedsi\u0119biorcza Ma\u0142opolska Regionalnego Programu Operacyjnego Wojew\u00f3dztwa Ma\u0142opolskiego na lata 2014-2020 (RPO WM 2014-2020).<\/p>\n<p style=\"text-align: justify;\">Poddzia\u0142anie 3.4.5 Bony na doradztwo ma na celu wsparcie specjalistycznego doradztwa dla M\u015aP funkcjonuj\u0105cych na rynku d\u0142u\u017cej ni\u017c 24 m-ce w postaci bonu.<\/p>\n<p style=\"text-align: justify;\">W ramach poddzia\u0142ania <strong>wsparciem obj\u0119te zostan\u0105 przedsi\u0119wzi\u0119cia s\u0142u\u017c\u0105ce zwi\u0119kszeniu dost\u0119pno\u015bci do wysokiej jako\u015bci, specjalistycznych us\u0142ug doradczych, dostosowanych do potrzeb M\u015aP dzia\u0142aj\u0105cych na rynku d\u0142u\u017cej ni\u017c 24 m-ce<\/strong>.<br \/>\nWsparcie w ramach bonu na doradztwo mo\u017ce zosta\u0107 przeznaczone na zakup specjalistycznych us\u0142ug doradczych, przez kt\u00f3re rozumie si\u0119 us\u0142ugi nie zwi\u0105zane ze zwyk\u0142ymi kosztami operacyjnymi przedsi\u0119biorstwa, takimi jak, np. rutynowe us\u0142ugi doradztwa podatkowego, regularne us\u0142ugi prawnicze lub reklama.<br \/>\nPomoc udzielana w formule bon\u00f3w prowadzi\u0107 powinna do zwi\u0119kszania konkurencyjno\u015bci oraz produktywno\u015bci M\u015aP.<br \/>\nKierunkowe zasady realizacji bon\u00f3w na doradztwo:<br \/>\na) wsparcie przeznaczone jest dla podmiot\u00f3w z sektora M\u015aP dzia\u0142aj\u0105cych na rynku d\u0142u\u017cej ni\u017c 24 m-ce,<br \/>\nb) Wnioskodawca samodzielnie wybiera wykonawc\u0119 us\u0142ugi, kt\u00f3rym mo\u017ce by\u0107 posiadaj\u0105cy siedzib\u0119 na terytorium RP podmiot, \u015bwiadcz\u0105cy us\u0142ugi wysokiej jako\u015bci np. uj\u0119ty w tzw. Rejestrze Us\u0142ug Rozwojowych,<br \/>\nc) <strong>maksymalna warto\u015b\u0107 bonu wynosi 20 000 PLN<\/strong>, przy wsparciu do <strong>90% wydatk\u00f3w kwalifikowanych w przypadku bonu uzyskanego po raz pierwszy<\/strong>: w przypadku uzyskania wsparcia w formie bonu <strong>po raz kolejny, poziom dofinansowania b\u0119dzie ka\u017cdorazowo pomniejszany o 10%<\/strong>,<br \/>\nd) <strong>wnioskodawca mo\u017ce uzyska\u0107 wsparcie w tej formie wi\u0119cej ni\u017c jeden raz w okresie realizacji programu, jednak nie wi\u0119cej ni\u017c jeden raz w ramach danego naboru<\/strong>.<\/p>\n<p style=\"text-align: justify;\"><strong>Typy projekt\u00f3w:<\/strong><\/p>\n<ul>\n<li>bon na specjalistyczne doradztwo<\/li>\n<\/ul>\n<p style=\"text-align: justify;\"><strong>Beneficjenci:<\/strong><\/p>\n<ul style=\"text-align: justify;\">\n<li>mikro-, ma\u0142e i \u015brednie przedsi\u0119biorstwa dzia\u0142aj\u0105ce na rynku d\u0142u\u017cej ni\u017c 24 m-ce<\/li>\n<\/ul>\n<p style=\"text-align: justify;\"><strong>Kwota alokacji<\/strong>:<\/p>\n<ul style=\"text-align: justify;\">\n<li>10 000 000 EUR<\/li>\n<\/ul>\n<p style=\"text-align: justify;\"><strong>Poziom wsparcia<\/strong>:<\/p>\n<p style=\"text-align: justify;\">W przypadku projekt\u00f3w obj\u0119tych pomoc\u0105 publiczn\u0105 poziom dofinansowania wynika\u0107 b\u0119dzie z odr\u0119bnych przepis\u00f3w prawnych, obowi\u0105zuj\u0105cych na dzie\u0144 udzielania wsparcia, w tym w szczeg\u00f3lno\u015bci z rozporz\u0105dze\u0144 wydanych przez ministra w\u0142a\u015bciwego do spraw rozwoju regionalnego na podstawie: rozporz\u0105dzenia Komisji Europejskiej nr 651\/2014 z dn. 17 czerwca 2014 r. uznaj\u0105cego niekt\u00f3re rodzaje pomocy za zgodne z rynkiem wewn\u0119trznym w zastosowaniu art. 107 i 108 Traktatu oraz ustawy z dn. 11 lipca 2014 r. o zasadach realizacji program\u00f3w w zakresie polityki sp\u00f3jno\u015bci finansowanych w perspektywie finansowej 2014-2020.<\/p>\n<p style=\"text-align: justify;\"><strong>maksymalna warto\u015b\u0107 wydatk\u00f3w kwalifikowanych &#8211; <\/strong>nie okre\u015blono<\/p>\n<p style=\"text-align: justify;\"><strong>minimalna warto\u015b\u0107 wydatk\u00f3w kwalifikowanych<\/strong> &#8211; nie okre\u015blono<\/p>\n<div style=\"text-align: justify;\" data-canvas-width=\"48.31549960179243\"><strong>Planowany termin rozpocz\u0119cia nabor\u00f3w:<\/strong> nie przewidziano nabor\u00f3w w roku 2015<\/div>\n<div style=\"text-align: justify;\" data-canvas-width=\"48.31549960179243\"><\/div>\n<div style=\"text-align: justify;\" data-canvas-width=\"48.31549960179243\"><\/div>\n<div style=\"text-align: justify;\" data-canvas-width=\"48.31549960179243\"><strong>Instytucja Po\u015brednicz\u0105ca<\/strong>: Ma\u0142opolskie Centrum Przedsi\u0119biorczo\u015bci<\/div>\n","protected":false},"excerpt":{"rendered":"<p>Poddzia&#322;anie 3.4.5 Bony na doradztwo realizowane jest w ramach osi priorytetowej 3. Przedsi&#281;biorcza Ma&#322;opolska Regionalnego Programu Operacyjnego Wojew&oacute;dztwa Ma&#322;opolskiego na lata 2014-2020 (RPO WM 2014-2020). Poddzia&#322;anie 3.4.5 Bony na doradztwo ma na celu wsparcie specjalistycznego doradztwa dla M&#346;P funkcjonuj&#261;cych na rynku d&#322;u&#380;ej ni&#380; 24 m-ce w postaci bonu. W ramach poddzia&#322;ania wsparciem obj&#281;te zostan&#261; przedsi&#281;wzi&#281;cia [&hellip;]<\/p>\n","protected":false},"author":1,"featured_media":0,"parent":1119,"menu_order":5,"comment_status":"closed","ping_status":"closed","template":"page-templates\/full-width.php","meta":{"_crdt_document":"","content-type":"","_uag_custom_page_level_css":"","footnotes":""},"class_list":["post-1126","page","type-page","status-publish","hentry"],"yoast_head":"<!-- This site is optimized with the Yoast SEO plugin v27.5 - https:\/\/yoast.com\/product\/yoast-seo-wordpress\/ -->\n<title>Poddzia\u0142anie 3.4.5 Bony na doradztwo - RPO WM 2014-2020<\/title>\n<meta name=\"description\" content=\"Poddzia\u0142anie 3.4.5 Bony na doradztwo w ramach RPO WM 2014-2020 wspiera wydatki na specjalistyczne doradztwo dla M\u015aP w Ma\u0142opolsce.\" \/>\n<meta name=\"robots\" content=\"index, follow, max-snippet:-1, max-image-preview:large, max-video-preview:-1\" \/>\n<link rel=\"canonical\" href=\"https:\/\/inteligentny-rozwoj.com.pl\/index.php\/fundusze-europejskie-2014-2020\/mrpo-2014-2020\/przedsiebiorcza-malopolska\/dzialanie-3-4-rozwoj-konkurencyjnosc-malopolskich-msp\/poddzialanie-3-4-5-bony-na-doradztwo\/\" \/>\n<meta property=\"og:locale\" content=\"pl_PL\" \/>\n<meta property=\"og:type\" content=\"article\" \/>\n<meta property=\"og:title\" content=\"Poddzia\u0142anie 3.4.5 Bony na doradztwo - RPO WM 2014-2020\" \/>\n<meta property=\"og:description\" content=\"Poddzia\u0142anie 3.4.5 Bony na doradztwo w ramach RPO WM 2014-2020 wspiera wydatki na specjalistyczne doradztwo dla M\u015aP w Ma\u0142opolsce.\" \/>\n<meta property=\"og:url\" content=\"https:\/\/inteligentny-rozwoj.com.pl\/index.php\/fundusze-europejskie-2014-2020\/mrpo-2014-2020\/przedsiebiorcza-malopolska\/dzialanie-3-4-rozwoj-konkurencyjnosc-malopolskich-msp\/poddzialanie-3-4-5-bony-na-doradztwo\/\" \/>\n<meta property=\"og:site_name\" content=\"RP CONSULTING Rafa\u0142 Pasterczyk | marketing B2B, eksport, dotacje UE\" \/>\n<meta property=\"article:publisher\" content=\"https:\/\/www.facebook.com\/RPConsulting\" \/>\n<meta property=\"article:modified_time\" content=\"2015-07-14T18:13:16+00:00\" \/>\n<meta property=\"og:image\" content=\"https:\/\/inteligentny-rozwoj.com.pl\/wp-content\/uploads\/2021\/06\/rpc_logo_sq.png\" \/>\n\t<meta property=\"og:image:width\" content=\"350\" \/>\n\t<meta property=\"og:image:height\" content=\"300\" \/>\n\t<meta property=\"og:image:type\" content=\"image\/png\" \/>\n<meta name=\"twitter:card\" content=\"summary_large_image\" \/>\n<meta name=\"twitter:site\" content=\"@rp_consulting\" \/>\n<meta name=\"twitter:label1\" content=\"Szacowany czas czytania\" \/>\n\t<meta name=\"twitter:data1\" content=\"2 minuty\" \/>\n<script type=\"application\/ld+json\" class=\"yoast-schema-graph\">{\"@context\":\"https:\\\/\\\/schema.org\",\"@graph\":[{\"@type\":\"Article\",\"@id\":\"https:\\\/\\\/inteligentny-rozwoj.com.pl\\\/index.php\\\/fundusze-europejskie-2014-2020\\\/mrpo-2014-2020\\\/przedsiebiorcza-malopolska\\\/dzialanie-3-4-rozwoj-konkurencyjnosc-malopolskich-msp\\\/poddzialanie-3-4-5-bony-na-doradztwo\\\/#article\",\"isPartOf\":{\"@id\":\"https:\\\/\\\/inteligentny-rozwoj.com.pl\\\/index.php\\\/fundusze-europejskie-2014-2020\\\/mrpo-2014-2020\\\/przedsiebiorcza-malopolska\\\/dzialanie-3-4-rozwoj-konkurencyjnosc-malopolskich-msp\\\/poddzialanie-3-4-5-bony-na-doradztwo\\\/\"},\"author\":{\"name\":\"RP CONSULTING Rafa\u0142 Pasterczyk\",\"@id\":\"https:\\\/\\\/inteligentny-rozwoj.com.pl\\\/#\\\/schema\\\/person\\\/781a467e5e331ce384632759ecdba772\"},\"headline\":\"Poddzia\u0142anie 3.4.5 Bony na doradztwo\",\"datePublished\":\"2015-07-06T16:52:34+00:00\",\"dateModified\":\"2015-07-14T18:13:16+00:00\",\"mainEntityOfPage\":{\"@id\":\"https:\\\/\\\/inteligentny-rozwoj.com.pl\\\/index.php\\\/fundusze-europejskie-2014-2020\\\/mrpo-2014-2020\\\/przedsiebiorcza-malopolska\\\/dzialanie-3-4-rozwoj-konkurencyjnosc-malopolskich-msp\\\/poddzialanie-3-4-5-bony-na-doradztwo\\\/\"},\"wordCount\":460,\"publisher\":{\"@id\":\"https:\\\/\\\/inteligentny-rozwoj.com.pl\\\/#organization\"},\"inLanguage\":\"pl-PL\"},{\"@type\":\"WebPage\",\"@id\":\"https:\\\/\\\/inteligentny-rozwoj.com.pl\\\/index.php\\\/fundusze-europejskie-2014-2020\\\/mrpo-2014-2020\\\/przedsiebiorcza-malopolska\\\/dzialanie-3-4-rozwoj-konkurencyjnosc-malopolskich-msp\\\/poddzialanie-3-4-5-bony-na-doradztwo\\\/\",\"url\":\"https:\\\/\\\/inteligentny-rozwoj.com.pl\\\/index.php\\\/fundusze-europejskie-2014-2020\\\/mrpo-2014-2020\\\/przedsiebiorcza-malopolska\\\/dzialanie-3-4-rozwoj-konkurencyjnosc-malopolskich-msp\\\/poddzialanie-3-4-5-bony-na-doradztwo\\\/\",\"name\":\"Poddzia\u0142anie 3.4.5 Bony na doradztwo - RPO WM 2014-2020\",\"isPartOf\":{\"@id\":\"https:\\\/\\\/inteligentny-rozwoj.com.pl\\\/#website\"},\"datePublished\":\"2015-07-06T16:52:34+00:00\",\"dateModified\":\"2015-07-14T18:13:16+00:00\",\"description\":\"Poddzia\u0142anie 3.4.5 Bony na doradztwo w ramach RPO WM 2014-2020 wspiera wydatki na specjalistyczne doradztwo dla M\u015aP w Ma\u0142opolsce.\",\"breadcrumb\":{\"@id\":\"https:\\\/\\\/inteligentny-rozwoj.com.pl\\\/index.php\\\/fundusze-europejskie-2014-2020\\\/mrpo-2014-2020\\\/przedsiebiorcza-malopolska\\\/dzialanie-3-4-rozwoj-konkurencyjnosc-malopolskich-msp\\\/poddzialanie-3-4-5-bony-na-doradztwo\\\/#breadcrumb\"},\"inLanguage\":\"pl-PL\",\"potentialAction\":[{\"@type\":\"ReadAction\",\"target\":[\"https:\\\/\\\/inteligentny-rozwoj.com.pl\\\/index.php\\\/fundusze-europejskie-2014-2020\\\/mrpo-2014-2020\\\/przedsiebiorcza-malopolska\\\/dzialanie-3-4-rozwoj-konkurencyjnosc-malopolskich-msp\\\/poddzialanie-3-4-5-bony-na-doradztwo\\\/\"]}]},{\"@type\":\"BreadcrumbList\",\"@id\":\"https:\\\/\\\/inteligentny-rozwoj.com.pl\\\/index.php\\\/fundusze-europejskie-2014-2020\\\/mrpo-2014-2020\\\/przedsiebiorcza-malopolska\\\/dzialanie-3-4-rozwoj-konkurencyjnosc-malopolskich-msp\\\/poddzialanie-3-4-5-bony-na-doradztwo\\\/#breadcrumb\",\"itemListElement\":[{\"@type\":\"ListItem\",\"position\":1,\"name\":\"Fundusze 2014-2020\",\"item\":\"https:\\\/\\\/inteligentny-rozwoj.com.pl\\\/index.php\\\/fundusze-europejskie-2014-2020\\\/\"},{\"@type\":\"ListItem\",\"position\":2,\"name\":\"RPO WM 2014-2020\",\"item\":\"https:\\\/\\\/inteligentny-rozwoj.com.pl\\\/index.php\\\/fundusze-europejskie-2014-2020\\\/mrpo-2014-2020\\\/\"},{\"@type\":\"ListItem\",\"position\":3,\"name\":\"3. Przedsi\u0119biorcza Ma\u0142opolska\",\"item\":\"https:\\\/\\\/inteligentny-rozwoj.com.pl\\\/index.php\\\/fundusze-europejskie-2014-2020\\\/mrpo-2014-2020\\\/przedsiebiorcza-malopolska\\\/\"},{\"@type\":\"ListItem\",\"position\":4,\"name\":\"Dzia\u0142anie 3.4 Rozw\u00f3j i konkurencyjno\u015b\u0107 ma\u0142opolskich M\u015aP\",\"item\":\"https:\\\/\\\/inteligentny-rozwoj.com.pl\\\/index.php\\\/fundusze-europejskie-2014-2020\\\/mrpo-2014-2020\\\/przedsiebiorcza-malopolska\\\/dzialanie-3-4-rozwoj-konkurencyjnosc-malopolskich-msp\\\/\"},{\"@type\":\"ListItem\",\"position\":5,\"name\":\"Poddzia\u0142anie 3.4.5 Bony na doradztwo\"}]},{\"@type\":\"WebSite\",\"@id\":\"https:\\\/\\\/inteligentny-rozwoj.com.pl\\\/#website\",\"url\":\"https:\\\/\\\/inteligentny-rozwoj.com.pl\\\/\",\"name\":\"RP CONSULTING Rafa\u0142 Pasterczyk | marketing B2B, eksport, dotacje UE\",\"description\":\"Tw\u00f3j partner w rozwoju biznesu - skuteczne doradztwo w marketingu B2B, rozwoju eksportu i pozyskiwaniu dotacji\",\"publisher\":{\"@id\":\"https:\\\/\\\/inteligentny-rozwoj.com.pl\\\/#organization\"},\"alternateName\":\"Rafa\u0142 Pasterczyk RP CONSULTING\",\"potentialAction\":[{\"@type\":\"SearchAction\",\"target\":{\"@type\":\"EntryPoint\",\"urlTemplate\":\"https:\\\/\\\/inteligentny-rozwoj.com.pl\\\/?s={search_term_string}\"},\"query-input\":{\"@type\":\"PropertyValueSpecification\",\"valueRequired\":true,\"valueName\":\"search_term_string\"}}],\"inLanguage\":\"pl-PL\"},{\"@type\":\"Organization\",\"@id\":\"https:\\\/\\\/inteligentny-rozwoj.com.pl\\\/#organization\",\"name\":\"RP CONSULTING Rafa\u0142 Pasterczyk\",\"alternateName\":\"Rafa\u0142 Pasterczyk RP CONSULTING\",\"url\":\"https:\\\/\\\/inteligentny-rozwoj.com.pl\\\/\",\"logo\":{\"@type\":\"ImageObject\",\"inLanguage\":\"pl-PL\",\"@id\":\"https:\\\/\\\/inteligentny-rozwoj.com.pl\\\/#\\\/schema\\\/logo\\\/image\\\/\",\"url\":\"https:\\\/\\\/inteligentny-rozwoj.com.pl\\\/wp-content\\\/uploads\\\/2019\\\/01\\\/cropped-rpc_logo_sq-e1546996617786.png\",\"contentUrl\":\"https:\\\/\\\/inteligentny-rozwoj.com.pl\\\/wp-content\\\/uploads\\\/2019\\\/01\\\/cropped-rpc_logo_sq-e1546996617786.png\",\"width\":512,\"height\":512,\"caption\":\"RP CONSULTING Rafa\u0142 Pasterczyk\"},\"image\":{\"@id\":\"https:\\\/\\\/inteligentny-rozwoj.com.pl\\\/#\\\/schema\\\/logo\\\/image\\\/\"},\"sameAs\":[\"https:\\\/\\\/www.facebook.com\\\/RPConsulting\",\"https:\\\/\\\/x.com\\\/rp_consulting\",\"https:\\\/\\\/www.instagram.com\\\/rpconsulting.pl\\\/\",\"https:\\\/\\\/pl.linkedin.com\\\/company\\\/rp-consulting-rpc\",\"https:\\\/\\\/www.linkedin.com\\\/in\\\/rafal-pasterczyk\\\/\"]},{\"@type\":\"Person\",\"@id\":\"https:\\\/\\\/inteligentny-rozwoj.com.pl\\\/#\\\/schema\\\/person\\\/781a467e5e331ce384632759ecdba772\",\"name\":\"RP CONSULTING Rafa\u0142 Pasterczyk\",\"image\":{\"@type\":\"ImageObject\",\"inLanguage\":\"pl-PL\",\"@id\":\"https:\\\/\\\/secure.gravatar.com\\\/avatar\\\/fde501377d5b06ef1fb158c1ea34fe2defd80fd9526b2263a81456023558c240?s=96&d=mm&r=g\",\"url\":\"https:\\\/\\\/secure.gravatar.com\\\/avatar\\\/fde501377d5b06ef1fb158c1ea34fe2defd80fd9526b2263a81456023558c240?s=96&d=mm&r=g\",\"contentUrl\":\"https:\\\/\\\/secure.gravatar.com\\\/avatar\\\/fde501377d5b06ef1fb158c1ea34fe2defd80fd9526b2263a81456023558c240?s=96&d=mm&r=g\",\"caption\":\"RP CONSULTING Rafa\u0142 Pasterczyk\"},\"description\":\"Doradztwo biznesowe, outsourcing i interim management w zakresie marketingu B2B, rozwoju eksportu, a tak\u017ce pozyskiwanie i rozliczanie dotacji na rozw\u00f3j eksportu i cyfryzacj\u0119. Ponad 20 lat do\u015bwiadczenia w B2B i ponad 100 skutecznie zrealizowanych projekt\u00f3w dla M\u015aP. Wiele z nich \u0142\u0105czy doradztwo w zakresie strategii internacjonalizacji ze skutecznym pozyskaniem dofinansowania na dzia\u0142ania na rynkach zagranicznych.\",\"sameAs\":[\"https:\\\/\\\/inteligentny-rozwoj.com.pl\\\/\",\"https:\\\/\\\/www.facebook.com\\\/RPConsulting\\\/\",\"https:\\\/\\\/www.instagram.com\\\/rpconsulting.pl\\\/\",\"https:\\\/\\\/pl.linkedin.com\\\/company\\\/rp-consulting-rpc\",\"https:\\\/\\\/www.youtube.com\\\/@RPCONSULTING-b2b\"],\"url\":\"https:\\\/\\\/inteligentny-rozwoj.com.pl\\\/index.php\\\/author\\\/rpconsulting\\\/\"}]}<\/script>\n<!-- \/ Yoast SEO plugin. -->","yoast_head_json":{"title":"Poddzia\u0142anie 3.4.5 Bony na doradztwo - RPO WM 2014-2020","description":"Poddzia\u0142anie 3.4.5 Bony na doradztwo w ramach RPO WM 2014-2020 wspiera wydatki na specjalistyczne doradztwo dla M\u015aP w Ma\u0142opolsce.","robots":{"index":"index","follow":"follow","max-snippet":"max-snippet:-1","max-image-preview":"max-image-preview:large","max-video-preview":"max-video-preview:-1"},"canonical":"https:\/\/inteligentny-rozwoj.com.pl\/index.php\/fundusze-europejskie-2014-2020\/mrpo-2014-2020\/przedsiebiorcza-malopolska\/dzialanie-3-4-rozwoj-konkurencyjnosc-malopolskich-msp\/poddzialanie-3-4-5-bony-na-doradztwo\/","og_locale":"pl_PL","og_type":"article","og_title":"Poddzia\u0142anie 3.4.5 Bony na doradztwo - RPO WM 2014-2020","og_description":"Poddzia\u0142anie 3.4.5 Bony na doradztwo w ramach RPO WM 2014-2020 wspiera wydatki na specjalistyczne doradztwo dla M\u015aP w Ma\u0142opolsce.","og_url":"https:\/\/inteligentny-rozwoj.com.pl\/index.php\/fundusze-europejskie-2014-2020\/mrpo-2014-2020\/przedsiebiorcza-malopolska\/dzialanie-3-4-rozwoj-konkurencyjnosc-malopolskich-msp\/poddzialanie-3-4-5-bony-na-doradztwo\/","og_site_name":"RP CONSULTING Rafa\u0142 Pasterczyk | marketing B2B, eksport, dotacje UE","article_publisher":"https:\/\/www.facebook.com\/RPConsulting","article_modified_time":"2015-07-14T18:13:16+00:00","og_image":[{"width":350,"height":300,"url":"https:\/\/inteligentny-rozwoj.com.pl\/wp-content\/uploads\/2021\/06\/rpc_logo_sq.png","type":"image\/png"}],"twitter_card":"summary_large_image","twitter_site":"@rp_consulting","twitter_misc":{"Szacowany czas czytania":"2 minuty"},"schema":{"@context":"https:\/\/schema.org","@graph":[{"@type":"Article","@id":"https:\/\/inteligentny-rozwoj.com.pl\/index.php\/fundusze-europejskie-2014-2020\/mrpo-2014-2020\/przedsiebiorcza-malopolska\/dzialanie-3-4-rozwoj-konkurencyjnosc-malopolskich-msp\/poddzialanie-3-4-5-bony-na-doradztwo\/#article","isPartOf":{"@id":"https:\/\/inteligentny-rozwoj.com.pl\/index.php\/fundusze-europejskie-2014-2020\/mrpo-2014-2020\/przedsiebiorcza-malopolska\/dzialanie-3-4-rozwoj-konkurencyjnosc-malopolskich-msp\/poddzialanie-3-4-5-bony-na-doradztwo\/"},"author":{"name":"RP CONSULTING Rafa\u0142 Pasterczyk","@id":"https:\/\/inteligentny-rozwoj.com.pl\/#\/schema\/person\/781a467e5e331ce384632759ecdba772"},"headline":"Poddzia\u0142anie 3.4.5 Bony na doradztwo","datePublished":"2015-07-06T16:52:34+00:00","dateModified":"2015-07-14T18:13:16+00:00","mainEntityOfPage":{"@id":"https:\/\/inteligentny-rozwoj.com.pl\/index.php\/fundusze-europejskie-2014-2020\/mrpo-2014-2020\/przedsiebiorcza-malopolska\/dzialanie-3-4-rozwoj-konkurencyjnosc-malopolskich-msp\/poddzialanie-3-4-5-bony-na-doradztwo\/"},"wordCount":460,"publisher":{"@id":"https:\/\/inteligentny-rozwoj.com.pl\/#organization"},"inLanguage":"pl-PL"},{"@type":"WebPage","@id":"https:\/\/inteligentny-rozwoj.com.pl\/index.php\/fundusze-europejskie-2014-2020\/mrpo-2014-2020\/przedsiebiorcza-malopolska\/dzialanie-3-4-rozwoj-konkurencyjnosc-malopolskich-msp\/poddzialanie-3-4-5-bony-na-doradztwo\/","url":"https:\/\/inteligentny-rozwoj.com.pl\/index.php\/fundusze-europejskie-2014-2020\/mrpo-2014-2020\/przedsiebiorcza-malopolska\/dzialanie-3-4-rozwoj-konkurencyjnosc-malopolskich-msp\/poddzialanie-3-4-5-bony-na-doradztwo\/","name":"Poddzia\u0142anie 3.4.5 Bony na doradztwo - RPO WM 2014-2020","isPartOf":{"@id":"https:\/\/inteligentny-rozwoj.com.pl\/#website"},"datePublished":"2015-07-06T16:52:34+00:00","dateModified":"2015-07-14T18:13:16+00:00","description":"Poddzia\u0142anie 3.4.5 Bony na doradztwo w ramach RPO WM 2014-2020 wspiera wydatki na specjalistyczne doradztwo dla M\u015aP w Ma\u0142opolsce.","breadcrumb":{"@id":"https:\/\/inteligentny-rozwoj.com.pl\/index.php\/fundusze-europejskie-2014-2020\/mrpo-2014-2020\/przedsiebiorcza-malopolska\/dzialanie-3-4-rozwoj-konkurencyjnosc-malopolskich-msp\/poddzialanie-3-4-5-bony-na-doradztwo\/#breadcrumb"},"inLanguage":"pl-PL","potentialAction":[{"@type":"ReadAction","target":["https:\/\/inteligentny-rozwoj.com.pl\/index.php\/fundusze-europejskie-2014-2020\/mrpo-2014-2020\/przedsiebiorcza-malopolska\/dzialanie-3-4-rozwoj-konkurencyjnosc-malopolskich-msp\/poddzialanie-3-4-5-bony-na-doradztwo\/"]}]},{"@type":"BreadcrumbList","@id":"https:\/\/inteligentny-rozwoj.com.pl\/index.php\/fundusze-europejskie-2014-2020\/mrpo-2014-2020\/przedsiebiorcza-malopolska\/dzialanie-3-4-rozwoj-konkurencyjnosc-malopolskich-msp\/poddzialanie-3-4-5-bony-na-doradztwo\/#breadcrumb","itemListElement":[{"@type":"ListItem","position":1,"name":"Fundusze 2014-2020","item":"https:\/\/inteligentny-rozwoj.com.pl\/index.php\/fundusze-europejskie-2014-2020\/"},{"@type":"ListItem","position":2,"name":"RPO WM 2014-2020","item":"https:\/\/inteligentny-rozwoj.com.pl\/index.php\/fundusze-europejskie-2014-2020\/mrpo-2014-2020\/"},{"@type":"ListItem","position":3,"name":"3. Przedsi\u0119biorcza Ma\u0142opolska","item":"https:\/\/inteligentny-rozwoj.com.pl\/index.php\/fundusze-europejskie-2014-2020\/mrpo-2014-2020\/przedsiebiorcza-malopolska\/"},{"@type":"ListItem","position":4,"name":"Dzia\u0142anie 3.4 Rozw\u00f3j i konkurencyjno\u015b\u0107 ma\u0142opolskich M\u015aP","item":"https:\/\/inteligentny-rozwoj.com.pl\/index.php\/fundusze-europejskie-2014-2020\/mrpo-2014-2020\/przedsiebiorcza-malopolska\/dzialanie-3-4-rozwoj-konkurencyjnosc-malopolskich-msp\/"},{"@type":"ListItem","position":5,"name":"Poddzia\u0142anie 3.4.5 Bony na doradztwo"}]},{"@type":"WebSite","@id":"https:\/\/inteligentny-rozwoj.com.pl\/#website","url":"https:\/\/inteligentny-rozwoj.com.pl\/","name":"RP CONSULTING Rafa\u0142 Pasterczyk | marketing B2B, eksport, dotacje UE","description":"Tw\u00f3j partner w rozwoju biznesu - skuteczne doradztwo w marketingu B2B, rozwoju eksportu i pozyskiwaniu dotacji","publisher":{"@id":"https:\/\/inteligentny-rozwoj.com.pl\/#organization"},"alternateName":"Rafa\u0142 Pasterczyk RP CONSULTING","potentialAction":[{"@type":"SearchAction","target":{"@type":"EntryPoint","urlTemplate":"https:\/\/inteligentny-rozwoj.com.pl\/?s={search_term_string}"},"query-input":{"@type":"PropertyValueSpecification","valueRequired":true,"valueName":"search_term_string"}}],"inLanguage":"pl-PL"},{"@type":"Organization","@id":"https:\/\/inteligentny-rozwoj.com.pl\/#organization","name":"RP CONSULTING Rafa\u0142 Pasterczyk","alternateName":"Rafa\u0142 Pasterczyk RP CONSULTING","url":"https:\/\/inteligentny-rozwoj.com.pl\/","logo":{"@type":"ImageObject","inLanguage":"pl-PL","@id":"https:\/\/inteligentny-rozwoj.com.pl\/#\/schema\/logo\/image\/","url":"https:\/\/inteligentny-rozwoj.com.pl\/wp-content\/uploads\/2019\/01\/cropped-rpc_logo_sq-e1546996617786.png","contentUrl":"https:\/\/inteligentny-rozwoj.com.pl\/wp-content\/uploads\/2019\/01\/cropped-rpc_logo_sq-e1546996617786.png","width":512,"height":512,"caption":"RP CONSULTING Rafa\u0142 Pasterczyk"},"image":{"@id":"https:\/\/inteligentny-rozwoj.com.pl\/#\/schema\/logo\/image\/"},"sameAs":["https:\/\/www.facebook.com\/RPConsulting","https:\/\/x.com\/rp_consulting","https:\/\/www.instagram.com\/rpconsulting.pl\/","https:\/\/pl.linkedin.com\/company\/rp-consulting-rpc","https:\/\/www.linkedin.com\/in\/rafal-pasterczyk\/"]},{"@type":"Person","@id":"https:\/\/inteligentny-rozwoj.com.pl\/#\/schema\/person\/781a467e5e331ce384632759ecdba772","name":"RP CONSULTING Rafa\u0142 Pasterczyk","image":{"@type":"ImageObject","inLanguage":"pl-PL","@id":"https:\/\/secure.gravatar.com\/avatar\/fde501377d5b06ef1fb158c1ea34fe2defd80fd9526b2263a81456023558c240?s=96&d=mm&r=g","url":"https:\/\/secure.gravatar.com\/avatar\/fde501377d5b06ef1fb158c1ea34fe2defd80fd9526b2263a81456023558c240?s=96&d=mm&r=g","contentUrl":"https:\/\/secure.gravatar.com\/avatar\/fde501377d5b06ef1fb158c1ea34fe2defd80fd9526b2263a81456023558c240?s=96&d=mm&r=g","caption":"RP CONSULTING Rafa\u0142 Pasterczyk"},"description":"Doradztwo biznesowe, outsourcing i interim management w zakresie marketingu B2B, rozwoju eksportu, a tak\u017ce pozyskiwanie i rozliczanie dotacji na rozw\u00f3j eksportu i cyfryzacj\u0119. Ponad 20 lat do\u015bwiadczenia w B2B i ponad 100 skutecznie zrealizowanych projekt\u00f3w dla M\u015aP. Wiele z nich \u0142\u0105czy doradztwo w zakresie strategii internacjonalizacji ze skutecznym pozyskaniem dofinansowania na dzia\u0142ania na rynkach zagranicznych.","sameAs":["https:\/\/inteligentny-rozwoj.com.pl\/","https:\/\/www.facebook.com\/RPConsulting\/","https:\/\/www.instagram.com\/rpconsulting.pl\/","https:\/\/pl.linkedin.com\/company\/rp-consulting-rpc","https:\/\/www.youtube.com\/@RPCONSULTING-b2b"],"url":"https:\/\/inteligentny-rozwoj.com.pl\/index.php\/author\/rpconsulting\/"}]}},"uagb_featured_image_src":{"full":false,"thumbnail":false,"medium":false,"medium_large":false,"large":false,"1536x1536":false,"2048x2048":false,"post-thumbnail":false,"sow-carousel-default":false,"sow-blog-portfolio":false,"sow-blog-grid":false,"sow-blog-alternate":false},"uagb_author_info":{"display_name":"RP CONSULTING Rafa\u0142 Pasterczyk","author_link":"https:\/\/inteligentny-rozwoj.com.pl\/index.php\/author\/rpconsulting\/"},"uagb_comment_info":0,"uagb_excerpt":"Poddzia&#322;anie 3.4.5 Bony na doradztwo realizowane jest w ramach osi priorytetowej 3. Przedsi&#281;biorcza Ma&#322;opolska Regionalnego Programu Operacyjnego Wojew&oacute;dztwa Ma&#322;opolskiego na lata 2014-2020 (RPO WM 2014-2020). Poddzia&#322;anie 3.4.5 Bony na doradztwo ma na celu wsparcie specjalistycznego doradztwa dla M&#346;P funkcjonuj&#261;cych na rynku d&#322;u&#380;ej ni&#380; 24 m-ce w postaci bonu. W ramach poddzia&#322;ania wsparciem obj&#281;te zostan&#261; przedsi&#281;wzi&#281;cia&hellip;","_links":{"self":[{"href":"https:\/\/inteligentny-rozwoj.com.pl\/index.php\/wp-json\/wp\/v2\/pages\/1126","targetHints":{"allow":["GET"]}}],"collection":[{"href":"https:\/\/inteligentny-rozwoj.com.pl\/index.php\/wp-json\/wp\/v2\/pages"}],"about":[{"href":"https:\/\/inteligentny-rozwoj.com.pl\/index.php\/wp-json\/wp\/v2\/types\/page"}],"author":[{"embeddable":true,"href":"https:\/\/inteligentny-rozwoj.com.pl\/index.php\/wp-json\/wp\/v2\/users\/1"}],"replies":[{"embeddable":true,"href":"https:\/\/inteligentny-rozwoj.com.pl\/index.php\/wp-json\/wp\/v2\/comments?post=1126"}],"version-history":[{"count":3,"href":"https:\/\/inteligentny-rozwoj.com.pl\/index.php\/wp-json\/wp\/v2\/pages\/1126\/revisions"}],"predecessor-version":[{"id":1168,"href":"https:\/\/inteligentny-rozwoj.com.pl\/index.php\/wp-json\/wp\/v2\/pages\/1126\/revisions\/1168"}],"up":[{"embeddable":true,"href":"https:\/\/inteligentny-rozwoj.com.pl\/index.php\/wp-json\/wp\/v2\/pages\/1119"}],"wp:attachment":[{"href":"https:\/\/inteligentny-rozwoj.com.pl\/index.php\/wp-json\/wp\/v2\/media?parent=1126"}],"curies":[{"name":"wp","href":"https:\/\/api.w.org\/{rel}","templated":true}]}}