{"id":1177,"date":"2015-07-15T15:58:22","date_gmt":"2015-07-15T13:58:22","guid":{"rendered":"https:\/\/inteligentny-rozwoj.com.pl\/?page_id=1177"},"modified":"2015-07-28T11:36:33","modified_gmt":"2015-07-28T09:36:33","slug":"dzialanie-1-4-internacjonalizacja-gospodarki-regionalnej","status":"publish","type":"page","link":"https:\/\/inteligentny-rozwoj.com.pl\/index.php\/fundusze-europejskie-2014-2020\/regionalne-programy-operacyjne-2014-2020-rpo-2014-2020\/wielkopolski-regionalny-program-operacyjny-na-lata-2014-2020-wrpo-2014\/dzialanie-1-4-internacjonalizacja-gospodarki-regionalnej\/","title":{"rendered":"Dzia\u0142anie 1.4 Internacjonalizacja gospodarki regionalnej"},"content":{"rendered":"<p style=\"text-align: justify;\">Dzia\u0142anie 1.4 Internacjonalizacja gospodarki regionalnej &#8211; WIELKOPOLSKI REGIONALNY PROGRAM OPERACYJNY NA LATA 2014 \u2013 2020 (WRPO 2014+) &#8211; realizuje CT3 Wzmacnianie konkurencyjno\u015bci ma\u0142ych i \u015brednich przedsi\u0119biorstw oraz PI 3b Opracowywanie i wdra\u017canie nowych modeli biznesowych dla M\u015aP, w szczeg\u00f3lno\u015bci w celu umi\u0119dzynarodowienia.<\/p>\n<p style=\"text-align: justify;\">Dzia\u0142anie 1.4 Internacjonalizacja gospodarki regionalnej jako cel szczeg\u00f3\u0142owy zak\u0142ada zwi\u0119kszony poziom handlu zagranicznego sektora M\u015aP w regionie przek\u0142adaj\u0105ce si\u0119 na wi\u0119ksze umi\u0119dzynarodowienie regionalnej gospodarki prowadz\u0105ce do wzrostu konkurencyjno\u015bci wielkopolskich przedsi\u0119biorstw.<\/p>\n<p style=\"text-align: justify;\">Lista wska\u017anik\u00f3w rezultatu bezpo\u015bredniego<\/p>\n<ul>\n<li>Liczba przedsi\u0119biorstw aktywnych na rynkach mi\u0119dzynarodowych (szt.)<\/li>\n<li>Wzrost zatrudnienia we wspieranych przedsi\u0119biorstwach (EPC)<\/li>\n<\/ul>\n<p style=\"text-align: justify;\">Lista wska\u017anik\u00f3w produktu<\/p>\n<ul>\n<li>Liczba przedsi\u0119biorstw wspartych w zakresie internacjonalizacji dzia\u0142alno\u015bci (szt.)<\/li>\n<li>Liczba przedsi\u0119biorstw, kt\u00f3re wprowadzi\u0142y zmiany organizacyjno-procesowe (szt.)<\/li>\n<li>Liczba wspartych przedsi\u0119wzi\u0119\u0107 informacyjno-promocyjnych (szt.)<\/li>\n<\/ul>\n<p>Dzia\u0142anie 1.4 Internacjonalizacja gospodarki regionalnej realizowane b\u0119dzie poprzez 2 poddzia\u0142ania:<\/p>\n<ul>\n<li><a title=\"Poddzia\u0142anie 1.4.1 Kompleksowe wsparcie rozwoju dzia\u0142alno\u015bci przedsi\u0119biorstw na rynkach zagranicznych dla przedsi\u0119biorstw posiadaj\u0105cych plan rozwoju eksportu\" href=\"https:\/\/inteligentny-rozwoj.com.pl\/index.php\/fundusze-europejskie-2014-2020\/regionalne-programy-operacyjne-2014-2020-rpo-2014-2020\/wielkopolski-regionalny-program-operacyjny-na-lata-2014-2020-wrpo-2014\/dzialanie-1-4-internacjonalizacja-gospodarki-regionalnej\/poddzialanie-1-4-1-kompleksowe-wsparcie-rozwoju-dzialalnosci-przedsiebiorstw-na-rynkach-zagranicznych\/\" target=\"_blank\">Poddzia\u0142anie 1.4.1 Kompleksowe wsparcie rozwoju dzia\u0142alno\u015bci przedsi\u0119biorstw na rynkach zagranicznych dla przedsi\u0119biorstw posiadaj\u0105cych plan rozwoju eksportu<\/a><\/li>\n<li>Poddzia\u0142anie 1.4.2 Promocja gospodarcza regionu<\/li>\n<\/ul>\n","protected":false},"excerpt":{"rendered":"<p>Dzia&#322;anie 1.4 Internacjonalizacja gospodarki regionalnej &ndash; WIELKOPOLSKI REGIONALNY PROGRAM OPERACYJNY NA LATA 2014 &ndash; 2020 (WRPO 2014+) &ndash; realizuje CT3 Wzmacnianie konkurencyjno&#347;ci ma&#322;ych i &#347;rednich przedsi&#281;biorstw oraz PI 3b Opracowywanie i wdra&#380;anie nowych modeli biznesowych dla M&#346;P, w szczeg&oacute;lno&#347;ci w celu umi&#281;dzynarodowienia. Dzia&#322;anie 1.4 Internacjonalizacja gospodarki regionalnej jako cel szczeg&oacute;&#322;owy zak&#322;ada zwi&#281;kszony poziom handlu zagranicznego [&hellip;]<\/p>\n","protected":false},"author":1,"featured_media":0,"parent":905,"menu_order":4,"comment_status":"closed","ping_status":"closed","template":"page-templates\/full-width.php","meta":{"_crdt_document":"","content-type":"","_uag_custom_page_level_css":"","footnotes":""},"class_list":["post-1177","page","type-page","status-publish","hentry"],"yoast_head":"<!-- This site is optimized with the Yoast SEO plugin v27.3 - https:\/\/yoast.com\/product\/yoast-seo-wordpress\/ -->\n<title>Dzia\u0142anie 1.4 Internacjonalizacja gospodarki regionalnej (WRPO 2014+)<\/title>\n<meta name=\"description\" content=\"Dzia\u0142anie 1.4 Internacjonalizacja gospodarki regionalnej - WIELKOPOLSKI REGIONALNY PROGRAM OPERACYJNY NA LATA 2014 \u2013 2020 (WRPO 2014+) - wspiera eksport\" \/>\n<meta name=\"robots\" content=\"index, follow, max-snippet:-1, max-image-preview:large, max-video-preview:-1\" \/>\n<link rel=\"canonical\" href=\"https:\/\/inteligentny-rozwoj.com.pl\/index.php\/fundusze-europejskie-2014-2020\/regionalne-programy-operacyjne-2014-2020-rpo-2014-2020\/wielkopolski-regionalny-program-operacyjny-na-lata-2014-2020-wrpo-2014\/dzialanie-1-4-internacjonalizacja-gospodarki-regionalnej\/\" \/>\n<meta property=\"og:locale\" content=\"pl_PL\" \/>\n<meta property=\"og:type\" content=\"article\" \/>\n<meta property=\"og:title\" content=\"Dzia\u0142anie 1.4 Internacjonalizacja gospodarki regionalnej (WRPO 2014+)\" \/>\n<meta property=\"og:description\" content=\"Dzia\u0142anie 1.4 Internacjonalizacja gospodarki regionalnej - WIELKOPOLSKI REGIONALNY PROGRAM OPERACYJNY NA LATA 2014 \u2013 2020 (WRPO 2014+) - wspiera eksport\" \/>\n<meta property=\"og:url\" content=\"https:\/\/inteligentny-rozwoj.com.pl\/index.php\/fundusze-europejskie-2014-2020\/regionalne-programy-operacyjne-2014-2020-rpo-2014-2020\/wielkopolski-regionalny-program-operacyjny-na-lata-2014-2020-wrpo-2014\/dzialanie-1-4-internacjonalizacja-gospodarki-regionalnej\/\" \/>\n<meta property=\"og:site_name\" content=\"RP CONSULTING Rafa\u0142 Pasterczyk | marketing B2B, eksport, dotacje UE\" \/>\n<meta property=\"article:publisher\" content=\"https:\/\/www.facebook.com\/RPConsulting\" \/>\n<meta property=\"article:modified_time\" content=\"2015-07-28T09:36:33+00:00\" \/>\n<meta property=\"og:image\" content=\"https:\/\/inteligentny-rozwoj.com.pl\/wp-content\/uploads\/2021\/06\/rpc_logo_sq.png\" \/>\n\t<meta property=\"og:image:width\" content=\"350\" \/>\n\t<meta property=\"og:image:height\" content=\"300\" \/>\n\t<meta property=\"og:image:type\" content=\"image\/png\" \/>\n<meta name=\"twitter:card\" content=\"summary_large_image\" \/>\n<meta name=\"twitter:site\" content=\"@rp_consulting\" \/>\n<meta name=\"twitter:label1\" content=\"Szacowany czas czytania\" \/>\n\t<meta name=\"twitter:data1\" content=\"1 minuta\" \/>\n<script type=\"application\/ld+json\" class=\"yoast-schema-graph\">{\"@context\":\"https:\\\/\\\/schema.org\",\"@graph\":[{\"@type\":\"Article\",\"@id\":\"https:\\\/\\\/inteligentny-rozwoj.com.pl\\\/index.php\\\/fundusze-europejskie-2014-2020\\\/regionalne-programy-operacyjne-2014-2020-rpo-2014-2020\\\/wielkopolski-regionalny-program-operacyjny-na-lata-2014-2020-wrpo-2014\\\/dzialanie-1-4-internacjonalizacja-gospodarki-regionalnej\\\/#article\",\"isPartOf\":{\"@id\":\"https:\\\/\\\/inteligentny-rozwoj.com.pl\\\/index.php\\\/fundusze-europejskie-2014-2020\\\/regionalne-programy-operacyjne-2014-2020-rpo-2014-2020\\\/wielkopolski-regionalny-program-operacyjny-na-lata-2014-2020-wrpo-2014\\\/dzialanie-1-4-internacjonalizacja-gospodarki-regionalnej\\\/\"},\"author\":{\"name\":\"RP CONSULTING Rafa\u0142 Pasterczyk\",\"@id\":\"https:\\\/\\\/inteligentny-rozwoj.com.pl\\\/#\\\/schema\\\/person\\\/781a467e5e331ce384632759ecdba772\"},\"headline\":\"Dzia\u0142anie 1.4 Internacjonalizacja gospodarki regionalnej\",\"datePublished\":\"2015-07-15T13:58:22+00:00\",\"dateModified\":\"2015-07-28T09:36:33+00:00\",\"mainEntityOfPage\":{\"@id\":\"https:\\\/\\\/inteligentny-rozwoj.com.pl\\\/index.php\\\/fundusze-europejskie-2014-2020\\\/regionalne-programy-operacyjne-2014-2020-rpo-2014-2020\\\/wielkopolski-regionalny-program-operacyjny-na-lata-2014-2020-wrpo-2014\\\/dzialanie-1-4-internacjonalizacja-gospodarki-regionalnej\\\/\"},\"wordCount\":184,\"publisher\":{\"@id\":\"https:\\\/\\\/inteligentny-rozwoj.com.pl\\\/#organization\"},\"inLanguage\":\"pl-PL\"},{\"@type\":\"WebPage\",\"@id\":\"https:\\\/\\\/inteligentny-rozwoj.com.pl\\\/index.php\\\/fundusze-europejskie-2014-2020\\\/regionalne-programy-operacyjne-2014-2020-rpo-2014-2020\\\/wielkopolski-regionalny-program-operacyjny-na-lata-2014-2020-wrpo-2014\\\/dzialanie-1-4-internacjonalizacja-gospodarki-regionalnej\\\/\",\"url\":\"https:\\\/\\\/inteligentny-rozwoj.com.pl\\\/index.php\\\/fundusze-europejskie-2014-2020\\\/regionalne-programy-operacyjne-2014-2020-rpo-2014-2020\\\/wielkopolski-regionalny-program-operacyjny-na-lata-2014-2020-wrpo-2014\\\/dzialanie-1-4-internacjonalizacja-gospodarki-regionalnej\\\/\",\"name\":\"Dzia\u0142anie 1.4 Internacjonalizacja gospodarki regionalnej (WRPO 2014+)\",\"isPartOf\":{\"@id\":\"https:\\\/\\\/inteligentny-rozwoj.com.pl\\\/#website\"},\"datePublished\":\"2015-07-15T13:58:22+00:00\",\"dateModified\":\"2015-07-28T09:36:33+00:00\",\"description\":\"Dzia\u0142anie 1.4 Internacjonalizacja gospodarki regionalnej - WIELKOPOLSKI REGIONALNY PROGRAM OPERACYJNY NA LATA 2014 \u2013 2020 (WRPO 2014+) - wspiera eksport\",\"breadcrumb\":{\"@id\":\"https:\\\/\\\/inteligentny-rozwoj.com.pl\\\/index.php\\\/fundusze-europejskie-2014-2020\\\/regionalne-programy-operacyjne-2014-2020-rpo-2014-2020\\\/wielkopolski-regionalny-program-operacyjny-na-lata-2014-2020-wrpo-2014\\\/dzialanie-1-4-internacjonalizacja-gospodarki-regionalnej\\\/#breadcrumb\"},\"inLanguage\":\"pl-PL\",\"potentialAction\":[{\"@type\":\"ReadAction\",\"target\":[\"https:\\\/\\\/inteligentny-rozwoj.com.pl\\\/index.php\\\/fundusze-europejskie-2014-2020\\\/regionalne-programy-operacyjne-2014-2020-rpo-2014-2020\\\/wielkopolski-regionalny-program-operacyjny-na-lata-2014-2020-wrpo-2014\\\/dzialanie-1-4-internacjonalizacja-gospodarki-regionalnej\\\/\"]}]},{\"@type\":\"BreadcrumbList\",\"@id\":\"https:\\\/\\\/inteligentny-rozwoj.com.pl\\\/index.php\\\/fundusze-europejskie-2014-2020\\\/regionalne-programy-operacyjne-2014-2020-rpo-2014-2020\\\/wielkopolski-regionalny-program-operacyjny-na-lata-2014-2020-wrpo-2014\\\/dzialanie-1-4-internacjonalizacja-gospodarki-regionalnej\\\/#breadcrumb\",\"itemListElement\":[{\"@type\":\"ListItem\",\"position\":1,\"name\":\"Fundusze 2014-2020\",\"item\":\"https:\\\/\\\/inteligentny-rozwoj.com.pl\\\/index.php\\\/fundusze-europejskie-2014-2020\\\/\"},{\"@type\":\"ListItem\",\"position\":2,\"name\":\"RPO 2014-2020\",\"item\":\"https:\\\/\\\/inteligentny-rozwoj.com.pl\\\/index.php\\\/fundusze-europejskie-2014-2020\\\/regionalne-programy-operacyjne-2014-2020-rpo-2014-2020\\\/\"},{\"@type\":\"ListItem\",\"position\":3,\"name\":\"RPO Wielkopolskie\",\"item\":\"https:\\\/\\\/inteligentny-rozwoj.com.pl\\\/index.php\\\/fundusze-europejskie-2014-2020\\\/regionalne-programy-operacyjne-2014-2020-rpo-2014-2020\\\/wielkopolski-regionalny-program-operacyjny-na-lata-2014-2020-wrpo-2014\\\/\"},{\"@type\":\"ListItem\",\"position\":4,\"name\":\"Dzia\u0142anie 1.4 Internacjonalizacja gospodarki regionalnej\"}]},{\"@type\":\"WebSite\",\"@id\":\"https:\\\/\\\/inteligentny-rozwoj.com.pl\\\/#website\",\"url\":\"https:\\\/\\\/inteligentny-rozwoj.com.pl\\\/\",\"name\":\"RP CONSULTING Rafa\u0142 Pasterczyk | marketing B2B, eksport, dotacje UE\",\"description\":\"Tw\u00f3j partner w rozwoju biznesu - skuteczne doradztwo w marketingu B2B, rozwoju eksportu i pozyskiwaniu dotacji\",\"publisher\":{\"@id\":\"https:\\\/\\\/inteligentny-rozwoj.com.pl\\\/#organization\"},\"alternateName\":\"Rafa\u0142 Pasterczyk RP CONSULTING\",\"potentialAction\":[{\"@type\":\"SearchAction\",\"target\":{\"@type\":\"EntryPoint\",\"urlTemplate\":\"https:\\\/\\\/inteligentny-rozwoj.com.pl\\\/?s={search_term_string}\"},\"query-input\":{\"@type\":\"PropertyValueSpecification\",\"valueRequired\":true,\"valueName\":\"search_term_string\"}}],\"inLanguage\":\"pl-PL\"},{\"@type\":\"Organization\",\"@id\":\"https:\\\/\\\/inteligentny-rozwoj.com.pl\\\/#organization\",\"name\":\"RP CONSULTING Rafa\u0142 Pasterczyk\",\"alternateName\":\"Rafa\u0142 Pasterczyk RP CONSULTING\",\"url\":\"https:\\\/\\\/inteligentny-rozwoj.com.pl\\\/\",\"logo\":{\"@type\":\"ImageObject\",\"inLanguage\":\"pl-PL\",\"@id\":\"https:\\\/\\\/inteligentny-rozwoj.com.pl\\\/#\\\/schema\\\/logo\\\/image\\\/\",\"url\":\"https:\\\/\\\/inteligentny-rozwoj.com.pl\\\/wp-content\\\/uploads\\\/2019\\\/01\\\/cropped-rpc_logo_sq-e1546996617786.png\",\"contentUrl\":\"https:\\\/\\\/inteligentny-rozwoj.com.pl\\\/wp-content\\\/uploads\\\/2019\\\/01\\\/cropped-rpc_logo_sq-e1546996617786.png\",\"width\":512,\"height\":512,\"caption\":\"RP CONSULTING Rafa\u0142 Pasterczyk\"},\"image\":{\"@id\":\"https:\\\/\\\/inteligentny-rozwoj.com.pl\\\/#\\\/schema\\\/logo\\\/image\\\/\"},\"sameAs\":[\"https:\\\/\\\/www.facebook.com\\\/RPConsulting\",\"https:\\\/\\\/x.com\\\/rp_consulting\",\"https:\\\/\\\/www.instagram.com\\\/rpconsulting.pl\\\/\",\"https:\\\/\\\/pl.linkedin.com\\\/company\\\/rp-consulting-rpc\",\"https:\\\/\\\/www.linkedin.com\\\/in\\\/rafal-pasterczyk\\\/\"]},{\"@type\":\"Person\",\"@id\":\"https:\\\/\\\/inteligentny-rozwoj.com.pl\\\/#\\\/schema\\\/person\\\/781a467e5e331ce384632759ecdba772\",\"name\":\"RP CONSULTING Rafa\u0142 Pasterczyk\",\"image\":{\"@type\":\"ImageObject\",\"inLanguage\":\"pl-PL\",\"@id\":\"https:\\\/\\\/secure.gravatar.com\\\/avatar\\\/fde501377d5b06ef1fb158c1ea34fe2defd80fd9526b2263a81456023558c240?s=96&d=mm&r=g\",\"url\":\"https:\\\/\\\/secure.gravatar.com\\\/avatar\\\/fde501377d5b06ef1fb158c1ea34fe2defd80fd9526b2263a81456023558c240?s=96&d=mm&r=g\",\"contentUrl\":\"https:\\\/\\\/secure.gravatar.com\\\/avatar\\\/fde501377d5b06ef1fb158c1ea34fe2defd80fd9526b2263a81456023558c240?s=96&d=mm&r=g\",\"caption\":\"RP CONSULTING Rafa\u0142 Pasterczyk\"},\"description\":\"Doradztwo biznesowe i outsourcing - us\u0142ugi doradcze w zakresie marketingu B2B, rozwoju eksportu oraz pozyskiwanie i rozliczanie dotacji na rozw\u00f3j eksportu i cyfryzacj\u0119. Ponad 100 skutecznie zrealizowanych projekt\u00f3w. Wiele z nich \u0142\u0105czy doradztwo w zakresie strategii internacjonalizacji ze skutecznym pozyskaniem dofinansowania na dzia\u0142ania na rynkach zagranicznych.\",\"sameAs\":[\"https:\\\/\\\/inteligentny-rozwoj.com.pl\\\/\",\"https:\\\/\\\/www.facebook.com\\\/RPConsulting\\\/\",\"https:\\\/\\\/www.instagram.com\\\/rpconsulting.pl\\\/\",\"https:\\\/\\\/pl.linkedin.com\\\/company\\\/rp-consulting-rpc\",\"https:\\\/\\\/www.youtube.com\\\/@RPCONSULTING-b2b\"],\"url\":\"https:\\\/\\\/inteligentny-rozwoj.com.pl\\\/index.php\\\/author\\\/rpconsulting\\\/\"}]}<\/script>\n<!-- \/ Yoast SEO plugin. -->","yoast_head_json":{"title":"Dzia\u0142anie 1.4 Internacjonalizacja gospodarki regionalnej (WRPO 2014+)","description":"Dzia\u0142anie 1.4 Internacjonalizacja gospodarki regionalnej - WIELKOPOLSKI REGIONALNY PROGRAM OPERACYJNY NA LATA 2014 \u2013 2020 (WRPO 2014+) - wspiera eksport","robots":{"index":"index","follow":"follow","max-snippet":"max-snippet:-1","max-image-preview":"max-image-preview:large","max-video-preview":"max-video-preview:-1"},"canonical":"https:\/\/inteligentny-rozwoj.com.pl\/index.php\/fundusze-europejskie-2014-2020\/regionalne-programy-operacyjne-2014-2020-rpo-2014-2020\/wielkopolski-regionalny-program-operacyjny-na-lata-2014-2020-wrpo-2014\/dzialanie-1-4-internacjonalizacja-gospodarki-regionalnej\/","og_locale":"pl_PL","og_type":"article","og_title":"Dzia\u0142anie 1.4 Internacjonalizacja gospodarki regionalnej (WRPO 2014+)","og_description":"Dzia\u0142anie 1.4 Internacjonalizacja gospodarki regionalnej - WIELKOPOLSKI REGIONALNY PROGRAM OPERACYJNY NA LATA 2014 \u2013 2020 (WRPO 2014+) - wspiera eksport","og_url":"https:\/\/inteligentny-rozwoj.com.pl\/index.php\/fundusze-europejskie-2014-2020\/regionalne-programy-operacyjne-2014-2020-rpo-2014-2020\/wielkopolski-regionalny-program-operacyjny-na-lata-2014-2020-wrpo-2014\/dzialanie-1-4-internacjonalizacja-gospodarki-regionalnej\/","og_site_name":"RP CONSULTING Rafa\u0142 Pasterczyk | marketing B2B, eksport, dotacje UE","article_publisher":"https:\/\/www.facebook.com\/RPConsulting","article_modified_time":"2015-07-28T09:36:33+00:00","og_image":[{"width":350,"height":300,"url":"https:\/\/inteligentny-rozwoj.com.pl\/wp-content\/uploads\/2021\/06\/rpc_logo_sq.png","type":"image\/png"}],"twitter_card":"summary_large_image","twitter_site":"@rp_consulting","twitter_misc":{"Szacowany czas czytania":"1 minuta"},"schema":{"@context":"https:\/\/schema.org","@graph":[{"@type":"Article","@id":"https:\/\/inteligentny-rozwoj.com.pl\/index.php\/fundusze-europejskie-2014-2020\/regionalne-programy-operacyjne-2014-2020-rpo-2014-2020\/wielkopolski-regionalny-program-operacyjny-na-lata-2014-2020-wrpo-2014\/dzialanie-1-4-internacjonalizacja-gospodarki-regionalnej\/#article","isPartOf":{"@id":"https:\/\/inteligentny-rozwoj.com.pl\/index.php\/fundusze-europejskie-2014-2020\/regionalne-programy-operacyjne-2014-2020-rpo-2014-2020\/wielkopolski-regionalny-program-operacyjny-na-lata-2014-2020-wrpo-2014\/dzialanie-1-4-internacjonalizacja-gospodarki-regionalnej\/"},"author":{"name":"RP CONSULTING Rafa\u0142 Pasterczyk","@id":"https:\/\/inteligentny-rozwoj.com.pl\/#\/schema\/person\/781a467e5e331ce384632759ecdba772"},"headline":"Dzia\u0142anie 1.4 Internacjonalizacja gospodarki regionalnej","datePublished":"2015-07-15T13:58:22+00:00","dateModified":"2015-07-28T09:36:33+00:00","mainEntityOfPage":{"@id":"https:\/\/inteligentny-rozwoj.com.pl\/index.php\/fundusze-europejskie-2014-2020\/regionalne-programy-operacyjne-2014-2020-rpo-2014-2020\/wielkopolski-regionalny-program-operacyjny-na-lata-2014-2020-wrpo-2014\/dzialanie-1-4-internacjonalizacja-gospodarki-regionalnej\/"},"wordCount":184,"publisher":{"@id":"https:\/\/inteligentny-rozwoj.com.pl\/#organization"},"inLanguage":"pl-PL"},{"@type":"WebPage","@id":"https:\/\/inteligentny-rozwoj.com.pl\/index.php\/fundusze-europejskie-2014-2020\/regionalne-programy-operacyjne-2014-2020-rpo-2014-2020\/wielkopolski-regionalny-program-operacyjny-na-lata-2014-2020-wrpo-2014\/dzialanie-1-4-internacjonalizacja-gospodarki-regionalnej\/","url":"https:\/\/inteligentny-rozwoj.com.pl\/index.php\/fundusze-europejskie-2014-2020\/regionalne-programy-operacyjne-2014-2020-rpo-2014-2020\/wielkopolski-regionalny-program-operacyjny-na-lata-2014-2020-wrpo-2014\/dzialanie-1-4-internacjonalizacja-gospodarki-regionalnej\/","name":"Dzia\u0142anie 1.4 Internacjonalizacja gospodarki regionalnej (WRPO 2014+)","isPartOf":{"@id":"https:\/\/inteligentny-rozwoj.com.pl\/#website"},"datePublished":"2015-07-15T13:58:22+00:00","dateModified":"2015-07-28T09:36:33+00:00","description":"Dzia\u0142anie 1.4 Internacjonalizacja gospodarki regionalnej - WIELKOPOLSKI REGIONALNY PROGRAM OPERACYJNY NA LATA 2014 \u2013 2020 (WRPO 2014+) - wspiera eksport","breadcrumb":{"@id":"https:\/\/inteligentny-rozwoj.com.pl\/index.php\/fundusze-europejskie-2014-2020\/regionalne-programy-operacyjne-2014-2020-rpo-2014-2020\/wielkopolski-regionalny-program-operacyjny-na-lata-2014-2020-wrpo-2014\/dzialanie-1-4-internacjonalizacja-gospodarki-regionalnej\/#breadcrumb"},"inLanguage":"pl-PL","potentialAction":[{"@type":"ReadAction","target":["https:\/\/inteligentny-rozwoj.com.pl\/index.php\/fundusze-europejskie-2014-2020\/regionalne-programy-operacyjne-2014-2020-rpo-2014-2020\/wielkopolski-regionalny-program-operacyjny-na-lata-2014-2020-wrpo-2014\/dzialanie-1-4-internacjonalizacja-gospodarki-regionalnej\/"]}]},{"@type":"BreadcrumbList","@id":"https:\/\/inteligentny-rozwoj.com.pl\/index.php\/fundusze-europejskie-2014-2020\/regionalne-programy-operacyjne-2014-2020-rpo-2014-2020\/wielkopolski-regionalny-program-operacyjny-na-lata-2014-2020-wrpo-2014\/dzialanie-1-4-internacjonalizacja-gospodarki-regionalnej\/#breadcrumb","itemListElement":[{"@type":"ListItem","position":1,"name":"Fundusze 2014-2020","item":"https:\/\/inteligentny-rozwoj.com.pl\/index.php\/fundusze-europejskie-2014-2020\/"},{"@type":"ListItem","position":2,"name":"RPO 2014-2020","item":"https:\/\/inteligentny-rozwoj.com.pl\/index.php\/fundusze-europejskie-2014-2020\/regionalne-programy-operacyjne-2014-2020-rpo-2014-2020\/"},{"@type":"ListItem","position":3,"name":"RPO Wielkopolskie","item":"https:\/\/inteligentny-rozwoj.com.pl\/index.php\/fundusze-europejskie-2014-2020\/regionalne-programy-operacyjne-2014-2020-rpo-2014-2020\/wielkopolski-regionalny-program-operacyjny-na-lata-2014-2020-wrpo-2014\/"},{"@type":"ListItem","position":4,"name":"Dzia\u0142anie 1.4 Internacjonalizacja gospodarki regionalnej"}]},{"@type":"WebSite","@id":"https:\/\/inteligentny-rozwoj.com.pl\/#website","url":"https:\/\/inteligentny-rozwoj.com.pl\/","name":"RP CONSULTING Rafa\u0142 Pasterczyk | marketing B2B, eksport, dotacje UE","description":"Tw\u00f3j partner w rozwoju biznesu - skuteczne doradztwo w marketingu B2B, rozwoju eksportu i pozyskiwaniu dotacji","publisher":{"@id":"https:\/\/inteligentny-rozwoj.com.pl\/#organization"},"alternateName":"Rafa\u0142 Pasterczyk RP CONSULTING","potentialAction":[{"@type":"SearchAction","target":{"@type":"EntryPoint","urlTemplate":"https:\/\/inteligentny-rozwoj.com.pl\/?s={search_term_string}"},"query-input":{"@type":"PropertyValueSpecification","valueRequired":true,"valueName":"search_term_string"}}],"inLanguage":"pl-PL"},{"@type":"Organization","@id":"https:\/\/inteligentny-rozwoj.com.pl\/#organization","name":"RP CONSULTING Rafa\u0142 Pasterczyk","alternateName":"Rafa\u0142 Pasterczyk RP CONSULTING","url":"https:\/\/inteligentny-rozwoj.com.pl\/","logo":{"@type":"ImageObject","inLanguage":"pl-PL","@id":"https:\/\/inteligentny-rozwoj.com.pl\/#\/schema\/logo\/image\/","url":"https:\/\/inteligentny-rozwoj.com.pl\/wp-content\/uploads\/2019\/01\/cropped-rpc_logo_sq-e1546996617786.png","contentUrl":"https:\/\/inteligentny-rozwoj.com.pl\/wp-content\/uploads\/2019\/01\/cropped-rpc_logo_sq-e1546996617786.png","width":512,"height":512,"caption":"RP CONSULTING Rafa\u0142 Pasterczyk"},"image":{"@id":"https:\/\/inteligentny-rozwoj.com.pl\/#\/schema\/logo\/image\/"},"sameAs":["https:\/\/www.facebook.com\/RPConsulting","https:\/\/x.com\/rp_consulting","https:\/\/www.instagram.com\/rpconsulting.pl\/","https:\/\/pl.linkedin.com\/company\/rp-consulting-rpc","https:\/\/www.linkedin.com\/in\/rafal-pasterczyk\/"]},{"@type":"Person","@id":"https:\/\/inteligentny-rozwoj.com.pl\/#\/schema\/person\/781a467e5e331ce384632759ecdba772","name":"RP CONSULTING Rafa\u0142 Pasterczyk","image":{"@type":"ImageObject","inLanguage":"pl-PL","@id":"https:\/\/secure.gravatar.com\/avatar\/fde501377d5b06ef1fb158c1ea34fe2defd80fd9526b2263a81456023558c240?s=96&d=mm&r=g","url":"https:\/\/secure.gravatar.com\/avatar\/fde501377d5b06ef1fb158c1ea34fe2defd80fd9526b2263a81456023558c240?s=96&d=mm&r=g","contentUrl":"https:\/\/secure.gravatar.com\/avatar\/fde501377d5b06ef1fb158c1ea34fe2defd80fd9526b2263a81456023558c240?s=96&d=mm&r=g","caption":"RP CONSULTING Rafa\u0142 Pasterczyk"},"description":"Doradztwo biznesowe i outsourcing - us\u0142ugi doradcze w zakresie marketingu B2B, rozwoju eksportu oraz pozyskiwanie i rozliczanie dotacji na rozw\u00f3j eksportu i cyfryzacj\u0119. Ponad 100 skutecznie zrealizowanych projekt\u00f3w. Wiele z nich \u0142\u0105czy doradztwo w zakresie strategii internacjonalizacji ze skutecznym pozyskaniem dofinansowania na dzia\u0142ania na rynkach zagranicznych.","sameAs":["https:\/\/inteligentny-rozwoj.com.pl\/","https:\/\/www.facebook.com\/RPConsulting\/","https:\/\/www.instagram.com\/rpconsulting.pl\/","https:\/\/pl.linkedin.com\/company\/rp-consulting-rpc","https:\/\/www.youtube.com\/@RPCONSULTING-b2b"],"url":"https:\/\/inteligentny-rozwoj.com.pl\/index.php\/author\/rpconsulting\/"}]}},"uagb_featured_image_src":{"full":false,"thumbnail":false,"medium":false,"medium_large":false,"large":false,"1536x1536":false,"2048x2048":false,"post-thumbnail":false,"sow-carousel-default":false,"sow-blog-portfolio":false,"sow-blog-grid":false,"sow-blog-alternate":false},"uagb_author_info":{"display_name":"RP CONSULTING Rafa\u0142 Pasterczyk","author_link":"https:\/\/inteligentny-rozwoj.com.pl\/index.php\/author\/rpconsulting\/"},"uagb_comment_info":0,"uagb_excerpt":"Dzia&#322;anie 1.4 Internacjonalizacja gospodarki regionalnej &ndash; WIELKOPOLSKI REGIONALNY PROGRAM OPERACYJNY NA LATA 2014 &ndash; 2020 (WRPO 2014+) &ndash; realizuje CT3 Wzmacnianie konkurencyjno&#347;ci ma&#322;ych i &#347;rednich przedsi&#281;biorstw oraz PI 3b Opracowywanie i wdra&#380;anie nowych modeli biznesowych dla M&#346;P, w szczeg&oacute;lno&#347;ci w celu umi&#281;dzynarodowienia. Dzia&#322;anie 1.4 Internacjonalizacja gospodarki regionalnej jako cel szczeg&oacute;&#322;owy zak&#322;ada zwi&#281;kszony poziom handlu zagranicznego&hellip;","_links":{"self":[{"href":"https:\/\/inteligentny-rozwoj.com.pl\/index.php\/wp-json\/wp\/v2\/pages\/1177","targetHints":{"allow":["GET"]}}],"collection":[{"href":"https:\/\/inteligentny-rozwoj.com.pl\/index.php\/wp-json\/wp\/v2\/pages"}],"about":[{"href":"https:\/\/inteligentny-rozwoj.com.pl\/index.php\/wp-json\/wp\/v2\/types\/page"}],"author":[{"embeddable":true,"href":"https:\/\/inteligentny-rozwoj.com.pl\/index.php\/wp-json\/wp\/v2\/users\/1"}],"replies":[{"embeddable":true,"href":"https:\/\/inteligentny-rozwoj.com.pl\/index.php\/wp-json\/wp\/v2\/comments?post=1177"}],"version-history":[{"count":3,"href":"https:\/\/inteligentny-rozwoj.com.pl\/index.php\/wp-json\/wp\/v2\/pages\/1177\/revisions"}],"predecessor-version":[{"id":1327,"href":"https:\/\/inteligentny-rozwoj.com.pl\/index.php\/wp-json\/wp\/v2\/pages\/1177\/revisions\/1327"}],"up":[{"embeddable":true,"href":"https:\/\/inteligentny-rozwoj.com.pl\/index.php\/wp-json\/wp\/v2\/pages\/905"}],"wp:attachment":[{"href":"https:\/\/inteligentny-rozwoj.com.pl\/index.php\/wp-json\/wp\/v2\/media?parent=1177"}],"curies":[{"name":"wp","href":"https:\/\/api.w.org\/{rel}","templated":true}]}}