{"id":1188,"date":"2015-07-16T13:22:55","date_gmt":"2015-07-16T11:22:55","guid":{"rendered":"https:\/\/inteligentny-rozwoj.com.pl\/?page_id=1188"},"modified":"2015-07-16T13:43:21","modified_gmt":"2015-07-16T11:43:21","slug":"dzialanie-1-5-wzmocnienie-konkurencyjnosci-przedsiebiorstw","status":"publish","type":"page","link":"https:\/\/inteligentny-rozwoj.com.pl\/index.php\/fundusze-europejskie-2014-2020\/regionalne-programy-operacyjne-2014-2020-rpo-2014-2020\/wielkopolski-regionalny-program-operacyjny-na-lata-2014-2020-wrpo-2014\/dzialanie-1-5-wzmocnienie-konkurencyjnosci-przedsiebiorstw\/","title":{"rendered":"Dzia\u0142anie 1.5 Wzmocnienie konkurencyjno\u015bci przedsi\u0119biorstw"},"content":{"rendered":"<p style=\"text-align: justify;\">Dzia\u0142anie 1.5 Wzmocnienie konkurencyjno\u015bci przedsi\u0119biorstw &#8211; WIELKOPOLSKI REGIONALNY PROGRAM OPERACYJNY NA LATA 2014 \u2013 2020 (WRPO 2014+) &#8211; realizowane jest w ramach osi priorytetowej 1. Innowacyjna i konkurencyjna gospodarka.<\/p>\n<p style=\"text-align: justify;\">Dzia\u0142anie 1.5 Wzmocnienie konkurencyjno\u015bci przedsi\u0119biorstw realizuje cel tematyczny 3 (CT3) Wzmacnianie konkurencyjno\u015bci ma\u0142ych i \u015brednich przedsi\u0119biorstw oraz priorytet inwestycyjny 3c Wspieranie tworzenia i poszerzania zaawansowanych zdolno\u015bci w zakresie rozwoju produkt\u00f3w i us\u0142ug.<\/p>\n<p style=\"text-align: justify;\">Dzia\u0142anie 1.5 Wzmocnienie konkurencyjno\u015bci przedsi\u0119biorstw przewiduje do realizacji 2 poddzia\u0142ania, w ramach kt\u00f3rych realizowane b\u0119d\u0105 okre\u015blone typy projekt\u00f3w:<\/p>\n<ul style=\"text-align: justify;\">\n<li>Poddzia\u0142anie 1.5.1 Instrumenty finansowe podnosz\u0105ce konkurencyjno\u015b\u0107 M\u015aP<\/li>\n<li><a title=\"Poddzia\u0142anie 1.5.2 Wzmocnienie konkurencyjno\u015bci kluczowych obszar\u00f3w gospodarki regionu\" href=\"https:\/\/inteligentny-rozwoj.com.pl\/index.php\/fundusze-europejskie-2014-2020\/regionalne-programy-operacyjne-2014-2020-rpo-2014-2020\/wielkopolski-regionalny-program-operacyjny-na-lata-2014-2020-wrpo-2014\/dzialanie-1-5-wzmocnienie-konkurencyjnosci-przedsiebiorstw\/poddzialanie-1-5-2-wzmocnienie-konkurencyjnosci-kluczowych-obszarow-gospodarki-regionu\/\" target=\"_blank\">Poddzia\u0142anie 1.5.2 Wzmocnienie konkurencyjno\u015bci kluczowych obszar\u00f3w gospodarki regionu<\/a><\/li>\n<\/ul>\n","protected":false},"excerpt":{"rendered":"<p>Dzia&#322;anie 1.5 Wzmocnienie konkurencyjno&#347;ci przedsi&#281;biorstw &ndash; WIELKOPOLSKI REGIONALNY PROGRAM OPERACYJNY NA LATA 2014 &ndash; 2020 (WRPO 2014+) &ndash; realizowane jest w ramach osi priorytetowej 1. Innowacyjna i konkurencyjna gospodarka. Dzia&#322;anie 1.5 Wzmocnienie konkurencyjno&#347;ci przedsi&#281;biorstw realizuje cel tematyczny 3 (CT3) Wzmacnianie konkurencyjno&#347;ci ma&#322;ych i &#347;rednich przedsi&#281;biorstw oraz priorytet inwestycyjny 3c Wspieranie tworzenia i poszerzania zaawansowanych zdolno&#347;ci [&hellip;]<\/p>\n","protected":false},"author":1,"featured_media":0,"parent":905,"menu_order":5,"comment_status":"closed","ping_status":"closed","template":"page-templates\/full-width.php","meta":{"_crdt_document":"","content-type":"","_uag_custom_page_level_css":"","footnotes":""},"class_list":["post-1188","page","type-page","status-publish","hentry"],"yoast_head":"<!-- This site is optimized with the Yoast SEO plugin v27.3 - https:\/\/yoast.com\/product\/yoast-seo-wordpress\/ -->\n<title>Dzia\u0142anie 1.5 Wzmocnienie konkurencyjno\u015bci przedsi\u0119biorstw - WRPO 2014+<\/title>\n<meta name=\"description\" content=\"Dzia\u0142anie 1.5 Wzmocnienie konkurencyjno\u015bci przedsi\u0119biorstw - WIELKOPOLSKI REGIONALNY PROGRAM OPERACYJNY NA LATA 2014 \u2013 2020 (WRPO 2014+) - wspiera M\u015aP.\" \/>\n<meta name=\"robots\" content=\"index, follow, max-snippet:-1, max-image-preview:large, max-video-preview:-1\" \/>\n<link rel=\"canonical\" href=\"https:\/\/inteligentny-rozwoj.com.pl\/index.php\/fundusze-europejskie-2014-2020\/regionalne-programy-operacyjne-2014-2020-rpo-2014-2020\/wielkopolski-regionalny-program-operacyjny-na-lata-2014-2020-wrpo-2014\/dzialanie-1-5-wzmocnienie-konkurencyjnosci-przedsiebiorstw\/\" \/>\n<meta property=\"og:locale\" content=\"pl_PL\" \/>\n<meta property=\"og:type\" content=\"article\" \/>\n<meta property=\"og:title\" content=\"Dzia\u0142anie 1.5 Wzmocnienie konkurencyjno\u015bci przedsi\u0119biorstw - WRPO 2014+\" \/>\n<meta property=\"og:description\" content=\"Dzia\u0142anie 1.5 Wzmocnienie konkurencyjno\u015bci przedsi\u0119biorstw - WIELKOPOLSKI REGIONALNY PROGRAM OPERACYJNY NA LATA 2014 \u2013 2020 (WRPO 2014+) - wspiera M\u015aP.\" \/>\n<meta property=\"og:url\" content=\"https:\/\/inteligentny-rozwoj.com.pl\/index.php\/fundusze-europejskie-2014-2020\/regionalne-programy-operacyjne-2014-2020-rpo-2014-2020\/wielkopolski-regionalny-program-operacyjny-na-lata-2014-2020-wrpo-2014\/dzialanie-1-5-wzmocnienie-konkurencyjnosci-przedsiebiorstw\/\" \/>\n<meta property=\"og:site_name\" content=\"RP CONSULTING Rafa\u0142 Pasterczyk | marketing B2B, eksport, dotacje UE\" \/>\n<meta property=\"article:publisher\" content=\"https:\/\/www.facebook.com\/RPConsulting\" \/>\n<meta property=\"article:modified_time\" content=\"2015-07-16T11:43:21+00:00\" \/>\n<meta property=\"og:image\" content=\"https:\/\/inteligentny-rozwoj.com.pl\/wp-content\/uploads\/2021\/06\/rpc_logo_sq.png\" \/>\n\t<meta property=\"og:image:width\" content=\"350\" \/>\n\t<meta property=\"og:image:height\" content=\"300\" \/>\n\t<meta property=\"og:image:type\" content=\"image\/png\" \/>\n<meta name=\"twitter:card\" content=\"summary_large_image\" \/>\n<meta name=\"twitter:site\" content=\"@rp_consulting\" \/>\n<meta name=\"twitter:label1\" content=\"Szacowany czas czytania\" \/>\n\t<meta name=\"twitter:data1\" content=\"1 minuta\" \/>\n<script type=\"application\/ld+json\" class=\"yoast-schema-graph\">{\"@context\":\"https:\\\/\\\/schema.org\",\"@graph\":[{\"@type\":\"Article\",\"@id\":\"https:\\\/\\\/inteligentny-rozwoj.com.pl\\\/index.php\\\/fundusze-europejskie-2014-2020\\\/regionalne-programy-operacyjne-2014-2020-rpo-2014-2020\\\/wielkopolski-regionalny-program-operacyjny-na-lata-2014-2020-wrpo-2014\\\/dzialanie-1-5-wzmocnienie-konkurencyjnosci-przedsiebiorstw\\\/#article\",\"isPartOf\":{\"@id\":\"https:\\\/\\\/inteligentny-rozwoj.com.pl\\\/index.php\\\/fundusze-europejskie-2014-2020\\\/regionalne-programy-operacyjne-2014-2020-rpo-2014-2020\\\/wielkopolski-regionalny-program-operacyjny-na-lata-2014-2020-wrpo-2014\\\/dzialanie-1-5-wzmocnienie-konkurencyjnosci-przedsiebiorstw\\\/\"},\"author\":{\"name\":\"RP CONSULTING Rafa\u0142 Pasterczyk\",\"@id\":\"https:\\\/\\\/inteligentny-rozwoj.com.pl\\\/#\\\/schema\\\/person\\\/781a467e5e331ce384632759ecdba772\"},\"headline\":\"Dzia\u0142anie 1.5 Wzmocnienie konkurencyjno\u015bci przedsi\u0119biorstw\",\"datePublished\":\"2015-07-16T11:22:55+00:00\",\"dateModified\":\"2015-07-16T11:43:21+00:00\",\"mainEntityOfPage\":{\"@id\":\"https:\\\/\\\/inteligentny-rozwoj.com.pl\\\/index.php\\\/fundusze-europejskie-2014-2020\\\/regionalne-programy-operacyjne-2014-2020-rpo-2014-2020\\\/wielkopolski-regionalny-program-operacyjny-na-lata-2014-2020-wrpo-2014\\\/dzialanie-1-5-wzmocnienie-konkurencyjnosci-przedsiebiorstw\\\/\"},\"wordCount\":115,\"publisher\":{\"@id\":\"https:\\\/\\\/inteligentny-rozwoj.com.pl\\\/#organization\"},\"inLanguage\":\"pl-PL\"},{\"@type\":\"WebPage\",\"@id\":\"https:\\\/\\\/inteligentny-rozwoj.com.pl\\\/index.php\\\/fundusze-europejskie-2014-2020\\\/regionalne-programy-operacyjne-2014-2020-rpo-2014-2020\\\/wielkopolski-regionalny-program-operacyjny-na-lata-2014-2020-wrpo-2014\\\/dzialanie-1-5-wzmocnienie-konkurencyjnosci-przedsiebiorstw\\\/\",\"url\":\"https:\\\/\\\/inteligentny-rozwoj.com.pl\\\/index.php\\\/fundusze-europejskie-2014-2020\\\/regionalne-programy-operacyjne-2014-2020-rpo-2014-2020\\\/wielkopolski-regionalny-program-operacyjny-na-lata-2014-2020-wrpo-2014\\\/dzialanie-1-5-wzmocnienie-konkurencyjnosci-przedsiebiorstw\\\/\",\"name\":\"Dzia\u0142anie 1.5 Wzmocnienie konkurencyjno\u015bci przedsi\u0119biorstw - WRPO 2014+\",\"isPartOf\":{\"@id\":\"https:\\\/\\\/inteligentny-rozwoj.com.pl\\\/#website\"},\"datePublished\":\"2015-07-16T11:22:55+00:00\",\"dateModified\":\"2015-07-16T11:43:21+00:00\",\"description\":\"Dzia\u0142anie 1.5 Wzmocnienie konkurencyjno\u015bci przedsi\u0119biorstw - WIELKOPOLSKI REGIONALNY PROGRAM OPERACYJNY NA LATA 2014 \u2013 2020 (WRPO 2014+) - wspiera M\u015aP.\",\"breadcrumb\":{\"@id\":\"https:\\\/\\\/inteligentny-rozwoj.com.pl\\\/index.php\\\/fundusze-europejskie-2014-2020\\\/regionalne-programy-operacyjne-2014-2020-rpo-2014-2020\\\/wielkopolski-regionalny-program-operacyjny-na-lata-2014-2020-wrpo-2014\\\/dzialanie-1-5-wzmocnienie-konkurencyjnosci-przedsiebiorstw\\\/#breadcrumb\"},\"inLanguage\":\"pl-PL\",\"potentialAction\":[{\"@type\":\"ReadAction\",\"target\":[\"https:\\\/\\\/inteligentny-rozwoj.com.pl\\\/index.php\\\/fundusze-europejskie-2014-2020\\\/regionalne-programy-operacyjne-2014-2020-rpo-2014-2020\\\/wielkopolski-regionalny-program-operacyjny-na-lata-2014-2020-wrpo-2014\\\/dzialanie-1-5-wzmocnienie-konkurencyjnosci-przedsiebiorstw\\\/\"]}]},{\"@type\":\"BreadcrumbList\",\"@id\":\"https:\\\/\\\/inteligentny-rozwoj.com.pl\\\/index.php\\\/fundusze-europejskie-2014-2020\\\/regionalne-programy-operacyjne-2014-2020-rpo-2014-2020\\\/wielkopolski-regionalny-program-operacyjny-na-lata-2014-2020-wrpo-2014\\\/dzialanie-1-5-wzmocnienie-konkurencyjnosci-przedsiebiorstw\\\/#breadcrumb\",\"itemListElement\":[{\"@type\":\"ListItem\",\"position\":1,\"name\":\"Fundusze 2014-2020\",\"item\":\"https:\\\/\\\/inteligentny-rozwoj.com.pl\\\/index.php\\\/fundusze-europejskie-2014-2020\\\/\"},{\"@type\":\"ListItem\",\"position\":2,\"name\":\"RPO 2014-2020\",\"item\":\"https:\\\/\\\/inteligentny-rozwoj.com.pl\\\/index.php\\\/fundusze-europejskie-2014-2020\\\/regionalne-programy-operacyjne-2014-2020-rpo-2014-2020\\\/\"},{\"@type\":\"ListItem\",\"position\":3,\"name\":\"RPO Wielkopolskie\",\"item\":\"https:\\\/\\\/inteligentny-rozwoj.com.pl\\\/index.php\\\/fundusze-europejskie-2014-2020\\\/regionalne-programy-operacyjne-2014-2020-rpo-2014-2020\\\/wielkopolski-regionalny-program-operacyjny-na-lata-2014-2020-wrpo-2014\\\/\"},{\"@type\":\"ListItem\",\"position\":4,\"name\":\"Dzia\u0142anie 1.5 Wzmocnienie konkurencyjno\u015bci przedsi\u0119biorstw\"}]},{\"@type\":\"WebSite\",\"@id\":\"https:\\\/\\\/inteligentny-rozwoj.com.pl\\\/#website\",\"url\":\"https:\\\/\\\/inteligentny-rozwoj.com.pl\\\/\",\"name\":\"RP CONSULTING Rafa\u0142 Pasterczyk | marketing B2B, eksport, dotacje UE\",\"description\":\"Tw\u00f3j partner w rozwoju biznesu - skuteczne doradztwo w marketingu B2B, rozwoju eksportu i pozyskiwaniu dotacji\",\"publisher\":{\"@id\":\"https:\\\/\\\/inteligentny-rozwoj.com.pl\\\/#organization\"},\"alternateName\":\"Rafa\u0142 Pasterczyk RP CONSULTING\",\"potentialAction\":[{\"@type\":\"SearchAction\",\"target\":{\"@type\":\"EntryPoint\",\"urlTemplate\":\"https:\\\/\\\/inteligentny-rozwoj.com.pl\\\/?s={search_term_string}\"},\"query-input\":{\"@type\":\"PropertyValueSpecification\",\"valueRequired\":true,\"valueName\":\"search_term_string\"}}],\"inLanguage\":\"pl-PL\"},{\"@type\":\"Organization\",\"@id\":\"https:\\\/\\\/inteligentny-rozwoj.com.pl\\\/#organization\",\"name\":\"RP CONSULTING Rafa\u0142 Pasterczyk\",\"alternateName\":\"Rafa\u0142 Pasterczyk RP CONSULTING\",\"url\":\"https:\\\/\\\/inteligentny-rozwoj.com.pl\\\/\",\"logo\":{\"@type\":\"ImageObject\",\"inLanguage\":\"pl-PL\",\"@id\":\"https:\\\/\\\/inteligentny-rozwoj.com.pl\\\/#\\\/schema\\\/logo\\\/image\\\/\",\"url\":\"https:\\\/\\\/inteligentny-rozwoj.com.pl\\\/wp-content\\\/uploads\\\/2019\\\/01\\\/cropped-rpc_logo_sq-e1546996617786.png\",\"contentUrl\":\"https:\\\/\\\/inteligentny-rozwoj.com.pl\\\/wp-content\\\/uploads\\\/2019\\\/01\\\/cropped-rpc_logo_sq-e1546996617786.png\",\"width\":512,\"height\":512,\"caption\":\"RP CONSULTING Rafa\u0142 Pasterczyk\"},\"image\":{\"@id\":\"https:\\\/\\\/inteligentny-rozwoj.com.pl\\\/#\\\/schema\\\/logo\\\/image\\\/\"},\"sameAs\":[\"https:\\\/\\\/www.facebook.com\\\/RPConsulting\",\"https:\\\/\\\/x.com\\\/rp_consulting\",\"https:\\\/\\\/www.instagram.com\\\/rpconsulting.pl\\\/\",\"https:\\\/\\\/pl.linkedin.com\\\/company\\\/rp-consulting-rpc\",\"https:\\\/\\\/www.linkedin.com\\\/in\\\/rafal-pasterczyk\\\/\"]},{\"@type\":\"Person\",\"@id\":\"https:\\\/\\\/inteligentny-rozwoj.com.pl\\\/#\\\/schema\\\/person\\\/781a467e5e331ce384632759ecdba772\",\"name\":\"RP CONSULTING Rafa\u0142 Pasterczyk\",\"image\":{\"@type\":\"ImageObject\",\"inLanguage\":\"pl-PL\",\"@id\":\"https:\\\/\\\/secure.gravatar.com\\\/avatar\\\/fde501377d5b06ef1fb158c1ea34fe2defd80fd9526b2263a81456023558c240?s=96&d=mm&r=g\",\"url\":\"https:\\\/\\\/secure.gravatar.com\\\/avatar\\\/fde501377d5b06ef1fb158c1ea34fe2defd80fd9526b2263a81456023558c240?s=96&d=mm&r=g\",\"contentUrl\":\"https:\\\/\\\/secure.gravatar.com\\\/avatar\\\/fde501377d5b06ef1fb158c1ea34fe2defd80fd9526b2263a81456023558c240?s=96&d=mm&r=g\",\"caption\":\"RP CONSULTING Rafa\u0142 Pasterczyk\"},\"description\":\"Doradztwo biznesowe i outsourcing - us\u0142ugi doradcze w zakresie marketingu B2B, rozwoju eksportu oraz pozyskiwanie i rozliczanie dotacji na rozw\u00f3j eksportu i cyfryzacj\u0119. Ponad 100 skutecznie zrealizowanych projekt\u00f3w. Wiele z nich \u0142\u0105czy doradztwo w zakresie strategii internacjonalizacji ze skutecznym pozyskaniem dofinansowania na dzia\u0142ania na rynkach zagranicznych.\",\"sameAs\":[\"https:\\\/\\\/inteligentny-rozwoj.com.pl\\\/\",\"https:\\\/\\\/www.facebook.com\\\/RPConsulting\\\/\",\"https:\\\/\\\/www.instagram.com\\\/rpconsulting.pl\\\/\",\"https:\\\/\\\/pl.linkedin.com\\\/company\\\/rp-consulting-rpc\",\"https:\\\/\\\/www.youtube.com\\\/@RPCONSULTING-b2b\"],\"url\":\"https:\\\/\\\/inteligentny-rozwoj.com.pl\\\/index.php\\\/author\\\/rpconsulting\\\/\"}]}<\/script>\n<!-- \/ Yoast SEO plugin. -->","yoast_head_json":{"title":"Dzia\u0142anie 1.5 Wzmocnienie konkurencyjno\u015bci przedsi\u0119biorstw - WRPO 2014+","description":"Dzia\u0142anie 1.5 Wzmocnienie konkurencyjno\u015bci przedsi\u0119biorstw - WIELKOPOLSKI REGIONALNY PROGRAM OPERACYJNY NA LATA 2014 \u2013 2020 (WRPO 2014+) - wspiera M\u015aP.","robots":{"index":"index","follow":"follow","max-snippet":"max-snippet:-1","max-image-preview":"max-image-preview:large","max-video-preview":"max-video-preview:-1"},"canonical":"https:\/\/inteligentny-rozwoj.com.pl\/index.php\/fundusze-europejskie-2014-2020\/regionalne-programy-operacyjne-2014-2020-rpo-2014-2020\/wielkopolski-regionalny-program-operacyjny-na-lata-2014-2020-wrpo-2014\/dzialanie-1-5-wzmocnienie-konkurencyjnosci-przedsiebiorstw\/","og_locale":"pl_PL","og_type":"article","og_title":"Dzia\u0142anie 1.5 Wzmocnienie konkurencyjno\u015bci przedsi\u0119biorstw - WRPO 2014+","og_description":"Dzia\u0142anie 1.5 Wzmocnienie konkurencyjno\u015bci przedsi\u0119biorstw - WIELKOPOLSKI REGIONALNY PROGRAM OPERACYJNY NA LATA 2014 \u2013 2020 (WRPO 2014+) - wspiera M\u015aP.","og_url":"https:\/\/inteligentny-rozwoj.com.pl\/index.php\/fundusze-europejskie-2014-2020\/regionalne-programy-operacyjne-2014-2020-rpo-2014-2020\/wielkopolski-regionalny-program-operacyjny-na-lata-2014-2020-wrpo-2014\/dzialanie-1-5-wzmocnienie-konkurencyjnosci-przedsiebiorstw\/","og_site_name":"RP CONSULTING Rafa\u0142 Pasterczyk | marketing B2B, eksport, dotacje UE","article_publisher":"https:\/\/www.facebook.com\/RPConsulting","article_modified_time":"2015-07-16T11:43:21+00:00","og_image":[{"width":350,"height":300,"url":"https:\/\/inteligentny-rozwoj.com.pl\/wp-content\/uploads\/2021\/06\/rpc_logo_sq.png","type":"image\/png"}],"twitter_card":"summary_large_image","twitter_site":"@rp_consulting","twitter_misc":{"Szacowany czas czytania":"1 minuta"},"schema":{"@context":"https:\/\/schema.org","@graph":[{"@type":"Article","@id":"https:\/\/inteligentny-rozwoj.com.pl\/index.php\/fundusze-europejskie-2014-2020\/regionalne-programy-operacyjne-2014-2020-rpo-2014-2020\/wielkopolski-regionalny-program-operacyjny-na-lata-2014-2020-wrpo-2014\/dzialanie-1-5-wzmocnienie-konkurencyjnosci-przedsiebiorstw\/#article","isPartOf":{"@id":"https:\/\/inteligentny-rozwoj.com.pl\/index.php\/fundusze-europejskie-2014-2020\/regionalne-programy-operacyjne-2014-2020-rpo-2014-2020\/wielkopolski-regionalny-program-operacyjny-na-lata-2014-2020-wrpo-2014\/dzialanie-1-5-wzmocnienie-konkurencyjnosci-przedsiebiorstw\/"},"author":{"name":"RP CONSULTING Rafa\u0142 Pasterczyk","@id":"https:\/\/inteligentny-rozwoj.com.pl\/#\/schema\/person\/781a467e5e331ce384632759ecdba772"},"headline":"Dzia\u0142anie 1.5 Wzmocnienie konkurencyjno\u015bci przedsi\u0119biorstw","datePublished":"2015-07-16T11:22:55+00:00","dateModified":"2015-07-16T11:43:21+00:00","mainEntityOfPage":{"@id":"https:\/\/inteligentny-rozwoj.com.pl\/index.php\/fundusze-europejskie-2014-2020\/regionalne-programy-operacyjne-2014-2020-rpo-2014-2020\/wielkopolski-regionalny-program-operacyjny-na-lata-2014-2020-wrpo-2014\/dzialanie-1-5-wzmocnienie-konkurencyjnosci-przedsiebiorstw\/"},"wordCount":115,"publisher":{"@id":"https:\/\/inteligentny-rozwoj.com.pl\/#organization"},"inLanguage":"pl-PL"},{"@type":"WebPage","@id":"https:\/\/inteligentny-rozwoj.com.pl\/index.php\/fundusze-europejskie-2014-2020\/regionalne-programy-operacyjne-2014-2020-rpo-2014-2020\/wielkopolski-regionalny-program-operacyjny-na-lata-2014-2020-wrpo-2014\/dzialanie-1-5-wzmocnienie-konkurencyjnosci-przedsiebiorstw\/","url":"https:\/\/inteligentny-rozwoj.com.pl\/index.php\/fundusze-europejskie-2014-2020\/regionalne-programy-operacyjne-2014-2020-rpo-2014-2020\/wielkopolski-regionalny-program-operacyjny-na-lata-2014-2020-wrpo-2014\/dzialanie-1-5-wzmocnienie-konkurencyjnosci-przedsiebiorstw\/","name":"Dzia\u0142anie 1.5 Wzmocnienie konkurencyjno\u015bci przedsi\u0119biorstw - WRPO 2014+","isPartOf":{"@id":"https:\/\/inteligentny-rozwoj.com.pl\/#website"},"datePublished":"2015-07-16T11:22:55+00:00","dateModified":"2015-07-16T11:43:21+00:00","description":"Dzia\u0142anie 1.5 Wzmocnienie konkurencyjno\u015bci przedsi\u0119biorstw - WIELKOPOLSKI REGIONALNY PROGRAM OPERACYJNY NA LATA 2014 \u2013 2020 (WRPO 2014+) - wspiera M\u015aP.","breadcrumb":{"@id":"https:\/\/inteligentny-rozwoj.com.pl\/index.php\/fundusze-europejskie-2014-2020\/regionalne-programy-operacyjne-2014-2020-rpo-2014-2020\/wielkopolski-regionalny-program-operacyjny-na-lata-2014-2020-wrpo-2014\/dzialanie-1-5-wzmocnienie-konkurencyjnosci-przedsiebiorstw\/#breadcrumb"},"inLanguage":"pl-PL","potentialAction":[{"@type":"ReadAction","target":["https:\/\/inteligentny-rozwoj.com.pl\/index.php\/fundusze-europejskie-2014-2020\/regionalne-programy-operacyjne-2014-2020-rpo-2014-2020\/wielkopolski-regionalny-program-operacyjny-na-lata-2014-2020-wrpo-2014\/dzialanie-1-5-wzmocnienie-konkurencyjnosci-przedsiebiorstw\/"]}]},{"@type":"BreadcrumbList","@id":"https:\/\/inteligentny-rozwoj.com.pl\/index.php\/fundusze-europejskie-2014-2020\/regionalne-programy-operacyjne-2014-2020-rpo-2014-2020\/wielkopolski-regionalny-program-operacyjny-na-lata-2014-2020-wrpo-2014\/dzialanie-1-5-wzmocnienie-konkurencyjnosci-przedsiebiorstw\/#breadcrumb","itemListElement":[{"@type":"ListItem","position":1,"name":"Fundusze 2014-2020","item":"https:\/\/inteligentny-rozwoj.com.pl\/index.php\/fundusze-europejskie-2014-2020\/"},{"@type":"ListItem","position":2,"name":"RPO 2014-2020","item":"https:\/\/inteligentny-rozwoj.com.pl\/index.php\/fundusze-europejskie-2014-2020\/regionalne-programy-operacyjne-2014-2020-rpo-2014-2020\/"},{"@type":"ListItem","position":3,"name":"RPO Wielkopolskie","item":"https:\/\/inteligentny-rozwoj.com.pl\/index.php\/fundusze-europejskie-2014-2020\/regionalne-programy-operacyjne-2014-2020-rpo-2014-2020\/wielkopolski-regionalny-program-operacyjny-na-lata-2014-2020-wrpo-2014\/"},{"@type":"ListItem","position":4,"name":"Dzia\u0142anie 1.5 Wzmocnienie konkurencyjno\u015bci przedsi\u0119biorstw"}]},{"@type":"WebSite","@id":"https:\/\/inteligentny-rozwoj.com.pl\/#website","url":"https:\/\/inteligentny-rozwoj.com.pl\/","name":"RP CONSULTING Rafa\u0142 Pasterczyk | marketing B2B, eksport, dotacje UE","description":"Tw\u00f3j partner w rozwoju biznesu - skuteczne doradztwo w marketingu B2B, rozwoju eksportu i pozyskiwaniu dotacji","publisher":{"@id":"https:\/\/inteligentny-rozwoj.com.pl\/#organization"},"alternateName":"Rafa\u0142 Pasterczyk RP CONSULTING","potentialAction":[{"@type":"SearchAction","target":{"@type":"EntryPoint","urlTemplate":"https:\/\/inteligentny-rozwoj.com.pl\/?s={search_term_string}"},"query-input":{"@type":"PropertyValueSpecification","valueRequired":true,"valueName":"search_term_string"}}],"inLanguage":"pl-PL"},{"@type":"Organization","@id":"https:\/\/inteligentny-rozwoj.com.pl\/#organization","name":"RP CONSULTING Rafa\u0142 Pasterczyk","alternateName":"Rafa\u0142 Pasterczyk RP CONSULTING","url":"https:\/\/inteligentny-rozwoj.com.pl\/","logo":{"@type":"ImageObject","inLanguage":"pl-PL","@id":"https:\/\/inteligentny-rozwoj.com.pl\/#\/schema\/logo\/image\/","url":"https:\/\/inteligentny-rozwoj.com.pl\/wp-content\/uploads\/2019\/01\/cropped-rpc_logo_sq-e1546996617786.png","contentUrl":"https:\/\/inteligentny-rozwoj.com.pl\/wp-content\/uploads\/2019\/01\/cropped-rpc_logo_sq-e1546996617786.png","width":512,"height":512,"caption":"RP CONSULTING Rafa\u0142 Pasterczyk"},"image":{"@id":"https:\/\/inteligentny-rozwoj.com.pl\/#\/schema\/logo\/image\/"},"sameAs":["https:\/\/www.facebook.com\/RPConsulting","https:\/\/x.com\/rp_consulting","https:\/\/www.instagram.com\/rpconsulting.pl\/","https:\/\/pl.linkedin.com\/company\/rp-consulting-rpc","https:\/\/www.linkedin.com\/in\/rafal-pasterczyk\/"]},{"@type":"Person","@id":"https:\/\/inteligentny-rozwoj.com.pl\/#\/schema\/person\/781a467e5e331ce384632759ecdba772","name":"RP CONSULTING Rafa\u0142 Pasterczyk","image":{"@type":"ImageObject","inLanguage":"pl-PL","@id":"https:\/\/secure.gravatar.com\/avatar\/fde501377d5b06ef1fb158c1ea34fe2defd80fd9526b2263a81456023558c240?s=96&d=mm&r=g","url":"https:\/\/secure.gravatar.com\/avatar\/fde501377d5b06ef1fb158c1ea34fe2defd80fd9526b2263a81456023558c240?s=96&d=mm&r=g","contentUrl":"https:\/\/secure.gravatar.com\/avatar\/fde501377d5b06ef1fb158c1ea34fe2defd80fd9526b2263a81456023558c240?s=96&d=mm&r=g","caption":"RP CONSULTING Rafa\u0142 Pasterczyk"},"description":"Doradztwo biznesowe i outsourcing - us\u0142ugi doradcze w zakresie marketingu B2B, rozwoju eksportu oraz pozyskiwanie i rozliczanie dotacji na rozw\u00f3j eksportu i cyfryzacj\u0119. Ponad 100 skutecznie zrealizowanych projekt\u00f3w. Wiele z nich \u0142\u0105czy doradztwo w zakresie strategii internacjonalizacji ze skutecznym pozyskaniem dofinansowania na dzia\u0142ania na rynkach zagranicznych.","sameAs":["https:\/\/inteligentny-rozwoj.com.pl\/","https:\/\/www.facebook.com\/RPConsulting\/","https:\/\/www.instagram.com\/rpconsulting.pl\/","https:\/\/pl.linkedin.com\/company\/rp-consulting-rpc","https:\/\/www.youtube.com\/@RPCONSULTING-b2b"],"url":"https:\/\/inteligentny-rozwoj.com.pl\/index.php\/author\/rpconsulting\/"}]}},"uagb_featured_image_src":{"full":false,"thumbnail":false,"medium":false,"medium_large":false,"large":false,"1536x1536":false,"2048x2048":false,"post-thumbnail":false,"sow-carousel-default":false,"sow-blog-portfolio":false,"sow-blog-grid":false,"sow-blog-alternate":false},"uagb_author_info":{"display_name":"RP CONSULTING Rafa\u0142 Pasterczyk","author_link":"https:\/\/inteligentny-rozwoj.com.pl\/index.php\/author\/rpconsulting\/"},"uagb_comment_info":0,"uagb_excerpt":"Dzia&#322;anie 1.5 Wzmocnienie konkurencyjno&#347;ci przedsi&#281;biorstw &ndash; WIELKOPOLSKI REGIONALNY PROGRAM OPERACYJNY NA LATA 2014 &ndash; 2020 (WRPO 2014+) &ndash; realizowane jest w ramach osi priorytetowej 1. Innowacyjna i konkurencyjna gospodarka. Dzia&#322;anie 1.5 Wzmocnienie konkurencyjno&#347;ci przedsi&#281;biorstw realizuje cel tematyczny 3 (CT3) Wzmacnianie konkurencyjno&#347;ci ma&#322;ych i &#347;rednich przedsi&#281;biorstw oraz priorytet inwestycyjny 3c Wspieranie tworzenia i poszerzania zaawansowanych zdolno&#347;ci&hellip;","_links":{"self":[{"href":"https:\/\/inteligentny-rozwoj.com.pl\/index.php\/wp-json\/wp\/v2\/pages\/1188","targetHints":{"allow":["GET"]}}],"collection":[{"href":"https:\/\/inteligentny-rozwoj.com.pl\/index.php\/wp-json\/wp\/v2\/pages"}],"about":[{"href":"https:\/\/inteligentny-rozwoj.com.pl\/index.php\/wp-json\/wp\/v2\/types\/page"}],"author":[{"embeddable":true,"href":"https:\/\/inteligentny-rozwoj.com.pl\/index.php\/wp-json\/wp\/v2\/users\/1"}],"replies":[{"embeddable":true,"href":"https:\/\/inteligentny-rozwoj.com.pl\/index.php\/wp-json\/wp\/v2\/comments?post=1188"}],"version-history":[{"count":4,"href":"https:\/\/inteligentny-rozwoj.com.pl\/index.php\/wp-json\/wp\/v2\/pages\/1188\/revisions"}],"predecessor-version":[{"id":1197,"href":"https:\/\/inteligentny-rozwoj.com.pl\/index.php\/wp-json\/wp\/v2\/pages\/1188\/revisions\/1197"}],"up":[{"embeddable":true,"href":"https:\/\/inteligentny-rozwoj.com.pl\/index.php\/wp-json\/wp\/v2\/pages\/905"}],"wp:attachment":[{"href":"https:\/\/inteligentny-rozwoj.com.pl\/index.php\/wp-json\/wp\/v2\/media?parent=1188"}],"curies":[{"name":"wp","href":"https:\/\/api.w.org\/{rel}","templated":true}]}}