{"id":1282,"date":"2015-07-27T12:41:55","date_gmt":"2015-07-27T10:41:55","guid":{"rendered":"https:\/\/inteligentny-rozwoj.com.pl\/?page_id=1282"},"modified":"2015-07-27T12:41:55","modified_gmt":"2015-07-27T10:41:55","slug":"dzialanie-1-5-bon-na-patent","status":"publish","type":"page","link":"https:\/\/inteligentny-rozwoj.com.pl\/index.php\/fundusze-europejskie-2014-2020\/regionalne-programy-operacyjne-2014-2020-rpo-2014-2020\/regionalny-program-operacyjny-wojewodztwa-lubelskiego-na-lata-2014-2020\/dzialanie-1-5-bon-na-patent\/","title":{"rendered":"Dzia\u0142anie 1.5 Bon na patent"},"content":{"rendered":"<p style=\"text-align: justify;\">Dzia\u0142anie 1.5 Bon na patent &#8211; Regionalny Program Operacyjny Wojew\u00f3dztwa Lubelskiego na lata 2014 \u2013 2020.<\/p>\n<p style=\"text-align: justify;\">Dzia\u0142anie 1.5 Bon na patent jako cel g\u0142\u00f3wny zak\u0142ada wsparcie przedsi\u0119biorc\u00f3w w procesie ubiegania si\u0119 o ochron\u0119 patentow\u0105 dla uzyskanych przez nich wynik\u00f3w bada\u0144 naukowych lub prac rozwojowych.<br \/>\nPowy\u017csze przyczyni si\u0119 do wzrostu liczby zg\u0142osze\u0144 patentowych z zakresu inteligentnych specjalizacji regionu zawartych w Regionalnej Strategii Innowacji Wojew\u00f3dztwa Lubelskiego do 2020 r. dokonywanych przez przedsi\u0119biorc\u00f3w dzia\u0142aj\u0105cych na terenie wojew\u00f3dztwa lubelskiego. Oczekiwanym rezultatem tego typu przedsi\u0119wzi\u0119\u0107 jest wzrost innowacji wytwarzanych i wdra\u017canych w regionie przez przedsi\u0119biorstwa.<\/p>\n<p style=\"text-align: justify;\"><strong>Typy projekt\u00f3w<\/strong>:<\/p>\n<p style=\"text-align: justify;\">Wsparcie na pokrycie koszt\u00f3w zwi\u0105zanych z przygotowaniem i dokonaniem zg\u0142oszenia patentowego wynalazku z zakresu inteligentnych specjalizacji regionu (biogospodarka, medycyna i zdrowie, energetyka niskoemisyjna, informatyka i automatyka).<\/p>\n<p style=\"text-align: justify;\"><strong>Beneficjenci<\/strong>:<\/p>\n<ul style=\"text-align: justify;\">\n<li>Mikro, ma\u0142e i \u015brednie przedsi\u0119biorstwa<\/li>\n<\/ul>\n<p style=\"text-align: justify;\">(zgodnie z definicj\u0105 zawart\u0105 w rozporz\u0105dzeniu Komisji (UE) NR 651\/2014 z dnia 17 czerwca 2014 r. uznaj\u0105ce niekt\u00f3re rodzaje pomocy za zgodne z rynkiem wewn\u0119trznym w zastosowaniu art. 107 i 108 Traktatu).<br \/>\nBeneficjenci pomocy zobowi\u0105zani s\u0105 do posiadania siedziby, zak\u0142adu lub oddzia\u0142u na terenie wojew\u00f3dztwa lubelskiego najp\u00f3\u017aniej w dniu wyp\u0142aty pomocy, oraz utrzymania go przynajmniej w okresie trwa\u0142o\u015bci projektu.<\/p>\n<p style=\"text-align: justify;\"><strong>Limity i ograniczenia w realizacji projekt\u00f3w<\/strong>:<\/p>\n<p style=\"text-align: justify;\">1. Szczeg\u00f3\u0142owe zasady kwalifikowalno\u015bci wydatk\u00f3w okre\u015blone zostan\u0105 w Wy-tycznych programowych w ramach RPO WL na lata 2014 \u2013 2020.<br \/>\n2. Projekty musz\u0105 by\u0107 zgodne z Regionaln\u0105 Strategi\u0105 Innowacji Wojew\u00f3dztwa Lubelskiego do 2020 r.<br \/>\n3. Wsparcie w ramach Dzia\u0142ania nie mo\u017ce by\u0107 udzielone w zakresie w jakim jest wykluczone w art. 1 ust. 2 &#8211; 5 Rozporz\u0105dzenia Komisji (UE) NR 651\/2014 z dnia 17 czerwca 2014 r. uznaj\u0105cym niekt\u00f3re rodzaje pomocy za zgodne z rynkiem wewn\u0119trznym w zastosowaniu art. 107 i 108 Traktatu.<\/p>\n<p style=\"text-align: justify;\"><strong>Maksymalny poziom wsparcia<\/strong>: 80%<\/p>\n<p style=\"text-align: justify;\"><strong>Minimalna i maksymalna warto\u015b\u0107 projektu (PLN)<\/strong>:<\/p>\n<ul style=\"text-align: justify;\">\n<li>Minimalna warto\u015b\u0107 projektu: 10 000,00 PLN<\/li>\n<li>Maksymalna warto\u015b\u0107 projektu: 80 000,00 PLN<\/li>\n<\/ul>\n<p style=\"text-align: justify;\"><strong>Instytucja Po\u015brednicz\u0105ca<\/strong>:<\/p>\n<p style=\"text-align: justify;\">Lubelska Agencja Wspierania Przedsi\u0119biorczo\u015bci: http:\/\/www.lawp.eu\/<\/p>\n<p style=\"text-align: justify;\">Brak nabor\u00f3w zaplanowanych na rok 2015<\/p>\n","protected":false},"excerpt":{"rendered":"<p>Dzia&#322;anie 1.5 Bon na patent &ndash; Regionalny Program Operacyjny Wojew&oacute;dztwa Lubelskiego na lata 2014 &ndash; 2020. Dzia&#322;anie 1.5 Bon na patent jako cel g&#322;&oacute;wny zak&#322;ada wsparcie przedsi&#281;biorc&oacute;w w procesie ubiegania si&#281; o ochron&#281; patentow&#261; dla uzyskanych przez nich wynik&oacute;w bada&#324; naukowych lub prac rozwojowych. Powy&#380;sze przyczyni si&#281; do wzrostu liczby zg&#322;osze&#324; patentowych z zakresu inteligentnych [&hellip;]<\/p>\n","protected":false},"author":1,"featured_media":0,"parent":869,"menu_order":4,"comment_status":"closed","ping_status":"closed","template":"page-templates\/full-width.php","meta":{"_crdt_document":"","content-type":"","_uag_custom_page_level_css":"","footnotes":""},"class_list":["post-1282","page","type-page","status-publish","hentry"],"yoast_head":"<!-- This site is optimized with the Yoast SEO plugin v27.3 - https:\/\/yoast.com\/product\/yoast-seo-wordpress\/ -->\n<title>Dzia\u0142anie 1.5 Bon na patent - RPO Lubelskiego na lata 2014 \u2013 2020<\/title>\n<meta name=\"description\" content=\"Dzia\u0142anie 1.5 Bon na patent - Regionalny Program Operacyjny Wojew\u00f3dztwa Lubelskiego na lata 2014 \u2013 2020 - wspiera firmy ubiegaj\u0105ce si\u0119 o ochron\u0119 patentow\u0105.\" \/>\n<meta name=\"robots\" content=\"index, follow, max-snippet:-1, max-image-preview:large, max-video-preview:-1\" \/>\n<link rel=\"canonical\" href=\"https:\/\/inteligentny-rozwoj.com.pl\/index.php\/fundusze-europejskie-2014-2020\/regionalne-programy-operacyjne-2014-2020-rpo-2014-2020\/regionalny-program-operacyjny-wojewodztwa-lubelskiego-na-lata-2014-2020\/dzialanie-1-5-bon-na-patent\/\" \/>\n<meta property=\"og:locale\" content=\"pl_PL\" \/>\n<meta property=\"og:type\" content=\"article\" \/>\n<meta property=\"og:title\" content=\"Dzia\u0142anie 1.5 Bon na patent - RPO Lubelskiego na lata 2014 \u2013 2020\" \/>\n<meta property=\"og:description\" content=\"Dzia\u0142anie 1.5 Bon na patent - Regionalny Program Operacyjny Wojew\u00f3dztwa Lubelskiego na lata 2014 \u2013 2020 - wspiera firmy ubiegaj\u0105ce si\u0119 o ochron\u0119 patentow\u0105.\" \/>\n<meta property=\"og:url\" content=\"https:\/\/inteligentny-rozwoj.com.pl\/index.php\/fundusze-europejskie-2014-2020\/regionalne-programy-operacyjne-2014-2020-rpo-2014-2020\/regionalny-program-operacyjny-wojewodztwa-lubelskiego-na-lata-2014-2020\/dzialanie-1-5-bon-na-patent\/\" \/>\n<meta property=\"og:site_name\" content=\"RP CONSULTING Rafa\u0142 Pasterczyk | marketing B2B, eksport, dotacje UE\" \/>\n<meta property=\"article:publisher\" content=\"https:\/\/www.facebook.com\/RPConsulting\" \/>\n<meta property=\"og:image\" content=\"https:\/\/inteligentny-rozwoj.com.pl\/wp-content\/uploads\/2021\/06\/rpc_logo_sq.png\" \/>\n\t<meta property=\"og:image:width\" content=\"350\" \/>\n\t<meta property=\"og:image:height\" content=\"300\" \/>\n\t<meta property=\"og:image:type\" content=\"image\/png\" \/>\n<meta name=\"twitter:card\" content=\"summary_large_image\" \/>\n<meta name=\"twitter:site\" content=\"@rp_consulting\" \/>\n<meta name=\"twitter:label1\" content=\"Szacowany czas czytania\" \/>\n\t<meta name=\"twitter:data1\" content=\"2 minuty\" \/>\n<script type=\"application\/ld+json\" class=\"yoast-schema-graph\">{\"@context\":\"https:\\\/\\\/schema.org\",\"@graph\":[{\"@type\":\"Article\",\"@id\":\"https:\\\/\\\/inteligentny-rozwoj.com.pl\\\/index.php\\\/fundusze-europejskie-2014-2020\\\/regionalne-programy-operacyjne-2014-2020-rpo-2014-2020\\\/regionalny-program-operacyjny-wojewodztwa-lubelskiego-na-lata-2014-2020\\\/dzialanie-1-5-bon-na-patent\\\/#article\",\"isPartOf\":{\"@id\":\"https:\\\/\\\/inteligentny-rozwoj.com.pl\\\/index.php\\\/fundusze-europejskie-2014-2020\\\/regionalne-programy-operacyjne-2014-2020-rpo-2014-2020\\\/regionalny-program-operacyjny-wojewodztwa-lubelskiego-na-lata-2014-2020\\\/dzialanie-1-5-bon-na-patent\\\/\"},\"author\":{\"name\":\"RP CONSULTING Rafa\u0142 Pasterczyk\",\"@id\":\"https:\\\/\\\/inteligentny-rozwoj.com.pl\\\/#\\\/schema\\\/person\\\/781a467e5e331ce384632759ecdba772\"},\"headline\":\"Dzia\u0142anie 1.5 Bon na patent\",\"datePublished\":\"2015-07-27T10:41:55+00:00\",\"mainEntityOfPage\":{\"@id\":\"https:\\\/\\\/inteligentny-rozwoj.com.pl\\\/index.php\\\/fundusze-europejskie-2014-2020\\\/regionalne-programy-operacyjne-2014-2020-rpo-2014-2020\\\/regionalny-program-operacyjny-wojewodztwa-lubelskiego-na-lata-2014-2020\\\/dzialanie-1-5-bon-na-patent\\\/\"},\"wordCount\":336,\"publisher\":{\"@id\":\"https:\\\/\\\/inteligentny-rozwoj.com.pl\\\/#organization\"},\"inLanguage\":\"pl-PL\"},{\"@type\":\"WebPage\",\"@id\":\"https:\\\/\\\/inteligentny-rozwoj.com.pl\\\/index.php\\\/fundusze-europejskie-2014-2020\\\/regionalne-programy-operacyjne-2014-2020-rpo-2014-2020\\\/regionalny-program-operacyjny-wojewodztwa-lubelskiego-na-lata-2014-2020\\\/dzialanie-1-5-bon-na-patent\\\/\",\"url\":\"https:\\\/\\\/inteligentny-rozwoj.com.pl\\\/index.php\\\/fundusze-europejskie-2014-2020\\\/regionalne-programy-operacyjne-2014-2020-rpo-2014-2020\\\/regionalny-program-operacyjny-wojewodztwa-lubelskiego-na-lata-2014-2020\\\/dzialanie-1-5-bon-na-patent\\\/\",\"name\":\"Dzia\u0142anie 1.5 Bon na patent - RPO Lubelskiego na lata 2014 \u2013 2020\",\"isPartOf\":{\"@id\":\"https:\\\/\\\/inteligentny-rozwoj.com.pl\\\/#website\"},\"datePublished\":\"2015-07-27T10:41:55+00:00\",\"description\":\"Dzia\u0142anie 1.5 Bon na patent - Regionalny Program Operacyjny Wojew\u00f3dztwa Lubelskiego na lata 2014 \u2013 2020 - wspiera firmy ubiegaj\u0105ce si\u0119 o ochron\u0119 patentow\u0105.\",\"breadcrumb\":{\"@id\":\"https:\\\/\\\/inteligentny-rozwoj.com.pl\\\/index.php\\\/fundusze-europejskie-2014-2020\\\/regionalne-programy-operacyjne-2014-2020-rpo-2014-2020\\\/regionalny-program-operacyjny-wojewodztwa-lubelskiego-na-lata-2014-2020\\\/dzialanie-1-5-bon-na-patent\\\/#breadcrumb\"},\"inLanguage\":\"pl-PL\",\"potentialAction\":[{\"@type\":\"ReadAction\",\"target\":[\"https:\\\/\\\/inteligentny-rozwoj.com.pl\\\/index.php\\\/fundusze-europejskie-2014-2020\\\/regionalne-programy-operacyjne-2014-2020-rpo-2014-2020\\\/regionalny-program-operacyjny-wojewodztwa-lubelskiego-na-lata-2014-2020\\\/dzialanie-1-5-bon-na-patent\\\/\"]}]},{\"@type\":\"BreadcrumbList\",\"@id\":\"https:\\\/\\\/inteligentny-rozwoj.com.pl\\\/index.php\\\/fundusze-europejskie-2014-2020\\\/regionalne-programy-operacyjne-2014-2020-rpo-2014-2020\\\/regionalny-program-operacyjny-wojewodztwa-lubelskiego-na-lata-2014-2020\\\/dzialanie-1-5-bon-na-patent\\\/#breadcrumb\",\"itemListElement\":[{\"@type\":\"ListItem\",\"position\":1,\"name\":\"Fundusze 2014-2020\",\"item\":\"https:\\\/\\\/inteligentny-rozwoj.com.pl\\\/index.php\\\/fundusze-europejskie-2014-2020\\\/\"},{\"@type\":\"ListItem\",\"position\":2,\"name\":\"RPO 2014-2020\",\"item\":\"https:\\\/\\\/inteligentny-rozwoj.com.pl\\\/index.php\\\/fundusze-europejskie-2014-2020\\\/regionalne-programy-operacyjne-2014-2020-rpo-2014-2020\\\/\"},{\"@type\":\"ListItem\",\"position\":3,\"name\":\"RPO Lubelskie\",\"item\":\"https:\\\/\\\/inteligentny-rozwoj.com.pl\\\/index.php\\\/fundusze-europejskie-2014-2020\\\/regionalne-programy-operacyjne-2014-2020-rpo-2014-2020\\\/regionalny-program-operacyjny-wojewodztwa-lubelskiego-na-lata-2014-2020\\\/\"},{\"@type\":\"ListItem\",\"position\":4,\"name\":\"Dzia\u0142anie 1.5 Bon na patent\"}]},{\"@type\":\"WebSite\",\"@id\":\"https:\\\/\\\/inteligentny-rozwoj.com.pl\\\/#website\",\"url\":\"https:\\\/\\\/inteligentny-rozwoj.com.pl\\\/\",\"name\":\"RP CONSULTING Rafa\u0142 Pasterczyk | marketing B2B, eksport, dotacje UE\",\"description\":\"Tw\u00f3j partner w rozwoju biznesu - skuteczne doradztwo w marketingu B2B, rozwoju eksportu i pozyskiwaniu dotacji\",\"publisher\":{\"@id\":\"https:\\\/\\\/inteligentny-rozwoj.com.pl\\\/#organization\"},\"alternateName\":\"Rafa\u0142 Pasterczyk RP CONSULTING\",\"potentialAction\":[{\"@type\":\"SearchAction\",\"target\":{\"@type\":\"EntryPoint\",\"urlTemplate\":\"https:\\\/\\\/inteligentny-rozwoj.com.pl\\\/?s={search_term_string}\"},\"query-input\":{\"@type\":\"PropertyValueSpecification\",\"valueRequired\":true,\"valueName\":\"search_term_string\"}}],\"inLanguage\":\"pl-PL\"},{\"@type\":\"Organization\",\"@id\":\"https:\\\/\\\/inteligentny-rozwoj.com.pl\\\/#organization\",\"name\":\"RP CONSULTING Rafa\u0142 Pasterczyk\",\"alternateName\":\"Rafa\u0142 Pasterczyk RP CONSULTING\",\"url\":\"https:\\\/\\\/inteligentny-rozwoj.com.pl\\\/\",\"logo\":{\"@type\":\"ImageObject\",\"inLanguage\":\"pl-PL\",\"@id\":\"https:\\\/\\\/inteligentny-rozwoj.com.pl\\\/#\\\/schema\\\/logo\\\/image\\\/\",\"url\":\"https:\\\/\\\/inteligentny-rozwoj.com.pl\\\/wp-content\\\/uploads\\\/2019\\\/01\\\/cropped-rpc_logo_sq-e1546996617786.png\",\"contentUrl\":\"https:\\\/\\\/inteligentny-rozwoj.com.pl\\\/wp-content\\\/uploads\\\/2019\\\/01\\\/cropped-rpc_logo_sq-e1546996617786.png\",\"width\":512,\"height\":512,\"caption\":\"RP CONSULTING Rafa\u0142 Pasterczyk\"},\"image\":{\"@id\":\"https:\\\/\\\/inteligentny-rozwoj.com.pl\\\/#\\\/schema\\\/logo\\\/image\\\/\"},\"sameAs\":[\"https:\\\/\\\/www.facebook.com\\\/RPConsulting\",\"https:\\\/\\\/x.com\\\/rp_consulting\",\"https:\\\/\\\/www.instagram.com\\\/rpconsulting.pl\\\/\",\"https:\\\/\\\/pl.linkedin.com\\\/company\\\/rp-consulting-rpc\",\"https:\\\/\\\/www.linkedin.com\\\/in\\\/rafal-pasterczyk\\\/\"]},{\"@type\":\"Person\",\"@id\":\"https:\\\/\\\/inteligentny-rozwoj.com.pl\\\/#\\\/schema\\\/person\\\/781a467e5e331ce384632759ecdba772\",\"name\":\"RP CONSULTING Rafa\u0142 Pasterczyk\",\"image\":{\"@type\":\"ImageObject\",\"inLanguage\":\"pl-PL\",\"@id\":\"https:\\\/\\\/secure.gravatar.com\\\/avatar\\\/fde501377d5b06ef1fb158c1ea34fe2defd80fd9526b2263a81456023558c240?s=96&d=mm&r=g\",\"url\":\"https:\\\/\\\/secure.gravatar.com\\\/avatar\\\/fde501377d5b06ef1fb158c1ea34fe2defd80fd9526b2263a81456023558c240?s=96&d=mm&r=g\",\"contentUrl\":\"https:\\\/\\\/secure.gravatar.com\\\/avatar\\\/fde501377d5b06ef1fb158c1ea34fe2defd80fd9526b2263a81456023558c240?s=96&d=mm&r=g\",\"caption\":\"RP CONSULTING Rafa\u0142 Pasterczyk\"},\"description\":\"Doradztwo biznesowe, outsourcing i interim management w zakresie marketingu B2B, rozwoju eksportu, a tak\u017ce pozyskiwanie i rozliczanie dotacji na rozw\u00f3j eksportu i cyfryzacj\u0119. Ponad 100 skutecznie zrealizowanych projekt\u00f3w dla M\u015aP. Wiele z nich \u0142\u0105czy doradztwo w zakresie strategii internacjonalizacji ze skutecznym pozyskaniem dofinansowania na dzia\u0142ania na rynkach zagranicznych.\",\"sameAs\":[\"https:\\\/\\\/inteligentny-rozwoj.com.pl\\\/\",\"https:\\\/\\\/www.facebook.com\\\/RPConsulting\\\/\",\"https:\\\/\\\/www.instagram.com\\\/rpconsulting.pl\\\/\",\"https:\\\/\\\/pl.linkedin.com\\\/company\\\/rp-consulting-rpc\",\"https:\\\/\\\/www.youtube.com\\\/@RPCONSULTING-b2b\"],\"url\":\"https:\\\/\\\/inteligentny-rozwoj.com.pl\\\/index.php\\\/author\\\/rpconsulting\\\/\"}]}<\/script>\n<!-- \/ Yoast SEO plugin. -->","yoast_head_json":{"title":"Dzia\u0142anie 1.5 Bon na patent - RPO Lubelskiego na lata 2014 \u2013 2020","description":"Dzia\u0142anie 1.5 Bon na patent - Regionalny Program Operacyjny Wojew\u00f3dztwa Lubelskiego na lata 2014 \u2013 2020 - wspiera firmy ubiegaj\u0105ce si\u0119 o ochron\u0119 patentow\u0105.","robots":{"index":"index","follow":"follow","max-snippet":"max-snippet:-1","max-image-preview":"max-image-preview:large","max-video-preview":"max-video-preview:-1"},"canonical":"https:\/\/inteligentny-rozwoj.com.pl\/index.php\/fundusze-europejskie-2014-2020\/regionalne-programy-operacyjne-2014-2020-rpo-2014-2020\/regionalny-program-operacyjny-wojewodztwa-lubelskiego-na-lata-2014-2020\/dzialanie-1-5-bon-na-patent\/","og_locale":"pl_PL","og_type":"article","og_title":"Dzia\u0142anie 1.5 Bon na patent - RPO Lubelskiego na lata 2014 \u2013 2020","og_description":"Dzia\u0142anie 1.5 Bon na patent - Regionalny Program Operacyjny Wojew\u00f3dztwa Lubelskiego na lata 2014 \u2013 2020 - wspiera firmy ubiegaj\u0105ce si\u0119 o ochron\u0119 patentow\u0105.","og_url":"https:\/\/inteligentny-rozwoj.com.pl\/index.php\/fundusze-europejskie-2014-2020\/regionalne-programy-operacyjne-2014-2020-rpo-2014-2020\/regionalny-program-operacyjny-wojewodztwa-lubelskiego-na-lata-2014-2020\/dzialanie-1-5-bon-na-patent\/","og_site_name":"RP CONSULTING Rafa\u0142 Pasterczyk | marketing B2B, eksport, dotacje UE","article_publisher":"https:\/\/www.facebook.com\/RPConsulting","og_image":[{"width":350,"height":300,"url":"https:\/\/inteligentny-rozwoj.com.pl\/wp-content\/uploads\/2021\/06\/rpc_logo_sq.png","type":"image\/png"}],"twitter_card":"summary_large_image","twitter_site":"@rp_consulting","twitter_misc":{"Szacowany czas czytania":"2 minuty"},"schema":{"@context":"https:\/\/schema.org","@graph":[{"@type":"Article","@id":"https:\/\/inteligentny-rozwoj.com.pl\/index.php\/fundusze-europejskie-2014-2020\/regionalne-programy-operacyjne-2014-2020-rpo-2014-2020\/regionalny-program-operacyjny-wojewodztwa-lubelskiego-na-lata-2014-2020\/dzialanie-1-5-bon-na-patent\/#article","isPartOf":{"@id":"https:\/\/inteligentny-rozwoj.com.pl\/index.php\/fundusze-europejskie-2014-2020\/regionalne-programy-operacyjne-2014-2020-rpo-2014-2020\/regionalny-program-operacyjny-wojewodztwa-lubelskiego-na-lata-2014-2020\/dzialanie-1-5-bon-na-patent\/"},"author":{"name":"RP CONSULTING Rafa\u0142 Pasterczyk","@id":"https:\/\/inteligentny-rozwoj.com.pl\/#\/schema\/person\/781a467e5e331ce384632759ecdba772"},"headline":"Dzia\u0142anie 1.5 Bon na patent","datePublished":"2015-07-27T10:41:55+00:00","mainEntityOfPage":{"@id":"https:\/\/inteligentny-rozwoj.com.pl\/index.php\/fundusze-europejskie-2014-2020\/regionalne-programy-operacyjne-2014-2020-rpo-2014-2020\/regionalny-program-operacyjny-wojewodztwa-lubelskiego-na-lata-2014-2020\/dzialanie-1-5-bon-na-patent\/"},"wordCount":336,"publisher":{"@id":"https:\/\/inteligentny-rozwoj.com.pl\/#organization"},"inLanguage":"pl-PL"},{"@type":"WebPage","@id":"https:\/\/inteligentny-rozwoj.com.pl\/index.php\/fundusze-europejskie-2014-2020\/regionalne-programy-operacyjne-2014-2020-rpo-2014-2020\/regionalny-program-operacyjny-wojewodztwa-lubelskiego-na-lata-2014-2020\/dzialanie-1-5-bon-na-patent\/","url":"https:\/\/inteligentny-rozwoj.com.pl\/index.php\/fundusze-europejskie-2014-2020\/regionalne-programy-operacyjne-2014-2020-rpo-2014-2020\/regionalny-program-operacyjny-wojewodztwa-lubelskiego-na-lata-2014-2020\/dzialanie-1-5-bon-na-patent\/","name":"Dzia\u0142anie 1.5 Bon na patent - RPO Lubelskiego na lata 2014 \u2013 2020","isPartOf":{"@id":"https:\/\/inteligentny-rozwoj.com.pl\/#website"},"datePublished":"2015-07-27T10:41:55+00:00","description":"Dzia\u0142anie 1.5 Bon na patent - Regionalny Program Operacyjny Wojew\u00f3dztwa Lubelskiego na lata 2014 \u2013 2020 - wspiera firmy ubiegaj\u0105ce si\u0119 o ochron\u0119 patentow\u0105.","breadcrumb":{"@id":"https:\/\/inteligentny-rozwoj.com.pl\/index.php\/fundusze-europejskie-2014-2020\/regionalne-programy-operacyjne-2014-2020-rpo-2014-2020\/regionalny-program-operacyjny-wojewodztwa-lubelskiego-na-lata-2014-2020\/dzialanie-1-5-bon-na-patent\/#breadcrumb"},"inLanguage":"pl-PL","potentialAction":[{"@type":"ReadAction","target":["https:\/\/inteligentny-rozwoj.com.pl\/index.php\/fundusze-europejskie-2014-2020\/regionalne-programy-operacyjne-2014-2020-rpo-2014-2020\/regionalny-program-operacyjny-wojewodztwa-lubelskiego-na-lata-2014-2020\/dzialanie-1-5-bon-na-patent\/"]}]},{"@type":"BreadcrumbList","@id":"https:\/\/inteligentny-rozwoj.com.pl\/index.php\/fundusze-europejskie-2014-2020\/regionalne-programy-operacyjne-2014-2020-rpo-2014-2020\/regionalny-program-operacyjny-wojewodztwa-lubelskiego-na-lata-2014-2020\/dzialanie-1-5-bon-na-patent\/#breadcrumb","itemListElement":[{"@type":"ListItem","position":1,"name":"Fundusze 2014-2020","item":"https:\/\/inteligentny-rozwoj.com.pl\/index.php\/fundusze-europejskie-2014-2020\/"},{"@type":"ListItem","position":2,"name":"RPO 2014-2020","item":"https:\/\/inteligentny-rozwoj.com.pl\/index.php\/fundusze-europejskie-2014-2020\/regionalne-programy-operacyjne-2014-2020-rpo-2014-2020\/"},{"@type":"ListItem","position":3,"name":"RPO Lubelskie","item":"https:\/\/inteligentny-rozwoj.com.pl\/index.php\/fundusze-europejskie-2014-2020\/regionalne-programy-operacyjne-2014-2020-rpo-2014-2020\/regionalny-program-operacyjny-wojewodztwa-lubelskiego-na-lata-2014-2020\/"},{"@type":"ListItem","position":4,"name":"Dzia\u0142anie 1.5 Bon na patent"}]},{"@type":"WebSite","@id":"https:\/\/inteligentny-rozwoj.com.pl\/#website","url":"https:\/\/inteligentny-rozwoj.com.pl\/","name":"RP CONSULTING Rafa\u0142 Pasterczyk | marketing B2B, eksport, dotacje UE","description":"Tw\u00f3j partner w rozwoju biznesu - skuteczne doradztwo w marketingu B2B, rozwoju eksportu i pozyskiwaniu dotacji","publisher":{"@id":"https:\/\/inteligentny-rozwoj.com.pl\/#organization"},"alternateName":"Rafa\u0142 Pasterczyk RP CONSULTING","potentialAction":[{"@type":"SearchAction","target":{"@type":"EntryPoint","urlTemplate":"https:\/\/inteligentny-rozwoj.com.pl\/?s={search_term_string}"},"query-input":{"@type":"PropertyValueSpecification","valueRequired":true,"valueName":"search_term_string"}}],"inLanguage":"pl-PL"},{"@type":"Organization","@id":"https:\/\/inteligentny-rozwoj.com.pl\/#organization","name":"RP CONSULTING Rafa\u0142 Pasterczyk","alternateName":"Rafa\u0142 Pasterczyk RP CONSULTING","url":"https:\/\/inteligentny-rozwoj.com.pl\/","logo":{"@type":"ImageObject","inLanguage":"pl-PL","@id":"https:\/\/inteligentny-rozwoj.com.pl\/#\/schema\/logo\/image\/","url":"https:\/\/inteligentny-rozwoj.com.pl\/wp-content\/uploads\/2019\/01\/cropped-rpc_logo_sq-e1546996617786.png","contentUrl":"https:\/\/inteligentny-rozwoj.com.pl\/wp-content\/uploads\/2019\/01\/cropped-rpc_logo_sq-e1546996617786.png","width":512,"height":512,"caption":"RP CONSULTING Rafa\u0142 Pasterczyk"},"image":{"@id":"https:\/\/inteligentny-rozwoj.com.pl\/#\/schema\/logo\/image\/"},"sameAs":["https:\/\/www.facebook.com\/RPConsulting","https:\/\/x.com\/rp_consulting","https:\/\/www.instagram.com\/rpconsulting.pl\/","https:\/\/pl.linkedin.com\/company\/rp-consulting-rpc","https:\/\/www.linkedin.com\/in\/rafal-pasterczyk\/"]},{"@type":"Person","@id":"https:\/\/inteligentny-rozwoj.com.pl\/#\/schema\/person\/781a467e5e331ce384632759ecdba772","name":"RP CONSULTING Rafa\u0142 Pasterczyk","image":{"@type":"ImageObject","inLanguage":"pl-PL","@id":"https:\/\/secure.gravatar.com\/avatar\/fde501377d5b06ef1fb158c1ea34fe2defd80fd9526b2263a81456023558c240?s=96&d=mm&r=g","url":"https:\/\/secure.gravatar.com\/avatar\/fde501377d5b06ef1fb158c1ea34fe2defd80fd9526b2263a81456023558c240?s=96&d=mm&r=g","contentUrl":"https:\/\/secure.gravatar.com\/avatar\/fde501377d5b06ef1fb158c1ea34fe2defd80fd9526b2263a81456023558c240?s=96&d=mm&r=g","caption":"RP CONSULTING Rafa\u0142 Pasterczyk"},"description":"Doradztwo biznesowe, outsourcing i interim management w zakresie marketingu B2B, rozwoju eksportu, a tak\u017ce pozyskiwanie i rozliczanie dotacji na rozw\u00f3j eksportu i cyfryzacj\u0119. Ponad 100 skutecznie zrealizowanych projekt\u00f3w dla M\u015aP. Wiele z nich \u0142\u0105czy doradztwo w zakresie strategii internacjonalizacji ze skutecznym pozyskaniem dofinansowania na dzia\u0142ania na rynkach zagranicznych.","sameAs":["https:\/\/inteligentny-rozwoj.com.pl\/","https:\/\/www.facebook.com\/RPConsulting\/","https:\/\/www.instagram.com\/rpconsulting.pl\/","https:\/\/pl.linkedin.com\/company\/rp-consulting-rpc","https:\/\/www.youtube.com\/@RPCONSULTING-b2b"],"url":"https:\/\/inteligentny-rozwoj.com.pl\/index.php\/author\/rpconsulting\/"}]}},"uagb_featured_image_src":{"full":false,"thumbnail":false,"medium":false,"medium_large":false,"large":false,"1536x1536":false,"2048x2048":false,"post-thumbnail":false,"sow-carousel-default":false,"sow-blog-portfolio":false,"sow-blog-grid":false,"sow-blog-alternate":false},"uagb_author_info":{"display_name":"RP CONSULTING Rafa\u0142 Pasterczyk","author_link":"https:\/\/inteligentny-rozwoj.com.pl\/index.php\/author\/rpconsulting\/"},"uagb_comment_info":0,"uagb_excerpt":"Dzia&#322;anie 1.5 Bon na patent &ndash; Regionalny Program Operacyjny Wojew&oacute;dztwa Lubelskiego na lata 2014 &ndash; 2020. Dzia&#322;anie 1.5 Bon na patent jako cel g&#322;&oacute;wny zak&#322;ada wsparcie przedsi&#281;biorc&oacute;w w procesie ubiegania si&#281; o ochron&#281; patentow&#261; dla uzyskanych przez nich wynik&oacute;w bada&#324; naukowych lub prac rozwojowych. Powy&#380;sze przyczyni si&#281; do wzrostu liczby zg&#322;osze&#324; patentowych z zakresu inteligentnych&hellip;","_links":{"self":[{"href":"https:\/\/inteligentny-rozwoj.com.pl\/index.php\/wp-json\/wp\/v2\/pages\/1282","targetHints":{"allow":["GET"]}}],"collection":[{"href":"https:\/\/inteligentny-rozwoj.com.pl\/index.php\/wp-json\/wp\/v2\/pages"}],"about":[{"href":"https:\/\/inteligentny-rozwoj.com.pl\/index.php\/wp-json\/wp\/v2\/types\/page"}],"author":[{"embeddable":true,"href":"https:\/\/inteligentny-rozwoj.com.pl\/index.php\/wp-json\/wp\/v2\/users\/1"}],"replies":[{"embeddable":true,"href":"https:\/\/inteligentny-rozwoj.com.pl\/index.php\/wp-json\/wp\/v2\/comments?post=1282"}],"version-history":[{"count":2,"href":"https:\/\/inteligentny-rozwoj.com.pl\/index.php\/wp-json\/wp\/v2\/pages\/1282\/revisions"}],"predecessor-version":[{"id":1284,"href":"https:\/\/inteligentny-rozwoj.com.pl\/index.php\/wp-json\/wp\/v2\/pages\/1282\/revisions\/1284"}],"up":[{"embeddable":true,"href":"https:\/\/inteligentny-rozwoj.com.pl\/index.php\/wp-json\/wp\/v2\/pages\/869"}],"wp:attachment":[{"href":"https:\/\/inteligentny-rozwoj.com.pl\/index.php\/wp-json\/wp\/v2\/media?parent=1282"}],"curies":[{"name":"wp","href":"https:\/\/api.w.org\/{rel}","templated":true}]}}