{"id":1285,"date":"2015-07-27T12:56:41","date_gmt":"2015-07-27T10:56:41","guid":{"rendered":"https:\/\/inteligentny-rozwoj.com.pl\/?page_id=1285"},"modified":"2015-07-27T12:56:41","modified_gmt":"2015-07-27T10:56:41","slug":"dzialanie-3-5-bon-na-doradztwo","status":"publish","type":"page","link":"https:\/\/inteligentny-rozwoj.com.pl\/index.php\/fundusze-europejskie-2014-2020\/regionalne-programy-operacyjne-2014-2020-rpo-2014-2020\/regionalny-program-operacyjny-wojewodztwa-lubelskiego-na-lata-2014-2020\/dzialanie-3-5-bon-na-doradztwo\/","title":{"rendered":"Dzia\u0142anie 3.5 Bon na doradztwo"},"content":{"rendered":"<p style=\"text-align: justify;\">Dzia\u0142anie 3.5 Bon na doradztwo &#8211; Regionalny Program Operacyjny Wojew\u00f3dztwa Lubelskiego na lata 2014\u20132020<\/p>\n<p style=\"text-align: justify;\">Dzia\u0142anie 3.5 Bon na doradztwo jako cel g\u0142\u00f3wny wskazuje wzrost konkurencyjno\u015bci oraz podniesienie jako\u015bci i efektywno\u015bci zarz\u0105dzania przedsi\u0119biorstwami z sektora M\u015aP poprzez u\u0142atwienie dost\u0119pu do wysokiej jako\u015bci zewn\u0119trznych us\u0142ug doradczych.<\/p>\n<p style=\"text-align: justify;\"><strong>Typy projekt\u00f3w<\/strong>:<\/p>\n<p style=\"text-align: justify;\">Udzielane wsparcie b\u0119dzie polega\u0142o na przyznaniu przedsi\u0119biorcom bezgot\u00f3wkowej pomocy w postaci bon\u00f3w, kt\u00f3re przedsi\u0119biorca wykorzysta do uzyskania wybranego przez siebie doradztwa specjalistycznego. Us\u0142uga doradcza b\u0119dzie zwi\u0105zana z charakterem prowadzonej przez przedsi\u0119biorc\u0119 dzia\u0142alno\u015bci gospodarczej.<br \/>\nWsparcie projekt\u00f3w w ramach specjalistycznego doradztwa, polegaj\u0105cego na zakupie us\u0142ug od podmiot\u00f3w zewn\u0119trznych w zakresie m.in.:<\/p>\n<ul style=\"text-align: justify;\">\n<li>prawa w\u0142asno\u015bci intelektualnej<\/li>\n<li>zarz\u0105dzania wzornictwem przemys\u0142owym<\/li>\n<li>prawa zam\u00f3wie\u0144 publicznych<\/li>\n<li>optymalizacji koszt\u00f3w prowadzenia dzia\u0142alno\u015bci gospodarczej<\/li>\n<li>proces\u00f3w przekszta\u0142ceniowych sp\u00f3\u0142ek<\/li>\n<li>jako\u015bci.<\/li>\n<\/ul>\n<p style=\"text-align: justify;\">Podmioty uprawnione do \u015bwiadczenia us\u0142ug doradczych oraz szczeg\u00f3\u0142owy zakres doradztwa specjalistycznego mo\u017cliwego do dofinansowania zostan\u0105 okre\u015blone w regulaminie konkursu.<\/p>\n<p style=\"text-align: justify;\"><strong>Beneficjenci<\/strong>:<\/p>\n<p style=\"text-align: justify;\"><span style=\"text-decoration: underline;\">Mikro, ma\u0142e i \u015brednie przedsi\u0119biorstwa<\/span> (zgodnie z definicj\u0105 zawart\u0105 w Rozporz\u0105dzeniu Komisji (UE) Nr 651\/2014 z dnia 17 czerwca 2014 r. uznaj\u0105cego nie-kt\u00f3re rodzaje pomocy za zgodne z rynkiem wewn\u0119trznym w zastosowaniu art. 107 i 108 Traktatu). Beneficjenci pomocy zobowi\u0105zani s\u0105 do posiadania siedziby, zak\u0142adu lub oddzia\u0142u na terenie wojew\u00f3dztwa lubelskiego najp\u00f3\u017aniej w dniu wyp\u0142aty pomocy, oraz utrzymania go przynajmniej w okresie trwa\u0142o\u015bci projektu.<\/p>\n<p style=\"text-align: justify;\"><strong>Limity i ograniczenia w realizacji projekt\u00f3w<\/strong>:<\/p>\n<p style=\"text-align: justify;\">1. Szczeg\u00f3\u0142owe zasady kwalifikowalno\u015bci wydatk\u00f3w okre\u015blone zostan\u0105 w Wy-tycznych programowych w ramach RPO WL na lata 2014 \u2013 2020.<br \/>\n2. Preferencje uzyskaj\u0105 projekty wpisuj\u0105ce si\u0119 w inteligentne specjalizacje zapisane\/zawarte w \u201eRegionalnej Strategii Innowacji Wojew\u00f3dztwa Lubelskiego do 2020 r.\u201d<br \/>\n3. Wsparcie w ramach Dzia\u0142ania nie mo\u017ce by\u0107 udzielone w zakresie w jakim jest wykluczone w art. 1 ust. 2 &#8211; 5 Rozporz\u0105dzenia Komisji (UE) NR 651\/2014 z dnia 17 czerwca 2014 r. uznaj\u0105cym niekt\u00f3re rodzaje pomocy za zgodne z rynkiem wewn\u0119trznym w zastosowaniu art. 107 i 108 Traktatu.<\/p>\n<p style=\"text-align: justify;\"><strong>Maksymalny poziom wsparcia<\/strong>: 50%<\/p>\n<p style=\"text-align: justify;\"><strong>Minimalna i maksymalna warto\u015b\u0107 wydatk\u00f3w kwalifikowalnych w ramach projektu<\/strong>:<\/p>\n<ul style=\"text-align: justify;\">\n<li>Minimalna warto\u015b\u0107 projektu: 10 000,00 PLN<\/li>\n<li>Maksymalna warto\u015b\u0107 projektu: 60 000,00 PLN<\/li>\n<\/ul>\n<p style=\"text-align: justify;\"><strong>Instytucja Po\u015brednicz\u0105ca<\/strong>:<\/p>\n<p style=\"text-align: justify;\">Lubelska Agencja Wspierania Przedsi\u0119biorczo\u015bci &#8211; http:\/\/www.lawp.eu\/<\/p>\n<p style=\"text-align: justify;\">nie przewiduje si\u0119 nabor\u00f3w w roku 2015<\/p>\n","protected":false},"excerpt":{"rendered":"<p>Dzia&#322;anie 3.5 Bon na doradztwo &ndash; Regionalny Program Operacyjny Wojew&oacute;dztwa Lubelskiego na lata 2014&ndash;2020 Dzia&#322;anie 3.5 Bon na doradztwo jako cel g&#322;&oacute;wny wskazuje wzrost konkurencyjno&#347;ci oraz podniesienie jako&#347;ci i efektywno&#347;ci zarz&#261;dzania przedsi&#281;biorstwami z sektora M&#346;P poprzez u&#322;atwienie dost&#281;pu do wysokiej jako&#347;ci zewn&#281;trznych us&#322;ug doradczych. Typy projekt&oacute;w: Udzielane wsparcie b&#281;dzie polega&#322;o na przyznaniu przedsi&#281;biorcom bezgot&oacute;wkowej pomocy [&hellip;]<\/p>\n","protected":false},"author":1,"featured_media":0,"parent":869,"menu_order":35,"comment_status":"closed","ping_status":"closed","template":"page-templates\/full-width.php","meta":{"_crdt_document":"","content-type":"","_uag_custom_page_level_css":"","footnotes":""},"class_list":["post-1285","page","type-page","status-publish","hentry"],"yoast_head":"<!-- This site is optimized with the Yoast SEO plugin v27.3 - https:\/\/yoast.com\/product\/yoast-seo-wordpress\/ -->\n<title>Dzia\u0142anie 3.5 Bon na doradztwo - RPO woj lubelskiego na lata 2014\u20132020<\/title>\n<meta name=\"description\" content=\"Dzia\u0142anie 3.5 Bon na doradztwo - Regionalny Program Operacyjny Wojew\u00f3dztwa Lubelskiego na lata 2014\u20132020 - wspiera us\u0142ugi w zakresie optymalizacji biznesu.\" \/>\n<meta name=\"robots\" content=\"index, follow, max-snippet:-1, max-image-preview:large, max-video-preview:-1\" \/>\n<link rel=\"canonical\" href=\"https:\/\/inteligentny-rozwoj.com.pl\/index.php\/fundusze-europejskie-2014-2020\/regionalne-programy-operacyjne-2014-2020-rpo-2014-2020\/regionalny-program-operacyjny-wojewodztwa-lubelskiego-na-lata-2014-2020\/dzialanie-3-5-bon-na-doradztwo\/\" \/>\n<meta property=\"og:locale\" content=\"pl_PL\" \/>\n<meta property=\"og:type\" content=\"article\" \/>\n<meta property=\"og:title\" content=\"Dzia\u0142anie 3.5 Bon na doradztwo - RPO woj lubelskiego na lata 2014\u20132020\" \/>\n<meta property=\"og:description\" content=\"Dzia\u0142anie 3.5 Bon na doradztwo - Regionalny Program Operacyjny Wojew\u00f3dztwa Lubelskiego na lata 2014\u20132020 - wspiera us\u0142ugi w zakresie optymalizacji biznesu.\" \/>\n<meta property=\"og:url\" content=\"https:\/\/inteligentny-rozwoj.com.pl\/index.php\/fundusze-europejskie-2014-2020\/regionalne-programy-operacyjne-2014-2020-rpo-2014-2020\/regionalny-program-operacyjny-wojewodztwa-lubelskiego-na-lata-2014-2020\/dzialanie-3-5-bon-na-doradztwo\/\" \/>\n<meta property=\"og:site_name\" content=\"RP CONSULTING Rafa\u0142 Pasterczyk | marketing B2B, eksport, dotacje UE\" \/>\n<meta property=\"article:publisher\" content=\"https:\/\/www.facebook.com\/RPConsulting\" \/>\n<meta property=\"og:image\" content=\"https:\/\/inteligentny-rozwoj.com.pl\/wp-content\/uploads\/2021\/06\/rpc_logo_sq.png\" \/>\n\t<meta property=\"og:image:width\" content=\"350\" \/>\n\t<meta property=\"og:image:height\" content=\"300\" \/>\n\t<meta property=\"og:image:type\" content=\"image\/png\" \/>\n<meta name=\"twitter:card\" content=\"summary_large_image\" \/>\n<meta name=\"twitter:site\" content=\"@rp_consulting\" \/>\n<meta name=\"twitter:label1\" content=\"Szacowany czas czytania\" \/>\n\t<meta name=\"twitter:data1\" content=\"2 minuty\" \/>\n<script type=\"application\/ld+json\" class=\"yoast-schema-graph\">{\"@context\":\"https:\\\/\\\/schema.org\",\"@graph\":[{\"@type\":\"Article\",\"@id\":\"https:\\\/\\\/inteligentny-rozwoj.com.pl\\\/index.php\\\/fundusze-europejskie-2014-2020\\\/regionalne-programy-operacyjne-2014-2020-rpo-2014-2020\\\/regionalny-program-operacyjny-wojewodztwa-lubelskiego-na-lata-2014-2020\\\/dzialanie-3-5-bon-na-doradztwo\\\/#article\",\"isPartOf\":{\"@id\":\"https:\\\/\\\/inteligentny-rozwoj.com.pl\\\/index.php\\\/fundusze-europejskie-2014-2020\\\/regionalne-programy-operacyjne-2014-2020-rpo-2014-2020\\\/regionalny-program-operacyjny-wojewodztwa-lubelskiego-na-lata-2014-2020\\\/dzialanie-3-5-bon-na-doradztwo\\\/\"},\"author\":{\"name\":\"RP CONSULTING Rafa\u0142 Pasterczyk\",\"@id\":\"https:\\\/\\\/inteligentny-rozwoj.com.pl\\\/#\\\/schema\\\/person\\\/781a467e5e331ce384632759ecdba772\"},\"headline\":\"Dzia\u0142anie 3.5 Bon na doradztwo\",\"datePublished\":\"2015-07-27T10:56:41+00:00\",\"mainEntityOfPage\":{\"@id\":\"https:\\\/\\\/inteligentny-rozwoj.com.pl\\\/index.php\\\/fundusze-europejskie-2014-2020\\\/regionalne-programy-operacyjne-2014-2020-rpo-2014-2020\\\/regionalny-program-operacyjny-wojewodztwa-lubelskiego-na-lata-2014-2020\\\/dzialanie-3-5-bon-na-doradztwo\\\/\"},\"wordCount\":394,\"publisher\":{\"@id\":\"https:\\\/\\\/inteligentny-rozwoj.com.pl\\\/#organization\"},\"inLanguage\":\"pl-PL\"},{\"@type\":\"WebPage\",\"@id\":\"https:\\\/\\\/inteligentny-rozwoj.com.pl\\\/index.php\\\/fundusze-europejskie-2014-2020\\\/regionalne-programy-operacyjne-2014-2020-rpo-2014-2020\\\/regionalny-program-operacyjny-wojewodztwa-lubelskiego-na-lata-2014-2020\\\/dzialanie-3-5-bon-na-doradztwo\\\/\",\"url\":\"https:\\\/\\\/inteligentny-rozwoj.com.pl\\\/index.php\\\/fundusze-europejskie-2014-2020\\\/regionalne-programy-operacyjne-2014-2020-rpo-2014-2020\\\/regionalny-program-operacyjny-wojewodztwa-lubelskiego-na-lata-2014-2020\\\/dzialanie-3-5-bon-na-doradztwo\\\/\",\"name\":\"Dzia\u0142anie 3.5 Bon na doradztwo - RPO woj lubelskiego na lata 2014\u20132020\",\"isPartOf\":{\"@id\":\"https:\\\/\\\/inteligentny-rozwoj.com.pl\\\/#website\"},\"datePublished\":\"2015-07-27T10:56:41+00:00\",\"description\":\"Dzia\u0142anie 3.5 Bon na doradztwo - Regionalny Program Operacyjny Wojew\u00f3dztwa Lubelskiego na lata 2014\u20132020 - wspiera us\u0142ugi w zakresie optymalizacji biznesu.\",\"breadcrumb\":{\"@id\":\"https:\\\/\\\/inteligentny-rozwoj.com.pl\\\/index.php\\\/fundusze-europejskie-2014-2020\\\/regionalne-programy-operacyjne-2014-2020-rpo-2014-2020\\\/regionalny-program-operacyjny-wojewodztwa-lubelskiego-na-lata-2014-2020\\\/dzialanie-3-5-bon-na-doradztwo\\\/#breadcrumb\"},\"inLanguage\":\"pl-PL\",\"potentialAction\":[{\"@type\":\"ReadAction\",\"target\":[\"https:\\\/\\\/inteligentny-rozwoj.com.pl\\\/index.php\\\/fundusze-europejskie-2014-2020\\\/regionalne-programy-operacyjne-2014-2020-rpo-2014-2020\\\/regionalny-program-operacyjny-wojewodztwa-lubelskiego-na-lata-2014-2020\\\/dzialanie-3-5-bon-na-doradztwo\\\/\"]}]},{\"@type\":\"BreadcrumbList\",\"@id\":\"https:\\\/\\\/inteligentny-rozwoj.com.pl\\\/index.php\\\/fundusze-europejskie-2014-2020\\\/regionalne-programy-operacyjne-2014-2020-rpo-2014-2020\\\/regionalny-program-operacyjny-wojewodztwa-lubelskiego-na-lata-2014-2020\\\/dzialanie-3-5-bon-na-doradztwo\\\/#breadcrumb\",\"itemListElement\":[{\"@type\":\"ListItem\",\"position\":1,\"name\":\"Fundusze 2014-2020\",\"item\":\"https:\\\/\\\/inteligentny-rozwoj.com.pl\\\/index.php\\\/fundusze-europejskie-2014-2020\\\/\"},{\"@type\":\"ListItem\",\"position\":2,\"name\":\"RPO 2014-2020\",\"item\":\"https:\\\/\\\/inteligentny-rozwoj.com.pl\\\/index.php\\\/fundusze-europejskie-2014-2020\\\/regionalne-programy-operacyjne-2014-2020-rpo-2014-2020\\\/\"},{\"@type\":\"ListItem\",\"position\":3,\"name\":\"RPO Lubelskie\",\"item\":\"https:\\\/\\\/inteligentny-rozwoj.com.pl\\\/index.php\\\/fundusze-europejskie-2014-2020\\\/regionalne-programy-operacyjne-2014-2020-rpo-2014-2020\\\/regionalny-program-operacyjny-wojewodztwa-lubelskiego-na-lata-2014-2020\\\/\"},{\"@type\":\"ListItem\",\"position\":4,\"name\":\"Dzia\u0142anie 3.5 Bon na doradztwo\"}]},{\"@type\":\"WebSite\",\"@id\":\"https:\\\/\\\/inteligentny-rozwoj.com.pl\\\/#website\",\"url\":\"https:\\\/\\\/inteligentny-rozwoj.com.pl\\\/\",\"name\":\"RP CONSULTING Rafa\u0142 Pasterczyk | marketing B2B, eksport, dotacje UE\",\"description\":\"Tw\u00f3j partner w rozwoju biznesu - skuteczne doradztwo w marketingu B2B, rozwoju eksportu i pozyskiwaniu dotacji\",\"publisher\":{\"@id\":\"https:\\\/\\\/inteligentny-rozwoj.com.pl\\\/#organization\"},\"alternateName\":\"Rafa\u0142 Pasterczyk RP CONSULTING\",\"potentialAction\":[{\"@type\":\"SearchAction\",\"target\":{\"@type\":\"EntryPoint\",\"urlTemplate\":\"https:\\\/\\\/inteligentny-rozwoj.com.pl\\\/?s={search_term_string}\"},\"query-input\":{\"@type\":\"PropertyValueSpecification\",\"valueRequired\":true,\"valueName\":\"search_term_string\"}}],\"inLanguage\":\"pl-PL\"},{\"@type\":\"Organization\",\"@id\":\"https:\\\/\\\/inteligentny-rozwoj.com.pl\\\/#organization\",\"name\":\"RP CONSULTING Rafa\u0142 Pasterczyk\",\"alternateName\":\"Rafa\u0142 Pasterczyk RP CONSULTING\",\"url\":\"https:\\\/\\\/inteligentny-rozwoj.com.pl\\\/\",\"logo\":{\"@type\":\"ImageObject\",\"inLanguage\":\"pl-PL\",\"@id\":\"https:\\\/\\\/inteligentny-rozwoj.com.pl\\\/#\\\/schema\\\/logo\\\/image\\\/\",\"url\":\"https:\\\/\\\/inteligentny-rozwoj.com.pl\\\/wp-content\\\/uploads\\\/2019\\\/01\\\/cropped-rpc_logo_sq-e1546996617786.png\",\"contentUrl\":\"https:\\\/\\\/inteligentny-rozwoj.com.pl\\\/wp-content\\\/uploads\\\/2019\\\/01\\\/cropped-rpc_logo_sq-e1546996617786.png\",\"width\":512,\"height\":512,\"caption\":\"RP CONSULTING Rafa\u0142 Pasterczyk\"},\"image\":{\"@id\":\"https:\\\/\\\/inteligentny-rozwoj.com.pl\\\/#\\\/schema\\\/logo\\\/image\\\/\"},\"sameAs\":[\"https:\\\/\\\/www.facebook.com\\\/RPConsulting\",\"https:\\\/\\\/x.com\\\/rp_consulting\",\"https:\\\/\\\/www.instagram.com\\\/rpconsulting.pl\\\/\",\"https:\\\/\\\/pl.linkedin.com\\\/company\\\/rp-consulting-rpc\",\"https:\\\/\\\/www.linkedin.com\\\/in\\\/rafal-pasterczyk\\\/\"]},{\"@type\":\"Person\",\"@id\":\"https:\\\/\\\/inteligentny-rozwoj.com.pl\\\/#\\\/schema\\\/person\\\/781a467e5e331ce384632759ecdba772\",\"name\":\"RP CONSULTING Rafa\u0142 Pasterczyk\",\"image\":{\"@type\":\"ImageObject\",\"inLanguage\":\"pl-PL\",\"@id\":\"https:\\\/\\\/secure.gravatar.com\\\/avatar\\\/fde501377d5b06ef1fb158c1ea34fe2defd80fd9526b2263a81456023558c240?s=96&d=mm&r=g\",\"url\":\"https:\\\/\\\/secure.gravatar.com\\\/avatar\\\/fde501377d5b06ef1fb158c1ea34fe2defd80fd9526b2263a81456023558c240?s=96&d=mm&r=g\",\"contentUrl\":\"https:\\\/\\\/secure.gravatar.com\\\/avatar\\\/fde501377d5b06ef1fb158c1ea34fe2defd80fd9526b2263a81456023558c240?s=96&d=mm&r=g\",\"caption\":\"RP CONSULTING Rafa\u0142 Pasterczyk\"},\"description\":\"Doradztwo biznesowe i outsourcing - us\u0142ugi doradcze w zakresie marketingu B2B, rozwoju eksportu oraz pozyskiwanie i rozliczanie dotacji na rozw\u00f3j eksportu i cyfryzacj\u0119. Ponad 100 skutecznie zrealizowanych projekt\u00f3w. Wiele z nich \u0142\u0105czy doradztwo w zakresie strategii internacjonalizacji ze skutecznym pozyskaniem dofinansowania na dzia\u0142ania na rynkach zagranicznych.\",\"sameAs\":[\"https:\\\/\\\/inteligentny-rozwoj.com.pl\\\/\",\"https:\\\/\\\/www.facebook.com\\\/RPConsulting\\\/\",\"https:\\\/\\\/www.instagram.com\\\/rpconsulting.pl\\\/\",\"https:\\\/\\\/pl.linkedin.com\\\/company\\\/rp-consulting-rpc\",\"https:\\\/\\\/www.youtube.com\\\/@RPCONSULTING-b2b\"],\"url\":\"https:\\\/\\\/inteligentny-rozwoj.com.pl\\\/index.php\\\/author\\\/rpconsulting\\\/\"}]}<\/script>\n<!-- \/ Yoast SEO plugin. -->","yoast_head_json":{"title":"Dzia\u0142anie 3.5 Bon na doradztwo - RPO woj lubelskiego na lata 2014\u20132020","description":"Dzia\u0142anie 3.5 Bon na doradztwo - Regionalny Program Operacyjny Wojew\u00f3dztwa Lubelskiego na lata 2014\u20132020 - wspiera us\u0142ugi w zakresie optymalizacji biznesu.","robots":{"index":"index","follow":"follow","max-snippet":"max-snippet:-1","max-image-preview":"max-image-preview:large","max-video-preview":"max-video-preview:-1"},"canonical":"https:\/\/inteligentny-rozwoj.com.pl\/index.php\/fundusze-europejskie-2014-2020\/regionalne-programy-operacyjne-2014-2020-rpo-2014-2020\/regionalny-program-operacyjny-wojewodztwa-lubelskiego-na-lata-2014-2020\/dzialanie-3-5-bon-na-doradztwo\/","og_locale":"pl_PL","og_type":"article","og_title":"Dzia\u0142anie 3.5 Bon na doradztwo - RPO woj lubelskiego na lata 2014\u20132020","og_description":"Dzia\u0142anie 3.5 Bon na doradztwo - Regionalny Program Operacyjny Wojew\u00f3dztwa Lubelskiego na lata 2014\u20132020 - wspiera us\u0142ugi w zakresie optymalizacji biznesu.","og_url":"https:\/\/inteligentny-rozwoj.com.pl\/index.php\/fundusze-europejskie-2014-2020\/regionalne-programy-operacyjne-2014-2020-rpo-2014-2020\/regionalny-program-operacyjny-wojewodztwa-lubelskiego-na-lata-2014-2020\/dzialanie-3-5-bon-na-doradztwo\/","og_site_name":"RP CONSULTING Rafa\u0142 Pasterczyk | marketing B2B, eksport, dotacje UE","article_publisher":"https:\/\/www.facebook.com\/RPConsulting","og_image":[{"width":350,"height":300,"url":"https:\/\/inteligentny-rozwoj.com.pl\/wp-content\/uploads\/2021\/06\/rpc_logo_sq.png","type":"image\/png"}],"twitter_card":"summary_large_image","twitter_site":"@rp_consulting","twitter_misc":{"Szacowany czas czytania":"2 minuty"},"schema":{"@context":"https:\/\/schema.org","@graph":[{"@type":"Article","@id":"https:\/\/inteligentny-rozwoj.com.pl\/index.php\/fundusze-europejskie-2014-2020\/regionalne-programy-operacyjne-2014-2020-rpo-2014-2020\/regionalny-program-operacyjny-wojewodztwa-lubelskiego-na-lata-2014-2020\/dzialanie-3-5-bon-na-doradztwo\/#article","isPartOf":{"@id":"https:\/\/inteligentny-rozwoj.com.pl\/index.php\/fundusze-europejskie-2014-2020\/regionalne-programy-operacyjne-2014-2020-rpo-2014-2020\/regionalny-program-operacyjny-wojewodztwa-lubelskiego-na-lata-2014-2020\/dzialanie-3-5-bon-na-doradztwo\/"},"author":{"name":"RP CONSULTING Rafa\u0142 Pasterczyk","@id":"https:\/\/inteligentny-rozwoj.com.pl\/#\/schema\/person\/781a467e5e331ce384632759ecdba772"},"headline":"Dzia\u0142anie 3.5 Bon na doradztwo","datePublished":"2015-07-27T10:56:41+00:00","mainEntityOfPage":{"@id":"https:\/\/inteligentny-rozwoj.com.pl\/index.php\/fundusze-europejskie-2014-2020\/regionalne-programy-operacyjne-2014-2020-rpo-2014-2020\/regionalny-program-operacyjny-wojewodztwa-lubelskiego-na-lata-2014-2020\/dzialanie-3-5-bon-na-doradztwo\/"},"wordCount":394,"publisher":{"@id":"https:\/\/inteligentny-rozwoj.com.pl\/#organization"},"inLanguage":"pl-PL"},{"@type":"WebPage","@id":"https:\/\/inteligentny-rozwoj.com.pl\/index.php\/fundusze-europejskie-2014-2020\/regionalne-programy-operacyjne-2014-2020-rpo-2014-2020\/regionalny-program-operacyjny-wojewodztwa-lubelskiego-na-lata-2014-2020\/dzialanie-3-5-bon-na-doradztwo\/","url":"https:\/\/inteligentny-rozwoj.com.pl\/index.php\/fundusze-europejskie-2014-2020\/regionalne-programy-operacyjne-2014-2020-rpo-2014-2020\/regionalny-program-operacyjny-wojewodztwa-lubelskiego-na-lata-2014-2020\/dzialanie-3-5-bon-na-doradztwo\/","name":"Dzia\u0142anie 3.5 Bon na doradztwo - RPO woj lubelskiego na lata 2014\u20132020","isPartOf":{"@id":"https:\/\/inteligentny-rozwoj.com.pl\/#website"},"datePublished":"2015-07-27T10:56:41+00:00","description":"Dzia\u0142anie 3.5 Bon na doradztwo - Regionalny Program Operacyjny Wojew\u00f3dztwa Lubelskiego na lata 2014\u20132020 - wspiera us\u0142ugi w zakresie optymalizacji biznesu.","breadcrumb":{"@id":"https:\/\/inteligentny-rozwoj.com.pl\/index.php\/fundusze-europejskie-2014-2020\/regionalne-programy-operacyjne-2014-2020-rpo-2014-2020\/regionalny-program-operacyjny-wojewodztwa-lubelskiego-na-lata-2014-2020\/dzialanie-3-5-bon-na-doradztwo\/#breadcrumb"},"inLanguage":"pl-PL","potentialAction":[{"@type":"ReadAction","target":["https:\/\/inteligentny-rozwoj.com.pl\/index.php\/fundusze-europejskie-2014-2020\/regionalne-programy-operacyjne-2014-2020-rpo-2014-2020\/regionalny-program-operacyjny-wojewodztwa-lubelskiego-na-lata-2014-2020\/dzialanie-3-5-bon-na-doradztwo\/"]}]},{"@type":"BreadcrumbList","@id":"https:\/\/inteligentny-rozwoj.com.pl\/index.php\/fundusze-europejskie-2014-2020\/regionalne-programy-operacyjne-2014-2020-rpo-2014-2020\/regionalny-program-operacyjny-wojewodztwa-lubelskiego-na-lata-2014-2020\/dzialanie-3-5-bon-na-doradztwo\/#breadcrumb","itemListElement":[{"@type":"ListItem","position":1,"name":"Fundusze 2014-2020","item":"https:\/\/inteligentny-rozwoj.com.pl\/index.php\/fundusze-europejskie-2014-2020\/"},{"@type":"ListItem","position":2,"name":"RPO 2014-2020","item":"https:\/\/inteligentny-rozwoj.com.pl\/index.php\/fundusze-europejskie-2014-2020\/regionalne-programy-operacyjne-2014-2020-rpo-2014-2020\/"},{"@type":"ListItem","position":3,"name":"RPO Lubelskie","item":"https:\/\/inteligentny-rozwoj.com.pl\/index.php\/fundusze-europejskie-2014-2020\/regionalne-programy-operacyjne-2014-2020-rpo-2014-2020\/regionalny-program-operacyjny-wojewodztwa-lubelskiego-na-lata-2014-2020\/"},{"@type":"ListItem","position":4,"name":"Dzia\u0142anie 3.5 Bon na doradztwo"}]},{"@type":"WebSite","@id":"https:\/\/inteligentny-rozwoj.com.pl\/#website","url":"https:\/\/inteligentny-rozwoj.com.pl\/","name":"RP CONSULTING Rafa\u0142 Pasterczyk | marketing B2B, eksport, dotacje UE","description":"Tw\u00f3j partner w rozwoju biznesu - skuteczne doradztwo w marketingu B2B, rozwoju eksportu i pozyskiwaniu dotacji","publisher":{"@id":"https:\/\/inteligentny-rozwoj.com.pl\/#organization"},"alternateName":"Rafa\u0142 Pasterczyk RP CONSULTING","potentialAction":[{"@type":"SearchAction","target":{"@type":"EntryPoint","urlTemplate":"https:\/\/inteligentny-rozwoj.com.pl\/?s={search_term_string}"},"query-input":{"@type":"PropertyValueSpecification","valueRequired":true,"valueName":"search_term_string"}}],"inLanguage":"pl-PL"},{"@type":"Organization","@id":"https:\/\/inteligentny-rozwoj.com.pl\/#organization","name":"RP CONSULTING Rafa\u0142 Pasterczyk","alternateName":"Rafa\u0142 Pasterczyk RP CONSULTING","url":"https:\/\/inteligentny-rozwoj.com.pl\/","logo":{"@type":"ImageObject","inLanguage":"pl-PL","@id":"https:\/\/inteligentny-rozwoj.com.pl\/#\/schema\/logo\/image\/","url":"https:\/\/inteligentny-rozwoj.com.pl\/wp-content\/uploads\/2019\/01\/cropped-rpc_logo_sq-e1546996617786.png","contentUrl":"https:\/\/inteligentny-rozwoj.com.pl\/wp-content\/uploads\/2019\/01\/cropped-rpc_logo_sq-e1546996617786.png","width":512,"height":512,"caption":"RP CONSULTING Rafa\u0142 Pasterczyk"},"image":{"@id":"https:\/\/inteligentny-rozwoj.com.pl\/#\/schema\/logo\/image\/"},"sameAs":["https:\/\/www.facebook.com\/RPConsulting","https:\/\/x.com\/rp_consulting","https:\/\/www.instagram.com\/rpconsulting.pl\/","https:\/\/pl.linkedin.com\/company\/rp-consulting-rpc","https:\/\/www.linkedin.com\/in\/rafal-pasterczyk\/"]},{"@type":"Person","@id":"https:\/\/inteligentny-rozwoj.com.pl\/#\/schema\/person\/781a467e5e331ce384632759ecdba772","name":"RP CONSULTING Rafa\u0142 Pasterczyk","image":{"@type":"ImageObject","inLanguage":"pl-PL","@id":"https:\/\/secure.gravatar.com\/avatar\/fde501377d5b06ef1fb158c1ea34fe2defd80fd9526b2263a81456023558c240?s=96&d=mm&r=g","url":"https:\/\/secure.gravatar.com\/avatar\/fde501377d5b06ef1fb158c1ea34fe2defd80fd9526b2263a81456023558c240?s=96&d=mm&r=g","contentUrl":"https:\/\/secure.gravatar.com\/avatar\/fde501377d5b06ef1fb158c1ea34fe2defd80fd9526b2263a81456023558c240?s=96&d=mm&r=g","caption":"RP CONSULTING Rafa\u0142 Pasterczyk"},"description":"Doradztwo biznesowe i outsourcing - us\u0142ugi doradcze w zakresie marketingu B2B, rozwoju eksportu oraz pozyskiwanie i rozliczanie dotacji na rozw\u00f3j eksportu i cyfryzacj\u0119. Ponad 100 skutecznie zrealizowanych projekt\u00f3w. Wiele z nich \u0142\u0105czy doradztwo w zakresie strategii internacjonalizacji ze skutecznym pozyskaniem dofinansowania na dzia\u0142ania na rynkach zagranicznych.","sameAs":["https:\/\/inteligentny-rozwoj.com.pl\/","https:\/\/www.facebook.com\/RPConsulting\/","https:\/\/www.instagram.com\/rpconsulting.pl\/","https:\/\/pl.linkedin.com\/company\/rp-consulting-rpc","https:\/\/www.youtube.com\/@RPCONSULTING-b2b"],"url":"https:\/\/inteligentny-rozwoj.com.pl\/index.php\/author\/rpconsulting\/"}]}},"uagb_featured_image_src":{"full":false,"thumbnail":false,"medium":false,"medium_large":false,"large":false,"1536x1536":false,"2048x2048":false,"post-thumbnail":false,"sow-carousel-default":false,"sow-blog-portfolio":false,"sow-blog-grid":false,"sow-blog-alternate":false},"uagb_author_info":{"display_name":"RP CONSULTING Rafa\u0142 Pasterczyk","author_link":"https:\/\/inteligentny-rozwoj.com.pl\/index.php\/author\/rpconsulting\/"},"uagb_comment_info":0,"uagb_excerpt":"Dzia&#322;anie 3.5 Bon na doradztwo &ndash; Regionalny Program Operacyjny Wojew&oacute;dztwa Lubelskiego na lata 2014&ndash;2020 Dzia&#322;anie 3.5 Bon na doradztwo jako cel g&#322;&oacute;wny wskazuje wzrost konkurencyjno&#347;ci oraz podniesienie jako&#347;ci i efektywno&#347;ci zarz&#261;dzania przedsi&#281;biorstwami z sektora M&#346;P poprzez u&#322;atwienie dost&#281;pu do wysokiej jako&#347;ci zewn&#281;trznych us&#322;ug doradczych. Typy projekt&oacute;w: Udzielane wsparcie b&#281;dzie polega&#322;o na przyznaniu przedsi&#281;biorcom bezgot&oacute;wkowej pomocy&hellip;","_links":{"self":[{"href":"https:\/\/inteligentny-rozwoj.com.pl\/index.php\/wp-json\/wp\/v2\/pages\/1285","targetHints":{"allow":["GET"]}}],"collection":[{"href":"https:\/\/inteligentny-rozwoj.com.pl\/index.php\/wp-json\/wp\/v2\/pages"}],"about":[{"href":"https:\/\/inteligentny-rozwoj.com.pl\/index.php\/wp-json\/wp\/v2\/types\/page"}],"author":[{"embeddable":true,"href":"https:\/\/inteligentny-rozwoj.com.pl\/index.php\/wp-json\/wp\/v2\/users\/1"}],"replies":[{"embeddable":true,"href":"https:\/\/inteligentny-rozwoj.com.pl\/index.php\/wp-json\/wp\/v2\/comments?post=1285"}],"version-history":[{"count":1,"href":"https:\/\/inteligentny-rozwoj.com.pl\/index.php\/wp-json\/wp\/v2\/pages\/1285\/revisions"}],"predecessor-version":[{"id":1286,"href":"https:\/\/inteligentny-rozwoj.com.pl\/index.php\/wp-json\/wp\/v2\/pages\/1285\/revisions\/1286"}],"up":[{"embeddable":true,"href":"https:\/\/inteligentny-rozwoj.com.pl\/index.php\/wp-json\/wp\/v2\/pages\/869"}],"wp:attachment":[{"href":"https:\/\/inteligentny-rozwoj.com.pl\/index.php\/wp-json\/wp\/v2\/media?parent=1285"}],"curies":[{"name":"wp","href":"https:\/\/api.w.org\/{rel}","templated":true}]}}