{"id":1296,"date":"2015-07-27T15:42:39","date_gmt":"2015-07-27T13:42:39","guid":{"rendered":"https:\/\/inteligentny-rozwoj.com.pl\/?page_id=1296"},"modified":"2015-07-27T15:43:09","modified_gmt":"2015-07-27T13:43:09","slug":"dzialanie-2-2-inwestycje-profilowane","status":"publish","type":"page","link":"https:\/\/inteligentny-rozwoj.com.pl\/index.php\/fundusze-europejskie-2014-2020\/regionalne-programy-operacyjne-2014-2020-rpo-2014-2020\/regionalny-program-operacyjny-wojewodztwa-pomorskiego-na-lata-2014-2020-rpo-wp\/dzialanie-2-2-inwestycje-profilowane\/","title":{"rendered":"Dzia\u0142anie 2.2. Inwestycje profilowane"},"content":{"rendered":"<p style=\"text-align: justify;\">Dzia\u0142anie 2.2. Inwestycje profilowane &#8211; Regionalny Program Operacyjny Wojew\u00f3dztwa Pomorskiego na lata 2014-2020 &#8211; realizowane jest w ramach osi priorytetowej 2. Przedsi\u0119biorstwa.<\/p>\n<p style=\"text-align: justify;\">Dzia\u0142anie 2.2. Inwestycje profilowane realizuje cel szczeg\u00f3\u0142owy: Zwi\u0119kszona zdolno\u015b\u0107 M\u015aP do rozwijania produkt\u00f3w i us\u0142ug, w tym poprzez zastosowanie innowacji.<br \/>\nWsparcie w ramach interwencji powinno pos\u0142u\u017cy\u0107 firmom w prze\u0142amywaniu barier rozwojowych i<br \/>\nskutkowa\u0107 ich modernizacj\u0105 w wybranych aspektach, takich jak poprawa ekoefektywno\u015bci,<br \/>\npowi\u0105zania mi\u0119dzynarodowe, w tym ekspansja na rynki zewn\u0119trzne, ukierunkowanie na innowacje oraz obszary inteligentnych specjalizacji, pe\u0142niejsze wykorzystanie mo\u017cliwo\u015bci technologii cyfrowych, a tak\u017ce poprawa efektywno\u015bci proces\u00f3w produkcyjnych.<\/p>\n<p style=\"text-align: justify;\">Wspierane b\u0119d\u0105 ma\u0142e i \u015brednie przedsi\u0119biorstwa, zw\u0142aszcza te dysponuj\u0105ce potencja\u0142em do<br \/>\nekspansji. Finansowane b\u0119d\u0105 przedsi\u0119wzi\u0119cia inwestycyjne, w tym zmiana procesu produkcyjnego lub sposobu \u015bwiadczenia us\u0142ug, zakup maszyn i sprz\u0119tu czy rozbudowa zaplecza \u2013 umo\u017cliwiaj\u0105ce istotne poszerzenie rynk\u00f3w zbytu, poszerzenie palety oferowanych produkt\u00f3w lub us\u0142ug b\u0105d\u017a znacz\u0105c\u0105 popraw\u0119 ich jako\u015bci.<\/p>\n<p style=\"text-align: justify;\">Wsparcie adresowane b\u0119dzie do przedsi\u0119biorstw dzia\u0142aj\u0105cych w obszarach inteligentnych<br \/>\nspecjalizacji. Interwencja b\u0119dzie ukierunkowana tak\u017ce na przedsi\u0119wzi\u0119cia s\u0142u\u017c\u0105ce poprawie efektywno\u015bci przedsi\u0119biorstw dzi\u0119ki wykorzystaniu technologii informacyjno-komunikacyjnych.<br \/>\nWspierane b\u0119d\u0105 r\u00f3wnie\u017c inwestycje i rozwi\u0105zania organizacyjne (w tym wdra\u017canie system\u00f3w<br \/>\nzarz\u0105dzania \u015brodowiskowego) s\u0142u\u017c\u0105ce redukcji wodo-, surowco-, materia\u0142o- transporto- i<br \/>\nenergoch\u0142onno\u015bci proces\u00f3w produkcyjnych, m.in. dzi\u0119ki zastosowaniu ekoinnowacji i wykorzystaniu nowych \u017ar\u00f3de\u0142 energii.<\/p>\n<p style=\"text-align: justify;\">Preferowane b\u0119d\u0105 projekty:<br \/>\n1) w zakresie przedsi\u0119wzi\u0119\u0107 wpisuj\u0105cych si\u0119 w obszary inteligentnych specjalizacji:<br \/>\na) partnerskie, w tym realizowane w ramach wsp\u00f3\u0142pracy sieciowej mi\u0119dzy przedsi\u0119biorstwami,<br \/>\nb) ukierunkowane na zdobywanie nowych rynk\u00f3w, w tym na wzrost aktywno\u015bci eksportowej,<br \/>\nc) wynikaj\u0105ce z Porozumie\u0144 na rzecz inteligentnych specjalizacji regionu.<br \/>\n2) w zakresie przedsi\u0119wzi\u0119\u0107 dotycz\u0105cych wykorzystania technologii informacyjno-komunikacyjnych oraz inwestycji i rozwi\u0105za\u0144 organizacyjnych s\u0142u\u017c\u0105cych redukcji wodo-, surowco-, materia\u0142otransporto- i energoch\u0142onno\u015bci proces\u00f3w produkcyjnych:<br \/>\na) wpisuj\u0105ce si\u0119 w realizacj\u0119 cel\u00f3w Porozumie\u0144 na rzecz inteligentnych specjalizacji regionu,<br \/>\nb) partnerskie, w tym realizowane w ramach wsp\u00f3\u0142pracy sieciowej mi\u0119dzy przedsi\u0119biorstwami,<br \/>\nc) ukierunkowane na zdobywanie nowych rynk\u00f3w, w tym na wzrost aktywno\u015bci eksportowej.<\/p>\n<p>Dzia\u0142anie realizowane b\u0119dzie na obszarze ca\u0142ego wojew\u00f3dztwa pomorskiego poprzez 2 poddzia\u0142ania:<\/p>\n<p style=\"text-align: justify;\">PODDZIA\u0141ANIE 2.2.1. INWESTYCJE PROFILOWANE &#8211; WSPARCIE DOTACYJNE<\/p>\n<p style=\"text-align: justify;\">PODDZIA\u0141ANIE 2.2.2. INWESTYCJE PROFILOWANE &#8211; WSPARCIE POZADOTACYJNE<\/p>\n","protected":false},"excerpt":{"rendered":"<p>Dzia&#322;anie 2.2. Inwestycje profilowane &ndash; Regionalny Program Operacyjny Wojew&oacute;dztwa Pomorskiego na lata 2014-2020 &ndash; realizowane jest w ramach osi priorytetowej 2. Przedsi&#281;biorstwa. Dzia&#322;anie 2.2. Inwestycje profilowane realizuje cel szczeg&oacute;&#322;owy: Zwi&#281;kszona zdolno&#347;&#263; M&#346;P do rozwijania produkt&oacute;w i us&#322;ug, w tym poprzez zastosowanie innowacji. Wsparcie w ramach interwencji powinno pos&#322;u&#380;y&#263; firmom w prze&#322;amywaniu barier rozwojowych i skutkowa&#263; [&hellip;]<\/p>\n","protected":false},"author":1,"featured_media":0,"parent":889,"menu_order":2,"comment_status":"closed","ping_status":"closed","template":"page-templates\/full-width.php","meta":{"_crdt_document":"","content-type":"","_uag_custom_page_level_css":"","footnotes":""},"class_list":["post-1296","page","type-page","status-publish","hentry"],"yoast_head":"<!-- This site is optimized with the Yoast SEO plugin v27.3 - https:\/\/yoast.com\/product\/yoast-seo-wordpress\/ -->\n<title>Dzia\u0142anie 2.2. Inwestycje profilowane - RPO Pomorskie 2014-2020<\/title>\n<meta name=\"description\" content=\"Dzia\u0142anie 2.2. Inwestycje profilowane - Regionalny Program Operacyjny Wojew\u00f3dztwa Pomorskiego na lata 2014-2020\" \/>\n<meta name=\"robots\" content=\"index, follow, max-snippet:-1, max-image-preview:large, max-video-preview:-1\" \/>\n<link rel=\"canonical\" href=\"https:\/\/inteligentny-rozwoj.com.pl\/index.php\/fundusze-europejskie-2014-2020\/regionalne-programy-operacyjne-2014-2020-rpo-2014-2020\/regionalny-program-operacyjny-wojewodztwa-pomorskiego-na-lata-2014-2020-rpo-wp\/dzialanie-2-2-inwestycje-profilowane\/\" \/>\n<meta property=\"og:locale\" content=\"pl_PL\" \/>\n<meta property=\"og:type\" content=\"article\" \/>\n<meta property=\"og:title\" content=\"Dzia\u0142anie 2.2. Inwestycje profilowane - RPO Pomorskie 2014-2020\" \/>\n<meta property=\"og:description\" content=\"Dzia\u0142anie 2.2. Inwestycje profilowane - Regionalny Program Operacyjny Wojew\u00f3dztwa Pomorskiego na lata 2014-2020\" \/>\n<meta property=\"og:url\" content=\"https:\/\/inteligentny-rozwoj.com.pl\/index.php\/fundusze-europejskie-2014-2020\/regionalne-programy-operacyjne-2014-2020-rpo-2014-2020\/regionalny-program-operacyjny-wojewodztwa-pomorskiego-na-lata-2014-2020-rpo-wp\/dzialanie-2-2-inwestycje-profilowane\/\" \/>\n<meta property=\"og:site_name\" content=\"RP CONSULTING Rafa\u0142 Pasterczyk | marketing B2B, eksport, dotacje UE\" \/>\n<meta property=\"article:publisher\" content=\"https:\/\/www.facebook.com\/RPConsulting\" \/>\n<meta property=\"article:modified_time\" content=\"2015-07-27T13:43:09+00:00\" \/>\n<meta property=\"og:image\" content=\"https:\/\/inteligentny-rozwoj.com.pl\/wp-content\/uploads\/2021\/06\/rpc_logo_sq.png\" \/>\n\t<meta property=\"og:image:width\" content=\"350\" \/>\n\t<meta property=\"og:image:height\" content=\"300\" \/>\n\t<meta property=\"og:image:type\" content=\"image\/png\" \/>\n<meta name=\"twitter:card\" content=\"summary_large_image\" \/>\n<meta name=\"twitter:site\" content=\"@rp_consulting\" \/>\n<meta name=\"twitter:label1\" content=\"Szacowany czas czytania\" \/>\n\t<meta name=\"twitter:data1\" content=\"2 minuty\" \/>\n<script type=\"application\/ld+json\" class=\"yoast-schema-graph\">{\"@context\":\"https:\\\/\\\/schema.org\",\"@graph\":[{\"@type\":\"Article\",\"@id\":\"https:\\\/\\\/inteligentny-rozwoj.com.pl\\\/index.php\\\/fundusze-europejskie-2014-2020\\\/regionalne-programy-operacyjne-2014-2020-rpo-2014-2020\\\/regionalny-program-operacyjny-wojewodztwa-pomorskiego-na-lata-2014-2020-rpo-wp\\\/dzialanie-2-2-inwestycje-profilowane\\\/#article\",\"isPartOf\":{\"@id\":\"https:\\\/\\\/inteligentny-rozwoj.com.pl\\\/index.php\\\/fundusze-europejskie-2014-2020\\\/regionalne-programy-operacyjne-2014-2020-rpo-2014-2020\\\/regionalny-program-operacyjny-wojewodztwa-pomorskiego-na-lata-2014-2020-rpo-wp\\\/dzialanie-2-2-inwestycje-profilowane\\\/\"},\"author\":{\"name\":\"RP CONSULTING Rafa\u0142 Pasterczyk\",\"@id\":\"https:\\\/\\\/inteligentny-rozwoj.com.pl\\\/#\\\/schema\\\/person\\\/781a467e5e331ce384632759ecdba772\"},\"headline\":\"Dzia\u0142anie 2.2. Inwestycje profilowane\",\"datePublished\":\"2015-07-27T13:42:39+00:00\",\"dateModified\":\"2015-07-27T13:43:09+00:00\",\"mainEntityOfPage\":{\"@id\":\"https:\\\/\\\/inteligentny-rozwoj.com.pl\\\/index.php\\\/fundusze-europejskie-2014-2020\\\/regionalne-programy-operacyjne-2014-2020-rpo-2014-2020\\\/regionalny-program-operacyjny-wojewodztwa-pomorskiego-na-lata-2014-2020-rpo-wp\\\/dzialanie-2-2-inwestycje-profilowane\\\/\"},\"wordCount\":418,\"publisher\":{\"@id\":\"https:\\\/\\\/inteligentny-rozwoj.com.pl\\\/#organization\"},\"inLanguage\":\"pl-PL\"},{\"@type\":\"WebPage\",\"@id\":\"https:\\\/\\\/inteligentny-rozwoj.com.pl\\\/index.php\\\/fundusze-europejskie-2014-2020\\\/regionalne-programy-operacyjne-2014-2020-rpo-2014-2020\\\/regionalny-program-operacyjny-wojewodztwa-pomorskiego-na-lata-2014-2020-rpo-wp\\\/dzialanie-2-2-inwestycje-profilowane\\\/\",\"url\":\"https:\\\/\\\/inteligentny-rozwoj.com.pl\\\/index.php\\\/fundusze-europejskie-2014-2020\\\/regionalne-programy-operacyjne-2014-2020-rpo-2014-2020\\\/regionalny-program-operacyjny-wojewodztwa-pomorskiego-na-lata-2014-2020-rpo-wp\\\/dzialanie-2-2-inwestycje-profilowane\\\/\",\"name\":\"Dzia\u0142anie 2.2. Inwestycje profilowane - RPO Pomorskie 2014-2020\",\"isPartOf\":{\"@id\":\"https:\\\/\\\/inteligentny-rozwoj.com.pl\\\/#website\"},\"datePublished\":\"2015-07-27T13:42:39+00:00\",\"dateModified\":\"2015-07-27T13:43:09+00:00\",\"description\":\"Dzia\u0142anie 2.2. Inwestycje profilowane - Regionalny Program Operacyjny Wojew\u00f3dztwa Pomorskiego na lata 2014-2020\",\"breadcrumb\":{\"@id\":\"https:\\\/\\\/inteligentny-rozwoj.com.pl\\\/index.php\\\/fundusze-europejskie-2014-2020\\\/regionalne-programy-operacyjne-2014-2020-rpo-2014-2020\\\/regionalny-program-operacyjny-wojewodztwa-pomorskiego-na-lata-2014-2020-rpo-wp\\\/dzialanie-2-2-inwestycje-profilowane\\\/#breadcrumb\"},\"inLanguage\":\"pl-PL\",\"potentialAction\":[{\"@type\":\"ReadAction\",\"target\":[\"https:\\\/\\\/inteligentny-rozwoj.com.pl\\\/index.php\\\/fundusze-europejskie-2014-2020\\\/regionalne-programy-operacyjne-2014-2020-rpo-2014-2020\\\/regionalny-program-operacyjny-wojewodztwa-pomorskiego-na-lata-2014-2020-rpo-wp\\\/dzialanie-2-2-inwestycje-profilowane\\\/\"]}]},{\"@type\":\"BreadcrumbList\",\"@id\":\"https:\\\/\\\/inteligentny-rozwoj.com.pl\\\/index.php\\\/fundusze-europejskie-2014-2020\\\/regionalne-programy-operacyjne-2014-2020-rpo-2014-2020\\\/regionalny-program-operacyjny-wojewodztwa-pomorskiego-na-lata-2014-2020-rpo-wp\\\/dzialanie-2-2-inwestycje-profilowane\\\/#breadcrumb\",\"itemListElement\":[{\"@type\":\"ListItem\",\"position\":1,\"name\":\"Fundusze 2014-2020\",\"item\":\"https:\\\/\\\/inteligentny-rozwoj.com.pl\\\/index.php\\\/fundusze-europejskie-2014-2020\\\/\"},{\"@type\":\"ListItem\",\"position\":2,\"name\":\"RPO 2014-2020\",\"item\":\"https:\\\/\\\/inteligentny-rozwoj.com.pl\\\/index.php\\\/fundusze-europejskie-2014-2020\\\/regionalne-programy-operacyjne-2014-2020-rpo-2014-2020\\\/\"},{\"@type\":\"ListItem\",\"position\":3,\"name\":\"RPO Pomorskie\",\"item\":\"https:\\\/\\\/inteligentny-rozwoj.com.pl\\\/index.php\\\/fundusze-europejskie-2014-2020\\\/regionalne-programy-operacyjne-2014-2020-rpo-2014-2020\\\/regionalny-program-operacyjny-wojewodztwa-pomorskiego-na-lata-2014-2020-rpo-wp\\\/\"},{\"@type\":\"ListItem\",\"position\":4,\"name\":\"Dzia\u0142anie 2.2. Inwestycje profilowane\"}]},{\"@type\":\"WebSite\",\"@id\":\"https:\\\/\\\/inteligentny-rozwoj.com.pl\\\/#website\",\"url\":\"https:\\\/\\\/inteligentny-rozwoj.com.pl\\\/\",\"name\":\"RP CONSULTING Rafa\u0142 Pasterczyk | marketing B2B, eksport, dotacje UE\",\"description\":\"Tw\u00f3j partner w rozwoju biznesu - skuteczne doradztwo w marketingu B2B, rozwoju eksportu i pozyskiwaniu dotacji\",\"publisher\":{\"@id\":\"https:\\\/\\\/inteligentny-rozwoj.com.pl\\\/#organization\"},\"alternateName\":\"Rafa\u0142 Pasterczyk RP CONSULTING\",\"potentialAction\":[{\"@type\":\"SearchAction\",\"target\":{\"@type\":\"EntryPoint\",\"urlTemplate\":\"https:\\\/\\\/inteligentny-rozwoj.com.pl\\\/?s={search_term_string}\"},\"query-input\":{\"@type\":\"PropertyValueSpecification\",\"valueRequired\":true,\"valueName\":\"search_term_string\"}}],\"inLanguage\":\"pl-PL\"},{\"@type\":\"Organization\",\"@id\":\"https:\\\/\\\/inteligentny-rozwoj.com.pl\\\/#organization\",\"name\":\"RP CONSULTING Rafa\u0142 Pasterczyk\",\"alternateName\":\"Rafa\u0142 Pasterczyk RP CONSULTING\",\"url\":\"https:\\\/\\\/inteligentny-rozwoj.com.pl\\\/\",\"logo\":{\"@type\":\"ImageObject\",\"inLanguage\":\"pl-PL\",\"@id\":\"https:\\\/\\\/inteligentny-rozwoj.com.pl\\\/#\\\/schema\\\/logo\\\/image\\\/\",\"url\":\"https:\\\/\\\/inteligentny-rozwoj.com.pl\\\/wp-content\\\/uploads\\\/2019\\\/01\\\/cropped-rpc_logo_sq-e1546996617786.png\",\"contentUrl\":\"https:\\\/\\\/inteligentny-rozwoj.com.pl\\\/wp-content\\\/uploads\\\/2019\\\/01\\\/cropped-rpc_logo_sq-e1546996617786.png\",\"width\":512,\"height\":512,\"caption\":\"RP CONSULTING Rafa\u0142 Pasterczyk\"},\"image\":{\"@id\":\"https:\\\/\\\/inteligentny-rozwoj.com.pl\\\/#\\\/schema\\\/logo\\\/image\\\/\"},\"sameAs\":[\"https:\\\/\\\/www.facebook.com\\\/RPConsulting\",\"https:\\\/\\\/x.com\\\/rp_consulting\",\"https:\\\/\\\/www.instagram.com\\\/rpconsulting.pl\\\/\",\"https:\\\/\\\/pl.linkedin.com\\\/company\\\/rp-consulting-rpc\",\"https:\\\/\\\/www.linkedin.com\\\/in\\\/rafal-pasterczyk\\\/\"]},{\"@type\":\"Person\",\"@id\":\"https:\\\/\\\/inteligentny-rozwoj.com.pl\\\/#\\\/schema\\\/person\\\/781a467e5e331ce384632759ecdba772\",\"name\":\"RP CONSULTING Rafa\u0142 Pasterczyk\",\"image\":{\"@type\":\"ImageObject\",\"inLanguage\":\"pl-PL\",\"@id\":\"https:\\\/\\\/secure.gravatar.com\\\/avatar\\\/fde501377d5b06ef1fb158c1ea34fe2defd80fd9526b2263a81456023558c240?s=96&d=mm&r=g\",\"url\":\"https:\\\/\\\/secure.gravatar.com\\\/avatar\\\/fde501377d5b06ef1fb158c1ea34fe2defd80fd9526b2263a81456023558c240?s=96&d=mm&r=g\",\"contentUrl\":\"https:\\\/\\\/secure.gravatar.com\\\/avatar\\\/fde501377d5b06ef1fb158c1ea34fe2defd80fd9526b2263a81456023558c240?s=96&d=mm&r=g\",\"caption\":\"RP CONSULTING Rafa\u0142 Pasterczyk\"},\"description\":\"Doradztwo biznesowe i outsourcing - us\u0142ugi doradcze w zakresie marketingu B2B, rozwoju eksportu oraz pozyskiwanie i rozliczanie dotacji na rozw\u00f3j eksportu i cyfryzacj\u0119. Ponad 100 skutecznie zrealizowanych projekt\u00f3w. Wiele z nich \u0142\u0105czy doradztwo w zakresie strategii internacjonalizacji ze skutecznym pozyskaniem dofinansowania na dzia\u0142ania na rynkach zagranicznych.\",\"sameAs\":[\"https:\\\/\\\/inteligentny-rozwoj.com.pl\\\/\",\"https:\\\/\\\/www.facebook.com\\\/RPConsulting\\\/\",\"https:\\\/\\\/www.instagram.com\\\/rpconsulting.pl\\\/\",\"https:\\\/\\\/pl.linkedin.com\\\/company\\\/rp-consulting-rpc\",\"https:\\\/\\\/www.youtube.com\\\/@RPCONSULTING-b2b\"],\"url\":\"https:\\\/\\\/inteligentny-rozwoj.com.pl\\\/index.php\\\/author\\\/rpconsulting\\\/\"}]}<\/script>\n<!-- \/ Yoast SEO plugin. -->","yoast_head_json":{"title":"Dzia\u0142anie 2.2. Inwestycje profilowane - RPO Pomorskie 2014-2020","description":"Dzia\u0142anie 2.2. Inwestycje profilowane - Regionalny Program Operacyjny Wojew\u00f3dztwa Pomorskiego na lata 2014-2020","robots":{"index":"index","follow":"follow","max-snippet":"max-snippet:-1","max-image-preview":"max-image-preview:large","max-video-preview":"max-video-preview:-1"},"canonical":"https:\/\/inteligentny-rozwoj.com.pl\/index.php\/fundusze-europejskie-2014-2020\/regionalne-programy-operacyjne-2014-2020-rpo-2014-2020\/regionalny-program-operacyjny-wojewodztwa-pomorskiego-na-lata-2014-2020-rpo-wp\/dzialanie-2-2-inwestycje-profilowane\/","og_locale":"pl_PL","og_type":"article","og_title":"Dzia\u0142anie 2.2. Inwestycje profilowane - RPO Pomorskie 2014-2020","og_description":"Dzia\u0142anie 2.2. Inwestycje profilowane - Regionalny Program Operacyjny Wojew\u00f3dztwa Pomorskiego na lata 2014-2020","og_url":"https:\/\/inteligentny-rozwoj.com.pl\/index.php\/fundusze-europejskie-2014-2020\/regionalne-programy-operacyjne-2014-2020-rpo-2014-2020\/regionalny-program-operacyjny-wojewodztwa-pomorskiego-na-lata-2014-2020-rpo-wp\/dzialanie-2-2-inwestycje-profilowane\/","og_site_name":"RP CONSULTING Rafa\u0142 Pasterczyk | marketing B2B, eksport, dotacje UE","article_publisher":"https:\/\/www.facebook.com\/RPConsulting","article_modified_time":"2015-07-27T13:43:09+00:00","og_image":[{"width":350,"height":300,"url":"https:\/\/inteligentny-rozwoj.com.pl\/wp-content\/uploads\/2021\/06\/rpc_logo_sq.png","type":"image\/png"}],"twitter_card":"summary_large_image","twitter_site":"@rp_consulting","twitter_misc":{"Szacowany czas czytania":"2 minuty"},"schema":{"@context":"https:\/\/schema.org","@graph":[{"@type":"Article","@id":"https:\/\/inteligentny-rozwoj.com.pl\/index.php\/fundusze-europejskie-2014-2020\/regionalne-programy-operacyjne-2014-2020-rpo-2014-2020\/regionalny-program-operacyjny-wojewodztwa-pomorskiego-na-lata-2014-2020-rpo-wp\/dzialanie-2-2-inwestycje-profilowane\/#article","isPartOf":{"@id":"https:\/\/inteligentny-rozwoj.com.pl\/index.php\/fundusze-europejskie-2014-2020\/regionalne-programy-operacyjne-2014-2020-rpo-2014-2020\/regionalny-program-operacyjny-wojewodztwa-pomorskiego-na-lata-2014-2020-rpo-wp\/dzialanie-2-2-inwestycje-profilowane\/"},"author":{"name":"RP CONSULTING Rafa\u0142 Pasterczyk","@id":"https:\/\/inteligentny-rozwoj.com.pl\/#\/schema\/person\/781a467e5e331ce384632759ecdba772"},"headline":"Dzia\u0142anie 2.2. Inwestycje profilowane","datePublished":"2015-07-27T13:42:39+00:00","dateModified":"2015-07-27T13:43:09+00:00","mainEntityOfPage":{"@id":"https:\/\/inteligentny-rozwoj.com.pl\/index.php\/fundusze-europejskie-2014-2020\/regionalne-programy-operacyjne-2014-2020-rpo-2014-2020\/regionalny-program-operacyjny-wojewodztwa-pomorskiego-na-lata-2014-2020-rpo-wp\/dzialanie-2-2-inwestycje-profilowane\/"},"wordCount":418,"publisher":{"@id":"https:\/\/inteligentny-rozwoj.com.pl\/#organization"},"inLanguage":"pl-PL"},{"@type":"WebPage","@id":"https:\/\/inteligentny-rozwoj.com.pl\/index.php\/fundusze-europejskie-2014-2020\/regionalne-programy-operacyjne-2014-2020-rpo-2014-2020\/regionalny-program-operacyjny-wojewodztwa-pomorskiego-na-lata-2014-2020-rpo-wp\/dzialanie-2-2-inwestycje-profilowane\/","url":"https:\/\/inteligentny-rozwoj.com.pl\/index.php\/fundusze-europejskie-2014-2020\/regionalne-programy-operacyjne-2014-2020-rpo-2014-2020\/regionalny-program-operacyjny-wojewodztwa-pomorskiego-na-lata-2014-2020-rpo-wp\/dzialanie-2-2-inwestycje-profilowane\/","name":"Dzia\u0142anie 2.2. Inwestycje profilowane - RPO Pomorskie 2014-2020","isPartOf":{"@id":"https:\/\/inteligentny-rozwoj.com.pl\/#website"},"datePublished":"2015-07-27T13:42:39+00:00","dateModified":"2015-07-27T13:43:09+00:00","description":"Dzia\u0142anie 2.2. Inwestycje profilowane - Regionalny Program Operacyjny Wojew\u00f3dztwa Pomorskiego na lata 2014-2020","breadcrumb":{"@id":"https:\/\/inteligentny-rozwoj.com.pl\/index.php\/fundusze-europejskie-2014-2020\/regionalne-programy-operacyjne-2014-2020-rpo-2014-2020\/regionalny-program-operacyjny-wojewodztwa-pomorskiego-na-lata-2014-2020-rpo-wp\/dzialanie-2-2-inwestycje-profilowane\/#breadcrumb"},"inLanguage":"pl-PL","potentialAction":[{"@type":"ReadAction","target":["https:\/\/inteligentny-rozwoj.com.pl\/index.php\/fundusze-europejskie-2014-2020\/regionalne-programy-operacyjne-2014-2020-rpo-2014-2020\/regionalny-program-operacyjny-wojewodztwa-pomorskiego-na-lata-2014-2020-rpo-wp\/dzialanie-2-2-inwestycje-profilowane\/"]}]},{"@type":"BreadcrumbList","@id":"https:\/\/inteligentny-rozwoj.com.pl\/index.php\/fundusze-europejskie-2014-2020\/regionalne-programy-operacyjne-2014-2020-rpo-2014-2020\/regionalny-program-operacyjny-wojewodztwa-pomorskiego-na-lata-2014-2020-rpo-wp\/dzialanie-2-2-inwestycje-profilowane\/#breadcrumb","itemListElement":[{"@type":"ListItem","position":1,"name":"Fundusze 2014-2020","item":"https:\/\/inteligentny-rozwoj.com.pl\/index.php\/fundusze-europejskie-2014-2020\/"},{"@type":"ListItem","position":2,"name":"RPO 2014-2020","item":"https:\/\/inteligentny-rozwoj.com.pl\/index.php\/fundusze-europejskie-2014-2020\/regionalne-programy-operacyjne-2014-2020-rpo-2014-2020\/"},{"@type":"ListItem","position":3,"name":"RPO Pomorskie","item":"https:\/\/inteligentny-rozwoj.com.pl\/index.php\/fundusze-europejskie-2014-2020\/regionalne-programy-operacyjne-2014-2020-rpo-2014-2020\/regionalny-program-operacyjny-wojewodztwa-pomorskiego-na-lata-2014-2020-rpo-wp\/"},{"@type":"ListItem","position":4,"name":"Dzia\u0142anie 2.2. Inwestycje profilowane"}]},{"@type":"WebSite","@id":"https:\/\/inteligentny-rozwoj.com.pl\/#website","url":"https:\/\/inteligentny-rozwoj.com.pl\/","name":"RP CONSULTING Rafa\u0142 Pasterczyk | marketing B2B, eksport, dotacje UE","description":"Tw\u00f3j partner w rozwoju biznesu - skuteczne doradztwo w marketingu B2B, rozwoju eksportu i pozyskiwaniu dotacji","publisher":{"@id":"https:\/\/inteligentny-rozwoj.com.pl\/#organization"},"alternateName":"Rafa\u0142 Pasterczyk RP CONSULTING","potentialAction":[{"@type":"SearchAction","target":{"@type":"EntryPoint","urlTemplate":"https:\/\/inteligentny-rozwoj.com.pl\/?s={search_term_string}"},"query-input":{"@type":"PropertyValueSpecification","valueRequired":true,"valueName":"search_term_string"}}],"inLanguage":"pl-PL"},{"@type":"Organization","@id":"https:\/\/inteligentny-rozwoj.com.pl\/#organization","name":"RP CONSULTING Rafa\u0142 Pasterczyk","alternateName":"Rafa\u0142 Pasterczyk RP CONSULTING","url":"https:\/\/inteligentny-rozwoj.com.pl\/","logo":{"@type":"ImageObject","inLanguage":"pl-PL","@id":"https:\/\/inteligentny-rozwoj.com.pl\/#\/schema\/logo\/image\/","url":"https:\/\/inteligentny-rozwoj.com.pl\/wp-content\/uploads\/2019\/01\/cropped-rpc_logo_sq-e1546996617786.png","contentUrl":"https:\/\/inteligentny-rozwoj.com.pl\/wp-content\/uploads\/2019\/01\/cropped-rpc_logo_sq-e1546996617786.png","width":512,"height":512,"caption":"RP CONSULTING Rafa\u0142 Pasterczyk"},"image":{"@id":"https:\/\/inteligentny-rozwoj.com.pl\/#\/schema\/logo\/image\/"},"sameAs":["https:\/\/www.facebook.com\/RPConsulting","https:\/\/x.com\/rp_consulting","https:\/\/www.instagram.com\/rpconsulting.pl\/","https:\/\/pl.linkedin.com\/company\/rp-consulting-rpc","https:\/\/www.linkedin.com\/in\/rafal-pasterczyk\/"]},{"@type":"Person","@id":"https:\/\/inteligentny-rozwoj.com.pl\/#\/schema\/person\/781a467e5e331ce384632759ecdba772","name":"RP CONSULTING Rafa\u0142 Pasterczyk","image":{"@type":"ImageObject","inLanguage":"pl-PL","@id":"https:\/\/secure.gravatar.com\/avatar\/fde501377d5b06ef1fb158c1ea34fe2defd80fd9526b2263a81456023558c240?s=96&d=mm&r=g","url":"https:\/\/secure.gravatar.com\/avatar\/fde501377d5b06ef1fb158c1ea34fe2defd80fd9526b2263a81456023558c240?s=96&d=mm&r=g","contentUrl":"https:\/\/secure.gravatar.com\/avatar\/fde501377d5b06ef1fb158c1ea34fe2defd80fd9526b2263a81456023558c240?s=96&d=mm&r=g","caption":"RP CONSULTING Rafa\u0142 Pasterczyk"},"description":"Doradztwo biznesowe i outsourcing - us\u0142ugi doradcze w zakresie marketingu B2B, rozwoju eksportu oraz pozyskiwanie i rozliczanie dotacji na rozw\u00f3j eksportu i cyfryzacj\u0119. Ponad 100 skutecznie zrealizowanych projekt\u00f3w. Wiele z nich \u0142\u0105czy doradztwo w zakresie strategii internacjonalizacji ze skutecznym pozyskaniem dofinansowania na dzia\u0142ania na rynkach zagranicznych.","sameAs":["https:\/\/inteligentny-rozwoj.com.pl\/","https:\/\/www.facebook.com\/RPConsulting\/","https:\/\/www.instagram.com\/rpconsulting.pl\/","https:\/\/pl.linkedin.com\/company\/rp-consulting-rpc","https:\/\/www.youtube.com\/@RPCONSULTING-b2b"],"url":"https:\/\/inteligentny-rozwoj.com.pl\/index.php\/author\/rpconsulting\/"}]}},"uagb_featured_image_src":{"full":false,"thumbnail":false,"medium":false,"medium_large":false,"large":false,"1536x1536":false,"2048x2048":false,"post-thumbnail":false,"sow-carousel-default":false,"sow-blog-portfolio":false,"sow-blog-grid":false,"sow-blog-alternate":false},"uagb_author_info":{"display_name":"RP CONSULTING Rafa\u0142 Pasterczyk","author_link":"https:\/\/inteligentny-rozwoj.com.pl\/index.php\/author\/rpconsulting\/"},"uagb_comment_info":0,"uagb_excerpt":"Dzia&#322;anie 2.2. Inwestycje profilowane &ndash; Regionalny Program Operacyjny Wojew&oacute;dztwa Pomorskiego na lata 2014-2020 &ndash; realizowane jest w ramach osi priorytetowej 2. Przedsi&#281;biorstwa. Dzia&#322;anie 2.2. Inwestycje profilowane realizuje cel szczeg&oacute;&#322;owy: Zwi&#281;kszona zdolno&#347;&#263; M&#346;P do rozwijania produkt&oacute;w i us&#322;ug, w tym poprzez zastosowanie innowacji. Wsparcie w ramach interwencji powinno pos&#322;u&#380;y&#263; firmom w prze&#322;amywaniu barier rozwojowych i skutkowa&#263;&hellip;","_links":{"self":[{"href":"https:\/\/inteligentny-rozwoj.com.pl\/index.php\/wp-json\/wp\/v2\/pages\/1296","targetHints":{"allow":["GET"]}}],"collection":[{"href":"https:\/\/inteligentny-rozwoj.com.pl\/index.php\/wp-json\/wp\/v2\/pages"}],"about":[{"href":"https:\/\/inteligentny-rozwoj.com.pl\/index.php\/wp-json\/wp\/v2\/types\/page"}],"author":[{"embeddable":true,"href":"https:\/\/inteligentny-rozwoj.com.pl\/index.php\/wp-json\/wp\/v2\/users\/1"}],"replies":[{"embeddable":true,"href":"https:\/\/inteligentny-rozwoj.com.pl\/index.php\/wp-json\/wp\/v2\/comments?post=1296"}],"version-history":[{"count":2,"href":"https:\/\/inteligentny-rozwoj.com.pl\/index.php\/wp-json\/wp\/v2\/pages\/1296\/revisions"}],"predecessor-version":[{"id":1298,"href":"https:\/\/inteligentny-rozwoj.com.pl\/index.php\/wp-json\/wp\/v2\/pages\/1296\/revisions\/1298"}],"up":[{"embeddable":true,"href":"https:\/\/inteligentny-rozwoj.com.pl\/index.php\/wp-json\/wp\/v2\/pages\/889"}],"wp:attachment":[{"href":"https:\/\/inteligentny-rozwoj.com.pl\/index.php\/wp-json\/wp\/v2\/media?parent=1296"}],"curies":[{"name":"wp","href":"https:\/\/api.w.org\/{rel}","templated":true}]}}