{"id":134,"date":"2013-09-03T14:34:48","date_gmt":"2013-09-03T12:34:48","guid":{"rendered":"https:\/\/inteligentny-rozwoj.com.pl\/?page_id=134"},"modified":"2015-07-29T15:45:52","modified_gmt":"2015-07-29T13:45:52","slug":"beneficjenci-po-ir","status":"publish","type":"page","link":"https:\/\/inteligentny-rozwoj.com.pl\/index.php\/fundusze-europejskie-2014-2020\/inteligentny-rozwoj-po-ir\/beneficjenci-po-ir\/","title":{"rendered":"Beneficjenci PO IR"},"content":{"rendered":"<p style=\"text-align: justify;\">Beneficjenci <a title=\"PO IR - Program Operacyjny Inteligentny Rozw\u00f3j\" href=\"https:\/\/inteligentny-rozwoj.com.pl\/index.php\/inteligentny-rozwoj-po-ir\/\" target=\"_blank\"><span style=\"text-decoration: underline;\">PO IR<\/span><\/a>, czyli g\u0142\u00f3wni odbiorcy wsparcia w ramach Programu Operacyjnego <a title=\"Inteligentny Rozw\u00f3j\" href=\"https:\/\/inteligentny-rozwoj.com.pl\/\" target=\"_blank\"><span style=\"text-decoration: underline;\">Inteligentny Rozw\u00f3j<\/span><\/a>, to:<\/p>\n<ul style=\"text-align: justify;\">\n<li>przedsi\u0119biorstwa (w szczeg\u00f3lno\u015bci M\u015aP),<\/li>\n<li>jednostki naukowe,<\/li>\n<li>instytucje otoczenia biznesu, takie jak: parki naukowo-technologiczne, centra transferu technologii, sieci anio\u0142\u00f3w biznesu, fundusze kapita\u0142owe,<\/li>\n<li>podmioty zrzeszaj\u0105ce w\/w odbiorc\u00f3w wsparcia (np. konsorcja, klastry, platformy technologiczne).<\/li>\n<\/ul>\n<p style=\"text-align: justify;\">Jako szczeg\u00f3lni Beneficjen<a title=\"Beneficjenci PO IR\" href=\"https:\/\/inteligentny-rozwoj.com.pl\/wp-content\/uploads\/2013\/09\/Fotolia_53710363_XS.jpg\" target=\"_blank\"><img loading=\"lazy\" decoding=\"async\" class=\"alignleft size-medium wp-image-245\" style=\"margin: 5px;\" title=\"Beneficjenci PO IR\" alt=\"Beneficjenci PO IR\" src=\"https:\/\/inteligentny-rozwoj.com.pl\/wp-content\/uploads\/2013\/09\/Fotolia_53710363_XS-300x200.jpg\" width=\"278\" height=\"185\" srcset=\"https:\/\/inteligentny-rozwoj.com.pl\/wp-content\/uploads\/2013\/09\/Fotolia_53710363_XS-300x200.jpg 300w, https:\/\/inteligentny-rozwoj.com.pl\/wp-content\/uploads\/2013\/09\/Fotolia_53710363_XS.jpg 424w\" sizes=\"auto, (max-width: 278px) 100vw, 278px\" \/><\/a>ci PO IR postrzegane s\u0105 tzw. krajowe klastry kluczowe, czyli klastry posiadaj\u0105ce najwi\u0119kszy potencja\u0142 rozwojowy w kraju, a tak\u017ce w <a title=\"Paszport do Eksportu, PO IG 6.1\" href=\"http:\/\/www.rpconsulting.pl\/index.php?cid=59\" target=\"_blank\" rel=\"noopener\"><span style=\"text-decoration: underline;\">skali mi\u0119dzynarodowej<\/span><\/a>. Zostan\u0105 one wyselekcjonowane w trybie otwartego konkursu, z udzia\u0142em uznanych ekspert\u00f3w w roli oceniaj\u0105cych. Klastry kluczowe b\u0119d\u0105 mog\u0142y korzysta\u0107 ze instrument\u00f3w dedykowanych ich koordynatorom, a ponadto ich cz\u0142onkowie otrzymaj\u0105 preferencje przy ubieganiu si\u0119 o dofinansowanie projekt\u00f3w w ramach wszystkich instrument\u00f3w wsparcia PO IR.<\/p>\n","protected":false},"excerpt":{"rendered":"<p>Beneficjenci PO IR, czyli g&#322;&oacute;wni odbiorcy wsparcia w ramach Programu Operacyjnego Inteligentny Rozw&oacute;j, to: przedsi&#281;biorstwa (w szczeg&oacute;lno&#347;ci M&#346;P), jednostki naukowe, instytucje otoczenia biznesu, takie jak: parki naukowo-technologiczne, centra transferu technologii, sieci anio&#322;&oacute;w biznesu, fundusze kapita&#322;owe, podmioty zrzeszaj&#261;ce w\/w odbiorc&oacute;w wsparcia (np. konsorcja, klastry, platformy technologiczne). Jako szczeg&oacute;lni Beneficjenci PO IR postrzegane s&#261; tzw. krajowe klastry [&hellip;]<\/p>\n","protected":false},"author":1,"featured_media":0,"parent":20,"menu_order":4,"comment_status":"closed","ping_status":"closed","template":"page-templates\/full-width.php","meta":{"_crdt_document":"","content-type":"","_uag_custom_page_level_css":"","footnotes":""},"class_list":["post-134","page","type-page","status-publish","hentry"],"yoast_head":"<!-- This site is optimized with the Yoast SEO plugin v27.3 - https:\/\/yoast.com\/product\/yoast-seo-wordpress\/ -->\n<title>Beneficjenci PO IR - RP CONSULTING Rafa\u0142 Pasterczyk | marketing B2B, eksport, dotacje UE<\/title>\n<meta name=\"description\" content=\"Beneficjenci PO IR, czyli odbiorcy wsparcia Programu Operacyjnego Inteligentny Rozw\u00f3j, to przedsi\u0119biorstwa, jednostki naukowe i instytucje otoczenia biznesu\" \/>\n<meta name=\"robots\" content=\"index, follow, max-snippet:-1, max-image-preview:large, max-video-preview:-1\" \/>\n<link rel=\"canonical\" href=\"https:\/\/inteligentny-rozwoj.com.pl\/index.php\/fundusze-europejskie-2014-2020\/inteligentny-rozwoj-po-ir\/beneficjenci-po-ir\/\" \/>\n<meta property=\"og:locale\" content=\"pl_PL\" \/>\n<meta property=\"og:type\" content=\"article\" \/>\n<meta property=\"og:title\" content=\"Beneficjenci PO IR - RP CONSULTING Rafa\u0142 Pasterczyk | marketing B2B, eksport, dotacje UE\" \/>\n<meta property=\"og:description\" content=\"Beneficjenci PO IR, czyli odbiorcy wsparcia Programu Operacyjnego Inteligentny Rozw\u00f3j, to przedsi\u0119biorstwa, jednostki naukowe i instytucje otoczenia biznesu\" \/>\n<meta property=\"og:url\" content=\"https:\/\/inteligentny-rozwoj.com.pl\/index.php\/fundusze-europejskie-2014-2020\/inteligentny-rozwoj-po-ir\/beneficjenci-po-ir\/\" \/>\n<meta property=\"og:site_name\" content=\"RP CONSULTING Rafa\u0142 Pasterczyk | marketing B2B, eksport, dotacje UE\" \/>\n<meta property=\"article:publisher\" content=\"https:\/\/www.facebook.com\/RPConsulting\" \/>\n<meta property=\"article:modified_time\" content=\"2015-07-29T13:45:52+00:00\" \/>\n<meta property=\"og:image\" content=\"https:\/\/inteligentny-rozwoj.com.pl\/wp-content\/uploads\/2013\/09\/Fotolia_53710363_XS-300x200.jpg\" \/>\n<meta name=\"twitter:card\" content=\"summary_large_image\" \/>\n<meta name=\"twitter:site\" content=\"@rp_consulting\" \/>\n<meta name=\"twitter:label1\" content=\"Szacowany czas czytania\" \/>\n\t<meta name=\"twitter:data1\" content=\"1 minuta\" \/>\n<script type=\"application\/ld+json\" class=\"yoast-schema-graph\">{\"@context\":\"https:\\\/\\\/schema.org\",\"@graph\":[{\"@type\":\"Article\",\"@id\":\"https:\\\/\\\/inteligentny-rozwoj.com.pl\\\/index.php\\\/fundusze-europejskie-2014-2020\\\/inteligentny-rozwoj-po-ir\\\/beneficjenci-po-ir\\\/#article\",\"isPartOf\":{\"@id\":\"https:\\\/\\\/inteligentny-rozwoj.com.pl\\\/index.php\\\/fundusze-europejskie-2014-2020\\\/inteligentny-rozwoj-po-ir\\\/beneficjenci-po-ir\\\/\"},\"author\":{\"name\":\"RP CONSULTING Rafa\u0142 Pasterczyk\",\"@id\":\"https:\\\/\\\/inteligentny-rozwoj.com.pl\\\/#\\\/schema\\\/person\\\/781a467e5e331ce384632759ecdba772\"},\"headline\":\"Beneficjenci PO IR\",\"datePublished\":\"2013-09-03T12:34:48+00:00\",\"dateModified\":\"2015-07-29T13:45:52+00:00\",\"mainEntityOfPage\":{\"@id\":\"https:\\\/\\\/inteligentny-rozwoj.com.pl\\\/index.php\\\/fundusze-europejskie-2014-2020\\\/inteligentny-rozwoj-po-ir\\\/beneficjenci-po-ir\\\/\"},\"wordCount\":141,\"publisher\":{\"@id\":\"https:\\\/\\\/inteligentny-rozwoj.com.pl\\\/#organization\"},\"image\":{\"@id\":\"https:\\\/\\\/inteligentny-rozwoj.com.pl\\\/index.php\\\/fundusze-europejskie-2014-2020\\\/inteligentny-rozwoj-po-ir\\\/beneficjenci-po-ir\\\/#primaryimage\"},\"thumbnailUrl\":\"https:\\\/\\\/inteligentny-rozwoj.com.pl\\\/wp-content\\\/uploads\\\/2013\\\/09\\\/Fotolia_53710363_XS-300x200.jpg\",\"inLanguage\":\"pl-PL\"},{\"@type\":\"WebPage\",\"@id\":\"https:\\\/\\\/inteligentny-rozwoj.com.pl\\\/index.php\\\/fundusze-europejskie-2014-2020\\\/inteligentny-rozwoj-po-ir\\\/beneficjenci-po-ir\\\/\",\"url\":\"https:\\\/\\\/inteligentny-rozwoj.com.pl\\\/index.php\\\/fundusze-europejskie-2014-2020\\\/inteligentny-rozwoj-po-ir\\\/beneficjenci-po-ir\\\/\",\"name\":\"Beneficjenci PO IR - RP CONSULTING Rafa\u0142 Pasterczyk | marketing B2B, eksport, dotacje UE\",\"isPartOf\":{\"@id\":\"https:\\\/\\\/inteligentny-rozwoj.com.pl\\\/#website\"},\"primaryImageOfPage\":{\"@id\":\"https:\\\/\\\/inteligentny-rozwoj.com.pl\\\/index.php\\\/fundusze-europejskie-2014-2020\\\/inteligentny-rozwoj-po-ir\\\/beneficjenci-po-ir\\\/#primaryimage\"},\"image\":{\"@id\":\"https:\\\/\\\/inteligentny-rozwoj.com.pl\\\/index.php\\\/fundusze-europejskie-2014-2020\\\/inteligentny-rozwoj-po-ir\\\/beneficjenci-po-ir\\\/#primaryimage\"},\"thumbnailUrl\":\"https:\\\/\\\/inteligentny-rozwoj.com.pl\\\/wp-content\\\/uploads\\\/2013\\\/09\\\/Fotolia_53710363_XS-300x200.jpg\",\"datePublished\":\"2013-09-03T12:34:48+00:00\",\"dateModified\":\"2015-07-29T13:45:52+00:00\",\"description\":\"Beneficjenci PO IR, czyli odbiorcy wsparcia Programu Operacyjnego Inteligentny Rozw\u00f3j, to przedsi\u0119biorstwa, jednostki naukowe i instytucje otoczenia biznesu\",\"breadcrumb\":{\"@id\":\"https:\\\/\\\/inteligentny-rozwoj.com.pl\\\/index.php\\\/fundusze-europejskie-2014-2020\\\/inteligentny-rozwoj-po-ir\\\/beneficjenci-po-ir\\\/#breadcrumb\"},\"inLanguage\":\"pl-PL\",\"potentialAction\":[{\"@type\":\"ReadAction\",\"target\":[\"https:\\\/\\\/inteligentny-rozwoj.com.pl\\\/index.php\\\/fundusze-europejskie-2014-2020\\\/inteligentny-rozwoj-po-ir\\\/beneficjenci-po-ir\\\/\"]}]},{\"@type\":\"ImageObject\",\"inLanguage\":\"pl-PL\",\"@id\":\"https:\\\/\\\/inteligentny-rozwoj.com.pl\\\/index.php\\\/fundusze-europejskie-2014-2020\\\/inteligentny-rozwoj-po-ir\\\/beneficjenci-po-ir\\\/#primaryimage\",\"url\":\"https:\\\/\\\/inteligentny-rozwoj.com.pl\\\/wp-content\\\/uploads\\\/2013\\\/09\\\/Fotolia_53710363_XS.jpg\",\"contentUrl\":\"https:\\\/\\\/inteligentny-rozwoj.com.pl\\\/wp-content\\\/uploads\\\/2013\\\/09\\\/Fotolia_53710363_XS.jpg\",\"width\":424,\"height\":283},{\"@type\":\"BreadcrumbList\",\"@id\":\"https:\\\/\\\/inteligentny-rozwoj.com.pl\\\/index.php\\\/fundusze-europejskie-2014-2020\\\/inteligentny-rozwoj-po-ir\\\/beneficjenci-po-ir\\\/#breadcrumb\",\"itemListElement\":[{\"@type\":\"ListItem\",\"position\":1,\"name\":\"Fundusze 2014-2020\",\"item\":\"https:\\\/\\\/inteligentny-rozwoj.com.pl\\\/index.php\\\/fundusze-europejskie-2014-2020\\\/\"},{\"@type\":\"ListItem\",\"position\":2,\"name\":\"PO IR 2014-2020\",\"item\":\"https:\\\/\\\/inteligentny-rozwoj.com.pl\\\/index.php\\\/fundusze-europejskie-2014-2020\\\/inteligentny-rozwoj-po-ir\\\/\"},{\"@type\":\"ListItem\",\"position\":3,\"name\":\"Beneficjenci PO IR\"}]},{\"@type\":\"WebSite\",\"@id\":\"https:\\\/\\\/inteligentny-rozwoj.com.pl\\\/#website\",\"url\":\"https:\\\/\\\/inteligentny-rozwoj.com.pl\\\/\",\"name\":\"RP CONSULTING Rafa\u0142 Pasterczyk | marketing B2B, eksport, dotacje UE\",\"description\":\"Tw\u00f3j partner w rozwoju biznesu - skuteczne doradztwo w marketingu B2B, rozwoju eksportu i pozyskiwaniu dotacji\",\"publisher\":{\"@id\":\"https:\\\/\\\/inteligentny-rozwoj.com.pl\\\/#organization\"},\"alternateName\":\"Rafa\u0142 Pasterczyk RP CONSULTING\",\"potentialAction\":[{\"@type\":\"SearchAction\",\"target\":{\"@type\":\"EntryPoint\",\"urlTemplate\":\"https:\\\/\\\/inteligentny-rozwoj.com.pl\\\/?s={search_term_string}\"},\"query-input\":{\"@type\":\"PropertyValueSpecification\",\"valueRequired\":true,\"valueName\":\"search_term_string\"}}],\"inLanguage\":\"pl-PL\"},{\"@type\":\"Organization\",\"@id\":\"https:\\\/\\\/inteligentny-rozwoj.com.pl\\\/#organization\",\"name\":\"RP CONSULTING Rafa\u0142 Pasterczyk\",\"alternateName\":\"Rafa\u0142 Pasterczyk RP CONSULTING\",\"url\":\"https:\\\/\\\/inteligentny-rozwoj.com.pl\\\/\",\"logo\":{\"@type\":\"ImageObject\",\"inLanguage\":\"pl-PL\",\"@id\":\"https:\\\/\\\/inteligentny-rozwoj.com.pl\\\/#\\\/schema\\\/logo\\\/image\\\/\",\"url\":\"https:\\\/\\\/inteligentny-rozwoj.com.pl\\\/wp-content\\\/uploads\\\/2019\\\/01\\\/cropped-rpc_logo_sq-e1546996617786.png\",\"contentUrl\":\"https:\\\/\\\/inteligentny-rozwoj.com.pl\\\/wp-content\\\/uploads\\\/2019\\\/01\\\/cropped-rpc_logo_sq-e1546996617786.png\",\"width\":512,\"height\":512,\"caption\":\"RP CONSULTING Rafa\u0142 Pasterczyk\"},\"image\":{\"@id\":\"https:\\\/\\\/inteligentny-rozwoj.com.pl\\\/#\\\/schema\\\/logo\\\/image\\\/\"},\"sameAs\":[\"https:\\\/\\\/www.facebook.com\\\/RPConsulting\",\"https:\\\/\\\/x.com\\\/rp_consulting\",\"https:\\\/\\\/www.instagram.com\\\/rpconsulting.pl\\\/\",\"https:\\\/\\\/pl.linkedin.com\\\/company\\\/rp-consulting-rpc\",\"https:\\\/\\\/www.linkedin.com\\\/in\\\/rafal-pasterczyk\\\/\"]},{\"@type\":\"Person\",\"@id\":\"https:\\\/\\\/inteligentny-rozwoj.com.pl\\\/#\\\/schema\\\/person\\\/781a467e5e331ce384632759ecdba772\",\"name\":\"RP CONSULTING Rafa\u0142 Pasterczyk\",\"image\":{\"@type\":\"ImageObject\",\"inLanguage\":\"pl-PL\",\"@id\":\"https:\\\/\\\/secure.gravatar.com\\\/avatar\\\/fde501377d5b06ef1fb158c1ea34fe2defd80fd9526b2263a81456023558c240?s=96&d=mm&r=g\",\"url\":\"https:\\\/\\\/secure.gravatar.com\\\/avatar\\\/fde501377d5b06ef1fb158c1ea34fe2defd80fd9526b2263a81456023558c240?s=96&d=mm&r=g\",\"contentUrl\":\"https:\\\/\\\/secure.gravatar.com\\\/avatar\\\/fde501377d5b06ef1fb158c1ea34fe2defd80fd9526b2263a81456023558c240?s=96&d=mm&r=g\",\"caption\":\"RP CONSULTING Rafa\u0142 Pasterczyk\"},\"description\":\"Doradztwo biznesowe i outsourcing - us\u0142ugi doradcze w zakresie marketingu B2B, rozwoju eksportu oraz pozyskiwanie i rozliczanie dotacji na rozw\u00f3j eksportu i cyfryzacj\u0119. Ponad 100 skutecznie zrealizowanych projekt\u00f3w. Wiele z nich \u0142\u0105czy doradztwo w zakresie strategii internacjonalizacji ze skutecznym pozyskaniem dofinansowania na dzia\u0142ania na rynkach zagranicznych.\",\"sameAs\":[\"https:\\\/\\\/inteligentny-rozwoj.com.pl\\\/\",\"https:\\\/\\\/www.facebook.com\\\/RPConsulting\\\/\",\"https:\\\/\\\/www.instagram.com\\\/rpconsulting.pl\\\/\",\"https:\\\/\\\/pl.linkedin.com\\\/company\\\/rp-consulting-rpc\",\"https:\\\/\\\/www.youtube.com\\\/@RPCONSULTING-b2b\"],\"url\":\"https:\\\/\\\/inteligentny-rozwoj.com.pl\\\/index.php\\\/author\\\/rpconsulting\\\/\"}]}<\/script>\n<!-- \/ Yoast SEO plugin. -->","yoast_head_json":{"title":"Beneficjenci PO IR - RP CONSULTING Rafa\u0142 Pasterczyk | marketing B2B, eksport, dotacje UE","description":"Beneficjenci PO IR, czyli odbiorcy wsparcia Programu Operacyjnego Inteligentny Rozw\u00f3j, to przedsi\u0119biorstwa, jednostki naukowe i instytucje otoczenia biznesu","robots":{"index":"index","follow":"follow","max-snippet":"max-snippet:-1","max-image-preview":"max-image-preview:large","max-video-preview":"max-video-preview:-1"},"canonical":"https:\/\/inteligentny-rozwoj.com.pl\/index.php\/fundusze-europejskie-2014-2020\/inteligentny-rozwoj-po-ir\/beneficjenci-po-ir\/","og_locale":"pl_PL","og_type":"article","og_title":"Beneficjenci PO IR - RP CONSULTING Rafa\u0142 Pasterczyk | marketing B2B, eksport, dotacje UE","og_description":"Beneficjenci PO IR, czyli odbiorcy wsparcia Programu Operacyjnego Inteligentny Rozw\u00f3j, to przedsi\u0119biorstwa, jednostki naukowe i instytucje otoczenia biznesu","og_url":"https:\/\/inteligentny-rozwoj.com.pl\/index.php\/fundusze-europejskie-2014-2020\/inteligentny-rozwoj-po-ir\/beneficjenci-po-ir\/","og_site_name":"RP CONSULTING Rafa\u0142 Pasterczyk | marketing B2B, eksport, dotacje UE","article_publisher":"https:\/\/www.facebook.com\/RPConsulting","article_modified_time":"2015-07-29T13:45:52+00:00","og_image":[{"url":"https:\/\/inteligentny-rozwoj.com.pl\/wp-content\/uploads\/2013\/09\/Fotolia_53710363_XS-300x200.jpg","type":"","width":"","height":""}],"twitter_card":"summary_large_image","twitter_site":"@rp_consulting","twitter_misc":{"Szacowany czas czytania":"1 minuta"},"schema":{"@context":"https:\/\/schema.org","@graph":[{"@type":"Article","@id":"https:\/\/inteligentny-rozwoj.com.pl\/index.php\/fundusze-europejskie-2014-2020\/inteligentny-rozwoj-po-ir\/beneficjenci-po-ir\/#article","isPartOf":{"@id":"https:\/\/inteligentny-rozwoj.com.pl\/index.php\/fundusze-europejskie-2014-2020\/inteligentny-rozwoj-po-ir\/beneficjenci-po-ir\/"},"author":{"name":"RP CONSULTING Rafa\u0142 Pasterczyk","@id":"https:\/\/inteligentny-rozwoj.com.pl\/#\/schema\/person\/781a467e5e331ce384632759ecdba772"},"headline":"Beneficjenci PO IR","datePublished":"2013-09-03T12:34:48+00:00","dateModified":"2015-07-29T13:45:52+00:00","mainEntityOfPage":{"@id":"https:\/\/inteligentny-rozwoj.com.pl\/index.php\/fundusze-europejskie-2014-2020\/inteligentny-rozwoj-po-ir\/beneficjenci-po-ir\/"},"wordCount":141,"publisher":{"@id":"https:\/\/inteligentny-rozwoj.com.pl\/#organization"},"image":{"@id":"https:\/\/inteligentny-rozwoj.com.pl\/index.php\/fundusze-europejskie-2014-2020\/inteligentny-rozwoj-po-ir\/beneficjenci-po-ir\/#primaryimage"},"thumbnailUrl":"https:\/\/inteligentny-rozwoj.com.pl\/wp-content\/uploads\/2013\/09\/Fotolia_53710363_XS-300x200.jpg","inLanguage":"pl-PL"},{"@type":"WebPage","@id":"https:\/\/inteligentny-rozwoj.com.pl\/index.php\/fundusze-europejskie-2014-2020\/inteligentny-rozwoj-po-ir\/beneficjenci-po-ir\/","url":"https:\/\/inteligentny-rozwoj.com.pl\/index.php\/fundusze-europejskie-2014-2020\/inteligentny-rozwoj-po-ir\/beneficjenci-po-ir\/","name":"Beneficjenci PO IR - RP CONSULTING Rafa\u0142 Pasterczyk | marketing B2B, eksport, dotacje UE","isPartOf":{"@id":"https:\/\/inteligentny-rozwoj.com.pl\/#website"},"primaryImageOfPage":{"@id":"https:\/\/inteligentny-rozwoj.com.pl\/index.php\/fundusze-europejskie-2014-2020\/inteligentny-rozwoj-po-ir\/beneficjenci-po-ir\/#primaryimage"},"image":{"@id":"https:\/\/inteligentny-rozwoj.com.pl\/index.php\/fundusze-europejskie-2014-2020\/inteligentny-rozwoj-po-ir\/beneficjenci-po-ir\/#primaryimage"},"thumbnailUrl":"https:\/\/inteligentny-rozwoj.com.pl\/wp-content\/uploads\/2013\/09\/Fotolia_53710363_XS-300x200.jpg","datePublished":"2013-09-03T12:34:48+00:00","dateModified":"2015-07-29T13:45:52+00:00","description":"Beneficjenci PO IR, czyli odbiorcy wsparcia Programu Operacyjnego Inteligentny Rozw\u00f3j, to przedsi\u0119biorstwa, jednostki naukowe i instytucje otoczenia biznesu","breadcrumb":{"@id":"https:\/\/inteligentny-rozwoj.com.pl\/index.php\/fundusze-europejskie-2014-2020\/inteligentny-rozwoj-po-ir\/beneficjenci-po-ir\/#breadcrumb"},"inLanguage":"pl-PL","potentialAction":[{"@type":"ReadAction","target":["https:\/\/inteligentny-rozwoj.com.pl\/index.php\/fundusze-europejskie-2014-2020\/inteligentny-rozwoj-po-ir\/beneficjenci-po-ir\/"]}]},{"@type":"ImageObject","inLanguage":"pl-PL","@id":"https:\/\/inteligentny-rozwoj.com.pl\/index.php\/fundusze-europejskie-2014-2020\/inteligentny-rozwoj-po-ir\/beneficjenci-po-ir\/#primaryimage","url":"https:\/\/inteligentny-rozwoj.com.pl\/wp-content\/uploads\/2013\/09\/Fotolia_53710363_XS.jpg","contentUrl":"https:\/\/inteligentny-rozwoj.com.pl\/wp-content\/uploads\/2013\/09\/Fotolia_53710363_XS.jpg","width":424,"height":283},{"@type":"BreadcrumbList","@id":"https:\/\/inteligentny-rozwoj.com.pl\/index.php\/fundusze-europejskie-2014-2020\/inteligentny-rozwoj-po-ir\/beneficjenci-po-ir\/#breadcrumb","itemListElement":[{"@type":"ListItem","position":1,"name":"Fundusze 2014-2020","item":"https:\/\/inteligentny-rozwoj.com.pl\/index.php\/fundusze-europejskie-2014-2020\/"},{"@type":"ListItem","position":2,"name":"PO IR 2014-2020","item":"https:\/\/inteligentny-rozwoj.com.pl\/index.php\/fundusze-europejskie-2014-2020\/inteligentny-rozwoj-po-ir\/"},{"@type":"ListItem","position":3,"name":"Beneficjenci PO IR"}]},{"@type":"WebSite","@id":"https:\/\/inteligentny-rozwoj.com.pl\/#website","url":"https:\/\/inteligentny-rozwoj.com.pl\/","name":"RP CONSULTING Rafa\u0142 Pasterczyk | marketing B2B, eksport, dotacje UE","description":"Tw\u00f3j partner w rozwoju biznesu - skuteczne doradztwo w marketingu B2B, rozwoju eksportu i pozyskiwaniu dotacji","publisher":{"@id":"https:\/\/inteligentny-rozwoj.com.pl\/#organization"},"alternateName":"Rafa\u0142 Pasterczyk RP CONSULTING","potentialAction":[{"@type":"SearchAction","target":{"@type":"EntryPoint","urlTemplate":"https:\/\/inteligentny-rozwoj.com.pl\/?s={search_term_string}"},"query-input":{"@type":"PropertyValueSpecification","valueRequired":true,"valueName":"search_term_string"}}],"inLanguage":"pl-PL"},{"@type":"Organization","@id":"https:\/\/inteligentny-rozwoj.com.pl\/#organization","name":"RP CONSULTING Rafa\u0142 Pasterczyk","alternateName":"Rafa\u0142 Pasterczyk RP CONSULTING","url":"https:\/\/inteligentny-rozwoj.com.pl\/","logo":{"@type":"ImageObject","inLanguage":"pl-PL","@id":"https:\/\/inteligentny-rozwoj.com.pl\/#\/schema\/logo\/image\/","url":"https:\/\/inteligentny-rozwoj.com.pl\/wp-content\/uploads\/2019\/01\/cropped-rpc_logo_sq-e1546996617786.png","contentUrl":"https:\/\/inteligentny-rozwoj.com.pl\/wp-content\/uploads\/2019\/01\/cropped-rpc_logo_sq-e1546996617786.png","width":512,"height":512,"caption":"RP CONSULTING Rafa\u0142 Pasterczyk"},"image":{"@id":"https:\/\/inteligentny-rozwoj.com.pl\/#\/schema\/logo\/image\/"},"sameAs":["https:\/\/www.facebook.com\/RPConsulting","https:\/\/x.com\/rp_consulting","https:\/\/www.instagram.com\/rpconsulting.pl\/","https:\/\/pl.linkedin.com\/company\/rp-consulting-rpc","https:\/\/www.linkedin.com\/in\/rafal-pasterczyk\/"]},{"@type":"Person","@id":"https:\/\/inteligentny-rozwoj.com.pl\/#\/schema\/person\/781a467e5e331ce384632759ecdba772","name":"RP CONSULTING Rafa\u0142 Pasterczyk","image":{"@type":"ImageObject","inLanguage":"pl-PL","@id":"https:\/\/secure.gravatar.com\/avatar\/fde501377d5b06ef1fb158c1ea34fe2defd80fd9526b2263a81456023558c240?s=96&d=mm&r=g","url":"https:\/\/secure.gravatar.com\/avatar\/fde501377d5b06ef1fb158c1ea34fe2defd80fd9526b2263a81456023558c240?s=96&d=mm&r=g","contentUrl":"https:\/\/secure.gravatar.com\/avatar\/fde501377d5b06ef1fb158c1ea34fe2defd80fd9526b2263a81456023558c240?s=96&d=mm&r=g","caption":"RP CONSULTING Rafa\u0142 Pasterczyk"},"description":"Doradztwo biznesowe i outsourcing - us\u0142ugi doradcze w zakresie marketingu B2B, rozwoju eksportu oraz pozyskiwanie i rozliczanie dotacji na rozw\u00f3j eksportu i cyfryzacj\u0119. Ponad 100 skutecznie zrealizowanych projekt\u00f3w. Wiele z nich \u0142\u0105czy doradztwo w zakresie strategii internacjonalizacji ze skutecznym pozyskaniem dofinansowania na dzia\u0142ania na rynkach zagranicznych.","sameAs":["https:\/\/inteligentny-rozwoj.com.pl\/","https:\/\/www.facebook.com\/RPConsulting\/","https:\/\/www.instagram.com\/rpconsulting.pl\/","https:\/\/pl.linkedin.com\/company\/rp-consulting-rpc","https:\/\/www.youtube.com\/@RPCONSULTING-b2b"],"url":"https:\/\/inteligentny-rozwoj.com.pl\/index.php\/author\/rpconsulting\/"}]}},"uagb_featured_image_src":{"full":false,"thumbnail":false,"medium":false,"medium_large":false,"large":false,"1536x1536":false,"2048x2048":false,"post-thumbnail":false,"sow-carousel-default":false,"sow-blog-portfolio":false,"sow-blog-grid":false,"sow-blog-alternate":false},"uagb_author_info":{"display_name":"RP CONSULTING Rafa\u0142 Pasterczyk","author_link":"https:\/\/inteligentny-rozwoj.com.pl\/index.php\/author\/rpconsulting\/"},"uagb_comment_info":0,"uagb_excerpt":"Beneficjenci PO IR, czyli g&#322;&oacute;wni odbiorcy wsparcia w ramach Programu Operacyjnego Inteligentny Rozw&oacute;j, to: przedsi&#281;biorstwa (w szczeg&oacute;lno&#347;ci M&#346;P), jednostki naukowe, instytucje otoczenia biznesu, takie jak: parki naukowo-technologiczne, centra transferu technologii, sieci anio&#322;&oacute;w biznesu, fundusze kapita&#322;owe, podmioty zrzeszaj&#261;ce w\/w odbiorc&oacute;w wsparcia (np. konsorcja, klastry, platformy technologiczne). Jako szczeg&oacute;lni Beneficjenci PO IR postrzegane s&#261; tzw. krajowe klastry&hellip;","_links":{"self":[{"href":"https:\/\/inteligentny-rozwoj.com.pl\/index.php\/wp-json\/wp\/v2\/pages\/134","targetHints":{"allow":["GET"]}}],"collection":[{"href":"https:\/\/inteligentny-rozwoj.com.pl\/index.php\/wp-json\/wp\/v2\/pages"}],"about":[{"href":"https:\/\/inteligentny-rozwoj.com.pl\/index.php\/wp-json\/wp\/v2\/types\/page"}],"author":[{"embeddable":true,"href":"https:\/\/inteligentny-rozwoj.com.pl\/index.php\/wp-json\/wp\/v2\/users\/1"}],"replies":[{"embeddable":true,"href":"https:\/\/inteligentny-rozwoj.com.pl\/index.php\/wp-json\/wp\/v2\/comments?post=134"}],"version-history":[{"count":5,"href":"https:\/\/inteligentny-rozwoj.com.pl\/index.php\/wp-json\/wp\/v2\/pages\/134\/revisions"}],"predecessor-version":[{"id":309,"href":"https:\/\/inteligentny-rozwoj.com.pl\/index.php\/wp-json\/wp\/v2\/pages\/134\/revisions\/309"}],"up":[{"embeddable":true,"href":"https:\/\/inteligentny-rozwoj.com.pl\/index.php\/wp-json\/wp\/v2\/pages\/20"}],"wp:attachment":[{"href":"https:\/\/inteligentny-rozwoj.com.pl\/index.php\/wp-json\/wp\/v2\/media?parent=134"}],"curies":[{"name":"wp","href":"https:\/\/api.w.org\/{rel}","templated":true}]}}