{"id":1356,"date":"2015-08-13T16:24:13","date_gmt":"2015-08-13T14:24:13","guid":{"rendered":"https:\/\/inteligentny-rozwoj.com.pl\/?page_id=1356"},"modified":"2015-08-13T17:16:37","modified_gmt":"2015-08-13T15:16:37","slug":"dzialanie-2-inwestycje-przedsiebiorstw-w-badania-innowacje","status":"publish","type":"page","link":"https:\/\/inteligentny-rozwoj.com.pl\/index.php\/fundusze-europejskie-2014-2020\/regionalne-programy-operacyjne-2014-2020-rpo-2014-2020\/regionalny-program-operacyjny-wojewodztwa-lodzkiego-2014-2020\/dzialanie-2-inwestycje-przedsiebiorstw-w-badania-innowacje\/","title":{"rendered":"Dzia\u0142anie I.2 Inwestycje przedsi\u0119biorstw w badania i innowacje"},"content":{"rendered":"<p style=\"text-align: justify;\">Dzia\u0142anie I.2 Inwestycje przedsi\u0119biorstw w badania i innowacje &#8211; Regionalny Program Operacyjny Wojew\u00f3dztwa \u0141\u00f3dzkiego na lata 2014 &#8211; 2020 &#8211; realizowane jest w ramach osi priorytetowej I\u00a0Badania, rozw\u00f3j i komercjalizacja wiedzy.<\/p>\n<p style=\"text-align: justify;\">Dzia\u0142anie I.2 Inwestycje przedsi\u0119biorstw w badania i innowacje jako cel g\u0142\u00f3wny wskazuje zwi\u0119kszenie aktywno\u015bci badawczo-rozwojowej przedsi\u0119biorstw.<\/p>\n<p style=\"text-align: justify;\">Realizacja niniejszego dzia\u0142ania poprzez wsparcie rozwoju istniej\u0105cego lub stworzenia nowego zaplecza badawczo-rozwojowego, s\u0142u\u017c\u0105cego dzia\u0142alno\u015bci innowacyjnej przedsi\u0119biorstw oraz realizacj\u0119 projekt\u00f3w badawczo-rozwojowych przedsi\u0119biorstw, kt\u00f3rych wyniki zostan\u0105 wdro\u017cone do dzia\u0142alno\u015bci gospodarczej ma przyczyni\u0107 si\u0119 do zwi\u0119kszenia nak\u0142ad\u00f3w na dzia\u0142alno\u015b\u0107 B+R przedsi\u0119biorstw z teren\u00f3w wojew\u00f3dztwa \u0142\u00f3dzkiego.<\/p>\n<p style=\"text-align: justify;\">W rezultacie wzro\u015bnie odsetek innowacyjnych przedsi\u0119biorstw, w tym liczba podmiot\u00f3w gospodarczych tworz\u0105cych i inwestuj\u0105cych w centra badawczo-rozwojowe, posiadaj\u0105cych w strukturze w\u0142asne dzia\u0142y badawczo-rozwojowe, korzystaj\u0105cych z zamawianych prac badawczych lub prowadz\u0105cych prace badawczo-rozwojowe.<\/p>\n<p style=\"text-align: justify;\">Dzia\u0142anie I.2 Inwestycje przedsi\u0119biorstw w badania i innowacje kieruje wsparcie na M\u015aP. Inwestycje du\u017cych przedsi\u0119biorstw mog\u0105 by\u0107 wsp\u00f3\u0142finansowane pod warunkiem zapewnienia konkretnych efekt\u00f3w dyfuzji dzia\u0142alno\u015bci B+R do gospodarki regionu \u0142\u00f3dzkiego oraz zobowi\u0105zania si\u0119 du\u017cego przedsi\u0119biorstwa, \u017ce wk\u0142ad finansowy z funduszy nie spowoduje znacznej utraty miejsc pracy w istniej\u0105cych lokalizacjach tego przedsi\u0119biorstwa na terytorium Unii Europejskiej, w zwi\u0105zku z realizacj\u0105 dofinansowywanego projektu. Wsparcie dla du\u017cych przedsi\u0119biorstw ograniczone jest do przedsi\u0119wzi\u0119\u0107 o wysokim ryzyku lub niskiej rentowno\u015bci lub projekt\u00f3w o unikalnym charakterze, kt\u00f3re nie mog\u0105 zosta\u0107 zrealizowane przez M\u015aP.<\/p>\n<p style=\"text-align: justify;\">W zakresie niniejszego dzia\u0142ania wsparcie otrzymaj\u0105 wy\u0142\u0105cznie projekty wpisuj\u0105ce si\u0119 w specjalizacje regionalne.<\/p>\n<p style=\"text-align: justify;\">Dzia\u0142anie I.2 Inwestycje przedsi\u0119biorstw w badania i innowacje realizowane b\u0119dzie poprzez 2 poddzia\u0142ania:<\/p>\n<ul style=\"text-align: justify;\">\n<li><a title=\"Poddzia\u0142anie I.2.1 Infrastruktura B+R przedsi\u0119biorstw\" href=\"https:\/\/inteligentny-rozwoj.com.pl\/index.php\/fundusze-europejskie-2014-2020\/regionalne-programy-operacyjne-2014-2020-rpo-2014-2020\/regionalny-program-operacyjny-wojewodztwa-lodzkiego-2014-2020\/dzialanie-2-inwestycje-przedsiebiorstw-w-badania-innowacje\/poddzialanie-2-1-infrastruktura-br-przedsiebiorstw\/\" target=\"_blank\">Poddzia\u0142anie I.2.1 Infrastruktura B+R przedsi\u0119biorstw<\/a><\/li>\n<li><a title=\"Poddzia\u0142anie I.2.2 Projekty B+R przedsi\u0119biorstw\" href=\"https:\/\/inteligentny-rozwoj.com.pl\/index.php\/fundusze-europejskie-2014-2020\/regionalne-programy-operacyjne-2014-2020-rpo-2014-2020\/regionalny-program-operacyjny-wojewodztwa-lodzkiego-2014-2020\/dzialanie-2-inwestycje-przedsiebiorstw-w-badania-innowacje\/poddzialanie-2-2-projekty-br-przedsiebiorstw\/\" target=\"_blank\">Poddzia\u0142anie I.2.2 Projekty B+R przedsi\u0119biorstw<\/a><\/li>\n<\/ul>\n","protected":false},"excerpt":{"rendered":"<p>Dzia&#322;anie I.2 Inwestycje przedsi&#281;biorstw w badania i innowacje &ndash; Regionalny Program Operacyjny Wojew&oacute;dztwa &#321;&oacute;dzkiego na lata 2014 &ndash; 2020 &ndash; realizowane jest w ramach osi priorytetowej I&nbsp;Badania, rozw&oacute;j i komercjalizacja wiedzy. Dzia&#322;anie I.2 Inwestycje przedsi&#281;biorstw w badania i innowacje jako cel g&#322;&oacute;wny wskazuje zwi&#281;kszenie aktywno&#347;ci badawczo-rozwojowej przedsi&#281;biorstw. Realizacja niniejszego dzia&#322;ania poprzez wsparcie rozwoju istniej&#261;cego lub [&hellip;]<\/p>\n","protected":false},"author":1,"featured_media":0,"parent":903,"menu_order":1,"comment_status":"closed","ping_status":"closed","template":"page-templates\/full-width.php","meta":{"_crdt_document":"","content-type":"","_uag_custom_page_level_css":"","footnotes":""},"class_list":["post-1356","page","type-page","status-publish","hentry"],"yoast_head":"<!-- This site is optimized with the Yoast SEO plugin v27.3 - https:\/\/yoast.com\/product\/yoast-seo-wordpress\/ -->\n<title>Dzia\u0142anie I.2 Inwestycje przedsi\u0119biorstw w badania i innowacje - RPO woj. \u0142\u00f3dzkie 2014-2020<\/title>\n<meta name=\"description\" content=\"Dzia\u0142anie I.2 Inwestycje przedsi\u0119biorstw w badania i innowacje - RPO woj. \u0142\u00f3dzkie na lata 2014-2020 - wspiera aktywno\u015b\u0107 badawczo-rozwojow\u0105 przedsi\u0119biorstw.\" \/>\n<meta name=\"robots\" content=\"index, follow, max-snippet:-1, max-image-preview:large, max-video-preview:-1\" \/>\n<link rel=\"canonical\" href=\"https:\/\/inteligentny-rozwoj.com.pl\/index.php\/fundusze-europejskie-2014-2020\/regionalne-programy-operacyjne-2014-2020-rpo-2014-2020\/regionalny-program-operacyjny-wojewodztwa-lodzkiego-2014-2020\/dzialanie-2-inwestycje-przedsiebiorstw-w-badania-innowacje\/\" \/>\n<meta property=\"og:locale\" content=\"pl_PL\" \/>\n<meta property=\"og:type\" content=\"article\" \/>\n<meta property=\"og:title\" content=\"Dzia\u0142anie I.2 Inwestycje przedsi\u0119biorstw w badania i innowacje - RPO woj. \u0142\u00f3dzkie 2014-2020\" \/>\n<meta property=\"og:description\" content=\"Dzia\u0142anie I.2 Inwestycje przedsi\u0119biorstw w badania i innowacje - RPO woj. \u0142\u00f3dzkie na lata 2014-2020 - wspiera aktywno\u015b\u0107 badawczo-rozwojow\u0105 przedsi\u0119biorstw.\" \/>\n<meta property=\"og:url\" content=\"https:\/\/inteligentny-rozwoj.com.pl\/index.php\/fundusze-europejskie-2014-2020\/regionalne-programy-operacyjne-2014-2020-rpo-2014-2020\/regionalny-program-operacyjny-wojewodztwa-lodzkiego-2014-2020\/dzialanie-2-inwestycje-przedsiebiorstw-w-badania-innowacje\/\" \/>\n<meta property=\"og:site_name\" content=\"RP CONSULTING Rafa\u0142 Pasterczyk | marketing B2B, eksport, dotacje UE\" \/>\n<meta property=\"article:publisher\" content=\"https:\/\/www.facebook.com\/RPConsulting\" \/>\n<meta property=\"article:modified_time\" content=\"2015-08-13T15:16:37+00:00\" \/>\n<meta property=\"og:image\" content=\"https:\/\/inteligentny-rozwoj.com.pl\/wp-content\/uploads\/2021\/06\/rpc_logo_sq.png\" \/>\n\t<meta property=\"og:image:width\" content=\"350\" \/>\n\t<meta property=\"og:image:height\" content=\"300\" \/>\n\t<meta property=\"og:image:type\" content=\"image\/png\" \/>\n<meta name=\"twitter:card\" content=\"summary_large_image\" \/>\n<meta name=\"twitter:site\" content=\"@rp_consulting\" \/>\n<meta name=\"twitter:label1\" content=\"Szacowany czas czytania\" \/>\n\t<meta name=\"twitter:data1\" content=\"2 minuty\" \/>\n<script type=\"application\/ld+json\" class=\"yoast-schema-graph\">{\"@context\":\"https:\\\/\\\/schema.org\",\"@graph\":[{\"@type\":\"Article\",\"@id\":\"https:\\\/\\\/inteligentny-rozwoj.com.pl\\\/index.php\\\/fundusze-europejskie-2014-2020\\\/regionalne-programy-operacyjne-2014-2020-rpo-2014-2020\\\/regionalny-program-operacyjny-wojewodztwa-lodzkiego-2014-2020\\\/dzialanie-2-inwestycje-przedsiebiorstw-w-badania-innowacje\\\/#article\",\"isPartOf\":{\"@id\":\"https:\\\/\\\/inteligentny-rozwoj.com.pl\\\/index.php\\\/fundusze-europejskie-2014-2020\\\/regionalne-programy-operacyjne-2014-2020-rpo-2014-2020\\\/regionalny-program-operacyjny-wojewodztwa-lodzkiego-2014-2020\\\/dzialanie-2-inwestycje-przedsiebiorstw-w-badania-innowacje\\\/\"},\"author\":{\"name\":\"RP CONSULTING Rafa\u0142 Pasterczyk\",\"@id\":\"https:\\\/\\\/inteligentny-rozwoj.com.pl\\\/#\\\/schema\\\/person\\\/781a467e5e331ce384632759ecdba772\"},\"headline\":\"Dzia\u0142anie I.2 Inwestycje przedsi\u0119biorstw w badania i innowacje\",\"datePublished\":\"2015-08-13T14:24:13+00:00\",\"dateModified\":\"2015-08-13T15:16:37+00:00\",\"mainEntityOfPage\":{\"@id\":\"https:\\\/\\\/inteligentny-rozwoj.com.pl\\\/index.php\\\/fundusze-europejskie-2014-2020\\\/regionalne-programy-operacyjne-2014-2020-rpo-2014-2020\\\/regionalny-program-operacyjny-wojewodztwa-lodzkiego-2014-2020\\\/dzialanie-2-inwestycje-przedsiebiorstw-w-badania-innowacje\\\/\"},\"wordCount\":330,\"publisher\":{\"@id\":\"https:\\\/\\\/inteligentny-rozwoj.com.pl\\\/#organization\"},\"inLanguage\":\"pl-PL\"},{\"@type\":\"WebPage\",\"@id\":\"https:\\\/\\\/inteligentny-rozwoj.com.pl\\\/index.php\\\/fundusze-europejskie-2014-2020\\\/regionalne-programy-operacyjne-2014-2020-rpo-2014-2020\\\/regionalny-program-operacyjny-wojewodztwa-lodzkiego-2014-2020\\\/dzialanie-2-inwestycje-przedsiebiorstw-w-badania-innowacje\\\/\",\"url\":\"https:\\\/\\\/inteligentny-rozwoj.com.pl\\\/index.php\\\/fundusze-europejskie-2014-2020\\\/regionalne-programy-operacyjne-2014-2020-rpo-2014-2020\\\/regionalny-program-operacyjny-wojewodztwa-lodzkiego-2014-2020\\\/dzialanie-2-inwestycje-przedsiebiorstw-w-badania-innowacje\\\/\",\"name\":\"Dzia\u0142anie I.2 Inwestycje przedsi\u0119biorstw w badania i innowacje - RPO woj. \u0142\u00f3dzkie 2014-2020\",\"isPartOf\":{\"@id\":\"https:\\\/\\\/inteligentny-rozwoj.com.pl\\\/#website\"},\"datePublished\":\"2015-08-13T14:24:13+00:00\",\"dateModified\":\"2015-08-13T15:16:37+00:00\",\"description\":\"Dzia\u0142anie I.2 Inwestycje przedsi\u0119biorstw w badania i innowacje - RPO woj. \u0142\u00f3dzkie na lata 2014-2020 - wspiera aktywno\u015b\u0107 badawczo-rozwojow\u0105 przedsi\u0119biorstw.\",\"breadcrumb\":{\"@id\":\"https:\\\/\\\/inteligentny-rozwoj.com.pl\\\/index.php\\\/fundusze-europejskie-2014-2020\\\/regionalne-programy-operacyjne-2014-2020-rpo-2014-2020\\\/regionalny-program-operacyjny-wojewodztwa-lodzkiego-2014-2020\\\/dzialanie-2-inwestycje-przedsiebiorstw-w-badania-innowacje\\\/#breadcrumb\"},\"inLanguage\":\"pl-PL\",\"potentialAction\":[{\"@type\":\"ReadAction\",\"target\":[\"https:\\\/\\\/inteligentny-rozwoj.com.pl\\\/index.php\\\/fundusze-europejskie-2014-2020\\\/regionalne-programy-operacyjne-2014-2020-rpo-2014-2020\\\/regionalny-program-operacyjny-wojewodztwa-lodzkiego-2014-2020\\\/dzialanie-2-inwestycje-przedsiebiorstw-w-badania-innowacje\\\/\"]}]},{\"@type\":\"BreadcrumbList\",\"@id\":\"https:\\\/\\\/inteligentny-rozwoj.com.pl\\\/index.php\\\/fundusze-europejskie-2014-2020\\\/regionalne-programy-operacyjne-2014-2020-rpo-2014-2020\\\/regionalny-program-operacyjny-wojewodztwa-lodzkiego-2014-2020\\\/dzialanie-2-inwestycje-przedsiebiorstw-w-badania-innowacje\\\/#breadcrumb\",\"itemListElement\":[{\"@type\":\"ListItem\",\"position\":1,\"name\":\"Fundusze 2014-2020\",\"item\":\"https:\\\/\\\/inteligentny-rozwoj.com.pl\\\/index.php\\\/fundusze-europejskie-2014-2020\\\/\"},{\"@type\":\"ListItem\",\"position\":2,\"name\":\"RPO 2014-2020\",\"item\":\"https:\\\/\\\/inteligentny-rozwoj.com.pl\\\/index.php\\\/fundusze-europejskie-2014-2020\\\/regionalne-programy-operacyjne-2014-2020-rpo-2014-2020\\\/\"},{\"@type\":\"ListItem\",\"position\":3,\"name\":\"RPO \u0141\u00f3dzkie\",\"item\":\"https:\\\/\\\/inteligentny-rozwoj.com.pl\\\/index.php\\\/fundusze-europejskie-2014-2020\\\/regionalne-programy-operacyjne-2014-2020-rpo-2014-2020\\\/regionalny-program-operacyjny-wojewodztwa-lodzkiego-2014-2020\\\/\"},{\"@type\":\"ListItem\",\"position\":4,\"name\":\"Dzia\u0142anie I.2 Inwestycje przedsi\u0119biorstw w badania i innowacje\"}]},{\"@type\":\"WebSite\",\"@id\":\"https:\\\/\\\/inteligentny-rozwoj.com.pl\\\/#website\",\"url\":\"https:\\\/\\\/inteligentny-rozwoj.com.pl\\\/\",\"name\":\"RP CONSULTING Rafa\u0142 Pasterczyk | marketing B2B, eksport, dotacje UE\",\"description\":\"Tw\u00f3j partner w rozwoju biznesu - skuteczne doradztwo w marketingu B2B, rozwoju eksportu i pozyskiwaniu dotacji\",\"publisher\":{\"@id\":\"https:\\\/\\\/inteligentny-rozwoj.com.pl\\\/#organization\"},\"alternateName\":\"Rafa\u0142 Pasterczyk RP CONSULTING\",\"potentialAction\":[{\"@type\":\"SearchAction\",\"target\":{\"@type\":\"EntryPoint\",\"urlTemplate\":\"https:\\\/\\\/inteligentny-rozwoj.com.pl\\\/?s={search_term_string}\"},\"query-input\":{\"@type\":\"PropertyValueSpecification\",\"valueRequired\":true,\"valueName\":\"search_term_string\"}}],\"inLanguage\":\"pl-PL\"},{\"@type\":\"Organization\",\"@id\":\"https:\\\/\\\/inteligentny-rozwoj.com.pl\\\/#organization\",\"name\":\"RP CONSULTING Rafa\u0142 Pasterczyk\",\"alternateName\":\"Rafa\u0142 Pasterczyk RP CONSULTING\",\"url\":\"https:\\\/\\\/inteligentny-rozwoj.com.pl\\\/\",\"logo\":{\"@type\":\"ImageObject\",\"inLanguage\":\"pl-PL\",\"@id\":\"https:\\\/\\\/inteligentny-rozwoj.com.pl\\\/#\\\/schema\\\/logo\\\/image\\\/\",\"url\":\"https:\\\/\\\/inteligentny-rozwoj.com.pl\\\/wp-content\\\/uploads\\\/2019\\\/01\\\/cropped-rpc_logo_sq-e1546996617786.png\",\"contentUrl\":\"https:\\\/\\\/inteligentny-rozwoj.com.pl\\\/wp-content\\\/uploads\\\/2019\\\/01\\\/cropped-rpc_logo_sq-e1546996617786.png\",\"width\":512,\"height\":512,\"caption\":\"RP CONSULTING Rafa\u0142 Pasterczyk\"},\"image\":{\"@id\":\"https:\\\/\\\/inteligentny-rozwoj.com.pl\\\/#\\\/schema\\\/logo\\\/image\\\/\"},\"sameAs\":[\"https:\\\/\\\/www.facebook.com\\\/RPConsulting\",\"https:\\\/\\\/x.com\\\/rp_consulting\",\"https:\\\/\\\/www.instagram.com\\\/rpconsulting.pl\\\/\",\"https:\\\/\\\/pl.linkedin.com\\\/company\\\/rp-consulting-rpc\",\"https:\\\/\\\/www.linkedin.com\\\/in\\\/rafal-pasterczyk\\\/\"]},{\"@type\":\"Person\",\"@id\":\"https:\\\/\\\/inteligentny-rozwoj.com.pl\\\/#\\\/schema\\\/person\\\/781a467e5e331ce384632759ecdba772\",\"name\":\"RP CONSULTING Rafa\u0142 Pasterczyk\",\"image\":{\"@type\":\"ImageObject\",\"inLanguage\":\"pl-PL\",\"@id\":\"https:\\\/\\\/secure.gravatar.com\\\/avatar\\\/fde501377d5b06ef1fb158c1ea34fe2defd80fd9526b2263a81456023558c240?s=96&d=mm&r=g\",\"url\":\"https:\\\/\\\/secure.gravatar.com\\\/avatar\\\/fde501377d5b06ef1fb158c1ea34fe2defd80fd9526b2263a81456023558c240?s=96&d=mm&r=g\",\"contentUrl\":\"https:\\\/\\\/secure.gravatar.com\\\/avatar\\\/fde501377d5b06ef1fb158c1ea34fe2defd80fd9526b2263a81456023558c240?s=96&d=mm&r=g\",\"caption\":\"RP CONSULTING Rafa\u0142 Pasterczyk\"},\"description\":\"Doradztwo biznesowe, outsourcing i interim management w zakresie marketingu B2B, rozwoju eksportu, a tak\u017ce pozyskiwanie i rozliczanie dotacji na rozw\u00f3j eksportu i cyfryzacj\u0119. Ponad 100 skutecznie zrealizowanych projekt\u00f3w dla M\u015aP. Wiele z nich \u0142\u0105czy doradztwo w zakresie strategii internacjonalizacji ze skutecznym pozyskaniem dofinansowania na dzia\u0142ania na rynkach zagranicznych.\",\"sameAs\":[\"https:\\\/\\\/inteligentny-rozwoj.com.pl\\\/\",\"https:\\\/\\\/www.facebook.com\\\/RPConsulting\\\/\",\"https:\\\/\\\/www.instagram.com\\\/rpconsulting.pl\\\/\",\"https:\\\/\\\/pl.linkedin.com\\\/company\\\/rp-consulting-rpc\",\"https:\\\/\\\/www.youtube.com\\\/@RPCONSULTING-b2b\"],\"url\":\"https:\\\/\\\/inteligentny-rozwoj.com.pl\\\/index.php\\\/author\\\/rpconsulting\\\/\"}]}<\/script>\n<!-- \/ Yoast SEO plugin. -->","yoast_head_json":{"title":"Dzia\u0142anie I.2 Inwestycje przedsi\u0119biorstw w badania i innowacje - RPO woj. \u0142\u00f3dzkie 2014-2020","description":"Dzia\u0142anie I.2 Inwestycje przedsi\u0119biorstw w badania i innowacje - RPO woj. \u0142\u00f3dzkie na lata 2014-2020 - wspiera aktywno\u015b\u0107 badawczo-rozwojow\u0105 przedsi\u0119biorstw.","robots":{"index":"index","follow":"follow","max-snippet":"max-snippet:-1","max-image-preview":"max-image-preview:large","max-video-preview":"max-video-preview:-1"},"canonical":"https:\/\/inteligentny-rozwoj.com.pl\/index.php\/fundusze-europejskie-2014-2020\/regionalne-programy-operacyjne-2014-2020-rpo-2014-2020\/regionalny-program-operacyjny-wojewodztwa-lodzkiego-2014-2020\/dzialanie-2-inwestycje-przedsiebiorstw-w-badania-innowacje\/","og_locale":"pl_PL","og_type":"article","og_title":"Dzia\u0142anie I.2 Inwestycje przedsi\u0119biorstw w badania i innowacje - RPO woj. \u0142\u00f3dzkie 2014-2020","og_description":"Dzia\u0142anie I.2 Inwestycje przedsi\u0119biorstw w badania i innowacje - RPO woj. \u0142\u00f3dzkie na lata 2014-2020 - wspiera aktywno\u015b\u0107 badawczo-rozwojow\u0105 przedsi\u0119biorstw.","og_url":"https:\/\/inteligentny-rozwoj.com.pl\/index.php\/fundusze-europejskie-2014-2020\/regionalne-programy-operacyjne-2014-2020-rpo-2014-2020\/regionalny-program-operacyjny-wojewodztwa-lodzkiego-2014-2020\/dzialanie-2-inwestycje-przedsiebiorstw-w-badania-innowacje\/","og_site_name":"RP CONSULTING Rafa\u0142 Pasterczyk | marketing B2B, eksport, dotacje UE","article_publisher":"https:\/\/www.facebook.com\/RPConsulting","article_modified_time":"2015-08-13T15:16:37+00:00","og_image":[{"width":350,"height":300,"url":"https:\/\/inteligentny-rozwoj.com.pl\/wp-content\/uploads\/2021\/06\/rpc_logo_sq.png","type":"image\/png"}],"twitter_card":"summary_large_image","twitter_site":"@rp_consulting","twitter_misc":{"Szacowany czas czytania":"2 minuty"},"schema":{"@context":"https:\/\/schema.org","@graph":[{"@type":"Article","@id":"https:\/\/inteligentny-rozwoj.com.pl\/index.php\/fundusze-europejskie-2014-2020\/regionalne-programy-operacyjne-2014-2020-rpo-2014-2020\/regionalny-program-operacyjny-wojewodztwa-lodzkiego-2014-2020\/dzialanie-2-inwestycje-przedsiebiorstw-w-badania-innowacje\/#article","isPartOf":{"@id":"https:\/\/inteligentny-rozwoj.com.pl\/index.php\/fundusze-europejskie-2014-2020\/regionalne-programy-operacyjne-2014-2020-rpo-2014-2020\/regionalny-program-operacyjny-wojewodztwa-lodzkiego-2014-2020\/dzialanie-2-inwestycje-przedsiebiorstw-w-badania-innowacje\/"},"author":{"name":"RP CONSULTING Rafa\u0142 Pasterczyk","@id":"https:\/\/inteligentny-rozwoj.com.pl\/#\/schema\/person\/781a467e5e331ce384632759ecdba772"},"headline":"Dzia\u0142anie I.2 Inwestycje przedsi\u0119biorstw w badania i innowacje","datePublished":"2015-08-13T14:24:13+00:00","dateModified":"2015-08-13T15:16:37+00:00","mainEntityOfPage":{"@id":"https:\/\/inteligentny-rozwoj.com.pl\/index.php\/fundusze-europejskie-2014-2020\/regionalne-programy-operacyjne-2014-2020-rpo-2014-2020\/regionalny-program-operacyjny-wojewodztwa-lodzkiego-2014-2020\/dzialanie-2-inwestycje-przedsiebiorstw-w-badania-innowacje\/"},"wordCount":330,"publisher":{"@id":"https:\/\/inteligentny-rozwoj.com.pl\/#organization"},"inLanguage":"pl-PL"},{"@type":"WebPage","@id":"https:\/\/inteligentny-rozwoj.com.pl\/index.php\/fundusze-europejskie-2014-2020\/regionalne-programy-operacyjne-2014-2020-rpo-2014-2020\/regionalny-program-operacyjny-wojewodztwa-lodzkiego-2014-2020\/dzialanie-2-inwestycje-przedsiebiorstw-w-badania-innowacje\/","url":"https:\/\/inteligentny-rozwoj.com.pl\/index.php\/fundusze-europejskie-2014-2020\/regionalne-programy-operacyjne-2014-2020-rpo-2014-2020\/regionalny-program-operacyjny-wojewodztwa-lodzkiego-2014-2020\/dzialanie-2-inwestycje-przedsiebiorstw-w-badania-innowacje\/","name":"Dzia\u0142anie I.2 Inwestycje przedsi\u0119biorstw w badania i innowacje - RPO woj. \u0142\u00f3dzkie 2014-2020","isPartOf":{"@id":"https:\/\/inteligentny-rozwoj.com.pl\/#website"},"datePublished":"2015-08-13T14:24:13+00:00","dateModified":"2015-08-13T15:16:37+00:00","description":"Dzia\u0142anie I.2 Inwestycje przedsi\u0119biorstw w badania i innowacje - RPO woj. \u0142\u00f3dzkie na lata 2014-2020 - wspiera aktywno\u015b\u0107 badawczo-rozwojow\u0105 przedsi\u0119biorstw.","breadcrumb":{"@id":"https:\/\/inteligentny-rozwoj.com.pl\/index.php\/fundusze-europejskie-2014-2020\/regionalne-programy-operacyjne-2014-2020-rpo-2014-2020\/regionalny-program-operacyjny-wojewodztwa-lodzkiego-2014-2020\/dzialanie-2-inwestycje-przedsiebiorstw-w-badania-innowacje\/#breadcrumb"},"inLanguage":"pl-PL","potentialAction":[{"@type":"ReadAction","target":["https:\/\/inteligentny-rozwoj.com.pl\/index.php\/fundusze-europejskie-2014-2020\/regionalne-programy-operacyjne-2014-2020-rpo-2014-2020\/regionalny-program-operacyjny-wojewodztwa-lodzkiego-2014-2020\/dzialanie-2-inwestycje-przedsiebiorstw-w-badania-innowacje\/"]}]},{"@type":"BreadcrumbList","@id":"https:\/\/inteligentny-rozwoj.com.pl\/index.php\/fundusze-europejskie-2014-2020\/regionalne-programy-operacyjne-2014-2020-rpo-2014-2020\/regionalny-program-operacyjny-wojewodztwa-lodzkiego-2014-2020\/dzialanie-2-inwestycje-przedsiebiorstw-w-badania-innowacje\/#breadcrumb","itemListElement":[{"@type":"ListItem","position":1,"name":"Fundusze 2014-2020","item":"https:\/\/inteligentny-rozwoj.com.pl\/index.php\/fundusze-europejskie-2014-2020\/"},{"@type":"ListItem","position":2,"name":"RPO 2014-2020","item":"https:\/\/inteligentny-rozwoj.com.pl\/index.php\/fundusze-europejskie-2014-2020\/regionalne-programy-operacyjne-2014-2020-rpo-2014-2020\/"},{"@type":"ListItem","position":3,"name":"RPO \u0141\u00f3dzkie","item":"https:\/\/inteligentny-rozwoj.com.pl\/index.php\/fundusze-europejskie-2014-2020\/regionalne-programy-operacyjne-2014-2020-rpo-2014-2020\/regionalny-program-operacyjny-wojewodztwa-lodzkiego-2014-2020\/"},{"@type":"ListItem","position":4,"name":"Dzia\u0142anie I.2 Inwestycje przedsi\u0119biorstw w badania i innowacje"}]},{"@type":"WebSite","@id":"https:\/\/inteligentny-rozwoj.com.pl\/#website","url":"https:\/\/inteligentny-rozwoj.com.pl\/","name":"RP CONSULTING Rafa\u0142 Pasterczyk | marketing B2B, eksport, dotacje UE","description":"Tw\u00f3j partner w rozwoju biznesu - skuteczne doradztwo w marketingu B2B, rozwoju eksportu i pozyskiwaniu dotacji","publisher":{"@id":"https:\/\/inteligentny-rozwoj.com.pl\/#organization"},"alternateName":"Rafa\u0142 Pasterczyk RP CONSULTING","potentialAction":[{"@type":"SearchAction","target":{"@type":"EntryPoint","urlTemplate":"https:\/\/inteligentny-rozwoj.com.pl\/?s={search_term_string}"},"query-input":{"@type":"PropertyValueSpecification","valueRequired":true,"valueName":"search_term_string"}}],"inLanguage":"pl-PL"},{"@type":"Organization","@id":"https:\/\/inteligentny-rozwoj.com.pl\/#organization","name":"RP CONSULTING Rafa\u0142 Pasterczyk","alternateName":"Rafa\u0142 Pasterczyk RP CONSULTING","url":"https:\/\/inteligentny-rozwoj.com.pl\/","logo":{"@type":"ImageObject","inLanguage":"pl-PL","@id":"https:\/\/inteligentny-rozwoj.com.pl\/#\/schema\/logo\/image\/","url":"https:\/\/inteligentny-rozwoj.com.pl\/wp-content\/uploads\/2019\/01\/cropped-rpc_logo_sq-e1546996617786.png","contentUrl":"https:\/\/inteligentny-rozwoj.com.pl\/wp-content\/uploads\/2019\/01\/cropped-rpc_logo_sq-e1546996617786.png","width":512,"height":512,"caption":"RP CONSULTING Rafa\u0142 Pasterczyk"},"image":{"@id":"https:\/\/inteligentny-rozwoj.com.pl\/#\/schema\/logo\/image\/"},"sameAs":["https:\/\/www.facebook.com\/RPConsulting","https:\/\/x.com\/rp_consulting","https:\/\/www.instagram.com\/rpconsulting.pl\/","https:\/\/pl.linkedin.com\/company\/rp-consulting-rpc","https:\/\/www.linkedin.com\/in\/rafal-pasterczyk\/"]},{"@type":"Person","@id":"https:\/\/inteligentny-rozwoj.com.pl\/#\/schema\/person\/781a467e5e331ce384632759ecdba772","name":"RP CONSULTING Rafa\u0142 Pasterczyk","image":{"@type":"ImageObject","inLanguage":"pl-PL","@id":"https:\/\/secure.gravatar.com\/avatar\/fde501377d5b06ef1fb158c1ea34fe2defd80fd9526b2263a81456023558c240?s=96&d=mm&r=g","url":"https:\/\/secure.gravatar.com\/avatar\/fde501377d5b06ef1fb158c1ea34fe2defd80fd9526b2263a81456023558c240?s=96&d=mm&r=g","contentUrl":"https:\/\/secure.gravatar.com\/avatar\/fde501377d5b06ef1fb158c1ea34fe2defd80fd9526b2263a81456023558c240?s=96&d=mm&r=g","caption":"RP CONSULTING Rafa\u0142 Pasterczyk"},"description":"Doradztwo biznesowe, outsourcing i interim management w zakresie marketingu B2B, rozwoju eksportu, a tak\u017ce pozyskiwanie i rozliczanie dotacji na rozw\u00f3j eksportu i cyfryzacj\u0119. Ponad 100 skutecznie zrealizowanych projekt\u00f3w dla M\u015aP. Wiele z nich \u0142\u0105czy doradztwo w zakresie strategii internacjonalizacji ze skutecznym pozyskaniem dofinansowania na dzia\u0142ania na rynkach zagranicznych.","sameAs":["https:\/\/inteligentny-rozwoj.com.pl\/","https:\/\/www.facebook.com\/RPConsulting\/","https:\/\/www.instagram.com\/rpconsulting.pl\/","https:\/\/pl.linkedin.com\/company\/rp-consulting-rpc","https:\/\/www.youtube.com\/@RPCONSULTING-b2b"],"url":"https:\/\/inteligentny-rozwoj.com.pl\/index.php\/author\/rpconsulting\/"}]}},"uagb_featured_image_src":{"full":false,"thumbnail":false,"medium":false,"medium_large":false,"large":false,"1536x1536":false,"2048x2048":false,"post-thumbnail":false,"sow-carousel-default":false,"sow-blog-portfolio":false,"sow-blog-grid":false,"sow-blog-alternate":false},"uagb_author_info":{"display_name":"RP CONSULTING Rafa\u0142 Pasterczyk","author_link":"https:\/\/inteligentny-rozwoj.com.pl\/index.php\/author\/rpconsulting\/"},"uagb_comment_info":0,"uagb_excerpt":"Dzia&#322;anie I.2 Inwestycje przedsi&#281;biorstw w badania i innowacje &ndash; Regionalny Program Operacyjny Wojew&oacute;dztwa &#321;&oacute;dzkiego na lata 2014 &ndash; 2020 &ndash; realizowane jest w ramach osi priorytetowej I&nbsp;Badania, rozw&oacute;j i komercjalizacja wiedzy. Dzia&#322;anie I.2 Inwestycje przedsi&#281;biorstw w badania i innowacje jako cel g&#322;&oacute;wny wskazuje zwi&#281;kszenie aktywno&#347;ci badawczo-rozwojowej przedsi&#281;biorstw. Realizacja niniejszego dzia&#322;ania poprzez wsparcie rozwoju istniej&#261;cego lub&hellip;","_links":{"self":[{"href":"https:\/\/inteligentny-rozwoj.com.pl\/index.php\/wp-json\/wp\/v2\/pages\/1356","targetHints":{"allow":["GET"]}}],"collection":[{"href":"https:\/\/inteligentny-rozwoj.com.pl\/index.php\/wp-json\/wp\/v2\/pages"}],"about":[{"href":"https:\/\/inteligentny-rozwoj.com.pl\/index.php\/wp-json\/wp\/v2\/types\/page"}],"author":[{"embeddable":true,"href":"https:\/\/inteligentny-rozwoj.com.pl\/index.php\/wp-json\/wp\/v2\/users\/1"}],"replies":[{"embeddable":true,"href":"https:\/\/inteligentny-rozwoj.com.pl\/index.php\/wp-json\/wp\/v2\/comments?post=1356"}],"version-history":[{"count":5,"href":"https:\/\/inteligentny-rozwoj.com.pl\/index.php\/wp-json\/wp\/v2\/pages\/1356\/revisions"}],"predecessor-version":[{"id":1367,"href":"https:\/\/inteligentny-rozwoj.com.pl\/index.php\/wp-json\/wp\/v2\/pages\/1356\/revisions\/1367"}],"up":[{"embeddable":true,"href":"https:\/\/inteligentny-rozwoj.com.pl\/index.php\/wp-json\/wp\/v2\/pages\/903"}],"wp:attachment":[{"href":"https:\/\/inteligentny-rozwoj.com.pl\/index.php\/wp-json\/wp\/v2\/media?parent=1356"}],"curies":[{"name":"wp","href":"https:\/\/api.w.org\/{rel}","templated":true}]}}