{"id":139,"date":"2013-09-03T14:46:48","date_gmt":"2013-09-03T12:46:48","guid":{"rendered":"https:\/\/inteligentny-rozwoj.com.pl\/?page_id=139"},"modified":"2015-02-04T22:24:08","modified_gmt":"2015-02-04T21:24:08","slug":"os-priorytetowa-po-ir","status":"publish","type":"page","link":"https:\/\/inteligentny-rozwoj.com.pl\/index.php\/fundusze-europejskie-2014-2020\/inteligentny-rozwoj-po-ir\/zakres-wsparcia-po-ir\/os-priorytetowa-po-ir\/","title":{"rendered":"IV O\u015b priorytetowa PO IR"},"content":{"rendered":"<p style=\"text-align: justify;\">IV O\u015b priorytetowa PO IR:\u00a0ZWI\u0118KSZENIE POTENCJA\u0141U NAUKOWO-BADAWCZEGO przewiduje do realizacji cel szczeg\u00f3\u0142owy 6. <b>Zwi\u0119kszony poziom rynkowego wykorzystania wynik\u00f3w bada\u0144 naukowych<\/b>.<\/p>\n<p style=\"text-align: justify;\">IV O\u015b priorytetowa PO IR przewiduje, \u017ce:<\/p>\n<ul style=\"text-align: justify;\">\n<li>ca\u0142o\u015b\u0107 osi priorytetowej zostanie zrealizowana wy\u0142\u0105cznie przy wykorzystaniu instrument\u00f3w finansowych<\/li>\n<li>ca\u0142o\u015b\u0107 osi priorytetowej zostanie zrealizowana wy\u0142\u0105cznie przy wykorzystaniu instrument\u00f3w finansowych utworzonych na poziomie Unii<\/li>\n<li>ca\u0142o\u015b\u0107 osi priorytetowej zostanie zrealizowana przy wykorzystaniu formu\u0142y rozwoju lokalnego kierowanego przez spo\u0142eczno\u015b\u0107<\/li>\n<li>w odniesieniu do EFS: ca\u0142o\u015b\u0107 osi priorytetowej jest po\u015bwi\u0119cona innowacjom spo\u0142ecznym, wsp\u00f3\u0142pracy transgranicznej lub obydwu tym obszarom<\/li>\n<\/ul>\n<p style=\"text-align: justify;\">IV o\u015b priorytetowa PO IR zak\u0142ada, \u017ce w ramach osi wspierane s\u0105 projekty realizowane na terenie ca\u0142ego kraju, z uwzgl\u0119dnieniem specyficznych uwarunkowa\u0144 dotycz\u0105cych rozwoju potencja\u0142u do prowadzenia dzia\u0142alno\u015bci naukowo-badawczej. Charakter ww. projekt\u00f3w nie uzasadnia dzielenia interwencji pomi\u0119dzy dwie kategorie region\u00f3w.<\/p>\n<p style=\"text-align: justify;\">W przypadku, gdy przekazywane wsparcie b\u0119dzie nosi\u0107 znamiona pomocy publicznej &#8211; b\u0119dzie ono udzielane z uwzgl\u0119dnieniem w\u0142a\u015bciwych przepis\u00f3w o pomocy publicznej. Pomoc publiczna udzielana w ramach Programu b\u0119dzie zgodna z przepisami proceduralnymi i materialnymi w zakresie pomocy publicznej maj\u0105cymi zastosowanie w dniu jej przyznawania.<\/p>\n<p style=\"text-align: justify;\">IV O\u015b priorytetowa PO IR obejmuje jeden cel tematyczny 1. (CT 1) oraz realizuje jeden priorytet inwestycyjny \u2013 Priorytet Inwestycyjny 1.a (PI 1.a).<\/p>\n<p style=\"text-align: justify;\">Publiczne nak\u0142ady na B+R w Polsce znajduj\u0105 si\u0119 na poziomie \u015brednim dla ca\u0142ej UE. W Polsce funkcjonuje wiele jednostek naukowych o znacz\u0105cym potencjale badawczym, prowadzone s\u0105 prace B+R dotycz\u0105ce wi\u0119kszo\u015bci obszar\u00f3w nauki. Niekt\u00f3re z polskich jednostek naukowych posiadaj\u0105 wysok\u0105, ugruntowan\u0105 pozycj\u0119 na arenie mi\u0119dzynarodowej. Polska nauka znajduje si\u0119 w okresie dynamicznych zmian, kt\u00f3rych efekty i wp\u0142yw na gospodark\u0119 (w postaci lepiej wykszta\u0142conych absolwent\u00f3w, wynik\u00f3w prac B+R mog\u0105cych mie\u0107 zastosowanie w gospodarce) b\u0119dzie mo\u017cliwy do okre\u015blenia w ci\u0105gu najbli\u017cszych lat.<\/p>\n<p style=\"text-align: justify;\">Dzi\u0119ki inwestycjom podj\u0119tym w latach 2007-2013 poprawie uleg\u0142y warunki infrastrukturalne w zakresie prowadzenia prac badawczo-rozwojowych. Jednocze\u015bnie dotychczas obserwowane trendy i procesy wskazuj\u0105, \u017ce wci\u0105\u017c du\u017cym wyzwaniem jest silniejsze powi\u0105zanie sektora nauki z gospodark\u0105.<\/p>\n<p style=\"text-align: justify;\">\u015awiadczy o tym niewielka (cho\u0107 wzrastaj\u0105ca w ostatnich latach) skala projekt\u00f3w podejmowanych wsp\u00f3lnie przez jednostki naukowe i przedsi\u0119biorstwa. Prowadzenie efektywnej wsp\u00f3\u0142pracy uwarunkowane jest potencja\u0142em i ofert\u0105 sektora nauki, jak i mo\u017cliwo\u015bci\u0105 komercyjnego wykorzystania efekt\u00f3w prac naukowc\u00f3w przez przedsi\u0119biorstwa.<\/p>\n<p style=\"text-align: justify;\">Wsparcie kierowane jest wy\u0142\u0105cznie na obszary okre\u015blone jako inteligentne specjalizacje oraz potencjalne nowe specjalizacje wynikaj\u0105ce z procesu przedsi\u0119biorczego odkrywania, b\u0119d\u0105cego cz\u0119\u015bci\u0105 monitorowania Krajowej Inteligentnej Specjalizacji (KIS). Uwzgl\u0119dnienie w POIR takich obszar\u00f3w b\u0119dzie mia\u0142o na celu m.in. weryfikacj\u0119 ich potencja\u0142u jako inteligentnych specjalizacji, co w przypadku pozytywnych rezultat\u00f3w mo\u017ce prowadzi\u0107 do aktualizacji KIS.<\/p>\n","protected":false},"excerpt":{"rendered":"<p>IV O&#347; priorytetowa PO IR:&nbsp;ZWI&#280;KSZENIE POTENCJA&#321;U NAUKOWO-BADAWCZEGO przewiduje do realizacji cel szczeg&oacute;&#322;owy 6. Zwi&#281;kszony poziom rynkowego wykorzystania wynik&oacute;w bada&#324; naukowych. IV O&#347; priorytetowa PO IR przewiduje, &#380;e: ca&#322;o&#347;&#263; osi priorytetowej zostanie zrealizowana wy&#322;&#261;cznie przy wykorzystaniu instrument&oacute;w finansowych ca&#322;o&#347;&#263; osi priorytetowej zostanie zrealizowana wy&#322;&#261;cznie przy wykorzystaniu instrument&oacute;w finansowych utworzonych na poziomie Unii ca&#322;o&#347;&#263; osi priorytetowej zostanie [&hellip;]<\/p>\n","protected":false},"author":1,"featured_media":0,"parent":136,"menu_order":4,"comment_status":"closed","ping_status":"closed","template":"page-templates\/full-width.php","meta":{"_crdt_document":"","content-type":"","_uag_custom_page_level_css":"","footnotes":""},"class_list":["post-139","page","type-page","status-publish","hentry"],"yoast_head":"<!-- This site is optimized with the Yoast SEO plugin v27.3 - https:\/\/yoast.com\/product\/yoast-seo-wordpress\/ -->\n<title>IV O\u015b priorytetowa PO IR - RP CONSULTING Rafa\u0142 Pasterczyk | marketing B2B, eksport, dotacje UE<\/title>\n<meta name=\"description\" content=\"IV O\u015b priorytetowa PO IR: Zwi\u0119kszanie potencja\u0142u naukowo-badawczego przeznaczona jest g\u0142\u00f3wnie dla polskiego sektora nauki.\" \/>\n<meta name=\"robots\" content=\"index, follow, max-snippet:-1, max-image-preview:large, max-video-preview:-1\" \/>\n<link rel=\"canonical\" href=\"https:\/\/inteligentny-rozwoj.com.pl\/index.php\/fundusze-europejskie-2014-2020\/inteligentny-rozwoj-po-ir\/zakres-wsparcia-po-ir\/os-priorytetowa-po-ir\/\" \/>\n<meta property=\"og:locale\" content=\"pl_PL\" \/>\n<meta property=\"og:type\" content=\"article\" \/>\n<meta property=\"og:title\" content=\"IV O\u015b priorytetowa PO IR - RP CONSULTING Rafa\u0142 Pasterczyk | marketing B2B, eksport, dotacje UE\" \/>\n<meta property=\"og:description\" content=\"IV O\u015b priorytetowa PO IR: Zwi\u0119kszanie potencja\u0142u naukowo-badawczego przeznaczona jest g\u0142\u00f3wnie dla polskiego sektora nauki.\" \/>\n<meta property=\"og:url\" content=\"https:\/\/inteligentny-rozwoj.com.pl\/index.php\/fundusze-europejskie-2014-2020\/inteligentny-rozwoj-po-ir\/zakres-wsparcia-po-ir\/os-priorytetowa-po-ir\/\" \/>\n<meta property=\"og:site_name\" content=\"RP CONSULTING Rafa\u0142 Pasterczyk | marketing B2B, eksport, dotacje UE\" \/>\n<meta property=\"article:publisher\" content=\"https:\/\/www.facebook.com\/RPConsulting\" \/>\n<meta property=\"article:modified_time\" content=\"2015-02-04T21:24:08+00:00\" \/>\n<meta property=\"og:image\" content=\"https:\/\/inteligentny-rozwoj.com.pl\/wp-content\/uploads\/2021\/06\/rpc_logo_sq.png\" \/>\n\t<meta property=\"og:image:width\" content=\"350\" \/>\n\t<meta property=\"og:image:height\" content=\"300\" \/>\n\t<meta property=\"og:image:type\" content=\"image\/png\" \/>\n<meta name=\"twitter:card\" content=\"summary_large_image\" \/>\n<meta name=\"twitter:site\" content=\"@rp_consulting\" \/>\n<meta name=\"twitter:label1\" content=\"Szacowany czas czytania\" \/>\n\t<meta name=\"twitter:data1\" content=\"2 minuty\" \/>\n<script type=\"application\/ld+json\" class=\"yoast-schema-graph\">{\"@context\":\"https:\\\/\\\/schema.org\",\"@graph\":[{\"@type\":\"Article\",\"@id\":\"https:\\\/\\\/inteligentny-rozwoj.com.pl\\\/index.php\\\/fundusze-europejskie-2014-2020\\\/inteligentny-rozwoj-po-ir\\\/zakres-wsparcia-po-ir\\\/os-priorytetowa-po-ir\\\/#article\",\"isPartOf\":{\"@id\":\"https:\\\/\\\/inteligentny-rozwoj.com.pl\\\/index.php\\\/fundusze-europejskie-2014-2020\\\/inteligentny-rozwoj-po-ir\\\/zakres-wsparcia-po-ir\\\/os-priorytetowa-po-ir\\\/\"},\"author\":{\"name\":\"RP CONSULTING Rafa\u0142 Pasterczyk\",\"@id\":\"https:\\\/\\\/inteligentny-rozwoj.com.pl\\\/#\\\/schema\\\/person\\\/781a467e5e331ce384632759ecdba772\"},\"headline\":\"IV O\u015b priorytetowa PO IR\",\"datePublished\":\"2013-09-03T12:46:48+00:00\",\"dateModified\":\"2015-02-04T21:24:08+00:00\",\"mainEntityOfPage\":{\"@id\":\"https:\\\/\\\/inteligentny-rozwoj.com.pl\\\/index.php\\\/fundusze-europejskie-2014-2020\\\/inteligentny-rozwoj-po-ir\\\/zakres-wsparcia-po-ir\\\/os-priorytetowa-po-ir\\\/\"},\"wordCount\":484,\"publisher\":{\"@id\":\"https:\\\/\\\/inteligentny-rozwoj.com.pl\\\/#organization\"},\"inLanguage\":\"pl-PL\"},{\"@type\":\"WebPage\",\"@id\":\"https:\\\/\\\/inteligentny-rozwoj.com.pl\\\/index.php\\\/fundusze-europejskie-2014-2020\\\/inteligentny-rozwoj-po-ir\\\/zakres-wsparcia-po-ir\\\/os-priorytetowa-po-ir\\\/\",\"url\":\"https:\\\/\\\/inteligentny-rozwoj.com.pl\\\/index.php\\\/fundusze-europejskie-2014-2020\\\/inteligentny-rozwoj-po-ir\\\/zakres-wsparcia-po-ir\\\/os-priorytetowa-po-ir\\\/\",\"name\":\"IV O\u015b priorytetowa PO IR - RP CONSULTING Rafa\u0142 Pasterczyk | marketing B2B, eksport, dotacje UE\",\"isPartOf\":{\"@id\":\"https:\\\/\\\/inteligentny-rozwoj.com.pl\\\/#website\"},\"datePublished\":\"2013-09-03T12:46:48+00:00\",\"dateModified\":\"2015-02-04T21:24:08+00:00\",\"description\":\"IV O\u015b priorytetowa PO IR: Zwi\u0119kszanie potencja\u0142u naukowo-badawczego przeznaczona jest g\u0142\u00f3wnie dla polskiego sektora nauki.\",\"breadcrumb\":{\"@id\":\"https:\\\/\\\/inteligentny-rozwoj.com.pl\\\/index.php\\\/fundusze-europejskie-2014-2020\\\/inteligentny-rozwoj-po-ir\\\/zakres-wsparcia-po-ir\\\/os-priorytetowa-po-ir\\\/#breadcrumb\"},\"inLanguage\":\"pl-PL\",\"potentialAction\":[{\"@type\":\"ReadAction\",\"target\":[\"https:\\\/\\\/inteligentny-rozwoj.com.pl\\\/index.php\\\/fundusze-europejskie-2014-2020\\\/inteligentny-rozwoj-po-ir\\\/zakres-wsparcia-po-ir\\\/os-priorytetowa-po-ir\\\/\"]}]},{\"@type\":\"BreadcrumbList\",\"@id\":\"https:\\\/\\\/inteligentny-rozwoj.com.pl\\\/index.php\\\/fundusze-europejskie-2014-2020\\\/inteligentny-rozwoj-po-ir\\\/zakres-wsparcia-po-ir\\\/os-priorytetowa-po-ir\\\/#breadcrumb\",\"itemListElement\":[{\"@type\":\"ListItem\",\"position\":1,\"name\":\"Fundusze 2014-2020\",\"item\":\"https:\\\/\\\/inteligentny-rozwoj.com.pl\\\/index.php\\\/fundusze-europejskie-2014-2020\\\/\"},{\"@type\":\"ListItem\",\"position\":2,\"name\":\"PO IR 2014-2020\",\"item\":\"https:\\\/\\\/inteligentny-rozwoj.com.pl\\\/index.php\\\/fundusze-europejskie-2014-2020\\\/inteligentny-rozwoj-po-ir\\\/\"},{\"@type\":\"ListItem\",\"position\":3,\"name\":\"Zakres wsparcia PO IR\",\"item\":\"https:\\\/\\\/inteligentny-rozwoj.com.pl\\\/index.php\\\/fundusze-europejskie-2014-2020\\\/inteligentny-rozwoj-po-ir\\\/zakres-wsparcia-po-ir\\\/\"},{\"@type\":\"ListItem\",\"position\":4,\"name\":\"IV O\u015b priorytetowa PO IR\"}]},{\"@type\":\"WebSite\",\"@id\":\"https:\\\/\\\/inteligentny-rozwoj.com.pl\\\/#website\",\"url\":\"https:\\\/\\\/inteligentny-rozwoj.com.pl\\\/\",\"name\":\"RP CONSULTING Rafa\u0142 Pasterczyk | marketing B2B, eksport, dotacje UE\",\"description\":\"Tw\u00f3j partner w rozwoju biznesu - skuteczne doradztwo w marketingu B2B, rozwoju eksportu i pozyskiwaniu dotacji\",\"publisher\":{\"@id\":\"https:\\\/\\\/inteligentny-rozwoj.com.pl\\\/#organization\"},\"alternateName\":\"Rafa\u0142 Pasterczyk RP CONSULTING\",\"potentialAction\":[{\"@type\":\"SearchAction\",\"target\":{\"@type\":\"EntryPoint\",\"urlTemplate\":\"https:\\\/\\\/inteligentny-rozwoj.com.pl\\\/?s={search_term_string}\"},\"query-input\":{\"@type\":\"PropertyValueSpecification\",\"valueRequired\":true,\"valueName\":\"search_term_string\"}}],\"inLanguage\":\"pl-PL\"},{\"@type\":\"Organization\",\"@id\":\"https:\\\/\\\/inteligentny-rozwoj.com.pl\\\/#organization\",\"name\":\"RP CONSULTING Rafa\u0142 Pasterczyk\",\"alternateName\":\"Rafa\u0142 Pasterczyk RP CONSULTING\",\"url\":\"https:\\\/\\\/inteligentny-rozwoj.com.pl\\\/\",\"logo\":{\"@type\":\"ImageObject\",\"inLanguage\":\"pl-PL\",\"@id\":\"https:\\\/\\\/inteligentny-rozwoj.com.pl\\\/#\\\/schema\\\/logo\\\/image\\\/\",\"url\":\"https:\\\/\\\/inteligentny-rozwoj.com.pl\\\/wp-content\\\/uploads\\\/2019\\\/01\\\/cropped-rpc_logo_sq-e1546996617786.png\",\"contentUrl\":\"https:\\\/\\\/inteligentny-rozwoj.com.pl\\\/wp-content\\\/uploads\\\/2019\\\/01\\\/cropped-rpc_logo_sq-e1546996617786.png\",\"width\":512,\"height\":512,\"caption\":\"RP CONSULTING Rafa\u0142 Pasterczyk\"},\"image\":{\"@id\":\"https:\\\/\\\/inteligentny-rozwoj.com.pl\\\/#\\\/schema\\\/logo\\\/image\\\/\"},\"sameAs\":[\"https:\\\/\\\/www.facebook.com\\\/RPConsulting\",\"https:\\\/\\\/x.com\\\/rp_consulting\",\"https:\\\/\\\/www.instagram.com\\\/rpconsulting.pl\\\/\",\"https:\\\/\\\/pl.linkedin.com\\\/company\\\/rp-consulting-rpc\",\"https:\\\/\\\/www.linkedin.com\\\/in\\\/rafal-pasterczyk\\\/\"]},{\"@type\":\"Person\",\"@id\":\"https:\\\/\\\/inteligentny-rozwoj.com.pl\\\/#\\\/schema\\\/person\\\/781a467e5e331ce384632759ecdba772\",\"name\":\"RP CONSULTING Rafa\u0142 Pasterczyk\",\"image\":{\"@type\":\"ImageObject\",\"inLanguage\":\"pl-PL\",\"@id\":\"https:\\\/\\\/secure.gravatar.com\\\/avatar\\\/fde501377d5b06ef1fb158c1ea34fe2defd80fd9526b2263a81456023558c240?s=96&d=mm&r=g\",\"url\":\"https:\\\/\\\/secure.gravatar.com\\\/avatar\\\/fde501377d5b06ef1fb158c1ea34fe2defd80fd9526b2263a81456023558c240?s=96&d=mm&r=g\",\"contentUrl\":\"https:\\\/\\\/secure.gravatar.com\\\/avatar\\\/fde501377d5b06ef1fb158c1ea34fe2defd80fd9526b2263a81456023558c240?s=96&d=mm&r=g\",\"caption\":\"RP CONSULTING Rafa\u0142 Pasterczyk\"},\"description\":\"Doradztwo biznesowe, outsourcing i interim management w zakresie marketingu B2B, rozwoju eksportu, a tak\u017ce pozyskiwanie i rozliczanie dotacji na rozw\u00f3j eksportu i cyfryzacj\u0119. Ponad 100 skutecznie zrealizowanych projekt\u00f3w dla M\u015aP. Wiele z nich \u0142\u0105czy doradztwo w zakresie strategii internacjonalizacji ze skutecznym pozyskaniem dofinansowania na dzia\u0142ania na rynkach zagranicznych.\",\"sameAs\":[\"https:\\\/\\\/inteligentny-rozwoj.com.pl\\\/\",\"https:\\\/\\\/www.facebook.com\\\/RPConsulting\\\/\",\"https:\\\/\\\/www.instagram.com\\\/rpconsulting.pl\\\/\",\"https:\\\/\\\/pl.linkedin.com\\\/company\\\/rp-consulting-rpc\",\"https:\\\/\\\/www.youtube.com\\\/@RPCONSULTING-b2b\"],\"url\":\"https:\\\/\\\/inteligentny-rozwoj.com.pl\\\/index.php\\\/author\\\/rpconsulting\\\/\"}]}<\/script>\n<!-- \/ Yoast SEO plugin. -->","yoast_head_json":{"title":"IV O\u015b priorytetowa PO IR - RP CONSULTING Rafa\u0142 Pasterczyk | marketing B2B, eksport, dotacje UE","description":"IV O\u015b priorytetowa PO IR: Zwi\u0119kszanie potencja\u0142u naukowo-badawczego przeznaczona jest g\u0142\u00f3wnie dla polskiego sektora nauki.","robots":{"index":"index","follow":"follow","max-snippet":"max-snippet:-1","max-image-preview":"max-image-preview:large","max-video-preview":"max-video-preview:-1"},"canonical":"https:\/\/inteligentny-rozwoj.com.pl\/index.php\/fundusze-europejskie-2014-2020\/inteligentny-rozwoj-po-ir\/zakres-wsparcia-po-ir\/os-priorytetowa-po-ir\/","og_locale":"pl_PL","og_type":"article","og_title":"IV O\u015b priorytetowa PO IR - RP CONSULTING Rafa\u0142 Pasterczyk | marketing B2B, eksport, dotacje UE","og_description":"IV O\u015b priorytetowa PO IR: Zwi\u0119kszanie potencja\u0142u naukowo-badawczego przeznaczona jest g\u0142\u00f3wnie dla polskiego sektora nauki.","og_url":"https:\/\/inteligentny-rozwoj.com.pl\/index.php\/fundusze-europejskie-2014-2020\/inteligentny-rozwoj-po-ir\/zakres-wsparcia-po-ir\/os-priorytetowa-po-ir\/","og_site_name":"RP CONSULTING Rafa\u0142 Pasterczyk | marketing B2B, eksport, dotacje UE","article_publisher":"https:\/\/www.facebook.com\/RPConsulting","article_modified_time":"2015-02-04T21:24:08+00:00","og_image":[{"width":350,"height":300,"url":"https:\/\/inteligentny-rozwoj.com.pl\/wp-content\/uploads\/2021\/06\/rpc_logo_sq.png","type":"image\/png"}],"twitter_card":"summary_large_image","twitter_site":"@rp_consulting","twitter_misc":{"Szacowany czas czytania":"2 minuty"},"schema":{"@context":"https:\/\/schema.org","@graph":[{"@type":"Article","@id":"https:\/\/inteligentny-rozwoj.com.pl\/index.php\/fundusze-europejskie-2014-2020\/inteligentny-rozwoj-po-ir\/zakres-wsparcia-po-ir\/os-priorytetowa-po-ir\/#article","isPartOf":{"@id":"https:\/\/inteligentny-rozwoj.com.pl\/index.php\/fundusze-europejskie-2014-2020\/inteligentny-rozwoj-po-ir\/zakres-wsparcia-po-ir\/os-priorytetowa-po-ir\/"},"author":{"name":"RP CONSULTING Rafa\u0142 Pasterczyk","@id":"https:\/\/inteligentny-rozwoj.com.pl\/#\/schema\/person\/781a467e5e331ce384632759ecdba772"},"headline":"IV O\u015b priorytetowa PO IR","datePublished":"2013-09-03T12:46:48+00:00","dateModified":"2015-02-04T21:24:08+00:00","mainEntityOfPage":{"@id":"https:\/\/inteligentny-rozwoj.com.pl\/index.php\/fundusze-europejskie-2014-2020\/inteligentny-rozwoj-po-ir\/zakres-wsparcia-po-ir\/os-priorytetowa-po-ir\/"},"wordCount":484,"publisher":{"@id":"https:\/\/inteligentny-rozwoj.com.pl\/#organization"},"inLanguage":"pl-PL"},{"@type":"WebPage","@id":"https:\/\/inteligentny-rozwoj.com.pl\/index.php\/fundusze-europejskie-2014-2020\/inteligentny-rozwoj-po-ir\/zakres-wsparcia-po-ir\/os-priorytetowa-po-ir\/","url":"https:\/\/inteligentny-rozwoj.com.pl\/index.php\/fundusze-europejskie-2014-2020\/inteligentny-rozwoj-po-ir\/zakres-wsparcia-po-ir\/os-priorytetowa-po-ir\/","name":"IV O\u015b priorytetowa PO IR - RP CONSULTING Rafa\u0142 Pasterczyk | marketing B2B, eksport, dotacje UE","isPartOf":{"@id":"https:\/\/inteligentny-rozwoj.com.pl\/#website"},"datePublished":"2013-09-03T12:46:48+00:00","dateModified":"2015-02-04T21:24:08+00:00","description":"IV O\u015b priorytetowa PO IR: Zwi\u0119kszanie potencja\u0142u naukowo-badawczego przeznaczona jest g\u0142\u00f3wnie dla polskiego sektora nauki.","breadcrumb":{"@id":"https:\/\/inteligentny-rozwoj.com.pl\/index.php\/fundusze-europejskie-2014-2020\/inteligentny-rozwoj-po-ir\/zakres-wsparcia-po-ir\/os-priorytetowa-po-ir\/#breadcrumb"},"inLanguage":"pl-PL","potentialAction":[{"@type":"ReadAction","target":["https:\/\/inteligentny-rozwoj.com.pl\/index.php\/fundusze-europejskie-2014-2020\/inteligentny-rozwoj-po-ir\/zakres-wsparcia-po-ir\/os-priorytetowa-po-ir\/"]}]},{"@type":"BreadcrumbList","@id":"https:\/\/inteligentny-rozwoj.com.pl\/index.php\/fundusze-europejskie-2014-2020\/inteligentny-rozwoj-po-ir\/zakres-wsparcia-po-ir\/os-priorytetowa-po-ir\/#breadcrumb","itemListElement":[{"@type":"ListItem","position":1,"name":"Fundusze 2014-2020","item":"https:\/\/inteligentny-rozwoj.com.pl\/index.php\/fundusze-europejskie-2014-2020\/"},{"@type":"ListItem","position":2,"name":"PO IR 2014-2020","item":"https:\/\/inteligentny-rozwoj.com.pl\/index.php\/fundusze-europejskie-2014-2020\/inteligentny-rozwoj-po-ir\/"},{"@type":"ListItem","position":3,"name":"Zakres wsparcia PO IR","item":"https:\/\/inteligentny-rozwoj.com.pl\/index.php\/fundusze-europejskie-2014-2020\/inteligentny-rozwoj-po-ir\/zakres-wsparcia-po-ir\/"},{"@type":"ListItem","position":4,"name":"IV O\u015b priorytetowa PO IR"}]},{"@type":"WebSite","@id":"https:\/\/inteligentny-rozwoj.com.pl\/#website","url":"https:\/\/inteligentny-rozwoj.com.pl\/","name":"RP CONSULTING Rafa\u0142 Pasterczyk | marketing B2B, eksport, dotacje UE","description":"Tw\u00f3j partner w rozwoju biznesu - skuteczne doradztwo w marketingu B2B, rozwoju eksportu i pozyskiwaniu dotacji","publisher":{"@id":"https:\/\/inteligentny-rozwoj.com.pl\/#organization"},"alternateName":"Rafa\u0142 Pasterczyk RP CONSULTING","potentialAction":[{"@type":"SearchAction","target":{"@type":"EntryPoint","urlTemplate":"https:\/\/inteligentny-rozwoj.com.pl\/?s={search_term_string}"},"query-input":{"@type":"PropertyValueSpecification","valueRequired":true,"valueName":"search_term_string"}}],"inLanguage":"pl-PL"},{"@type":"Organization","@id":"https:\/\/inteligentny-rozwoj.com.pl\/#organization","name":"RP CONSULTING Rafa\u0142 Pasterczyk","alternateName":"Rafa\u0142 Pasterczyk RP CONSULTING","url":"https:\/\/inteligentny-rozwoj.com.pl\/","logo":{"@type":"ImageObject","inLanguage":"pl-PL","@id":"https:\/\/inteligentny-rozwoj.com.pl\/#\/schema\/logo\/image\/","url":"https:\/\/inteligentny-rozwoj.com.pl\/wp-content\/uploads\/2019\/01\/cropped-rpc_logo_sq-e1546996617786.png","contentUrl":"https:\/\/inteligentny-rozwoj.com.pl\/wp-content\/uploads\/2019\/01\/cropped-rpc_logo_sq-e1546996617786.png","width":512,"height":512,"caption":"RP CONSULTING Rafa\u0142 Pasterczyk"},"image":{"@id":"https:\/\/inteligentny-rozwoj.com.pl\/#\/schema\/logo\/image\/"},"sameAs":["https:\/\/www.facebook.com\/RPConsulting","https:\/\/x.com\/rp_consulting","https:\/\/www.instagram.com\/rpconsulting.pl\/","https:\/\/pl.linkedin.com\/company\/rp-consulting-rpc","https:\/\/www.linkedin.com\/in\/rafal-pasterczyk\/"]},{"@type":"Person","@id":"https:\/\/inteligentny-rozwoj.com.pl\/#\/schema\/person\/781a467e5e331ce384632759ecdba772","name":"RP CONSULTING Rafa\u0142 Pasterczyk","image":{"@type":"ImageObject","inLanguage":"pl-PL","@id":"https:\/\/secure.gravatar.com\/avatar\/fde501377d5b06ef1fb158c1ea34fe2defd80fd9526b2263a81456023558c240?s=96&d=mm&r=g","url":"https:\/\/secure.gravatar.com\/avatar\/fde501377d5b06ef1fb158c1ea34fe2defd80fd9526b2263a81456023558c240?s=96&d=mm&r=g","contentUrl":"https:\/\/secure.gravatar.com\/avatar\/fde501377d5b06ef1fb158c1ea34fe2defd80fd9526b2263a81456023558c240?s=96&d=mm&r=g","caption":"RP CONSULTING Rafa\u0142 Pasterczyk"},"description":"Doradztwo biznesowe, outsourcing i interim management w zakresie marketingu B2B, rozwoju eksportu, a tak\u017ce pozyskiwanie i rozliczanie dotacji na rozw\u00f3j eksportu i cyfryzacj\u0119. Ponad 100 skutecznie zrealizowanych projekt\u00f3w dla M\u015aP. Wiele z nich \u0142\u0105czy doradztwo w zakresie strategii internacjonalizacji ze skutecznym pozyskaniem dofinansowania na dzia\u0142ania na rynkach zagranicznych.","sameAs":["https:\/\/inteligentny-rozwoj.com.pl\/","https:\/\/www.facebook.com\/RPConsulting\/","https:\/\/www.instagram.com\/rpconsulting.pl\/","https:\/\/pl.linkedin.com\/company\/rp-consulting-rpc","https:\/\/www.youtube.com\/@RPCONSULTING-b2b"],"url":"https:\/\/inteligentny-rozwoj.com.pl\/index.php\/author\/rpconsulting\/"}]}},"uagb_featured_image_src":{"full":false,"thumbnail":false,"medium":false,"medium_large":false,"large":false,"1536x1536":false,"2048x2048":false,"post-thumbnail":false,"sow-carousel-default":false,"sow-blog-portfolio":false,"sow-blog-grid":false,"sow-blog-alternate":false},"uagb_author_info":{"display_name":"RP CONSULTING Rafa\u0142 Pasterczyk","author_link":"https:\/\/inteligentny-rozwoj.com.pl\/index.php\/author\/rpconsulting\/"},"uagb_comment_info":0,"uagb_excerpt":"IV O&#347; priorytetowa PO IR:&nbsp;ZWI&#280;KSZENIE POTENCJA&#321;U NAUKOWO-BADAWCZEGO przewiduje do realizacji cel szczeg&oacute;&#322;owy 6. Zwi&#281;kszony poziom rynkowego wykorzystania wynik&oacute;w bada&#324; naukowych. IV O&#347; priorytetowa PO IR przewiduje, &#380;e: ca&#322;o&#347;&#263; osi priorytetowej zostanie zrealizowana wy&#322;&#261;cznie przy wykorzystaniu instrument&oacute;w finansowych ca&#322;o&#347;&#263; osi priorytetowej zostanie zrealizowana wy&#322;&#261;cznie przy wykorzystaniu instrument&oacute;w finansowych utworzonych na poziomie Unii ca&#322;o&#347;&#263; osi priorytetowej zostanie&hellip;","_links":{"self":[{"href":"https:\/\/inteligentny-rozwoj.com.pl\/index.php\/wp-json\/wp\/v2\/pages\/139","targetHints":{"allow":["GET"]}}],"collection":[{"href":"https:\/\/inteligentny-rozwoj.com.pl\/index.php\/wp-json\/wp\/v2\/pages"}],"about":[{"href":"https:\/\/inteligentny-rozwoj.com.pl\/index.php\/wp-json\/wp\/v2\/types\/page"}],"author":[{"embeddable":true,"href":"https:\/\/inteligentny-rozwoj.com.pl\/index.php\/wp-json\/wp\/v2\/users\/1"}],"replies":[{"embeddable":true,"href":"https:\/\/inteligentny-rozwoj.com.pl\/index.php\/wp-json\/wp\/v2\/comments?post=139"}],"version-history":[{"count":18,"href":"https:\/\/inteligentny-rozwoj.com.pl\/index.php\/wp-json\/wp\/v2\/pages\/139\/revisions"}],"predecessor-version":[{"id":741,"href":"https:\/\/inteligentny-rozwoj.com.pl\/index.php\/wp-json\/wp\/v2\/pages\/139\/revisions\/741"}],"up":[{"embeddable":true,"href":"https:\/\/inteligentny-rozwoj.com.pl\/index.php\/wp-json\/wp\/v2\/pages\/136"}],"wp:attachment":[{"href":"https:\/\/inteligentny-rozwoj.com.pl\/index.php\/wp-json\/wp\/v2\/media?parent=139"}],"curies":[{"name":"wp","href":"https:\/\/api.w.org\/{rel}","templated":true}]}}