{"id":141,"date":"2013-09-03T14:51:58","date_gmt":"2013-09-03T12:51:58","guid":{"rendered":"https:\/\/inteligentny-rozwoj.com.pl\/?page_id=141"},"modified":"2015-02-04T13:44:53","modified_gmt":"2015-02-04T12:44:53","slug":"ii-os-priorytetowa-po-ir","status":"publish","type":"page","link":"https:\/\/inteligentny-rozwoj.com.pl\/index.php\/fundusze-europejskie-2014-2020\/inteligentny-rozwoj-po-ir\/zakres-wsparcia-po-ir\/ii-os-priorytetowa-po-ir\/","title":{"rendered":"III O\u015b priorytetowa PO IR"},"content":{"rendered":"<p style=\"text-align: justify;\">III O\u015b priorytetowa PO IR:\u00a0WSPARCIE INNOWACJI W PRZEDSI\u0118BIORSTWACH przewiduje do realizacji 3 cele szczeg\u00f3\u0142owe:<\/p>\n<ul style=\"text-align: justify;\">\n<li>Cel szczeg\u00f3\u0142owy 3. \u2013 Zwi\u0119kszone finansowanie innowacyjnej dzia\u0142alno\u015bci M\u015aP z wykorzystaniem kapita\u0142u podwy\u017cszonego ryzyka<\/li>\n<li>Cel szczeg\u00f3\u0142owy 4. \u2013 Zwi\u0119kszona aktywno\u015b\u0107 przedsi\u0119biorstw w zakresie prowadzenia dzia\u0142alno\u015bci innowacyjnej<\/li>\n<li>Cel szczeg\u00f3\u0142owy 5. \u2013 Zwi\u0119kszony poziom umi\u0119dzynarodowienia dzia\u0142alno\u015bci przedsi\u0119biorstw<\/li>\n<\/ul>\n<p style=\"text-align: justify;\">III O\u015b priorytetowa PO IR przewiduje, \u017ce:<\/p>\n<ul style=\"text-align: justify;\">\n<li>ca\u0142o\u015b\u0107 osi priorytetowej zostanie zrealizowana wy\u0142\u0105cznie przy wykorzystaniu instrument\u00f3w finansowych<\/li>\n<li>ca\u0142o\u015b\u0107 osi priorytetowej zostanie zrealizowana wy\u0142\u0105cznie przy wykorzystaniu instrument\u00f3w finansowych utworzonych na poziomie Unii<\/li>\n<li>ca\u0142o\u015b\u0107 osi priorytetowej zostanie zrealizowana przy wykorzystaniu formu\u0142y rozwoju lokalnego kierowanego przez spo\u0142eczno\u015b\u0107<\/li>\n<li>w odniesieniu do EFS: ca\u0142o\u015b\u0107 osi priorytetowej jest po\u015bwi\u0119cona innowacjom spo\u0142ecznym, wsp\u00f3\u0142pracy transgranicznej lub obydwu tym obszarom<\/li>\n<\/ul>\n<p style=\"text-align: justify;\">III O\u015b priorytetowa PO IR wspiera projekty realizowane na terenie ca\u0142ego kraju, z uwzgl\u0119dnieniem specyficznych uwarunkowa\u0144 dotycz\u0105cych wspierania innowacji w przedsi\u0119biorstwach. Charakter ww. projekt\u00f3w nie uzasadnia dzielenia interwencji pomi\u0119dzy dwie kategorie region\u00f3w, w ramach odr\u0119bnych osi priorytetowych.<\/p>\n<p style=\"text-align: justify;\">III O\u015b priorytetowa PO IR anga\u017cuje w realizacj\u0119 \u015brodki finansowe celu tematycznego 3. i dw\u00f3ch priorytet\u00f3w inwestycyjnych tego celu: PI 3.a i PI 3.c.<\/p>\n<p style=\"text-align: justify;\">Zaproponowane instrumenty wsparcia wykazuj\u0105 komplementarno\u015b\u0107 podmiotow\u0105 i przedmiotow\u0105. Ostatecznymi odbiorami wsparcia s\u0105 przedsi\u0119biorstwa, kt\u00f3re realizuj\u0105 projekty innowacyjne, w tym dotycz\u0105ce wdro\u017ce\u0144 wynik\u00f3w prac B+R. Projekty te maj\u0105 przede wszystkim charakter inwestycyjny, gdy\u017c zwi\u0105zane s\u0105 z komercjalizacj\u0105 wynik\u00f3w prac B+R. Jednocze\u015bnie wspierane jest tworzenie i rozw\u00f3j innowacyjnych firm, kt\u00f3re na wczesnym etapie rozwoju potrzebuj\u0105 kapita\u0142u finansuj\u0105cego dzia\u0142ania niezb\u0119dne dla uruchomienia produkcji lub rozpocz\u0119cia \u015bwiadczenia us\u0142ug.<\/p>\n<p style=\"text-align: justify;\">W ocenie projekt\u00f3w realizowanych w III osi POIR b\u0119dzie brane pod uwag\u0119 (tam gdzie jest to mo\u017cliwe do oceny) czy projekty wpisuj\u0105 si\u0119 w obszary wskazane w KIS lub przyczyniaj\u0105 si\u0119 do ich rozwoju, co zapewni komplementarno\u015b\u0107 osi priorytetowych POIR.<\/p>\n<p style=\"text-align: justify;\">W przypadku, gdy przekazywane wsparcie b\u0119dzie nosi\u0107 znamiona pomocy publicznej &#8211; b\u0119dzie ono udzielane z uwzgl\u0119dnieniem w\u0142a\u015bciwych przepis\u00f3w o pomocy publicznej. Pomoc publiczna udzielana w ramach Programu b\u0119dzie zgodna z przepisami proceduralnymi i materialnymi w zakresie pomocy publicznej maj\u0105cymi zastosowanie w dniu jej przyznawania.<\/p>\n<p style=\"text-align: justify;\">III O\u015b priorytetowa PO IR W wybranych dzia\u0142aniach przewiduje mo\u017cliwo\u015b\u0107 kwalifikowania wydatk\u00f3w na rozw\u00f3j kadr (w ramach cross financingu).<\/p>\n","protected":false},"excerpt":{"rendered":"<p>III O&#347; priorytetowa PO IR:&nbsp;WSPARCIE INNOWACJI W PRZEDSI&#280;BIORSTWACH przewiduje do realizacji 3 cele szczeg&oacute;&#322;owe: Cel szczeg&oacute;&#322;owy 3. &ndash; Zwi&#281;kszone finansowanie innowacyjnej dzia&#322;alno&#347;ci M&#346;P z wykorzystaniem kapita&#322;u podwy&#380;szonego ryzyka Cel szczeg&oacute;&#322;owy 4. &ndash; Zwi&#281;kszona aktywno&#347;&#263; przedsi&#281;biorstw w zakresie prowadzenia dzia&#322;alno&#347;ci innowacyjnej Cel szczeg&oacute;&#322;owy 5. &ndash; Zwi&#281;kszony poziom umi&#281;dzynarodowienia dzia&#322;alno&#347;ci przedsi&#281;biorstw III O&#347; priorytetowa PO IR przewiduje, [&hellip;]<\/p>\n","protected":false},"author":1,"featured_media":0,"parent":136,"menu_order":3,"comment_status":"closed","ping_status":"closed","template":"page-templates\/full-width.php","meta":{"_crdt_document":"","content-type":"","_uag_custom_page_level_css":"","footnotes":""},"class_list":["post-141","page","type-page","status-publish","hentry"],"yoast_head":"<!-- This site is optimized with the Yoast SEO plugin v27.3 - https:\/\/yoast.com\/product\/yoast-seo-wordpress\/ -->\n<title>III O\u015b priorytetowa PO IR - RP CONSULTING Rafa\u0142 Pasterczyk | marketing B2B, eksport, dotacje UE<\/title>\n<meta name=\"description\" content=\"III O\u015b priorytetowa PO IR: Wsparcie innowacji w przedsi\u0119biorstwach, ukierunkowana b\u0119dzie na wsparcie dzia\u0142alno\u015bci B+R. Przewiduje \u015brodki z PI 3a i PI 3c\" \/>\n<meta name=\"robots\" content=\"index, follow, max-snippet:-1, max-image-preview:large, max-video-preview:-1\" \/>\n<link rel=\"canonical\" href=\"https:\/\/inteligentny-rozwoj.com.pl\/index.php\/fundusze-europejskie-2014-2020\/inteligentny-rozwoj-po-ir\/zakres-wsparcia-po-ir\/ii-os-priorytetowa-po-ir\/\" \/>\n<meta property=\"og:locale\" content=\"pl_PL\" \/>\n<meta property=\"og:type\" content=\"article\" \/>\n<meta property=\"og:title\" content=\"III O\u015b priorytetowa PO IR - RP CONSULTING Rafa\u0142 Pasterczyk | marketing B2B, eksport, dotacje UE\" \/>\n<meta property=\"og:description\" content=\"III O\u015b priorytetowa PO IR: Wsparcie innowacji w przedsi\u0119biorstwach, ukierunkowana b\u0119dzie na wsparcie dzia\u0142alno\u015bci B+R. Przewiduje \u015brodki z PI 3a i PI 3c\" \/>\n<meta property=\"og:url\" content=\"https:\/\/inteligentny-rozwoj.com.pl\/index.php\/fundusze-europejskie-2014-2020\/inteligentny-rozwoj-po-ir\/zakres-wsparcia-po-ir\/ii-os-priorytetowa-po-ir\/\" \/>\n<meta property=\"og:site_name\" content=\"RP CONSULTING Rafa\u0142 Pasterczyk | marketing B2B, eksport, dotacje UE\" \/>\n<meta property=\"article:publisher\" content=\"https:\/\/www.facebook.com\/RPConsulting\" \/>\n<meta property=\"article:modified_time\" content=\"2015-02-04T12:44:53+00:00\" \/>\n<meta property=\"og:image\" content=\"https:\/\/inteligentny-rozwoj.com.pl\/wp-content\/uploads\/2021\/06\/rpc_logo_sq.png\" \/>\n\t<meta property=\"og:image:width\" content=\"350\" \/>\n\t<meta property=\"og:image:height\" content=\"300\" \/>\n\t<meta property=\"og:image:type\" content=\"image\/png\" \/>\n<meta name=\"twitter:card\" content=\"summary_large_image\" \/>\n<meta name=\"twitter:site\" content=\"@rp_consulting\" \/>\n<meta name=\"twitter:label1\" content=\"Szacowany czas czytania\" \/>\n\t<meta name=\"twitter:data1\" content=\"2 minuty\" \/>\n<script type=\"application\/ld+json\" class=\"yoast-schema-graph\">{\"@context\":\"https:\\\/\\\/schema.org\",\"@graph\":[{\"@type\":\"Article\",\"@id\":\"https:\\\/\\\/inteligentny-rozwoj.com.pl\\\/index.php\\\/fundusze-europejskie-2014-2020\\\/inteligentny-rozwoj-po-ir\\\/zakres-wsparcia-po-ir\\\/ii-os-priorytetowa-po-ir\\\/#article\",\"isPartOf\":{\"@id\":\"https:\\\/\\\/inteligentny-rozwoj.com.pl\\\/index.php\\\/fundusze-europejskie-2014-2020\\\/inteligentny-rozwoj-po-ir\\\/zakres-wsparcia-po-ir\\\/ii-os-priorytetowa-po-ir\\\/\"},\"author\":{\"name\":\"RP CONSULTING Rafa\u0142 Pasterczyk\",\"@id\":\"https:\\\/\\\/inteligentny-rozwoj.com.pl\\\/#\\\/schema\\\/person\\\/781a467e5e331ce384632759ecdba772\"},\"headline\":\"III O\u015b priorytetowa PO IR\",\"datePublished\":\"2013-09-03T12:51:58+00:00\",\"dateModified\":\"2015-02-04T12:44:53+00:00\",\"mainEntityOfPage\":{\"@id\":\"https:\\\/\\\/inteligentny-rozwoj.com.pl\\\/index.php\\\/fundusze-europejskie-2014-2020\\\/inteligentny-rozwoj-po-ir\\\/zakres-wsparcia-po-ir\\\/ii-os-priorytetowa-po-ir\\\/\"},\"wordCount\":414,\"publisher\":{\"@id\":\"https:\\\/\\\/inteligentny-rozwoj.com.pl\\\/#organization\"},\"inLanguage\":\"pl-PL\"},{\"@type\":\"WebPage\",\"@id\":\"https:\\\/\\\/inteligentny-rozwoj.com.pl\\\/index.php\\\/fundusze-europejskie-2014-2020\\\/inteligentny-rozwoj-po-ir\\\/zakres-wsparcia-po-ir\\\/ii-os-priorytetowa-po-ir\\\/\",\"url\":\"https:\\\/\\\/inteligentny-rozwoj.com.pl\\\/index.php\\\/fundusze-europejskie-2014-2020\\\/inteligentny-rozwoj-po-ir\\\/zakres-wsparcia-po-ir\\\/ii-os-priorytetowa-po-ir\\\/\",\"name\":\"III O\u015b priorytetowa PO IR - RP CONSULTING Rafa\u0142 Pasterczyk | marketing B2B, eksport, dotacje UE\",\"isPartOf\":{\"@id\":\"https:\\\/\\\/inteligentny-rozwoj.com.pl\\\/#website\"},\"datePublished\":\"2013-09-03T12:51:58+00:00\",\"dateModified\":\"2015-02-04T12:44:53+00:00\",\"description\":\"III O\u015b priorytetowa PO IR: Wsparcie innowacji w przedsi\u0119biorstwach, ukierunkowana b\u0119dzie na wsparcie dzia\u0142alno\u015bci B+R. Przewiduje \u015brodki z PI 3a i PI 3c\",\"breadcrumb\":{\"@id\":\"https:\\\/\\\/inteligentny-rozwoj.com.pl\\\/index.php\\\/fundusze-europejskie-2014-2020\\\/inteligentny-rozwoj-po-ir\\\/zakres-wsparcia-po-ir\\\/ii-os-priorytetowa-po-ir\\\/#breadcrumb\"},\"inLanguage\":\"pl-PL\",\"potentialAction\":[{\"@type\":\"ReadAction\",\"target\":[\"https:\\\/\\\/inteligentny-rozwoj.com.pl\\\/index.php\\\/fundusze-europejskie-2014-2020\\\/inteligentny-rozwoj-po-ir\\\/zakres-wsparcia-po-ir\\\/ii-os-priorytetowa-po-ir\\\/\"]}]},{\"@type\":\"BreadcrumbList\",\"@id\":\"https:\\\/\\\/inteligentny-rozwoj.com.pl\\\/index.php\\\/fundusze-europejskie-2014-2020\\\/inteligentny-rozwoj-po-ir\\\/zakres-wsparcia-po-ir\\\/ii-os-priorytetowa-po-ir\\\/#breadcrumb\",\"itemListElement\":[{\"@type\":\"ListItem\",\"position\":1,\"name\":\"Fundusze 2014-2020\",\"item\":\"https:\\\/\\\/inteligentny-rozwoj.com.pl\\\/index.php\\\/fundusze-europejskie-2014-2020\\\/\"},{\"@type\":\"ListItem\",\"position\":2,\"name\":\"PO IR 2014-2020\",\"item\":\"https:\\\/\\\/inteligentny-rozwoj.com.pl\\\/index.php\\\/fundusze-europejskie-2014-2020\\\/inteligentny-rozwoj-po-ir\\\/\"},{\"@type\":\"ListItem\",\"position\":3,\"name\":\"Zakres wsparcia PO IR\",\"item\":\"https:\\\/\\\/inteligentny-rozwoj.com.pl\\\/index.php\\\/fundusze-europejskie-2014-2020\\\/inteligentny-rozwoj-po-ir\\\/zakres-wsparcia-po-ir\\\/\"},{\"@type\":\"ListItem\",\"position\":4,\"name\":\"III O\u015b priorytetowa PO IR\"}]},{\"@type\":\"WebSite\",\"@id\":\"https:\\\/\\\/inteligentny-rozwoj.com.pl\\\/#website\",\"url\":\"https:\\\/\\\/inteligentny-rozwoj.com.pl\\\/\",\"name\":\"RP CONSULTING Rafa\u0142 Pasterczyk | marketing B2B, eksport, dotacje UE\",\"description\":\"Tw\u00f3j partner w rozwoju biznesu - skuteczne doradztwo w marketingu B2B, rozwoju eksportu i pozyskiwaniu dotacji\",\"publisher\":{\"@id\":\"https:\\\/\\\/inteligentny-rozwoj.com.pl\\\/#organization\"},\"alternateName\":\"Rafa\u0142 Pasterczyk RP CONSULTING\",\"potentialAction\":[{\"@type\":\"SearchAction\",\"target\":{\"@type\":\"EntryPoint\",\"urlTemplate\":\"https:\\\/\\\/inteligentny-rozwoj.com.pl\\\/?s={search_term_string}\"},\"query-input\":{\"@type\":\"PropertyValueSpecification\",\"valueRequired\":true,\"valueName\":\"search_term_string\"}}],\"inLanguage\":\"pl-PL\"},{\"@type\":\"Organization\",\"@id\":\"https:\\\/\\\/inteligentny-rozwoj.com.pl\\\/#organization\",\"name\":\"RP CONSULTING Rafa\u0142 Pasterczyk\",\"alternateName\":\"Rafa\u0142 Pasterczyk RP CONSULTING\",\"url\":\"https:\\\/\\\/inteligentny-rozwoj.com.pl\\\/\",\"logo\":{\"@type\":\"ImageObject\",\"inLanguage\":\"pl-PL\",\"@id\":\"https:\\\/\\\/inteligentny-rozwoj.com.pl\\\/#\\\/schema\\\/logo\\\/image\\\/\",\"url\":\"https:\\\/\\\/inteligentny-rozwoj.com.pl\\\/wp-content\\\/uploads\\\/2019\\\/01\\\/cropped-rpc_logo_sq-e1546996617786.png\",\"contentUrl\":\"https:\\\/\\\/inteligentny-rozwoj.com.pl\\\/wp-content\\\/uploads\\\/2019\\\/01\\\/cropped-rpc_logo_sq-e1546996617786.png\",\"width\":512,\"height\":512,\"caption\":\"RP CONSULTING Rafa\u0142 Pasterczyk\"},\"image\":{\"@id\":\"https:\\\/\\\/inteligentny-rozwoj.com.pl\\\/#\\\/schema\\\/logo\\\/image\\\/\"},\"sameAs\":[\"https:\\\/\\\/www.facebook.com\\\/RPConsulting\",\"https:\\\/\\\/x.com\\\/rp_consulting\",\"https:\\\/\\\/www.instagram.com\\\/rpconsulting.pl\\\/\",\"https:\\\/\\\/pl.linkedin.com\\\/company\\\/rp-consulting-rpc\",\"https:\\\/\\\/www.linkedin.com\\\/in\\\/rafal-pasterczyk\\\/\"]},{\"@type\":\"Person\",\"@id\":\"https:\\\/\\\/inteligentny-rozwoj.com.pl\\\/#\\\/schema\\\/person\\\/781a467e5e331ce384632759ecdba772\",\"name\":\"RP CONSULTING Rafa\u0142 Pasterczyk\",\"image\":{\"@type\":\"ImageObject\",\"inLanguage\":\"pl-PL\",\"@id\":\"https:\\\/\\\/secure.gravatar.com\\\/avatar\\\/fde501377d5b06ef1fb158c1ea34fe2defd80fd9526b2263a81456023558c240?s=96&d=mm&r=g\",\"url\":\"https:\\\/\\\/secure.gravatar.com\\\/avatar\\\/fde501377d5b06ef1fb158c1ea34fe2defd80fd9526b2263a81456023558c240?s=96&d=mm&r=g\",\"contentUrl\":\"https:\\\/\\\/secure.gravatar.com\\\/avatar\\\/fde501377d5b06ef1fb158c1ea34fe2defd80fd9526b2263a81456023558c240?s=96&d=mm&r=g\",\"caption\":\"RP CONSULTING Rafa\u0142 Pasterczyk\"},\"description\":\"Doradztwo biznesowe i outsourcing - us\u0142ugi doradcze w zakresie marketingu B2B, rozwoju eksportu oraz pozyskiwanie i rozliczanie dotacji na rozw\u00f3j eksportu i cyfryzacj\u0119. Ponad 100 skutecznie zrealizowanych projekt\u00f3w. Wiele z nich \u0142\u0105czy doradztwo w zakresie strategii internacjonalizacji ze skutecznym pozyskaniem dofinansowania na dzia\u0142ania na rynkach zagranicznych.\",\"sameAs\":[\"https:\\\/\\\/inteligentny-rozwoj.com.pl\\\/\",\"https:\\\/\\\/www.facebook.com\\\/RPConsulting\\\/\",\"https:\\\/\\\/www.instagram.com\\\/rpconsulting.pl\\\/\",\"https:\\\/\\\/pl.linkedin.com\\\/company\\\/rp-consulting-rpc\",\"https:\\\/\\\/www.youtube.com\\\/@RPCONSULTING-b2b\"],\"url\":\"https:\\\/\\\/inteligentny-rozwoj.com.pl\\\/index.php\\\/author\\\/rpconsulting\\\/\"}]}<\/script>\n<!-- \/ Yoast SEO plugin. -->","yoast_head_json":{"title":"III O\u015b priorytetowa PO IR - RP CONSULTING Rafa\u0142 Pasterczyk | marketing B2B, eksport, dotacje UE","description":"III O\u015b priorytetowa PO IR: Wsparcie innowacji w przedsi\u0119biorstwach, ukierunkowana b\u0119dzie na wsparcie dzia\u0142alno\u015bci B+R. Przewiduje \u015brodki z PI 3a i PI 3c","robots":{"index":"index","follow":"follow","max-snippet":"max-snippet:-1","max-image-preview":"max-image-preview:large","max-video-preview":"max-video-preview:-1"},"canonical":"https:\/\/inteligentny-rozwoj.com.pl\/index.php\/fundusze-europejskie-2014-2020\/inteligentny-rozwoj-po-ir\/zakres-wsparcia-po-ir\/ii-os-priorytetowa-po-ir\/","og_locale":"pl_PL","og_type":"article","og_title":"III O\u015b priorytetowa PO IR - RP CONSULTING Rafa\u0142 Pasterczyk | marketing B2B, eksport, dotacje UE","og_description":"III O\u015b priorytetowa PO IR: Wsparcie innowacji w przedsi\u0119biorstwach, ukierunkowana b\u0119dzie na wsparcie dzia\u0142alno\u015bci B+R. Przewiduje \u015brodki z PI 3a i PI 3c","og_url":"https:\/\/inteligentny-rozwoj.com.pl\/index.php\/fundusze-europejskie-2014-2020\/inteligentny-rozwoj-po-ir\/zakres-wsparcia-po-ir\/ii-os-priorytetowa-po-ir\/","og_site_name":"RP CONSULTING Rafa\u0142 Pasterczyk | marketing B2B, eksport, dotacje UE","article_publisher":"https:\/\/www.facebook.com\/RPConsulting","article_modified_time":"2015-02-04T12:44:53+00:00","og_image":[{"width":350,"height":300,"url":"https:\/\/inteligentny-rozwoj.com.pl\/wp-content\/uploads\/2021\/06\/rpc_logo_sq.png","type":"image\/png"}],"twitter_card":"summary_large_image","twitter_site":"@rp_consulting","twitter_misc":{"Szacowany czas czytania":"2 minuty"},"schema":{"@context":"https:\/\/schema.org","@graph":[{"@type":"Article","@id":"https:\/\/inteligentny-rozwoj.com.pl\/index.php\/fundusze-europejskie-2014-2020\/inteligentny-rozwoj-po-ir\/zakres-wsparcia-po-ir\/ii-os-priorytetowa-po-ir\/#article","isPartOf":{"@id":"https:\/\/inteligentny-rozwoj.com.pl\/index.php\/fundusze-europejskie-2014-2020\/inteligentny-rozwoj-po-ir\/zakres-wsparcia-po-ir\/ii-os-priorytetowa-po-ir\/"},"author":{"name":"RP CONSULTING Rafa\u0142 Pasterczyk","@id":"https:\/\/inteligentny-rozwoj.com.pl\/#\/schema\/person\/781a467e5e331ce384632759ecdba772"},"headline":"III O\u015b priorytetowa PO IR","datePublished":"2013-09-03T12:51:58+00:00","dateModified":"2015-02-04T12:44:53+00:00","mainEntityOfPage":{"@id":"https:\/\/inteligentny-rozwoj.com.pl\/index.php\/fundusze-europejskie-2014-2020\/inteligentny-rozwoj-po-ir\/zakres-wsparcia-po-ir\/ii-os-priorytetowa-po-ir\/"},"wordCount":414,"publisher":{"@id":"https:\/\/inteligentny-rozwoj.com.pl\/#organization"},"inLanguage":"pl-PL"},{"@type":"WebPage","@id":"https:\/\/inteligentny-rozwoj.com.pl\/index.php\/fundusze-europejskie-2014-2020\/inteligentny-rozwoj-po-ir\/zakres-wsparcia-po-ir\/ii-os-priorytetowa-po-ir\/","url":"https:\/\/inteligentny-rozwoj.com.pl\/index.php\/fundusze-europejskie-2014-2020\/inteligentny-rozwoj-po-ir\/zakres-wsparcia-po-ir\/ii-os-priorytetowa-po-ir\/","name":"III O\u015b priorytetowa PO IR - RP CONSULTING Rafa\u0142 Pasterczyk | marketing B2B, eksport, dotacje UE","isPartOf":{"@id":"https:\/\/inteligentny-rozwoj.com.pl\/#website"},"datePublished":"2013-09-03T12:51:58+00:00","dateModified":"2015-02-04T12:44:53+00:00","description":"III O\u015b priorytetowa PO IR: Wsparcie innowacji w przedsi\u0119biorstwach, ukierunkowana b\u0119dzie na wsparcie dzia\u0142alno\u015bci B+R. Przewiduje \u015brodki z PI 3a i PI 3c","breadcrumb":{"@id":"https:\/\/inteligentny-rozwoj.com.pl\/index.php\/fundusze-europejskie-2014-2020\/inteligentny-rozwoj-po-ir\/zakres-wsparcia-po-ir\/ii-os-priorytetowa-po-ir\/#breadcrumb"},"inLanguage":"pl-PL","potentialAction":[{"@type":"ReadAction","target":["https:\/\/inteligentny-rozwoj.com.pl\/index.php\/fundusze-europejskie-2014-2020\/inteligentny-rozwoj-po-ir\/zakres-wsparcia-po-ir\/ii-os-priorytetowa-po-ir\/"]}]},{"@type":"BreadcrumbList","@id":"https:\/\/inteligentny-rozwoj.com.pl\/index.php\/fundusze-europejskie-2014-2020\/inteligentny-rozwoj-po-ir\/zakres-wsparcia-po-ir\/ii-os-priorytetowa-po-ir\/#breadcrumb","itemListElement":[{"@type":"ListItem","position":1,"name":"Fundusze 2014-2020","item":"https:\/\/inteligentny-rozwoj.com.pl\/index.php\/fundusze-europejskie-2014-2020\/"},{"@type":"ListItem","position":2,"name":"PO IR 2014-2020","item":"https:\/\/inteligentny-rozwoj.com.pl\/index.php\/fundusze-europejskie-2014-2020\/inteligentny-rozwoj-po-ir\/"},{"@type":"ListItem","position":3,"name":"Zakres wsparcia PO IR","item":"https:\/\/inteligentny-rozwoj.com.pl\/index.php\/fundusze-europejskie-2014-2020\/inteligentny-rozwoj-po-ir\/zakres-wsparcia-po-ir\/"},{"@type":"ListItem","position":4,"name":"III O\u015b priorytetowa PO IR"}]},{"@type":"WebSite","@id":"https:\/\/inteligentny-rozwoj.com.pl\/#website","url":"https:\/\/inteligentny-rozwoj.com.pl\/","name":"RP CONSULTING Rafa\u0142 Pasterczyk | marketing B2B, eksport, dotacje UE","description":"Tw\u00f3j partner w rozwoju biznesu - skuteczne doradztwo w marketingu B2B, rozwoju eksportu i pozyskiwaniu dotacji","publisher":{"@id":"https:\/\/inteligentny-rozwoj.com.pl\/#organization"},"alternateName":"Rafa\u0142 Pasterczyk RP CONSULTING","potentialAction":[{"@type":"SearchAction","target":{"@type":"EntryPoint","urlTemplate":"https:\/\/inteligentny-rozwoj.com.pl\/?s={search_term_string}"},"query-input":{"@type":"PropertyValueSpecification","valueRequired":true,"valueName":"search_term_string"}}],"inLanguage":"pl-PL"},{"@type":"Organization","@id":"https:\/\/inteligentny-rozwoj.com.pl\/#organization","name":"RP CONSULTING Rafa\u0142 Pasterczyk","alternateName":"Rafa\u0142 Pasterczyk RP CONSULTING","url":"https:\/\/inteligentny-rozwoj.com.pl\/","logo":{"@type":"ImageObject","inLanguage":"pl-PL","@id":"https:\/\/inteligentny-rozwoj.com.pl\/#\/schema\/logo\/image\/","url":"https:\/\/inteligentny-rozwoj.com.pl\/wp-content\/uploads\/2019\/01\/cropped-rpc_logo_sq-e1546996617786.png","contentUrl":"https:\/\/inteligentny-rozwoj.com.pl\/wp-content\/uploads\/2019\/01\/cropped-rpc_logo_sq-e1546996617786.png","width":512,"height":512,"caption":"RP CONSULTING Rafa\u0142 Pasterczyk"},"image":{"@id":"https:\/\/inteligentny-rozwoj.com.pl\/#\/schema\/logo\/image\/"},"sameAs":["https:\/\/www.facebook.com\/RPConsulting","https:\/\/x.com\/rp_consulting","https:\/\/www.instagram.com\/rpconsulting.pl\/","https:\/\/pl.linkedin.com\/company\/rp-consulting-rpc","https:\/\/www.linkedin.com\/in\/rafal-pasterczyk\/"]},{"@type":"Person","@id":"https:\/\/inteligentny-rozwoj.com.pl\/#\/schema\/person\/781a467e5e331ce384632759ecdba772","name":"RP CONSULTING Rafa\u0142 Pasterczyk","image":{"@type":"ImageObject","inLanguage":"pl-PL","@id":"https:\/\/secure.gravatar.com\/avatar\/fde501377d5b06ef1fb158c1ea34fe2defd80fd9526b2263a81456023558c240?s=96&d=mm&r=g","url":"https:\/\/secure.gravatar.com\/avatar\/fde501377d5b06ef1fb158c1ea34fe2defd80fd9526b2263a81456023558c240?s=96&d=mm&r=g","contentUrl":"https:\/\/secure.gravatar.com\/avatar\/fde501377d5b06ef1fb158c1ea34fe2defd80fd9526b2263a81456023558c240?s=96&d=mm&r=g","caption":"RP CONSULTING Rafa\u0142 Pasterczyk"},"description":"Doradztwo biznesowe i outsourcing - us\u0142ugi doradcze w zakresie marketingu B2B, rozwoju eksportu oraz pozyskiwanie i rozliczanie dotacji na rozw\u00f3j eksportu i cyfryzacj\u0119. Ponad 100 skutecznie zrealizowanych projekt\u00f3w. Wiele z nich \u0142\u0105czy doradztwo w zakresie strategii internacjonalizacji ze skutecznym pozyskaniem dofinansowania na dzia\u0142ania na rynkach zagranicznych.","sameAs":["https:\/\/inteligentny-rozwoj.com.pl\/","https:\/\/www.facebook.com\/RPConsulting\/","https:\/\/www.instagram.com\/rpconsulting.pl\/","https:\/\/pl.linkedin.com\/company\/rp-consulting-rpc","https:\/\/www.youtube.com\/@RPCONSULTING-b2b"],"url":"https:\/\/inteligentny-rozwoj.com.pl\/index.php\/author\/rpconsulting\/"}]}},"uagb_featured_image_src":{"full":false,"thumbnail":false,"medium":false,"medium_large":false,"large":false,"1536x1536":false,"2048x2048":false,"post-thumbnail":false,"sow-carousel-default":false,"sow-blog-portfolio":false,"sow-blog-grid":false,"sow-blog-alternate":false},"uagb_author_info":{"display_name":"RP CONSULTING Rafa\u0142 Pasterczyk","author_link":"https:\/\/inteligentny-rozwoj.com.pl\/index.php\/author\/rpconsulting\/"},"uagb_comment_info":0,"uagb_excerpt":"III O&#347; priorytetowa PO IR:&nbsp;WSPARCIE INNOWACJI W PRZEDSI&#280;BIORSTWACH przewiduje do realizacji 3 cele szczeg&oacute;&#322;owe: Cel szczeg&oacute;&#322;owy 3. &ndash; Zwi&#281;kszone finansowanie innowacyjnej dzia&#322;alno&#347;ci M&#346;P z wykorzystaniem kapita&#322;u podwy&#380;szonego ryzyka Cel szczeg&oacute;&#322;owy 4. &ndash; Zwi&#281;kszona aktywno&#347;&#263; przedsi&#281;biorstw w zakresie prowadzenia dzia&#322;alno&#347;ci innowacyjnej Cel szczeg&oacute;&#322;owy 5. &ndash; Zwi&#281;kszony poziom umi&#281;dzynarodowienia dzia&#322;alno&#347;ci przedsi&#281;biorstw III O&#347; priorytetowa PO IR przewiduje,&hellip;","_links":{"self":[{"href":"https:\/\/inteligentny-rozwoj.com.pl\/index.php\/wp-json\/wp\/v2\/pages\/141","targetHints":{"allow":["GET"]}}],"collection":[{"href":"https:\/\/inteligentny-rozwoj.com.pl\/index.php\/wp-json\/wp\/v2\/pages"}],"about":[{"href":"https:\/\/inteligentny-rozwoj.com.pl\/index.php\/wp-json\/wp\/v2\/types\/page"}],"author":[{"embeddable":true,"href":"https:\/\/inteligentny-rozwoj.com.pl\/index.php\/wp-json\/wp\/v2\/users\/1"}],"replies":[{"embeddable":true,"href":"https:\/\/inteligentny-rozwoj.com.pl\/index.php\/wp-json\/wp\/v2\/comments?post=141"}],"version-history":[{"count":20,"href":"https:\/\/inteligentny-rozwoj.com.pl\/index.php\/wp-json\/wp\/v2\/pages\/141\/revisions"}],"predecessor-version":[{"id":736,"href":"https:\/\/inteligentny-rozwoj.com.pl\/index.php\/wp-json\/wp\/v2\/pages\/141\/revisions\/736"}],"up":[{"embeddable":true,"href":"https:\/\/inteligentny-rozwoj.com.pl\/index.php\/wp-json\/wp\/v2\/pages\/136"}],"wp:attachment":[{"href":"https:\/\/inteligentny-rozwoj.com.pl\/index.php\/wp-json\/wp\/v2\/media?parent=141"}],"curies":[{"name":"wp","href":"https:\/\/api.w.org\/{rel}","templated":true}]}}