{"id":143,"date":"2013-09-03T14:53:42","date_gmt":"2013-09-03T12:53:42","guid":{"rendered":"https:\/\/inteligentny-rozwoj.com.pl\/?page_id=143"},"modified":"2013-10-11T11:48:39","modified_gmt":"2013-10-11T09:48:39","slug":"iii-os-priorytetowa-po-ir","status":"publish","type":"page","link":"https:\/\/inteligentny-rozwoj.com.pl\/index.php\/fundusze-europejskie-2014-2020\/inteligentny-rozwoj-po-ir\/zakres-wsparcia-po-ir\/iii-os-priorytetowa-po-ir\/","title":{"rendered":"V O\u015b priorytetowa PO IR"},"content":{"rendered":"<p style=\"text-align: justify;\">V O\u015b priorytetowa <a title=\"PO IR - Program Operacyjny Inteligentny Rozw\u00f3j\" href=\"https:\/\/inteligentny-rozwoj.com.pl\/index.php\/inteligentny-rozwoj-po-ir\/\" target=\"_blank\">PO IR<\/a> &#8211; Pomoc techniczna stawia sobie za cel wsparcie skutecznej i efektywnej realizacji cel\u00f3w strategicznych programu poprzez zapewnienie wysokiego potencja\u0142u administracyjnego. Finansowaniem obj\u0119te zostan\u0105 instytucje zarz\u0105dzaj\u0105ce i wdra\u017caj\u0105ce, kluczowi beneficjenci oraz partnerzy wspieraj\u0105cy proces realizacji Programu Operacyjnego <a title=\"Inteligentny Rozw\u00f3j\" href=\"https:\/\/inteligentny-rozwoj.com.pl\/\" target=\"_blank\">Inteligentny Rozw\u00f3j<\/a>.<\/p>\n<p style=\"text-align: justify;\"><a title=\"III O\u015b priorytetowa PO IR - Pomoc techniczna\" href=\"https:\/\/inteligentny-rozwoj.com.pl\/wp-content\/uploads\/2013\/09\/Fotolia_51614933_XS.jpg\" target=\"_blank\"><img loading=\"lazy\" decoding=\"async\" class=\"alignleft size-medium wp-image-217\" style=\"margin-left: 5px; margin-right: 5px;\" title=\"III O\u015b priorytetowa PO IR - Pomoc techniczna\" alt=\"III O\u015b priorytetowa PO IR - Pomoc techniczna\" src=\"https:\/\/inteligentny-rozwoj.com.pl\/wp-content\/uploads\/2013\/09\/Fotolia_51614933_XS-300x199.jpg\" width=\"333\" height=\"221\" srcset=\"https:\/\/inteligentny-rozwoj.com.pl\/wp-content\/uploads\/2013\/09\/Fotolia_51614933_XS-300x199.jpg 300w, https:\/\/inteligentny-rozwoj.com.pl\/wp-content\/uploads\/2013\/09\/Fotolia_51614933_XS.jpg 425w\" sizes=\"auto, (max-width: 333px) 100vw, 333px\" \/><\/a>V O\u015b priorytetowa PO IR, w odniesieniu do podmiot\u00f3w zarz\u0105dzaj\u0105cych i wdra\u017caj\u0105cych program, b\u0119dzie wspiera\u0142a wzmocnienie i utrzymanie wymaganego poziomu zdolno\u015bci administracyjnych w obszarach: potencja\u0142u kadrowego, rozwi\u0105za\u0144 organizacyjnych i prawnych, zasob\u00f3w technicznych oraz instrument\u00f3w informatycznych, wykorzystywanych w procesach zarz\u0105dzania, wdra\u017cania i monitorowania. Przyk\u0142adem zada\u0144 kluczowych z punktu widzenia celu programu jest: identyfikacja i selekcja projekt\u00f3w oraz przygotowanie ram organizacyjnych i prawnych umo\u017cliwiaj\u0105cych osi\u0105gni\u0119cie gotowo\u015bci aplikacyjnej przez potencjalnych beneficjent\u00f3w.<\/p>\n<p style=\"text-align: justify;\">V O\u015b priorytetowa PO IR, w odniesieniu do partner\u00f3w, wsparcie b\u0119dzie kierowa\u0107 na budowanie ich potencja\u0142u administracyjnego, zapewniaj\u0105cego efektywn\u0105 realizacj\u0119 cel\u00f3w programu. Planowane jest przede wszystkim wsparcie instytucji, organizacji i grup podmiot\u00f3w, kt\u00f3re b\u0119d\u0105 uczestniczy\u0107 we wdra\u017caniu bezpo\u015brednio lub aktywnie wspiera\u0107 realizacj\u0119 kluczowych proces\u00f3w wdra\u017cania np. poprzez tworzenie platform wsp\u00f3\u0142pracy pomi\u0119dzy potencjalnymi beneficjentami, podejmowanie dzia\u0142a\u0144 informacyjno-promocyjnych.<\/p>\n<p style=\"text-align: justify;\">W odniesieniu do potencjalnych beneficjent\u00f3w lub beneficjent\u00f3w, wsparcie w ramach III Osi priorytetowej &#8211; Pomoc techniczna b\u0119dzie dedykowane na dzia\u0142ania informacyjne i szkoleniowe. Celem dzia\u0142a\u0144 b\u0119dzie u\u0142atwienie beneficjentom podejmowania decyzji o aplikowaniu o \u015brodki, umo\u017cliwienie budowania swojego potencja\u0142u w odniesieniu do stawianych w programie wymaga\u0144, sprawna realizacja projekt\u00f3w i rozliczanie \u015brodk\u00f3w. Istotne dla osi\u0105gni\u0119cia cel\u00f3w programu b\u0119dzie tak\u017ce animowanie partnerstw przez potencjalnych beneficjent\u00f3w programu w celu realizacji wsp\u00f3lnych projekt\u00f3w.<\/p>\n","protected":false},"excerpt":{"rendered":"<p>V O&#347; priorytetowa PO IR &ndash; Pomoc techniczna stawia sobie za cel wsparcie skutecznej i efektywnej realizacji cel&oacute;w strategicznych programu poprzez zapewnienie wysokiego potencja&#322;u administracyjnego. Finansowaniem obj&#281;te zostan&#261; instytucje zarz&#261;dzaj&#261;ce i wdra&#380;aj&#261;ce, kluczowi beneficjenci oraz partnerzy wspieraj&#261;cy proces realizacji Programu Operacyjnego Inteligentny Rozw&oacute;j. V O&#347; priorytetowa PO IR, w odniesieniu do podmiot&oacute;w zarz&#261;dzaj&#261;cych i wdra&#380;aj&#261;cych [&hellip;]<\/p>\n","protected":false},"author":1,"featured_media":0,"parent":136,"menu_order":5,"comment_status":"closed","ping_status":"closed","template":"page-templates\/full-width.php","meta":{"_crdt_document":"","content-type":"","_uag_custom_page_level_css":"","footnotes":""},"class_list":["post-143","page","type-page","status-publish","hentry"],"yoast_head":"<!-- This site is optimized with the Yoast SEO plugin v27.3 - https:\/\/yoast.com\/product\/yoast-seo-wordpress\/ -->\n<title>V O\u015b priorytetowa PO IR - RP CONSULTING Rafa\u0142 Pasterczyk | marketing B2B, eksport, dotacje UE<\/title>\n<meta name=\"description\" content=\"III O\u015b priorytetowa PO IR Pomoc techniczna ma za cel wsparcie realizacji cel\u00f3w strategicznych PO IR przez zapewnienie wysokiego potencja\u0142u administracyjnego\" \/>\n<meta name=\"robots\" content=\"index, follow, max-snippet:-1, max-image-preview:large, max-video-preview:-1\" \/>\n<link rel=\"canonical\" href=\"https:\/\/inteligentny-rozwoj.com.pl\/index.php\/fundusze-europejskie-2014-2020\/inteligentny-rozwoj-po-ir\/zakres-wsparcia-po-ir\/iii-os-priorytetowa-po-ir\/\" \/>\n<meta property=\"og:locale\" content=\"pl_PL\" \/>\n<meta property=\"og:type\" content=\"article\" \/>\n<meta property=\"og:title\" content=\"V O\u015b priorytetowa PO IR - RP CONSULTING Rafa\u0142 Pasterczyk | marketing B2B, eksport, dotacje UE\" \/>\n<meta property=\"og:description\" content=\"III O\u015b priorytetowa PO IR Pomoc techniczna ma za cel wsparcie realizacji cel\u00f3w strategicznych PO IR przez zapewnienie wysokiego potencja\u0142u administracyjnego\" \/>\n<meta property=\"og:url\" content=\"https:\/\/inteligentny-rozwoj.com.pl\/index.php\/fundusze-europejskie-2014-2020\/inteligentny-rozwoj-po-ir\/zakres-wsparcia-po-ir\/iii-os-priorytetowa-po-ir\/\" \/>\n<meta property=\"og:site_name\" content=\"RP CONSULTING Rafa\u0142 Pasterczyk | marketing B2B, eksport, dotacje UE\" \/>\n<meta property=\"article:publisher\" content=\"https:\/\/www.facebook.com\/RPConsulting\" \/>\n<meta property=\"article:modified_time\" content=\"2013-10-11T09:48:39+00:00\" \/>\n<meta property=\"og:image\" content=\"https:\/\/inteligentny-rozwoj.com.pl\/wp-content\/uploads\/2013\/09\/Fotolia_51614933_XS-300x199.jpg\" \/>\n<meta name=\"twitter:card\" content=\"summary_large_image\" \/>\n<meta name=\"twitter:site\" content=\"@rp_consulting\" \/>\n<meta name=\"twitter:label1\" content=\"Szacowany czas czytania\" \/>\n\t<meta name=\"twitter:data1\" content=\"2 minuty\" \/>\n<script type=\"application\/ld+json\" class=\"yoast-schema-graph\">{\"@context\":\"https:\\\/\\\/schema.org\",\"@graph\":[{\"@type\":\"Article\",\"@id\":\"https:\\\/\\\/inteligentny-rozwoj.com.pl\\\/index.php\\\/fundusze-europejskie-2014-2020\\\/inteligentny-rozwoj-po-ir\\\/zakres-wsparcia-po-ir\\\/iii-os-priorytetowa-po-ir\\\/#article\",\"isPartOf\":{\"@id\":\"https:\\\/\\\/inteligentny-rozwoj.com.pl\\\/index.php\\\/fundusze-europejskie-2014-2020\\\/inteligentny-rozwoj-po-ir\\\/zakres-wsparcia-po-ir\\\/iii-os-priorytetowa-po-ir\\\/\"},\"author\":{\"name\":\"RP CONSULTING Rafa\u0142 Pasterczyk\",\"@id\":\"https:\\\/\\\/inteligentny-rozwoj.com.pl\\\/#\\\/schema\\\/person\\\/781a467e5e331ce384632759ecdba772\"},\"headline\":\"V O\u015b priorytetowa PO IR\",\"datePublished\":\"2013-09-03T12:53:42+00:00\",\"dateModified\":\"2013-10-11T09:48:39+00:00\",\"mainEntityOfPage\":{\"@id\":\"https:\\\/\\\/inteligentny-rozwoj.com.pl\\\/index.php\\\/fundusze-europejskie-2014-2020\\\/inteligentny-rozwoj-po-ir\\\/zakres-wsparcia-po-ir\\\/iii-os-priorytetowa-po-ir\\\/\"},\"wordCount\":306,\"publisher\":{\"@id\":\"https:\\\/\\\/inteligentny-rozwoj.com.pl\\\/#organization\"},\"image\":{\"@id\":\"https:\\\/\\\/inteligentny-rozwoj.com.pl\\\/index.php\\\/fundusze-europejskie-2014-2020\\\/inteligentny-rozwoj-po-ir\\\/zakres-wsparcia-po-ir\\\/iii-os-priorytetowa-po-ir\\\/#primaryimage\"},\"thumbnailUrl\":\"https:\\\/\\\/inteligentny-rozwoj.com.pl\\\/wp-content\\\/uploads\\\/2013\\\/09\\\/Fotolia_51614933_XS-300x199.jpg\",\"inLanguage\":\"pl-PL\"},{\"@type\":\"WebPage\",\"@id\":\"https:\\\/\\\/inteligentny-rozwoj.com.pl\\\/index.php\\\/fundusze-europejskie-2014-2020\\\/inteligentny-rozwoj-po-ir\\\/zakres-wsparcia-po-ir\\\/iii-os-priorytetowa-po-ir\\\/\",\"url\":\"https:\\\/\\\/inteligentny-rozwoj.com.pl\\\/index.php\\\/fundusze-europejskie-2014-2020\\\/inteligentny-rozwoj-po-ir\\\/zakres-wsparcia-po-ir\\\/iii-os-priorytetowa-po-ir\\\/\",\"name\":\"V O\u015b priorytetowa PO IR - RP CONSULTING Rafa\u0142 Pasterczyk | marketing B2B, eksport, dotacje UE\",\"isPartOf\":{\"@id\":\"https:\\\/\\\/inteligentny-rozwoj.com.pl\\\/#website\"},\"primaryImageOfPage\":{\"@id\":\"https:\\\/\\\/inteligentny-rozwoj.com.pl\\\/index.php\\\/fundusze-europejskie-2014-2020\\\/inteligentny-rozwoj-po-ir\\\/zakres-wsparcia-po-ir\\\/iii-os-priorytetowa-po-ir\\\/#primaryimage\"},\"image\":{\"@id\":\"https:\\\/\\\/inteligentny-rozwoj.com.pl\\\/index.php\\\/fundusze-europejskie-2014-2020\\\/inteligentny-rozwoj-po-ir\\\/zakres-wsparcia-po-ir\\\/iii-os-priorytetowa-po-ir\\\/#primaryimage\"},\"thumbnailUrl\":\"https:\\\/\\\/inteligentny-rozwoj.com.pl\\\/wp-content\\\/uploads\\\/2013\\\/09\\\/Fotolia_51614933_XS-300x199.jpg\",\"datePublished\":\"2013-09-03T12:53:42+00:00\",\"dateModified\":\"2013-10-11T09:48:39+00:00\",\"description\":\"III O\u015b priorytetowa PO IR Pomoc techniczna ma za cel wsparcie realizacji cel\u00f3w strategicznych PO IR przez zapewnienie wysokiego potencja\u0142u administracyjnego\",\"breadcrumb\":{\"@id\":\"https:\\\/\\\/inteligentny-rozwoj.com.pl\\\/index.php\\\/fundusze-europejskie-2014-2020\\\/inteligentny-rozwoj-po-ir\\\/zakres-wsparcia-po-ir\\\/iii-os-priorytetowa-po-ir\\\/#breadcrumb\"},\"inLanguage\":\"pl-PL\",\"potentialAction\":[{\"@type\":\"ReadAction\",\"target\":[\"https:\\\/\\\/inteligentny-rozwoj.com.pl\\\/index.php\\\/fundusze-europejskie-2014-2020\\\/inteligentny-rozwoj-po-ir\\\/zakres-wsparcia-po-ir\\\/iii-os-priorytetowa-po-ir\\\/\"]}]},{\"@type\":\"ImageObject\",\"inLanguage\":\"pl-PL\",\"@id\":\"https:\\\/\\\/inteligentny-rozwoj.com.pl\\\/index.php\\\/fundusze-europejskie-2014-2020\\\/inteligentny-rozwoj-po-ir\\\/zakres-wsparcia-po-ir\\\/iii-os-priorytetowa-po-ir\\\/#primaryimage\",\"url\":\"https:\\\/\\\/inteligentny-rozwoj.com.pl\\\/wp-content\\\/uploads\\\/2013\\\/09\\\/Fotolia_51614933_XS.jpg\",\"contentUrl\":\"https:\\\/\\\/inteligentny-rozwoj.com.pl\\\/wp-content\\\/uploads\\\/2013\\\/09\\\/Fotolia_51614933_XS.jpg\",\"width\":425,\"height\":282},{\"@type\":\"BreadcrumbList\",\"@id\":\"https:\\\/\\\/inteligentny-rozwoj.com.pl\\\/index.php\\\/fundusze-europejskie-2014-2020\\\/inteligentny-rozwoj-po-ir\\\/zakres-wsparcia-po-ir\\\/iii-os-priorytetowa-po-ir\\\/#breadcrumb\",\"itemListElement\":[{\"@type\":\"ListItem\",\"position\":1,\"name\":\"Fundusze 2014-2020\",\"item\":\"https:\\\/\\\/inteligentny-rozwoj.com.pl\\\/index.php\\\/fundusze-europejskie-2014-2020\\\/\"},{\"@type\":\"ListItem\",\"position\":2,\"name\":\"PO IR 2014-2020\",\"item\":\"https:\\\/\\\/inteligentny-rozwoj.com.pl\\\/index.php\\\/fundusze-europejskie-2014-2020\\\/inteligentny-rozwoj-po-ir\\\/\"},{\"@type\":\"ListItem\",\"position\":3,\"name\":\"Zakres wsparcia PO IR\",\"item\":\"https:\\\/\\\/inteligentny-rozwoj.com.pl\\\/index.php\\\/fundusze-europejskie-2014-2020\\\/inteligentny-rozwoj-po-ir\\\/zakres-wsparcia-po-ir\\\/\"},{\"@type\":\"ListItem\",\"position\":4,\"name\":\"V O\u015b priorytetowa PO IR\"}]},{\"@type\":\"WebSite\",\"@id\":\"https:\\\/\\\/inteligentny-rozwoj.com.pl\\\/#website\",\"url\":\"https:\\\/\\\/inteligentny-rozwoj.com.pl\\\/\",\"name\":\"RP CONSULTING Rafa\u0142 Pasterczyk | marketing B2B, eksport, dotacje UE\",\"description\":\"Tw\u00f3j partner w rozwoju biznesu - skuteczne doradztwo w marketingu B2B, rozwoju eksportu i pozyskiwaniu dotacji\",\"publisher\":{\"@id\":\"https:\\\/\\\/inteligentny-rozwoj.com.pl\\\/#organization\"},\"alternateName\":\"Rafa\u0142 Pasterczyk RP CONSULTING\",\"potentialAction\":[{\"@type\":\"SearchAction\",\"target\":{\"@type\":\"EntryPoint\",\"urlTemplate\":\"https:\\\/\\\/inteligentny-rozwoj.com.pl\\\/?s={search_term_string}\"},\"query-input\":{\"@type\":\"PropertyValueSpecification\",\"valueRequired\":true,\"valueName\":\"search_term_string\"}}],\"inLanguage\":\"pl-PL\"},{\"@type\":\"Organization\",\"@id\":\"https:\\\/\\\/inteligentny-rozwoj.com.pl\\\/#organization\",\"name\":\"RP CONSULTING Rafa\u0142 Pasterczyk\",\"alternateName\":\"Rafa\u0142 Pasterczyk RP CONSULTING\",\"url\":\"https:\\\/\\\/inteligentny-rozwoj.com.pl\\\/\",\"logo\":{\"@type\":\"ImageObject\",\"inLanguage\":\"pl-PL\",\"@id\":\"https:\\\/\\\/inteligentny-rozwoj.com.pl\\\/#\\\/schema\\\/logo\\\/image\\\/\",\"url\":\"https:\\\/\\\/inteligentny-rozwoj.com.pl\\\/wp-content\\\/uploads\\\/2019\\\/01\\\/cropped-rpc_logo_sq-e1546996617786.png\",\"contentUrl\":\"https:\\\/\\\/inteligentny-rozwoj.com.pl\\\/wp-content\\\/uploads\\\/2019\\\/01\\\/cropped-rpc_logo_sq-e1546996617786.png\",\"width\":512,\"height\":512,\"caption\":\"RP CONSULTING Rafa\u0142 Pasterczyk\"},\"image\":{\"@id\":\"https:\\\/\\\/inteligentny-rozwoj.com.pl\\\/#\\\/schema\\\/logo\\\/image\\\/\"},\"sameAs\":[\"https:\\\/\\\/www.facebook.com\\\/RPConsulting\",\"https:\\\/\\\/x.com\\\/rp_consulting\",\"https:\\\/\\\/www.instagram.com\\\/rpconsulting.pl\\\/\",\"https:\\\/\\\/pl.linkedin.com\\\/company\\\/rp-consulting-rpc\",\"https:\\\/\\\/www.linkedin.com\\\/in\\\/rafal-pasterczyk\\\/\"]},{\"@type\":\"Person\",\"@id\":\"https:\\\/\\\/inteligentny-rozwoj.com.pl\\\/#\\\/schema\\\/person\\\/781a467e5e331ce384632759ecdba772\",\"name\":\"RP CONSULTING Rafa\u0142 Pasterczyk\",\"image\":{\"@type\":\"ImageObject\",\"inLanguage\":\"pl-PL\",\"@id\":\"https:\\\/\\\/secure.gravatar.com\\\/avatar\\\/fde501377d5b06ef1fb158c1ea34fe2defd80fd9526b2263a81456023558c240?s=96&d=mm&r=g\",\"url\":\"https:\\\/\\\/secure.gravatar.com\\\/avatar\\\/fde501377d5b06ef1fb158c1ea34fe2defd80fd9526b2263a81456023558c240?s=96&d=mm&r=g\",\"contentUrl\":\"https:\\\/\\\/secure.gravatar.com\\\/avatar\\\/fde501377d5b06ef1fb158c1ea34fe2defd80fd9526b2263a81456023558c240?s=96&d=mm&r=g\",\"caption\":\"RP CONSULTING Rafa\u0142 Pasterczyk\"},\"description\":\"Doradztwo biznesowe i outsourcing - us\u0142ugi doradcze w zakresie marketingu B2B, rozwoju eksportu oraz pozyskiwanie i rozliczanie dotacji na rozw\u00f3j eksportu i cyfryzacj\u0119. Ponad 100 skutecznie zrealizowanych projekt\u00f3w. Wiele z nich \u0142\u0105czy doradztwo w zakresie strategii internacjonalizacji ze skutecznym pozyskaniem dofinansowania na dzia\u0142ania na rynkach zagranicznych.\",\"sameAs\":[\"https:\\\/\\\/inteligentny-rozwoj.com.pl\\\/\",\"https:\\\/\\\/www.facebook.com\\\/RPConsulting\\\/\",\"https:\\\/\\\/www.instagram.com\\\/rpconsulting.pl\\\/\",\"https:\\\/\\\/pl.linkedin.com\\\/company\\\/rp-consulting-rpc\",\"https:\\\/\\\/www.youtube.com\\\/@RPCONSULTING-b2b\"],\"url\":\"https:\\\/\\\/inteligentny-rozwoj.com.pl\\\/index.php\\\/author\\\/rpconsulting\\\/\"}]}<\/script>\n<!-- \/ Yoast SEO plugin. -->","yoast_head_json":{"title":"V O\u015b priorytetowa PO IR - RP CONSULTING Rafa\u0142 Pasterczyk | marketing B2B, eksport, dotacje UE","description":"III O\u015b priorytetowa PO IR Pomoc techniczna ma za cel wsparcie realizacji cel\u00f3w strategicznych PO IR przez zapewnienie wysokiego potencja\u0142u administracyjnego","robots":{"index":"index","follow":"follow","max-snippet":"max-snippet:-1","max-image-preview":"max-image-preview:large","max-video-preview":"max-video-preview:-1"},"canonical":"https:\/\/inteligentny-rozwoj.com.pl\/index.php\/fundusze-europejskie-2014-2020\/inteligentny-rozwoj-po-ir\/zakres-wsparcia-po-ir\/iii-os-priorytetowa-po-ir\/","og_locale":"pl_PL","og_type":"article","og_title":"V O\u015b priorytetowa PO IR - RP CONSULTING Rafa\u0142 Pasterczyk | marketing B2B, eksport, dotacje UE","og_description":"III O\u015b priorytetowa PO IR Pomoc techniczna ma za cel wsparcie realizacji cel\u00f3w strategicznych PO IR przez zapewnienie wysokiego potencja\u0142u administracyjnego","og_url":"https:\/\/inteligentny-rozwoj.com.pl\/index.php\/fundusze-europejskie-2014-2020\/inteligentny-rozwoj-po-ir\/zakres-wsparcia-po-ir\/iii-os-priorytetowa-po-ir\/","og_site_name":"RP CONSULTING Rafa\u0142 Pasterczyk | marketing B2B, eksport, dotacje UE","article_publisher":"https:\/\/www.facebook.com\/RPConsulting","article_modified_time":"2013-10-11T09:48:39+00:00","og_image":[{"url":"https:\/\/inteligentny-rozwoj.com.pl\/wp-content\/uploads\/2013\/09\/Fotolia_51614933_XS-300x199.jpg","type":"","width":"","height":""}],"twitter_card":"summary_large_image","twitter_site":"@rp_consulting","twitter_misc":{"Szacowany czas czytania":"2 minuty"},"schema":{"@context":"https:\/\/schema.org","@graph":[{"@type":"Article","@id":"https:\/\/inteligentny-rozwoj.com.pl\/index.php\/fundusze-europejskie-2014-2020\/inteligentny-rozwoj-po-ir\/zakres-wsparcia-po-ir\/iii-os-priorytetowa-po-ir\/#article","isPartOf":{"@id":"https:\/\/inteligentny-rozwoj.com.pl\/index.php\/fundusze-europejskie-2014-2020\/inteligentny-rozwoj-po-ir\/zakres-wsparcia-po-ir\/iii-os-priorytetowa-po-ir\/"},"author":{"name":"RP CONSULTING Rafa\u0142 Pasterczyk","@id":"https:\/\/inteligentny-rozwoj.com.pl\/#\/schema\/person\/781a467e5e331ce384632759ecdba772"},"headline":"V O\u015b priorytetowa PO IR","datePublished":"2013-09-03T12:53:42+00:00","dateModified":"2013-10-11T09:48:39+00:00","mainEntityOfPage":{"@id":"https:\/\/inteligentny-rozwoj.com.pl\/index.php\/fundusze-europejskie-2014-2020\/inteligentny-rozwoj-po-ir\/zakres-wsparcia-po-ir\/iii-os-priorytetowa-po-ir\/"},"wordCount":306,"publisher":{"@id":"https:\/\/inteligentny-rozwoj.com.pl\/#organization"},"image":{"@id":"https:\/\/inteligentny-rozwoj.com.pl\/index.php\/fundusze-europejskie-2014-2020\/inteligentny-rozwoj-po-ir\/zakres-wsparcia-po-ir\/iii-os-priorytetowa-po-ir\/#primaryimage"},"thumbnailUrl":"https:\/\/inteligentny-rozwoj.com.pl\/wp-content\/uploads\/2013\/09\/Fotolia_51614933_XS-300x199.jpg","inLanguage":"pl-PL"},{"@type":"WebPage","@id":"https:\/\/inteligentny-rozwoj.com.pl\/index.php\/fundusze-europejskie-2014-2020\/inteligentny-rozwoj-po-ir\/zakres-wsparcia-po-ir\/iii-os-priorytetowa-po-ir\/","url":"https:\/\/inteligentny-rozwoj.com.pl\/index.php\/fundusze-europejskie-2014-2020\/inteligentny-rozwoj-po-ir\/zakres-wsparcia-po-ir\/iii-os-priorytetowa-po-ir\/","name":"V O\u015b priorytetowa PO IR - RP CONSULTING Rafa\u0142 Pasterczyk | marketing B2B, eksport, dotacje UE","isPartOf":{"@id":"https:\/\/inteligentny-rozwoj.com.pl\/#website"},"primaryImageOfPage":{"@id":"https:\/\/inteligentny-rozwoj.com.pl\/index.php\/fundusze-europejskie-2014-2020\/inteligentny-rozwoj-po-ir\/zakres-wsparcia-po-ir\/iii-os-priorytetowa-po-ir\/#primaryimage"},"image":{"@id":"https:\/\/inteligentny-rozwoj.com.pl\/index.php\/fundusze-europejskie-2014-2020\/inteligentny-rozwoj-po-ir\/zakres-wsparcia-po-ir\/iii-os-priorytetowa-po-ir\/#primaryimage"},"thumbnailUrl":"https:\/\/inteligentny-rozwoj.com.pl\/wp-content\/uploads\/2013\/09\/Fotolia_51614933_XS-300x199.jpg","datePublished":"2013-09-03T12:53:42+00:00","dateModified":"2013-10-11T09:48:39+00:00","description":"III O\u015b priorytetowa PO IR Pomoc techniczna ma za cel wsparcie realizacji cel\u00f3w strategicznych PO IR przez zapewnienie wysokiego potencja\u0142u administracyjnego","breadcrumb":{"@id":"https:\/\/inteligentny-rozwoj.com.pl\/index.php\/fundusze-europejskie-2014-2020\/inteligentny-rozwoj-po-ir\/zakres-wsparcia-po-ir\/iii-os-priorytetowa-po-ir\/#breadcrumb"},"inLanguage":"pl-PL","potentialAction":[{"@type":"ReadAction","target":["https:\/\/inteligentny-rozwoj.com.pl\/index.php\/fundusze-europejskie-2014-2020\/inteligentny-rozwoj-po-ir\/zakres-wsparcia-po-ir\/iii-os-priorytetowa-po-ir\/"]}]},{"@type":"ImageObject","inLanguage":"pl-PL","@id":"https:\/\/inteligentny-rozwoj.com.pl\/index.php\/fundusze-europejskie-2014-2020\/inteligentny-rozwoj-po-ir\/zakres-wsparcia-po-ir\/iii-os-priorytetowa-po-ir\/#primaryimage","url":"https:\/\/inteligentny-rozwoj.com.pl\/wp-content\/uploads\/2013\/09\/Fotolia_51614933_XS.jpg","contentUrl":"https:\/\/inteligentny-rozwoj.com.pl\/wp-content\/uploads\/2013\/09\/Fotolia_51614933_XS.jpg","width":425,"height":282},{"@type":"BreadcrumbList","@id":"https:\/\/inteligentny-rozwoj.com.pl\/index.php\/fundusze-europejskie-2014-2020\/inteligentny-rozwoj-po-ir\/zakres-wsparcia-po-ir\/iii-os-priorytetowa-po-ir\/#breadcrumb","itemListElement":[{"@type":"ListItem","position":1,"name":"Fundusze 2014-2020","item":"https:\/\/inteligentny-rozwoj.com.pl\/index.php\/fundusze-europejskie-2014-2020\/"},{"@type":"ListItem","position":2,"name":"PO IR 2014-2020","item":"https:\/\/inteligentny-rozwoj.com.pl\/index.php\/fundusze-europejskie-2014-2020\/inteligentny-rozwoj-po-ir\/"},{"@type":"ListItem","position":3,"name":"Zakres wsparcia PO IR","item":"https:\/\/inteligentny-rozwoj.com.pl\/index.php\/fundusze-europejskie-2014-2020\/inteligentny-rozwoj-po-ir\/zakres-wsparcia-po-ir\/"},{"@type":"ListItem","position":4,"name":"V O\u015b priorytetowa PO IR"}]},{"@type":"WebSite","@id":"https:\/\/inteligentny-rozwoj.com.pl\/#website","url":"https:\/\/inteligentny-rozwoj.com.pl\/","name":"RP CONSULTING Rafa\u0142 Pasterczyk | marketing B2B, eksport, dotacje UE","description":"Tw\u00f3j partner w rozwoju biznesu - skuteczne doradztwo w marketingu B2B, rozwoju eksportu i pozyskiwaniu dotacji","publisher":{"@id":"https:\/\/inteligentny-rozwoj.com.pl\/#organization"},"alternateName":"Rafa\u0142 Pasterczyk RP CONSULTING","potentialAction":[{"@type":"SearchAction","target":{"@type":"EntryPoint","urlTemplate":"https:\/\/inteligentny-rozwoj.com.pl\/?s={search_term_string}"},"query-input":{"@type":"PropertyValueSpecification","valueRequired":true,"valueName":"search_term_string"}}],"inLanguage":"pl-PL"},{"@type":"Organization","@id":"https:\/\/inteligentny-rozwoj.com.pl\/#organization","name":"RP CONSULTING Rafa\u0142 Pasterczyk","alternateName":"Rafa\u0142 Pasterczyk RP CONSULTING","url":"https:\/\/inteligentny-rozwoj.com.pl\/","logo":{"@type":"ImageObject","inLanguage":"pl-PL","@id":"https:\/\/inteligentny-rozwoj.com.pl\/#\/schema\/logo\/image\/","url":"https:\/\/inteligentny-rozwoj.com.pl\/wp-content\/uploads\/2019\/01\/cropped-rpc_logo_sq-e1546996617786.png","contentUrl":"https:\/\/inteligentny-rozwoj.com.pl\/wp-content\/uploads\/2019\/01\/cropped-rpc_logo_sq-e1546996617786.png","width":512,"height":512,"caption":"RP CONSULTING Rafa\u0142 Pasterczyk"},"image":{"@id":"https:\/\/inteligentny-rozwoj.com.pl\/#\/schema\/logo\/image\/"},"sameAs":["https:\/\/www.facebook.com\/RPConsulting","https:\/\/x.com\/rp_consulting","https:\/\/www.instagram.com\/rpconsulting.pl\/","https:\/\/pl.linkedin.com\/company\/rp-consulting-rpc","https:\/\/www.linkedin.com\/in\/rafal-pasterczyk\/"]},{"@type":"Person","@id":"https:\/\/inteligentny-rozwoj.com.pl\/#\/schema\/person\/781a467e5e331ce384632759ecdba772","name":"RP CONSULTING Rafa\u0142 Pasterczyk","image":{"@type":"ImageObject","inLanguage":"pl-PL","@id":"https:\/\/secure.gravatar.com\/avatar\/fde501377d5b06ef1fb158c1ea34fe2defd80fd9526b2263a81456023558c240?s=96&d=mm&r=g","url":"https:\/\/secure.gravatar.com\/avatar\/fde501377d5b06ef1fb158c1ea34fe2defd80fd9526b2263a81456023558c240?s=96&d=mm&r=g","contentUrl":"https:\/\/secure.gravatar.com\/avatar\/fde501377d5b06ef1fb158c1ea34fe2defd80fd9526b2263a81456023558c240?s=96&d=mm&r=g","caption":"RP CONSULTING Rafa\u0142 Pasterczyk"},"description":"Doradztwo biznesowe i outsourcing - us\u0142ugi doradcze w zakresie marketingu B2B, rozwoju eksportu oraz pozyskiwanie i rozliczanie dotacji na rozw\u00f3j eksportu i cyfryzacj\u0119. Ponad 100 skutecznie zrealizowanych projekt\u00f3w. Wiele z nich \u0142\u0105czy doradztwo w zakresie strategii internacjonalizacji ze skutecznym pozyskaniem dofinansowania na dzia\u0142ania na rynkach zagranicznych.","sameAs":["https:\/\/inteligentny-rozwoj.com.pl\/","https:\/\/www.facebook.com\/RPConsulting\/","https:\/\/www.instagram.com\/rpconsulting.pl\/","https:\/\/pl.linkedin.com\/company\/rp-consulting-rpc","https:\/\/www.youtube.com\/@RPCONSULTING-b2b"],"url":"https:\/\/inteligentny-rozwoj.com.pl\/index.php\/author\/rpconsulting\/"}]}},"uagb_featured_image_src":{"full":false,"thumbnail":false,"medium":false,"medium_large":false,"large":false,"1536x1536":false,"2048x2048":false,"post-thumbnail":false,"sow-carousel-default":false,"sow-blog-portfolio":false,"sow-blog-grid":false,"sow-blog-alternate":false},"uagb_author_info":{"display_name":"RP CONSULTING Rafa\u0142 Pasterczyk","author_link":"https:\/\/inteligentny-rozwoj.com.pl\/index.php\/author\/rpconsulting\/"},"uagb_comment_info":0,"uagb_excerpt":"V O&#347; priorytetowa PO IR &ndash; Pomoc techniczna stawia sobie za cel wsparcie skutecznej i efektywnej realizacji cel&oacute;w strategicznych programu poprzez zapewnienie wysokiego potencja&#322;u administracyjnego. Finansowaniem obj&#281;te zostan&#261; instytucje zarz&#261;dzaj&#261;ce i wdra&#380;aj&#261;ce, kluczowi beneficjenci oraz partnerzy wspieraj&#261;cy proces realizacji Programu Operacyjnego Inteligentny Rozw&oacute;j. V O&#347; priorytetowa PO IR, w odniesieniu do podmiot&oacute;w zarz&#261;dzaj&#261;cych i wdra&#380;aj&#261;cych&hellip;","_links":{"self":[{"href":"https:\/\/inteligentny-rozwoj.com.pl\/index.php\/wp-json\/wp\/v2\/pages\/143","targetHints":{"allow":["GET"]}}],"collection":[{"href":"https:\/\/inteligentny-rozwoj.com.pl\/index.php\/wp-json\/wp\/v2\/pages"}],"about":[{"href":"https:\/\/inteligentny-rozwoj.com.pl\/index.php\/wp-json\/wp\/v2\/types\/page"}],"author":[{"embeddable":true,"href":"https:\/\/inteligentny-rozwoj.com.pl\/index.php\/wp-json\/wp\/v2\/users\/1"}],"replies":[{"embeddable":true,"href":"https:\/\/inteligentny-rozwoj.com.pl\/index.php\/wp-json\/wp\/v2\/comments?post=143"}],"version-history":[{"count":12,"href":"https:\/\/inteligentny-rozwoj.com.pl\/index.php\/wp-json\/wp\/v2\/pages\/143\/revisions"}],"predecessor-version":[{"id":319,"href":"https:\/\/inteligentny-rozwoj.com.pl\/index.php\/wp-json\/wp\/v2\/pages\/143\/revisions\/319"}],"up":[{"embeddable":true,"href":"https:\/\/inteligentny-rozwoj.com.pl\/index.php\/wp-json\/wp\/v2\/pages\/136"}],"wp:attachment":[{"href":"https:\/\/inteligentny-rozwoj.com.pl\/index.php\/wp-json\/wp\/v2\/media?parent=143"}],"curies":[{"name":"wp","href":"https:\/\/api.w.org\/{rel}","templated":true}]}}