{"id":1470,"date":"2015-09-04T13:09:20","date_gmt":"2015-09-04T11:09:20","guid":{"rendered":"https:\/\/inteligentny-rozwoj.com.pl\/?page_id=1470"},"modified":"2015-09-04T13:57:51","modified_gmt":"2015-09-04T11:57:51","slug":"dzialanie-1-4-wsparcie-rozwoju-przedsiebiorczosci","status":"publish","type":"page","link":"https:\/\/inteligentny-rozwoj.com.pl\/index.php\/fundusze-europejskie-2014-2020\/regionalne-programy-operacyjne-2014-2020-rpo-2014-2020\/regionalny-program-operacyjny-wojewodztwa-kujawsko-pomorskiego-na-lata-2014-2020-rpo-wk-p\/dzialanie-1-4-wsparcie-rozwoju-przedsiebiorczosci\/","title":{"rendered":"Dzia\u0142anie 1.4 Wsparcie rozwoju przedsi\u0119biorczo\u015bci"},"content":{"rendered":"<p style=\"text-align: justify;\"><strong>Dzia\u0142anie 1.4 Wsparcie rozwoju przedsi\u0119biorczo\u015bci<\/strong> &#8211; Regionalny Program Operacyjny Wojew\u00f3dztwa Kujawsko-Pomorskiego na lata 2014-2020 (RPO WK-P) &#8211; realizowane jest w ramach Osi Priorytetowej 1. Wzmocnienie innowacyjno\u015bci i konkurencyjno\u015bci gospodarki regionu.<\/p>\n<p style=\"text-align: justify;\">Dzia\u0142anie 1.4 Wsparcie rozwoju przedsi\u0119biorczo\u015bci realizuje cel szczeg\u00f3\u0142owy 3. Lepsze warunki do rozwoju M\u015aP i obejmuje 3 poddzia\u0142ania:<\/p>\n<ul>\n<li><strong>Poddzia\u0142anie 1.4.1 Wsparcie rozwoju mikroprzedsi\u0119biorstw<\/strong>:<\/li>\n<\/ul>\n<p style=\"text-align: justify;\"><strong>Typy projekt\u00f3w<\/strong>: Po\u017cyczki dla mikroprzedsi\u0119biorstw.<\/p>\n<ul>\n<li><a title=\"Poddzia\u0142anie 1.4.2 Wsparcie M\u015aP poprzez instytucje otoczenia biznesu\" href=\"https:\/\/inteligentny-rozwoj.com.pl\/index.php\/fundusze-europejskie-2014-2020\/regionalne-programy-operacyjne-2014-2020-rpo-2014-2020\/regionalny-program-operacyjny-wojewodztwa-kujawsko-pomorskiego-na-lata-2014-2020-rpo-wk-p\/dzialanie-1-4-wsparcie-rozwoju-przedsiebiorczosci\/poddzialanie-1-4-2-wsparcie-msp-poprzez-instytucje-otoczenia-biznesu\/\" target=\"_blank\"><strong>Poddzia\u0142anie 1.4.2 Wsparcie M\u015aP poprzez instytucje otoczenia biznesu<\/strong><\/a><\/li>\n<\/ul>\n<p style=\"text-align: justify;\"><strong>Typy projekt\u00f3w<\/strong>:<\/p>\n<p style=\"text-align: justify;\">1. Budowa sieci wsp\u00f3\u0142pracy IOB dotycz\u0105cej innowacyjnej dzia\u0142alno\u015bci gospodarczej w celu \u015bwiadczenia zaawansowanych us\u0142ug dla M\u015aP<br \/>\n2. Wsp\u00f3lne przedsi\u0119wzi\u0119cia i tworzenie powi\u0105za\u0144 kooperacyjnych pomi\u0119dzy przedsi\u0119biorstwami.<br \/>\n3. Wsparcie infrastrukturalne i szkoleniowo-doradcze IOB w celu umo\u017cliwienia \u015bwiadczenia specjalistycznych us\u0142ug.<br \/>\n4. Projekt grantowy zak\u0142adaj\u0105cy wsparcie rozwoju przedsi\u0119biorstw, w szczeg\u00f3lno\u015bci w obszarze regionalnej inteligentnej specjalizacji, poprzez \u015bwiadczenie specjalistycznych us\u0142ug przez instytucje otoczenia biznesu.<br \/>\n5. Zakup specjalistycznych us\u0142ug przez M\u015aP<br \/>\n6. Opracowanie standard\u00f3w nowych us\u0142ug obejmuj\u0105ce testowanie us\u0142ug.<\/p>\n<ul>\n<li><strong>Poddzia\u0142anie 1.4.3 Rozw\u00f3j infrastruktury na rzecz rozwoju gospodarczego<\/strong>:<\/li>\n<\/ul>\n<p style=\"text-align: justify;\"><strong>Typy projekt\u00f3w<\/strong>:<\/p>\n<p style=\"text-align: justify;\">1. Projekty inwestycyjne dotycz\u0105ce kompleksowego przygotowania i uzbrojenia terenu przeznaczonego w miejscowym planie zagospodarowania przestrzennego pod dzia\u0142alno\u015b\u0107 gospodarcz\u0105.<br \/>\n2. Poszerzenie istniej\u0105cej strefy inwestycyjnej poprzez zakup i kompleksowe uzbrojenie nowych teren\u00f3w inwestycyjnych oraz uzbrojenie teren\u00f3w obecnej strefy aktywno\u015bci gospodarczej, w tym strefy aktywno\u015bci gospodarczej o charakterze parku technologicznego w infrastruktur\u0119 niezb\u0119dn\u0105 aby nowo przy\u0142\u0105czone tereny stanowi\u0142y funkcjonaln\u0105 ca\u0142o\u015b\u0107 z dotychczasowym obszarem strefy.<br \/>\n3. Przedsi\u0119wzi\u0119cia zwi\u0105zane z uporz\u0105dkowaniem i przygotowaniem teren\u00f3w w celu nadania im nowych funkcji gospodarczych (np.: obszary powojskowe, poprzemys\u0142owe, pokolejowe oraz popegeerowskie).<br \/>\n4. Tworzenie i rozw\u00f3j infrastruktury biznesowej np.: centra biznesowe, centra demonstracyjne, biura typu co-working space, fab labs, czy te\u017c living labs.<\/p>\n","protected":false},"excerpt":{"rendered":"<p>Dzia&#322;anie 1.4 Wsparcie rozwoju przedsi&#281;biorczo&#347;ci &ndash; Regionalny Program Operacyjny Wojew&oacute;dztwa Kujawsko-Pomorskiego na lata 2014-2020 (RPO WK-P) &ndash; realizowane jest w ramach Osi Priorytetowej 1. Wzmocnienie innowacyjno&#347;ci i konkurencyjno&#347;ci gospodarki regionu. Dzia&#322;anie 1.4 Wsparcie rozwoju przedsi&#281;biorczo&#347;ci realizuje cel szczeg&oacute;&#322;owy 3. Lepsze warunki do rozwoju M&#346;P i obejmuje 3 poddzia&#322;ania: Poddzia&#322;anie 1.4.1 Wsparcie rozwoju mikroprzedsi&#281;biorstw: Typy projekt&oacute;w: [&hellip;]<\/p>\n","protected":false},"author":1,"featured_media":0,"parent":908,"menu_order":4,"comment_status":"closed","ping_status":"closed","template":"page-templates\/full-width.php","meta":{"_crdt_document":"","content-type":"","_uag_custom_page_level_css":"","footnotes":""},"class_list":["post-1470","page","type-page","status-publish","hentry"],"yoast_head":"<!-- This site is optimized with the Yoast SEO plugin v27.3 - https:\/\/yoast.com\/product\/yoast-seo-wordpress\/ -->\n<title>Dzia\u0142anie 1.4 Wsparcie rozwoju przedsi\u0119biorczo\u015bci - RPO WK-P 2014-2020<\/title>\n<meta name=\"description\" content=\"Dzia\u0142anie 1.4 Wsparcie rozwoju przedsi\u0119biorczo\u015bci - Regionalny Program Operacyjny Wojew\u00f3dztwa Kujawsko-Pomorskiego na lata 2014-2020 (RPO WK-P)\" \/>\n<meta name=\"robots\" content=\"index, follow, max-snippet:-1, max-image-preview:large, max-video-preview:-1\" \/>\n<link rel=\"canonical\" href=\"https:\/\/inteligentny-rozwoj.com.pl\/index.php\/fundusze-europejskie-2014-2020\/regionalne-programy-operacyjne-2014-2020-rpo-2014-2020\/regionalny-program-operacyjny-wojewodztwa-kujawsko-pomorskiego-na-lata-2014-2020-rpo-wk-p\/dzialanie-1-4-wsparcie-rozwoju-przedsiebiorczosci\/\" \/>\n<meta property=\"og:locale\" content=\"pl_PL\" \/>\n<meta property=\"og:type\" content=\"article\" \/>\n<meta property=\"og:title\" content=\"Dzia\u0142anie 1.4 Wsparcie rozwoju przedsi\u0119biorczo\u015bci - RPO WK-P 2014-2020\" \/>\n<meta property=\"og:description\" content=\"Dzia\u0142anie 1.4 Wsparcie rozwoju przedsi\u0119biorczo\u015bci - Regionalny Program Operacyjny Wojew\u00f3dztwa Kujawsko-Pomorskiego na lata 2014-2020 (RPO WK-P)\" \/>\n<meta property=\"og:url\" content=\"https:\/\/inteligentny-rozwoj.com.pl\/index.php\/fundusze-europejskie-2014-2020\/regionalne-programy-operacyjne-2014-2020-rpo-2014-2020\/regionalny-program-operacyjny-wojewodztwa-kujawsko-pomorskiego-na-lata-2014-2020-rpo-wk-p\/dzialanie-1-4-wsparcie-rozwoju-przedsiebiorczosci\/\" \/>\n<meta property=\"og:site_name\" content=\"RP CONSULTING Rafa\u0142 Pasterczyk | marketing B2B, eksport, dotacje UE\" \/>\n<meta property=\"article:publisher\" content=\"https:\/\/www.facebook.com\/RPConsulting\" \/>\n<meta property=\"article:modified_time\" content=\"2015-09-04T11:57:51+00:00\" \/>\n<meta property=\"og:image\" content=\"https:\/\/inteligentny-rozwoj.com.pl\/wp-content\/uploads\/2021\/06\/rpc_logo_sq.png\" \/>\n\t<meta property=\"og:image:width\" content=\"350\" \/>\n\t<meta property=\"og:image:height\" content=\"300\" \/>\n\t<meta property=\"og:image:type\" content=\"image\/png\" \/>\n<meta name=\"twitter:card\" content=\"summary_large_image\" \/>\n<meta name=\"twitter:site\" content=\"@rp_consulting\" \/>\n<meta name=\"twitter:label1\" content=\"Szacowany czas czytania\" \/>\n\t<meta name=\"twitter:data1\" content=\"2 minuty\" \/>\n<script type=\"application\/ld+json\" class=\"yoast-schema-graph\">{\"@context\":\"https:\\\/\\\/schema.org\",\"@graph\":[{\"@type\":\"Article\",\"@id\":\"https:\\\/\\\/inteligentny-rozwoj.com.pl\\\/index.php\\\/fundusze-europejskie-2014-2020\\\/regionalne-programy-operacyjne-2014-2020-rpo-2014-2020\\\/regionalny-program-operacyjny-wojewodztwa-kujawsko-pomorskiego-na-lata-2014-2020-rpo-wk-p\\\/dzialanie-1-4-wsparcie-rozwoju-przedsiebiorczosci\\\/#article\",\"isPartOf\":{\"@id\":\"https:\\\/\\\/inteligentny-rozwoj.com.pl\\\/index.php\\\/fundusze-europejskie-2014-2020\\\/regionalne-programy-operacyjne-2014-2020-rpo-2014-2020\\\/regionalny-program-operacyjny-wojewodztwa-kujawsko-pomorskiego-na-lata-2014-2020-rpo-wk-p\\\/dzialanie-1-4-wsparcie-rozwoju-przedsiebiorczosci\\\/\"},\"author\":{\"name\":\"RP CONSULTING Rafa\u0142 Pasterczyk\",\"@id\":\"https:\\\/\\\/inteligentny-rozwoj.com.pl\\\/#\\\/schema\\\/person\\\/781a467e5e331ce384632759ecdba772\"},\"headline\":\"Dzia\u0142anie 1.4 Wsparcie rozwoju przedsi\u0119biorczo\u015bci\",\"datePublished\":\"2015-09-04T11:09:20+00:00\",\"dateModified\":\"2015-09-04T11:57:51+00:00\",\"mainEntityOfPage\":{\"@id\":\"https:\\\/\\\/inteligentny-rozwoj.com.pl\\\/index.php\\\/fundusze-europejskie-2014-2020\\\/regionalne-programy-operacyjne-2014-2020-rpo-2014-2020\\\/regionalny-program-operacyjny-wojewodztwa-kujawsko-pomorskiego-na-lata-2014-2020-rpo-wk-p\\\/dzialanie-1-4-wsparcie-rozwoju-przedsiebiorczosci\\\/\"},\"wordCount\":311,\"publisher\":{\"@id\":\"https:\\\/\\\/inteligentny-rozwoj.com.pl\\\/#organization\"},\"inLanguage\":\"pl-PL\"},{\"@type\":\"WebPage\",\"@id\":\"https:\\\/\\\/inteligentny-rozwoj.com.pl\\\/index.php\\\/fundusze-europejskie-2014-2020\\\/regionalne-programy-operacyjne-2014-2020-rpo-2014-2020\\\/regionalny-program-operacyjny-wojewodztwa-kujawsko-pomorskiego-na-lata-2014-2020-rpo-wk-p\\\/dzialanie-1-4-wsparcie-rozwoju-przedsiebiorczosci\\\/\",\"url\":\"https:\\\/\\\/inteligentny-rozwoj.com.pl\\\/index.php\\\/fundusze-europejskie-2014-2020\\\/regionalne-programy-operacyjne-2014-2020-rpo-2014-2020\\\/regionalny-program-operacyjny-wojewodztwa-kujawsko-pomorskiego-na-lata-2014-2020-rpo-wk-p\\\/dzialanie-1-4-wsparcie-rozwoju-przedsiebiorczosci\\\/\",\"name\":\"Dzia\u0142anie 1.4 Wsparcie rozwoju przedsi\u0119biorczo\u015bci - RPO WK-P 2014-2020\",\"isPartOf\":{\"@id\":\"https:\\\/\\\/inteligentny-rozwoj.com.pl\\\/#website\"},\"datePublished\":\"2015-09-04T11:09:20+00:00\",\"dateModified\":\"2015-09-04T11:57:51+00:00\",\"description\":\"Dzia\u0142anie 1.4 Wsparcie rozwoju przedsi\u0119biorczo\u015bci - Regionalny Program Operacyjny Wojew\u00f3dztwa Kujawsko-Pomorskiego na lata 2014-2020 (RPO WK-P)\",\"breadcrumb\":{\"@id\":\"https:\\\/\\\/inteligentny-rozwoj.com.pl\\\/index.php\\\/fundusze-europejskie-2014-2020\\\/regionalne-programy-operacyjne-2014-2020-rpo-2014-2020\\\/regionalny-program-operacyjny-wojewodztwa-kujawsko-pomorskiego-na-lata-2014-2020-rpo-wk-p\\\/dzialanie-1-4-wsparcie-rozwoju-przedsiebiorczosci\\\/#breadcrumb\"},\"inLanguage\":\"pl-PL\",\"potentialAction\":[{\"@type\":\"ReadAction\",\"target\":[\"https:\\\/\\\/inteligentny-rozwoj.com.pl\\\/index.php\\\/fundusze-europejskie-2014-2020\\\/regionalne-programy-operacyjne-2014-2020-rpo-2014-2020\\\/regionalny-program-operacyjny-wojewodztwa-kujawsko-pomorskiego-na-lata-2014-2020-rpo-wk-p\\\/dzialanie-1-4-wsparcie-rozwoju-przedsiebiorczosci\\\/\"]}]},{\"@type\":\"BreadcrumbList\",\"@id\":\"https:\\\/\\\/inteligentny-rozwoj.com.pl\\\/index.php\\\/fundusze-europejskie-2014-2020\\\/regionalne-programy-operacyjne-2014-2020-rpo-2014-2020\\\/regionalny-program-operacyjny-wojewodztwa-kujawsko-pomorskiego-na-lata-2014-2020-rpo-wk-p\\\/dzialanie-1-4-wsparcie-rozwoju-przedsiebiorczosci\\\/#breadcrumb\",\"itemListElement\":[{\"@type\":\"ListItem\",\"position\":1,\"name\":\"Fundusze 2014-2020\",\"item\":\"https:\\\/\\\/inteligentny-rozwoj.com.pl\\\/index.php\\\/fundusze-europejskie-2014-2020\\\/\"},{\"@type\":\"ListItem\",\"position\":2,\"name\":\"RPO 2014-2020\",\"item\":\"https:\\\/\\\/inteligentny-rozwoj.com.pl\\\/index.php\\\/fundusze-europejskie-2014-2020\\\/regionalne-programy-operacyjne-2014-2020-rpo-2014-2020\\\/\"},{\"@type\":\"ListItem\",\"position\":3,\"name\":\"RPO Kujawsko-Pomorskie\",\"item\":\"https:\\\/\\\/inteligentny-rozwoj.com.pl\\\/index.php\\\/fundusze-europejskie-2014-2020\\\/regionalne-programy-operacyjne-2014-2020-rpo-2014-2020\\\/regionalny-program-operacyjny-wojewodztwa-kujawsko-pomorskiego-na-lata-2014-2020-rpo-wk-p\\\/\"},{\"@type\":\"ListItem\",\"position\":4,\"name\":\"Dzia\u0142anie 1.4 Wsparcie rozwoju przedsi\u0119biorczo\u015bci\"}]},{\"@type\":\"WebSite\",\"@id\":\"https:\\\/\\\/inteligentny-rozwoj.com.pl\\\/#website\",\"url\":\"https:\\\/\\\/inteligentny-rozwoj.com.pl\\\/\",\"name\":\"RP CONSULTING Rafa\u0142 Pasterczyk | marketing B2B, eksport, dotacje UE\",\"description\":\"Tw\u00f3j partner w rozwoju biznesu - skuteczne doradztwo w marketingu B2B, rozwoju eksportu i pozyskiwaniu dotacji\",\"publisher\":{\"@id\":\"https:\\\/\\\/inteligentny-rozwoj.com.pl\\\/#organization\"},\"alternateName\":\"Rafa\u0142 Pasterczyk RP CONSULTING\",\"potentialAction\":[{\"@type\":\"SearchAction\",\"target\":{\"@type\":\"EntryPoint\",\"urlTemplate\":\"https:\\\/\\\/inteligentny-rozwoj.com.pl\\\/?s={search_term_string}\"},\"query-input\":{\"@type\":\"PropertyValueSpecification\",\"valueRequired\":true,\"valueName\":\"search_term_string\"}}],\"inLanguage\":\"pl-PL\"},{\"@type\":\"Organization\",\"@id\":\"https:\\\/\\\/inteligentny-rozwoj.com.pl\\\/#organization\",\"name\":\"RP CONSULTING Rafa\u0142 Pasterczyk\",\"alternateName\":\"Rafa\u0142 Pasterczyk RP CONSULTING\",\"url\":\"https:\\\/\\\/inteligentny-rozwoj.com.pl\\\/\",\"logo\":{\"@type\":\"ImageObject\",\"inLanguage\":\"pl-PL\",\"@id\":\"https:\\\/\\\/inteligentny-rozwoj.com.pl\\\/#\\\/schema\\\/logo\\\/image\\\/\",\"url\":\"https:\\\/\\\/inteligentny-rozwoj.com.pl\\\/wp-content\\\/uploads\\\/2019\\\/01\\\/cropped-rpc_logo_sq-e1546996617786.png\",\"contentUrl\":\"https:\\\/\\\/inteligentny-rozwoj.com.pl\\\/wp-content\\\/uploads\\\/2019\\\/01\\\/cropped-rpc_logo_sq-e1546996617786.png\",\"width\":512,\"height\":512,\"caption\":\"RP CONSULTING Rafa\u0142 Pasterczyk\"},\"image\":{\"@id\":\"https:\\\/\\\/inteligentny-rozwoj.com.pl\\\/#\\\/schema\\\/logo\\\/image\\\/\"},\"sameAs\":[\"https:\\\/\\\/www.facebook.com\\\/RPConsulting\",\"https:\\\/\\\/x.com\\\/rp_consulting\",\"https:\\\/\\\/www.instagram.com\\\/rpconsulting.pl\\\/\",\"https:\\\/\\\/pl.linkedin.com\\\/company\\\/rp-consulting-rpc\",\"https:\\\/\\\/www.linkedin.com\\\/in\\\/rafal-pasterczyk\\\/\"]},{\"@type\":\"Person\",\"@id\":\"https:\\\/\\\/inteligentny-rozwoj.com.pl\\\/#\\\/schema\\\/person\\\/781a467e5e331ce384632759ecdba772\",\"name\":\"RP CONSULTING Rafa\u0142 Pasterczyk\",\"image\":{\"@type\":\"ImageObject\",\"inLanguage\":\"pl-PL\",\"@id\":\"https:\\\/\\\/secure.gravatar.com\\\/avatar\\\/fde501377d5b06ef1fb158c1ea34fe2defd80fd9526b2263a81456023558c240?s=96&d=mm&r=g\",\"url\":\"https:\\\/\\\/secure.gravatar.com\\\/avatar\\\/fde501377d5b06ef1fb158c1ea34fe2defd80fd9526b2263a81456023558c240?s=96&d=mm&r=g\",\"contentUrl\":\"https:\\\/\\\/secure.gravatar.com\\\/avatar\\\/fde501377d5b06ef1fb158c1ea34fe2defd80fd9526b2263a81456023558c240?s=96&d=mm&r=g\",\"caption\":\"RP CONSULTING Rafa\u0142 Pasterczyk\"},\"description\":\"Doradztwo biznesowe i outsourcing - us\u0142ugi doradcze w zakresie marketingu B2B, rozwoju eksportu oraz pozyskiwanie i rozliczanie dotacji na rozw\u00f3j eksportu i cyfryzacj\u0119. Ponad 100 skutecznie zrealizowanych projekt\u00f3w. Wiele z nich \u0142\u0105czy doradztwo w zakresie strategii internacjonalizacji ze skutecznym pozyskaniem dofinansowania na dzia\u0142ania na rynkach zagranicznych.\",\"sameAs\":[\"https:\\\/\\\/inteligentny-rozwoj.com.pl\\\/\",\"https:\\\/\\\/www.facebook.com\\\/RPConsulting\\\/\",\"https:\\\/\\\/www.instagram.com\\\/rpconsulting.pl\\\/\",\"https:\\\/\\\/pl.linkedin.com\\\/company\\\/rp-consulting-rpc\",\"https:\\\/\\\/www.youtube.com\\\/@RPCONSULTING-b2b\"],\"url\":\"https:\\\/\\\/inteligentny-rozwoj.com.pl\\\/index.php\\\/author\\\/rpconsulting\\\/\"}]}<\/script>\n<!-- \/ Yoast SEO plugin. -->","yoast_head_json":{"title":"Dzia\u0142anie 1.4 Wsparcie rozwoju przedsi\u0119biorczo\u015bci - RPO WK-P 2014-2020","description":"Dzia\u0142anie 1.4 Wsparcie rozwoju przedsi\u0119biorczo\u015bci - Regionalny Program Operacyjny Wojew\u00f3dztwa Kujawsko-Pomorskiego na lata 2014-2020 (RPO WK-P)","robots":{"index":"index","follow":"follow","max-snippet":"max-snippet:-1","max-image-preview":"max-image-preview:large","max-video-preview":"max-video-preview:-1"},"canonical":"https:\/\/inteligentny-rozwoj.com.pl\/index.php\/fundusze-europejskie-2014-2020\/regionalne-programy-operacyjne-2014-2020-rpo-2014-2020\/regionalny-program-operacyjny-wojewodztwa-kujawsko-pomorskiego-na-lata-2014-2020-rpo-wk-p\/dzialanie-1-4-wsparcie-rozwoju-przedsiebiorczosci\/","og_locale":"pl_PL","og_type":"article","og_title":"Dzia\u0142anie 1.4 Wsparcie rozwoju przedsi\u0119biorczo\u015bci - RPO WK-P 2014-2020","og_description":"Dzia\u0142anie 1.4 Wsparcie rozwoju przedsi\u0119biorczo\u015bci - Regionalny Program Operacyjny Wojew\u00f3dztwa Kujawsko-Pomorskiego na lata 2014-2020 (RPO WK-P)","og_url":"https:\/\/inteligentny-rozwoj.com.pl\/index.php\/fundusze-europejskie-2014-2020\/regionalne-programy-operacyjne-2014-2020-rpo-2014-2020\/regionalny-program-operacyjny-wojewodztwa-kujawsko-pomorskiego-na-lata-2014-2020-rpo-wk-p\/dzialanie-1-4-wsparcie-rozwoju-przedsiebiorczosci\/","og_site_name":"RP CONSULTING Rafa\u0142 Pasterczyk | marketing B2B, eksport, dotacje UE","article_publisher":"https:\/\/www.facebook.com\/RPConsulting","article_modified_time":"2015-09-04T11:57:51+00:00","og_image":[{"width":350,"height":300,"url":"https:\/\/inteligentny-rozwoj.com.pl\/wp-content\/uploads\/2021\/06\/rpc_logo_sq.png","type":"image\/png"}],"twitter_card":"summary_large_image","twitter_site":"@rp_consulting","twitter_misc":{"Szacowany czas czytania":"2 minuty"},"schema":{"@context":"https:\/\/schema.org","@graph":[{"@type":"Article","@id":"https:\/\/inteligentny-rozwoj.com.pl\/index.php\/fundusze-europejskie-2014-2020\/regionalne-programy-operacyjne-2014-2020-rpo-2014-2020\/regionalny-program-operacyjny-wojewodztwa-kujawsko-pomorskiego-na-lata-2014-2020-rpo-wk-p\/dzialanie-1-4-wsparcie-rozwoju-przedsiebiorczosci\/#article","isPartOf":{"@id":"https:\/\/inteligentny-rozwoj.com.pl\/index.php\/fundusze-europejskie-2014-2020\/regionalne-programy-operacyjne-2014-2020-rpo-2014-2020\/regionalny-program-operacyjny-wojewodztwa-kujawsko-pomorskiego-na-lata-2014-2020-rpo-wk-p\/dzialanie-1-4-wsparcie-rozwoju-przedsiebiorczosci\/"},"author":{"name":"RP CONSULTING Rafa\u0142 Pasterczyk","@id":"https:\/\/inteligentny-rozwoj.com.pl\/#\/schema\/person\/781a467e5e331ce384632759ecdba772"},"headline":"Dzia\u0142anie 1.4 Wsparcie rozwoju przedsi\u0119biorczo\u015bci","datePublished":"2015-09-04T11:09:20+00:00","dateModified":"2015-09-04T11:57:51+00:00","mainEntityOfPage":{"@id":"https:\/\/inteligentny-rozwoj.com.pl\/index.php\/fundusze-europejskie-2014-2020\/regionalne-programy-operacyjne-2014-2020-rpo-2014-2020\/regionalny-program-operacyjny-wojewodztwa-kujawsko-pomorskiego-na-lata-2014-2020-rpo-wk-p\/dzialanie-1-4-wsparcie-rozwoju-przedsiebiorczosci\/"},"wordCount":311,"publisher":{"@id":"https:\/\/inteligentny-rozwoj.com.pl\/#organization"},"inLanguage":"pl-PL"},{"@type":"WebPage","@id":"https:\/\/inteligentny-rozwoj.com.pl\/index.php\/fundusze-europejskie-2014-2020\/regionalne-programy-operacyjne-2014-2020-rpo-2014-2020\/regionalny-program-operacyjny-wojewodztwa-kujawsko-pomorskiego-na-lata-2014-2020-rpo-wk-p\/dzialanie-1-4-wsparcie-rozwoju-przedsiebiorczosci\/","url":"https:\/\/inteligentny-rozwoj.com.pl\/index.php\/fundusze-europejskie-2014-2020\/regionalne-programy-operacyjne-2014-2020-rpo-2014-2020\/regionalny-program-operacyjny-wojewodztwa-kujawsko-pomorskiego-na-lata-2014-2020-rpo-wk-p\/dzialanie-1-4-wsparcie-rozwoju-przedsiebiorczosci\/","name":"Dzia\u0142anie 1.4 Wsparcie rozwoju przedsi\u0119biorczo\u015bci - RPO WK-P 2014-2020","isPartOf":{"@id":"https:\/\/inteligentny-rozwoj.com.pl\/#website"},"datePublished":"2015-09-04T11:09:20+00:00","dateModified":"2015-09-04T11:57:51+00:00","description":"Dzia\u0142anie 1.4 Wsparcie rozwoju przedsi\u0119biorczo\u015bci - Regionalny Program Operacyjny Wojew\u00f3dztwa Kujawsko-Pomorskiego na lata 2014-2020 (RPO WK-P)","breadcrumb":{"@id":"https:\/\/inteligentny-rozwoj.com.pl\/index.php\/fundusze-europejskie-2014-2020\/regionalne-programy-operacyjne-2014-2020-rpo-2014-2020\/regionalny-program-operacyjny-wojewodztwa-kujawsko-pomorskiego-na-lata-2014-2020-rpo-wk-p\/dzialanie-1-4-wsparcie-rozwoju-przedsiebiorczosci\/#breadcrumb"},"inLanguage":"pl-PL","potentialAction":[{"@type":"ReadAction","target":["https:\/\/inteligentny-rozwoj.com.pl\/index.php\/fundusze-europejskie-2014-2020\/regionalne-programy-operacyjne-2014-2020-rpo-2014-2020\/regionalny-program-operacyjny-wojewodztwa-kujawsko-pomorskiego-na-lata-2014-2020-rpo-wk-p\/dzialanie-1-4-wsparcie-rozwoju-przedsiebiorczosci\/"]}]},{"@type":"BreadcrumbList","@id":"https:\/\/inteligentny-rozwoj.com.pl\/index.php\/fundusze-europejskie-2014-2020\/regionalne-programy-operacyjne-2014-2020-rpo-2014-2020\/regionalny-program-operacyjny-wojewodztwa-kujawsko-pomorskiego-na-lata-2014-2020-rpo-wk-p\/dzialanie-1-4-wsparcie-rozwoju-przedsiebiorczosci\/#breadcrumb","itemListElement":[{"@type":"ListItem","position":1,"name":"Fundusze 2014-2020","item":"https:\/\/inteligentny-rozwoj.com.pl\/index.php\/fundusze-europejskie-2014-2020\/"},{"@type":"ListItem","position":2,"name":"RPO 2014-2020","item":"https:\/\/inteligentny-rozwoj.com.pl\/index.php\/fundusze-europejskie-2014-2020\/regionalne-programy-operacyjne-2014-2020-rpo-2014-2020\/"},{"@type":"ListItem","position":3,"name":"RPO Kujawsko-Pomorskie","item":"https:\/\/inteligentny-rozwoj.com.pl\/index.php\/fundusze-europejskie-2014-2020\/regionalne-programy-operacyjne-2014-2020-rpo-2014-2020\/regionalny-program-operacyjny-wojewodztwa-kujawsko-pomorskiego-na-lata-2014-2020-rpo-wk-p\/"},{"@type":"ListItem","position":4,"name":"Dzia\u0142anie 1.4 Wsparcie rozwoju przedsi\u0119biorczo\u015bci"}]},{"@type":"WebSite","@id":"https:\/\/inteligentny-rozwoj.com.pl\/#website","url":"https:\/\/inteligentny-rozwoj.com.pl\/","name":"RP CONSULTING Rafa\u0142 Pasterczyk | marketing B2B, eksport, dotacje UE","description":"Tw\u00f3j partner w rozwoju biznesu - skuteczne doradztwo w marketingu B2B, rozwoju eksportu i pozyskiwaniu dotacji","publisher":{"@id":"https:\/\/inteligentny-rozwoj.com.pl\/#organization"},"alternateName":"Rafa\u0142 Pasterczyk RP CONSULTING","potentialAction":[{"@type":"SearchAction","target":{"@type":"EntryPoint","urlTemplate":"https:\/\/inteligentny-rozwoj.com.pl\/?s={search_term_string}"},"query-input":{"@type":"PropertyValueSpecification","valueRequired":true,"valueName":"search_term_string"}}],"inLanguage":"pl-PL"},{"@type":"Organization","@id":"https:\/\/inteligentny-rozwoj.com.pl\/#organization","name":"RP CONSULTING Rafa\u0142 Pasterczyk","alternateName":"Rafa\u0142 Pasterczyk RP CONSULTING","url":"https:\/\/inteligentny-rozwoj.com.pl\/","logo":{"@type":"ImageObject","inLanguage":"pl-PL","@id":"https:\/\/inteligentny-rozwoj.com.pl\/#\/schema\/logo\/image\/","url":"https:\/\/inteligentny-rozwoj.com.pl\/wp-content\/uploads\/2019\/01\/cropped-rpc_logo_sq-e1546996617786.png","contentUrl":"https:\/\/inteligentny-rozwoj.com.pl\/wp-content\/uploads\/2019\/01\/cropped-rpc_logo_sq-e1546996617786.png","width":512,"height":512,"caption":"RP CONSULTING Rafa\u0142 Pasterczyk"},"image":{"@id":"https:\/\/inteligentny-rozwoj.com.pl\/#\/schema\/logo\/image\/"},"sameAs":["https:\/\/www.facebook.com\/RPConsulting","https:\/\/x.com\/rp_consulting","https:\/\/www.instagram.com\/rpconsulting.pl\/","https:\/\/pl.linkedin.com\/company\/rp-consulting-rpc","https:\/\/www.linkedin.com\/in\/rafal-pasterczyk\/"]},{"@type":"Person","@id":"https:\/\/inteligentny-rozwoj.com.pl\/#\/schema\/person\/781a467e5e331ce384632759ecdba772","name":"RP CONSULTING Rafa\u0142 Pasterczyk","image":{"@type":"ImageObject","inLanguage":"pl-PL","@id":"https:\/\/secure.gravatar.com\/avatar\/fde501377d5b06ef1fb158c1ea34fe2defd80fd9526b2263a81456023558c240?s=96&d=mm&r=g","url":"https:\/\/secure.gravatar.com\/avatar\/fde501377d5b06ef1fb158c1ea34fe2defd80fd9526b2263a81456023558c240?s=96&d=mm&r=g","contentUrl":"https:\/\/secure.gravatar.com\/avatar\/fde501377d5b06ef1fb158c1ea34fe2defd80fd9526b2263a81456023558c240?s=96&d=mm&r=g","caption":"RP CONSULTING Rafa\u0142 Pasterczyk"},"description":"Doradztwo biznesowe i outsourcing - us\u0142ugi doradcze w zakresie marketingu B2B, rozwoju eksportu oraz pozyskiwanie i rozliczanie dotacji na rozw\u00f3j eksportu i cyfryzacj\u0119. Ponad 100 skutecznie zrealizowanych projekt\u00f3w. Wiele z nich \u0142\u0105czy doradztwo w zakresie strategii internacjonalizacji ze skutecznym pozyskaniem dofinansowania na dzia\u0142ania na rynkach zagranicznych.","sameAs":["https:\/\/inteligentny-rozwoj.com.pl\/","https:\/\/www.facebook.com\/RPConsulting\/","https:\/\/www.instagram.com\/rpconsulting.pl\/","https:\/\/pl.linkedin.com\/company\/rp-consulting-rpc","https:\/\/www.youtube.com\/@RPCONSULTING-b2b"],"url":"https:\/\/inteligentny-rozwoj.com.pl\/index.php\/author\/rpconsulting\/"}]}},"uagb_featured_image_src":{"full":false,"thumbnail":false,"medium":false,"medium_large":false,"large":false,"1536x1536":false,"2048x2048":false,"post-thumbnail":false,"sow-carousel-default":false,"sow-blog-portfolio":false,"sow-blog-grid":false,"sow-blog-alternate":false},"uagb_author_info":{"display_name":"RP CONSULTING Rafa\u0142 Pasterczyk","author_link":"https:\/\/inteligentny-rozwoj.com.pl\/index.php\/author\/rpconsulting\/"},"uagb_comment_info":0,"uagb_excerpt":"Dzia&#322;anie 1.4 Wsparcie rozwoju przedsi&#281;biorczo&#347;ci &ndash; Regionalny Program Operacyjny Wojew&oacute;dztwa Kujawsko-Pomorskiego na lata 2014-2020 (RPO WK-P) &ndash; realizowane jest w ramach Osi Priorytetowej 1. Wzmocnienie innowacyjno&#347;ci i konkurencyjno&#347;ci gospodarki regionu. Dzia&#322;anie 1.4 Wsparcie rozwoju przedsi&#281;biorczo&#347;ci realizuje cel szczeg&oacute;&#322;owy 3. Lepsze warunki do rozwoju M&#346;P i obejmuje 3 poddzia&#322;ania: Poddzia&#322;anie 1.4.1 Wsparcie rozwoju mikroprzedsi&#281;biorstw: Typy projekt&oacute;w:&hellip;","_links":{"self":[{"href":"https:\/\/inteligentny-rozwoj.com.pl\/index.php\/wp-json\/wp\/v2\/pages\/1470","targetHints":{"allow":["GET"]}}],"collection":[{"href":"https:\/\/inteligentny-rozwoj.com.pl\/index.php\/wp-json\/wp\/v2\/pages"}],"about":[{"href":"https:\/\/inteligentny-rozwoj.com.pl\/index.php\/wp-json\/wp\/v2\/types\/page"}],"author":[{"embeddable":true,"href":"https:\/\/inteligentny-rozwoj.com.pl\/index.php\/wp-json\/wp\/v2\/users\/1"}],"replies":[{"embeddable":true,"href":"https:\/\/inteligentny-rozwoj.com.pl\/index.php\/wp-json\/wp\/v2\/comments?post=1470"}],"version-history":[{"count":3,"href":"https:\/\/inteligentny-rozwoj.com.pl\/index.php\/wp-json\/wp\/v2\/pages\/1470\/revisions"}],"predecessor-version":[{"id":1485,"href":"https:\/\/inteligentny-rozwoj.com.pl\/index.php\/wp-json\/wp\/v2\/pages\/1470\/revisions\/1485"}],"up":[{"embeddable":true,"href":"https:\/\/inteligentny-rozwoj.com.pl\/index.php\/wp-json\/wp\/v2\/pages\/908"}],"wp:attachment":[{"href":"https:\/\/inteligentny-rozwoj.com.pl\/index.php\/wp-json\/wp\/v2\/media?parent=1470"}],"curies":[{"name":"wp","href":"https:\/\/api.w.org\/{rel}","templated":true}]}}