{"id":1547,"date":"2015-09-25T20:58:10","date_gmt":"2015-09-25T18:58:10","guid":{"rendered":"https:\/\/inteligentny-rozwoj.com.pl\/?page_id=1547"},"modified":"2015-09-25T21:14:06","modified_gmt":"2015-09-25T19:14:06","slug":"dzialanie-1-4-wsparcie-msp","status":"publish","type":"page","link":"https:\/\/inteligentny-rozwoj.com.pl\/index.php\/fundusze-europejskie-2014-2020\/regionalne-programy-operacyjne-2014-2020-rpo-2014-2020\/regionalny-program-operacyjny-wojewodztwa-podkarpackiego-2014-2020-rpo-wp\/dzialanie-1-4-wsparcie-msp\/","title":{"rendered":"Dzia\u0142anie 1.4 Wsparcie M\u015aP"},"content":{"rendered":"<p style=\"text-align: justify;\"><b>Dzia\u0142anie 1.4 Wsparcie M\u015aP<\/b> &#8211; Regionalny Program Operacyjny Wojew\u00f3dztwa Podkarpackiego 2014-2020 (RPO WP) &#8211; realizowane jest w ramach Osi priorytetowej I. Konkurencyjna i innowacyjna gospodarka poprzez 2 poddzia\u0142ania:<\/p>\n<ul style=\"text-align: justify;\">\n<li><a title=\"Poddzia\u0142anie 1.4.1 dotacje bezpo\u015brednie\" href=\"https:\/\/inteligentny-rozwoj.com.pl\/index.php\/fundusze-europejskie-2014-2020\/regionalne-programy-operacyjne-2014-2020-rpo-2014-2020\/regionalny-program-operacyjny-wojewodztwa-podkarpackiego-2014-2020-rpo-wp\/dzialanie-1-4-wsparcie-msp\/poddzialanie-1-4-1-dotacje-bezposrednie\/\" target=\"_blank\"><strong>Poddzia\u0142anie 1.4.1 dotacje bezpo\u015brednie<\/strong><\/a><\/li>\n<li><strong>Poddzia\u0142anie 1.4.2 Instrumenty finansowe<\/strong><\/li>\n<\/ul>\n<p style=\"text-align: justify;\">Dzia\u0142anie 1.4 Wsparcie M\u015aP realizuje cel szczeg\u00f3\u0142owy: Ograniczony spadek udzia\u0142u przedsi\u0119biorstw innowacyjnych w og\u00f3lnej liczbie przedsi\u0119biorstw.<\/p>\n<p style=\"text-align: justify;\"><b>Lista wska\u017anik\u00f3w produktu<\/b>:<\/p>\n<p style=\"text-align: justify;\">Poddzia\u0142anie 1.4.1:<\/p>\n<ul style=\"text-align: justify;\">\n<li>Liczba przedsi\u0119biorstw otrzymuj\u0105cych wsparcie [szt.]<\/li>\n<\/ul>\n<ul style=\"text-align: justify;\">\n<li>Liczba przedsi\u0119biorstw otrzymuj\u0105cych dotacje [szt.].<\/li>\n<li>Liczba nowych wspieranych przedsi\u0119biorstw [szt.].<\/li>\n<li>Liczba przedsi\u0119biorstw obj\u0119tych wsparciem w celu wprowadzenia produkt\u00f3w nowych dla firmy [szt.].<\/li>\n<li>Liczba przedsi\u0119biorstw obj\u0119tych wsparciem w celu wprowadzenia produkt\u00f3w nowych dla rynku [szt.].<\/li>\n<li>Inwestycje prywatne uzupe\u0142niaj\u0105ce wsparcie publiczne dla przedsi\u0119biorstw (dotacje) [EUR].<\/li>\n<\/ul>\n<p style=\"text-align: justify;\">Poddzia\u0142anie 1.4.2:<\/p>\n<ul style=\"text-align: justify;\">\n<li>Liczba przedsi\u0119biorstw otrzymuj\u0105cych wsparcie [szt.]<\/li>\n<\/ul>\n<ul style=\"text-align: justify;\">\n<li>Liczba przedsi\u0119biorstw otrzymuj\u0105cych wsparcie finansowe inne ni\u017c dotacje [szt.]<\/li>\n<\/ul>\n<p style=\"text-align: justify;\"><strong>Tryby wyboru projekt\u00f3w<\/strong> oraz wskazanie podmiotu odpowiedzialnego za nab\u00f3r i ocen\u0119 wniosk\u00f3w oraz przyjmowanie protest\u00f3w:<\/p>\n<p style=\"text-align: justify;\">Projekty wybierane b\u0119d\u0105 trybie:<\/p>\n<ul style=\"text-align: justify;\">\n<li>typ 1 \u2013 konkursowym,<\/li>\n<li>typ 2 \u2013 konkursowym.<\/li>\n<\/ul>\n<p style=\"text-align: justify;\"><b>Podmiotem odpowiedzialnym za nab\u00f3r i ocen\u0119 wniosk\u00f3w<\/b> b\u0119dzie Departament Wspierania Przedsi\u0119biorczo\u015bci Urz\u0119du Marsza\u0142kowskiego Wojew\u00f3dztwa Podkarpackiego.<\/p>\n<p style=\"text-align: justify;\">Podmiotem odpowiedzialnym za przyjmowanie protest\u00f3w b\u0119dzie Departament Zarz\u0105dzania Regionalnym Programem Operacyjnym Urz\u0119du Marsza\u0142kowskiego Wojew\u00f3dztwa Podkarpackiego.<\/p>\n","protected":false},"excerpt":{"rendered":"<p>Dzia&#322;anie 1.4 Wsparcie M&#346;P &ndash; Regionalny Program Operacyjny Wojew&oacute;dztwa Podkarpackiego 2014-2020 (RPO WP) &ndash; realizowane jest w ramach Osi priorytetowej I. Konkurencyjna i innowacyjna gospodarka poprzez 2 poddzia&#322;ania: Poddzia&#322;anie 1.4.1 dotacje bezpo&#347;rednie Poddzia&#322;anie 1.4.2 Instrumenty finansowe Dzia&#322;anie 1.4 Wsparcie M&#346;P realizuje cel szczeg&oacute;&#322;owy: Ograniczony spadek udzia&#322;u przedsi&#281;biorstw innowacyjnych w og&oacute;lnej liczbie przedsi&#281;biorstw. Lista wska&#378;nik&oacute;w produktu: [&hellip;]<\/p>\n","protected":false},"author":1,"featured_media":0,"parent":858,"menu_order":4,"comment_status":"closed","ping_status":"closed","template":"page-templates\/full-width.php","meta":{"_crdt_document":"","content-type":"","_uag_custom_page_level_css":"","footnotes":""},"class_list":["post-1547","page","type-page","status-publish","hentry"],"yoast_head":"<!-- This site is optimized with the Yoast SEO plugin v27.3 - https:\/\/yoast.com\/product\/yoast-seo-wordpress\/ -->\n<title>Dzia\u0142anie 1.4 Wsparcie M\u015aP - Regionalny Program Operacyjny Wojew\u00f3dztwa Podkarpackiego 2014-2020 (RPO WP)<\/title>\n<meta name=\"description\" content=\"Dzia\u0142anie 1.4 Wsparcie M\u015aP - Regionalny Program Operacyjny Wojew\u00f3dztwa Podkarpackiego 2014-2020 (RPO WP) - wspiera inwestycje w M\u015aP.\" \/>\n<meta name=\"robots\" content=\"index, follow, max-snippet:-1, max-image-preview:large, max-video-preview:-1\" \/>\n<link rel=\"canonical\" href=\"https:\/\/inteligentny-rozwoj.com.pl\/index.php\/fundusze-europejskie-2014-2020\/regionalne-programy-operacyjne-2014-2020-rpo-2014-2020\/regionalny-program-operacyjny-wojewodztwa-podkarpackiego-2014-2020-rpo-wp\/dzialanie-1-4-wsparcie-msp\/\" \/>\n<meta property=\"og:locale\" content=\"pl_PL\" \/>\n<meta property=\"og:type\" content=\"article\" \/>\n<meta property=\"og:title\" content=\"Dzia\u0142anie 1.4 Wsparcie M\u015aP - Regionalny Program Operacyjny Wojew\u00f3dztwa Podkarpackiego 2014-2020 (RPO WP)\" \/>\n<meta property=\"og:description\" content=\"Dzia\u0142anie 1.4 Wsparcie M\u015aP - Regionalny Program Operacyjny Wojew\u00f3dztwa Podkarpackiego 2014-2020 (RPO WP) - wspiera inwestycje w M\u015aP.\" \/>\n<meta property=\"og:url\" content=\"https:\/\/inteligentny-rozwoj.com.pl\/index.php\/fundusze-europejskie-2014-2020\/regionalne-programy-operacyjne-2014-2020-rpo-2014-2020\/regionalny-program-operacyjny-wojewodztwa-podkarpackiego-2014-2020-rpo-wp\/dzialanie-1-4-wsparcie-msp\/\" \/>\n<meta property=\"og:site_name\" content=\"RP CONSULTING Rafa\u0142 Pasterczyk | marketing B2B, eksport, dotacje UE\" \/>\n<meta property=\"article:publisher\" content=\"https:\/\/www.facebook.com\/RPConsulting\" \/>\n<meta property=\"article:modified_time\" content=\"2015-09-25T19:14:06+00:00\" \/>\n<meta property=\"og:image\" content=\"https:\/\/inteligentny-rozwoj.com.pl\/wp-content\/uploads\/2021\/06\/rpc_logo_sq.png\" \/>\n\t<meta property=\"og:image:width\" content=\"350\" \/>\n\t<meta property=\"og:image:height\" content=\"300\" \/>\n\t<meta property=\"og:image:type\" content=\"image\/png\" \/>\n<meta name=\"twitter:card\" content=\"summary_large_image\" \/>\n<meta name=\"twitter:site\" content=\"@rp_consulting\" \/>\n<meta name=\"twitter:label1\" content=\"Szacowany czas czytania\" \/>\n\t<meta name=\"twitter:data1\" content=\"1 minuta\" \/>\n<script type=\"application\/ld+json\" class=\"yoast-schema-graph\">{\"@context\":\"https:\\\/\\\/schema.org\",\"@graph\":[{\"@type\":\"Article\",\"@id\":\"https:\\\/\\\/inteligentny-rozwoj.com.pl\\\/index.php\\\/fundusze-europejskie-2014-2020\\\/regionalne-programy-operacyjne-2014-2020-rpo-2014-2020\\\/regionalny-program-operacyjny-wojewodztwa-podkarpackiego-2014-2020-rpo-wp\\\/dzialanie-1-4-wsparcie-msp\\\/#article\",\"isPartOf\":{\"@id\":\"https:\\\/\\\/inteligentny-rozwoj.com.pl\\\/index.php\\\/fundusze-europejskie-2014-2020\\\/regionalne-programy-operacyjne-2014-2020-rpo-2014-2020\\\/regionalny-program-operacyjny-wojewodztwa-podkarpackiego-2014-2020-rpo-wp\\\/dzialanie-1-4-wsparcie-msp\\\/\"},\"author\":{\"name\":\"RP CONSULTING Rafa\u0142 Pasterczyk\",\"@id\":\"https:\\\/\\\/inteligentny-rozwoj.com.pl\\\/#\\\/schema\\\/person\\\/781a467e5e331ce384632759ecdba772\"},\"headline\":\"Dzia\u0142anie 1.4 Wsparcie M\u015aP\",\"datePublished\":\"2015-09-25T18:58:10+00:00\",\"dateModified\":\"2015-09-25T19:14:06+00:00\",\"mainEntityOfPage\":{\"@id\":\"https:\\\/\\\/inteligentny-rozwoj.com.pl\\\/index.php\\\/fundusze-europejskie-2014-2020\\\/regionalne-programy-operacyjne-2014-2020-rpo-2014-2020\\\/regionalny-program-operacyjny-wojewodztwa-podkarpackiego-2014-2020-rpo-wp\\\/dzialanie-1-4-wsparcie-msp\\\/\"},\"wordCount\":227,\"publisher\":{\"@id\":\"https:\\\/\\\/inteligentny-rozwoj.com.pl\\\/#organization\"},\"inLanguage\":\"pl-PL\"},{\"@type\":\"WebPage\",\"@id\":\"https:\\\/\\\/inteligentny-rozwoj.com.pl\\\/index.php\\\/fundusze-europejskie-2014-2020\\\/regionalne-programy-operacyjne-2014-2020-rpo-2014-2020\\\/regionalny-program-operacyjny-wojewodztwa-podkarpackiego-2014-2020-rpo-wp\\\/dzialanie-1-4-wsparcie-msp\\\/\",\"url\":\"https:\\\/\\\/inteligentny-rozwoj.com.pl\\\/index.php\\\/fundusze-europejskie-2014-2020\\\/regionalne-programy-operacyjne-2014-2020-rpo-2014-2020\\\/regionalny-program-operacyjny-wojewodztwa-podkarpackiego-2014-2020-rpo-wp\\\/dzialanie-1-4-wsparcie-msp\\\/\",\"name\":\"Dzia\u0142anie 1.4 Wsparcie M\u015aP - Regionalny Program Operacyjny Wojew\u00f3dztwa Podkarpackiego 2014-2020 (RPO WP)\",\"isPartOf\":{\"@id\":\"https:\\\/\\\/inteligentny-rozwoj.com.pl\\\/#website\"},\"datePublished\":\"2015-09-25T18:58:10+00:00\",\"dateModified\":\"2015-09-25T19:14:06+00:00\",\"description\":\"Dzia\u0142anie 1.4 Wsparcie M\u015aP - Regionalny Program Operacyjny Wojew\u00f3dztwa Podkarpackiego 2014-2020 (RPO WP) - wspiera inwestycje w M\u015aP.\",\"breadcrumb\":{\"@id\":\"https:\\\/\\\/inteligentny-rozwoj.com.pl\\\/index.php\\\/fundusze-europejskie-2014-2020\\\/regionalne-programy-operacyjne-2014-2020-rpo-2014-2020\\\/regionalny-program-operacyjny-wojewodztwa-podkarpackiego-2014-2020-rpo-wp\\\/dzialanie-1-4-wsparcie-msp\\\/#breadcrumb\"},\"inLanguage\":\"pl-PL\",\"potentialAction\":[{\"@type\":\"ReadAction\",\"target\":[\"https:\\\/\\\/inteligentny-rozwoj.com.pl\\\/index.php\\\/fundusze-europejskie-2014-2020\\\/regionalne-programy-operacyjne-2014-2020-rpo-2014-2020\\\/regionalny-program-operacyjny-wojewodztwa-podkarpackiego-2014-2020-rpo-wp\\\/dzialanie-1-4-wsparcie-msp\\\/\"]}]},{\"@type\":\"BreadcrumbList\",\"@id\":\"https:\\\/\\\/inteligentny-rozwoj.com.pl\\\/index.php\\\/fundusze-europejskie-2014-2020\\\/regionalne-programy-operacyjne-2014-2020-rpo-2014-2020\\\/regionalny-program-operacyjny-wojewodztwa-podkarpackiego-2014-2020-rpo-wp\\\/dzialanie-1-4-wsparcie-msp\\\/#breadcrumb\",\"itemListElement\":[{\"@type\":\"ListItem\",\"position\":1,\"name\":\"Fundusze 2014-2020\",\"item\":\"https:\\\/\\\/inteligentny-rozwoj.com.pl\\\/index.php\\\/fundusze-europejskie-2014-2020\\\/\"},{\"@type\":\"ListItem\",\"position\":2,\"name\":\"RPO 2014-2020\",\"item\":\"https:\\\/\\\/inteligentny-rozwoj.com.pl\\\/index.php\\\/fundusze-europejskie-2014-2020\\\/regionalne-programy-operacyjne-2014-2020-rpo-2014-2020\\\/\"},{\"@type\":\"ListItem\",\"position\":3,\"name\":\"RPO Podkarpackie\",\"item\":\"https:\\\/\\\/inteligentny-rozwoj.com.pl\\\/index.php\\\/fundusze-europejskie-2014-2020\\\/regionalne-programy-operacyjne-2014-2020-rpo-2014-2020\\\/regionalny-program-operacyjny-wojewodztwa-podkarpackiego-2014-2020-rpo-wp\\\/\"},{\"@type\":\"ListItem\",\"position\":4,\"name\":\"Dzia\u0142anie 1.4 Wsparcie M\u015aP\"}]},{\"@type\":\"WebSite\",\"@id\":\"https:\\\/\\\/inteligentny-rozwoj.com.pl\\\/#website\",\"url\":\"https:\\\/\\\/inteligentny-rozwoj.com.pl\\\/\",\"name\":\"RP CONSULTING Rafa\u0142 Pasterczyk | marketing B2B, eksport, dotacje UE\",\"description\":\"Tw\u00f3j partner w rozwoju biznesu - skuteczne doradztwo w marketingu B2B, rozwoju eksportu i pozyskiwaniu dotacji\",\"publisher\":{\"@id\":\"https:\\\/\\\/inteligentny-rozwoj.com.pl\\\/#organization\"},\"alternateName\":\"Rafa\u0142 Pasterczyk RP CONSULTING\",\"potentialAction\":[{\"@type\":\"SearchAction\",\"target\":{\"@type\":\"EntryPoint\",\"urlTemplate\":\"https:\\\/\\\/inteligentny-rozwoj.com.pl\\\/?s={search_term_string}\"},\"query-input\":{\"@type\":\"PropertyValueSpecification\",\"valueRequired\":true,\"valueName\":\"search_term_string\"}}],\"inLanguage\":\"pl-PL\"},{\"@type\":\"Organization\",\"@id\":\"https:\\\/\\\/inteligentny-rozwoj.com.pl\\\/#organization\",\"name\":\"RP CONSULTING Rafa\u0142 Pasterczyk\",\"alternateName\":\"Rafa\u0142 Pasterczyk RP CONSULTING\",\"url\":\"https:\\\/\\\/inteligentny-rozwoj.com.pl\\\/\",\"logo\":{\"@type\":\"ImageObject\",\"inLanguage\":\"pl-PL\",\"@id\":\"https:\\\/\\\/inteligentny-rozwoj.com.pl\\\/#\\\/schema\\\/logo\\\/image\\\/\",\"url\":\"https:\\\/\\\/inteligentny-rozwoj.com.pl\\\/wp-content\\\/uploads\\\/2019\\\/01\\\/cropped-rpc_logo_sq-e1546996617786.png\",\"contentUrl\":\"https:\\\/\\\/inteligentny-rozwoj.com.pl\\\/wp-content\\\/uploads\\\/2019\\\/01\\\/cropped-rpc_logo_sq-e1546996617786.png\",\"width\":512,\"height\":512,\"caption\":\"RP CONSULTING Rafa\u0142 Pasterczyk\"},\"image\":{\"@id\":\"https:\\\/\\\/inteligentny-rozwoj.com.pl\\\/#\\\/schema\\\/logo\\\/image\\\/\"},\"sameAs\":[\"https:\\\/\\\/www.facebook.com\\\/RPConsulting\",\"https:\\\/\\\/x.com\\\/rp_consulting\",\"https:\\\/\\\/www.instagram.com\\\/rpconsulting.pl\\\/\",\"https:\\\/\\\/pl.linkedin.com\\\/company\\\/rp-consulting-rpc\",\"https:\\\/\\\/www.linkedin.com\\\/in\\\/rafal-pasterczyk\\\/\"]},{\"@type\":\"Person\",\"@id\":\"https:\\\/\\\/inteligentny-rozwoj.com.pl\\\/#\\\/schema\\\/person\\\/781a467e5e331ce384632759ecdba772\",\"name\":\"RP CONSULTING Rafa\u0142 Pasterczyk\",\"image\":{\"@type\":\"ImageObject\",\"inLanguage\":\"pl-PL\",\"@id\":\"https:\\\/\\\/secure.gravatar.com\\\/avatar\\\/fde501377d5b06ef1fb158c1ea34fe2defd80fd9526b2263a81456023558c240?s=96&d=mm&r=g\",\"url\":\"https:\\\/\\\/secure.gravatar.com\\\/avatar\\\/fde501377d5b06ef1fb158c1ea34fe2defd80fd9526b2263a81456023558c240?s=96&d=mm&r=g\",\"contentUrl\":\"https:\\\/\\\/secure.gravatar.com\\\/avatar\\\/fde501377d5b06ef1fb158c1ea34fe2defd80fd9526b2263a81456023558c240?s=96&d=mm&r=g\",\"caption\":\"RP CONSULTING Rafa\u0142 Pasterczyk\"},\"description\":\"Doradztwo biznesowe i outsourcing - us\u0142ugi doradcze w zakresie marketingu B2B, rozwoju eksportu oraz pozyskiwanie i rozliczanie dotacji na rozw\u00f3j eksportu i cyfryzacj\u0119. Ponad 100 skutecznie zrealizowanych projekt\u00f3w. Wiele z nich \u0142\u0105czy doradztwo w zakresie strategii internacjonalizacji ze skutecznym pozyskaniem dofinansowania na dzia\u0142ania na rynkach zagranicznych.\",\"sameAs\":[\"https:\\\/\\\/inteligentny-rozwoj.com.pl\\\/\",\"https:\\\/\\\/www.facebook.com\\\/RPConsulting\\\/\",\"https:\\\/\\\/www.instagram.com\\\/rpconsulting.pl\\\/\",\"https:\\\/\\\/pl.linkedin.com\\\/company\\\/rp-consulting-rpc\",\"https:\\\/\\\/www.youtube.com\\\/@RPCONSULTING-b2b\"],\"url\":\"https:\\\/\\\/inteligentny-rozwoj.com.pl\\\/index.php\\\/author\\\/rpconsulting\\\/\"}]}<\/script>\n<!-- \/ Yoast SEO plugin. -->","yoast_head_json":{"title":"Dzia\u0142anie 1.4 Wsparcie M\u015aP - Regionalny Program Operacyjny Wojew\u00f3dztwa Podkarpackiego 2014-2020 (RPO WP)","description":"Dzia\u0142anie 1.4 Wsparcie M\u015aP - Regionalny Program Operacyjny Wojew\u00f3dztwa Podkarpackiego 2014-2020 (RPO WP) - wspiera inwestycje w M\u015aP.","robots":{"index":"index","follow":"follow","max-snippet":"max-snippet:-1","max-image-preview":"max-image-preview:large","max-video-preview":"max-video-preview:-1"},"canonical":"https:\/\/inteligentny-rozwoj.com.pl\/index.php\/fundusze-europejskie-2014-2020\/regionalne-programy-operacyjne-2014-2020-rpo-2014-2020\/regionalny-program-operacyjny-wojewodztwa-podkarpackiego-2014-2020-rpo-wp\/dzialanie-1-4-wsparcie-msp\/","og_locale":"pl_PL","og_type":"article","og_title":"Dzia\u0142anie 1.4 Wsparcie M\u015aP - Regionalny Program Operacyjny Wojew\u00f3dztwa Podkarpackiego 2014-2020 (RPO WP)","og_description":"Dzia\u0142anie 1.4 Wsparcie M\u015aP - Regionalny Program Operacyjny Wojew\u00f3dztwa Podkarpackiego 2014-2020 (RPO WP) - wspiera inwestycje w M\u015aP.","og_url":"https:\/\/inteligentny-rozwoj.com.pl\/index.php\/fundusze-europejskie-2014-2020\/regionalne-programy-operacyjne-2014-2020-rpo-2014-2020\/regionalny-program-operacyjny-wojewodztwa-podkarpackiego-2014-2020-rpo-wp\/dzialanie-1-4-wsparcie-msp\/","og_site_name":"RP CONSULTING Rafa\u0142 Pasterczyk | marketing B2B, eksport, dotacje UE","article_publisher":"https:\/\/www.facebook.com\/RPConsulting","article_modified_time":"2015-09-25T19:14:06+00:00","og_image":[{"width":350,"height":300,"url":"https:\/\/inteligentny-rozwoj.com.pl\/wp-content\/uploads\/2021\/06\/rpc_logo_sq.png","type":"image\/png"}],"twitter_card":"summary_large_image","twitter_site":"@rp_consulting","twitter_misc":{"Szacowany czas czytania":"1 minuta"},"schema":{"@context":"https:\/\/schema.org","@graph":[{"@type":"Article","@id":"https:\/\/inteligentny-rozwoj.com.pl\/index.php\/fundusze-europejskie-2014-2020\/regionalne-programy-operacyjne-2014-2020-rpo-2014-2020\/regionalny-program-operacyjny-wojewodztwa-podkarpackiego-2014-2020-rpo-wp\/dzialanie-1-4-wsparcie-msp\/#article","isPartOf":{"@id":"https:\/\/inteligentny-rozwoj.com.pl\/index.php\/fundusze-europejskie-2014-2020\/regionalne-programy-operacyjne-2014-2020-rpo-2014-2020\/regionalny-program-operacyjny-wojewodztwa-podkarpackiego-2014-2020-rpo-wp\/dzialanie-1-4-wsparcie-msp\/"},"author":{"name":"RP CONSULTING Rafa\u0142 Pasterczyk","@id":"https:\/\/inteligentny-rozwoj.com.pl\/#\/schema\/person\/781a467e5e331ce384632759ecdba772"},"headline":"Dzia\u0142anie 1.4 Wsparcie M\u015aP","datePublished":"2015-09-25T18:58:10+00:00","dateModified":"2015-09-25T19:14:06+00:00","mainEntityOfPage":{"@id":"https:\/\/inteligentny-rozwoj.com.pl\/index.php\/fundusze-europejskie-2014-2020\/regionalne-programy-operacyjne-2014-2020-rpo-2014-2020\/regionalny-program-operacyjny-wojewodztwa-podkarpackiego-2014-2020-rpo-wp\/dzialanie-1-4-wsparcie-msp\/"},"wordCount":227,"publisher":{"@id":"https:\/\/inteligentny-rozwoj.com.pl\/#organization"},"inLanguage":"pl-PL"},{"@type":"WebPage","@id":"https:\/\/inteligentny-rozwoj.com.pl\/index.php\/fundusze-europejskie-2014-2020\/regionalne-programy-operacyjne-2014-2020-rpo-2014-2020\/regionalny-program-operacyjny-wojewodztwa-podkarpackiego-2014-2020-rpo-wp\/dzialanie-1-4-wsparcie-msp\/","url":"https:\/\/inteligentny-rozwoj.com.pl\/index.php\/fundusze-europejskie-2014-2020\/regionalne-programy-operacyjne-2014-2020-rpo-2014-2020\/regionalny-program-operacyjny-wojewodztwa-podkarpackiego-2014-2020-rpo-wp\/dzialanie-1-4-wsparcie-msp\/","name":"Dzia\u0142anie 1.4 Wsparcie M\u015aP - Regionalny Program Operacyjny Wojew\u00f3dztwa Podkarpackiego 2014-2020 (RPO WP)","isPartOf":{"@id":"https:\/\/inteligentny-rozwoj.com.pl\/#website"},"datePublished":"2015-09-25T18:58:10+00:00","dateModified":"2015-09-25T19:14:06+00:00","description":"Dzia\u0142anie 1.4 Wsparcie M\u015aP - Regionalny Program Operacyjny Wojew\u00f3dztwa Podkarpackiego 2014-2020 (RPO WP) - wspiera inwestycje w M\u015aP.","breadcrumb":{"@id":"https:\/\/inteligentny-rozwoj.com.pl\/index.php\/fundusze-europejskie-2014-2020\/regionalne-programy-operacyjne-2014-2020-rpo-2014-2020\/regionalny-program-operacyjny-wojewodztwa-podkarpackiego-2014-2020-rpo-wp\/dzialanie-1-4-wsparcie-msp\/#breadcrumb"},"inLanguage":"pl-PL","potentialAction":[{"@type":"ReadAction","target":["https:\/\/inteligentny-rozwoj.com.pl\/index.php\/fundusze-europejskie-2014-2020\/regionalne-programy-operacyjne-2014-2020-rpo-2014-2020\/regionalny-program-operacyjny-wojewodztwa-podkarpackiego-2014-2020-rpo-wp\/dzialanie-1-4-wsparcie-msp\/"]}]},{"@type":"BreadcrumbList","@id":"https:\/\/inteligentny-rozwoj.com.pl\/index.php\/fundusze-europejskie-2014-2020\/regionalne-programy-operacyjne-2014-2020-rpo-2014-2020\/regionalny-program-operacyjny-wojewodztwa-podkarpackiego-2014-2020-rpo-wp\/dzialanie-1-4-wsparcie-msp\/#breadcrumb","itemListElement":[{"@type":"ListItem","position":1,"name":"Fundusze 2014-2020","item":"https:\/\/inteligentny-rozwoj.com.pl\/index.php\/fundusze-europejskie-2014-2020\/"},{"@type":"ListItem","position":2,"name":"RPO 2014-2020","item":"https:\/\/inteligentny-rozwoj.com.pl\/index.php\/fundusze-europejskie-2014-2020\/regionalne-programy-operacyjne-2014-2020-rpo-2014-2020\/"},{"@type":"ListItem","position":3,"name":"RPO Podkarpackie","item":"https:\/\/inteligentny-rozwoj.com.pl\/index.php\/fundusze-europejskie-2014-2020\/regionalne-programy-operacyjne-2014-2020-rpo-2014-2020\/regionalny-program-operacyjny-wojewodztwa-podkarpackiego-2014-2020-rpo-wp\/"},{"@type":"ListItem","position":4,"name":"Dzia\u0142anie 1.4 Wsparcie M\u015aP"}]},{"@type":"WebSite","@id":"https:\/\/inteligentny-rozwoj.com.pl\/#website","url":"https:\/\/inteligentny-rozwoj.com.pl\/","name":"RP CONSULTING Rafa\u0142 Pasterczyk | marketing B2B, eksport, dotacje UE","description":"Tw\u00f3j partner w rozwoju biznesu - skuteczne doradztwo w marketingu B2B, rozwoju eksportu i pozyskiwaniu dotacji","publisher":{"@id":"https:\/\/inteligentny-rozwoj.com.pl\/#organization"},"alternateName":"Rafa\u0142 Pasterczyk RP CONSULTING","potentialAction":[{"@type":"SearchAction","target":{"@type":"EntryPoint","urlTemplate":"https:\/\/inteligentny-rozwoj.com.pl\/?s={search_term_string}"},"query-input":{"@type":"PropertyValueSpecification","valueRequired":true,"valueName":"search_term_string"}}],"inLanguage":"pl-PL"},{"@type":"Organization","@id":"https:\/\/inteligentny-rozwoj.com.pl\/#organization","name":"RP CONSULTING Rafa\u0142 Pasterczyk","alternateName":"Rafa\u0142 Pasterczyk RP CONSULTING","url":"https:\/\/inteligentny-rozwoj.com.pl\/","logo":{"@type":"ImageObject","inLanguage":"pl-PL","@id":"https:\/\/inteligentny-rozwoj.com.pl\/#\/schema\/logo\/image\/","url":"https:\/\/inteligentny-rozwoj.com.pl\/wp-content\/uploads\/2019\/01\/cropped-rpc_logo_sq-e1546996617786.png","contentUrl":"https:\/\/inteligentny-rozwoj.com.pl\/wp-content\/uploads\/2019\/01\/cropped-rpc_logo_sq-e1546996617786.png","width":512,"height":512,"caption":"RP CONSULTING Rafa\u0142 Pasterczyk"},"image":{"@id":"https:\/\/inteligentny-rozwoj.com.pl\/#\/schema\/logo\/image\/"},"sameAs":["https:\/\/www.facebook.com\/RPConsulting","https:\/\/x.com\/rp_consulting","https:\/\/www.instagram.com\/rpconsulting.pl\/","https:\/\/pl.linkedin.com\/company\/rp-consulting-rpc","https:\/\/www.linkedin.com\/in\/rafal-pasterczyk\/"]},{"@type":"Person","@id":"https:\/\/inteligentny-rozwoj.com.pl\/#\/schema\/person\/781a467e5e331ce384632759ecdba772","name":"RP CONSULTING Rafa\u0142 Pasterczyk","image":{"@type":"ImageObject","inLanguage":"pl-PL","@id":"https:\/\/secure.gravatar.com\/avatar\/fde501377d5b06ef1fb158c1ea34fe2defd80fd9526b2263a81456023558c240?s=96&d=mm&r=g","url":"https:\/\/secure.gravatar.com\/avatar\/fde501377d5b06ef1fb158c1ea34fe2defd80fd9526b2263a81456023558c240?s=96&d=mm&r=g","contentUrl":"https:\/\/secure.gravatar.com\/avatar\/fde501377d5b06ef1fb158c1ea34fe2defd80fd9526b2263a81456023558c240?s=96&d=mm&r=g","caption":"RP CONSULTING Rafa\u0142 Pasterczyk"},"description":"Doradztwo biznesowe i outsourcing - us\u0142ugi doradcze w zakresie marketingu B2B, rozwoju eksportu oraz pozyskiwanie i rozliczanie dotacji na rozw\u00f3j eksportu i cyfryzacj\u0119. Ponad 100 skutecznie zrealizowanych projekt\u00f3w. Wiele z nich \u0142\u0105czy doradztwo w zakresie strategii internacjonalizacji ze skutecznym pozyskaniem dofinansowania na dzia\u0142ania na rynkach zagranicznych.","sameAs":["https:\/\/inteligentny-rozwoj.com.pl\/","https:\/\/www.facebook.com\/RPConsulting\/","https:\/\/www.instagram.com\/rpconsulting.pl\/","https:\/\/pl.linkedin.com\/company\/rp-consulting-rpc","https:\/\/www.youtube.com\/@RPCONSULTING-b2b"],"url":"https:\/\/inteligentny-rozwoj.com.pl\/index.php\/author\/rpconsulting\/"}]}},"uagb_featured_image_src":{"full":false,"thumbnail":false,"medium":false,"medium_large":false,"large":false,"1536x1536":false,"2048x2048":false,"post-thumbnail":false,"sow-carousel-default":false,"sow-blog-portfolio":false,"sow-blog-grid":false,"sow-blog-alternate":false},"uagb_author_info":{"display_name":"RP CONSULTING Rafa\u0142 Pasterczyk","author_link":"https:\/\/inteligentny-rozwoj.com.pl\/index.php\/author\/rpconsulting\/"},"uagb_comment_info":0,"uagb_excerpt":"Dzia&#322;anie 1.4 Wsparcie M&#346;P &ndash; Regionalny Program Operacyjny Wojew&oacute;dztwa Podkarpackiego 2014-2020 (RPO WP) &ndash; realizowane jest w ramach Osi priorytetowej I. Konkurencyjna i innowacyjna gospodarka poprzez 2 poddzia&#322;ania: Poddzia&#322;anie 1.4.1 dotacje bezpo&#347;rednie Poddzia&#322;anie 1.4.2 Instrumenty finansowe Dzia&#322;anie 1.4 Wsparcie M&#346;P realizuje cel szczeg&oacute;&#322;owy: Ograniczony spadek udzia&#322;u przedsi&#281;biorstw innowacyjnych w og&oacute;lnej liczbie przedsi&#281;biorstw. Lista wska&#378;nik&oacute;w produktu:&hellip;","_links":{"self":[{"href":"https:\/\/inteligentny-rozwoj.com.pl\/index.php\/wp-json\/wp\/v2\/pages\/1547","targetHints":{"allow":["GET"]}}],"collection":[{"href":"https:\/\/inteligentny-rozwoj.com.pl\/index.php\/wp-json\/wp\/v2\/pages"}],"about":[{"href":"https:\/\/inteligentny-rozwoj.com.pl\/index.php\/wp-json\/wp\/v2\/types\/page"}],"author":[{"embeddable":true,"href":"https:\/\/inteligentny-rozwoj.com.pl\/index.php\/wp-json\/wp\/v2\/users\/1"}],"replies":[{"embeddable":true,"href":"https:\/\/inteligentny-rozwoj.com.pl\/index.php\/wp-json\/wp\/v2\/comments?post=1547"}],"version-history":[{"count":3,"href":"https:\/\/inteligentny-rozwoj.com.pl\/index.php\/wp-json\/wp\/v2\/pages\/1547\/revisions"}],"predecessor-version":[{"id":1555,"href":"https:\/\/inteligentny-rozwoj.com.pl\/index.php\/wp-json\/wp\/v2\/pages\/1547\/revisions\/1555"}],"up":[{"embeddable":true,"href":"https:\/\/inteligentny-rozwoj.com.pl\/index.php\/wp-json\/wp\/v2\/pages\/858"}],"wp:attachment":[{"href":"https:\/\/inteligentny-rozwoj.com.pl\/index.php\/wp-json\/wp\/v2\/media?parent=1547"}],"curies":[{"name":"wp","href":"https:\/\/api.w.org\/{rel}","templated":true}]}}