{"id":256,"date":"2013-09-08T01:05:23","date_gmt":"2013-09-07T23:05:23","guid":{"rendered":"https:\/\/inteligentny-rozwoj.com.pl\/?page_id=256"},"modified":"2015-02-03T18:22:01","modified_gmt":"2015-02-03T17:22:01","slug":"os-priorytetowa-po-ir-2","status":"publish","type":"page","link":"https:\/\/inteligentny-rozwoj.com.pl\/index.php\/fundusze-europejskie-2014-2020\/inteligentny-rozwoj-po-ir\/zakres-wsparcia-po-ir\/os-priorytetowa-po-ir-2\/","title":{"rendered":"I O\u015b priorytetowa PO IR"},"content":{"rendered":"<p style=\"text-align: justify;\">I O\u015b priorytetowa PO IR:\u00a0WSPARCIE PROWADZENIA PRAC B+R PRZEZ PRZEDSI\u0118BIORSTWA przewiduje do realizacji cel szczeg\u00f3\u0142owy 1: <strong>Zwi\u0119kszona aktywno\u015b\u0107 B+R przedsi\u0119biorstw<\/strong>.<\/p>\n<p style=\"text-align: justify;\">I O\u015b priorytetowa PO IR przewiduje, \u017ce:<\/p>\n<ul>\n<li>ca\u0142o\u015b\u0107 osi priorytetowej zostanie zrealizowana wy\u0142\u0105cznie przy wykorzystaniu instrument\u00f3w finansowych<\/li>\n<li>ca\u0142o\u015b\u0107 osi priorytetowej zostanie zrealizowana wy\u0142\u0105cznie przy wykorzystaniu instrument\u00f3w finansowych utworzonych na poziomie Unii<\/li>\n<li>ca\u0142o\u015b\u0107 osi priorytetowej zostanie zrealizowana przy wykorzystaniu formu\u0142y rozwoju lokalnego kierowanego przez spo\u0142eczno\u015b\u0107<\/li>\n<li>w odniesieniu do EFS: ca\u0142o\u015b\u0107 osi priorytetowej jest po\u015bwi\u0119cona innowacjom spo\u0142ecznym, wsp\u00f3\u0142pracy transgranicznej lub obydwu tym obszarom<\/li>\n<\/ul>\n<p style=\"text-align: justify;\">I o\u015b priorytetowa PO IR zak\u0142ada, \u017ce w ramach osi wspierane s\u0105 projekty realizowane na terenie\u00a0 ca\u0142ego kraju, z uwzgl\u0119dnieniem specyficznych uwarunkowa\u0144 dotycz\u0105cych wspierania innowacji\u00a0 w przedsi\u0119biorstwach. Przekrojowy charakter ww. projekt\u00f3w nie uzasadnia dzielenia interwencji pomi\u0119dzy dwie kategorie region\u00f3w.<br \/>\nW przypadku, gdy przekazywane wsparcie b\u0119dzie nosi\u0107 znamiona pomocy publicznej\u00a0 &#8211;\u00a0 b\u0119dzie\u00a0 ono udzielane z uwzgl\u0119dnieniem w\u0142a\u015bciwych przepis\u00f3w o pomocy publicznej. Pomoc publiczna udzielana w ramach Programu b\u0119dzie zgodna z przepisami proceduralnymi i materialnymi w zakresie pomocy publicznej maj\u0105cymi zastosowanie w dniu jej przyznawania.<br \/>\nI O\u015b priorytetowa POIR obejmuje priorytet inwestycyjny 1.b. I O\u015b priorytetowa PO IR jest skoncentrowana na wspieraniu projekt\u00f3w B+R realizowanych przez przedsi\u0119biorstwa.<br \/>\nWsparcie\u00a0 kierowane\u00a0 jest\u00a0 wy\u0142\u0105cznie\u00a0 na\u00a0 obszary\u00a0 okre\u015blone\u00a0 jako\u00a0 inteligentne\u00a0 specjalizacje\u00a0 oraz potencjalne\u00a0 nowe\u00a0 specjalizacje\u00a0 wynikaj\u0105ce\u00a0 z\u00a0 procesu\u00a0 przedsi\u0119biorczego\u00a0 odkrywania,\u00a0 b\u0119d\u0105cego cz\u0119\u015bci\u0105\u00a0 monitorowania\u00a0 Krajowej\u00a0 Inteligentnej\u00a0 Specjalizacji\u00a0 (KIS).\u00a0 Uwzgl\u0119dnienie\u00a0 w\u00a0 POIR\u00a0 takich obszar\u00f3w\u00a0 b\u0119dzie\u00a0 mia\u0142o\u00a0 na\u00a0 celu\u00a0 m.in.\u00a0 weryfikacj\u0119\u00a0 ich\u00a0 potencja\u0142u\u00a0 jako\u00a0 inteligentnych\u00a0 specjalizacji, co w przypadku pozytywnych rezultat\u00f3w mo\u017ce prowadzi\u0107 do aktualizacji KIS.<\/p>\n","protected":false},"excerpt":{"rendered":"<p>I O&#347; priorytetowa PO IR:&nbsp;WSPARCIE PROWADZENIA PRAC B+R PRZEZ PRZEDSI&#280;BIORSTWA przewiduje do realizacji cel szczeg&oacute;&#322;owy 1: Zwi&#281;kszona aktywno&#347;&#263; B+R przedsi&#281;biorstw. I O&#347; priorytetowa PO IR przewiduje, &#380;e: ca&#322;o&#347;&#263; osi priorytetowej zostanie zrealizowana wy&#322;&#261;cznie przy wykorzystaniu instrument&oacute;w finansowych ca&#322;o&#347;&#263; osi priorytetowej zostanie zrealizowana wy&#322;&#261;cznie przy wykorzystaniu instrument&oacute;w finansowych utworzonych na poziomie Unii ca&#322;o&#347;&#263; osi priorytetowej zostanie [&hellip;]<\/p>\n","protected":false},"author":1,"featured_media":0,"parent":136,"menu_order":1,"comment_status":"closed","ping_status":"closed","template":"page-templates\/full-width.php","meta":{"_crdt_document":"","content-type":"","_uag_custom_page_level_css":"","footnotes":""},"class_list":["post-256","page","type-page","status-publish","hentry"],"yoast_head":"<!-- This site is optimized with the Yoast SEO plugin v27.3 - https:\/\/yoast.com\/product\/yoast-seo-wordpress\/ -->\n<title>I O\u015b priorytetowa PO IR - RP CONSULTING Rafa\u0142 Pasterczyk | marketing B2B, eksport, dotacje UE<\/title>\n<meta name=\"description\" content=\"I O\u015b priorytetowa PO IR oferuje wsparcie prowadzenia prac B+R przez przedsi\u0119biorstwa oraz konsorcja naukowo-przemys\u0142owe. Dowiedz si\u0119 wi\u0119cej !\" \/>\n<meta name=\"robots\" content=\"index, follow, max-snippet:-1, max-image-preview:large, max-video-preview:-1\" \/>\n<link rel=\"canonical\" href=\"https:\/\/inteligentny-rozwoj.com.pl\/index.php\/fundusze-europejskie-2014-2020\/inteligentny-rozwoj-po-ir\/zakres-wsparcia-po-ir\/os-priorytetowa-po-ir-2\/\" \/>\n<meta property=\"og:locale\" content=\"pl_PL\" \/>\n<meta property=\"og:type\" content=\"article\" \/>\n<meta property=\"og:title\" content=\"I O\u015b priorytetowa PO IR - RP CONSULTING Rafa\u0142 Pasterczyk | marketing B2B, eksport, dotacje UE\" \/>\n<meta property=\"og:description\" content=\"I O\u015b priorytetowa PO IR oferuje wsparcie prowadzenia prac B+R przez przedsi\u0119biorstwa oraz konsorcja naukowo-przemys\u0142owe. Dowiedz si\u0119 wi\u0119cej !\" \/>\n<meta property=\"og:url\" content=\"https:\/\/inteligentny-rozwoj.com.pl\/index.php\/fundusze-europejskie-2014-2020\/inteligentny-rozwoj-po-ir\/zakres-wsparcia-po-ir\/os-priorytetowa-po-ir-2\/\" \/>\n<meta property=\"og:site_name\" content=\"RP CONSULTING Rafa\u0142 Pasterczyk | marketing B2B, eksport, dotacje UE\" \/>\n<meta property=\"article:publisher\" content=\"https:\/\/www.facebook.com\/RPConsulting\" \/>\n<meta property=\"article:modified_time\" content=\"2015-02-03T17:22:01+00:00\" \/>\n<meta property=\"og:image\" content=\"https:\/\/inteligentny-rozwoj.com.pl\/wp-content\/uploads\/2021\/06\/rpc_logo_sq.png\" \/>\n\t<meta property=\"og:image:width\" content=\"350\" \/>\n\t<meta property=\"og:image:height\" content=\"300\" \/>\n\t<meta property=\"og:image:type\" content=\"image\/png\" \/>\n<meta name=\"twitter:card\" content=\"summary_large_image\" \/>\n<meta name=\"twitter:site\" content=\"@rp_consulting\" \/>\n<meta name=\"twitter:label1\" content=\"Szacowany czas czytania\" \/>\n\t<meta name=\"twitter:data1\" content=\"1 minuta\" \/>\n<script type=\"application\/ld+json\" class=\"yoast-schema-graph\">{\"@context\":\"https:\\\/\\\/schema.org\",\"@graph\":[{\"@type\":\"Article\",\"@id\":\"https:\\\/\\\/inteligentny-rozwoj.com.pl\\\/index.php\\\/fundusze-europejskie-2014-2020\\\/inteligentny-rozwoj-po-ir\\\/zakres-wsparcia-po-ir\\\/os-priorytetowa-po-ir-2\\\/#article\",\"isPartOf\":{\"@id\":\"https:\\\/\\\/inteligentny-rozwoj.com.pl\\\/index.php\\\/fundusze-europejskie-2014-2020\\\/inteligentny-rozwoj-po-ir\\\/zakres-wsparcia-po-ir\\\/os-priorytetowa-po-ir-2\\\/\"},\"author\":{\"name\":\"RP CONSULTING Rafa\u0142 Pasterczyk\",\"@id\":\"https:\\\/\\\/inteligentny-rozwoj.com.pl\\\/#\\\/schema\\\/person\\\/781a467e5e331ce384632759ecdba772\"},\"headline\":\"I O\u015b priorytetowa PO IR\",\"datePublished\":\"2013-09-07T23:05:23+00:00\",\"dateModified\":\"2015-02-03T17:22:01+00:00\",\"mainEntityOfPage\":{\"@id\":\"https:\\\/\\\/inteligentny-rozwoj.com.pl\\\/index.php\\\/fundusze-europejskie-2014-2020\\\/inteligentny-rozwoj-po-ir\\\/zakres-wsparcia-po-ir\\\/os-priorytetowa-po-ir-2\\\/\"},\"wordCount\":297,\"publisher\":{\"@id\":\"https:\\\/\\\/inteligentny-rozwoj.com.pl\\\/#organization\"},\"inLanguage\":\"pl-PL\"},{\"@type\":\"WebPage\",\"@id\":\"https:\\\/\\\/inteligentny-rozwoj.com.pl\\\/index.php\\\/fundusze-europejskie-2014-2020\\\/inteligentny-rozwoj-po-ir\\\/zakres-wsparcia-po-ir\\\/os-priorytetowa-po-ir-2\\\/\",\"url\":\"https:\\\/\\\/inteligentny-rozwoj.com.pl\\\/index.php\\\/fundusze-europejskie-2014-2020\\\/inteligentny-rozwoj-po-ir\\\/zakres-wsparcia-po-ir\\\/os-priorytetowa-po-ir-2\\\/\",\"name\":\"I O\u015b priorytetowa PO IR - RP CONSULTING Rafa\u0142 Pasterczyk | marketing B2B, eksport, dotacje UE\",\"isPartOf\":{\"@id\":\"https:\\\/\\\/inteligentny-rozwoj.com.pl\\\/#website\"},\"datePublished\":\"2013-09-07T23:05:23+00:00\",\"dateModified\":\"2015-02-03T17:22:01+00:00\",\"description\":\"I O\u015b priorytetowa PO IR oferuje wsparcie prowadzenia prac B+R przez przedsi\u0119biorstwa oraz konsorcja naukowo-przemys\u0142owe. Dowiedz si\u0119 wi\u0119cej !\",\"breadcrumb\":{\"@id\":\"https:\\\/\\\/inteligentny-rozwoj.com.pl\\\/index.php\\\/fundusze-europejskie-2014-2020\\\/inteligentny-rozwoj-po-ir\\\/zakres-wsparcia-po-ir\\\/os-priorytetowa-po-ir-2\\\/#breadcrumb\"},\"inLanguage\":\"pl-PL\",\"potentialAction\":[{\"@type\":\"ReadAction\",\"target\":[\"https:\\\/\\\/inteligentny-rozwoj.com.pl\\\/index.php\\\/fundusze-europejskie-2014-2020\\\/inteligentny-rozwoj-po-ir\\\/zakres-wsparcia-po-ir\\\/os-priorytetowa-po-ir-2\\\/\"]}]},{\"@type\":\"BreadcrumbList\",\"@id\":\"https:\\\/\\\/inteligentny-rozwoj.com.pl\\\/index.php\\\/fundusze-europejskie-2014-2020\\\/inteligentny-rozwoj-po-ir\\\/zakres-wsparcia-po-ir\\\/os-priorytetowa-po-ir-2\\\/#breadcrumb\",\"itemListElement\":[{\"@type\":\"ListItem\",\"position\":1,\"name\":\"Fundusze 2014-2020\",\"item\":\"https:\\\/\\\/inteligentny-rozwoj.com.pl\\\/index.php\\\/fundusze-europejskie-2014-2020\\\/\"},{\"@type\":\"ListItem\",\"position\":2,\"name\":\"PO IR 2014-2020\",\"item\":\"https:\\\/\\\/inteligentny-rozwoj.com.pl\\\/index.php\\\/fundusze-europejskie-2014-2020\\\/inteligentny-rozwoj-po-ir\\\/\"},{\"@type\":\"ListItem\",\"position\":3,\"name\":\"Zakres wsparcia PO IR\",\"item\":\"https:\\\/\\\/inteligentny-rozwoj.com.pl\\\/index.php\\\/fundusze-europejskie-2014-2020\\\/inteligentny-rozwoj-po-ir\\\/zakres-wsparcia-po-ir\\\/\"},{\"@type\":\"ListItem\",\"position\":4,\"name\":\"I O\u015b priorytetowa PO IR\"}]},{\"@type\":\"WebSite\",\"@id\":\"https:\\\/\\\/inteligentny-rozwoj.com.pl\\\/#website\",\"url\":\"https:\\\/\\\/inteligentny-rozwoj.com.pl\\\/\",\"name\":\"RP CONSULTING Rafa\u0142 Pasterczyk | marketing B2B, eksport, dotacje UE\",\"description\":\"Tw\u00f3j partner w rozwoju biznesu - skuteczne doradztwo w marketingu B2B, rozwoju eksportu i pozyskiwaniu dotacji\",\"publisher\":{\"@id\":\"https:\\\/\\\/inteligentny-rozwoj.com.pl\\\/#organization\"},\"alternateName\":\"Rafa\u0142 Pasterczyk RP CONSULTING\",\"potentialAction\":[{\"@type\":\"SearchAction\",\"target\":{\"@type\":\"EntryPoint\",\"urlTemplate\":\"https:\\\/\\\/inteligentny-rozwoj.com.pl\\\/?s={search_term_string}\"},\"query-input\":{\"@type\":\"PropertyValueSpecification\",\"valueRequired\":true,\"valueName\":\"search_term_string\"}}],\"inLanguage\":\"pl-PL\"},{\"@type\":\"Organization\",\"@id\":\"https:\\\/\\\/inteligentny-rozwoj.com.pl\\\/#organization\",\"name\":\"RP CONSULTING Rafa\u0142 Pasterczyk\",\"alternateName\":\"Rafa\u0142 Pasterczyk RP CONSULTING\",\"url\":\"https:\\\/\\\/inteligentny-rozwoj.com.pl\\\/\",\"logo\":{\"@type\":\"ImageObject\",\"inLanguage\":\"pl-PL\",\"@id\":\"https:\\\/\\\/inteligentny-rozwoj.com.pl\\\/#\\\/schema\\\/logo\\\/image\\\/\",\"url\":\"https:\\\/\\\/inteligentny-rozwoj.com.pl\\\/wp-content\\\/uploads\\\/2019\\\/01\\\/cropped-rpc_logo_sq-e1546996617786.png\",\"contentUrl\":\"https:\\\/\\\/inteligentny-rozwoj.com.pl\\\/wp-content\\\/uploads\\\/2019\\\/01\\\/cropped-rpc_logo_sq-e1546996617786.png\",\"width\":512,\"height\":512,\"caption\":\"RP CONSULTING Rafa\u0142 Pasterczyk\"},\"image\":{\"@id\":\"https:\\\/\\\/inteligentny-rozwoj.com.pl\\\/#\\\/schema\\\/logo\\\/image\\\/\"},\"sameAs\":[\"https:\\\/\\\/www.facebook.com\\\/RPConsulting\",\"https:\\\/\\\/x.com\\\/rp_consulting\",\"https:\\\/\\\/www.instagram.com\\\/rpconsulting.pl\\\/\",\"https:\\\/\\\/pl.linkedin.com\\\/company\\\/rp-consulting-rpc\",\"https:\\\/\\\/www.linkedin.com\\\/in\\\/rafal-pasterczyk\\\/\"]},{\"@type\":\"Person\",\"@id\":\"https:\\\/\\\/inteligentny-rozwoj.com.pl\\\/#\\\/schema\\\/person\\\/781a467e5e331ce384632759ecdba772\",\"name\":\"RP CONSULTING Rafa\u0142 Pasterczyk\",\"image\":{\"@type\":\"ImageObject\",\"inLanguage\":\"pl-PL\",\"@id\":\"https:\\\/\\\/secure.gravatar.com\\\/avatar\\\/fde501377d5b06ef1fb158c1ea34fe2defd80fd9526b2263a81456023558c240?s=96&d=mm&r=g\",\"url\":\"https:\\\/\\\/secure.gravatar.com\\\/avatar\\\/fde501377d5b06ef1fb158c1ea34fe2defd80fd9526b2263a81456023558c240?s=96&d=mm&r=g\",\"contentUrl\":\"https:\\\/\\\/secure.gravatar.com\\\/avatar\\\/fde501377d5b06ef1fb158c1ea34fe2defd80fd9526b2263a81456023558c240?s=96&d=mm&r=g\",\"caption\":\"RP CONSULTING Rafa\u0142 Pasterczyk\"},\"description\":\"Doradztwo biznesowe i outsourcing - us\u0142ugi doradcze w zakresie marketingu B2B, rozwoju eksportu oraz pozyskiwanie i rozliczanie dotacji na rozw\u00f3j eksportu i cyfryzacj\u0119. Ponad 100 skutecznie zrealizowanych projekt\u00f3w. Wiele z nich \u0142\u0105czy doradztwo w zakresie strategii internacjonalizacji ze skutecznym pozyskaniem dofinansowania na dzia\u0142ania na rynkach zagranicznych.\",\"sameAs\":[\"https:\\\/\\\/inteligentny-rozwoj.com.pl\\\/\",\"https:\\\/\\\/www.facebook.com\\\/RPConsulting\\\/\",\"https:\\\/\\\/www.instagram.com\\\/rpconsulting.pl\\\/\",\"https:\\\/\\\/pl.linkedin.com\\\/company\\\/rp-consulting-rpc\",\"https:\\\/\\\/www.youtube.com\\\/@RPCONSULTING-b2b\"],\"url\":\"https:\\\/\\\/inteligentny-rozwoj.com.pl\\\/index.php\\\/author\\\/rpconsulting\\\/\"}]}<\/script>\n<!-- \/ Yoast SEO plugin. -->","yoast_head_json":{"title":"I O\u015b priorytetowa PO IR - RP CONSULTING Rafa\u0142 Pasterczyk | marketing B2B, eksport, dotacje UE","description":"I O\u015b priorytetowa PO IR oferuje wsparcie prowadzenia prac B+R przez przedsi\u0119biorstwa oraz konsorcja naukowo-przemys\u0142owe. Dowiedz si\u0119 wi\u0119cej !","robots":{"index":"index","follow":"follow","max-snippet":"max-snippet:-1","max-image-preview":"max-image-preview:large","max-video-preview":"max-video-preview:-1"},"canonical":"https:\/\/inteligentny-rozwoj.com.pl\/index.php\/fundusze-europejskie-2014-2020\/inteligentny-rozwoj-po-ir\/zakres-wsparcia-po-ir\/os-priorytetowa-po-ir-2\/","og_locale":"pl_PL","og_type":"article","og_title":"I O\u015b priorytetowa PO IR - RP CONSULTING Rafa\u0142 Pasterczyk | marketing B2B, eksport, dotacje UE","og_description":"I O\u015b priorytetowa PO IR oferuje wsparcie prowadzenia prac B+R przez przedsi\u0119biorstwa oraz konsorcja naukowo-przemys\u0142owe. Dowiedz si\u0119 wi\u0119cej !","og_url":"https:\/\/inteligentny-rozwoj.com.pl\/index.php\/fundusze-europejskie-2014-2020\/inteligentny-rozwoj-po-ir\/zakres-wsparcia-po-ir\/os-priorytetowa-po-ir-2\/","og_site_name":"RP CONSULTING Rafa\u0142 Pasterczyk | marketing B2B, eksport, dotacje UE","article_publisher":"https:\/\/www.facebook.com\/RPConsulting","article_modified_time":"2015-02-03T17:22:01+00:00","og_image":[{"width":350,"height":300,"url":"https:\/\/inteligentny-rozwoj.com.pl\/wp-content\/uploads\/2021\/06\/rpc_logo_sq.png","type":"image\/png"}],"twitter_card":"summary_large_image","twitter_site":"@rp_consulting","twitter_misc":{"Szacowany czas czytania":"1 minuta"},"schema":{"@context":"https:\/\/schema.org","@graph":[{"@type":"Article","@id":"https:\/\/inteligentny-rozwoj.com.pl\/index.php\/fundusze-europejskie-2014-2020\/inteligentny-rozwoj-po-ir\/zakres-wsparcia-po-ir\/os-priorytetowa-po-ir-2\/#article","isPartOf":{"@id":"https:\/\/inteligentny-rozwoj.com.pl\/index.php\/fundusze-europejskie-2014-2020\/inteligentny-rozwoj-po-ir\/zakres-wsparcia-po-ir\/os-priorytetowa-po-ir-2\/"},"author":{"name":"RP CONSULTING Rafa\u0142 Pasterczyk","@id":"https:\/\/inteligentny-rozwoj.com.pl\/#\/schema\/person\/781a467e5e331ce384632759ecdba772"},"headline":"I O\u015b priorytetowa PO IR","datePublished":"2013-09-07T23:05:23+00:00","dateModified":"2015-02-03T17:22:01+00:00","mainEntityOfPage":{"@id":"https:\/\/inteligentny-rozwoj.com.pl\/index.php\/fundusze-europejskie-2014-2020\/inteligentny-rozwoj-po-ir\/zakres-wsparcia-po-ir\/os-priorytetowa-po-ir-2\/"},"wordCount":297,"publisher":{"@id":"https:\/\/inteligentny-rozwoj.com.pl\/#organization"},"inLanguage":"pl-PL"},{"@type":"WebPage","@id":"https:\/\/inteligentny-rozwoj.com.pl\/index.php\/fundusze-europejskie-2014-2020\/inteligentny-rozwoj-po-ir\/zakres-wsparcia-po-ir\/os-priorytetowa-po-ir-2\/","url":"https:\/\/inteligentny-rozwoj.com.pl\/index.php\/fundusze-europejskie-2014-2020\/inteligentny-rozwoj-po-ir\/zakres-wsparcia-po-ir\/os-priorytetowa-po-ir-2\/","name":"I O\u015b priorytetowa PO IR - RP CONSULTING Rafa\u0142 Pasterczyk | marketing B2B, eksport, dotacje UE","isPartOf":{"@id":"https:\/\/inteligentny-rozwoj.com.pl\/#website"},"datePublished":"2013-09-07T23:05:23+00:00","dateModified":"2015-02-03T17:22:01+00:00","description":"I O\u015b priorytetowa PO IR oferuje wsparcie prowadzenia prac B+R przez przedsi\u0119biorstwa oraz konsorcja naukowo-przemys\u0142owe. Dowiedz si\u0119 wi\u0119cej !","breadcrumb":{"@id":"https:\/\/inteligentny-rozwoj.com.pl\/index.php\/fundusze-europejskie-2014-2020\/inteligentny-rozwoj-po-ir\/zakres-wsparcia-po-ir\/os-priorytetowa-po-ir-2\/#breadcrumb"},"inLanguage":"pl-PL","potentialAction":[{"@type":"ReadAction","target":["https:\/\/inteligentny-rozwoj.com.pl\/index.php\/fundusze-europejskie-2014-2020\/inteligentny-rozwoj-po-ir\/zakres-wsparcia-po-ir\/os-priorytetowa-po-ir-2\/"]}]},{"@type":"BreadcrumbList","@id":"https:\/\/inteligentny-rozwoj.com.pl\/index.php\/fundusze-europejskie-2014-2020\/inteligentny-rozwoj-po-ir\/zakres-wsparcia-po-ir\/os-priorytetowa-po-ir-2\/#breadcrumb","itemListElement":[{"@type":"ListItem","position":1,"name":"Fundusze 2014-2020","item":"https:\/\/inteligentny-rozwoj.com.pl\/index.php\/fundusze-europejskie-2014-2020\/"},{"@type":"ListItem","position":2,"name":"PO IR 2014-2020","item":"https:\/\/inteligentny-rozwoj.com.pl\/index.php\/fundusze-europejskie-2014-2020\/inteligentny-rozwoj-po-ir\/"},{"@type":"ListItem","position":3,"name":"Zakres wsparcia PO IR","item":"https:\/\/inteligentny-rozwoj.com.pl\/index.php\/fundusze-europejskie-2014-2020\/inteligentny-rozwoj-po-ir\/zakres-wsparcia-po-ir\/"},{"@type":"ListItem","position":4,"name":"I O\u015b priorytetowa PO IR"}]},{"@type":"WebSite","@id":"https:\/\/inteligentny-rozwoj.com.pl\/#website","url":"https:\/\/inteligentny-rozwoj.com.pl\/","name":"RP CONSULTING Rafa\u0142 Pasterczyk | marketing B2B, eksport, dotacje UE","description":"Tw\u00f3j partner w rozwoju biznesu - skuteczne doradztwo w marketingu B2B, rozwoju eksportu i pozyskiwaniu dotacji","publisher":{"@id":"https:\/\/inteligentny-rozwoj.com.pl\/#organization"},"alternateName":"Rafa\u0142 Pasterczyk RP CONSULTING","potentialAction":[{"@type":"SearchAction","target":{"@type":"EntryPoint","urlTemplate":"https:\/\/inteligentny-rozwoj.com.pl\/?s={search_term_string}"},"query-input":{"@type":"PropertyValueSpecification","valueRequired":true,"valueName":"search_term_string"}}],"inLanguage":"pl-PL"},{"@type":"Organization","@id":"https:\/\/inteligentny-rozwoj.com.pl\/#organization","name":"RP CONSULTING Rafa\u0142 Pasterczyk","alternateName":"Rafa\u0142 Pasterczyk RP CONSULTING","url":"https:\/\/inteligentny-rozwoj.com.pl\/","logo":{"@type":"ImageObject","inLanguage":"pl-PL","@id":"https:\/\/inteligentny-rozwoj.com.pl\/#\/schema\/logo\/image\/","url":"https:\/\/inteligentny-rozwoj.com.pl\/wp-content\/uploads\/2019\/01\/cropped-rpc_logo_sq-e1546996617786.png","contentUrl":"https:\/\/inteligentny-rozwoj.com.pl\/wp-content\/uploads\/2019\/01\/cropped-rpc_logo_sq-e1546996617786.png","width":512,"height":512,"caption":"RP CONSULTING Rafa\u0142 Pasterczyk"},"image":{"@id":"https:\/\/inteligentny-rozwoj.com.pl\/#\/schema\/logo\/image\/"},"sameAs":["https:\/\/www.facebook.com\/RPConsulting","https:\/\/x.com\/rp_consulting","https:\/\/www.instagram.com\/rpconsulting.pl\/","https:\/\/pl.linkedin.com\/company\/rp-consulting-rpc","https:\/\/www.linkedin.com\/in\/rafal-pasterczyk\/"]},{"@type":"Person","@id":"https:\/\/inteligentny-rozwoj.com.pl\/#\/schema\/person\/781a467e5e331ce384632759ecdba772","name":"RP CONSULTING Rafa\u0142 Pasterczyk","image":{"@type":"ImageObject","inLanguage":"pl-PL","@id":"https:\/\/secure.gravatar.com\/avatar\/fde501377d5b06ef1fb158c1ea34fe2defd80fd9526b2263a81456023558c240?s=96&d=mm&r=g","url":"https:\/\/secure.gravatar.com\/avatar\/fde501377d5b06ef1fb158c1ea34fe2defd80fd9526b2263a81456023558c240?s=96&d=mm&r=g","contentUrl":"https:\/\/secure.gravatar.com\/avatar\/fde501377d5b06ef1fb158c1ea34fe2defd80fd9526b2263a81456023558c240?s=96&d=mm&r=g","caption":"RP CONSULTING Rafa\u0142 Pasterczyk"},"description":"Doradztwo biznesowe i outsourcing - us\u0142ugi doradcze w zakresie marketingu B2B, rozwoju eksportu oraz pozyskiwanie i rozliczanie dotacji na rozw\u00f3j eksportu i cyfryzacj\u0119. Ponad 100 skutecznie zrealizowanych projekt\u00f3w. Wiele z nich \u0142\u0105czy doradztwo w zakresie strategii internacjonalizacji ze skutecznym pozyskaniem dofinansowania na dzia\u0142ania na rynkach zagranicznych.","sameAs":["https:\/\/inteligentny-rozwoj.com.pl\/","https:\/\/www.facebook.com\/RPConsulting\/","https:\/\/www.instagram.com\/rpconsulting.pl\/","https:\/\/pl.linkedin.com\/company\/rp-consulting-rpc","https:\/\/www.youtube.com\/@RPCONSULTING-b2b"],"url":"https:\/\/inteligentny-rozwoj.com.pl\/index.php\/author\/rpconsulting\/"}]}},"uagb_featured_image_src":{"full":false,"thumbnail":false,"medium":false,"medium_large":false,"large":false,"1536x1536":false,"2048x2048":false,"post-thumbnail":false,"sow-carousel-default":false,"sow-blog-portfolio":false,"sow-blog-grid":false,"sow-blog-alternate":false},"uagb_author_info":{"display_name":"RP CONSULTING Rafa\u0142 Pasterczyk","author_link":"https:\/\/inteligentny-rozwoj.com.pl\/index.php\/author\/rpconsulting\/"},"uagb_comment_info":0,"uagb_excerpt":"I O&#347; priorytetowa PO IR:&nbsp;WSPARCIE PROWADZENIA PRAC B+R PRZEZ PRZEDSI&#280;BIORSTWA przewiduje do realizacji cel szczeg&oacute;&#322;owy 1: Zwi&#281;kszona aktywno&#347;&#263; B+R przedsi&#281;biorstw. I O&#347; priorytetowa PO IR przewiduje, &#380;e: ca&#322;o&#347;&#263; osi priorytetowej zostanie zrealizowana wy&#322;&#261;cznie przy wykorzystaniu instrument&oacute;w finansowych ca&#322;o&#347;&#263; osi priorytetowej zostanie zrealizowana wy&#322;&#261;cznie przy wykorzystaniu instrument&oacute;w finansowych utworzonych na poziomie Unii ca&#322;o&#347;&#263; osi priorytetowej zostanie&hellip;","_links":{"self":[{"href":"https:\/\/inteligentny-rozwoj.com.pl\/index.php\/wp-json\/wp\/v2\/pages\/256","targetHints":{"allow":["GET"]}}],"collection":[{"href":"https:\/\/inteligentny-rozwoj.com.pl\/index.php\/wp-json\/wp\/v2\/pages"}],"about":[{"href":"https:\/\/inteligentny-rozwoj.com.pl\/index.php\/wp-json\/wp\/v2\/types\/page"}],"author":[{"embeddable":true,"href":"https:\/\/inteligentny-rozwoj.com.pl\/index.php\/wp-json\/wp\/v2\/users\/1"}],"replies":[{"embeddable":true,"href":"https:\/\/inteligentny-rozwoj.com.pl\/index.php\/wp-json\/wp\/v2\/comments?post=256"}],"version-history":[{"count":4,"href":"https:\/\/inteligentny-rozwoj.com.pl\/index.php\/wp-json\/wp\/v2\/pages\/256\/revisions"}],"predecessor-version":[{"id":262,"href":"https:\/\/inteligentny-rozwoj.com.pl\/index.php\/wp-json\/wp\/v2\/pages\/256\/revisions\/262"}],"up":[{"embeddable":true,"href":"https:\/\/inteligentny-rozwoj.com.pl\/index.php\/wp-json\/wp\/v2\/pages\/136"}],"wp:attachment":[{"href":"https:\/\/inteligentny-rozwoj.com.pl\/index.php\/wp-json\/wp\/v2\/media?parent=256"}],"curies":[{"name":"wp","href":"https:\/\/api.w.org\/{rel}","templated":true}]}}