{"id":502,"date":"2014-09-29T13:48:28","date_gmt":"2014-09-29T11:48:28","guid":{"rendered":"https:\/\/inteligentny-rozwoj.com.pl\/?page_id=502"},"modified":"2015-07-06T17:14:57","modified_gmt":"2015-07-06T15:14:57","slug":"przedsiebiorcza-malopolska","status":"publish","type":"page","link":"https:\/\/inteligentny-rozwoj.com.pl\/index.php\/fundusze-europejskie-2014-2020\/mrpo-2014-2020\/przedsiebiorcza-malopolska\/","title":{"rendered":"3. Przedsi\u0119biorcza Ma\u0142opolska"},"content":{"rendered":"<h3 style=\"text-align: justify;\">RPO WM 2014-2020 \u2013 O\u015b priorytetowa 3 \u2013 Przedsi\u0119biorcza Ma\u0142opolska<\/h3>\n<p style=\"text-align: justify;\">G\u0142\u00f3wne kierunki interwencji osi priorytetowej 3. Przedsi\u0119biorcza Ma\u0142opolska Regionalnego Programu Operacyjnego Wojew\u00f3dztwa Ma\u0142opolskiego na lata 2014-2020 (RPO WM 2014-2020) dotycz\u0105 podnoszenia konkurencyjno\u015bci sektora M\u015aP oraz zwi\u0119kszania atrakcyjno\u015bci inwestycyjnej regionu, m.in. poprzez wzmocnienie potencja\u0142u ma\u0142opolskiej przedsi\u0119biorczo\u015bci oraz tworzenie korzystnych warunk\u00f3w do lokowania na jego obszarze przedsi\u0119biorstw i inwestycji oraz wzmacnianie rozwi\u0105za\u0144, kt\u00f3re b\u0119d\u0105 \u015bwiadomie kreowa\u0107 popyt na tradycyjne produkty i us\u0142ugi oferowane przez gospodark\u0119 Ma\u0142opolski.<\/p>\n<p style=\"text-align: justify;\">O\u015b priorytetowa 3 Przedsi\u0119biorcza Ma\u0142opolska, realizowana w ramach\u00a0Regionalnego Programu Operacyjnego Wojew\u00f3dztwa Ma\u0142opolskiego na lata 2014-2020 (RPO WM 2014-2020), przewiduje do realizacji nast\u0119puj\u0105ce dzia\u0142ania:<\/p>\n<p style=\"text-align: justify;\">DZIA\u0141ANIE 3.1 STREFY AKTYWNO\u015aCI GOSPODARCZEJ<\/p>\n<p style=\"text-align: justify; padding-left: 30px;\">Poddzia\u0142anie 3.1.1 Strefy aktywno\u015bci gospodarczej &#8211; ZIT (25 000 000 EUR)<\/p>\n<p style=\"text-align: justify; padding-left: 30px;\">Poddzia\u0142anie 3.1.2 Strefy aktywno\u015bci gospodarczej &#8211; SPR (35 000 000 EUR)<\/p>\n<p style=\"text-align: justify;\">DZIA\u0141ANIE 3.2 PROMOCJA POSTAW PRZEDSI\u0118BIORCZYCH ORAZ POTENCJA\u0141 IOB (18 000 000 EUR)<\/p>\n<p style=\"text-align: justify;\"><a title=\"Dzia\u0142anie 3.3 Konkurencyjno\u015b\u0107 Ma\u0142opolskich M\u015aP\" href=\"https:\/\/inteligentny-rozwoj.com.pl\/index.php\/mrpo-2014-2020\/przedsiebiorcza-malopolska\/3-3-konkurencyjnosc-malopolskich-msp\/\" target=\"_blank\">DZIA\u0141ANIE 3.3 UMI\u0118DZYNARODOWIENIE MA\u0141OPOLSKIEJ GOSPODARKI<\/a><\/p>\n<ul>\n<li>Poddzia\u0142anie 3.3.1 Promocja gospodarcza Ma\u0142opolski (27 000 000 EUR)<\/li>\n<li><a title=\"Poddzia\u0142anie 3.3.2 Aktywno\u015b\u0107 mi\u0119dzynarodowa M\u015aP\" href=\"https:\/\/inteligentny-rozwoj.com.pl\/index.php\/mrpo-2014-2020\/przedsiebiorcza-malopolska\/3-3-konkurencyjnosc-malopolskich-msp\/3-3-2-aktywnosc-miedzynarodowa-msp\/\" target=\"_blank\">Poddzia\u0142anie 3.3.2 Aktywno\u015b\u0107 mi\u0119dzynarodowa ma\u0142opolskich M\u015aP (10 000 000 EUR)<\/a><\/li>\n<\/ul>\n<p style=\"text-align: justify;\">DZIA\u0141ANIE 3.4 ROZW\u00d3J I KONKURENCYJNO\u015a\u0106 MA\u0141OPOLSKICH M\u015aP<\/p>\n<ul>\n<li>Poddzia\u0142anie 3.4.1 INSTRUMENTY FINANSOWE DLA M\u015aP-WCZESNA FAZA ROZWOJU (20 000 000 EUR)<\/li>\n<li>Poddzia\u0142anie 3.4.2 INSTRUMENTY FINANSOWE DLA M\u015aP \u2013 POWY\u017bEJ 24 M-CY (40 000 000 EUR)<\/li>\n<li>Poddzia\u0142anie 3.4.3 DOTACJE DLA M\u015aP \u2013 WCZESNA FAZA ROZWOJU (17 000 000 EUR)<\/li>\n<li>Poddzia\u0142anie 3.4.4 DOTACJE DLA M\u015aP \u2013 POWY\u017bEJ 24 M-CY (38 000 000 EUR)<\/li>\n<li>Poddzia\u0142anie 3.4.5 BONY NA DORADZTWO (10 000 000 EUR)<\/li>\n<\/ul>\n","protected":false},"excerpt":{"rendered":"<p>RPO WM 2014-2020 &ndash; O&#347; priorytetowa 3 &ndash; Przedsi&#281;biorcza Ma&#322;opolska G&#322;&oacute;wne kierunki interwencji osi priorytetowej 3. Przedsi&#281;biorcza Ma&#322;opolska Regionalnego Programu Operacyjnego Wojew&oacute;dztwa Ma&#322;opolskiego na lata 2014-2020 (RPO WM 2014-2020) dotycz&#261; podnoszenia konkurencyjno&#347;ci sektora M&#346;P oraz zwi&#281;kszania atrakcyjno&#347;ci inwestycyjnej regionu, m.in. poprzez wzmocnienie potencja&#322;u ma&#322;opolskiej przedsi&#281;biorczo&#347;ci oraz tworzenie korzystnych warunk&oacute;w do lokowania na jego obszarze przedsi&#281;biorstw [&hellip;]<\/p>\n","protected":false},"author":1,"featured_media":0,"parent":493,"menu_order":3,"comment_status":"closed","ping_status":"closed","template":"page-templates\/full-width.php","meta":{"_crdt_document":"","content-type":"","_uag_custom_page_level_css":"","footnotes":""},"class_list":["post-502","page","type-page","status-publish","hentry"],"yoast_head":"<!-- This site is optimized with the Yoast SEO plugin v27.3 - https:\/\/yoast.com\/product\/yoast-seo-wordpress\/ -->\n<title>Przedsi\u0119biorcza Ma\u0142opolska - RPO WM 2014-2020 - Ma\u0142polski RPO<\/title>\n<meta name=\"description\" content=\"Przedsi\u0119biorcza Ma\u0142opolska - RPO WM 2014-2020 - ma na celu podnoszenie konkurencyjno\u015bci sektora M\u015aP oraz zwi\u0119kszanie atrakcyjno\u015bci inwestycyjnej regionu.\" \/>\n<meta name=\"robots\" content=\"index, follow, max-snippet:-1, max-image-preview:large, max-video-preview:-1\" \/>\n<link rel=\"canonical\" href=\"https:\/\/inteligentny-rozwoj.com.pl\/index.php\/fundusze-europejskie-2014-2020\/mrpo-2014-2020\/przedsiebiorcza-malopolska\/\" \/>\n<meta property=\"og:locale\" content=\"pl_PL\" \/>\n<meta property=\"og:type\" content=\"article\" \/>\n<meta property=\"og:title\" content=\"Przedsi\u0119biorcza Ma\u0142opolska - RPO WM 2014-2020 - Ma\u0142polski RPO\" \/>\n<meta property=\"og:description\" content=\"Przedsi\u0119biorcza Ma\u0142opolska - RPO WM 2014-2020 - ma na celu podnoszenie konkurencyjno\u015bci sektora M\u015aP oraz zwi\u0119kszanie atrakcyjno\u015bci inwestycyjnej regionu.\" \/>\n<meta property=\"og:url\" content=\"https:\/\/inteligentny-rozwoj.com.pl\/index.php\/fundusze-europejskie-2014-2020\/mrpo-2014-2020\/przedsiebiorcza-malopolska\/\" \/>\n<meta property=\"og:site_name\" content=\"RP CONSULTING Rafa\u0142 Pasterczyk | marketing B2B, eksport, dotacje UE\" \/>\n<meta property=\"article:publisher\" content=\"https:\/\/www.facebook.com\/RPConsulting\" \/>\n<meta property=\"article:modified_time\" content=\"2015-07-06T15:14:57+00:00\" \/>\n<meta property=\"og:image\" content=\"https:\/\/inteligentny-rozwoj.com.pl\/wp-content\/uploads\/2021\/06\/rpc_logo_sq.png\" \/>\n\t<meta property=\"og:image:width\" content=\"350\" \/>\n\t<meta property=\"og:image:height\" content=\"300\" \/>\n\t<meta property=\"og:image:type\" content=\"image\/png\" \/>\n<meta name=\"twitter:card\" content=\"summary_large_image\" \/>\n<meta name=\"twitter:site\" content=\"@rp_consulting\" \/>\n<meta name=\"twitter:label1\" content=\"Szacowany czas czytania\" \/>\n\t<meta name=\"twitter:data1\" content=\"1 minuta\" \/>\n<script type=\"application\/ld+json\" class=\"yoast-schema-graph\">{\"@context\":\"https:\\\/\\\/schema.org\",\"@graph\":[{\"@type\":\"Article\",\"@id\":\"https:\\\/\\\/inteligentny-rozwoj.com.pl\\\/index.php\\\/fundusze-europejskie-2014-2020\\\/mrpo-2014-2020\\\/przedsiebiorcza-malopolska\\\/#article\",\"isPartOf\":{\"@id\":\"https:\\\/\\\/inteligentny-rozwoj.com.pl\\\/index.php\\\/fundusze-europejskie-2014-2020\\\/mrpo-2014-2020\\\/przedsiebiorcza-malopolska\\\/\"},\"author\":{\"name\":\"RP CONSULTING Rafa\u0142 Pasterczyk\",\"@id\":\"https:\\\/\\\/inteligentny-rozwoj.com.pl\\\/#\\\/schema\\\/person\\\/781a467e5e331ce384632759ecdba772\"},\"headline\":\"3. Przedsi\u0119biorcza Ma\u0142opolska\",\"datePublished\":\"2014-09-29T11:48:28+00:00\",\"dateModified\":\"2015-07-06T15:14:57+00:00\",\"mainEntityOfPage\":{\"@id\":\"https:\\\/\\\/inteligentny-rozwoj.com.pl\\\/index.php\\\/fundusze-europejskie-2014-2020\\\/mrpo-2014-2020\\\/przedsiebiorcza-malopolska\\\/\"},\"wordCount\":242,\"publisher\":{\"@id\":\"https:\\\/\\\/inteligentny-rozwoj.com.pl\\\/#organization\"},\"inLanguage\":\"pl-PL\"},{\"@type\":\"WebPage\",\"@id\":\"https:\\\/\\\/inteligentny-rozwoj.com.pl\\\/index.php\\\/fundusze-europejskie-2014-2020\\\/mrpo-2014-2020\\\/przedsiebiorcza-malopolska\\\/\",\"url\":\"https:\\\/\\\/inteligentny-rozwoj.com.pl\\\/index.php\\\/fundusze-europejskie-2014-2020\\\/mrpo-2014-2020\\\/przedsiebiorcza-malopolska\\\/\",\"name\":\"Przedsi\u0119biorcza Ma\u0142opolska - RPO WM 2014-2020 - Ma\u0142polski RPO\",\"isPartOf\":{\"@id\":\"https:\\\/\\\/inteligentny-rozwoj.com.pl\\\/#website\"},\"datePublished\":\"2014-09-29T11:48:28+00:00\",\"dateModified\":\"2015-07-06T15:14:57+00:00\",\"description\":\"Przedsi\u0119biorcza Ma\u0142opolska - RPO WM 2014-2020 - ma na celu podnoszenie konkurencyjno\u015bci sektora M\u015aP oraz zwi\u0119kszanie atrakcyjno\u015bci inwestycyjnej regionu.\",\"breadcrumb\":{\"@id\":\"https:\\\/\\\/inteligentny-rozwoj.com.pl\\\/index.php\\\/fundusze-europejskie-2014-2020\\\/mrpo-2014-2020\\\/przedsiebiorcza-malopolska\\\/#breadcrumb\"},\"inLanguage\":\"pl-PL\",\"potentialAction\":[{\"@type\":\"ReadAction\",\"target\":[\"https:\\\/\\\/inteligentny-rozwoj.com.pl\\\/index.php\\\/fundusze-europejskie-2014-2020\\\/mrpo-2014-2020\\\/przedsiebiorcza-malopolska\\\/\"]}]},{\"@type\":\"BreadcrumbList\",\"@id\":\"https:\\\/\\\/inteligentny-rozwoj.com.pl\\\/index.php\\\/fundusze-europejskie-2014-2020\\\/mrpo-2014-2020\\\/przedsiebiorcza-malopolska\\\/#breadcrumb\",\"itemListElement\":[{\"@type\":\"ListItem\",\"position\":1,\"name\":\"Fundusze 2014-2020\",\"item\":\"https:\\\/\\\/inteligentny-rozwoj.com.pl\\\/index.php\\\/fundusze-europejskie-2014-2020\\\/\"},{\"@type\":\"ListItem\",\"position\":2,\"name\":\"RPO WM 2014-2020\",\"item\":\"https:\\\/\\\/inteligentny-rozwoj.com.pl\\\/index.php\\\/fundusze-europejskie-2014-2020\\\/mrpo-2014-2020\\\/\"},{\"@type\":\"ListItem\",\"position\":3,\"name\":\"3. Przedsi\u0119biorcza Ma\u0142opolska\"}]},{\"@type\":\"WebSite\",\"@id\":\"https:\\\/\\\/inteligentny-rozwoj.com.pl\\\/#website\",\"url\":\"https:\\\/\\\/inteligentny-rozwoj.com.pl\\\/\",\"name\":\"RP CONSULTING Rafa\u0142 Pasterczyk | marketing B2B, eksport, dotacje UE\",\"description\":\"Tw\u00f3j partner w rozwoju biznesu - skuteczne doradztwo w marketingu B2B, rozwoju eksportu i pozyskiwaniu dotacji\",\"publisher\":{\"@id\":\"https:\\\/\\\/inteligentny-rozwoj.com.pl\\\/#organization\"},\"alternateName\":\"Rafa\u0142 Pasterczyk RP CONSULTING\",\"potentialAction\":[{\"@type\":\"SearchAction\",\"target\":{\"@type\":\"EntryPoint\",\"urlTemplate\":\"https:\\\/\\\/inteligentny-rozwoj.com.pl\\\/?s={search_term_string}\"},\"query-input\":{\"@type\":\"PropertyValueSpecification\",\"valueRequired\":true,\"valueName\":\"search_term_string\"}}],\"inLanguage\":\"pl-PL\"},{\"@type\":\"Organization\",\"@id\":\"https:\\\/\\\/inteligentny-rozwoj.com.pl\\\/#organization\",\"name\":\"RP CONSULTING Rafa\u0142 Pasterczyk\",\"alternateName\":\"Rafa\u0142 Pasterczyk RP CONSULTING\",\"url\":\"https:\\\/\\\/inteligentny-rozwoj.com.pl\\\/\",\"logo\":{\"@type\":\"ImageObject\",\"inLanguage\":\"pl-PL\",\"@id\":\"https:\\\/\\\/inteligentny-rozwoj.com.pl\\\/#\\\/schema\\\/logo\\\/image\\\/\",\"url\":\"https:\\\/\\\/inteligentny-rozwoj.com.pl\\\/wp-content\\\/uploads\\\/2019\\\/01\\\/cropped-rpc_logo_sq-e1546996617786.png\",\"contentUrl\":\"https:\\\/\\\/inteligentny-rozwoj.com.pl\\\/wp-content\\\/uploads\\\/2019\\\/01\\\/cropped-rpc_logo_sq-e1546996617786.png\",\"width\":512,\"height\":512,\"caption\":\"RP CONSULTING Rafa\u0142 Pasterczyk\"},\"image\":{\"@id\":\"https:\\\/\\\/inteligentny-rozwoj.com.pl\\\/#\\\/schema\\\/logo\\\/image\\\/\"},\"sameAs\":[\"https:\\\/\\\/www.facebook.com\\\/RPConsulting\",\"https:\\\/\\\/x.com\\\/rp_consulting\",\"https:\\\/\\\/www.instagram.com\\\/rpconsulting.pl\\\/\",\"https:\\\/\\\/pl.linkedin.com\\\/company\\\/rp-consulting-rpc\",\"https:\\\/\\\/www.linkedin.com\\\/in\\\/rafal-pasterczyk\\\/\"]},{\"@type\":\"Person\",\"@id\":\"https:\\\/\\\/inteligentny-rozwoj.com.pl\\\/#\\\/schema\\\/person\\\/781a467e5e331ce384632759ecdba772\",\"name\":\"RP CONSULTING Rafa\u0142 Pasterczyk\",\"image\":{\"@type\":\"ImageObject\",\"inLanguage\":\"pl-PL\",\"@id\":\"https:\\\/\\\/secure.gravatar.com\\\/avatar\\\/fde501377d5b06ef1fb158c1ea34fe2defd80fd9526b2263a81456023558c240?s=96&d=mm&r=g\",\"url\":\"https:\\\/\\\/secure.gravatar.com\\\/avatar\\\/fde501377d5b06ef1fb158c1ea34fe2defd80fd9526b2263a81456023558c240?s=96&d=mm&r=g\",\"contentUrl\":\"https:\\\/\\\/secure.gravatar.com\\\/avatar\\\/fde501377d5b06ef1fb158c1ea34fe2defd80fd9526b2263a81456023558c240?s=96&d=mm&r=g\",\"caption\":\"RP CONSULTING Rafa\u0142 Pasterczyk\"},\"description\":\"Doradztwo biznesowe, outsourcing i interim management w zakresie marketingu B2B, rozwoju eksportu, a tak\u017ce pozyskiwanie i rozliczanie dotacji na rozw\u00f3j eksportu i cyfryzacj\u0119. Ponad 100 skutecznie zrealizowanych projekt\u00f3w dla M\u015aP. Wiele z nich \u0142\u0105czy doradztwo w zakresie strategii internacjonalizacji ze skutecznym pozyskaniem dofinansowania na dzia\u0142ania na rynkach zagranicznych.\",\"sameAs\":[\"https:\\\/\\\/inteligentny-rozwoj.com.pl\\\/\",\"https:\\\/\\\/www.facebook.com\\\/RPConsulting\\\/\",\"https:\\\/\\\/www.instagram.com\\\/rpconsulting.pl\\\/\",\"https:\\\/\\\/pl.linkedin.com\\\/company\\\/rp-consulting-rpc\",\"https:\\\/\\\/www.youtube.com\\\/@RPCONSULTING-b2b\"],\"url\":\"https:\\\/\\\/inteligentny-rozwoj.com.pl\\\/index.php\\\/author\\\/rpconsulting\\\/\"}]}<\/script>\n<!-- \/ Yoast SEO plugin. -->","yoast_head_json":{"title":"Przedsi\u0119biorcza Ma\u0142opolska - RPO WM 2014-2020 - Ma\u0142polski RPO","description":"Przedsi\u0119biorcza Ma\u0142opolska - RPO WM 2014-2020 - ma na celu podnoszenie konkurencyjno\u015bci sektora M\u015aP oraz zwi\u0119kszanie atrakcyjno\u015bci inwestycyjnej regionu.","robots":{"index":"index","follow":"follow","max-snippet":"max-snippet:-1","max-image-preview":"max-image-preview:large","max-video-preview":"max-video-preview:-1"},"canonical":"https:\/\/inteligentny-rozwoj.com.pl\/index.php\/fundusze-europejskie-2014-2020\/mrpo-2014-2020\/przedsiebiorcza-malopolska\/","og_locale":"pl_PL","og_type":"article","og_title":"Przedsi\u0119biorcza Ma\u0142opolska - RPO WM 2014-2020 - Ma\u0142polski RPO","og_description":"Przedsi\u0119biorcza Ma\u0142opolska - RPO WM 2014-2020 - ma na celu podnoszenie konkurencyjno\u015bci sektora M\u015aP oraz zwi\u0119kszanie atrakcyjno\u015bci inwestycyjnej regionu.","og_url":"https:\/\/inteligentny-rozwoj.com.pl\/index.php\/fundusze-europejskie-2014-2020\/mrpo-2014-2020\/przedsiebiorcza-malopolska\/","og_site_name":"RP CONSULTING Rafa\u0142 Pasterczyk | marketing B2B, eksport, dotacje UE","article_publisher":"https:\/\/www.facebook.com\/RPConsulting","article_modified_time":"2015-07-06T15:14:57+00:00","og_image":[{"width":350,"height":300,"url":"https:\/\/inteligentny-rozwoj.com.pl\/wp-content\/uploads\/2021\/06\/rpc_logo_sq.png","type":"image\/png"}],"twitter_card":"summary_large_image","twitter_site":"@rp_consulting","twitter_misc":{"Szacowany czas czytania":"1 minuta"},"schema":{"@context":"https:\/\/schema.org","@graph":[{"@type":"Article","@id":"https:\/\/inteligentny-rozwoj.com.pl\/index.php\/fundusze-europejskie-2014-2020\/mrpo-2014-2020\/przedsiebiorcza-malopolska\/#article","isPartOf":{"@id":"https:\/\/inteligentny-rozwoj.com.pl\/index.php\/fundusze-europejskie-2014-2020\/mrpo-2014-2020\/przedsiebiorcza-malopolska\/"},"author":{"name":"RP CONSULTING Rafa\u0142 Pasterczyk","@id":"https:\/\/inteligentny-rozwoj.com.pl\/#\/schema\/person\/781a467e5e331ce384632759ecdba772"},"headline":"3. Przedsi\u0119biorcza Ma\u0142opolska","datePublished":"2014-09-29T11:48:28+00:00","dateModified":"2015-07-06T15:14:57+00:00","mainEntityOfPage":{"@id":"https:\/\/inteligentny-rozwoj.com.pl\/index.php\/fundusze-europejskie-2014-2020\/mrpo-2014-2020\/przedsiebiorcza-malopolska\/"},"wordCount":242,"publisher":{"@id":"https:\/\/inteligentny-rozwoj.com.pl\/#organization"},"inLanguage":"pl-PL"},{"@type":"WebPage","@id":"https:\/\/inteligentny-rozwoj.com.pl\/index.php\/fundusze-europejskie-2014-2020\/mrpo-2014-2020\/przedsiebiorcza-malopolska\/","url":"https:\/\/inteligentny-rozwoj.com.pl\/index.php\/fundusze-europejskie-2014-2020\/mrpo-2014-2020\/przedsiebiorcza-malopolska\/","name":"Przedsi\u0119biorcza Ma\u0142opolska - RPO WM 2014-2020 - Ma\u0142polski RPO","isPartOf":{"@id":"https:\/\/inteligentny-rozwoj.com.pl\/#website"},"datePublished":"2014-09-29T11:48:28+00:00","dateModified":"2015-07-06T15:14:57+00:00","description":"Przedsi\u0119biorcza Ma\u0142opolska - RPO WM 2014-2020 - ma na celu podnoszenie konkurencyjno\u015bci sektora M\u015aP oraz zwi\u0119kszanie atrakcyjno\u015bci inwestycyjnej regionu.","breadcrumb":{"@id":"https:\/\/inteligentny-rozwoj.com.pl\/index.php\/fundusze-europejskie-2014-2020\/mrpo-2014-2020\/przedsiebiorcza-malopolska\/#breadcrumb"},"inLanguage":"pl-PL","potentialAction":[{"@type":"ReadAction","target":["https:\/\/inteligentny-rozwoj.com.pl\/index.php\/fundusze-europejskie-2014-2020\/mrpo-2014-2020\/przedsiebiorcza-malopolska\/"]}]},{"@type":"BreadcrumbList","@id":"https:\/\/inteligentny-rozwoj.com.pl\/index.php\/fundusze-europejskie-2014-2020\/mrpo-2014-2020\/przedsiebiorcza-malopolska\/#breadcrumb","itemListElement":[{"@type":"ListItem","position":1,"name":"Fundusze 2014-2020","item":"https:\/\/inteligentny-rozwoj.com.pl\/index.php\/fundusze-europejskie-2014-2020\/"},{"@type":"ListItem","position":2,"name":"RPO WM 2014-2020","item":"https:\/\/inteligentny-rozwoj.com.pl\/index.php\/fundusze-europejskie-2014-2020\/mrpo-2014-2020\/"},{"@type":"ListItem","position":3,"name":"3. Przedsi\u0119biorcza Ma\u0142opolska"}]},{"@type":"WebSite","@id":"https:\/\/inteligentny-rozwoj.com.pl\/#website","url":"https:\/\/inteligentny-rozwoj.com.pl\/","name":"RP CONSULTING Rafa\u0142 Pasterczyk | marketing B2B, eksport, dotacje UE","description":"Tw\u00f3j partner w rozwoju biznesu - skuteczne doradztwo w marketingu B2B, rozwoju eksportu i pozyskiwaniu dotacji","publisher":{"@id":"https:\/\/inteligentny-rozwoj.com.pl\/#organization"},"alternateName":"Rafa\u0142 Pasterczyk RP CONSULTING","potentialAction":[{"@type":"SearchAction","target":{"@type":"EntryPoint","urlTemplate":"https:\/\/inteligentny-rozwoj.com.pl\/?s={search_term_string}"},"query-input":{"@type":"PropertyValueSpecification","valueRequired":true,"valueName":"search_term_string"}}],"inLanguage":"pl-PL"},{"@type":"Organization","@id":"https:\/\/inteligentny-rozwoj.com.pl\/#organization","name":"RP CONSULTING Rafa\u0142 Pasterczyk","alternateName":"Rafa\u0142 Pasterczyk RP CONSULTING","url":"https:\/\/inteligentny-rozwoj.com.pl\/","logo":{"@type":"ImageObject","inLanguage":"pl-PL","@id":"https:\/\/inteligentny-rozwoj.com.pl\/#\/schema\/logo\/image\/","url":"https:\/\/inteligentny-rozwoj.com.pl\/wp-content\/uploads\/2019\/01\/cropped-rpc_logo_sq-e1546996617786.png","contentUrl":"https:\/\/inteligentny-rozwoj.com.pl\/wp-content\/uploads\/2019\/01\/cropped-rpc_logo_sq-e1546996617786.png","width":512,"height":512,"caption":"RP CONSULTING Rafa\u0142 Pasterczyk"},"image":{"@id":"https:\/\/inteligentny-rozwoj.com.pl\/#\/schema\/logo\/image\/"},"sameAs":["https:\/\/www.facebook.com\/RPConsulting","https:\/\/x.com\/rp_consulting","https:\/\/www.instagram.com\/rpconsulting.pl\/","https:\/\/pl.linkedin.com\/company\/rp-consulting-rpc","https:\/\/www.linkedin.com\/in\/rafal-pasterczyk\/"]},{"@type":"Person","@id":"https:\/\/inteligentny-rozwoj.com.pl\/#\/schema\/person\/781a467e5e331ce384632759ecdba772","name":"RP CONSULTING Rafa\u0142 Pasterczyk","image":{"@type":"ImageObject","inLanguage":"pl-PL","@id":"https:\/\/secure.gravatar.com\/avatar\/fde501377d5b06ef1fb158c1ea34fe2defd80fd9526b2263a81456023558c240?s=96&d=mm&r=g","url":"https:\/\/secure.gravatar.com\/avatar\/fde501377d5b06ef1fb158c1ea34fe2defd80fd9526b2263a81456023558c240?s=96&d=mm&r=g","contentUrl":"https:\/\/secure.gravatar.com\/avatar\/fde501377d5b06ef1fb158c1ea34fe2defd80fd9526b2263a81456023558c240?s=96&d=mm&r=g","caption":"RP CONSULTING Rafa\u0142 Pasterczyk"},"description":"Doradztwo biznesowe, outsourcing i interim management w zakresie marketingu B2B, rozwoju eksportu, a tak\u017ce pozyskiwanie i rozliczanie dotacji na rozw\u00f3j eksportu i cyfryzacj\u0119. Ponad 100 skutecznie zrealizowanych projekt\u00f3w dla M\u015aP. Wiele z nich \u0142\u0105czy doradztwo w zakresie strategii internacjonalizacji ze skutecznym pozyskaniem dofinansowania na dzia\u0142ania na rynkach zagranicznych.","sameAs":["https:\/\/inteligentny-rozwoj.com.pl\/","https:\/\/www.facebook.com\/RPConsulting\/","https:\/\/www.instagram.com\/rpconsulting.pl\/","https:\/\/pl.linkedin.com\/company\/rp-consulting-rpc","https:\/\/www.youtube.com\/@RPCONSULTING-b2b"],"url":"https:\/\/inteligentny-rozwoj.com.pl\/index.php\/author\/rpconsulting\/"}]}},"uagb_featured_image_src":{"full":false,"thumbnail":false,"medium":false,"medium_large":false,"large":false,"1536x1536":false,"2048x2048":false,"post-thumbnail":false,"sow-carousel-default":false,"sow-blog-portfolio":false,"sow-blog-grid":false,"sow-blog-alternate":false},"uagb_author_info":{"display_name":"RP CONSULTING Rafa\u0142 Pasterczyk","author_link":"https:\/\/inteligentny-rozwoj.com.pl\/index.php\/author\/rpconsulting\/"},"uagb_comment_info":0,"uagb_excerpt":"RPO WM 2014-2020 &ndash; O&#347; priorytetowa 3 &ndash; Przedsi&#281;biorcza Ma&#322;opolska G&#322;&oacute;wne kierunki interwencji osi priorytetowej 3. Przedsi&#281;biorcza Ma&#322;opolska Regionalnego Programu Operacyjnego Wojew&oacute;dztwa Ma&#322;opolskiego na lata 2014-2020 (RPO WM 2014-2020) dotycz&#261; podnoszenia konkurencyjno&#347;ci sektora M&#346;P oraz zwi&#281;kszania atrakcyjno&#347;ci inwestycyjnej regionu, m.in. poprzez wzmocnienie potencja&#322;u ma&#322;opolskiej przedsi&#281;biorczo&#347;ci oraz tworzenie korzystnych warunk&oacute;w do lokowania na jego obszarze przedsi&#281;biorstw&hellip;","_links":{"self":[{"href":"https:\/\/inteligentny-rozwoj.com.pl\/index.php\/wp-json\/wp\/v2\/pages\/502","targetHints":{"allow":["GET"]}}],"collection":[{"href":"https:\/\/inteligentny-rozwoj.com.pl\/index.php\/wp-json\/wp\/v2\/pages"}],"about":[{"href":"https:\/\/inteligentny-rozwoj.com.pl\/index.php\/wp-json\/wp\/v2\/types\/page"}],"author":[{"embeddable":true,"href":"https:\/\/inteligentny-rozwoj.com.pl\/index.php\/wp-json\/wp\/v2\/users\/1"}],"replies":[{"embeddable":true,"href":"https:\/\/inteligentny-rozwoj.com.pl\/index.php\/wp-json\/wp\/v2\/comments?post=502"}],"version-history":[{"count":7,"href":"https:\/\/inteligentny-rozwoj.com.pl\/index.php\/wp-json\/wp\/v2\/pages\/502\/revisions"}],"predecessor-version":[{"id":1100,"href":"https:\/\/inteligentny-rozwoj.com.pl\/index.php\/wp-json\/wp\/v2\/pages\/502\/revisions\/1100"}],"up":[{"embeddable":true,"href":"https:\/\/inteligentny-rozwoj.com.pl\/index.php\/wp-json\/wp\/v2\/pages\/493"}],"wp:attachment":[{"href":"https:\/\/inteligentny-rozwoj.com.pl\/index.php\/wp-json\/wp\/v2\/media?parent=502"}],"curies":[{"name":"wp","href":"https:\/\/api.w.org\/{rel}","templated":true}]}}