{"id":506,"date":"2014-09-29T13:50:02","date_gmt":"2014-09-29T11:50:02","guid":{"rendered":"https:\/\/inteligentny-rozwoj.com.pl\/?page_id=506"},"modified":"2014-10-02T13:20:17","modified_gmt":"2014-10-02T11:20:17","slug":"ochrona-srodowiska","status":"publish","type":"page","link":"https:\/\/inteligentny-rozwoj.com.pl\/index.php\/fundusze-europejskie-2014-2020\/mrpo-2014-2020\/ochrona-srodowiska\/","title":{"rendered":"5. Ochrona \u015arodowiska"},"content":{"rendered":"<h3 style=\"text-align: justify;\">MRPO 2014-2020 \u2013 O\u015b priorytetowa 5 \u2013 Ochrona \u015arodowiska<\/h3>\n<p style=\"text-align: justify;\">Celem g\u0142\u00f3wnym osi priorytetowej 5. Ochrona \u015arodowiska Ma\u0142opolskiego Regionalnego Programu Operacyjnego 2014-2020 jest wzmocnienie stanu bezpiecze\u0144stwa ekologicznego regionu z zachowaniem zasad r\u00f3wnowagi pomi\u0119dzy popraw\u0105 stanu \u015brodowiska, racjonalnym u\u017cytkowaniem zasob\u00f3w naturalnych oraz minimalizowaniem niekorzystnych oddzia\u0142ywa\u0144 na \u015brodowisko i jego zasoby.<\/p>\n<p style=\"text-align: justify;\">O\u015b priorytetowa 5. Ochrona \u015arodowiska, realizowana w ramach\u00a0Regionalnego Programu Operacyjnego Wojew\u00f3dztwa Ma\u0142opolskiego na lata 2014-2020, przewiduje do realizacji nast\u0119puj\u0105ce dzia\u0142ania:<\/p>\n<p style=\"text-align: justify;\">DZIA\u0141ANIE 5.1 ADAPTACJA DO ZMIAN KLIMATU<\/p>\n<p style=\"text-align: justify; padding-left: 30px;\">Poddzia\u0142anie 5.1.1 RETENCJONOWANIE WODY<br \/>\nZwi\u0119kszenie retencyjno\u015bci dolin rzecznych, w tym m.in.:<\/p>\n<blockquote>\n<ul>\n<li>Rozw\u00f3j r\u00f3\u017cnych form ma\u0142ej retencji<\/li>\n<li>Podejmowanie dzia\u0142a\u0144 z zakresu renaturyzacja rzek, potok\u00f3w<\/li>\n<\/ul>\n<\/blockquote>\n<p style=\"text-align: justify; padding-left: 30px;\">Poddzia\u0142anie 5.1.2 OSUWISKA<\/p>\n<blockquote>\n<ul>\n<li>Przeciwdzia\u0142anie ruchom masowym na terenach zinwentaryzowanych, polegaj\u0105ce m.in. na stosowaniu szaty ro\u015blinnej, stabilizacji biotechnicznej, zmniejszeniu negatywnego oddzia\u0142ywania w\u00f3d gruntowych, opadowych i p\u0142yn\u0105cych oraz zwi\u0119kszeniu stablino\u015bci przez wzmacnianie zboczy i zmian\u0119 geometrii.<\/li>\n<\/ul>\n<\/blockquote>\n<p style=\"text-align: justify; padding-left: 30px;\">Poddzia\u0142anie 5.1.3 WSPARCIE S\u0141U\u017bB RATUNKOWYCH<\/p>\n<blockquote>\n<ul>\n<li>Inwestycje maj\u0105ce na celu zakup sprz\u0119tu i urz\u0105dze\u0144 niezb\u0119dnych do poprawnego funkcjonowania s\u0142u\u017cb pe\u0142ni\u0105cych kluczow\u0105 rol\u0119 w zapewnieniu bezpiecze\u0144stwa mieszka\u0144c\u00f3w w regionie.<\/li>\n<li>Tworzenie i rozwijanie system\u00f3w monitorowania i ostrzegania przed kl\u0119skami \u017cywio\u0142owymi.<\/li>\n<\/ul>\n<\/blockquote>\n<p style=\"text-align: justify;\">DZIA\u0141ANIE 5.2 OCHRONA ZASOB\u00d3W WODNYCH<\/p>\n<p style=\"text-align: justify;\">DZIA\u0141ANIE 5.3 ROZWIJANIE SYSTEMU GOSPODARKI ODPADAMI<\/p>\n","protected":false},"excerpt":{"rendered":"<p>MRPO 2014-2020 &ndash; O&#347; priorytetowa 5 &ndash; Ochrona &#346;rodowiska Celem g&#322;&oacute;wnym osi priorytetowej 5. Ochrona &#346;rodowiska Ma&#322;opolskiego Regionalnego Programu Operacyjnego 2014-2020 jest wzmocnienie stanu bezpiecze&#324;stwa ekologicznego regionu z zachowaniem zasad r&oacute;wnowagi pomi&#281;dzy popraw&#261; stanu &#347;rodowiska, racjonalnym u&#380;ytkowaniem zasob&oacute;w naturalnych oraz minimalizowaniem niekorzystnych oddzia&#322;ywa&#324; na &#347;rodowisko i jego zasoby. O&#347; priorytetowa 5. Ochrona &#346;rodowiska, realizowana w [&hellip;]<\/p>\n","protected":false},"author":1,"featured_media":0,"parent":493,"menu_order":5,"comment_status":"closed","ping_status":"closed","template":"page-templates\/full-width.php","meta":{"_crdt_document":"","content-type":"","_uag_custom_page_level_css":"","footnotes":""},"class_list":["post-506","page","type-page","status-publish","hentry"],"yoast_head":"<!-- This site is optimized with the Yoast SEO plugin v27.5 - https:\/\/yoast.com\/product\/yoast-seo-wordpress\/ -->\n<title>Ochrona \u015arodowiska -Ma\u0142opolski Regionalny Program Operacyjny 2014-2020<\/title>\n<meta name=\"description\" content=\"Ochrona \u015arodowiska - Ma\u0142opolski Regionalny Program Operacyjny 2014-2020 - Celem g\u0142\u00f3wnym osi jest wzmocnienie stanu bezpiecze\u0144stwa ekologicznego regionu.\" \/>\n<meta name=\"robots\" content=\"index, follow, max-snippet:-1, max-image-preview:large, max-video-preview:-1\" \/>\n<link rel=\"canonical\" href=\"https:\/\/inteligentny-rozwoj.com.pl\/index.php\/fundusze-europejskie-2014-2020\/mrpo-2014-2020\/ochrona-srodowiska\/\" \/>\n<meta property=\"og:locale\" content=\"pl_PL\" \/>\n<meta property=\"og:type\" content=\"article\" \/>\n<meta property=\"og:title\" content=\"Ochrona \u015arodowiska -Ma\u0142opolski Regionalny Program Operacyjny 2014-2020\" \/>\n<meta property=\"og:description\" content=\"Ochrona \u015arodowiska - Ma\u0142opolski Regionalny Program Operacyjny 2014-2020 - Celem g\u0142\u00f3wnym osi jest wzmocnienie stanu bezpiecze\u0144stwa ekologicznego regionu.\" \/>\n<meta property=\"og:url\" content=\"https:\/\/inteligentny-rozwoj.com.pl\/index.php\/fundusze-europejskie-2014-2020\/mrpo-2014-2020\/ochrona-srodowiska\/\" \/>\n<meta property=\"og:site_name\" content=\"RP CONSULTING Rafa\u0142 Pasterczyk | marketing B2B, eksport, dotacje UE\" \/>\n<meta property=\"article:publisher\" content=\"https:\/\/www.facebook.com\/RPConsulting\" \/>\n<meta property=\"article:modified_time\" content=\"2014-10-02T11:20:17+00:00\" \/>\n<meta property=\"og:image\" content=\"https:\/\/inteligentny-rozwoj.com.pl\/wp-content\/uploads\/2021\/06\/rpc_logo_sq.png\" \/>\n\t<meta property=\"og:image:width\" content=\"350\" \/>\n\t<meta property=\"og:image:height\" content=\"300\" \/>\n\t<meta property=\"og:image:type\" content=\"image\/png\" \/>\n<meta name=\"twitter:card\" content=\"summary_large_image\" \/>\n<meta name=\"twitter:site\" content=\"@rp_consulting\" \/>\n<meta name=\"twitter:label1\" content=\"Szacowany czas czytania\" \/>\n\t<meta name=\"twitter:data1\" content=\"1 minuta\" \/>\n<script type=\"application\/ld+json\" class=\"yoast-schema-graph\">{\"@context\":\"https:\\\/\\\/schema.org\",\"@graph\":[{\"@type\":\"Article\",\"@id\":\"https:\\\/\\\/inteligentny-rozwoj.com.pl\\\/index.php\\\/fundusze-europejskie-2014-2020\\\/mrpo-2014-2020\\\/ochrona-srodowiska\\\/#article\",\"isPartOf\":{\"@id\":\"https:\\\/\\\/inteligentny-rozwoj.com.pl\\\/index.php\\\/fundusze-europejskie-2014-2020\\\/mrpo-2014-2020\\\/ochrona-srodowiska\\\/\"},\"author\":{\"name\":\"RP CONSULTING Rafa\u0142 Pasterczyk\",\"@id\":\"https:\\\/\\\/inteligentny-rozwoj.com.pl\\\/#\\\/schema\\\/person\\\/781a467e5e331ce384632759ecdba772\"},\"headline\":\"5. Ochrona \u015arodowiska\",\"datePublished\":\"2014-09-29T11:50:02+00:00\",\"dateModified\":\"2014-10-02T11:20:17+00:00\",\"mainEntityOfPage\":{\"@id\":\"https:\\\/\\\/inteligentny-rozwoj.com.pl\\\/index.php\\\/fundusze-europejskie-2014-2020\\\/mrpo-2014-2020\\\/ochrona-srodowiska\\\/\"},\"wordCount\":225,\"publisher\":{\"@id\":\"https:\\\/\\\/inteligentny-rozwoj.com.pl\\\/#organization\"},\"inLanguage\":\"pl-PL\"},{\"@type\":\"WebPage\",\"@id\":\"https:\\\/\\\/inteligentny-rozwoj.com.pl\\\/index.php\\\/fundusze-europejskie-2014-2020\\\/mrpo-2014-2020\\\/ochrona-srodowiska\\\/\",\"url\":\"https:\\\/\\\/inteligentny-rozwoj.com.pl\\\/index.php\\\/fundusze-europejskie-2014-2020\\\/mrpo-2014-2020\\\/ochrona-srodowiska\\\/\",\"name\":\"Ochrona \u015arodowiska -Ma\u0142opolski Regionalny Program Operacyjny 2014-2020\",\"isPartOf\":{\"@id\":\"https:\\\/\\\/inteligentny-rozwoj.com.pl\\\/#website\"},\"datePublished\":\"2014-09-29T11:50:02+00:00\",\"dateModified\":\"2014-10-02T11:20:17+00:00\",\"description\":\"Ochrona \u015arodowiska - Ma\u0142opolski Regionalny Program Operacyjny 2014-2020 - Celem g\u0142\u00f3wnym osi jest wzmocnienie stanu bezpiecze\u0144stwa ekologicznego regionu.\",\"breadcrumb\":{\"@id\":\"https:\\\/\\\/inteligentny-rozwoj.com.pl\\\/index.php\\\/fundusze-europejskie-2014-2020\\\/mrpo-2014-2020\\\/ochrona-srodowiska\\\/#breadcrumb\"},\"inLanguage\":\"pl-PL\",\"potentialAction\":[{\"@type\":\"ReadAction\",\"target\":[\"https:\\\/\\\/inteligentny-rozwoj.com.pl\\\/index.php\\\/fundusze-europejskie-2014-2020\\\/mrpo-2014-2020\\\/ochrona-srodowiska\\\/\"]}]},{\"@type\":\"BreadcrumbList\",\"@id\":\"https:\\\/\\\/inteligentny-rozwoj.com.pl\\\/index.php\\\/fundusze-europejskie-2014-2020\\\/mrpo-2014-2020\\\/ochrona-srodowiska\\\/#breadcrumb\",\"itemListElement\":[{\"@type\":\"ListItem\",\"position\":1,\"name\":\"Fundusze 2014-2020\",\"item\":\"https:\\\/\\\/inteligentny-rozwoj.com.pl\\\/index.php\\\/fundusze-europejskie-2014-2020\\\/\"},{\"@type\":\"ListItem\",\"position\":2,\"name\":\"RPO WM 2014-2020\",\"item\":\"https:\\\/\\\/inteligentny-rozwoj.com.pl\\\/index.php\\\/fundusze-europejskie-2014-2020\\\/mrpo-2014-2020\\\/\"},{\"@type\":\"ListItem\",\"position\":3,\"name\":\"5. Ochrona \u015arodowiska\"}]},{\"@type\":\"WebSite\",\"@id\":\"https:\\\/\\\/inteligentny-rozwoj.com.pl\\\/#website\",\"url\":\"https:\\\/\\\/inteligentny-rozwoj.com.pl\\\/\",\"name\":\"RP CONSULTING Rafa\u0142 Pasterczyk | marketing B2B, eksport, dotacje UE\",\"description\":\"Tw\u00f3j partner w rozwoju biznesu - skuteczne doradztwo w marketingu B2B, rozwoju eksportu i pozyskiwaniu dotacji\",\"publisher\":{\"@id\":\"https:\\\/\\\/inteligentny-rozwoj.com.pl\\\/#organization\"},\"alternateName\":\"Rafa\u0142 Pasterczyk RP CONSULTING\",\"potentialAction\":[{\"@type\":\"SearchAction\",\"target\":{\"@type\":\"EntryPoint\",\"urlTemplate\":\"https:\\\/\\\/inteligentny-rozwoj.com.pl\\\/?s={search_term_string}\"},\"query-input\":{\"@type\":\"PropertyValueSpecification\",\"valueRequired\":true,\"valueName\":\"search_term_string\"}}],\"inLanguage\":\"pl-PL\"},{\"@type\":\"Organization\",\"@id\":\"https:\\\/\\\/inteligentny-rozwoj.com.pl\\\/#organization\",\"name\":\"RP CONSULTING Rafa\u0142 Pasterczyk\",\"alternateName\":\"Rafa\u0142 Pasterczyk RP CONSULTING\",\"url\":\"https:\\\/\\\/inteligentny-rozwoj.com.pl\\\/\",\"logo\":{\"@type\":\"ImageObject\",\"inLanguage\":\"pl-PL\",\"@id\":\"https:\\\/\\\/inteligentny-rozwoj.com.pl\\\/#\\\/schema\\\/logo\\\/image\\\/\",\"url\":\"https:\\\/\\\/inteligentny-rozwoj.com.pl\\\/wp-content\\\/uploads\\\/2019\\\/01\\\/cropped-rpc_logo_sq-e1546996617786.png\",\"contentUrl\":\"https:\\\/\\\/inteligentny-rozwoj.com.pl\\\/wp-content\\\/uploads\\\/2019\\\/01\\\/cropped-rpc_logo_sq-e1546996617786.png\",\"width\":512,\"height\":512,\"caption\":\"RP CONSULTING Rafa\u0142 Pasterczyk\"},\"image\":{\"@id\":\"https:\\\/\\\/inteligentny-rozwoj.com.pl\\\/#\\\/schema\\\/logo\\\/image\\\/\"},\"sameAs\":[\"https:\\\/\\\/www.facebook.com\\\/RPConsulting\",\"https:\\\/\\\/x.com\\\/rp_consulting\",\"https:\\\/\\\/www.instagram.com\\\/rpconsulting.pl\\\/\",\"https:\\\/\\\/pl.linkedin.com\\\/company\\\/rp-consulting-rpc\",\"https:\\\/\\\/www.linkedin.com\\\/in\\\/rafal-pasterczyk\\\/\"]},{\"@type\":\"Person\",\"@id\":\"https:\\\/\\\/inteligentny-rozwoj.com.pl\\\/#\\\/schema\\\/person\\\/781a467e5e331ce384632759ecdba772\",\"name\":\"RP CONSULTING Rafa\u0142 Pasterczyk\",\"image\":{\"@type\":\"ImageObject\",\"inLanguage\":\"pl-PL\",\"@id\":\"https:\\\/\\\/secure.gravatar.com\\\/avatar\\\/fde501377d5b06ef1fb158c1ea34fe2defd80fd9526b2263a81456023558c240?s=96&d=mm&r=g\",\"url\":\"https:\\\/\\\/secure.gravatar.com\\\/avatar\\\/fde501377d5b06ef1fb158c1ea34fe2defd80fd9526b2263a81456023558c240?s=96&d=mm&r=g\",\"contentUrl\":\"https:\\\/\\\/secure.gravatar.com\\\/avatar\\\/fde501377d5b06ef1fb158c1ea34fe2defd80fd9526b2263a81456023558c240?s=96&d=mm&r=g\",\"caption\":\"RP CONSULTING Rafa\u0142 Pasterczyk\"},\"description\":\"Doradztwo biznesowe, outsourcing i interim management w zakresie marketingu B2B, rozwoju eksportu, a tak\u017ce pozyskiwanie i rozliczanie dotacji na rozw\u00f3j eksportu i cyfryzacj\u0119. Ponad 20 lat do\u015bwiadczenia w B2B i ponad 100 skutecznie zrealizowanych projekt\u00f3w dla M\u015aP. Wiele z nich \u0142\u0105czy doradztwo w zakresie strategii internacjonalizacji ze skutecznym pozyskaniem dofinansowania na dzia\u0142ania na rynkach zagranicznych.\",\"sameAs\":[\"https:\\\/\\\/inteligentny-rozwoj.com.pl\\\/\",\"https:\\\/\\\/www.facebook.com\\\/RPConsulting\\\/\",\"https:\\\/\\\/www.instagram.com\\\/rpconsulting.pl\\\/\",\"https:\\\/\\\/pl.linkedin.com\\\/company\\\/rp-consulting-rpc\",\"https:\\\/\\\/www.youtube.com\\\/@RPCONSULTING-b2b\"],\"url\":\"https:\\\/\\\/inteligentny-rozwoj.com.pl\\\/index.php\\\/author\\\/rpconsulting\\\/\"}]}<\/script>\n<!-- \/ Yoast SEO plugin. -->","yoast_head_json":{"title":"Ochrona \u015arodowiska -Ma\u0142opolski Regionalny Program Operacyjny 2014-2020","description":"Ochrona \u015arodowiska - Ma\u0142opolski Regionalny Program Operacyjny 2014-2020 - Celem g\u0142\u00f3wnym osi jest wzmocnienie stanu bezpiecze\u0144stwa ekologicznego regionu.","robots":{"index":"index","follow":"follow","max-snippet":"max-snippet:-1","max-image-preview":"max-image-preview:large","max-video-preview":"max-video-preview:-1"},"canonical":"https:\/\/inteligentny-rozwoj.com.pl\/index.php\/fundusze-europejskie-2014-2020\/mrpo-2014-2020\/ochrona-srodowiska\/","og_locale":"pl_PL","og_type":"article","og_title":"Ochrona \u015arodowiska -Ma\u0142opolski Regionalny Program Operacyjny 2014-2020","og_description":"Ochrona \u015arodowiska - Ma\u0142opolski Regionalny Program Operacyjny 2014-2020 - Celem g\u0142\u00f3wnym osi jest wzmocnienie stanu bezpiecze\u0144stwa ekologicznego regionu.","og_url":"https:\/\/inteligentny-rozwoj.com.pl\/index.php\/fundusze-europejskie-2014-2020\/mrpo-2014-2020\/ochrona-srodowiska\/","og_site_name":"RP CONSULTING Rafa\u0142 Pasterczyk | marketing B2B, eksport, dotacje UE","article_publisher":"https:\/\/www.facebook.com\/RPConsulting","article_modified_time":"2014-10-02T11:20:17+00:00","og_image":[{"width":350,"height":300,"url":"https:\/\/inteligentny-rozwoj.com.pl\/wp-content\/uploads\/2021\/06\/rpc_logo_sq.png","type":"image\/png"}],"twitter_card":"summary_large_image","twitter_site":"@rp_consulting","twitter_misc":{"Szacowany czas czytania":"1 minuta"},"schema":{"@context":"https:\/\/schema.org","@graph":[{"@type":"Article","@id":"https:\/\/inteligentny-rozwoj.com.pl\/index.php\/fundusze-europejskie-2014-2020\/mrpo-2014-2020\/ochrona-srodowiska\/#article","isPartOf":{"@id":"https:\/\/inteligentny-rozwoj.com.pl\/index.php\/fundusze-europejskie-2014-2020\/mrpo-2014-2020\/ochrona-srodowiska\/"},"author":{"name":"RP CONSULTING Rafa\u0142 Pasterczyk","@id":"https:\/\/inteligentny-rozwoj.com.pl\/#\/schema\/person\/781a467e5e331ce384632759ecdba772"},"headline":"5. Ochrona \u015arodowiska","datePublished":"2014-09-29T11:50:02+00:00","dateModified":"2014-10-02T11:20:17+00:00","mainEntityOfPage":{"@id":"https:\/\/inteligentny-rozwoj.com.pl\/index.php\/fundusze-europejskie-2014-2020\/mrpo-2014-2020\/ochrona-srodowiska\/"},"wordCount":225,"publisher":{"@id":"https:\/\/inteligentny-rozwoj.com.pl\/#organization"},"inLanguage":"pl-PL"},{"@type":"WebPage","@id":"https:\/\/inteligentny-rozwoj.com.pl\/index.php\/fundusze-europejskie-2014-2020\/mrpo-2014-2020\/ochrona-srodowiska\/","url":"https:\/\/inteligentny-rozwoj.com.pl\/index.php\/fundusze-europejskie-2014-2020\/mrpo-2014-2020\/ochrona-srodowiska\/","name":"Ochrona \u015arodowiska -Ma\u0142opolski Regionalny Program Operacyjny 2014-2020","isPartOf":{"@id":"https:\/\/inteligentny-rozwoj.com.pl\/#website"},"datePublished":"2014-09-29T11:50:02+00:00","dateModified":"2014-10-02T11:20:17+00:00","description":"Ochrona \u015arodowiska - Ma\u0142opolski Regionalny Program Operacyjny 2014-2020 - Celem g\u0142\u00f3wnym osi jest wzmocnienie stanu bezpiecze\u0144stwa ekologicznego regionu.","breadcrumb":{"@id":"https:\/\/inteligentny-rozwoj.com.pl\/index.php\/fundusze-europejskie-2014-2020\/mrpo-2014-2020\/ochrona-srodowiska\/#breadcrumb"},"inLanguage":"pl-PL","potentialAction":[{"@type":"ReadAction","target":["https:\/\/inteligentny-rozwoj.com.pl\/index.php\/fundusze-europejskie-2014-2020\/mrpo-2014-2020\/ochrona-srodowiska\/"]}]},{"@type":"BreadcrumbList","@id":"https:\/\/inteligentny-rozwoj.com.pl\/index.php\/fundusze-europejskie-2014-2020\/mrpo-2014-2020\/ochrona-srodowiska\/#breadcrumb","itemListElement":[{"@type":"ListItem","position":1,"name":"Fundusze 2014-2020","item":"https:\/\/inteligentny-rozwoj.com.pl\/index.php\/fundusze-europejskie-2014-2020\/"},{"@type":"ListItem","position":2,"name":"RPO WM 2014-2020","item":"https:\/\/inteligentny-rozwoj.com.pl\/index.php\/fundusze-europejskie-2014-2020\/mrpo-2014-2020\/"},{"@type":"ListItem","position":3,"name":"5. Ochrona \u015arodowiska"}]},{"@type":"WebSite","@id":"https:\/\/inteligentny-rozwoj.com.pl\/#website","url":"https:\/\/inteligentny-rozwoj.com.pl\/","name":"RP CONSULTING Rafa\u0142 Pasterczyk | marketing B2B, eksport, dotacje UE","description":"Tw\u00f3j partner w rozwoju biznesu - skuteczne doradztwo w marketingu B2B, rozwoju eksportu i pozyskiwaniu dotacji","publisher":{"@id":"https:\/\/inteligentny-rozwoj.com.pl\/#organization"},"alternateName":"Rafa\u0142 Pasterczyk RP CONSULTING","potentialAction":[{"@type":"SearchAction","target":{"@type":"EntryPoint","urlTemplate":"https:\/\/inteligentny-rozwoj.com.pl\/?s={search_term_string}"},"query-input":{"@type":"PropertyValueSpecification","valueRequired":true,"valueName":"search_term_string"}}],"inLanguage":"pl-PL"},{"@type":"Organization","@id":"https:\/\/inteligentny-rozwoj.com.pl\/#organization","name":"RP CONSULTING Rafa\u0142 Pasterczyk","alternateName":"Rafa\u0142 Pasterczyk RP CONSULTING","url":"https:\/\/inteligentny-rozwoj.com.pl\/","logo":{"@type":"ImageObject","inLanguage":"pl-PL","@id":"https:\/\/inteligentny-rozwoj.com.pl\/#\/schema\/logo\/image\/","url":"https:\/\/inteligentny-rozwoj.com.pl\/wp-content\/uploads\/2019\/01\/cropped-rpc_logo_sq-e1546996617786.png","contentUrl":"https:\/\/inteligentny-rozwoj.com.pl\/wp-content\/uploads\/2019\/01\/cropped-rpc_logo_sq-e1546996617786.png","width":512,"height":512,"caption":"RP CONSULTING Rafa\u0142 Pasterczyk"},"image":{"@id":"https:\/\/inteligentny-rozwoj.com.pl\/#\/schema\/logo\/image\/"},"sameAs":["https:\/\/www.facebook.com\/RPConsulting","https:\/\/x.com\/rp_consulting","https:\/\/www.instagram.com\/rpconsulting.pl\/","https:\/\/pl.linkedin.com\/company\/rp-consulting-rpc","https:\/\/www.linkedin.com\/in\/rafal-pasterczyk\/"]},{"@type":"Person","@id":"https:\/\/inteligentny-rozwoj.com.pl\/#\/schema\/person\/781a467e5e331ce384632759ecdba772","name":"RP CONSULTING Rafa\u0142 Pasterczyk","image":{"@type":"ImageObject","inLanguage":"pl-PL","@id":"https:\/\/secure.gravatar.com\/avatar\/fde501377d5b06ef1fb158c1ea34fe2defd80fd9526b2263a81456023558c240?s=96&d=mm&r=g","url":"https:\/\/secure.gravatar.com\/avatar\/fde501377d5b06ef1fb158c1ea34fe2defd80fd9526b2263a81456023558c240?s=96&d=mm&r=g","contentUrl":"https:\/\/secure.gravatar.com\/avatar\/fde501377d5b06ef1fb158c1ea34fe2defd80fd9526b2263a81456023558c240?s=96&d=mm&r=g","caption":"RP CONSULTING Rafa\u0142 Pasterczyk"},"description":"Doradztwo biznesowe, outsourcing i interim management w zakresie marketingu B2B, rozwoju eksportu, a tak\u017ce pozyskiwanie i rozliczanie dotacji na rozw\u00f3j eksportu i cyfryzacj\u0119. Ponad 20 lat do\u015bwiadczenia w B2B i ponad 100 skutecznie zrealizowanych projekt\u00f3w dla M\u015aP. Wiele z nich \u0142\u0105czy doradztwo w zakresie strategii internacjonalizacji ze skutecznym pozyskaniem dofinansowania na dzia\u0142ania na rynkach zagranicznych.","sameAs":["https:\/\/inteligentny-rozwoj.com.pl\/","https:\/\/www.facebook.com\/RPConsulting\/","https:\/\/www.instagram.com\/rpconsulting.pl\/","https:\/\/pl.linkedin.com\/company\/rp-consulting-rpc","https:\/\/www.youtube.com\/@RPCONSULTING-b2b"],"url":"https:\/\/inteligentny-rozwoj.com.pl\/index.php\/author\/rpconsulting\/"}]}},"uagb_featured_image_src":{"full":false,"thumbnail":false,"medium":false,"medium_large":false,"large":false,"1536x1536":false,"2048x2048":false,"post-thumbnail":false,"sow-carousel-default":false,"sow-blog-portfolio":false,"sow-blog-grid":false,"sow-blog-alternate":false},"uagb_author_info":{"display_name":"RP CONSULTING Rafa\u0142 Pasterczyk","author_link":"https:\/\/inteligentny-rozwoj.com.pl\/index.php\/author\/rpconsulting\/"},"uagb_comment_info":0,"uagb_excerpt":"MRPO 2014-2020 &ndash; O&#347; priorytetowa 5 &ndash; Ochrona &#346;rodowiska Celem g&#322;&oacute;wnym osi priorytetowej 5. Ochrona &#346;rodowiska Ma&#322;opolskiego Regionalnego Programu Operacyjnego 2014-2020 jest wzmocnienie stanu bezpiecze&#324;stwa ekologicznego regionu z zachowaniem zasad r&oacute;wnowagi pomi&#281;dzy popraw&#261; stanu &#347;rodowiska, racjonalnym u&#380;ytkowaniem zasob&oacute;w naturalnych oraz minimalizowaniem niekorzystnych oddzia&#322;ywa&#324; na &#347;rodowisko i jego zasoby. O&#347; priorytetowa 5. Ochrona &#346;rodowiska, realizowana w&hellip;","_links":{"self":[{"href":"https:\/\/inteligentny-rozwoj.com.pl\/index.php\/wp-json\/wp\/v2\/pages\/506","targetHints":{"allow":["GET"]}}],"collection":[{"href":"https:\/\/inteligentny-rozwoj.com.pl\/index.php\/wp-json\/wp\/v2\/pages"}],"about":[{"href":"https:\/\/inteligentny-rozwoj.com.pl\/index.php\/wp-json\/wp\/v2\/types\/page"}],"author":[{"embeddable":true,"href":"https:\/\/inteligentny-rozwoj.com.pl\/index.php\/wp-json\/wp\/v2\/users\/1"}],"replies":[{"embeddable":true,"href":"https:\/\/inteligentny-rozwoj.com.pl\/index.php\/wp-json\/wp\/v2\/comments?post=506"}],"version-history":[{"count":5,"href":"https:\/\/inteligentny-rozwoj.com.pl\/index.php\/wp-json\/wp\/v2\/pages\/506\/revisions"}],"predecessor-version":[{"id":586,"href":"https:\/\/inteligentny-rozwoj.com.pl\/index.php\/wp-json\/wp\/v2\/pages\/506\/revisions\/586"}],"up":[{"embeddable":true,"href":"https:\/\/inteligentny-rozwoj.com.pl\/index.php\/wp-json\/wp\/v2\/pages\/493"}],"wp:attachment":[{"href":"https:\/\/inteligentny-rozwoj.com.pl\/index.php\/wp-json\/wp\/v2\/media?parent=506"}],"curies":[{"name":"wp","href":"https:\/\/api.w.org\/{rel}","templated":true}]}}