{"id":508,"date":"2014-09-29T13:50:45","date_gmt":"2014-09-29T11:50:45","guid":{"rendered":"https:\/\/inteligentny-rozwoj.com.pl\/?page_id=508"},"modified":"2014-10-02T13:29:17","modified_gmt":"2014-10-02T11:29:17","slug":"dziedzictwo-regionalne","status":"publish","type":"page","link":"https:\/\/inteligentny-rozwoj.com.pl\/index.php\/fundusze-europejskie-2014-2020\/mrpo-2014-2020\/dziedzictwo-regionalne\/","title":{"rendered":"6. Dziedzictwo Regionalne"},"content":{"rendered":"<h3 style=\"text-align: justify;\">MRPO 2014-2020 \u2013 O\u015b priorytetowa 6 \u2013 Dziedzictwo Regionalne<\/h3>\n<p style=\"text-align: justify;\">Celem g\u0142\u00f3wnym osi priorytetowej 6. Dziedzictwo Regionalne Ma\u0142opolskiego Regionalnego Programu Operacyjnego 2014-2020 jest Podniesienie atrakcyjno\u015bci i konkurencyjno\u015bci regionu w oparciu o zasoby dziedzictwa regionalnego.<\/p>\n<p style=\"text-align: justify;\">O\u015b priorytetowa\u00a06. Dziedzictwo Regionalne, realizowana w ramach\u00a0Regionalnego Programu Operacyjnego Wojew\u00f3dztwa Ma\u0142opolskiego na lata 2014-2020, przewiduje do realizacji nast\u0119puj\u0105ce dzia\u0142ania:<\/p>\n<p style=\"text-align: justify;\">DZIA\u0141ANIE 6.1 ROZW\u00d3J DZIEDZICTWA KULTUROWEGO<\/p>\n<p style=\"text-align: justify; padding-left: 30px;\">Poddzia\u0142anie 6.1.1 OCHRONA I OPIEKA NAD ZABYTKAMI<\/p>\n<p style=\"text-align: justify; padding-left: 30px;\">Poddzia\u0142anie 6.1.2 UDOST\u0118PNIANIE I PROMOCJA DZIEDZICTWA KULTUROWEGO<\/p>\n<p style=\"text-align: justify;\">DZIA\u0141ANIE 6.2 ROZW\u00d3J DZIEDZICTWA PRZYRODNICZEGO<\/p>\n<p style=\"text-align: justify; padding-left: 30px;\">Poddzia\u0142anie 6.2.1 OCHRONA R\u00d3\u017bNORODNO\u015aCI BIOLOGICZNEJ:<br \/>\nPrzedsi\u0119wzi\u0119cia zmierzaj\u0105ce do zachowania oraz ochrony r\u00f3\u017cnorodno\u015bci biologicznej w regionie, realizowane na terenie obj\u0119tym form\u0105 ochrony przyrody, w tym na terenie park\u00f3w krajobrazowych, rezerwat\u00f3w przyrody, obszarach chronionego krajobrazu, m.in. poprzez:<\/p>\n<blockquote>\n<ul>\n<li>czynn\u0105 ochron\u0119 ekosystem\u00f3w, siedlisk i gatunk\u00f3w ro\u015blin, zwierz\u0105t i grzyb\u00f3w (w tym usuwanie obcych gatunk\u00f3w inwazyjnych z teren\u00f3w cennych przyrodniczo, introdukcja i reintrodukcja gatunk\u00f3w chronionych i\/lub zagro\u017conych);<\/li>\n<li>rozw\u00f3j zielonej infrastruktury (w tym m.in. likwidacj\u0119 barier ekologicznych);<\/li>\n<li>opracowywanie dokument\u00f3w planistycznych dla form ochrony przyrody, inwentaryzacj\u0119 i waloryzacj\u0119 przyrodnicz\u0105 gmin;<\/li>\n<li>budow\u0119, rozbudow\u0119 i modernizacj\u0119 o\u015brodk\u00f3w edukacji ekologicznej (w tym realizacj\u0119 projekt\u00f3w z zakresu edukacji ekologicznej);<\/li>\n<li>tworzenie centr\u00f3w ochrony r\u00f3\u017cnorodno\u015bci biologicznej na obszarach miejskich i pozamiejskich (np. ogrody botaniczne, o\u015brodki rehabilitacji zwierz\u0105t chronionych);<\/li>\n<li>rozw\u00f3j infrastruktury s\u0142u\u017c\u0105cej ochronie przyrody i promocji obszar\u00f3w cennych przyrodniczo;<\/li>\n<li>tworzenie nowych oraz ochron\u0119, piel\u0119gnacj\u0119 i konserwacj\u0119 istniej\u0105cych pomnik\u00f3w przyrody, u\u017cytk\u00f3w ekologicznych, stanowisk dokumentacyjnych, zespo\u0142\u00f3w przyrodniczo-krajobrazowych (w tym prowadzenie monitoringu przyrodniczego na formach ochrony przyrody).<\/li>\n<\/ul>\n<\/blockquote>\n<p style=\"text-align: justify; padding-left: 30px;\">Poddzia\u0142anie 6.2.2 LOKALNE TRASY TURYSTYCZNE:<br \/>\nPrzedsi\u0119wzi\u0119cia wykorzystuj\u0105ce lokalne zasoby przyrodnicze dla zwi\u0119kszenia atrakcyjno\u015bci turystycznej tych obszar\u00f3w, w szczeg\u00f3lno\u015bci dzia\u0142ania s\u0142u\u017c\u0105ce w\u0142a\u015bciwemu ukierunkowaniu ruchu turystycznego na obszarach cennych przyrodniczo, zapewniaj\u0105ce lepsz\u0105 ochron\u0119 warto\u015bci przyrodniczych, a jednocze\u015bnie przyczyniaj\u0105ce si\u0119 do zwi\u0119kszenia atrakcyjno\u015bci turystycznej tych obszar\u00f3w, w szczeg\u00f3lno\u015bci poprzez rozw\u00f3j i promocj\u0119 szlak\u00f3w turystycznych i rekreacyjnych (w tym tras rowerowych, biegowych, narciarskich tras biegowych itp.)<\/p>\n<p style=\"text-align: justify; padding-left: 30px;\">Poddzia\u0142anie 6.2.3 REGIONALNA SIE\u0106 TRAS ROWEROWYCH:<br \/>\nPrzedsi\u0119wzi\u0119cia zwi\u0105zane z realizacj\u0105 zintegrowanej sieci g\u0142\u00f3wnych tras rowerowych, przebiegaj\u0105cych przez ca\u0142e wojew\u00f3dztwo i \u0142\u0105cz\u0105cych g\u0142\u00f3wne jego o\u015brodki. Przedsi\u0119wzi\u0119cia s\u0142u\u017cy\u0107 b\u0119d\u0105 w\u0142a\u015bciwemu ukierunkowaniu ruchu turystycznego na obszarach cennych przyrodniczo, zapewniaj\u0105c lepsz\u0105 ochron\u0119 warto\u015bci przyrodniczych oraz przyczyniaj\u0105c si\u0119 do zwi\u0119kszenia atrakcyjno\u015bci turystycznej tych obszar\u00f3w. <em>Przedsi\u0119wzi\u0119cia b\u0119d\u0105 realizowane w ramach trybu pozakonkursowego<\/em>.<\/p>\n<p style=\"text-align: justify;\">DZIA\u0141ANIE 6.3 ROZW\u00d3J WEWN\u0118TRZNYCH POTENCJA\u0141\u00d3W REGIONU<\/p>\n<p style=\"text-align: justify; padding-left: 30px;\">Poddzia\u0142anie 6.3.1 WSPARCIE LOKALNYCH ZASOB\u00d3W:<br \/>\nPrzedsi\u0119wzi\u0119cia zwi\u0105zane z wykorzystaniem i rozwojem lokalnych zasob\u00f3w przyrodniczych lub krajobrazowych, realizowane w szczeg\u00f3lno\u015bci przez budow\u0119 i rozbudow\u0119 infrastruktury turystycznej, rekreacyjnej, kulturalnej (np. zagospodarowywanie turystyczne otoczenia zbiornik\u00f3w i ciek\u00f3w wodnych).<\/p>\n<p style=\"text-align: justify; padding-left: 30px;\">Poddzia\u0142anie 6.3.2 WSPARCIE MIEJSCOWO\u015aCI UZDROWISKOWYCH:<br \/>\nPrzedsi\u0119wzi\u0119cia zwi\u0105zane z wykorzystaniem i rozwojem specyficznych walor\u00f3w miejscowo\u015bci uzdrowiskowych w szczeg\u00f3lno\u015bci poprzez inwestycje w og\u00f3lnodost\u0119pne obiekty i infrastruktur\u0119 uzdrowiskow\u0105 oraz budow\u0119 i rozbudow\u0119 infrastruktury turystycznej, rekreacyjnej, kulturalnej w tych miejscowo\u015bciach.<br \/>\nWykaz miejscowo\u015bci uzdrowiskowych:<\/p>\n<blockquote>\n<ul>\n<li>Krynica,<\/li>\n<li>Muszyna,<\/li>\n<li>Piwniczna,<\/li>\n<li>Rabka,<\/li>\n<li>Szczawnica,<\/li>\n<li>Wapienne,<\/li>\n<li>Wysowa,<\/li>\n<li>\u017begiest\u00f3w<\/li>\n<li>Swoszowice &#8211; dzielnica Miasta Krakowa<\/li>\n<\/ul>\n<\/blockquote>\n","protected":false},"excerpt":{"rendered":"<p>MRPO 2014-2020 &ndash; O&#347; priorytetowa 6 &ndash; Dziedzictwo Regionalne Celem g&#322;&oacute;wnym osi priorytetowej 6. Dziedzictwo Regionalne Ma&#322;opolskiego Regionalnego Programu Operacyjnego 2014-2020 jest Podniesienie atrakcyjno&#347;ci i konkurencyjno&#347;ci regionu w oparciu o zasoby dziedzictwa regionalnego. O&#347; priorytetowa&nbsp;6. Dziedzictwo Regionalne, realizowana w ramach&nbsp;Regionalnego Programu Operacyjnego Wojew&oacute;dztwa Ma&#322;opolskiego na lata 2014-2020, przewiduje do realizacji nast&#281;puj&#261;ce dzia&#322;ania: DZIA&#321;ANIE 6.1 ROZW&Oacute;J [&hellip;]<\/p>\n","protected":false},"author":1,"featured_media":0,"parent":493,"menu_order":6,"comment_status":"closed","ping_status":"closed","template":"","meta":{"_crdt_document":"","content-type":"","_uag_custom_page_level_css":"","footnotes":""},"class_list":["post-508","page","type-page","status-publish","hentry"],"yoast_head":"<!-- This site is optimized with the Yoast SEO plugin v27.3 - https:\/\/yoast.com\/product\/yoast-seo-wordpress\/ -->\n<title>Dziedzictwo Regionalne - MRPO 2014-2020 - Ma\u0142opolski RPO<\/title>\n<meta name=\"description\" content=\"Dziedzictwo Regionalne - MRPO 2014-2020 - ma na celu podniesienie atrakcyjno\u015bci i konkurencyjno\u015bci regionu w oparciu o zasoby dziedzictwa regionalnego.\" \/>\n<meta name=\"robots\" content=\"index, follow, max-snippet:-1, max-image-preview:large, max-video-preview:-1\" \/>\n<link rel=\"canonical\" href=\"https:\/\/inteligentny-rozwoj.com.pl\/index.php\/fundusze-europejskie-2014-2020\/mrpo-2014-2020\/dziedzictwo-regionalne\/\" \/>\n<meta property=\"og:locale\" content=\"pl_PL\" \/>\n<meta property=\"og:type\" content=\"article\" \/>\n<meta property=\"og:title\" content=\"Dziedzictwo Regionalne - MRPO 2014-2020 - Ma\u0142opolski RPO\" \/>\n<meta property=\"og:description\" content=\"Dziedzictwo Regionalne - MRPO 2014-2020 - ma na celu podniesienie atrakcyjno\u015bci i konkurencyjno\u015bci regionu w oparciu o zasoby dziedzictwa regionalnego.\" \/>\n<meta property=\"og:url\" content=\"https:\/\/inteligentny-rozwoj.com.pl\/index.php\/fundusze-europejskie-2014-2020\/mrpo-2014-2020\/dziedzictwo-regionalne\/\" \/>\n<meta property=\"og:site_name\" content=\"RP CONSULTING Rafa\u0142 Pasterczyk | marketing B2B, eksport, dotacje UE\" \/>\n<meta property=\"article:publisher\" content=\"https:\/\/www.facebook.com\/RPConsulting\" \/>\n<meta property=\"article:modified_time\" content=\"2014-10-02T11:29:17+00:00\" \/>\n<meta property=\"og:image\" content=\"https:\/\/inteligentny-rozwoj.com.pl\/wp-content\/uploads\/2021\/06\/rpc_logo_sq.png\" \/>\n\t<meta property=\"og:image:width\" content=\"350\" \/>\n\t<meta property=\"og:image:height\" content=\"300\" \/>\n\t<meta property=\"og:image:type\" content=\"image\/png\" \/>\n<meta name=\"twitter:card\" content=\"summary_large_image\" \/>\n<meta name=\"twitter:site\" content=\"@rp_consulting\" \/>\n<meta name=\"twitter:label1\" content=\"Szacowany czas czytania\" \/>\n\t<meta name=\"twitter:data1\" content=\"3 minuty\" \/>\n<script type=\"application\/ld+json\" class=\"yoast-schema-graph\">{\"@context\":\"https:\\\/\\\/schema.org\",\"@graph\":[{\"@type\":\"Article\",\"@id\":\"https:\\\/\\\/inteligentny-rozwoj.com.pl\\\/index.php\\\/fundusze-europejskie-2014-2020\\\/mrpo-2014-2020\\\/dziedzictwo-regionalne\\\/#article\",\"isPartOf\":{\"@id\":\"https:\\\/\\\/inteligentny-rozwoj.com.pl\\\/index.php\\\/fundusze-europejskie-2014-2020\\\/mrpo-2014-2020\\\/dziedzictwo-regionalne\\\/\"},\"author\":{\"name\":\"RP CONSULTING Rafa\u0142 Pasterczyk\",\"@id\":\"https:\\\/\\\/inteligentny-rozwoj.com.pl\\\/#\\\/schema\\\/person\\\/781a467e5e331ce384632759ecdba772\"},\"headline\":\"6. Dziedzictwo Regionalne\",\"datePublished\":\"2014-09-29T11:50:45+00:00\",\"dateModified\":\"2014-10-02T11:29:17+00:00\",\"mainEntityOfPage\":{\"@id\":\"https:\\\/\\\/inteligentny-rozwoj.com.pl\\\/index.php\\\/fundusze-europejskie-2014-2020\\\/mrpo-2014-2020\\\/dziedzictwo-regionalne\\\/\"},\"wordCount\":565,\"publisher\":{\"@id\":\"https:\\\/\\\/inteligentny-rozwoj.com.pl\\\/#organization\"},\"inLanguage\":\"pl-PL\"},{\"@type\":\"WebPage\",\"@id\":\"https:\\\/\\\/inteligentny-rozwoj.com.pl\\\/index.php\\\/fundusze-europejskie-2014-2020\\\/mrpo-2014-2020\\\/dziedzictwo-regionalne\\\/\",\"url\":\"https:\\\/\\\/inteligentny-rozwoj.com.pl\\\/index.php\\\/fundusze-europejskie-2014-2020\\\/mrpo-2014-2020\\\/dziedzictwo-regionalne\\\/\",\"name\":\"Dziedzictwo Regionalne - MRPO 2014-2020 - Ma\u0142opolski RPO\",\"isPartOf\":{\"@id\":\"https:\\\/\\\/inteligentny-rozwoj.com.pl\\\/#website\"},\"datePublished\":\"2014-09-29T11:50:45+00:00\",\"dateModified\":\"2014-10-02T11:29:17+00:00\",\"description\":\"Dziedzictwo Regionalne - MRPO 2014-2020 - ma na celu podniesienie atrakcyjno\u015bci i konkurencyjno\u015bci regionu w oparciu o zasoby dziedzictwa regionalnego.\",\"breadcrumb\":{\"@id\":\"https:\\\/\\\/inteligentny-rozwoj.com.pl\\\/index.php\\\/fundusze-europejskie-2014-2020\\\/mrpo-2014-2020\\\/dziedzictwo-regionalne\\\/#breadcrumb\"},\"inLanguage\":\"pl-PL\",\"potentialAction\":[{\"@type\":\"ReadAction\",\"target\":[\"https:\\\/\\\/inteligentny-rozwoj.com.pl\\\/index.php\\\/fundusze-europejskie-2014-2020\\\/mrpo-2014-2020\\\/dziedzictwo-regionalne\\\/\"]}]},{\"@type\":\"BreadcrumbList\",\"@id\":\"https:\\\/\\\/inteligentny-rozwoj.com.pl\\\/index.php\\\/fundusze-europejskie-2014-2020\\\/mrpo-2014-2020\\\/dziedzictwo-regionalne\\\/#breadcrumb\",\"itemListElement\":[{\"@type\":\"ListItem\",\"position\":1,\"name\":\"Fundusze 2014-2020\",\"item\":\"https:\\\/\\\/inteligentny-rozwoj.com.pl\\\/index.php\\\/fundusze-europejskie-2014-2020\\\/\"},{\"@type\":\"ListItem\",\"position\":2,\"name\":\"RPO WM 2014-2020\",\"item\":\"https:\\\/\\\/inteligentny-rozwoj.com.pl\\\/index.php\\\/fundusze-europejskie-2014-2020\\\/mrpo-2014-2020\\\/\"},{\"@type\":\"ListItem\",\"position\":3,\"name\":\"6. Dziedzictwo Regionalne\"}]},{\"@type\":\"WebSite\",\"@id\":\"https:\\\/\\\/inteligentny-rozwoj.com.pl\\\/#website\",\"url\":\"https:\\\/\\\/inteligentny-rozwoj.com.pl\\\/\",\"name\":\"RP CONSULTING Rafa\u0142 Pasterczyk | marketing B2B, eksport, dotacje UE\",\"description\":\"Tw\u00f3j partner w rozwoju biznesu - skuteczne doradztwo w marketingu B2B, rozwoju eksportu i pozyskiwaniu dotacji\",\"publisher\":{\"@id\":\"https:\\\/\\\/inteligentny-rozwoj.com.pl\\\/#organization\"},\"alternateName\":\"Rafa\u0142 Pasterczyk RP CONSULTING\",\"potentialAction\":[{\"@type\":\"SearchAction\",\"target\":{\"@type\":\"EntryPoint\",\"urlTemplate\":\"https:\\\/\\\/inteligentny-rozwoj.com.pl\\\/?s={search_term_string}\"},\"query-input\":{\"@type\":\"PropertyValueSpecification\",\"valueRequired\":true,\"valueName\":\"search_term_string\"}}],\"inLanguage\":\"pl-PL\"},{\"@type\":\"Organization\",\"@id\":\"https:\\\/\\\/inteligentny-rozwoj.com.pl\\\/#organization\",\"name\":\"RP CONSULTING Rafa\u0142 Pasterczyk\",\"alternateName\":\"Rafa\u0142 Pasterczyk RP CONSULTING\",\"url\":\"https:\\\/\\\/inteligentny-rozwoj.com.pl\\\/\",\"logo\":{\"@type\":\"ImageObject\",\"inLanguage\":\"pl-PL\",\"@id\":\"https:\\\/\\\/inteligentny-rozwoj.com.pl\\\/#\\\/schema\\\/logo\\\/image\\\/\",\"url\":\"https:\\\/\\\/inteligentny-rozwoj.com.pl\\\/wp-content\\\/uploads\\\/2019\\\/01\\\/cropped-rpc_logo_sq-e1546996617786.png\",\"contentUrl\":\"https:\\\/\\\/inteligentny-rozwoj.com.pl\\\/wp-content\\\/uploads\\\/2019\\\/01\\\/cropped-rpc_logo_sq-e1546996617786.png\",\"width\":512,\"height\":512,\"caption\":\"RP CONSULTING Rafa\u0142 Pasterczyk\"},\"image\":{\"@id\":\"https:\\\/\\\/inteligentny-rozwoj.com.pl\\\/#\\\/schema\\\/logo\\\/image\\\/\"},\"sameAs\":[\"https:\\\/\\\/www.facebook.com\\\/RPConsulting\",\"https:\\\/\\\/x.com\\\/rp_consulting\",\"https:\\\/\\\/www.instagram.com\\\/rpconsulting.pl\\\/\",\"https:\\\/\\\/pl.linkedin.com\\\/company\\\/rp-consulting-rpc\",\"https:\\\/\\\/www.linkedin.com\\\/in\\\/rafal-pasterczyk\\\/\"]},{\"@type\":\"Person\",\"@id\":\"https:\\\/\\\/inteligentny-rozwoj.com.pl\\\/#\\\/schema\\\/person\\\/781a467e5e331ce384632759ecdba772\",\"name\":\"RP CONSULTING Rafa\u0142 Pasterczyk\",\"image\":{\"@type\":\"ImageObject\",\"inLanguage\":\"pl-PL\",\"@id\":\"https:\\\/\\\/secure.gravatar.com\\\/avatar\\\/fde501377d5b06ef1fb158c1ea34fe2defd80fd9526b2263a81456023558c240?s=96&d=mm&r=g\",\"url\":\"https:\\\/\\\/secure.gravatar.com\\\/avatar\\\/fde501377d5b06ef1fb158c1ea34fe2defd80fd9526b2263a81456023558c240?s=96&d=mm&r=g\",\"contentUrl\":\"https:\\\/\\\/secure.gravatar.com\\\/avatar\\\/fde501377d5b06ef1fb158c1ea34fe2defd80fd9526b2263a81456023558c240?s=96&d=mm&r=g\",\"caption\":\"RP CONSULTING Rafa\u0142 Pasterczyk\"},\"description\":\"Doradztwo biznesowe, outsourcing i interim management w zakresie marketingu B2B, rozwoju eksportu, a tak\u017ce pozyskiwanie i rozliczanie dotacji na rozw\u00f3j eksportu i cyfryzacj\u0119. Ponad 100 skutecznie zrealizowanych projekt\u00f3w dla M\u015aP. Wiele z nich \u0142\u0105czy doradztwo w zakresie strategii internacjonalizacji ze skutecznym pozyskaniem dofinansowania na dzia\u0142ania na rynkach zagranicznych.\",\"sameAs\":[\"https:\\\/\\\/inteligentny-rozwoj.com.pl\\\/\",\"https:\\\/\\\/www.facebook.com\\\/RPConsulting\\\/\",\"https:\\\/\\\/www.instagram.com\\\/rpconsulting.pl\\\/\",\"https:\\\/\\\/pl.linkedin.com\\\/company\\\/rp-consulting-rpc\",\"https:\\\/\\\/www.youtube.com\\\/@RPCONSULTING-b2b\"],\"url\":\"https:\\\/\\\/inteligentny-rozwoj.com.pl\\\/index.php\\\/author\\\/rpconsulting\\\/\"}]}<\/script>\n<!-- \/ Yoast SEO plugin. -->","yoast_head_json":{"title":"Dziedzictwo Regionalne - MRPO 2014-2020 - Ma\u0142opolski RPO","description":"Dziedzictwo Regionalne - MRPO 2014-2020 - ma na celu podniesienie atrakcyjno\u015bci i konkurencyjno\u015bci regionu w oparciu o zasoby dziedzictwa regionalnego.","robots":{"index":"index","follow":"follow","max-snippet":"max-snippet:-1","max-image-preview":"max-image-preview:large","max-video-preview":"max-video-preview:-1"},"canonical":"https:\/\/inteligentny-rozwoj.com.pl\/index.php\/fundusze-europejskie-2014-2020\/mrpo-2014-2020\/dziedzictwo-regionalne\/","og_locale":"pl_PL","og_type":"article","og_title":"Dziedzictwo Regionalne - MRPO 2014-2020 - Ma\u0142opolski RPO","og_description":"Dziedzictwo Regionalne - MRPO 2014-2020 - ma na celu podniesienie atrakcyjno\u015bci i konkurencyjno\u015bci regionu w oparciu o zasoby dziedzictwa regionalnego.","og_url":"https:\/\/inteligentny-rozwoj.com.pl\/index.php\/fundusze-europejskie-2014-2020\/mrpo-2014-2020\/dziedzictwo-regionalne\/","og_site_name":"RP CONSULTING Rafa\u0142 Pasterczyk | marketing B2B, eksport, dotacje UE","article_publisher":"https:\/\/www.facebook.com\/RPConsulting","article_modified_time":"2014-10-02T11:29:17+00:00","og_image":[{"width":350,"height":300,"url":"https:\/\/inteligentny-rozwoj.com.pl\/wp-content\/uploads\/2021\/06\/rpc_logo_sq.png","type":"image\/png"}],"twitter_card":"summary_large_image","twitter_site":"@rp_consulting","twitter_misc":{"Szacowany czas czytania":"3 minuty"},"schema":{"@context":"https:\/\/schema.org","@graph":[{"@type":"Article","@id":"https:\/\/inteligentny-rozwoj.com.pl\/index.php\/fundusze-europejskie-2014-2020\/mrpo-2014-2020\/dziedzictwo-regionalne\/#article","isPartOf":{"@id":"https:\/\/inteligentny-rozwoj.com.pl\/index.php\/fundusze-europejskie-2014-2020\/mrpo-2014-2020\/dziedzictwo-regionalne\/"},"author":{"name":"RP CONSULTING Rafa\u0142 Pasterczyk","@id":"https:\/\/inteligentny-rozwoj.com.pl\/#\/schema\/person\/781a467e5e331ce384632759ecdba772"},"headline":"6. Dziedzictwo Regionalne","datePublished":"2014-09-29T11:50:45+00:00","dateModified":"2014-10-02T11:29:17+00:00","mainEntityOfPage":{"@id":"https:\/\/inteligentny-rozwoj.com.pl\/index.php\/fundusze-europejskie-2014-2020\/mrpo-2014-2020\/dziedzictwo-regionalne\/"},"wordCount":565,"publisher":{"@id":"https:\/\/inteligentny-rozwoj.com.pl\/#organization"},"inLanguage":"pl-PL"},{"@type":"WebPage","@id":"https:\/\/inteligentny-rozwoj.com.pl\/index.php\/fundusze-europejskie-2014-2020\/mrpo-2014-2020\/dziedzictwo-regionalne\/","url":"https:\/\/inteligentny-rozwoj.com.pl\/index.php\/fundusze-europejskie-2014-2020\/mrpo-2014-2020\/dziedzictwo-regionalne\/","name":"Dziedzictwo Regionalne - MRPO 2014-2020 - Ma\u0142opolski RPO","isPartOf":{"@id":"https:\/\/inteligentny-rozwoj.com.pl\/#website"},"datePublished":"2014-09-29T11:50:45+00:00","dateModified":"2014-10-02T11:29:17+00:00","description":"Dziedzictwo Regionalne - MRPO 2014-2020 - ma na celu podniesienie atrakcyjno\u015bci i konkurencyjno\u015bci regionu w oparciu o zasoby dziedzictwa regionalnego.","breadcrumb":{"@id":"https:\/\/inteligentny-rozwoj.com.pl\/index.php\/fundusze-europejskie-2014-2020\/mrpo-2014-2020\/dziedzictwo-regionalne\/#breadcrumb"},"inLanguage":"pl-PL","potentialAction":[{"@type":"ReadAction","target":["https:\/\/inteligentny-rozwoj.com.pl\/index.php\/fundusze-europejskie-2014-2020\/mrpo-2014-2020\/dziedzictwo-regionalne\/"]}]},{"@type":"BreadcrumbList","@id":"https:\/\/inteligentny-rozwoj.com.pl\/index.php\/fundusze-europejskie-2014-2020\/mrpo-2014-2020\/dziedzictwo-regionalne\/#breadcrumb","itemListElement":[{"@type":"ListItem","position":1,"name":"Fundusze 2014-2020","item":"https:\/\/inteligentny-rozwoj.com.pl\/index.php\/fundusze-europejskie-2014-2020\/"},{"@type":"ListItem","position":2,"name":"RPO WM 2014-2020","item":"https:\/\/inteligentny-rozwoj.com.pl\/index.php\/fundusze-europejskie-2014-2020\/mrpo-2014-2020\/"},{"@type":"ListItem","position":3,"name":"6. Dziedzictwo Regionalne"}]},{"@type":"WebSite","@id":"https:\/\/inteligentny-rozwoj.com.pl\/#website","url":"https:\/\/inteligentny-rozwoj.com.pl\/","name":"RP CONSULTING Rafa\u0142 Pasterczyk | marketing B2B, eksport, dotacje UE","description":"Tw\u00f3j partner w rozwoju biznesu - skuteczne doradztwo w marketingu B2B, rozwoju eksportu i pozyskiwaniu dotacji","publisher":{"@id":"https:\/\/inteligentny-rozwoj.com.pl\/#organization"},"alternateName":"Rafa\u0142 Pasterczyk RP CONSULTING","potentialAction":[{"@type":"SearchAction","target":{"@type":"EntryPoint","urlTemplate":"https:\/\/inteligentny-rozwoj.com.pl\/?s={search_term_string}"},"query-input":{"@type":"PropertyValueSpecification","valueRequired":true,"valueName":"search_term_string"}}],"inLanguage":"pl-PL"},{"@type":"Organization","@id":"https:\/\/inteligentny-rozwoj.com.pl\/#organization","name":"RP CONSULTING Rafa\u0142 Pasterczyk","alternateName":"Rafa\u0142 Pasterczyk RP CONSULTING","url":"https:\/\/inteligentny-rozwoj.com.pl\/","logo":{"@type":"ImageObject","inLanguage":"pl-PL","@id":"https:\/\/inteligentny-rozwoj.com.pl\/#\/schema\/logo\/image\/","url":"https:\/\/inteligentny-rozwoj.com.pl\/wp-content\/uploads\/2019\/01\/cropped-rpc_logo_sq-e1546996617786.png","contentUrl":"https:\/\/inteligentny-rozwoj.com.pl\/wp-content\/uploads\/2019\/01\/cropped-rpc_logo_sq-e1546996617786.png","width":512,"height":512,"caption":"RP CONSULTING Rafa\u0142 Pasterczyk"},"image":{"@id":"https:\/\/inteligentny-rozwoj.com.pl\/#\/schema\/logo\/image\/"},"sameAs":["https:\/\/www.facebook.com\/RPConsulting","https:\/\/x.com\/rp_consulting","https:\/\/www.instagram.com\/rpconsulting.pl\/","https:\/\/pl.linkedin.com\/company\/rp-consulting-rpc","https:\/\/www.linkedin.com\/in\/rafal-pasterczyk\/"]},{"@type":"Person","@id":"https:\/\/inteligentny-rozwoj.com.pl\/#\/schema\/person\/781a467e5e331ce384632759ecdba772","name":"RP CONSULTING Rafa\u0142 Pasterczyk","image":{"@type":"ImageObject","inLanguage":"pl-PL","@id":"https:\/\/secure.gravatar.com\/avatar\/fde501377d5b06ef1fb158c1ea34fe2defd80fd9526b2263a81456023558c240?s=96&d=mm&r=g","url":"https:\/\/secure.gravatar.com\/avatar\/fde501377d5b06ef1fb158c1ea34fe2defd80fd9526b2263a81456023558c240?s=96&d=mm&r=g","contentUrl":"https:\/\/secure.gravatar.com\/avatar\/fde501377d5b06ef1fb158c1ea34fe2defd80fd9526b2263a81456023558c240?s=96&d=mm&r=g","caption":"RP CONSULTING Rafa\u0142 Pasterczyk"},"description":"Doradztwo biznesowe, outsourcing i interim management w zakresie marketingu B2B, rozwoju eksportu, a tak\u017ce pozyskiwanie i rozliczanie dotacji na rozw\u00f3j eksportu i cyfryzacj\u0119. Ponad 100 skutecznie zrealizowanych projekt\u00f3w dla M\u015aP. Wiele z nich \u0142\u0105czy doradztwo w zakresie strategii internacjonalizacji ze skutecznym pozyskaniem dofinansowania na dzia\u0142ania na rynkach zagranicznych.","sameAs":["https:\/\/inteligentny-rozwoj.com.pl\/","https:\/\/www.facebook.com\/RPConsulting\/","https:\/\/www.instagram.com\/rpconsulting.pl\/","https:\/\/pl.linkedin.com\/company\/rp-consulting-rpc","https:\/\/www.youtube.com\/@RPCONSULTING-b2b"],"url":"https:\/\/inteligentny-rozwoj.com.pl\/index.php\/author\/rpconsulting\/"}]}},"uagb_featured_image_src":{"full":false,"thumbnail":false,"medium":false,"medium_large":false,"large":false,"1536x1536":false,"2048x2048":false,"post-thumbnail":false,"sow-carousel-default":false,"sow-blog-portfolio":false,"sow-blog-grid":false,"sow-blog-alternate":false},"uagb_author_info":{"display_name":"RP CONSULTING Rafa\u0142 Pasterczyk","author_link":"https:\/\/inteligentny-rozwoj.com.pl\/index.php\/author\/rpconsulting\/"},"uagb_comment_info":0,"uagb_excerpt":"MRPO 2014-2020 &ndash; O&#347; priorytetowa 6 &ndash; Dziedzictwo Regionalne Celem g&#322;&oacute;wnym osi priorytetowej 6. Dziedzictwo Regionalne Ma&#322;opolskiego Regionalnego Programu Operacyjnego 2014-2020 jest Podniesienie atrakcyjno&#347;ci i konkurencyjno&#347;ci regionu w oparciu o zasoby dziedzictwa regionalnego. O&#347; priorytetowa&nbsp;6. Dziedzictwo Regionalne, realizowana w ramach&nbsp;Regionalnego Programu Operacyjnego Wojew&oacute;dztwa Ma&#322;opolskiego na lata 2014-2020, przewiduje do realizacji nast&#281;puj&#261;ce dzia&#322;ania: DZIA&#321;ANIE 6.1 ROZW&Oacute;J&hellip;","_links":{"self":[{"href":"https:\/\/inteligentny-rozwoj.com.pl\/index.php\/wp-json\/wp\/v2\/pages\/508","targetHints":{"allow":["GET"]}}],"collection":[{"href":"https:\/\/inteligentny-rozwoj.com.pl\/index.php\/wp-json\/wp\/v2\/pages"}],"about":[{"href":"https:\/\/inteligentny-rozwoj.com.pl\/index.php\/wp-json\/wp\/v2\/types\/page"}],"author":[{"embeddable":true,"href":"https:\/\/inteligentny-rozwoj.com.pl\/index.php\/wp-json\/wp\/v2\/users\/1"}],"replies":[{"embeddable":true,"href":"https:\/\/inteligentny-rozwoj.com.pl\/index.php\/wp-json\/wp\/v2\/comments?post=508"}],"version-history":[{"count":6,"href":"https:\/\/inteligentny-rozwoj.com.pl\/index.php\/wp-json\/wp\/v2\/pages\/508\/revisions"}],"predecessor-version":[{"id":587,"href":"https:\/\/inteligentny-rozwoj.com.pl\/index.php\/wp-json\/wp\/v2\/pages\/508\/revisions\/587"}],"up":[{"embeddable":true,"href":"https:\/\/inteligentny-rozwoj.com.pl\/index.php\/wp-json\/wp\/v2\/pages\/493"}],"wp:attachment":[{"href":"https:\/\/inteligentny-rozwoj.com.pl\/index.php\/wp-json\/wp\/v2\/media?parent=508"}],"curies":[{"name":"wp","href":"https:\/\/api.w.org\/{rel}","templated":true}]}}