{"id":510,"date":"2014-09-29T13:52:07","date_gmt":"2014-09-29T11:52:07","guid":{"rendered":"https:\/\/inteligentny-rozwoj.com.pl\/?page_id=510"},"modified":"2014-10-02T13:35:19","modified_gmt":"2014-10-02T11:35:19","slug":"infrastruktura-transportowa","status":"publish","type":"page","link":"https:\/\/inteligentny-rozwoj.com.pl\/index.php\/fundusze-europejskie-2014-2020\/mrpo-2014-2020\/infrastruktura-transportowa\/","title":{"rendered":"7. Infrastruktura Transport."},"content":{"rendered":"<h3 style=\"text-align: justify;\">MRPO 2014-2020 \u2013 O\u015b priorytetowa 7 \u2013 Infrastruktura Transportowa<\/h3>\n<p style=\"text-align: justify;\">Celem g\u0142\u00f3wnym osi priorytetowej 7. Infrastruktura Transportowa Ma\u0142polskiego Regionalnego Programu Operacyjnego 2014-2020 jest tworzenie nowoczesnego systemu transportowego efektywnie zaspokajaj\u0105cego potrzeby rozwoju gospodarczego oraz adekwatnego do potrzeb mobilnego spo\u0142ecze\u0144stwa, poprzez rozw\u00f3j infrastruktury transportowej sprzyjaj\u0105cej konkurencyjno\u015bci gospodarczej i sp\u00f3jno\u015bci przestrzennej regionu, przyczyniaj\u0105cej si\u0119 do ograniczenia negatywnego wp\u0142ywu na \u015brodowisko.<\/p>\n<p style=\"text-align: justify;\">O\u015b priorytetowa 7. Infrastruktura Transportowa, realizowana w ramach\u00a0Regionalnego Programu Operacyjnego Wojew\u00f3dztwa Ma\u0142opolskiego na lata 2014-2020, przewiduje do realizacji nast\u0119puj\u0105ce dzia\u0142ania:<\/p>\n<p style=\"text-align: justify;\">DZIA\u0141ANIE 7.1 INFRASTRUKTURA DROGOWA<\/p>\n<p style=\"text-align: justify; padding-left: 30px;\">Poddzia\u0142anie 7.1.1 Drogi regionalne<br \/>\nW ramach poddzia\u0142ania realizowane b\u0119d\u0105 przedsi\u0119wzi\u0119cia z zakresu rozwoju infrastruktury drogowej istotnej dla rozwoju regionu, tj. dr\u00f3g o znaczeniu regionalnym.<\/p>\n<p style=\"text-align: justify; padding-left: 30px;\">Poddzia\u0142anie 7.1.2 Drogi subregionalne<br \/>\nW ramach poddzia\u0142ania realizowane b\u0119d\u0105 przedsi\u0119wzi\u0119cia z zakresu rozwoju infrastruktury dr\u00f3g o znaczeniu subregionalnym, tj. dr\u00f3g zaliczanych do klasy powiatowych lub gminnych, kt\u00f3re posiadaj\u0105 lub w wyniku realizacji projektu b\u0119d\u0105 posiada\u0107 kategori\u0119 Z (drogi zbiorcze), z uwzgl\u0119dnieniem warunk\u00f3w wskazanych w Umowie Partnerstwa.<\/p>\n<p style=\"text-align: justify;\">DZIA\u0141ANIE 7.2 TRANSPORT KOLEJOWY<\/p>\n<p style=\"text-align: justify; padding-left: 30px;\">Poddzia\u0142anie 7.2.1 Tabor kolejowy<br \/>\nW ramach schematu realizowane b\u0119d\u0105 przedsi\u0119wzi\u0119cia z zakresu:<br \/>\n1) zakupu taboru kolejowego, s\u0142u\u017c\u0105cego przede wszystkim do przewoz\u00f3w na terenie wojew\u00f3dztwa ma\u0142opolskiego (co nie wyklucza wsp\u00f3\u0142pracy z innymi Wojew\u00f3dztwami, w szczeg\u00f3lno\u015bci z Wojew\u00f3dztwami o\u015bciennymi), w tym na potrzeby szybkiej kolei aglomeracyjnej<br \/>\n2) inwestycje w budow\u0119\/przebudow\u0119 i wyposa\u017cenie zaplecza technicznego s\u0142u\u017c\u0105cego do obs\u0142ugi taboru kolejowego wraz z po\u0142\u0105czeniem z uk\u0142adem torowym &#8211; wy\u0142\u0105cznie w po\u0142\u0105czeniu z projektem wskazanym w pkt. (1).<br \/>\nNabywany tabor b\u0119dzie dostosowany do potrzeb os\u00f3b o ograniczonej mobilno\u015bci.<\/p>\n<p style=\"text-align: justify; padding-left: 30px;\">Poddzia\u0142anie 7.2.2 Regionalny transport kolejowy<br \/>\nW ramach schematu realizowane b\u0119d\u0105 przedsi\u0119wzi\u0119cia z zakresu:<br \/>\n1) integracji transportu kolejowego z innymi \u015brodkami transportu zbiorowego (organizacja i koordynacja rozk\u0142ad\u00f3w jazdy, systemy op\u0142at za przewozy)<br \/>\n2) infrastruktury s\u0142u\u017c\u0105cej obs\u0142udze podr\u00f3\u017cnych, w szczeg\u00f3lno\u015bci na potrzeby tworzonej w Ma\u0142opolsce szybkiej kolei aglomeracyjnej, jako elementu regionalnego transportu kolejowego. Ze wsparcia w przedmiotowym zakresie nie wy\u0142\u0105cza si\u0119 projekt\u00f3w zlokalizowanych na terenach miast, w tym Krakowa. Przewiduje si\u0119, \u017ce b\u0119dzie to wsparcie komplementarne wzgl\u0119dem wsparcia przewidzianego w 4. osi priorytetowej.<br \/>\nWszelkie rozwi\u0105zania infrastrukturalne w ramach realizowanych projekt\u00f3w b\u0119d\u0105 uwzgl\u0119dnia\u0142y potrzeby os\u00f3b o ograniczonej mobilno\u015bci.<\/p>\n<p style=\"text-align: justify;\">DZIA\u0141ANIE 7.3 TRANSPORT LOTNICZY I MULTIMODALNY<\/p>\n","protected":false},"excerpt":{"rendered":"<p>MRPO 2014-2020 &ndash; O&#347; priorytetowa 7 &ndash; Infrastruktura Transportowa Celem g&#322;&oacute;wnym osi priorytetowej 7. Infrastruktura Transportowa Ma&#322;polskiego Regionalnego Programu Operacyjnego 2014-2020 jest tworzenie nowoczesnego systemu transportowego efektywnie zaspokajaj&#261;cego potrzeby rozwoju gospodarczego oraz adekwatnego do potrzeb mobilnego spo&#322;ecze&#324;stwa, poprzez rozw&oacute;j infrastruktury transportowej sprzyjaj&#261;cej konkurencyjno&#347;ci gospodarczej i sp&oacute;jno&#347;ci przestrzennej regionu, przyczyniaj&#261;cej si&#281; do ograniczenia negatywnego wp&#322;ywu na [&hellip;]<\/p>\n","protected":false},"author":1,"featured_media":0,"parent":493,"menu_order":7,"comment_status":"closed","ping_status":"closed","template":"page-templates\/full-width.php","meta":{"_crdt_document":"","content-type":"","_uag_custom_page_level_css":"","footnotes":""},"class_list":["post-510","page","type-page","status-publish","hentry"],"yoast_head":"<!-- This site is optimized with the Yoast SEO plugin v27.3 - https:\/\/yoast.com\/product\/yoast-seo-wordpress\/ -->\n<title>Infrastruktura Transportowa<\/title>\n<meta name=\"description\" content=\"Infrastruktura Transportowa - MRPO 2014-2020 - celem osi jest tworzenie nowoczesnego systemu transportowego i niezb\u0119dnej infrastruktury na potrzeby regionu.\" \/>\n<meta name=\"robots\" content=\"index, follow, max-snippet:-1, max-image-preview:large, max-video-preview:-1\" \/>\n<link rel=\"canonical\" href=\"https:\/\/inteligentny-rozwoj.com.pl\/index.php\/fundusze-europejskie-2014-2020\/mrpo-2014-2020\/infrastruktura-transportowa\/\" \/>\n<meta property=\"og:locale\" content=\"pl_PL\" \/>\n<meta property=\"og:type\" content=\"article\" \/>\n<meta property=\"og:title\" content=\"Infrastruktura Transportowa\" \/>\n<meta property=\"og:description\" content=\"Infrastruktura Transportowa - MRPO 2014-2020 - celem osi jest tworzenie nowoczesnego systemu transportowego i niezb\u0119dnej infrastruktury na potrzeby regionu.\" \/>\n<meta property=\"og:url\" content=\"https:\/\/inteligentny-rozwoj.com.pl\/index.php\/fundusze-europejskie-2014-2020\/mrpo-2014-2020\/infrastruktura-transportowa\/\" \/>\n<meta property=\"og:site_name\" content=\"RP CONSULTING Rafa\u0142 Pasterczyk | marketing B2B, eksport, dotacje UE\" \/>\n<meta property=\"article:publisher\" content=\"https:\/\/www.facebook.com\/RPConsulting\" \/>\n<meta property=\"article:modified_time\" content=\"2014-10-02T11:35:19+00:00\" \/>\n<meta property=\"og:image\" content=\"https:\/\/inteligentny-rozwoj.com.pl\/wp-content\/uploads\/2021\/06\/rpc_logo_sq.png\" \/>\n\t<meta property=\"og:image:width\" content=\"350\" \/>\n\t<meta property=\"og:image:height\" content=\"300\" \/>\n\t<meta property=\"og:image:type\" content=\"image\/png\" \/>\n<meta name=\"twitter:card\" content=\"summary_large_image\" \/>\n<meta name=\"twitter:site\" content=\"@rp_consulting\" \/>\n<meta name=\"twitter:label1\" content=\"Szacowany czas czytania\" \/>\n\t<meta name=\"twitter:data1\" content=\"2 minuty\" \/>\n<script type=\"application\/ld+json\" class=\"yoast-schema-graph\">{\"@context\":\"https:\\\/\\\/schema.org\",\"@graph\":[{\"@type\":\"Article\",\"@id\":\"https:\\\/\\\/inteligentny-rozwoj.com.pl\\\/index.php\\\/fundusze-europejskie-2014-2020\\\/mrpo-2014-2020\\\/infrastruktura-transportowa\\\/#article\",\"isPartOf\":{\"@id\":\"https:\\\/\\\/inteligentny-rozwoj.com.pl\\\/index.php\\\/fundusze-europejskie-2014-2020\\\/mrpo-2014-2020\\\/infrastruktura-transportowa\\\/\"},\"author\":{\"name\":\"RP CONSULTING Rafa\u0142 Pasterczyk\",\"@id\":\"https:\\\/\\\/inteligentny-rozwoj.com.pl\\\/#\\\/schema\\\/person\\\/781a467e5e331ce384632759ecdba772\"},\"headline\":\"7. Infrastruktura Transport.\",\"datePublished\":\"2014-09-29T11:52:07+00:00\",\"dateModified\":\"2014-10-02T11:35:19+00:00\",\"mainEntityOfPage\":{\"@id\":\"https:\\\/\\\/inteligentny-rozwoj.com.pl\\\/index.php\\\/fundusze-europejskie-2014-2020\\\/mrpo-2014-2020\\\/infrastruktura-transportowa\\\/\"},\"wordCount\":412,\"publisher\":{\"@id\":\"https:\\\/\\\/inteligentny-rozwoj.com.pl\\\/#organization\"},\"inLanguage\":\"pl-PL\"},{\"@type\":\"WebPage\",\"@id\":\"https:\\\/\\\/inteligentny-rozwoj.com.pl\\\/index.php\\\/fundusze-europejskie-2014-2020\\\/mrpo-2014-2020\\\/infrastruktura-transportowa\\\/\",\"url\":\"https:\\\/\\\/inteligentny-rozwoj.com.pl\\\/index.php\\\/fundusze-europejskie-2014-2020\\\/mrpo-2014-2020\\\/infrastruktura-transportowa\\\/\",\"name\":\"Infrastruktura Transportowa\",\"isPartOf\":{\"@id\":\"https:\\\/\\\/inteligentny-rozwoj.com.pl\\\/#website\"},\"datePublished\":\"2014-09-29T11:52:07+00:00\",\"dateModified\":\"2014-10-02T11:35:19+00:00\",\"description\":\"Infrastruktura Transportowa - MRPO 2014-2020 - celem osi jest tworzenie nowoczesnego systemu transportowego i niezb\u0119dnej infrastruktury na potrzeby regionu.\",\"breadcrumb\":{\"@id\":\"https:\\\/\\\/inteligentny-rozwoj.com.pl\\\/index.php\\\/fundusze-europejskie-2014-2020\\\/mrpo-2014-2020\\\/infrastruktura-transportowa\\\/#breadcrumb\"},\"inLanguage\":\"pl-PL\",\"potentialAction\":[{\"@type\":\"ReadAction\",\"target\":[\"https:\\\/\\\/inteligentny-rozwoj.com.pl\\\/index.php\\\/fundusze-europejskie-2014-2020\\\/mrpo-2014-2020\\\/infrastruktura-transportowa\\\/\"]}]},{\"@type\":\"BreadcrumbList\",\"@id\":\"https:\\\/\\\/inteligentny-rozwoj.com.pl\\\/index.php\\\/fundusze-europejskie-2014-2020\\\/mrpo-2014-2020\\\/infrastruktura-transportowa\\\/#breadcrumb\",\"itemListElement\":[{\"@type\":\"ListItem\",\"position\":1,\"name\":\"Fundusze 2014-2020\",\"item\":\"https:\\\/\\\/inteligentny-rozwoj.com.pl\\\/index.php\\\/fundusze-europejskie-2014-2020\\\/\"},{\"@type\":\"ListItem\",\"position\":2,\"name\":\"RPO WM 2014-2020\",\"item\":\"https:\\\/\\\/inteligentny-rozwoj.com.pl\\\/index.php\\\/fundusze-europejskie-2014-2020\\\/mrpo-2014-2020\\\/\"},{\"@type\":\"ListItem\",\"position\":3,\"name\":\"7. Infrastruktura Transport.\"}]},{\"@type\":\"WebSite\",\"@id\":\"https:\\\/\\\/inteligentny-rozwoj.com.pl\\\/#website\",\"url\":\"https:\\\/\\\/inteligentny-rozwoj.com.pl\\\/\",\"name\":\"RP CONSULTING Rafa\u0142 Pasterczyk | marketing B2B, eksport, dotacje UE\",\"description\":\"Tw\u00f3j partner w rozwoju biznesu - skuteczne doradztwo w marketingu B2B, rozwoju eksportu i pozyskiwaniu dotacji\",\"publisher\":{\"@id\":\"https:\\\/\\\/inteligentny-rozwoj.com.pl\\\/#organization\"},\"alternateName\":\"Rafa\u0142 Pasterczyk RP CONSULTING\",\"potentialAction\":[{\"@type\":\"SearchAction\",\"target\":{\"@type\":\"EntryPoint\",\"urlTemplate\":\"https:\\\/\\\/inteligentny-rozwoj.com.pl\\\/?s={search_term_string}\"},\"query-input\":{\"@type\":\"PropertyValueSpecification\",\"valueRequired\":true,\"valueName\":\"search_term_string\"}}],\"inLanguage\":\"pl-PL\"},{\"@type\":\"Organization\",\"@id\":\"https:\\\/\\\/inteligentny-rozwoj.com.pl\\\/#organization\",\"name\":\"RP CONSULTING Rafa\u0142 Pasterczyk\",\"alternateName\":\"Rafa\u0142 Pasterczyk RP CONSULTING\",\"url\":\"https:\\\/\\\/inteligentny-rozwoj.com.pl\\\/\",\"logo\":{\"@type\":\"ImageObject\",\"inLanguage\":\"pl-PL\",\"@id\":\"https:\\\/\\\/inteligentny-rozwoj.com.pl\\\/#\\\/schema\\\/logo\\\/image\\\/\",\"url\":\"https:\\\/\\\/inteligentny-rozwoj.com.pl\\\/wp-content\\\/uploads\\\/2019\\\/01\\\/cropped-rpc_logo_sq-e1546996617786.png\",\"contentUrl\":\"https:\\\/\\\/inteligentny-rozwoj.com.pl\\\/wp-content\\\/uploads\\\/2019\\\/01\\\/cropped-rpc_logo_sq-e1546996617786.png\",\"width\":512,\"height\":512,\"caption\":\"RP CONSULTING Rafa\u0142 Pasterczyk\"},\"image\":{\"@id\":\"https:\\\/\\\/inteligentny-rozwoj.com.pl\\\/#\\\/schema\\\/logo\\\/image\\\/\"},\"sameAs\":[\"https:\\\/\\\/www.facebook.com\\\/RPConsulting\",\"https:\\\/\\\/x.com\\\/rp_consulting\",\"https:\\\/\\\/www.instagram.com\\\/rpconsulting.pl\\\/\",\"https:\\\/\\\/pl.linkedin.com\\\/company\\\/rp-consulting-rpc\",\"https:\\\/\\\/www.linkedin.com\\\/in\\\/rafal-pasterczyk\\\/\"]},{\"@type\":\"Person\",\"@id\":\"https:\\\/\\\/inteligentny-rozwoj.com.pl\\\/#\\\/schema\\\/person\\\/781a467e5e331ce384632759ecdba772\",\"name\":\"RP CONSULTING Rafa\u0142 Pasterczyk\",\"image\":{\"@type\":\"ImageObject\",\"inLanguage\":\"pl-PL\",\"@id\":\"https:\\\/\\\/secure.gravatar.com\\\/avatar\\\/fde501377d5b06ef1fb158c1ea34fe2defd80fd9526b2263a81456023558c240?s=96&d=mm&r=g\",\"url\":\"https:\\\/\\\/secure.gravatar.com\\\/avatar\\\/fde501377d5b06ef1fb158c1ea34fe2defd80fd9526b2263a81456023558c240?s=96&d=mm&r=g\",\"contentUrl\":\"https:\\\/\\\/secure.gravatar.com\\\/avatar\\\/fde501377d5b06ef1fb158c1ea34fe2defd80fd9526b2263a81456023558c240?s=96&d=mm&r=g\",\"caption\":\"RP CONSULTING Rafa\u0142 Pasterczyk\"},\"description\":\"Doradztwo biznesowe, outsourcing i interim management w zakresie marketingu B2B, rozwoju eksportu, a tak\u017ce pozyskiwanie i rozliczanie dotacji na rozw\u00f3j eksportu i cyfryzacj\u0119. Ponad 100 skutecznie zrealizowanych projekt\u00f3w dla M\u015aP. Wiele z nich \u0142\u0105czy doradztwo w zakresie strategii internacjonalizacji ze skutecznym pozyskaniem dofinansowania na dzia\u0142ania na rynkach zagranicznych.\",\"sameAs\":[\"https:\\\/\\\/inteligentny-rozwoj.com.pl\\\/\",\"https:\\\/\\\/www.facebook.com\\\/RPConsulting\\\/\",\"https:\\\/\\\/www.instagram.com\\\/rpconsulting.pl\\\/\",\"https:\\\/\\\/pl.linkedin.com\\\/company\\\/rp-consulting-rpc\",\"https:\\\/\\\/www.youtube.com\\\/@RPCONSULTING-b2b\"],\"url\":\"https:\\\/\\\/inteligentny-rozwoj.com.pl\\\/index.php\\\/author\\\/rpconsulting\\\/\"}]}<\/script>\n<!-- \/ Yoast SEO plugin. -->","yoast_head_json":{"title":"Infrastruktura Transportowa","description":"Infrastruktura Transportowa - MRPO 2014-2020 - celem osi jest tworzenie nowoczesnego systemu transportowego i niezb\u0119dnej infrastruktury na potrzeby regionu.","robots":{"index":"index","follow":"follow","max-snippet":"max-snippet:-1","max-image-preview":"max-image-preview:large","max-video-preview":"max-video-preview:-1"},"canonical":"https:\/\/inteligentny-rozwoj.com.pl\/index.php\/fundusze-europejskie-2014-2020\/mrpo-2014-2020\/infrastruktura-transportowa\/","og_locale":"pl_PL","og_type":"article","og_title":"Infrastruktura Transportowa","og_description":"Infrastruktura Transportowa - MRPO 2014-2020 - celem osi jest tworzenie nowoczesnego systemu transportowego i niezb\u0119dnej infrastruktury na potrzeby regionu.","og_url":"https:\/\/inteligentny-rozwoj.com.pl\/index.php\/fundusze-europejskie-2014-2020\/mrpo-2014-2020\/infrastruktura-transportowa\/","og_site_name":"RP CONSULTING Rafa\u0142 Pasterczyk | marketing B2B, eksport, dotacje UE","article_publisher":"https:\/\/www.facebook.com\/RPConsulting","article_modified_time":"2014-10-02T11:35:19+00:00","og_image":[{"width":350,"height":300,"url":"https:\/\/inteligentny-rozwoj.com.pl\/wp-content\/uploads\/2021\/06\/rpc_logo_sq.png","type":"image\/png"}],"twitter_card":"summary_large_image","twitter_site":"@rp_consulting","twitter_misc":{"Szacowany czas czytania":"2 minuty"},"schema":{"@context":"https:\/\/schema.org","@graph":[{"@type":"Article","@id":"https:\/\/inteligentny-rozwoj.com.pl\/index.php\/fundusze-europejskie-2014-2020\/mrpo-2014-2020\/infrastruktura-transportowa\/#article","isPartOf":{"@id":"https:\/\/inteligentny-rozwoj.com.pl\/index.php\/fundusze-europejskie-2014-2020\/mrpo-2014-2020\/infrastruktura-transportowa\/"},"author":{"name":"RP CONSULTING Rafa\u0142 Pasterczyk","@id":"https:\/\/inteligentny-rozwoj.com.pl\/#\/schema\/person\/781a467e5e331ce384632759ecdba772"},"headline":"7. Infrastruktura Transport.","datePublished":"2014-09-29T11:52:07+00:00","dateModified":"2014-10-02T11:35:19+00:00","mainEntityOfPage":{"@id":"https:\/\/inteligentny-rozwoj.com.pl\/index.php\/fundusze-europejskie-2014-2020\/mrpo-2014-2020\/infrastruktura-transportowa\/"},"wordCount":412,"publisher":{"@id":"https:\/\/inteligentny-rozwoj.com.pl\/#organization"},"inLanguage":"pl-PL"},{"@type":"WebPage","@id":"https:\/\/inteligentny-rozwoj.com.pl\/index.php\/fundusze-europejskie-2014-2020\/mrpo-2014-2020\/infrastruktura-transportowa\/","url":"https:\/\/inteligentny-rozwoj.com.pl\/index.php\/fundusze-europejskie-2014-2020\/mrpo-2014-2020\/infrastruktura-transportowa\/","name":"Infrastruktura Transportowa","isPartOf":{"@id":"https:\/\/inteligentny-rozwoj.com.pl\/#website"},"datePublished":"2014-09-29T11:52:07+00:00","dateModified":"2014-10-02T11:35:19+00:00","description":"Infrastruktura Transportowa - MRPO 2014-2020 - celem osi jest tworzenie nowoczesnego systemu transportowego i niezb\u0119dnej infrastruktury na potrzeby regionu.","breadcrumb":{"@id":"https:\/\/inteligentny-rozwoj.com.pl\/index.php\/fundusze-europejskie-2014-2020\/mrpo-2014-2020\/infrastruktura-transportowa\/#breadcrumb"},"inLanguage":"pl-PL","potentialAction":[{"@type":"ReadAction","target":["https:\/\/inteligentny-rozwoj.com.pl\/index.php\/fundusze-europejskie-2014-2020\/mrpo-2014-2020\/infrastruktura-transportowa\/"]}]},{"@type":"BreadcrumbList","@id":"https:\/\/inteligentny-rozwoj.com.pl\/index.php\/fundusze-europejskie-2014-2020\/mrpo-2014-2020\/infrastruktura-transportowa\/#breadcrumb","itemListElement":[{"@type":"ListItem","position":1,"name":"Fundusze 2014-2020","item":"https:\/\/inteligentny-rozwoj.com.pl\/index.php\/fundusze-europejskie-2014-2020\/"},{"@type":"ListItem","position":2,"name":"RPO WM 2014-2020","item":"https:\/\/inteligentny-rozwoj.com.pl\/index.php\/fundusze-europejskie-2014-2020\/mrpo-2014-2020\/"},{"@type":"ListItem","position":3,"name":"7. Infrastruktura Transport."}]},{"@type":"WebSite","@id":"https:\/\/inteligentny-rozwoj.com.pl\/#website","url":"https:\/\/inteligentny-rozwoj.com.pl\/","name":"RP CONSULTING Rafa\u0142 Pasterczyk | marketing B2B, eksport, dotacje UE","description":"Tw\u00f3j partner w rozwoju biznesu - skuteczne doradztwo w marketingu B2B, rozwoju eksportu i pozyskiwaniu dotacji","publisher":{"@id":"https:\/\/inteligentny-rozwoj.com.pl\/#organization"},"alternateName":"Rafa\u0142 Pasterczyk RP CONSULTING","potentialAction":[{"@type":"SearchAction","target":{"@type":"EntryPoint","urlTemplate":"https:\/\/inteligentny-rozwoj.com.pl\/?s={search_term_string}"},"query-input":{"@type":"PropertyValueSpecification","valueRequired":true,"valueName":"search_term_string"}}],"inLanguage":"pl-PL"},{"@type":"Organization","@id":"https:\/\/inteligentny-rozwoj.com.pl\/#organization","name":"RP CONSULTING Rafa\u0142 Pasterczyk","alternateName":"Rafa\u0142 Pasterczyk RP CONSULTING","url":"https:\/\/inteligentny-rozwoj.com.pl\/","logo":{"@type":"ImageObject","inLanguage":"pl-PL","@id":"https:\/\/inteligentny-rozwoj.com.pl\/#\/schema\/logo\/image\/","url":"https:\/\/inteligentny-rozwoj.com.pl\/wp-content\/uploads\/2019\/01\/cropped-rpc_logo_sq-e1546996617786.png","contentUrl":"https:\/\/inteligentny-rozwoj.com.pl\/wp-content\/uploads\/2019\/01\/cropped-rpc_logo_sq-e1546996617786.png","width":512,"height":512,"caption":"RP CONSULTING Rafa\u0142 Pasterczyk"},"image":{"@id":"https:\/\/inteligentny-rozwoj.com.pl\/#\/schema\/logo\/image\/"},"sameAs":["https:\/\/www.facebook.com\/RPConsulting","https:\/\/x.com\/rp_consulting","https:\/\/www.instagram.com\/rpconsulting.pl\/","https:\/\/pl.linkedin.com\/company\/rp-consulting-rpc","https:\/\/www.linkedin.com\/in\/rafal-pasterczyk\/"]},{"@type":"Person","@id":"https:\/\/inteligentny-rozwoj.com.pl\/#\/schema\/person\/781a467e5e331ce384632759ecdba772","name":"RP CONSULTING Rafa\u0142 Pasterczyk","image":{"@type":"ImageObject","inLanguage":"pl-PL","@id":"https:\/\/secure.gravatar.com\/avatar\/fde501377d5b06ef1fb158c1ea34fe2defd80fd9526b2263a81456023558c240?s=96&d=mm&r=g","url":"https:\/\/secure.gravatar.com\/avatar\/fde501377d5b06ef1fb158c1ea34fe2defd80fd9526b2263a81456023558c240?s=96&d=mm&r=g","contentUrl":"https:\/\/secure.gravatar.com\/avatar\/fde501377d5b06ef1fb158c1ea34fe2defd80fd9526b2263a81456023558c240?s=96&d=mm&r=g","caption":"RP CONSULTING Rafa\u0142 Pasterczyk"},"description":"Doradztwo biznesowe, outsourcing i interim management w zakresie marketingu B2B, rozwoju eksportu, a tak\u017ce pozyskiwanie i rozliczanie dotacji na rozw\u00f3j eksportu i cyfryzacj\u0119. Ponad 100 skutecznie zrealizowanych projekt\u00f3w dla M\u015aP. Wiele z nich \u0142\u0105czy doradztwo w zakresie strategii internacjonalizacji ze skutecznym pozyskaniem dofinansowania na dzia\u0142ania na rynkach zagranicznych.","sameAs":["https:\/\/inteligentny-rozwoj.com.pl\/","https:\/\/www.facebook.com\/RPConsulting\/","https:\/\/www.instagram.com\/rpconsulting.pl\/","https:\/\/pl.linkedin.com\/company\/rp-consulting-rpc","https:\/\/www.youtube.com\/@RPCONSULTING-b2b"],"url":"https:\/\/inteligentny-rozwoj.com.pl\/index.php\/author\/rpconsulting\/"}]}},"uagb_featured_image_src":{"full":false,"thumbnail":false,"medium":false,"medium_large":false,"large":false,"1536x1536":false,"2048x2048":false,"post-thumbnail":false,"sow-carousel-default":false,"sow-blog-portfolio":false,"sow-blog-grid":false,"sow-blog-alternate":false},"uagb_author_info":{"display_name":"RP CONSULTING Rafa\u0142 Pasterczyk","author_link":"https:\/\/inteligentny-rozwoj.com.pl\/index.php\/author\/rpconsulting\/"},"uagb_comment_info":0,"uagb_excerpt":"MRPO 2014-2020 &ndash; O&#347; priorytetowa 7 &ndash; Infrastruktura Transportowa Celem g&#322;&oacute;wnym osi priorytetowej 7. Infrastruktura Transportowa Ma&#322;polskiego Regionalnego Programu Operacyjnego 2014-2020 jest tworzenie nowoczesnego systemu transportowego efektywnie zaspokajaj&#261;cego potrzeby rozwoju gospodarczego oraz adekwatnego do potrzeb mobilnego spo&#322;ecze&#324;stwa, poprzez rozw&oacute;j infrastruktury transportowej sprzyjaj&#261;cej konkurencyjno&#347;ci gospodarczej i sp&oacute;jno&#347;ci przestrzennej regionu, przyczyniaj&#261;cej si&#281; do ograniczenia negatywnego wp&#322;ywu na&hellip;","_links":{"self":[{"href":"https:\/\/inteligentny-rozwoj.com.pl\/index.php\/wp-json\/wp\/v2\/pages\/510","targetHints":{"allow":["GET"]}}],"collection":[{"href":"https:\/\/inteligentny-rozwoj.com.pl\/index.php\/wp-json\/wp\/v2\/pages"}],"about":[{"href":"https:\/\/inteligentny-rozwoj.com.pl\/index.php\/wp-json\/wp\/v2\/types\/page"}],"author":[{"embeddable":true,"href":"https:\/\/inteligentny-rozwoj.com.pl\/index.php\/wp-json\/wp\/v2\/users\/1"}],"replies":[{"embeddable":true,"href":"https:\/\/inteligentny-rozwoj.com.pl\/index.php\/wp-json\/wp\/v2\/comments?post=510"}],"version-history":[{"count":6,"href":"https:\/\/inteligentny-rozwoj.com.pl\/index.php\/wp-json\/wp\/v2\/pages\/510\/revisions"}],"predecessor-version":[{"id":588,"href":"https:\/\/inteligentny-rozwoj.com.pl\/index.php\/wp-json\/wp\/v2\/pages\/510\/revisions\/588"}],"up":[{"embeddable":true,"href":"https:\/\/inteligentny-rozwoj.com.pl\/index.php\/wp-json\/wp\/v2\/pages\/493"}],"wp:attachment":[{"href":"https:\/\/inteligentny-rozwoj.com.pl\/index.php\/wp-json\/wp\/v2\/media?parent=510"}],"curies":[{"name":"wp","href":"https:\/\/api.w.org\/{rel}","templated":true}]}}