{"id":512,"date":"2014-09-29T13:52:42","date_gmt":"2014-09-29T11:52:42","guid":{"rendered":"https:\/\/inteligentny-rozwoj.com.pl\/?page_id=512"},"modified":"2014-10-02T13:47:01","modified_gmt":"2014-10-02T11:47:01","slug":"rynek-pracy","status":"publish","type":"page","link":"https:\/\/inteligentny-rozwoj.com.pl\/index.php\/fundusze-europejskie-2014-2020\/mrpo-2014-2020\/rynek-pracy\/","title":{"rendered":"8. Rynek Pracy"},"content":{"rendered":"<h3 style=\"text-align: justify;\">MRPO 2014-2020 \u2013 O\u015b priorytetowa 8 \u2013 Rynek Pracy<\/h3>\n<p style=\"text-align: justify;\">Celem g\u0142\u00f3wnym osi priorytetowej 8 Rynek Pracy Ma\u0142opolskiego Regionalnego Programu Operacyjnego 2014-2020 jest wsparcie zatrudnienia na regionalnym rynku pracy.<\/p>\n<p style=\"text-align: justify;\">O\u015b priorytetowa 8 Rynek Pracy, realizowana w ramach\u00a0Regionalnego Programu Operacyjnego Wojew\u00f3dztwa Ma\u0142opolskiego na lata 2014-2020, przewiduje do realizacji nast\u0119puj\u0105ce dzia\u0142ania:<\/p>\n<p style=\"text-align: justify;\">DZIA\u0141ANIE 8.1 AKTYWIZACJA ZAWODOWA MIESZKA\u0143C\u00d3W REGIONU<\/p>\n<p style=\"text-align: justify; padding-left: 30px;\">Poddzia\u0142anie 8.1.1 AKTYWIZACJA ZAWODOWA MIESZKA\u0143C\u00d3W REGIONU \u2013 PROJEKTY REALIZOWANE PRZEZ POWIATOWE URZ\u0118DY PRACY:<br \/>\nInstrumenty i us\u0142ugi wymienione w ustawie z dnia 20 kwietnia 2004 r. o promocji zatrudnienia i instytucjach rynku pracy (Dz. U. z 2013 r. Nr 674 z p\u00f3\u017an. zm.), finansowane ze \u015brodk\u00f3w Funduszu Pracy.<\/p>\n<p style=\"text-align: justify; padding-left: 30px;\">Poddzia\u0142anie 8.1.2 AKTYWIZACJA ZAWODOWA MIESZKA\u0143C\u00d3W REGIONU \u2013 PROJEKTY KONKURSOWE:<br \/>\nProjekty (w tym realizowane na obszarach rewitalizowanych7, a tak\u017ce projekty komplementarne do realizowanych\/planowanych do realizacji z EFRR w ramach Dzia\u0142ania 6.3 \u201eRozw\u00f3j wewn\u0119trznych potencja\u0142\u00f3w regionu\u201d) maj\u0105ce na celu u\u0142atwienie wej\u015bcia lub powrotu na rynek pracy osobom pozostaj\u0105cym bez zatrudnienia, obejmuj\u0105ce kompleksowo r\u00f3\u017cnorodne narz\u0119dzia, formy pomocy (z wy\u0142\u0105czeniem wsparcia finansowego na zak\u0142adanie dzia\u0142alno\u015bci gospodarczej) takie jak np.:<\/p>\n<blockquote>\n<ul>\n<li>identyfikacja indywidualnych potrzeb uczestnika,<\/li>\n<li>po\u015brednictwo pracy,<\/li>\n<li>poradnictwo zawodowe,<\/li>\n<li>wsparcie motywacyjne,<\/li>\n<li>szkolenia i\/lub doradztwo prowadz\u0105ce do podniesienia, uzupe\u0142nienia, zmiany kwalifikacji zawodowych,<\/li>\n<li>inicjatywy przygotowuj\u0105ce do podj\u0119cia zatrudnienia np. sta\u017ce, praktyki zawodowe, wolontariat,<\/li>\n<li>subsydiowane zatrudnienie,<\/li>\n<li>zatrudnienie wspomagane,<\/li>\n<li>dotacje na doposa\u017cenie i wyposa\u017cenie stanowiska pracy u pracodawcy,<\/li>\n<li>wsparcie adaptacyjne dla pracownika, kt\u00f3ry uzyska\u0142 zatrudnienie w ramach projektu, w tym m.in. doradztwo, szkolenia,<\/li>\n<li>wspieranie inicjatyw na rzecz podnoszenia mobilno\u015bci geograficznej, w tym dzia\u0142a\u0144 wynikaj\u0105cych z udzia\u0142u w sieci EURES8,<\/li>\n<li>wsparcie towarzysz\u0105ce dla uczestnik\u00f3w projektu polegaj\u0105ce na zapewnieniu opieki nad osob\u0105 zale\u017cn\u0105 (jedynie w po\u0142\u0105czeniu z innymi formami wsparcia),<\/li>\n<li>inne, niewymienione wy\u017cej narz\u0119dzia, metody, programy s\u0142u\u017c\u0105ce aktywizacji zawodowej;<\/li>\n<li>rozw\u00f3j kompetencji oraz potencja\u0142u partner\u00f3w spo\u0142ecznych i organizacji pozarz\u0105dowych prowadz\u0105cych dzia\u0142alno\u015b\u0107 w zakresie aktywizacji zawodowej (jedynie w po\u0142\u0105czeniu z innymi formami wsparcia).<\/li>\n<\/ul>\n<\/blockquote>\n<p style=\"text-align: justify;\">DZIA\u0141ANIE 8.2 WSPARCIE DLA ZAK\u0141ADANIA DZIA\u0141ALNO\u015aCI GOSPODARCZEJ<\/p>\n<p style=\"text-align: justify;\">DZIA\u0141ANIE 8.3 ROZW\u00d3J KOMPETENCJI KADR M\u015aP I ADAPTACJA DO ZMIAN<\/p>\n<p style=\"text-align: justify; padding-left: 30px;\">Poddzia\u0142anie 8.3.2: ADAPTACJA DO ZMIAN<br \/>\nProjekty odnosz\u0105ce si\u0119 do wsparcia przedsi\u0119biorstw procesy modernizacyjne i adaptacyjne oraz ich pracownik\u00f3w, a tak\u017ce pracownik\u00f3w zagro\u017conych zwolnieniem z pracy lub przewidzianych do zwolnienia oraz os\u00f3b zwolnionych z przyczyn dotycz\u0105cych zak\u0142adu pracy obejmuj\u0105ce:<br \/>\n1. szkolenia i\/lub doradztwo w zakresie opracowania np. planu rozwoju dzia\u0142alno\u015bci, planu modernizacji, wprowadzenia bardziej produktywnych sposob\u00f3w organizacji pracy, zatrudniania os\u00f3b niepe\u0142nosprawnych wraz z elementami jego wdra\u017cania (obligatoryjnie)<br \/>\n2. szkolenia i\/lub doradztwo dla pracownik\u00f3w w zakresie zdobycia nowych, aktualizacji b\u0105d\u017a dostosowania kompetencji zawodowych do bie\u017c\u0105cych potrzeb M\u015aP,<br \/>\n3. opracowanie i wdra\u017canie program\u00f3w outplacementowych obejmuj\u0105cych r\u00f3\u017cnorodne narz\u0119dzia\/us\u0142ugi obejmuj\u0105ce np.:<\/p>\n<blockquote>\n<ul>\n<li>identyfikacja indywidualnych potrzeb uczestnika,<\/li>\n<li>doradztwo psychologiczne (motywacyjne),<\/li>\n<li>poradnictwo zawodowe,<\/li>\n<li>po\u015brednictwo pracy,<\/li>\n<li>szkolenia i\/lub doradztwo w zakresie zdobycia nowych, aktualizacji b\u0105d\u017a dostosowania kompetencji zawodowych do bie\u017c\u0105cych potrzeb,<\/li>\n<li>wsparcie inicjatyw na rzecz podnoszenia mobilno\u015bci geograficznej16,<\/li>\n<li>wsparcie szkoleniowo \u2013 doradcze oraz finansowe (dotacje do 30 tys.) dla os\u00f3b zamierzaj\u0105cych podj\u0105\u0107 dzia\u0142alno\u015b\u0107 gospodarcz\u0105 kontynuowane tak\u017ce w pocz\u0105tkowym okresie (do 12 m-cy) funkcjonowania nowoutworzonego przedsi\u0119biorstwa17,<\/li>\n<li>subsydiowane zatrudnienie,<\/li>\n<li>inicjatywy przygotowuj\u0105ce do zmiany miejsca pracy\/stanowiska pracy\/zawodu np. sta\u017ce, praktyki zawodowe,<\/li>\n<li>inne, niewymienione wy\u017cej narz\u0119dzia, metody, programy s\u0142u\u017c\u0105ce utrzymaniu lub podj\u0119ciu zatrudnienia.<\/li>\n<\/ul>\n<\/blockquote>\n<p style=\"text-align: justify;\">DZIA\u0141ANIE 8.4 WSPARCIE NA RZECZ \u0141\u0104CZENIA \u017bYCIA ZAWODOWEGO I PRYWATNEGO<\/p>\n<p style=\"text-align: justify;\">DZIA\u0141ANIE 8.5 WSPARCIE NA RZECZ WYD\u0141U\u017bANIA AKTYWNO\u015aCI ZAWODOWEJ<\/p>\n","protected":false},"excerpt":{"rendered":"<p>MRPO 2014-2020 &ndash; O&#347; priorytetowa 8 &ndash; Rynek Pracy Celem g&#322;&oacute;wnym osi priorytetowej 8 Rynek Pracy Ma&#322;opolskiego Regionalnego Programu Operacyjnego 2014-2020 jest wsparcie zatrudnienia na regionalnym rynku pracy. O&#347; priorytetowa 8 Rynek Pracy, realizowana w ramach&nbsp;Regionalnego Programu Operacyjnego Wojew&oacute;dztwa Ma&#322;opolskiego na lata 2014-2020, przewiduje do realizacji nast&#281;puj&#261;ce dzia&#322;ania: DZIA&#321;ANIE 8.1 AKTYWIZACJA ZAWODOWA MIESZKA&#323;C&Oacute;W REGIONU Poddzia&#322;anie [&hellip;]<\/p>\n","protected":false},"author":1,"featured_media":0,"parent":493,"menu_order":8,"comment_status":"closed","ping_status":"closed","template":"page-templates\/full-width.php","meta":{"_crdt_document":"","content-type":"","_uag_custom_page_level_css":"","footnotes":""},"class_list":["post-512","page","type-page","status-publish","hentry"],"yoast_head":"<!-- This site is optimized with the Yoast SEO plugin v27.3 - https:\/\/yoast.com\/product\/yoast-seo-wordpress\/ -->\n<title>Rynek Pracy - Ma\u0142opolski Regionalny Program Operacyjny- MRPO 2014-2020<\/title>\n<meta name=\"description\" content=\"Rynek Pracy-o\u015b priorytetowa 7 w ramach MRPO 2014-2020 (Ma\u0142opolski Regionalny Program Operacyjny) ma na celu wsparcie zatrudnienia na regionalnym rynku pracy\" \/>\n<meta name=\"robots\" content=\"index, follow, max-snippet:-1, max-image-preview:large, max-video-preview:-1\" \/>\n<link rel=\"canonical\" href=\"https:\/\/inteligentny-rozwoj.com.pl\/index.php\/fundusze-europejskie-2014-2020\/mrpo-2014-2020\/rynek-pracy\/\" \/>\n<meta property=\"og:locale\" content=\"pl_PL\" \/>\n<meta property=\"og:type\" content=\"article\" \/>\n<meta property=\"og:title\" content=\"Rynek Pracy - Ma\u0142opolski Regionalny Program Operacyjny- MRPO 2014-2020\" \/>\n<meta property=\"og:description\" content=\"Rynek Pracy-o\u015b priorytetowa 7 w ramach MRPO 2014-2020 (Ma\u0142opolski Regionalny Program Operacyjny) ma na celu wsparcie zatrudnienia na regionalnym rynku pracy\" \/>\n<meta property=\"og:url\" content=\"https:\/\/inteligentny-rozwoj.com.pl\/index.php\/fundusze-europejskie-2014-2020\/mrpo-2014-2020\/rynek-pracy\/\" \/>\n<meta property=\"og:site_name\" content=\"RP CONSULTING Rafa\u0142 Pasterczyk | marketing B2B, eksport, dotacje UE\" \/>\n<meta property=\"article:publisher\" content=\"https:\/\/www.facebook.com\/RPConsulting\" \/>\n<meta property=\"article:modified_time\" content=\"2014-10-02T11:47:01+00:00\" \/>\n<meta property=\"og:image\" content=\"https:\/\/inteligentny-rozwoj.com.pl\/wp-content\/uploads\/2021\/06\/rpc_logo_sq.png\" \/>\n\t<meta property=\"og:image:width\" content=\"350\" \/>\n\t<meta property=\"og:image:height\" content=\"300\" \/>\n\t<meta property=\"og:image:type\" content=\"image\/png\" \/>\n<meta name=\"twitter:card\" content=\"summary_large_image\" \/>\n<meta name=\"twitter:site\" content=\"@rp_consulting\" \/>\n<meta name=\"twitter:label1\" content=\"Szacowany czas czytania\" \/>\n\t<meta name=\"twitter:data1\" content=\"3 minuty\" \/>\n<script type=\"application\/ld+json\" class=\"yoast-schema-graph\">{\"@context\":\"https:\\\/\\\/schema.org\",\"@graph\":[{\"@type\":\"Article\",\"@id\":\"https:\\\/\\\/inteligentny-rozwoj.com.pl\\\/index.php\\\/fundusze-europejskie-2014-2020\\\/mrpo-2014-2020\\\/rynek-pracy\\\/#article\",\"isPartOf\":{\"@id\":\"https:\\\/\\\/inteligentny-rozwoj.com.pl\\\/index.php\\\/fundusze-europejskie-2014-2020\\\/mrpo-2014-2020\\\/rynek-pracy\\\/\"},\"author\":{\"name\":\"RP CONSULTING Rafa\u0142 Pasterczyk\",\"@id\":\"https:\\\/\\\/inteligentny-rozwoj.com.pl\\\/#\\\/schema\\\/person\\\/781a467e5e331ce384632759ecdba772\"},\"headline\":\"8. Rynek Pracy\",\"datePublished\":\"2014-09-29T11:52:42+00:00\",\"dateModified\":\"2014-10-02T11:47:01+00:00\",\"mainEntityOfPage\":{\"@id\":\"https:\\\/\\\/inteligentny-rozwoj.com.pl\\\/index.php\\\/fundusze-europejskie-2014-2020\\\/mrpo-2014-2020\\\/rynek-pracy\\\/\"},\"wordCount\":614,\"publisher\":{\"@id\":\"https:\\\/\\\/inteligentny-rozwoj.com.pl\\\/#organization\"},\"inLanguage\":\"pl-PL\"},{\"@type\":\"WebPage\",\"@id\":\"https:\\\/\\\/inteligentny-rozwoj.com.pl\\\/index.php\\\/fundusze-europejskie-2014-2020\\\/mrpo-2014-2020\\\/rynek-pracy\\\/\",\"url\":\"https:\\\/\\\/inteligentny-rozwoj.com.pl\\\/index.php\\\/fundusze-europejskie-2014-2020\\\/mrpo-2014-2020\\\/rynek-pracy\\\/\",\"name\":\"Rynek Pracy - Ma\u0142opolski Regionalny Program Operacyjny- MRPO 2014-2020\",\"isPartOf\":{\"@id\":\"https:\\\/\\\/inteligentny-rozwoj.com.pl\\\/#website\"},\"datePublished\":\"2014-09-29T11:52:42+00:00\",\"dateModified\":\"2014-10-02T11:47:01+00:00\",\"description\":\"Rynek Pracy-o\u015b priorytetowa 7 w ramach MRPO 2014-2020 (Ma\u0142opolski Regionalny Program Operacyjny) ma na celu wsparcie zatrudnienia na regionalnym rynku pracy\",\"breadcrumb\":{\"@id\":\"https:\\\/\\\/inteligentny-rozwoj.com.pl\\\/index.php\\\/fundusze-europejskie-2014-2020\\\/mrpo-2014-2020\\\/rynek-pracy\\\/#breadcrumb\"},\"inLanguage\":\"pl-PL\",\"potentialAction\":[{\"@type\":\"ReadAction\",\"target\":[\"https:\\\/\\\/inteligentny-rozwoj.com.pl\\\/index.php\\\/fundusze-europejskie-2014-2020\\\/mrpo-2014-2020\\\/rynek-pracy\\\/\"]}]},{\"@type\":\"BreadcrumbList\",\"@id\":\"https:\\\/\\\/inteligentny-rozwoj.com.pl\\\/index.php\\\/fundusze-europejskie-2014-2020\\\/mrpo-2014-2020\\\/rynek-pracy\\\/#breadcrumb\",\"itemListElement\":[{\"@type\":\"ListItem\",\"position\":1,\"name\":\"Fundusze 2014-2020\",\"item\":\"https:\\\/\\\/inteligentny-rozwoj.com.pl\\\/index.php\\\/fundusze-europejskie-2014-2020\\\/\"},{\"@type\":\"ListItem\",\"position\":2,\"name\":\"RPO WM 2014-2020\",\"item\":\"https:\\\/\\\/inteligentny-rozwoj.com.pl\\\/index.php\\\/fundusze-europejskie-2014-2020\\\/mrpo-2014-2020\\\/\"},{\"@type\":\"ListItem\",\"position\":3,\"name\":\"8. Rynek Pracy\"}]},{\"@type\":\"WebSite\",\"@id\":\"https:\\\/\\\/inteligentny-rozwoj.com.pl\\\/#website\",\"url\":\"https:\\\/\\\/inteligentny-rozwoj.com.pl\\\/\",\"name\":\"RP CONSULTING Rafa\u0142 Pasterczyk | marketing B2B, eksport, dotacje UE\",\"description\":\"Tw\u00f3j partner w rozwoju biznesu - skuteczne doradztwo w marketingu B2B, rozwoju eksportu i pozyskiwaniu dotacji\",\"publisher\":{\"@id\":\"https:\\\/\\\/inteligentny-rozwoj.com.pl\\\/#organization\"},\"alternateName\":\"Rafa\u0142 Pasterczyk RP CONSULTING\",\"potentialAction\":[{\"@type\":\"SearchAction\",\"target\":{\"@type\":\"EntryPoint\",\"urlTemplate\":\"https:\\\/\\\/inteligentny-rozwoj.com.pl\\\/?s={search_term_string}\"},\"query-input\":{\"@type\":\"PropertyValueSpecification\",\"valueRequired\":true,\"valueName\":\"search_term_string\"}}],\"inLanguage\":\"pl-PL\"},{\"@type\":\"Organization\",\"@id\":\"https:\\\/\\\/inteligentny-rozwoj.com.pl\\\/#organization\",\"name\":\"RP CONSULTING Rafa\u0142 Pasterczyk\",\"alternateName\":\"Rafa\u0142 Pasterczyk RP CONSULTING\",\"url\":\"https:\\\/\\\/inteligentny-rozwoj.com.pl\\\/\",\"logo\":{\"@type\":\"ImageObject\",\"inLanguage\":\"pl-PL\",\"@id\":\"https:\\\/\\\/inteligentny-rozwoj.com.pl\\\/#\\\/schema\\\/logo\\\/image\\\/\",\"url\":\"https:\\\/\\\/inteligentny-rozwoj.com.pl\\\/wp-content\\\/uploads\\\/2019\\\/01\\\/cropped-rpc_logo_sq-e1546996617786.png\",\"contentUrl\":\"https:\\\/\\\/inteligentny-rozwoj.com.pl\\\/wp-content\\\/uploads\\\/2019\\\/01\\\/cropped-rpc_logo_sq-e1546996617786.png\",\"width\":512,\"height\":512,\"caption\":\"RP CONSULTING Rafa\u0142 Pasterczyk\"},\"image\":{\"@id\":\"https:\\\/\\\/inteligentny-rozwoj.com.pl\\\/#\\\/schema\\\/logo\\\/image\\\/\"},\"sameAs\":[\"https:\\\/\\\/www.facebook.com\\\/RPConsulting\",\"https:\\\/\\\/x.com\\\/rp_consulting\",\"https:\\\/\\\/www.instagram.com\\\/rpconsulting.pl\\\/\",\"https:\\\/\\\/pl.linkedin.com\\\/company\\\/rp-consulting-rpc\",\"https:\\\/\\\/www.linkedin.com\\\/in\\\/rafal-pasterczyk\\\/\"]},{\"@type\":\"Person\",\"@id\":\"https:\\\/\\\/inteligentny-rozwoj.com.pl\\\/#\\\/schema\\\/person\\\/781a467e5e331ce384632759ecdba772\",\"name\":\"RP CONSULTING Rafa\u0142 Pasterczyk\",\"image\":{\"@type\":\"ImageObject\",\"inLanguage\":\"pl-PL\",\"@id\":\"https:\\\/\\\/secure.gravatar.com\\\/avatar\\\/fde501377d5b06ef1fb158c1ea34fe2defd80fd9526b2263a81456023558c240?s=96&d=mm&r=g\",\"url\":\"https:\\\/\\\/secure.gravatar.com\\\/avatar\\\/fde501377d5b06ef1fb158c1ea34fe2defd80fd9526b2263a81456023558c240?s=96&d=mm&r=g\",\"contentUrl\":\"https:\\\/\\\/secure.gravatar.com\\\/avatar\\\/fde501377d5b06ef1fb158c1ea34fe2defd80fd9526b2263a81456023558c240?s=96&d=mm&r=g\",\"caption\":\"RP CONSULTING Rafa\u0142 Pasterczyk\"},\"description\":\"Doradztwo biznesowe i outsourcing - us\u0142ugi doradcze w zakresie marketingu B2B, rozwoju eksportu oraz pozyskiwanie i rozliczanie dotacji na rozw\u00f3j eksportu i cyfryzacj\u0119. Ponad 100 skutecznie zrealizowanych projekt\u00f3w. Wiele z nich \u0142\u0105czy doradztwo w zakresie strategii internacjonalizacji ze skutecznym pozyskaniem dofinansowania na dzia\u0142ania na rynkach zagranicznych.\",\"sameAs\":[\"https:\\\/\\\/inteligentny-rozwoj.com.pl\\\/\",\"https:\\\/\\\/www.facebook.com\\\/RPConsulting\\\/\",\"https:\\\/\\\/www.instagram.com\\\/rpconsulting.pl\\\/\",\"https:\\\/\\\/pl.linkedin.com\\\/company\\\/rp-consulting-rpc\",\"https:\\\/\\\/www.youtube.com\\\/@RPCONSULTING-b2b\"],\"url\":\"https:\\\/\\\/inteligentny-rozwoj.com.pl\\\/index.php\\\/author\\\/rpconsulting\\\/\"}]}<\/script>\n<!-- \/ Yoast SEO plugin. -->","yoast_head_json":{"title":"Rynek Pracy - Ma\u0142opolski Regionalny Program Operacyjny- MRPO 2014-2020","description":"Rynek Pracy-o\u015b priorytetowa 7 w ramach MRPO 2014-2020 (Ma\u0142opolski Regionalny Program Operacyjny) ma na celu wsparcie zatrudnienia na regionalnym rynku pracy","robots":{"index":"index","follow":"follow","max-snippet":"max-snippet:-1","max-image-preview":"max-image-preview:large","max-video-preview":"max-video-preview:-1"},"canonical":"https:\/\/inteligentny-rozwoj.com.pl\/index.php\/fundusze-europejskie-2014-2020\/mrpo-2014-2020\/rynek-pracy\/","og_locale":"pl_PL","og_type":"article","og_title":"Rynek Pracy - Ma\u0142opolski Regionalny Program Operacyjny- MRPO 2014-2020","og_description":"Rynek Pracy-o\u015b priorytetowa 7 w ramach MRPO 2014-2020 (Ma\u0142opolski Regionalny Program Operacyjny) ma na celu wsparcie zatrudnienia na regionalnym rynku pracy","og_url":"https:\/\/inteligentny-rozwoj.com.pl\/index.php\/fundusze-europejskie-2014-2020\/mrpo-2014-2020\/rynek-pracy\/","og_site_name":"RP CONSULTING Rafa\u0142 Pasterczyk | marketing B2B, eksport, dotacje UE","article_publisher":"https:\/\/www.facebook.com\/RPConsulting","article_modified_time":"2014-10-02T11:47:01+00:00","og_image":[{"width":350,"height":300,"url":"https:\/\/inteligentny-rozwoj.com.pl\/wp-content\/uploads\/2021\/06\/rpc_logo_sq.png","type":"image\/png"}],"twitter_card":"summary_large_image","twitter_site":"@rp_consulting","twitter_misc":{"Szacowany czas czytania":"3 minuty"},"schema":{"@context":"https:\/\/schema.org","@graph":[{"@type":"Article","@id":"https:\/\/inteligentny-rozwoj.com.pl\/index.php\/fundusze-europejskie-2014-2020\/mrpo-2014-2020\/rynek-pracy\/#article","isPartOf":{"@id":"https:\/\/inteligentny-rozwoj.com.pl\/index.php\/fundusze-europejskie-2014-2020\/mrpo-2014-2020\/rynek-pracy\/"},"author":{"name":"RP CONSULTING Rafa\u0142 Pasterczyk","@id":"https:\/\/inteligentny-rozwoj.com.pl\/#\/schema\/person\/781a467e5e331ce384632759ecdba772"},"headline":"8. Rynek Pracy","datePublished":"2014-09-29T11:52:42+00:00","dateModified":"2014-10-02T11:47:01+00:00","mainEntityOfPage":{"@id":"https:\/\/inteligentny-rozwoj.com.pl\/index.php\/fundusze-europejskie-2014-2020\/mrpo-2014-2020\/rynek-pracy\/"},"wordCount":614,"publisher":{"@id":"https:\/\/inteligentny-rozwoj.com.pl\/#organization"},"inLanguage":"pl-PL"},{"@type":"WebPage","@id":"https:\/\/inteligentny-rozwoj.com.pl\/index.php\/fundusze-europejskie-2014-2020\/mrpo-2014-2020\/rynek-pracy\/","url":"https:\/\/inteligentny-rozwoj.com.pl\/index.php\/fundusze-europejskie-2014-2020\/mrpo-2014-2020\/rynek-pracy\/","name":"Rynek Pracy - Ma\u0142opolski Regionalny Program Operacyjny- MRPO 2014-2020","isPartOf":{"@id":"https:\/\/inteligentny-rozwoj.com.pl\/#website"},"datePublished":"2014-09-29T11:52:42+00:00","dateModified":"2014-10-02T11:47:01+00:00","description":"Rynek Pracy-o\u015b priorytetowa 7 w ramach MRPO 2014-2020 (Ma\u0142opolski Regionalny Program Operacyjny) ma na celu wsparcie zatrudnienia na regionalnym rynku pracy","breadcrumb":{"@id":"https:\/\/inteligentny-rozwoj.com.pl\/index.php\/fundusze-europejskie-2014-2020\/mrpo-2014-2020\/rynek-pracy\/#breadcrumb"},"inLanguage":"pl-PL","potentialAction":[{"@type":"ReadAction","target":["https:\/\/inteligentny-rozwoj.com.pl\/index.php\/fundusze-europejskie-2014-2020\/mrpo-2014-2020\/rynek-pracy\/"]}]},{"@type":"BreadcrumbList","@id":"https:\/\/inteligentny-rozwoj.com.pl\/index.php\/fundusze-europejskie-2014-2020\/mrpo-2014-2020\/rynek-pracy\/#breadcrumb","itemListElement":[{"@type":"ListItem","position":1,"name":"Fundusze 2014-2020","item":"https:\/\/inteligentny-rozwoj.com.pl\/index.php\/fundusze-europejskie-2014-2020\/"},{"@type":"ListItem","position":2,"name":"RPO WM 2014-2020","item":"https:\/\/inteligentny-rozwoj.com.pl\/index.php\/fundusze-europejskie-2014-2020\/mrpo-2014-2020\/"},{"@type":"ListItem","position":3,"name":"8. Rynek Pracy"}]},{"@type":"WebSite","@id":"https:\/\/inteligentny-rozwoj.com.pl\/#website","url":"https:\/\/inteligentny-rozwoj.com.pl\/","name":"RP CONSULTING Rafa\u0142 Pasterczyk | marketing B2B, eksport, dotacje UE","description":"Tw\u00f3j partner w rozwoju biznesu - skuteczne doradztwo w marketingu B2B, rozwoju eksportu i pozyskiwaniu dotacji","publisher":{"@id":"https:\/\/inteligentny-rozwoj.com.pl\/#organization"},"alternateName":"Rafa\u0142 Pasterczyk RP CONSULTING","potentialAction":[{"@type":"SearchAction","target":{"@type":"EntryPoint","urlTemplate":"https:\/\/inteligentny-rozwoj.com.pl\/?s={search_term_string}"},"query-input":{"@type":"PropertyValueSpecification","valueRequired":true,"valueName":"search_term_string"}}],"inLanguage":"pl-PL"},{"@type":"Organization","@id":"https:\/\/inteligentny-rozwoj.com.pl\/#organization","name":"RP CONSULTING Rafa\u0142 Pasterczyk","alternateName":"Rafa\u0142 Pasterczyk RP CONSULTING","url":"https:\/\/inteligentny-rozwoj.com.pl\/","logo":{"@type":"ImageObject","inLanguage":"pl-PL","@id":"https:\/\/inteligentny-rozwoj.com.pl\/#\/schema\/logo\/image\/","url":"https:\/\/inteligentny-rozwoj.com.pl\/wp-content\/uploads\/2019\/01\/cropped-rpc_logo_sq-e1546996617786.png","contentUrl":"https:\/\/inteligentny-rozwoj.com.pl\/wp-content\/uploads\/2019\/01\/cropped-rpc_logo_sq-e1546996617786.png","width":512,"height":512,"caption":"RP CONSULTING Rafa\u0142 Pasterczyk"},"image":{"@id":"https:\/\/inteligentny-rozwoj.com.pl\/#\/schema\/logo\/image\/"},"sameAs":["https:\/\/www.facebook.com\/RPConsulting","https:\/\/x.com\/rp_consulting","https:\/\/www.instagram.com\/rpconsulting.pl\/","https:\/\/pl.linkedin.com\/company\/rp-consulting-rpc","https:\/\/www.linkedin.com\/in\/rafal-pasterczyk\/"]},{"@type":"Person","@id":"https:\/\/inteligentny-rozwoj.com.pl\/#\/schema\/person\/781a467e5e331ce384632759ecdba772","name":"RP CONSULTING Rafa\u0142 Pasterczyk","image":{"@type":"ImageObject","inLanguage":"pl-PL","@id":"https:\/\/secure.gravatar.com\/avatar\/fde501377d5b06ef1fb158c1ea34fe2defd80fd9526b2263a81456023558c240?s=96&d=mm&r=g","url":"https:\/\/secure.gravatar.com\/avatar\/fde501377d5b06ef1fb158c1ea34fe2defd80fd9526b2263a81456023558c240?s=96&d=mm&r=g","contentUrl":"https:\/\/secure.gravatar.com\/avatar\/fde501377d5b06ef1fb158c1ea34fe2defd80fd9526b2263a81456023558c240?s=96&d=mm&r=g","caption":"RP CONSULTING Rafa\u0142 Pasterczyk"},"description":"Doradztwo biznesowe i outsourcing - us\u0142ugi doradcze w zakresie marketingu B2B, rozwoju eksportu oraz pozyskiwanie i rozliczanie dotacji na rozw\u00f3j eksportu i cyfryzacj\u0119. Ponad 100 skutecznie zrealizowanych projekt\u00f3w. Wiele z nich \u0142\u0105czy doradztwo w zakresie strategii internacjonalizacji ze skutecznym pozyskaniem dofinansowania na dzia\u0142ania na rynkach zagranicznych.","sameAs":["https:\/\/inteligentny-rozwoj.com.pl\/","https:\/\/www.facebook.com\/RPConsulting\/","https:\/\/www.instagram.com\/rpconsulting.pl\/","https:\/\/pl.linkedin.com\/company\/rp-consulting-rpc","https:\/\/www.youtube.com\/@RPCONSULTING-b2b"],"url":"https:\/\/inteligentny-rozwoj.com.pl\/index.php\/author\/rpconsulting\/"}]}},"uagb_featured_image_src":{"full":false,"thumbnail":false,"medium":false,"medium_large":false,"large":false,"1536x1536":false,"2048x2048":false,"post-thumbnail":false,"sow-carousel-default":false,"sow-blog-portfolio":false,"sow-blog-grid":false,"sow-blog-alternate":false},"uagb_author_info":{"display_name":"RP CONSULTING Rafa\u0142 Pasterczyk","author_link":"https:\/\/inteligentny-rozwoj.com.pl\/index.php\/author\/rpconsulting\/"},"uagb_comment_info":0,"uagb_excerpt":"MRPO 2014-2020 &ndash; O&#347; priorytetowa 8 &ndash; Rynek Pracy Celem g&#322;&oacute;wnym osi priorytetowej 8 Rynek Pracy Ma&#322;opolskiego Regionalnego Programu Operacyjnego 2014-2020 jest wsparcie zatrudnienia na regionalnym rynku pracy. O&#347; priorytetowa 8 Rynek Pracy, realizowana w ramach&nbsp;Regionalnego Programu Operacyjnego Wojew&oacute;dztwa Ma&#322;opolskiego na lata 2014-2020, przewiduje do realizacji nast&#281;puj&#261;ce dzia&#322;ania: DZIA&#321;ANIE 8.1 AKTYWIZACJA ZAWODOWA MIESZKA&#323;C&Oacute;W REGIONU Poddzia&#322;anie&hellip;","_links":{"self":[{"href":"https:\/\/inteligentny-rozwoj.com.pl\/index.php\/wp-json\/wp\/v2\/pages\/512","targetHints":{"allow":["GET"]}}],"collection":[{"href":"https:\/\/inteligentny-rozwoj.com.pl\/index.php\/wp-json\/wp\/v2\/pages"}],"about":[{"href":"https:\/\/inteligentny-rozwoj.com.pl\/index.php\/wp-json\/wp\/v2\/types\/page"}],"author":[{"embeddable":true,"href":"https:\/\/inteligentny-rozwoj.com.pl\/index.php\/wp-json\/wp\/v2\/users\/1"}],"replies":[{"embeddable":true,"href":"https:\/\/inteligentny-rozwoj.com.pl\/index.php\/wp-json\/wp\/v2\/comments?post=512"}],"version-history":[{"count":6,"href":"https:\/\/inteligentny-rozwoj.com.pl\/index.php\/wp-json\/wp\/v2\/pages\/512\/revisions"}],"predecessor-version":[{"id":546,"href":"https:\/\/inteligentny-rozwoj.com.pl\/index.php\/wp-json\/wp\/v2\/pages\/512\/revisions\/546"}],"up":[{"embeddable":true,"href":"https:\/\/inteligentny-rozwoj.com.pl\/index.php\/wp-json\/wp\/v2\/pages\/493"}],"wp:attachment":[{"href":"https:\/\/inteligentny-rozwoj.com.pl\/index.php\/wp-json\/wp\/v2\/media?parent=512"}],"curies":[{"name":"wp","href":"https:\/\/api.w.org\/{rel}","templated":true}]}}