{"id":518,"date":"2014-09-29T13:55:16","date_gmt":"2014-09-29T11:55:16","guid":{"rendered":"https:\/\/inteligentny-rozwoj.com.pl\/?page_id=518"},"modified":"2014-10-14T14:17:56","modified_gmt":"2014-10-14T12:17:56","slug":"rewitalizacja-przestrzeni-regionalnej","status":"publish","type":"page","link":"https:\/\/inteligentny-rozwoj.com.pl\/index.php\/fundusze-europejskie-2014-2020\/mrpo-2014-2020\/rewitalizacja-przestrzeni-regionalnej\/","title":{"rendered":"11. Rewitaliz. Przestrzeni Reg."},"content":{"rendered":"<h3 style=\"text-align: justify;\">MRPO 2014-2020 \u2013 O\u015b priorytetowa 11 \u2013 Rewitalizacja Przestrzeni Regionalnej<\/h3>\n<p style=\"text-align: justify;\">Celem g\u0142\u00f3wnym osi priorytetowej 11 Rewitalizacja Przestrzeni Regionalnej jest Wzrost aktywno\u015bci spo\u0142ecznej i zawodowej mieszka\u0144c\u00f3w obszar\u00f3w obj\u0119tych procesami rewitalizacji miast i odnowy obszar\u00f3w wiejskich.<\/p>\n<p style=\"text-align: justify;\">O\u015b priorytetowa 11\u00a0Rewitalizacja Przestrzeni Regionalnej realizowana w ramach\u00a0Regionalnego Programu Operacyjnego Wojew\u00f3dztwa Ma\u0142opolskiego na lata 2014-2020, przewiduje do realizacji nast\u0119puj\u0105ce dzia\u0142ania:<\/p>\n<p style=\"text-align: justify;\">DZIA\u0141ANIE 11.1. REWITALIZACJA MIAST<\/p>\n<p style=\"text-align: justify; padding-left: 30px;\">Poddzia\u0142anie 11.1.1. REWITALIZACJA G\u0141\u00d3WNYCH O\u015aRODK\u00d3W MIEJSKICH W REGIONIE<\/p>\n<p style=\"text-align: justify; padding-left: 30px;\">Poddzia\u0142anie 11.1.2. ODNOWA MIAST MA\u0141YCH<\/p>\n<p style=\"text-align: justify; padding-left: 30px;\">Poddzia\u0142anie 11.1.3. REWITALIZACJA ZABYTKOWEGO ZESPO\u0141U SZPITALNO-PARKOWEGO W KOBIERZYNIE<\/p>\n<p style=\"text-align: justify;\">DZIA\u0141ANIE 11.2 ODNOWA OBSZAR\u00d3W WIEJSKICH<\/p>\n<p style=\"text-align: justify;\">Wzrost aktywno\u015bci spo\u0142ecznej i zawodowej mieszka\u0144c\u00f3w obszar\u00f3w miejskich obj\u0119tych procesami odnowy. Istnienie zdegradowanych, zaniedbanych i odizolowanych obszar\u00f3w, na kt\u00f3rych cz\u0119sto wyst\u0119puje zjawisko wykluczenia spo\u0142ecznego, powoduje konieczno\u015b\u0107 podj\u0119cia dzia\u0142a\u0144 s\u0142u\u017c\u0105cych poprawie sp\u00f3jno\u015bci spo\u0142ecznej i terytorialnej. W tym celu przewiduje si\u0119 realizacj\u0119 zada\u0144 z zakresu odnowy spo\u0142ecznej, fizycznej, gospodarczej i przestrzennej, kt\u00f3re b\u0119d\u0105 wspierane z dw\u00f3ch funduszy: Europejskiego Funduszu Rozwoju Regionalnego (EFRR) oraz Europejskiego Funduszu Spo\u0142ecznego (EFS). Dzia\u0142ania te przyczyni\u0105 si\u0119 do wzrostu aktywno\u015bci spo\u0142ecznej i zawodowej mieszka\u0144c\u00f3w obszar\u00f3w dotkni\u0119tych problemami spo\u0142ecznymi. Ponadto, w ramach innych osi priorytetowych programu, mo\u017cliwe b\u0119dzie wsparcie dzia\u0142a\u0144 o charakterze rewitalizacyjnym, finansowanych ze \u015brodk\u00f3w EFRR, zw\u0142aszcza w zakresie tworzenia i rozwoju stref aktywno\u015bci gospodarczej na terenach typu brownfield oraz podnoszenia efektywno\u015bci energetycznej budynk\u00f3w.<\/p>\n<p style=\"text-align: justify;\">W ramach dzia\u0142ania wspierane b\u0119d\u0105 projekty w\u0142a\u015bciwe dla EFRR, natomiast, maj\u0105c na uwadze bezpo\u015bredni\u0105 wsp\u00f3\u0142zale\u017cno\u015b\u0107 pomi\u0119dzy dzia\u0142aniami infrastrukturalnymi i dzia\u0142aniami s\u0142u\u017c\u0105cymi rozwojowi sfery spo\u0142ecznej na obszarach dotkni\u0119tych problemami spo\u0142ecznymi oraz d\u0105\u017cenie do zapewnienia wysokiego poziomu komplementarno\u015bci pomi\u0119dzy dzia\u0142aniami spo\u0142ecznymi i infrastrukturalnymi, wsparcie dla projekt\u00f3w spo\u0142ecznych b\u0119dzie prowadzone w ramach PI 8.5, 8.8, 9.4, 9.7, 10.1 finansowanych z EFS w odpowiednich osiach priorytetowych. Takie podej\u015bcie umo\u017cliwi:<\/p>\n<p style=\"text-align: justify;\">&#8211; powi\u0105zanie inwestycji infrastrukturalnych z realizacj\u0105 dzia\u0142a\u0144 maj\u0105cych maj\u0105cych cele spo\u0142eczne;<\/p>\n<p style=\"text-align: justify;\">&#8211; realizacj\u0119 dzia\u0142a\u0144 inwestycyjnych jedynie w przypadkach, kiedy s\u0142u\u017c\u0105 one rozwi\u0105zywaniu zdiagnozowanych problem\u00f3w spo\u0142ecznych;<\/p>\n<p style=\"text-align: justify;\">\uf0b7 koordynacj\u0119 czasow\u0105 w procesie wyboru do finansowania wi\u0105zki wybranych typ\u00f3w interwencji wspieranych \u015brodkami obu funduszy. Przedsi\u0119wzi\u0119cia we wskazanych powy\u017cej PI b\u0119d\u0105 mog\u0142y by\u0107 realizowane w formule projekt\u00f3w grantowych. Dzia\u0142anie realizowane b\u0119d\u0105 na obszarach wiejskich rozumianych jako:<\/p>\n<p style=\"text-align: justify;\">&#8211; wie\u015b \u2013 siedziba w\u0142adz gminnych, i\/lub<\/p>\n<p style=\"text-align: justify;\">&#8211; najwi\u0119ksza wie\u015b w gminie, i\/lub<\/p>\n<p style=\"text-align: justify;\">&#8211; miasto poni\u017cej 5 tys. mieszka\u0144c\u00f3w.<\/p>\n<p style=\"text-align: justify;\">Projekty realizowane b\u0119d\u0105 na podstawie Planu Odnowy Miejscowo\u015bci (POM) opracowywanego na podstawie metodyki opracowanej przez IZ RPO WM 2014-2020. POM, aby stanowi\u0107 podstaw\u0119 do aplikowania o wsparcie dla projekt\u00f3w rewitalizacyjnych, b\u0119dzie musia\u0142 zosta\u0107 zaakceptowany przez IZ RPO WM 2014-20.<\/p>\n","protected":false},"excerpt":{"rendered":"<p>MRPO 2014-2020 &ndash; O&#347; priorytetowa 11 &ndash; Rewitalizacja Przestrzeni Regionalnej Celem g&#322;&oacute;wnym osi priorytetowej 11 Rewitalizacja Przestrzeni Regionalnej jest Wzrost aktywno&#347;ci spo&#322;ecznej i zawodowej mieszka&#324;c&oacute;w obszar&oacute;w obj&#281;tych procesami rewitalizacji miast i odnowy obszar&oacute;w wiejskich. O&#347; priorytetowa 11&nbsp;Rewitalizacja Przestrzeni Regionalnej realizowana w ramach&nbsp;Regionalnego Programu Operacyjnego Wojew&oacute;dztwa Ma&#322;opolskiego na lata 2014-2020, przewiduje do realizacji nast&#281;puj&#261;ce dzia&#322;ania: DZIA&#321;ANIE [&hellip;]<\/p>\n","protected":false},"author":1,"featured_media":0,"parent":493,"menu_order":11,"comment_status":"closed","ping_status":"closed","template":"page-templates\/full-width.php","meta":{"_crdt_document":"","content-type":"","_uag_custom_page_level_css":"","footnotes":""},"class_list":["post-518","page","type-page","status-publish","hentry"],"yoast_head":"<!-- This site is optimized with the Yoast SEO plugin v27.3 - https:\/\/yoast.com\/product\/yoast-seo-wordpress\/ -->\n<title>Rewitalizacja Przestrzeni Regionalnej - MRPO 2014-2020<\/title>\n<meta name=\"description\" content=\"Rewitalizacja Przestrzeni Regionalnej - MRPO 2014-2020 - ma na celu wzrost aktywno\u015bci spo\u0142ecznej i zawodowej mieszka\u0144c\u00f3w wybranych obszar\u00f3w miast i wsi.\" \/>\n<meta name=\"robots\" content=\"index, follow, max-snippet:-1, max-image-preview:large, max-video-preview:-1\" \/>\n<link rel=\"canonical\" href=\"https:\/\/inteligentny-rozwoj.com.pl\/index.php\/fundusze-europejskie-2014-2020\/mrpo-2014-2020\/rewitalizacja-przestrzeni-regionalnej\/\" \/>\n<meta property=\"og:locale\" content=\"pl_PL\" \/>\n<meta property=\"og:type\" content=\"article\" \/>\n<meta property=\"og:title\" content=\"Rewitalizacja Przestrzeni Regionalnej - MRPO 2014-2020\" \/>\n<meta property=\"og:description\" content=\"Rewitalizacja Przestrzeni Regionalnej - MRPO 2014-2020 - ma na celu wzrost aktywno\u015bci spo\u0142ecznej i zawodowej mieszka\u0144c\u00f3w wybranych obszar\u00f3w miast i wsi.\" \/>\n<meta property=\"og:url\" content=\"https:\/\/inteligentny-rozwoj.com.pl\/index.php\/fundusze-europejskie-2014-2020\/mrpo-2014-2020\/rewitalizacja-przestrzeni-regionalnej\/\" \/>\n<meta property=\"og:site_name\" content=\"RP CONSULTING Rafa\u0142 Pasterczyk | marketing B2B, eksport, dotacje UE\" \/>\n<meta property=\"article:publisher\" content=\"https:\/\/www.facebook.com\/RPConsulting\" \/>\n<meta property=\"article:modified_time\" content=\"2014-10-14T12:17:56+00:00\" \/>\n<meta property=\"og:image\" content=\"https:\/\/inteligentny-rozwoj.com.pl\/wp-content\/uploads\/2021\/06\/rpc_logo_sq.png\" \/>\n\t<meta property=\"og:image:width\" content=\"350\" \/>\n\t<meta property=\"og:image:height\" content=\"300\" \/>\n\t<meta property=\"og:image:type\" content=\"image\/png\" \/>\n<meta name=\"twitter:card\" content=\"summary_large_image\" \/>\n<meta name=\"twitter:site\" content=\"@rp_consulting\" \/>\n<meta name=\"twitter:label1\" content=\"Szacowany czas czytania\" \/>\n\t<meta name=\"twitter:data1\" content=\"2 minuty\" \/>\n<script type=\"application\/ld+json\" class=\"yoast-schema-graph\">{\"@context\":\"https:\\\/\\\/schema.org\",\"@graph\":[{\"@type\":\"Article\",\"@id\":\"https:\\\/\\\/inteligentny-rozwoj.com.pl\\\/index.php\\\/fundusze-europejskie-2014-2020\\\/mrpo-2014-2020\\\/rewitalizacja-przestrzeni-regionalnej\\\/#article\",\"isPartOf\":{\"@id\":\"https:\\\/\\\/inteligentny-rozwoj.com.pl\\\/index.php\\\/fundusze-europejskie-2014-2020\\\/mrpo-2014-2020\\\/rewitalizacja-przestrzeni-regionalnej\\\/\"},\"author\":{\"name\":\"RP CONSULTING Rafa\u0142 Pasterczyk\",\"@id\":\"https:\\\/\\\/inteligentny-rozwoj.com.pl\\\/#\\\/schema\\\/person\\\/781a467e5e331ce384632759ecdba772\"},\"headline\":\"11. Rewitaliz. Przestrzeni Reg.\",\"datePublished\":\"2014-09-29T11:55:16+00:00\",\"dateModified\":\"2014-10-14T12:17:56+00:00\",\"mainEntityOfPage\":{\"@id\":\"https:\\\/\\\/inteligentny-rozwoj.com.pl\\\/index.php\\\/fundusze-europejskie-2014-2020\\\/mrpo-2014-2020\\\/rewitalizacja-przestrzeni-regionalnej\\\/\"},\"wordCount\":492,\"publisher\":{\"@id\":\"https:\\\/\\\/inteligentny-rozwoj.com.pl\\\/#organization\"},\"inLanguage\":\"pl-PL\"},{\"@type\":\"WebPage\",\"@id\":\"https:\\\/\\\/inteligentny-rozwoj.com.pl\\\/index.php\\\/fundusze-europejskie-2014-2020\\\/mrpo-2014-2020\\\/rewitalizacja-przestrzeni-regionalnej\\\/\",\"url\":\"https:\\\/\\\/inteligentny-rozwoj.com.pl\\\/index.php\\\/fundusze-europejskie-2014-2020\\\/mrpo-2014-2020\\\/rewitalizacja-przestrzeni-regionalnej\\\/\",\"name\":\"Rewitalizacja Przestrzeni Regionalnej - MRPO 2014-2020\",\"isPartOf\":{\"@id\":\"https:\\\/\\\/inteligentny-rozwoj.com.pl\\\/#website\"},\"datePublished\":\"2014-09-29T11:55:16+00:00\",\"dateModified\":\"2014-10-14T12:17:56+00:00\",\"description\":\"Rewitalizacja Przestrzeni Regionalnej - MRPO 2014-2020 - ma na celu wzrost aktywno\u015bci spo\u0142ecznej i zawodowej mieszka\u0144c\u00f3w wybranych obszar\u00f3w miast i wsi.\",\"breadcrumb\":{\"@id\":\"https:\\\/\\\/inteligentny-rozwoj.com.pl\\\/index.php\\\/fundusze-europejskie-2014-2020\\\/mrpo-2014-2020\\\/rewitalizacja-przestrzeni-regionalnej\\\/#breadcrumb\"},\"inLanguage\":\"pl-PL\",\"potentialAction\":[{\"@type\":\"ReadAction\",\"target\":[\"https:\\\/\\\/inteligentny-rozwoj.com.pl\\\/index.php\\\/fundusze-europejskie-2014-2020\\\/mrpo-2014-2020\\\/rewitalizacja-przestrzeni-regionalnej\\\/\"]}]},{\"@type\":\"BreadcrumbList\",\"@id\":\"https:\\\/\\\/inteligentny-rozwoj.com.pl\\\/index.php\\\/fundusze-europejskie-2014-2020\\\/mrpo-2014-2020\\\/rewitalizacja-przestrzeni-regionalnej\\\/#breadcrumb\",\"itemListElement\":[{\"@type\":\"ListItem\",\"position\":1,\"name\":\"Fundusze 2014-2020\",\"item\":\"https:\\\/\\\/inteligentny-rozwoj.com.pl\\\/index.php\\\/fundusze-europejskie-2014-2020\\\/\"},{\"@type\":\"ListItem\",\"position\":2,\"name\":\"RPO WM 2014-2020\",\"item\":\"https:\\\/\\\/inteligentny-rozwoj.com.pl\\\/index.php\\\/fundusze-europejskie-2014-2020\\\/mrpo-2014-2020\\\/\"},{\"@type\":\"ListItem\",\"position\":3,\"name\":\"11. Rewitaliz. Przestrzeni Reg.\"}]},{\"@type\":\"WebSite\",\"@id\":\"https:\\\/\\\/inteligentny-rozwoj.com.pl\\\/#website\",\"url\":\"https:\\\/\\\/inteligentny-rozwoj.com.pl\\\/\",\"name\":\"RP CONSULTING Rafa\u0142 Pasterczyk | marketing B2B, eksport, dotacje UE\",\"description\":\"Tw\u00f3j partner w rozwoju biznesu - skuteczne doradztwo w marketingu B2B, rozwoju eksportu i pozyskiwaniu dotacji\",\"publisher\":{\"@id\":\"https:\\\/\\\/inteligentny-rozwoj.com.pl\\\/#organization\"},\"alternateName\":\"Rafa\u0142 Pasterczyk RP CONSULTING\",\"potentialAction\":[{\"@type\":\"SearchAction\",\"target\":{\"@type\":\"EntryPoint\",\"urlTemplate\":\"https:\\\/\\\/inteligentny-rozwoj.com.pl\\\/?s={search_term_string}\"},\"query-input\":{\"@type\":\"PropertyValueSpecification\",\"valueRequired\":true,\"valueName\":\"search_term_string\"}}],\"inLanguage\":\"pl-PL\"},{\"@type\":\"Organization\",\"@id\":\"https:\\\/\\\/inteligentny-rozwoj.com.pl\\\/#organization\",\"name\":\"RP CONSULTING Rafa\u0142 Pasterczyk\",\"alternateName\":\"Rafa\u0142 Pasterczyk RP CONSULTING\",\"url\":\"https:\\\/\\\/inteligentny-rozwoj.com.pl\\\/\",\"logo\":{\"@type\":\"ImageObject\",\"inLanguage\":\"pl-PL\",\"@id\":\"https:\\\/\\\/inteligentny-rozwoj.com.pl\\\/#\\\/schema\\\/logo\\\/image\\\/\",\"url\":\"https:\\\/\\\/inteligentny-rozwoj.com.pl\\\/wp-content\\\/uploads\\\/2019\\\/01\\\/cropped-rpc_logo_sq-e1546996617786.png\",\"contentUrl\":\"https:\\\/\\\/inteligentny-rozwoj.com.pl\\\/wp-content\\\/uploads\\\/2019\\\/01\\\/cropped-rpc_logo_sq-e1546996617786.png\",\"width\":512,\"height\":512,\"caption\":\"RP CONSULTING Rafa\u0142 Pasterczyk\"},\"image\":{\"@id\":\"https:\\\/\\\/inteligentny-rozwoj.com.pl\\\/#\\\/schema\\\/logo\\\/image\\\/\"},\"sameAs\":[\"https:\\\/\\\/www.facebook.com\\\/RPConsulting\",\"https:\\\/\\\/x.com\\\/rp_consulting\",\"https:\\\/\\\/www.instagram.com\\\/rpconsulting.pl\\\/\",\"https:\\\/\\\/pl.linkedin.com\\\/company\\\/rp-consulting-rpc\",\"https:\\\/\\\/www.linkedin.com\\\/in\\\/rafal-pasterczyk\\\/\"]},{\"@type\":\"Person\",\"@id\":\"https:\\\/\\\/inteligentny-rozwoj.com.pl\\\/#\\\/schema\\\/person\\\/781a467e5e331ce384632759ecdba772\",\"name\":\"RP CONSULTING Rafa\u0142 Pasterczyk\",\"image\":{\"@type\":\"ImageObject\",\"inLanguage\":\"pl-PL\",\"@id\":\"https:\\\/\\\/secure.gravatar.com\\\/avatar\\\/fde501377d5b06ef1fb158c1ea34fe2defd80fd9526b2263a81456023558c240?s=96&d=mm&r=g\",\"url\":\"https:\\\/\\\/secure.gravatar.com\\\/avatar\\\/fde501377d5b06ef1fb158c1ea34fe2defd80fd9526b2263a81456023558c240?s=96&d=mm&r=g\",\"contentUrl\":\"https:\\\/\\\/secure.gravatar.com\\\/avatar\\\/fde501377d5b06ef1fb158c1ea34fe2defd80fd9526b2263a81456023558c240?s=96&d=mm&r=g\",\"caption\":\"RP CONSULTING Rafa\u0142 Pasterczyk\"},\"description\":\"Doradztwo biznesowe i outsourcing - us\u0142ugi doradcze w zakresie marketingu B2B, rozwoju eksportu oraz pozyskiwanie i rozliczanie dotacji na rozw\u00f3j eksportu i cyfryzacj\u0119. Ponad 100 skutecznie zrealizowanych projekt\u00f3w. Wiele z nich \u0142\u0105czy doradztwo w zakresie strategii internacjonalizacji ze skutecznym pozyskaniem dofinansowania na dzia\u0142ania na rynkach zagranicznych.\",\"sameAs\":[\"https:\\\/\\\/inteligentny-rozwoj.com.pl\\\/\",\"https:\\\/\\\/www.facebook.com\\\/RPConsulting\\\/\",\"https:\\\/\\\/www.instagram.com\\\/rpconsulting.pl\\\/\",\"https:\\\/\\\/pl.linkedin.com\\\/company\\\/rp-consulting-rpc\",\"https:\\\/\\\/www.youtube.com\\\/@RPCONSULTING-b2b\"],\"url\":\"https:\\\/\\\/inteligentny-rozwoj.com.pl\\\/index.php\\\/author\\\/rpconsulting\\\/\"}]}<\/script>\n<!-- \/ Yoast SEO plugin. -->","yoast_head_json":{"title":"Rewitalizacja Przestrzeni Regionalnej - MRPO 2014-2020","description":"Rewitalizacja Przestrzeni Regionalnej - MRPO 2014-2020 - ma na celu wzrost aktywno\u015bci spo\u0142ecznej i zawodowej mieszka\u0144c\u00f3w wybranych obszar\u00f3w miast i wsi.","robots":{"index":"index","follow":"follow","max-snippet":"max-snippet:-1","max-image-preview":"max-image-preview:large","max-video-preview":"max-video-preview:-1"},"canonical":"https:\/\/inteligentny-rozwoj.com.pl\/index.php\/fundusze-europejskie-2014-2020\/mrpo-2014-2020\/rewitalizacja-przestrzeni-regionalnej\/","og_locale":"pl_PL","og_type":"article","og_title":"Rewitalizacja Przestrzeni Regionalnej - MRPO 2014-2020","og_description":"Rewitalizacja Przestrzeni Regionalnej - MRPO 2014-2020 - ma na celu wzrost aktywno\u015bci spo\u0142ecznej i zawodowej mieszka\u0144c\u00f3w wybranych obszar\u00f3w miast i wsi.","og_url":"https:\/\/inteligentny-rozwoj.com.pl\/index.php\/fundusze-europejskie-2014-2020\/mrpo-2014-2020\/rewitalizacja-przestrzeni-regionalnej\/","og_site_name":"RP CONSULTING Rafa\u0142 Pasterczyk | marketing B2B, eksport, dotacje UE","article_publisher":"https:\/\/www.facebook.com\/RPConsulting","article_modified_time":"2014-10-14T12:17:56+00:00","og_image":[{"width":350,"height":300,"url":"https:\/\/inteligentny-rozwoj.com.pl\/wp-content\/uploads\/2021\/06\/rpc_logo_sq.png","type":"image\/png"}],"twitter_card":"summary_large_image","twitter_site":"@rp_consulting","twitter_misc":{"Szacowany czas czytania":"2 minuty"},"schema":{"@context":"https:\/\/schema.org","@graph":[{"@type":"Article","@id":"https:\/\/inteligentny-rozwoj.com.pl\/index.php\/fundusze-europejskie-2014-2020\/mrpo-2014-2020\/rewitalizacja-przestrzeni-regionalnej\/#article","isPartOf":{"@id":"https:\/\/inteligentny-rozwoj.com.pl\/index.php\/fundusze-europejskie-2014-2020\/mrpo-2014-2020\/rewitalizacja-przestrzeni-regionalnej\/"},"author":{"name":"RP CONSULTING Rafa\u0142 Pasterczyk","@id":"https:\/\/inteligentny-rozwoj.com.pl\/#\/schema\/person\/781a467e5e331ce384632759ecdba772"},"headline":"11. Rewitaliz. Przestrzeni Reg.","datePublished":"2014-09-29T11:55:16+00:00","dateModified":"2014-10-14T12:17:56+00:00","mainEntityOfPage":{"@id":"https:\/\/inteligentny-rozwoj.com.pl\/index.php\/fundusze-europejskie-2014-2020\/mrpo-2014-2020\/rewitalizacja-przestrzeni-regionalnej\/"},"wordCount":492,"publisher":{"@id":"https:\/\/inteligentny-rozwoj.com.pl\/#organization"},"inLanguage":"pl-PL"},{"@type":"WebPage","@id":"https:\/\/inteligentny-rozwoj.com.pl\/index.php\/fundusze-europejskie-2014-2020\/mrpo-2014-2020\/rewitalizacja-przestrzeni-regionalnej\/","url":"https:\/\/inteligentny-rozwoj.com.pl\/index.php\/fundusze-europejskie-2014-2020\/mrpo-2014-2020\/rewitalizacja-przestrzeni-regionalnej\/","name":"Rewitalizacja Przestrzeni Regionalnej - MRPO 2014-2020","isPartOf":{"@id":"https:\/\/inteligentny-rozwoj.com.pl\/#website"},"datePublished":"2014-09-29T11:55:16+00:00","dateModified":"2014-10-14T12:17:56+00:00","description":"Rewitalizacja Przestrzeni Regionalnej - MRPO 2014-2020 - ma na celu wzrost aktywno\u015bci spo\u0142ecznej i zawodowej mieszka\u0144c\u00f3w wybranych obszar\u00f3w miast i wsi.","breadcrumb":{"@id":"https:\/\/inteligentny-rozwoj.com.pl\/index.php\/fundusze-europejskie-2014-2020\/mrpo-2014-2020\/rewitalizacja-przestrzeni-regionalnej\/#breadcrumb"},"inLanguage":"pl-PL","potentialAction":[{"@type":"ReadAction","target":["https:\/\/inteligentny-rozwoj.com.pl\/index.php\/fundusze-europejskie-2014-2020\/mrpo-2014-2020\/rewitalizacja-przestrzeni-regionalnej\/"]}]},{"@type":"BreadcrumbList","@id":"https:\/\/inteligentny-rozwoj.com.pl\/index.php\/fundusze-europejskie-2014-2020\/mrpo-2014-2020\/rewitalizacja-przestrzeni-regionalnej\/#breadcrumb","itemListElement":[{"@type":"ListItem","position":1,"name":"Fundusze 2014-2020","item":"https:\/\/inteligentny-rozwoj.com.pl\/index.php\/fundusze-europejskie-2014-2020\/"},{"@type":"ListItem","position":2,"name":"RPO WM 2014-2020","item":"https:\/\/inteligentny-rozwoj.com.pl\/index.php\/fundusze-europejskie-2014-2020\/mrpo-2014-2020\/"},{"@type":"ListItem","position":3,"name":"11. Rewitaliz. Przestrzeni Reg."}]},{"@type":"WebSite","@id":"https:\/\/inteligentny-rozwoj.com.pl\/#website","url":"https:\/\/inteligentny-rozwoj.com.pl\/","name":"RP CONSULTING Rafa\u0142 Pasterczyk | marketing B2B, eksport, dotacje UE","description":"Tw\u00f3j partner w rozwoju biznesu - skuteczne doradztwo w marketingu B2B, rozwoju eksportu i pozyskiwaniu dotacji","publisher":{"@id":"https:\/\/inteligentny-rozwoj.com.pl\/#organization"},"alternateName":"Rafa\u0142 Pasterczyk RP CONSULTING","potentialAction":[{"@type":"SearchAction","target":{"@type":"EntryPoint","urlTemplate":"https:\/\/inteligentny-rozwoj.com.pl\/?s={search_term_string}"},"query-input":{"@type":"PropertyValueSpecification","valueRequired":true,"valueName":"search_term_string"}}],"inLanguage":"pl-PL"},{"@type":"Organization","@id":"https:\/\/inteligentny-rozwoj.com.pl\/#organization","name":"RP CONSULTING Rafa\u0142 Pasterczyk","alternateName":"Rafa\u0142 Pasterczyk RP CONSULTING","url":"https:\/\/inteligentny-rozwoj.com.pl\/","logo":{"@type":"ImageObject","inLanguage":"pl-PL","@id":"https:\/\/inteligentny-rozwoj.com.pl\/#\/schema\/logo\/image\/","url":"https:\/\/inteligentny-rozwoj.com.pl\/wp-content\/uploads\/2019\/01\/cropped-rpc_logo_sq-e1546996617786.png","contentUrl":"https:\/\/inteligentny-rozwoj.com.pl\/wp-content\/uploads\/2019\/01\/cropped-rpc_logo_sq-e1546996617786.png","width":512,"height":512,"caption":"RP CONSULTING Rafa\u0142 Pasterczyk"},"image":{"@id":"https:\/\/inteligentny-rozwoj.com.pl\/#\/schema\/logo\/image\/"},"sameAs":["https:\/\/www.facebook.com\/RPConsulting","https:\/\/x.com\/rp_consulting","https:\/\/www.instagram.com\/rpconsulting.pl\/","https:\/\/pl.linkedin.com\/company\/rp-consulting-rpc","https:\/\/www.linkedin.com\/in\/rafal-pasterczyk\/"]},{"@type":"Person","@id":"https:\/\/inteligentny-rozwoj.com.pl\/#\/schema\/person\/781a467e5e331ce384632759ecdba772","name":"RP CONSULTING Rafa\u0142 Pasterczyk","image":{"@type":"ImageObject","inLanguage":"pl-PL","@id":"https:\/\/secure.gravatar.com\/avatar\/fde501377d5b06ef1fb158c1ea34fe2defd80fd9526b2263a81456023558c240?s=96&d=mm&r=g","url":"https:\/\/secure.gravatar.com\/avatar\/fde501377d5b06ef1fb158c1ea34fe2defd80fd9526b2263a81456023558c240?s=96&d=mm&r=g","contentUrl":"https:\/\/secure.gravatar.com\/avatar\/fde501377d5b06ef1fb158c1ea34fe2defd80fd9526b2263a81456023558c240?s=96&d=mm&r=g","caption":"RP CONSULTING Rafa\u0142 Pasterczyk"},"description":"Doradztwo biznesowe i outsourcing - us\u0142ugi doradcze w zakresie marketingu B2B, rozwoju eksportu oraz pozyskiwanie i rozliczanie dotacji na rozw\u00f3j eksportu i cyfryzacj\u0119. Ponad 100 skutecznie zrealizowanych projekt\u00f3w. Wiele z nich \u0142\u0105czy doradztwo w zakresie strategii internacjonalizacji ze skutecznym pozyskaniem dofinansowania na dzia\u0142ania na rynkach zagranicznych.","sameAs":["https:\/\/inteligentny-rozwoj.com.pl\/","https:\/\/www.facebook.com\/RPConsulting\/","https:\/\/www.instagram.com\/rpconsulting.pl\/","https:\/\/pl.linkedin.com\/company\/rp-consulting-rpc","https:\/\/www.youtube.com\/@RPCONSULTING-b2b"],"url":"https:\/\/inteligentny-rozwoj.com.pl\/index.php\/author\/rpconsulting\/"}]}},"uagb_featured_image_src":{"full":false,"thumbnail":false,"medium":false,"medium_large":false,"large":false,"1536x1536":false,"2048x2048":false,"post-thumbnail":false,"sow-carousel-default":false,"sow-blog-portfolio":false,"sow-blog-grid":false,"sow-blog-alternate":false},"uagb_author_info":{"display_name":"RP CONSULTING Rafa\u0142 Pasterczyk","author_link":"https:\/\/inteligentny-rozwoj.com.pl\/index.php\/author\/rpconsulting\/"},"uagb_comment_info":0,"uagb_excerpt":"MRPO 2014-2020 &ndash; O&#347; priorytetowa 11 &ndash; Rewitalizacja Przestrzeni Regionalnej Celem g&#322;&oacute;wnym osi priorytetowej 11 Rewitalizacja Przestrzeni Regionalnej jest Wzrost aktywno&#347;ci spo&#322;ecznej i zawodowej mieszka&#324;c&oacute;w obszar&oacute;w obj&#281;tych procesami rewitalizacji miast i odnowy obszar&oacute;w wiejskich. O&#347; priorytetowa 11&nbsp;Rewitalizacja Przestrzeni Regionalnej realizowana w ramach&nbsp;Regionalnego Programu Operacyjnego Wojew&oacute;dztwa Ma&#322;opolskiego na lata 2014-2020, przewiduje do realizacji nast&#281;puj&#261;ce dzia&#322;ania: DZIA&#321;ANIE&hellip;","_links":{"self":[{"href":"https:\/\/inteligentny-rozwoj.com.pl\/index.php\/wp-json\/wp\/v2\/pages\/518","targetHints":{"allow":["GET"]}}],"collection":[{"href":"https:\/\/inteligentny-rozwoj.com.pl\/index.php\/wp-json\/wp\/v2\/pages"}],"about":[{"href":"https:\/\/inteligentny-rozwoj.com.pl\/index.php\/wp-json\/wp\/v2\/types\/page"}],"author":[{"embeddable":true,"href":"https:\/\/inteligentny-rozwoj.com.pl\/index.php\/wp-json\/wp\/v2\/users\/1"}],"replies":[{"embeddable":true,"href":"https:\/\/inteligentny-rozwoj.com.pl\/index.php\/wp-json\/wp\/v2\/comments?post=518"}],"version-history":[{"count":9,"href":"https:\/\/inteligentny-rozwoj.com.pl\/index.php\/wp-json\/wp\/v2\/pages\/518\/revisions"}],"predecessor-version":[{"id":599,"href":"https:\/\/inteligentny-rozwoj.com.pl\/index.php\/wp-json\/wp\/v2\/pages\/518\/revisions\/599"}],"up":[{"embeddable":true,"href":"https:\/\/inteligentny-rozwoj.com.pl\/index.php\/wp-json\/wp\/v2\/pages\/493"}],"wp:attachment":[{"href":"https:\/\/inteligentny-rozwoj.com.pl\/index.php\/wp-json\/wp\/v2\/media?parent=518"}],"curies":[{"name":"wp","href":"https:\/\/api.w.org\/{rel}","templated":true}]}}