{"id":6079,"date":"2021-11-16T14:11:39","date_gmt":"2021-11-16T13:11:39","guid":{"rendered":"https:\/\/inteligentny-rozwoj.com.pl\/?page_id=6079"},"modified":"2022-12-08T16:06:21","modified_gmt":"2022-12-08T15:06:21","slug":"ferc-fundusze-europejskie-na-rozwoj-cyfrowy-2021-2027","status":"publish","type":"page","link":"https:\/\/inteligentny-rozwoj.com.pl\/index.php\/fundusze-europejskie-2021-2027\/ferc-fundusze-europejskie-na-rozwoj-cyfrowy-2021-2027\/","title":{"rendered":"FERC \u2013 Fundusze Europejskie na Rozw\u00f3j Cyfrowy 2021-2027"},"content":{"rendered":"\n<p class=\"wp-block-paragraph\"><strong><a href=\"https:\/\/www.polskacyfrowa.gov.pl\/strony\/o-programie\/fundusze-europejskie-na-rozwoj-cyfrowy-2021-2027\/zalozenia-do-nowego-programu\/\" target=\"_blank\" rel=\"noreferrer noopener\">FERC \u2013 Fundusze Europejskie na Rozw\u00f3j Cyfrowy 2021-2027<\/a><\/strong> to kontynuacja Programu Operacyjnego Polska Cyfrowa 2014-2020 w ramach <strong><a href=\"https:\/\/inteligentny-rozwoj.com.pl\/index.php\/fundusze-europejskie-2021-2027\/\" target=\"_blank\" rel=\"noreferrer noopener\">nowej perspektywy finansowej Funduszy Europejskich 2021-2027<\/a><\/strong>, kt\u00f3ra stanowi kolejny etap cyfrowej transformacji kraju.<\/p>\n\n\n\n<p class=\"wp-block-paragraph\"><strong>Bud\u017cet<\/strong> Programu Fundusze Europejskie na Rozw\u00f3j Cyfrowy 2021-2027 to oko\u0142o 2 mld euro, a zak\u0142adana forma wsparcia to <strong>dotacje<\/strong>.<\/p>\n\n\n\n<p class=\"wp-block-paragraph\">Zakres wsparcia w ramach FERC jest komplementarny ze wsparciem realizowanym z pozosta\u0142ych program\u00f3w operacyjnych, realizuj\u0105cych cele polityki sp\u00f3jno\u015bci na lata 2021-2027 oraz innych instrument\u00f3w krajowych i&nbsp;unijnych.<\/p>\n\n\n\n<h2 class=\"wp-block-heading\"><strong>Cele Programu<\/strong> FERC \u2013 Fundusze Europejskie na Rozw\u00f3j Cyfrowy 2021-2027<\/h2>\n\n\n\n<p class=\"wp-block-paragraph\"><strong>Do g\u0142\u00f3wnych cel\u00f3w programu FERC nale\u017c\u0105:<\/strong><\/p>\n\n\n\n<ul class=\"wp-block-list\"><li>budowa spo\u0142ecze\u0144stwa gigabitowego w Polsce,<\/li><li>udost\u0119pnienie zaawansowanych e-us\u0142ug pozwalaj\u0105cych w pe\u0142ni na elektroniczne za\u0142atwienie spraw obywateli i przedsi\u0119biorc\u00f3w (4 i 5 stopie\u0144 e-dojrza\u0142o\u015bci us\u0142ug),<\/li><li>zapewnienie cyberbezpiecze\u0144stwa poprzez wsparcie w ramach nowego dedykowanego obszaru interwencji,<\/li><li>rozw\u00f3j gospodarki opartej na danych wykorzystuj\u0105cej najnowsze technologie cyfrowe,<\/li><li>rozw\u00f3j wsp\u00f3\u0142pracy na rzecz tworzenia cyfrowych rozwi\u0105za\u0144 problem\u00f3w spo\u0142eczno-gospodarczych,<\/li><li>wsparcie rozwoju zaawansowanych kompetencji cyfrowych, w tym r\u00f3wnie\u017c w obszarze cyberbezpieczenstwa dla jst i przedsi\u0119biorc\u00f3w.<\/li><\/ul>\n\n\n\n<p class=\"wp-block-paragraph\">Dzi\u0119ki procesowi cyfryzacji mo\u017cliwa jest zdalna praca i edukacja, korzystanie z e-us\u0142ug publicznych, w tym us\u0142ug zdrowotnych, a tak\u017ce robienie zakup\u00f3w czy za\u0142atwianie spraw w banku bez wychodzenia z domu.<\/p>\n\n\n\n<p class=\"wp-block-paragraph\">Pandemia COVID-19 pokaza\u0142a jak istotny jest szybki rozw\u00f3j w\/w obszar\u00f3w dla sprawnego funkcjonowania gospodarki i spo\u0142ecze\u0144stw w czasie tego typu zagro\u017ce\u0144.<\/p>\n\n\n\n<h2 class=\"wp-block-heading\"><strong>Do kogo kierowane jest wsparcie z Programu<\/strong><\/h2>\n\n\n\n<p class=\"wp-block-paragraph\">Program FERC \u2013 Fundusze Europejskie na Rozw\u00f3j Cyfrowy 2021-2027 kierowany jest przede wszystkim do:<\/p>\n\n\n\n<ul class=\"wp-block-list\"><li>przedsi\u0119biorc\u00f3w,<\/li><li>administracji publicznej,<\/li><li>organizacji pozarz\u0105dowych,<\/li><li>podmiot\u00f3w systemu szkolnictwa wy\u017cszego i nauki,<\/li><li>podmiot\u00f3w leczniczych,<\/li><li>instytucji kultury.<\/li><\/ul>\n\n\n\n<p class=\"wp-block-paragraph\"><a href=\"https:\/\/www.polskacyfrowa.gov.pl\/strony\/o-programie\/fundusze-europejskie-na-rozwoj-cyfrowy-2021-2027\/konsultacje-spoleczne-programu\/\" target=\"_blank\" rel=\"noreferrer noopener\">Konsultacje i projekt programu FERC &#8211; Fundusze Europejskie na Rozw\u00f3j Cyfrowy 2021-2027<\/a><\/p>\n","protected":false},"excerpt":{"rendered":"<p>FERC &ndash; Fundusze Europejskie na Rozw&oacute;j Cyfrowy 2021-2027 to kontynuacja Programu Operacyjnego Polska Cyfrowa 2014-2020 w ramach nowej perspektywy finansowej Funduszy Europejskich 2021-2027, kt&oacute;ra stanowi kolejny etap cyfrowej transformacji kraju. Bud&#380;et Programu Fundusze Europejskie na Rozw&oacute;j Cyfrowy 2021-2027 to oko&#322;o 2 mld euro, a zak&#322;adana forma wsparcia to dotacje. Zakres wsparcia w ramach FERC jest [&hellip;]<\/p>\n","protected":false},"author":1,"featured_media":6080,"parent":5338,"menu_order":4,"comment_status":"closed","ping_status":"closed","template":"","meta":{"_crdt_document":"","content-type":"","_uag_custom_page_level_css":"","footnotes":""},"class_list":["post-6079","page","type-page","status-publish","has-post-thumbnail","hentry"],"yoast_head":"<!-- This site is optimized with the Yoast SEO plugin v27.3 - https:\/\/yoast.com\/product\/yoast-seo-wordpress\/ -->\n<title>FERC \u2013 Fundusze Europejskie na Rozw\u00f3j Cyfrowy 2021-2027<\/title>\n<meta name=\"description\" content=\"FERC - Fundusze Europejskie na Rozw\u00f3j Cyfrowy 2021-2027 \u2013 dotacje z UE na transformacj\u0119 cyfrow\u0105 gospodarki i spo\u0142ecze\u0144stwa\" \/>\n<meta name=\"robots\" content=\"index, follow, max-snippet:-1, max-image-preview:large, max-video-preview:-1\" \/>\n<link rel=\"canonical\" href=\"https:\/\/inteligentny-rozwoj.com.pl\/index.php\/fundusze-europejskie-2021-2027\/ferc-fundusze-europejskie-na-rozwoj-cyfrowy-2021-2027\/\" \/>\n<meta property=\"og:locale\" content=\"pl_PL\" \/>\n<meta property=\"og:type\" content=\"article\" \/>\n<meta property=\"og:title\" content=\"FERC \u2013 Fundusze Europejskie na Rozw\u00f3j Cyfrowy 2021-2027\" \/>\n<meta property=\"og:description\" content=\"FERC - Fundusze Europejskie na Rozw\u00f3j Cyfrowy 2021-2027 \u2013 dotacje z UE na transformacj\u0119 cyfrow\u0105 gospodarki i spo\u0142ecze\u0144stwa\" \/>\n<meta property=\"og:url\" content=\"https:\/\/inteligentny-rozwoj.com.pl\/index.php\/fundusze-europejskie-2021-2027\/ferc-fundusze-europejskie-na-rozwoj-cyfrowy-2021-2027\/\" \/>\n<meta property=\"og:site_name\" content=\"RP CONSULTING Rafa\u0142 Pasterczyk | marketing B2B, eksport, dotacje UE\" \/>\n<meta property=\"article:publisher\" content=\"https:\/\/www.facebook.com\/RPConsulting\" \/>\n<meta property=\"article:modified_time\" content=\"2022-12-08T15:06:21+00:00\" \/>\n<meta property=\"og:image\" content=\"https:\/\/inteligentny-rozwoj.com.pl\/wp-content\/uploads\/2021\/11\/FERC-Fundusze_Europejskie_na_Rozwoj_Cyfrowy_2021-2027.jpg\" \/>\n\t<meta property=\"og:image:width\" content=\"1024\" \/>\n\t<meta property=\"og:image:height\" content=\"500\" \/>\n\t<meta property=\"og:image:type\" content=\"image\/jpeg\" \/>\n<meta name=\"twitter:card\" content=\"summary_large_image\" \/>\n<meta name=\"twitter:site\" content=\"@rp_consulting\" \/>\n<meta name=\"twitter:label1\" content=\"Szacowany czas czytania\" \/>\n\t<meta name=\"twitter:data1\" content=\"2 minuty\" \/>\n<script type=\"application\/ld+json\" class=\"yoast-schema-graph\">{\"@context\":\"https:\\\/\\\/schema.org\",\"@graph\":[{\"@type\":\"Article\",\"@id\":\"https:\\\/\\\/inteligentny-rozwoj.com.pl\\\/index.php\\\/fundusze-europejskie-2021-2027\\\/ferc-fundusze-europejskie-na-rozwoj-cyfrowy-2021-2027\\\/#article\",\"isPartOf\":{\"@id\":\"https:\\\/\\\/inteligentny-rozwoj.com.pl\\\/index.php\\\/fundusze-europejskie-2021-2027\\\/ferc-fundusze-europejskie-na-rozwoj-cyfrowy-2021-2027\\\/\"},\"author\":{\"name\":\"RP CONSULTING Rafa\u0142 Pasterczyk\",\"@id\":\"https:\\\/\\\/inteligentny-rozwoj.com.pl\\\/#\\\/schema\\\/person\\\/781a467e5e331ce384632759ecdba772\"},\"headline\":\"FERC \u2013 Fundusze Europejskie na Rozw\u00f3j Cyfrowy 2021-2027\",\"datePublished\":\"2021-11-16T13:11:39+00:00\",\"dateModified\":\"2022-12-08T15:06:21+00:00\",\"mainEntityOfPage\":{\"@id\":\"https:\\\/\\\/inteligentny-rozwoj.com.pl\\\/index.php\\\/fundusze-europejskie-2021-2027\\\/ferc-fundusze-europejskie-na-rozwoj-cyfrowy-2021-2027\\\/\"},\"wordCount\":321,\"publisher\":{\"@id\":\"https:\\\/\\\/inteligentny-rozwoj.com.pl\\\/#organization\"},\"image\":{\"@id\":\"https:\\\/\\\/inteligentny-rozwoj.com.pl\\\/index.php\\\/fundusze-europejskie-2021-2027\\\/ferc-fundusze-europejskie-na-rozwoj-cyfrowy-2021-2027\\\/#primaryimage\"},\"thumbnailUrl\":\"https:\\\/\\\/inteligentny-rozwoj.com.pl\\\/wp-content\\\/uploads\\\/2021\\\/11\\\/FERC-Fundusze_Europejskie_na_Rozwoj_Cyfrowy_2021-2027.jpg\",\"inLanguage\":\"pl-PL\"},{\"@type\":\"WebPage\",\"@id\":\"https:\\\/\\\/inteligentny-rozwoj.com.pl\\\/index.php\\\/fundusze-europejskie-2021-2027\\\/ferc-fundusze-europejskie-na-rozwoj-cyfrowy-2021-2027\\\/\",\"url\":\"https:\\\/\\\/inteligentny-rozwoj.com.pl\\\/index.php\\\/fundusze-europejskie-2021-2027\\\/ferc-fundusze-europejskie-na-rozwoj-cyfrowy-2021-2027\\\/\",\"name\":\"FERC \u2013 Fundusze Europejskie na Rozw\u00f3j Cyfrowy 2021-2027\",\"isPartOf\":{\"@id\":\"https:\\\/\\\/inteligentny-rozwoj.com.pl\\\/#website\"},\"primaryImageOfPage\":{\"@id\":\"https:\\\/\\\/inteligentny-rozwoj.com.pl\\\/index.php\\\/fundusze-europejskie-2021-2027\\\/ferc-fundusze-europejskie-na-rozwoj-cyfrowy-2021-2027\\\/#primaryimage\"},\"image\":{\"@id\":\"https:\\\/\\\/inteligentny-rozwoj.com.pl\\\/index.php\\\/fundusze-europejskie-2021-2027\\\/ferc-fundusze-europejskie-na-rozwoj-cyfrowy-2021-2027\\\/#primaryimage\"},\"thumbnailUrl\":\"https:\\\/\\\/inteligentny-rozwoj.com.pl\\\/wp-content\\\/uploads\\\/2021\\\/11\\\/FERC-Fundusze_Europejskie_na_Rozwoj_Cyfrowy_2021-2027.jpg\",\"datePublished\":\"2021-11-16T13:11:39+00:00\",\"dateModified\":\"2022-12-08T15:06:21+00:00\",\"description\":\"FERC - Fundusze Europejskie na Rozw\u00f3j Cyfrowy 2021-2027 \u2013 dotacje z UE na transformacj\u0119 cyfrow\u0105 gospodarki i spo\u0142ecze\u0144stwa\",\"breadcrumb\":{\"@id\":\"https:\\\/\\\/inteligentny-rozwoj.com.pl\\\/index.php\\\/fundusze-europejskie-2021-2027\\\/ferc-fundusze-europejskie-na-rozwoj-cyfrowy-2021-2027\\\/#breadcrumb\"},\"inLanguage\":\"pl-PL\",\"potentialAction\":[{\"@type\":\"ReadAction\",\"target\":[\"https:\\\/\\\/inteligentny-rozwoj.com.pl\\\/index.php\\\/fundusze-europejskie-2021-2027\\\/ferc-fundusze-europejskie-na-rozwoj-cyfrowy-2021-2027\\\/\"]}]},{\"@type\":\"ImageObject\",\"inLanguage\":\"pl-PL\",\"@id\":\"https:\\\/\\\/inteligentny-rozwoj.com.pl\\\/index.php\\\/fundusze-europejskie-2021-2027\\\/ferc-fundusze-europejskie-na-rozwoj-cyfrowy-2021-2027\\\/#primaryimage\",\"url\":\"https:\\\/\\\/inteligentny-rozwoj.com.pl\\\/wp-content\\\/uploads\\\/2021\\\/11\\\/FERC-Fundusze_Europejskie_na_Rozwoj_Cyfrowy_2021-2027.jpg\",\"contentUrl\":\"https:\\\/\\\/inteligentny-rozwoj.com.pl\\\/wp-content\\\/uploads\\\/2021\\\/11\\\/FERC-Fundusze_Europejskie_na_Rozwoj_Cyfrowy_2021-2027.jpg\",\"width\":1024,\"height\":500,\"caption\":\"FERC-Fundusze_Europejskie_na_Rozwoj_Cyfrowy_2021-2027\"},{\"@type\":\"BreadcrumbList\",\"@id\":\"https:\\\/\\\/inteligentny-rozwoj.com.pl\\\/index.php\\\/fundusze-europejskie-2021-2027\\\/ferc-fundusze-europejskie-na-rozwoj-cyfrowy-2021-2027\\\/#breadcrumb\",\"itemListElement\":[{\"@type\":\"ListItem\",\"position\":1,\"name\":\"Fundusze 2021-2027\",\"item\":\"https:\\\/\\\/inteligentny-rozwoj.com.pl\\\/index.php\\\/fundusze-europejskie-2021-2027\\\/\"},{\"@type\":\"ListItem\",\"position\":2,\"name\":\"FERC \u2013 Fundusze Europejskie na Rozw\u00f3j Cyfrowy 2021-2027\"}]},{\"@type\":\"WebSite\",\"@id\":\"https:\\\/\\\/inteligentny-rozwoj.com.pl\\\/#website\",\"url\":\"https:\\\/\\\/inteligentny-rozwoj.com.pl\\\/\",\"name\":\"RP CONSULTING Rafa\u0142 Pasterczyk | marketing B2B, eksport, dotacje UE\",\"description\":\"Tw\u00f3j partner w rozwoju biznesu - skuteczne doradztwo w marketingu B2B, rozwoju eksportu i pozyskiwaniu dotacji\",\"publisher\":{\"@id\":\"https:\\\/\\\/inteligentny-rozwoj.com.pl\\\/#organization\"},\"alternateName\":\"Rafa\u0142 Pasterczyk RP CONSULTING\",\"potentialAction\":[{\"@type\":\"SearchAction\",\"target\":{\"@type\":\"EntryPoint\",\"urlTemplate\":\"https:\\\/\\\/inteligentny-rozwoj.com.pl\\\/?s={search_term_string}\"},\"query-input\":{\"@type\":\"PropertyValueSpecification\",\"valueRequired\":true,\"valueName\":\"search_term_string\"}}],\"inLanguage\":\"pl-PL\"},{\"@type\":\"Organization\",\"@id\":\"https:\\\/\\\/inteligentny-rozwoj.com.pl\\\/#organization\",\"name\":\"RP CONSULTING Rafa\u0142 Pasterczyk\",\"alternateName\":\"Rafa\u0142 Pasterczyk RP CONSULTING\",\"url\":\"https:\\\/\\\/inteligentny-rozwoj.com.pl\\\/\",\"logo\":{\"@type\":\"ImageObject\",\"inLanguage\":\"pl-PL\",\"@id\":\"https:\\\/\\\/inteligentny-rozwoj.com.pl\\\/#\\\/schema\\\/logo\\\/image\\\/\",\"url\":\"https:\\\/\\\/inteligentny-rozwoj.com.pl\\\/wp-content\\\/uploads\\\/2019\\\/01\\\/cropped-rpc_logo_sq-e1546996617786.png\",\"contentUrl\":\"https:\\\/\\\/inteligentny-rozwoj.com.pl\\\/wp-content\\\/uploads\\\/2019\\\/01\\\/cropped-rpc_logo_sq-e1546996617786.png\",\"width\":512,\"height\":512,\"caption\":\"RP CONSULTING Rafa\u0142 Pasterczyk\"},\"image\":{\"@id\":\"https:\\\/\\\/inteligentny-rozwoj.com.pl\\\/#\\\/schema\\\/logo\\\/image\\\/\"},\"sameAs\":[\"https:\\\/\\\/www.facebook.com\\\/RPConsulting\",\"https:\\\/\\\/x.com\\\/rp_consulting\",\"https:\\\/\\\/www.instagram.com\\\/rpconsulting.pl\\\/\",\"https:\\\/\\\/pl.linkedin.com\\\/company\\\/rp-consulting-rpc\",\"https:\\\/\\\/www.linkedin.com\\\/in\\\/rafal-pasterczyk\\\/\"]},{\"@type\":\"Person\",\"@id\":\"https:\\\/\\\/inteligentny-rozwoj.com.pl\\\/#\\\/schema\\\/person\\\/781a467e5e331ce384632759ecdba772\",\"name\":\"RP CONSULTING Rafa\u0142 Pasterczyk\",\"image\":{\"@type\":\"ImageObject\",\"inLanguage\":\"pl-PL\",\"@id\":\"https:\\\/\\\/secure.gravatar.com\\\/avatar\\\/fde501377d5b06ef1fb158c1ea34fe2defd80fd9526b2263a81456023558c240?s=96&d=mm&r=g\",\"url\":\"https:\\\/\\\/secure.gravatar.com\\\/avatar\\\/fde501377d5b06ef1fb158c1ea34fe2defd80fd9526b2263a81456023558c240?s=96&d=mm&r=g\",\"contentUrl\":\"https:\\\/\\\/secure.gravatar.com\\\/avatar\\\/fde501377d5b06ef1fb158c1ea34fe2defd80fd9526b2263a81456023558c240?s=96&d=mm&r=g\",\"caption\":\"RP CONSULTING Rafa\u0142 Pasterczyk\"},\"description\":\"Doradztwo biznesowe i outsourcing - us\u0142ugi doradcze w zakresie marketingu B2B, rozwoju eksportu oraz pozyskiwanie i rozliczanie dotacji na rozw\u00f3j eksportu i cyfryzacj\u0119. Ponad 100 skutecznie zrealizowanych projekt\u00f3w. Wiele z nich \u0142\u0105czy doradztwo w zakresie strategii internacjonalizacji ze skutecznym pozyskaniem dofinansowania na dzia\u0142ania na rynkach zagranicznych.\",\"sameAs\":[\"https:\\\/\\\/inteligentny-rozwoj.com.pl\\\/\",\"https:\\\/\\\/www.facebook.com\\\/RPConsulting\\\/\",\"https:\\\/\\\/www.instagram.com\\\/rpconsulting.pl\\\/\",\"https:\\\/\\\/pl.linkedin.com\\\/company\\\/rp-consulting-rpc\",\"https:\\\/\\\/www.youtube.com\\\/@RPCONSULTING-b2b\"],\"url\":\"https:\\\/\\\/inteligentny-rozwoj.com.pl\\\/index.php\\\/author\\\/rpconsulting\\\/\"}]}<\/script>\n<!-- \/ Yoast SEO plugin. -->","yoast_head_json":{"title":"FERC \u2013 Fundusze Europejskie na Rozw\u00f3j Cyfrowy 2021-2027","description":"FERC - Fundusze Europejskie na Rozw\u00f3j Cyfrowy 2021-2027 \u2013 dotacje z UE na transformacj\u0119 cyfrow\u0105 gospodarki i spo\u0142ecze\u0144stwa","robots":{"index":"index","follow":"follow","max-snippet":"max-snippet:-1","max-image-preview":"max-image-preview:large","max-video-preview":"max-video-preview:-1"},"canonical":"https:\/\/inteligentny-rozwoj.com.pl\/index.php\/fundusze-europejskie-2021-2027\/ferc-fundusze-europejskie-na-rozwoj-cyfrowy-2021-2027\/","og_locale":"pl_PL","og_type":"article","og_title":"FERC \u2013 Fundusze Europejskie na Rozw\u00f3j Cyfrowy 2021-2027","og_description":"FERC - Fundusze Europejskie na Rozw\u00f3j Cyfrowy 2021-2027 \u2013 dotacje z UE na transformacj\u0119 cyfrow\u0105 gospodarki i spo\u0142ecze\u0144stwa","og_url":"https:\/\/inteligentny-rozwoj.com.pl\/index.php\/fundusze-europejskie-2021-2027\/ferc-fundusze-europejskie-na-rozwoj-cyfrowy-2021-2027\/","og_site_name":"RP CONSULTING Rafa\u0142 Pasterczyk | marketing B2B, eksport, dotacje UE","article_publisher":"https:\/\/www.facebook.com\/RPConsulting","article_modified_time":"2022-12-08T15:06:21+00:00","og_image":[{"width":1024,"height":500,"url":"https:\/\/inteligentny-rozwoj.com.pl\/wp-content\/uploads\/2021\/11\/FERC-Fundusze_Europejskie_na_Rozwoj_Cyfrowy_2021-2027.jpg","type":"image\/jpeg"}],"twitter_card":"summary_large_image","twitter_site":"@rp_consulting","twitter_misc":{"Szacowany czas czytania":"2 minuty"},"schema":{"@context":"https:\/\/schema.org","@graph":[{"@type":"Article","@id":"https:\/\/inteligentny-rozwoj.com.pl\/index.php\/fundusze-europejskie-2021-2027\/ferc-fundusze-europejskie-na-rozwoj-cyfrowy-2021-2027\/#article","isPartOf":{"@id":"https:\/\/inteligentny-rozwoj.com.pl\/index.php\/fundusze-europejskie-2021-2027\/ferc-fundusze-europejskie-na-rozwoj-cyfrowy-2021-2027\/"},"author":{"name":"RP CONSULTING Rafa\u0142 Pasterczyk","@id":"https:\/\/inteligentny-rozwoj.com.pl\/#\/schema\/person\/781a467e5e331ce384632759ecdba772"},"headline":"FERC \u2013 Fundusze Europejskie na Rozw\u00f3j Cyfrowy 2021-2027","datePublished":"2021-11-16T13:11:39+00:00","dateModified":"2022-12-08T15:06:21+00:00","mainEntityOfPage":{"@id":"https:\/\/inteligentny-rozwoj.com.pl\/index.php\/fundusze-europejskie-2021-2027\/ferc-fundusze-europejskie-na-rozwoj-cyfrowy-2021-2027\/"},"wordCount":321,"publisher":{"@id":"https:\/\/inteligentny-rozwoj.com.pl\/#organization"},"image":{"@id":"https:\/\/inteligentny-rozwoj.com.pl\/index.php\/fundusze-europejskie-2021-2027\/ferc-fundusze-europejskie-na-rozwoj-cyfrowy-2021-2027\/#primaryimage"},"thumbnailUrl":"https:\/\/inteligentny-rozwoj.com.pl\/wp-content\/uploads\/2021\/11\/FERC-Fundusze_Europejskie_na_Rozwoj_Cyfrowy_2021-2027.jpg","inLanguage":"pl-PL"},{"@type":"WebPage","@id":"https:\/\/inteligentny-rozwoj.com.pl\/index.php\/fundusze-europejskie-2021-2027\/ferc-fundusze-europejskie-na-rozwoj-cyfrowy-2021-2027\/","url":"https:\/\/inteligentny-rozwoj.com.pl\/index.php\/fundusze-europejskie-2021-2027\/ferc-fundusze-europejskie-na-rozwoj-cyfrowy-2021-2027\/","name":"FERC \u2013 Fundusze Europejskie na Rozw\u00f3j Cyfrowy 2021-2027","isPartOf":{"@id":"https:\/\/inteligentny-rozwoj.com.pl\/#website"},"primaryImageOfPage":{"@id":"https:\/\/inteligentny-rozwoj.com.pl\/index.php\/fundusze-europejskie-2021-2027\/ferc-fundusze-europejskie-na-rozwoj-cyfrowy-2021-2027\/#primaryimage"},"image":{"@id":"https:\/\/inteligentny-rozwoj.com.pl\/index.php\/fundusze-europejskie-2021-2027\/ferc-fundusze-europejskie-na-rozwoj-cyfrowy-2021-2027\/#primaryimage"},"thumbnailUrl":"https:\/\/inteligentny-rozwoj.com.pl\/wp-content\/uploads\/2021\/11\/FERC-Fundusze_Europejskie_na_Rozwoj_Cyfrowy_2021-2027.jpg","datePublished":"2021-11-16T13:11:39+00:00","dateModified":"2022-12-08T15:06:21+00:00","description":"FERC - Fundusze Europejskie na Rozw\u00f3j Cyfrowy 2021-2027 \u2013 dotacje z UE na transformacj\u0119 cyfrow\u0105 gospodarki i spo\u0142ecze\u0144stwa","breadcrumb":{"@id":"https:\/\/inteligentny-rozwoj.com.pl\/index.php\/fundusze-europejskie-2021-2027\/ferc-fundusze-europejskie-na-rozwoj-cyfrowy-2021-2027\/#breadcrumb"},"inLanguage":"pl-PL","potentialAction":[{"@type":"ReadAction","target":["https:\/\/inteligentny-rozwoj.com.pl\/index.php\/fundusze-europejskie-2021-2027\/ferc-fundusze-europejskie-na-rozwoj-cyfrowy-2021-2027\/"]}]},{"@type":"ImageObject","inLanguage":"pl-PL","@id":"https:\/\/inteligentny-rozwoj.com.pl\/index.php\/fundusze-europejskie-2021-2027\/ferc-fundusze-europejskie-na-rozwoj-cyfrowy-2021-2027\/#primaryimage","url":"https:\/\/inteligentny-rozwoj.com.pl\/wp-content\/uploads\/2021\/11\/FERC-Fundusze_Europejskie_na_Rozwoj_Cyfrowy_2021-2027.jpg","contentUrl":"https:\/\/inteligentny-rozwoj.com.pl\/wp-content\/uploads\/2021\/11\/FERC-Fundusze_Europejskie_na_Rozwoj_Cyfrowy_2021-2027.jpg","width":1024,"height":500,"caption":"FERC-Fundusze_Europejskie_na_Rozwoj_Cyfrowy_2021-2027"},{"@type":"BreadcrumbList","@id":"https:\/\/inteligentny-rozwoj.com.pl\/index.php\/fundusze-europejskie-2021-2027\/ferc-fundusze-europejskie-na-rozwoj-cyfrowy-2021-2027\/#breadcrumb","itemListElement":[{"@type":"ListItem","position":1,"name":"Fundusze 2021-2027","item":"https:\/\/inteligentny-rozwoj.com.pl\/index.php\/fundusze-europejskie-2021-2027\/"},{"@type":"ListItem","position":2,"name":"FERC \u2013 Fundusze Europejskie na Rozw\u00f3j Cyfrowy 2021-2027"}]},{"@type":"WebSite","@id":"https:\/\/inteligentny-rozwoj.com.pl\/#website","url":"https:\/\/inteligentny-rozwoj.com.pl\/","name":"RP CONSULTING Rafa\u0142 Pasterczyk | marketing B2B, eksport, dotacje UE","description":"Tw\u00f3j partner w rozwoju biznesu - skuteczne doradztwo w marketingu B2B, rozwoju eksportu i pozyskiwaniu dotacji","publisher":{"@id":"https:\/\/inteligentny-rozwoj.com.pl\/#organization"},"alternateName":"Rafa\u0142 Pasterczyk RP CONSULTING","potentialAction":[{"@type":"SearchAction","target":{"@type":"EntryPoint","urlTemplate":"https:\/\/inteligentny-rozwoj.com.pl\/?s={search_term_string}"},"query-input":{"@type":"PropertyValueSpecification","valueRequired":true,"valueName":"search_term_string"}}],"inLanguage":"pl-PL"},{"@type":"Organization","@id":"https:\/\/inteligentny-rozwoj.com.pl\/#organization","name":"RP CONSULTING Rafa\u0142 Pasterczyk","alternateName":"Rafa\u0142 Pasterczyk RP CONSULTING","url":"https:\/\/inteligentny-rozwoj.com.pl\/","logo":{"@type":"ImageObject","inLanguage":"pl-PL","@id":"https:\/\/inteligentny-rozwoj.com.pl\/#\/schema\/logo\/image\/","url":"https:\/\/inteligentny-rozwoj.com.pl\/wp-content\/uploads\/2019\/01\/cropped-rpc_logo_sq-e1546996617786.png","contentUrl":"https:\/\/inteligentny-rozwoj.com.pl\/wp-content\/uploads\/2019\/01\/cropped-rpc_logo_sq-e1546996617786.png","width":512,"height":512,"caption":"RP CONSULTING Rafa\u0142 Pasterczyk"},"image":{"@id":"https:\/\/inteligentny-rozwoj.com.pl\/#\/schema\/logo\/image\/"},"sameAs":["https:\/\/www.facebook.com\/RPConsulting","https:\/\/x.com\/rp_consulting","https:\/\/www.instagram.com\/rpconsulting.pl\/","https:\/\/pl.linkedin.com\/company\/rp-consulting-rpc","https:\/\/www.linkedin.com\/in\/rafal-pasterczyk\/"]},{"@type":"Person","@id":"https:\/\/inteligentny-rozwoj.com.pl\/#\/schema\/person\/781a467e5e331ce384632759ecdba772","name":"RP CONSULTING Rafa\u0142 Pasterczyk","image":{"@type":"ImageObject","inLanguage":"pl-PL","@id":"https:\/\/secure.gravatar.com\/avatar\/fde501377d5b06ef1fb158c1ea34fe2defd80fd9526b2263a81456023558c240?s=96&d=mm&r=g","url":"https:\/\/secure.gravatar.com\/avatar\/fde501377d5b06ef1fb158c1ea34fe2defd80fd9526b2263a81456023558c240?s=96&d=mm&r=g","contentUrl":"https:\/\/secure.gravatar.com\/avatar\/fde501377d5b06ef1fb158c1ea34fe2defd80fd9526b2263a81456023558c240?s=96&d=mm&r=g","caption":"RP CONSULTING Rafa\u0142 Pasterczyk"},"description":"Doradztwo biznesowe i outsourcing - us\u0142ugi doradcze w zakresie marketingu B2B, rozwoju eksportu oraz pozyskiwanie i rozliczanie dotacji na rozw\u00f3j eksportu i cyfryzacj\u0119. Ponad 100 skutecznie zrealizowanych projekt\u00f3w. Wiele z nich \u0142\u0105czy doradztwo w zakresie strategii internacjonalizacji ze skutecznym pozyskaniem dofinansowania na dzia\u0142ania na rynkach zagranicznych.","sameAs":["https:\/\/inteligentny-rozwoj.com.pl\/","https:\/\/www.facebook.com\/RPConsulting\/","https:\/\/www.instagram.com\/rpconsulting.pl\/","https:\/\/pl.linkedin.com\/company\/rp-consulting-rpc","https:\/\/www.youtube.com\/@RPCONSULTING-b2b"],"url":"https:\/\/inteligentny-rozwoj.com.pl\/index.php\/author\/rpconsulting\/"}]}},"uagb_featured_image_src":{"full":["https:\/\/inteligentny-rozwoj.com.pl\/wp-content\/uploads\/2021\/11\/FERC-Fundusze_Europejskie_na_Rozwoj_Cyfrowy_2021-2027.jpg",1024,500,false],"thumbnail":["https:\/\/inteligentny-rozwoj.com.pl\/wp-content\/uploads\/2021\/11\/FERC-Fundusze_Europejskie_na_Rozwoj_Cyfrowy_2021-2027-100x100.jpg",100,100,true],"medium":["https:\/\/inteligentny-rozwoj.com.pl\/wp-content\/uploads\/2021\/11\/FERC-Fundusze_Europejskie_na_Rozwoj_Cyfrowy_2021-2027-300x146.jpg",300,146,true],"medium_large":["https:\/\/inteligentny-rozwoj.com.pl\/wp-content\/uploads\/2021\/11\/FERC-Fundusze_Europejskie_na_Rozwoj_Cyfrowy_2021-2027-768x375.jpg",768,375,true],"large":["https:\/\/inteligentny-rozwoj.com.pl\/wp-content\/uploads\/2021\/11\/FERC-Fundusze_Europejskie_na_Rozwoj_Cyfrowy_2021-2027.jpg",1024,500,false],"1536x1536":["https:\/\/inteligentny-rozwoj.com.pl\/wp-content\/uploads\/2021\/11\/FERC-Fundusze_Europejskie_na_Rozwoj_Cyfrowy_2021-2027.jpg",1024,500,false],"2048x2048":["https:\/\/inteligentny-rozwoj.com.pl\/wp-content\/uploads\/2021\/11\/FERC-Fundusze_Europejskie_na_Rozwoj_Cyfrowy_2021-2027.jpg",1024,500,false],"post-thumbnail":["https:\/\/inteligentny-rozwoj.com.pl\/wp-content\/uploads\/2021\/11\/FERC-Fundusze_Europejskie_na_Rozwoj_Cyfrowy_2021-2027-536x262.jpg",536,262,true],"sow-carousel-default":["https:\/\/inteligentny-rozwoj.com.pl\/wp-content\/uploads\/2021\/11\/FERC-Fundusze_Europejskie_na_Rozwoj_Cyfrowy_2021-2027-272x182.jpg",272,182,true],"sow-blog-portfolio":["https:\/\/inteligentny-rozwoj.com.pl\/wp-content\/uploads\/2021\/11\/FERC-Fundusze_Europejskie_na_Rozwoj_Cyfrowy_2021-2027.jpg",375,183,false],"sow-blog-grid":["https:\/\/inteligentny-rozwoj.com.pl\/wp-content\/uploads\/2021\/11\/FERC-Fundusze_Europejskie_na_Rozwoj_Cyfrowy_2021-2027.jpg",720,352,false],"sow-blog-alternate":["https:\/\/inteligentny-rozwoj.com.pl\/wp-content\/uploads\/2021\/11\/FERC-Fundusze_Europejskie_na_Rozwoj_Cyfrowy_2021-2027.jpg",950,464,false]},"uagb_author_info":{"display_name":"RP CONSULTING Rafa\u0142 Pasterczyk","author_link":"https:\/\/inteligentny-rozwoj.com.pl\/index.php\/author\/rpconsulting\/"},"uagb_comment_info":0,"uagb_excerpt":"FERC &ndash; Fundusze Europejskie na Rozw&oacute;j Cyfrowy 2021-2027 to kontynuacja Programu Operacyjnego Polska Cyfrowa 2014-2020 w ramach nowej perspektywy finansowej Funduszy Europejskich 2021-2027, kt&oacute;ra stanowi kolejny etap cyfrowej transformacji kraju. Bud&#380;et Programu Fundusze Europejskie na Rozw&oacute;j Cyfrowy 2021-2027 to oko&#322;o 2 mld euro, a zak&#322;adana forma wsparcia to dotacje. Zakres wsparcia w ramach FERC jest&hellip;","_links":{"self":[{"href":"https:\/\/inteligentny-rozwoj.com.pl\/index.php\/wp-json\/wp\/v2\/pages\/6079","targetHints":{"allow":["GET"]}}],"collection":[{"href":"https:\/\/inteligentny-rozwoj.com.pl\/index.php\/wp-json\/wp\/v2\/pages"}],"about":[{"href":"https:\/\/inteligentny-rozwoj.com.pl\/index.php\/wp-json\/wp\/v2\/types\/page"}],"author":[{"embeddable":true,"href":"https:\/\/inteligentny-rozwoj.com.pl\/index.php\/wp-json\/wp\/v2\/users\/1"}],"replies":[{"embeddable":true,"href":"https:\/\/inteligentny-rozwoj.com.pl\/index.php\/wp-json\/wp\/v2\/comments?post=6079"}],"version-history":[{"count":3,"href":"https:\/\/inteligentny-rozwoj.com.pl\/index.php\/wp-json\/wp\/v2\/pages\/6079\/revisions"}],"predecessor-version":[{"id":7127,"href":"https:\/\/inteligentny-rozwoj.com.pl\/index.php\/wp-json\/wp\/v2\/pages\/6079\/revisions\/7127"}],"up":[{"embeddable":true,"href":"https:\/\/inteligentny-rozwoj.com.pl\/index.php\/wp-json\/wp\/v2\/pages\/5338"}],"wp:featuredmedia":[{"embeddable":true,"href":"https:\/\/inteligentny-rozwoj.com.pl\/index.php\/wp-json\/wp\/v2\/media\/6080"}],"wp:attachment":[{"href":"https:\/\/inteligentny-rozwoj.com.pl\/index.php\/wp-json\/wp\/v2\/media?parent=6079"}],"curies":[{"name":"wp","href":"https:\/\/api.w.org\/{rel}","templated":true}]}}