{"id":7774,"date":"2023-06-24T04:03:01","date_gmt":"2023-06-24T02:03:01","guid":{"rendered":"https:\/\/inteligentny-rozwoj.com.pl\/?page_id=7774"},"modified":"2023-06-24T04:10:02","modified_gmt":"2023-06-24T02:10:02","slug":"uslugi-dla-msp-dzialanie-2-5-lubelskie","status":"publish","type":"page","link":"https:\/\/inteligentny-rozwoj.com.pl\/index.php\/fundusze-europejskie-2021-2027\/fundusze-europejskie-dla-lubelskiego-2021-2027\/uslugi-dla-msp-dzialanie-2-5-lubelskie\/","title":{"rendered":"Us\u0142ugi dla M\u015aP \u2013 dzia\u0142anie 2.5; Fundusze Europejskie dla Lubelskiego 2021-2027"},"content":{"rendered":"\n<p class=\"wp-block-paragraph\"><strong>Us\u0142ugi dla M\u015aP<\/strong> to program, kt\u00f3ry \u2013 w odniesieniu do przedsi\u0119biorc\u00f3w (jako wnioskodawc\u00f3w) \u2013 wspiera zapewnienie szerokiego wachlarza wysokiej jako\u015bci <a href=\"https:\/\/inteligentny-rozwoj.com.pl\/index.php\/doradca-biznesowy-konsultant-biznesowy\/\" target=\"_blank\" rel=\"noreferrer noopener\">us\u0142ug prorozwojowych dla M\u015aP<\/a>.<\/p>\n\n\n\n<p class=\"wp-block-paragraph\">Maj\u0105 one na celu doprowadzenie do zwi\u0119kszenia ich konkurencyjno\u015bci, produktywno\u015bci, innowacyjnego rozwoju przy wykorzystaniu potencja\u0142u IOB\/o\u015brodk\u00f3w innowacji\/klastr\u00f3w, z uwzgl\u0119dnieniem dost\u0119pno\u015bci odpowiedniej <a href=\"https:\/\/inteligentny-rozwoj.com.pl\/index.php\/doradztwo-biznesowe\/\" target=\"_blank\" rel=\"noreferrer noopener\">oferty us\u0142ug<\/a>, w tym dla przedsi\u0119biorc\u00f3w maj\u0105cych siedzib\u0119 poza du\u017cymi o\u015brodkami miejskimi.<\/p>\n\n\n\n<h2 class=\"wp-block-heading\"><strong>Us\u0142ugi dla M\u015aP &#8211; kluczowe warunki realizacji projekt\u00f3w<\/strong><\/h2>\n\n\n\n<p class=\"wp-block-paragraph\">1. Szczeg\u00f3\u0142owe zasady kwalifikowalno\u015bci wydatk\u00f3w okre\u015blone zostan\u0105 w Regulaminie wyboru projekt\u00f3w.<\/p>\n\n\n\n<p class=\"wp-block-paragraph\">2. Wsparcie w ramach Dzia\u0142ania nie mo\u017ce by\u0107 udzielone w zakresie w jakim jest wykluczone w art. 1 ust. 2 &#8211; 5 Rozporz\u0105dzenia Komisji (UE) NR 651\/2014 z dnia 17 czerwca 2014 r. uznaj\u0105cym niekt\u00f3re rodzaje pomocy za zgodne z rynkiem wewn\u0119trznym w zastosowaniu art. 107 i 108 Traktatu oraz w art. 1 ust. 1 Rozporz\u0105dzenia Komisji (UE) nr 1407\/2013 z dnia 18 grudnia 2013 r. w sprawie stosowania art. 107 i 108 Traktatu o funkcjonowaniu Unii Europejskiej do pomocy de minimis.<\/p>\n\n\n\n<p class=\"wp-block-paragraph\">3. Wsparcie potencja\u0142u instytucji otoczenia biznesu do \u015bwiadczenia us\u0142ug dla M\u015aP poprzedzone zostanie analiz\u0105 potrzeb rynku oraz zapewniona zostanie sp\u00f3jna komunikacja dotycz\u0105ca oferty IOB.<\/p>\n\n\n\n<p class=\"wp-block-paragraph\">4. Wsparciem zostanie obj\u0119ty wy\u0142\u0105cznie zakup wysokiej jako\u015bci specjalistycznych us\u0142ug doradczych wspieraj\u0105cych prowadzenie dzia\u0142alno\u015bci gospodarczej oraz transformacj\u0119 technologiczn\u0105 i organizacyjn\u0105 przedsi\u0119biorstw w kierunku Przemys\u0142u 4.0 i gospodarki opartej na danych. Przez specjalistyczne us\u0142ugi doradcze rozumie si\u0119 us\u0142ugi doradcze niemaj\u0105ce charakteru ci\u0105g\u0142ego ani okresowego. Nie s\u0105 one te\u017c zwi\u0105zane ze zwyk\u0142ymi kosztami operacyjnymi przedsi\u0119biorstwa, takimi jak: rutynowe us\u0142ugi doradztwa podatkowego, regularne us\u0142ugi prawnicze lub reklama.<\/p>\n\n\n\n<p class=\"wp-block-paragraph\">5. W ramach <strong>dzia\u0142ania 2.5 Us\u0142ugi dla M\u015aP<\/strong> zastosowane b\u0119d\u0105 preferencje dla projekt\u00f3w zawieraj\u0105cych elementy wsp\u00f3\u0142pracy ponadregionalnej, transgranicznej lub ponadnarodowej.<\/p>\n\n\n\n<p class=\"wp-block-paragraph\">6. Wsparcie w ramach Dzia\u0142ania jest zgodne z Wytycznymi dotycz\u0105cymi realizacji zasad r\u00f3wno\u015bciowych w ramach funduszy unijnych na lata 2021-2027.<\/p>\n\n\n\n<h2 class=\"wp-block-heading\"><strong>Kto mo\u017ce ubiega\u0107 si\u0119 o dofinansowanie<\/strong><\/h2>\n\n\n\n<ul class=\"wp-block-list\">\n<li>W odniesieniu do projekt\u00f3w dla przedsi\u0119biorstw \u2013 mikro, ma\u0142e i \u015brednie (M\u015aP)<\/li>\n<\/ul>\n\n\n\n<h2 class=\"wp-block-heading\"><strong>Zasady finansowania projekt\u00f3w<\/strong><\/h2>\n\n\n\n<ul class=\"wp-block-list\">\n<li>Maksymalny poziom dofinansowania UE w projekcie: 85%<\/li>\n\n\n\n<li>Maksymalny poziom dofinansowania ca\u0142kowitego wydatk\u00f3w kwalifikowalnych na poziomie projektu (\u015brodki UE + wsp\u00f3\u0142finansowanie ze \u015brodk\u00f3w krajowych przyznane beneficjentowi przez w\u0142a\u015bciw\u0105 instytucj\u0119): 85%<\/li>\n\n\n\n<li>Uproszczone metody rozliczania &#8211; do 7% stawka rycza\u0142towa na koszty po\u015brednie (podstawa wyliczenia: koszty bezpo\u015brednie) [art. 54(a) CPR]<\/li>\n\n\n\n<li>Forma wsparcia &#8211; dotacja<\/li>\n<\/ul>\n\n\n\n<h2 class=\"wp-block-heading\"><strong>Termin naboru wniosk\u00f3w<\/strong><\/h2>\n\n\n\n<ul class=\"wp-block-list\">\n<li>Rozpocz\u0119cie: grudzie\u0144 2023<\/li>\n\n\n\n<li>Zako\u0144czenie: stycze\u0144 2023<\/li>\n<\/ul>\n\n\n\n<p class=\"wp-block-paragraph\"><a href=\"http:\/\/funduszeUE.lubelskie.pl\" target=\"_blank\" rel=\"noreferrer noopener\">Kryteria wyboru projekt\u00f3w<\/a><\/p>\n\n\n<div\n\t\t\t\n\t\t\tclass=\"so-widget-sow-cta so-widget-sow-cta-default-1a18972c2fb2\"\n\t\t\t\n\t\t><div\n\tclass=\"sow-cta-base\"\n\t>\n\t\n\t<div class=\"sow-cta-wrapper\">\n\n\t\t<div class=\"sow-cta-text\">\n\t\t\t\t\t\t\t<h4 class=\"sow-cta-title\">\n\t\t\t\t\tJeste\u015b zainteresowany pozyskaniem dofinansowania ?\t\t\t\t<\/h4>\n\t\t\t\n\t\t\t\t\t\t\t<h4 class=\"sow-cta-subtitle\">\n\t\t\t\t\t&#x1f449; Dowiedz si\u0119 wi\u0119cej i zapytaj o szczeg\u00f3\u0142y\t\t\t\t<\/h4>\n\t\t\t\t\t<\/div>\n\n\t\t<div\n\t\t\t\n\t\t\tclass=\"so-widget-sow-button so-widget-sow-button-flat-b559edb0e6ec\"\n\t\t\t\n\t\t><div class=\"ow-button-base ow-button-align-center\"\n>\n\t\t\t<a href=\"https:\/\/inteligentny-rozwoj.com.pl\/index.php\/kontakt\/\" class=\"sowb-button ow-icon-placement-left ow-button-hover\" target=\"_blank\" rel=\"noopener noreferrer\">\n\t\t<span>\n\t\t\t\n\t\t\tSkontaktuj si\u0119 z nami !\t\t<\/span>\n\t\t\t<\/a>\n\t<\/div>\n<\/div>\n\t<\/div>\n\n\t<\/div>\n<\/div>","protected":false},"excerpt":{"rendered":"<p>Us&#322;ugi dla M&#346;P to program, kt&oacute;ry &ndash; w odniesieniu do przedsi&#281;biorc&oacute;w (jako wnioskodawc&oacute;w) &ndash; wspiera zapewnienie szerokiego wachlarza wysokiej jako&#347;ci us&#322;ug prorozwojowych dla M&#346;P. Maj&#261; one na celu doprowadzenie do zwi&#281;kszenia ich konkurencyjno&#347;ci, produktywno&#347;ci, innowacyjnego rozwoju przy wykorzystaniu potencja&#322;u IOB\/o&#347;rodk&oacute;w innowacji\/klastr&oacute;w, z uwzgl&#281;dnieniem dost&#281;pno&#347;ci odpowiedniej oferty us&#322;ug, w tym dla przedsi&#281;biorc&oacute;w maj&#261;cych siedzib&#281; poza du&#380;ymi [&hellip;]<\/p>\n","protected":false},"author":1,"featured_media":0,"parent":6255,"menu_order":25,"comment_status":"closed","ping_status":"closed","template":"","meta":{"_crdt_document":"","content-type":"","_uag_custom_page_level_css":"","footnotes":""},"class_list":["post-7774","page","type-page","status-publish","hentry"],"yoast_head":"<!-- This site is optimized with the Yoast SEO plugin v27.3 - https:\/\/yoast.com\/product\/yoast-seo-wordpress\/ -->\n<title>Us\u0142ugi dla M\u015aP \u2013 dzia\u0142anie 2.5; FE dla Lubelskiego 2021-2027<\/title>\n<meta name=\"description\" content=\"Us\u0142ugi dla M\u015aP \u2013 dzia\u0142anie 2.5; Fundusze Europejskie dla Lubelskiego 2021-2027 - zapewnienie szerokiego wachlarza wysokiej jako\u015bci us\u0142ug prorozwojowych dla M\u015aP\" \/>\n<meta name=\"robots\" content=\"index, follow, max-snippet:-1, max-image-preview:large, max-video-preview:-1\" \/>\n<link rel=\"canonical\" href=\"https:\/\/inteligentny-rozwoj.com.pl\/index.php\/fundusze-europejskie-2021-2027\/fundusze-europejskie-dla-lubelskiego-2021-2027\/uslugi-dla-msp-dzialanie-2-5-lubelskie\/\" \/>\n<meta property=\"og:locale\" content=\"pl_PL\" \/>\n<meta property=\"og:type\" content=\"article\" \/>\n<meta property=\"og:title\" content=\"Us\u0142ugi dla M\u015aP \u2013 dzia\u0142anie 2.5; FE dla Lubelskiego 2021-2027\" \/>\n<meta property=\"og:description\" content=\"Us\u0142ugi dla M\u015aP \u2013 dzia\u0142anie 2.5; Fundusze Europejskie dla Lubelskiego 2021-2027 - zapewnienie szerokiego wachlarza wysokiej jako\u015bci us\u0142ug prorozwojowych dla M\u015aP\" \/>\n<meta property=\"og:url\" content=\"https:\/\/inteligentny-rozwoj.com.pl\/index.php\/fundusze-europejskie-2021-2027\/fundusze-europejskie-dla-lubelskiego-2021-2027\/uslugi-dla-msp-dzialanie-2-5-lubelskie\/\" \/>\n<meta property=\"og:site_name\" content=\"RP CONSULTING Rafa\u0142 Pasterczyk | marketing B2B, eksport, dotacje UE\" \/>\n<meta property=\"article:publisher\" content=\"https:\/\/www.facebook.com\/RPConsulting\" \/>\n<meta property=\"article:modified_time\" content=\"2023-06-24T02:10:02+00:00\" \/>\n<meta property=\"og:image\" content=\"https:\/\/inteligentny-rozwoj.com.pl\/wp-content\/uploads\/2021\/06\/rpc_logo_sq.png\" \/>\n\t<meta property=\"og:image:width\" content=\"350\" \/>\n\t<meta property=\"og:image:height\" content=\"300\" \/>\n\t<meta property=\"og:image:type\" content=\"image\/png\" \/>\n<meta name=\"twitter:card\" content=\"summary_large_image\" \/>\n<meta name=\"twitter:site\" content=\"@rp_consulting\" \/>\n<meta name=\"twitter:label1\" content=\"Szacowany czas czytania\" \/>\n\t<meta name=\"twitter:data1\" content=\"2 minuty\" \/>\n<script type=\"application\/ld+json\" class=\"yoast-schema-graph\">{\"@context\":\"https:\\\/\\\/schema.org\",\"@graph\":[{\"@type\":\"Article\",\"@id\":\"https:\\\/\\\/inteligentny-rozwoj.com.pl\\\/index.php\\\/fundusze-europejskie-2021-2027\\\/fundusze-europejskie-dla-lubelskiego-2021-2027\\\/uslugi-dla-msp-dzialanie-2-5-lubelskie\\\/#article\",\"isPartOf\":{\"@id\":\"https:\\\/\\\/inteligentny-rozwoj.com.pl\\\/index.php\\\/fundusze-europejskie-2021-2027\\\/fundusze-europejskie-dla-lubelskiego-2021-2027\\\/uslugi-dla-msp-dzialanie-2-5-lubelskie\\\/\"},\"author\":{\"name\":\"RP CONSULTING Rafa\u0142 Pasterczyk\",\"@id\":\"https:\\\/\\\/inteligentny-rozwoj.com.pl\\\/#\\\/schema\\\/person\\\/781a467e5e331ce384632759ecdba772\"},\"headline\":\"Us\u0142ugi dla M\u015aP \u2013 dzia\u0142anie 2.5; Fundusze Europejskie dla Lubelskiego 2021-2027\",\"datePublished\":\"2023-06-24T02:03:01+00:00\",\"dateModified\":\"2023-06-24T02:10:02+00:00\",\"mainEntityOfPage\":{\"@id\":\"https:\\\/\\\/inteligentny-rozwoj.com.pl\\\/index.php\\\/fundusze-europejskie-2021-2027\\\/fundusze-europejskie-dla-lubelskiego-2021-2027\\\/uslugi-dla-msp-dzialanie-2-5-lubelskie\\\/\"},\"wordCount\":446,\"publisher\":{\"@id\":\"https:\\\/\\\/inteligentny-rozwoj.com.pl\\\/#organization\"},\"inLanguage\":\"pl-PL\"},{\"@type\":\"WebPage\",\"@id\":\"https:\\\/\\\/inteligentny-rozwoj.com.pl\\\/index.php\\\/fundusze-europejskie-2021-2027\\\/fundusze-europejskie-dla-lubelskiego-2021-2027\\\/uslugi-dla-msp-dzialanie-2-5-lubelskie\\\/\",\"url\":\"https:\\\/\\\/inteligentny-rozwoj.com.pl\\\/index.php\\\/fundusze-europejskie-2021-2027\\\/fundusze-europejskie-dla-lubelskiego-2021-2027\\\/uslugi-dla-msp-dzialanie-2-5-lubelskie\\\/\",\"name\":\"Us\u0142ugi dla M\u015aP \u2013 dzia\u0142anie 2.5; FE dla Lubelskiego 2021-2027\",\"isPartOf\":{\"@id\":\"https:\\\/\\\/inteligentny-rozwoj.com.pl\\\/#website\"},\"datePublished\":\"2023-06-24T02:03:01+00:00\",\"dateModified\":\"2023-06-24T02:10:02+00:00\",\"description\":\"Us\u0142ugi dla M\u015aP \u2013 dzia\u0142anie 2.5; Fundusze Europejskie dla Lubelskiego 2021-2027 - zapewnienie szerokiego wachlarza wysokiej jako\u015bci us\u0142ug prorozwojowych dla M\u015aP\",\"breadcrumb\":{\"@id\":\"https:\\\/\\\/inteligentny-rozwoj.com.pl\\\/index.php\\\/fundusze-europejskie-2021-2027\\\/fundusze-europejskie-dla-lubelskiego-2021-2027\\\/uslugi-dla-msp-dzialanie-2-5-lubelskie\\\/#breadcrumb\"},\"inLanguage\":\"pl-PL\",\"potentialAction\":[{\"@type\":\"ReadAction\",\"target\":[\"https:\\\/\\\/inteligentny-rozwoj.com.pl\\\/index.php\\\/fundusze-europejskie-2021-2027\\\/fundusze-europejskie-dla-lubelskiego-2021-2027\\\/uslugi-dla-msp-dzialanie-2-5-lubelskie\\\/\"]}]},{\"@type\":\"BreadcrumbList\",\"@id\":\"https:\\\/\\\/inteligentny-rozwoj.com.pl\\\/index.php\\\/fundusze-europejskie-2021-2027\\\/fundusze-europejskie-dla-lubelskiego-2021-2027\\\/uslugi-dla-msp-dzialanie-2-5-lubelskie\\\/#breadcrumb\",\"itemListElement\":[{\"@type\":\"ListItem\",\"position\":1,\"name\":\"Fundusze 2021-2027\",\"item\":\"https:\\\/\\\/inteligentny-rozwoj.com.pl\\\/index.php\\\/fundusze-europejskie-2021-2027\\\/\"},{\"@type\":\"ListItem\",\"position\":2,\"name\":\"Fundusze Europejskie dla Lubelskiego 2021-2027\",\"item\":\"https:\\\/\\\/inteligentny-rozwoj.com.pl\\\/index.php\\\/fundusze-europejskie-2021-2027\\\/fundusze-europejskie-dla-lubelskiego-2021-2027\\\/\"},{\"@type\":\"ListItem\",\"position\":3,\"name\":\"Us\u0142ugi dla M\u015aP \u2013 dzia\u0142anie 2.5; Fundusze Europejskie dla Lubelskiego 2021-2027\"}]},{\"@type\":\"WebSite\",\"@id\":\"https:\\\/\\\/inteligentny-rozwoj.com.pl\\\/#website\",\"url\":\"https:\\\/\\\/inteligentny-rozwoj.com.pl\\\/\",\"name\":\"RP CONSULTING Rafa\u0142 Pasterczyk | marketing B2B, eksport, dotacje UE\",\"description\":\"Tw\u00f3j partner w rozwoju biznesu - skuteczne doradztwo w marketingu B2B, rozwoju eksportu i pozyskiwaniu dotacji\",\"publisher\":{\"@id\":\"https:\\\/\\\/inteligentny-rozwoj.com.pl\\\/#organization\"},\"alternateName\":\"Rafa\u0142 Pasterczyk RP CONSULTING\",\"potentialAction\":[{\"@type\":\"SearchAction\",\"target\":{\"@type\":\"EntryPoint\",\"urlTemplate\":\"https:\\\/\\\/inteligentny-rozwoj.com.pl\\\/?s={search_term_string}\"},\"query-input\":{\"@type\":\"PropertyValueSpecification\",\"valueRequired\":true,\"valueName\":\"search_term_string\"}}],\"inLanguage\":\"pl-PL\"},{\"@type\":\"Organization\",\"@id\":\"https:\\\/\\\/inteligentny-rozwoj.com.pl\\\/#organization\",\"name\":\"RP CONSULTING Rafa\u0142 Pasterczyk\",\"alternateName\":\"Rafa\u0142 Pasterczyk RP CONSULTING\",\"url\":\"https:\\\/\\\/inteligentny-rozwoj.com.pl\\\/\",\"logo\":{\"@type\":\"ImageObject\",\"inLanguage\":\"pl-PL\",\"@id\":\"https:\\\/\\\/inteligentny-rozwoj.com.pl\\\/#\\\/schema\\\/logo\\\/image\\\/\",\"url\":\"https:\\\/\\\/inteligentny-rozwoj.com.pl\\\/wp-content\\\/uploads\\\/2019\\\/01\\\/cropped-rpc_logo_sq-e1546996617786.png\",\"contentUrl\":\"https:\\\/\\\/inteligentny-rozwoj.com.pl\\\/wp-content\\\/uploads\\\/2019\\\/01\\\/cropped-rpc_logo_sq-e1546996617786.png\",\"width\":512,\"height\":512,\"caption\":\"RP CONSULTING Rafa\u0142 Pasterczyk\"},\"image\":{\"@id\":\"https:\\\/\\\/inteligentny-rozwoj.com.pl\\\/#\\\/schema\\\/logo\\\/image\\\/\"},\"sameAs\":[\"https:\\\/\\\/www.facebook.com\\\/RPConsulting\",\"https:\\\/\\\/x.com\\\/rp_consulting\",\"https:\\\/\\\/www.instagram.com\\\/rpconsulting.pl\\\/\",\"https:\\\/\\\/pl.linkedin.com\\\/company\\\/rp-consulting-rpc\",\"https:\\\/\\\/www.linkedin.com\\\/in\\\/rafal-pasterczyk\\\/\"]},{\"@type\":\"Person\",\"@id\":\"https:\\\/\\\/inteligentny-rozwoj.com.pl\\\/#\\\/schema\\\/person\\\/781a467e5e331ce384632759ecdba772\",\"name\":\"RP CONSULTING Rafa\u0142 Pasterczyk\",\"image\":{\"@type\":\"ImageObject\",\"inLanguage\":\"pl-PL\",\"@id\":\"https:\\\/\\\/secure.gravatar.com\\\/avatar\\\/fde501377d5b06ef1fb158c1ea34fe2defd80fd9526b2263a81456023558c240?s=96&d=mm&r=g\",\"url\":\"https:\\\/\\\/secure.gravatar.com\\\/avatar\\\/fde501377d5b06ef1fb158c1ea34fe2defd80fd9526b2263a81456023558c240?s=96&d=mm&r=g\",\"contentUrl\":\"https:\\\/\\\/secure.gravatar.com\\\/avatar\\\/fde501377d5b06ef1fb158c1ea34fe2defd80fd9526b2263a81456023558c240?s=96&d=mm&r=g\",\"caption\":\"RP CONSULTING Rafa\u0142 Pasterczyk\"},\"description\":\"Doradztwo biznesowe i outsourcing - us\u0142ugi doradcze w zakresie marketingu B2B, rozwoju eksportu oraz pozyskiwanie i rozliczanie dotacji na rozw\u00f3j eksportu i cyfryzacj\u0119. Ponad 100 skutecznie zrealizowanych projekt\u00f3w. Wiele z nich \u0142\u0105czy doradztwo w zakresie strategii internacjonalizacji ze skutecznym pozyskaniem dofinansowania na dzia\u0142ania na rynkach zagranicznych.\",\"sameAs\":[\"https:\\\/\\\/inteligentny-rozwoj.com.pl\\\/\",\"https:\\\/\\\/www.facebook.com\\\/RPConsulting\\\/\",\"https:\\\/\\\/www.instagram.com\\\/rpconsulting.pl\\\/\",\"https:\\\/\\\/pl.linkedin.com\\\/company\\\/rp-consulting-rpc\",\"https:\\\/\\\/www.youtube.com\\\/@RPCONSULTING-b2b\"],\"url\":\"https:\\\/\\\/inteligentny-rozwoj.com.pl\\\/index.php\\\/author\\\/rpconsulting\\\/\"}]}<\/script>\n<!-- \/ Yoast SEO plugin. -->","yoast_head_json":{"title":"Us\u0142ugi dla M\u015aP \u2013 dzia\u0142anie 2.5; FE dla Lubelskiego 2021-2027","description":"Us\u0142ugi dla M\u015aP \u2013 dzia\u0142anie 2.5; Fundusze Europejskie dla Lubelskiego 2021-2027 - zapewnienie szerokiego wachlarza wysokiej jako\u015bci us\u0142ug prorozwojowych dla M\u015aP","robots":{"index":"index","follow":"follow","max-snippet":"max-snippet:-1","max-image-preview":"max-image-preview:large","max-video-preview":"max-video-preview:-1"},"canonical":"https:\/\/inteligentny-rozwoj.com.pl\/index.php\/fundusze-europejskie-2021-2027\/fundusze-europejskie-dla-lubelskiego-2021-2027\/uslugi-dla-msp-dzialanie-2-5-lubelskie\/","og_locale":"pl_PL","og_type":"article","og_title":"Us\u0142ugi dla M\u015aP \u2013 dzia\u0142anie 2.5; FE dla Lubelskiego 2021-2027","og_description":"Us\u0142ugi dla M\u015aP \u2013 dzia\u0142anie 2.5; Fundusze Europejskie dla Lubelskiego 2021-2027 - zapewnienie szerokiego wachlarza wysokiej jako\u015bci us\u0142ug prorozwojowych dla M\u015aP","og_url":"https:\/\/inteligentny-rozwoj.com.pl\/index.php\/fundusze-europejskie-2021-2027\/fundusze-europejskie-dla-lubelskiego-2021-2027\/uslugi-dla-msp-dzialanie-2-5-lubelskie\/","og_site_name":"RP CONSULTING Rafa\u0142 Pasterczyk | marketing B2B, eksport, dotacje UE","article_publisher":"https:\/\/www.facebook.com\/RPConsulting","article_modified_time":"2023-06-24T02:10:02+00:00","og_image":[{"width":350,"height":300,"url":"https:\/\/inteligentny-rozwoj.com.pl\/wp-content\/uploads\/2021\/06\/rpc_logo_sq.png","type":"image\/png"}],"twitter_card":"summary_large_image","twitter_site":"@rp_consulting","twitter_misc":{"Szacowany czas czytania":"2 minuty"},"schema":{"@context":"https:\/\/schema.org","@graph":[{"@type":"Article","@id":"https:\/\/inteligentny-rozwoj.com.pl\/index.php\/fundusze-europejskie-2021-2027\/fundusze-europejskie-dla-lubelskiego-2021-2027\/uslugi-dla-msp-dzialanie-2-5-lubelskie\/#article","isPartOf":{"@id":"https:\/\/inteligentny-rozwoj.com.pl\/index.php\/fundusze-europejskie-2021-2027\/fundusze-europejskie-dla-lubelskiego-2021-2027\/uslugi-dla-msp-dzialanie-2-5-lubelskie\/"},"author":{"name":"RP CONSULTING Rafa\u0142 Pasterczyk","@id":"https:\/\/inteligentny-rozwoj.com.pl\/#\/schema\/person\/781a467e5e331ce384632759ecdba772"},"headline":"Us\u0142ugi dla M\u015aP \u2013 dzia\u0142anie 2.5; Fundusze Europejskie dla Lubelskiego 2021-2027","datePublished":"2023-06-24T02:03:01+00:00","dateModified":"2023-06-24T02:10:02+00:00","mainEntityOfPage":{"@id":"https:\/\/inteligentny-rozwoj.com.pl\/index.php\/fundusze-europejskie-2021-2027\/fundusze-europejskie-dla-lubelskiego-2021-2027\/uslugi-dla-msp-dzialanie-2-5-lubelskie\/"},"wordCount":446,"publisher":{"@id":"https:\/\/inteligentny-rozwoj.com.pl\/#organization"},"inLanguage":"pl-PL"},{"@type":"WebPage","@id":"https:\/\/inteligentny-rozwoj.com.pl\/index.php\/fundusze-europejskie-2021-2027\/fundusze-europejskie-dla-lubelskiego-2021-2027\/uslugi-dla-msp-dzialanie-2-5-lubelskie\/","url":"https:\/\/inteligentny-rozwoj.com.pl\/index.php\/fundusze-europejskie-2021-2027\/fundusze-europejskie-dla-lubelskiego-2021-2027\/uslugi-dla-msp-dzialanie-2-5-lubelskie\/","name":"Us\u0142ugi dla M\u015aP \u2013 dzia\u0142anie 2.5; FE dla Lubelskiego 2021-2027","isPartOf":{"@id":"https:\/\/inteligentny-rozwoj.com.pl\/#website"},"datePublished":"2023-06-24T02:03:01+00:00","dateModified":"2023-06-24T02:10:02+00:00","description":"Us\u0142ugi dla M\u015aP \u2013 dzia\u0142anie 2.5; Fundusze Europejskie dla Lubelskiego 2021-2027 - zapewnienie szerokiego wachlarza wysokiej jako\u015bci us\u0142ug prorozwojowych dla M\u015aP","breadcrumb":{"@id":"https:\/\/inteligentny-rozwoj.com.pl\/index.php\/fundusze-europejskie-2021-2027\/fundusze-europejskie-dla-lubelskiego-2021-2027\/uslugi-dla-msp-dzialanie-2-5-lubelskie\/#breadcrumb"},"inLanguage":"pl-PL","potentialAction":[{"@type":"ReadAction","target":["https:\/\/inteligentny-rozwoj.com.pl\/index.php\/fundusze-europejskie-2021-2027\/fundusze-europejskie-dla-lubelskiego-2021-2027\/uslugi-dla-msp-dzialanie-2-5-lubelskie\/"]}]},{"@type":"BreadcrumbList","@id":"https:\/\/inteligentny-rozwoj.com.pl\/index.php\/fundusze-europejskie-2021-2027\/fundusze-europejskie-dla-lubelskiego-2021-2027\/uslugi-dla-msp-dzialanie-2-5-lubelskie\/#breadcrumb","itemListElement":[{"@type":"ListItem","position":1,"name":"Fundusze 2021-2027","item":"https:\/\/inteligentny-rozwoj.com.pl\/index.php\/fundusze-europejskie-2021-2027\/"},{"@type":"ListItem","position":2,"name":"Fundusze Europejskie dla Lubelskiego 2021-2027","item":"https:\/\/inteligentny-rozwoj.com.pl\/index.php\/fundusze-europejskie-2021-2027\/fundusze-europejskie-dla-lubelskiego-2021-2027\/"},{"@type":"ListItem","position":3,"name":"Us\u0142ugi dla M\u015aP \u2013 dzia\u0142anie 2.5; Fundusze Europejskie dla Lubelskiego 2021-2027"}]},{"@type":"WebSite","@id":"https:\/\/inteligentny-rozwoj.com.pl\/#website","url":"https:\/\/inteligentny-rozwoj.com.pl\/","name":"RP CONSULTING Rafa\u0142 Pasterczyk | marketing B2B, eksport, dotacje UE","description":"Tw\u00f3j partner w rozwoju biznesu - skuteczne doradztwo w marketingu B2B, rozwoju eksportu i pozyskiwaniu dotacji","publisher":{"@id":"https:\/\/inteligentny-rozwoj.com.pl\/#organization"},"alternateName":"Rafa\u0142 Pasterczyk RP CONSULTING","potentialAction":[{"@type":"SearchAction","target":{"@type":"EntryPoint","urlTemplate":"https:\/\/inteligentny-rozwoj.com.pl\/?s={search_term_string}"},"query-input":{"@type":"PropertyValueSpecification","valueRequired":true,"valueName":"search_term_string"}}],"inLanguage":"pl-PL"},{"@type":"Organization","@id":"https:\/\/inteligentny-rozwoj.com.pl\/#organization","name":"RP CONSULTING Rafa\u0142 Pasterczyk","alternateName":"Rafa\u0142 Pasterczyk RP CONSULTING","url":"https:\/\/inteligentny-rozwoj.com.pl\/","logo":{"@type":"ImageObject","inLanguage":"pl-PL","@id":"https:\/\/inteligentny-rozwoj.com.pl\/#\/schema\/logo\/image\/","url":"https:\/\/inteligentny-rozwoj.com.pl\/wp-content\/uploads\/2019\/01\/cropped-rpc_logo_sq-e1546996617786.png","contentUrl":"https:\/\/inteligentny-rozwoj.com.pl\/wp-content\/uploads\/2019\/01\/cropped-rpc_logo_sq-e1546996617786.png","width":512,"height":512,"caption":"RP CONSULTING Rafa\u0142 Pasterczyk"},"image":{"@id":"https:\/\/inteligentny-rozwoj.com.pl\/#\/schema\/logo\/image\/"},"sameAs":["https:\/\/www.facebook.com\/RPConsulting","https:\/\/x.com\/rp_consulting","https:\/\/www.instagram.com\/rpconsulting.pl\/","https:\/\/pl.linkedin.com\/company\/rp-consulting-rpc","https:\/\/www.linkedin.com\/in\/rafal-pasterczyk\/"]},{"@type":"Person","@id":"https:\/\/inteligentny-rozwoj.com.pl\/#\/schema\/person\/781a467e5e331ce384632759ecdba772","name":"RP CONSULTING Rafa\u0142 Pasterczyk","image":{"@type":"ImageObject","inLanguage":"pl-PL","@id":"https:\/\/secure.gravatar.com\/avatar\/fde501377d5b06ef1fb158c1ea34fe2defd80fd9526b2263a81456023558c240?s=96&d=mm&r=g","url":"https:\/\/secure.gravatar.com\/avatar\/fde501377d5b06ef1fb158c1ea34fe2defd80fd9526b2263a81456023558c240?s=96&d=mm&r=g","contentUrl":"https:\/\/secure.gravatar.com\/avatar\/fde501377d5b06ef1fb158c1ea34fe2defd80fd9526b2263a81456023558c240?s=96&d=mm&r=g","caption":"RP CONSULTING Rafa\u0142 Pasterczyk"},"description":"Doradztwo biznesowe i outsourcing - us\u0142ugi doradcze w zakresie marketingu B2B, rozwoju eksportu oraz pozyskiwanie i rozliczanie dotacji na rozw\u00f3j eksportu i cyfryzacj\u0119. Ponad 100 skutecznie zrealizowanych projekt\u00f3w. Wiele z nich \u0142\u0105czy doradztwo w zakresie strategii internacjonalizacji ze skutecznym pozyskaniem dofinansowania na dzia\u0142ania na rynkach zagranicznych.","sameAs":["https:\/\/inteligentny-rozwoj.com.pl\/","https:\/\/www.facebook.com\/RPConsulting\/","https:\/\/www.instagram.com\/rpconsulting.pl\/","https:\/\/pl.linkedin.com\/company\/rp-consulting-rpc","https:\/\/www.youtube.com\/@RPCONSULTING-b2b"],"url":"https:\/\/inteligentny-rozwoj.com.pl\/index.php\/author\/rpconsulting\/"}]}},"uagb_featured_image_src":{"full":false,"thumbnail":false,"medium":false,"medium_large":false,"large":false,"1536x1536":false,"2048x2048":false,"post-thumbnail":false,"sow-carousel-default":false,"sow-blog-portfolio":false,"sow-blog-grid":false,"sow-blog-alternate":false},"uagb_author_info":{"display_name":"RP CONSULTING Rafa\u0142 Pasterczyk","author_link":"https:\/\/inteligentny-rozwoj.com.pl\/index.php\/author\/rpconsulting\/"},"uagb_comment_info":0,"uagb_excerpt":"Us&#322;ugi dla M&#346;P to program, kt&oacute;ry &ndash; w odniesieniu do przedsi&#281;biorc&oacute;w (jako wnioskodawc&oacute;w) &ndash; wspiera zapewnienie szerokiego wachlarza wysokiej jako&#347;ci us&#322;ug prorozwojowych dla M&#346;P. Maj&#261; one na celu doprowadzenie do zwi&#281;kszenia ich konkurencyjno&#347;ci, produktywno&#347;ci, innowacyjnego rozwoju przy wykorzystaniu potencja&#322;u IOB\/o&#347;rodk&oacute;w innowacji\/klastr&oacute;w, z uwzgl&#281;dnieniem dost&#281;pno&#347;ci odpowiedniej oferty us&#322;ug, w tym dla przedsi&#281;biorc&oacute;w maj&#261;cych siedzib&#281; poza du&#380;ymi&hellip;","_links":{"self":[{"href":"https:\/\/inteligentny-rozwoj.com.pl\/index.php\/wp-json\/wp\/v2\/pages\/7774","targetHints":{"allow":["GET"]}}],"collection":[{"href":"https:\/\/inteligentny-rozwoj.com.pl\/index.php\/wp-json\/wp\/v2\/pages"}],"about":[{"href":"https:\/\/inteligentny-rozwoj.com.pl\/index.php\/wp-json\/wp\/v2\/types\/page"}],"author":[{"embeddable":true,"href":"https:\/\/inteligentny-rozwoj.com.pl\/index.php\/wp-json\/wp\/v2\/users\/1"}],"replies":[{"embeddable":true,"href":"https:\/\/inteligentny-rozwoj.com.pl\/index.php\/wp-json\/wp\/v2\/comments?post=7774"}],"version-history":[{"count":4,"href":"https:\/\/inteligentny-rozwoj.com.pl\/index.php\/wp-json\/wp\/v2\/pages\/7774\/revisions"}],"predecessor-version":[{"id":7780,"href":"https:\/\/inteligentny-rozwoj.com.pl\/index.php\/wp-json\/wp\/v2\/pages\/7774\/revisions\/7780"}],"up":[{"embeddable":true,"href":"https:\/\/inteligentny-rozwoj.com.pl\/index.php\/wp-json\/wp\/v2\/pages\/6255"}],"wp:attachment":[{"href":"https:\/\/inteligentny-rozwoj.com.pl\/index.php\/wp-json\/wp\/v2\/media?parent=7774"}],"curies":[{"name":"wp","href":"https:\/\/api.w.org\/{rel}","templated":true}]}}