{"id":798,"date":"2015-03-20T15:26:06","date_gmt":"2015-03-20T14:26:06","guid":{"rendered":"https:\/\/inteligentny-rozwoj.com.pl\/?page_id=798"},"modified":"2015-03-20T20:57:53","modified_gmt":"2015-03-20T19:57:53","slug":"dzialanie-2-3-proinnowacyjne-uslugi-dla-przedsiebiorstw","status":"publish","type":"page","link":"https:\/\/inteligentny-rozwoj.com.pl\/index.php\/fundusze-europejskie-2014-2020\/inteligentny-rozwoj-po-ir\/dzialania-poir\/dzialanie-2-3-proinnowacyjne-uslugi-dla-przedsiebiorstw\/","title":{"rendered":"Dzia\u0142anie 2.3 Proinnowacyjne us\u0142ugi dla przedsi\u0119biorstw"},"content":{"rendered":"<p style=\"text-align: justify;\">Dzia\u0142anie 2.3 Proinnowacyjne us\u0142ugi dla przedsi\u0119biorstw\u00a0realizowane jest w ramach <a title=\"II o\u015b PO IR\" href=\"https:\/\/inteligentny-rozwoj.com.pl\/index.php\/inteligentny-rozwoj-po-ir\/zakres-wsparcia-po-ir\/ii-os-priorytetowa-po-ir-2\/\" target=\"_blank\">II Osi priorytetowej PO IR<\/a> \u2013 WSPARCIE OTOCZENIA I POTENCJA\u0141U PRZEDSI\u0118BIORSTW DO PROWADZENIA DZIA\u0141ALNO\u015aCI B+R+I.\u00a0Dzia\u0142anie 2.3 Proinnowacyjne us\u0142ugi dla przedsi\u0119biorstw realizuje <a title=\"PI 1b (II o\u015b PO IR)\" href=\"https:\/\/inteligentny-rozwoj.com.pl\/index.php\/inteligentny-rozwoj-po-ir\/zakres-wsparcia-po-ir\/ii-os-priorytetowa-po-ir-2\/priorytet-inwestycyjny-1-2-ii\/\" target=\"_blank\">Priorytet Inwestycyjny 1b<\/a> (II o\u015b PO IR) oraz cel szczeg\u00f3\u0142owy 2. zwi\u0119kszony potencja\u0142 przedsi\u0119biorstw do prowadzenia dzia\u0142alno\u015bci B+R+I.<\/p>\n<p style=\"text-align: justify;\">Instytucj\u0105 Po\u015brednicz\u0105c\u0105 oraz og\u0142aszaj\u0105c\u0105 konkursy na przedsi\u0119wzi\u0119cia realizowane poprzez\u00a0Dzia\u0142anie 2.3 jest <strong>Polska Agencja Rozwoju Przedsi\u0119biorczo\u015bci <\/strong>(PARP).<\/p>\n<p style=\"text-align: justify;\">Dzia\u0142anie 2.3 obejmuje 4 poddzia\u0142ania:<\/p>\n<ul style=\"text-align: justify;\">\n<li><a title=\"Poddzia\u0142anie 2.3.1 Proinnowacyjne us\u0142ugi IOB dla M\u015aP\" href=\"https:\/\/inteligentny-rozwoj.com.pl\/index.php\/inteligentny-rozwoj-po-ir\/dzialania-poir\/dzialanie-2-3-proinnowacyjne-uslugi-dla-przedsiebiorstw\/poddzialanie-2-3-1-proinnowacyjne-uslugi-iob-dla-msp\/\" target=\"_blank\"><b><b>Poddzia\u0142anie 2.3.1 Proinnowacyjne us\u0142ugi IOB dla M\u015aP<\/b> <\/b><\/a><\/li>\n<li><a title=\"Poddzia\u0142anie 2.3.2 Bony na innowacje dla M\u015aP\" href=\"https:\/\/inteligentny-rozwoj.com.pl\/index.php\/inteligentny-rozwoj-po-ir\/dzialania-poir\/dzialanie-2-3-proinnowacyjne-uslugi-dla-przedsiebiorstw\/poddzialanie-2-3-2-bony-na-innowacje-dla-msp\/\" target=\"_blank\"><b>Poddzia\u0142anie 2.3.2 Bony na innowacje dla M\u015aP<\/b><\/a><\/li>\n<li><a title=\"Poddzia\u0142anie 2.3.3 Umi\u0119dzynarodowienie Krajowych Klastr\u00f3w Kluczowych\" href=\"https:\/\/inteligentny-rozwoj.com.pl\/index.php\/inteligentny-rozwoj-po-ir\/dzialania-poir\/dzialanie-2-3-proinnowacyjne-uslugi-dla-przedsiebiorstw\/poddzialanie-2-3-3-umiedzynarodowienie-krajowych-klastrow-kluczowych\/\" target=\"_blank\"><b>Poddzia\u0142anie 2.3.3 Umi\u0119dzynarodowienie Krajowych Klastr\u00f3w Kluczowych<\/b><\/a><\/li>\n<li><a title=\"Poddzia\u0142anie 2.3.4 Ochrona w\u0142asno\u015bci przemys\u0142owej\" href=\"https:\/\/inteligentny-rozwoj.com.pl\/index.php\/inteligentny-rozwoj-po-ir\/dzialania-poir\/dzialanie-2-3-proinnowacyjne-uslugi-dla-przedsiebiorstw\/poddzialanie-2-3-4-ochrona-wlasnosci-przemyslowej\/\" target=\"_blank\"><b>Poddzia\u0142anie 2.3.4 Ochrona w\u0142asno\u015bci przemys\u0142owej<\/b><\/a><\/li>\n<\/ul>\n","protected":false},"excerpt":{"rendered":"<p>Dzia&#322;anie 2.3 Proinnowacyjne us&#322;ugi dla przedsi&#281;biorstw&nbsp;realizowane jest w ramach II Osi priorytetowej PO IR &ndash; WSPARCIE OTOCZENIA I POTENCJA&#321;U PRZEDSI&#280;BIORSTW DO PROWADZENIA DZIA&#321;ALNO&#346;CI B+R+I.&nbsp;Dzia&#322;anie 2.3 Proinnowacyjne us&#322;ugi dla przedsi&#281;biorstw realizuje Priorytet Inwestycyjny 1b (II o&#347; PO IR) oraz cel szczeg&oacute;&#322;owy 2. zwi&#281;kszony potencja&#322; przedsi&#281;biorstw do prowadzenia dzia&#322;alno&#347;ci B+R+I. Instytucj&#261; Po&#347;rednicz&#261;c&#261; oraz og&#322;aszaj&#261;c&#261; konkursy na przedsi&#281;wzi&#281;cia [&hellip;]<\/p>\n","protected":false},"author":1,"featured_media":0,"parent":785,"menu_order":3,"comment_status":"closed","ping_status":"closed","template":"page-templates\/full-width.php","meta":{"_crdt_document":"","content-type":"","_uag_custom_page_level_css":"","footnotes":""},"class_list":["post-798","page","type-page","status-publish","hentry"],"yoast_head":"<!-- This site is optimized with the Yoast SEO plugin v27.3 - https:\/\/yoast.com\/product\/yoast-seo-wordpress\/ -->\n<title>Dzia\u0142anie 2.3 Proinnowacyjne us\u0142ugi dla przedsi\u0119biorstw - RP CONSULTING Rafa\u0142 Pasterczyk | marketing B2B, eksport, dotacje UE<\/title>\n<meta name=\"description\" content=\"Dzia\u0142anie 2.3 Proinnowacyjne us\u0142ugi dla przedsi\u0119biorstw w ramach PO IR obejmuje ma na celu zwi\u0119kszenie potencja\u0142u przedsi\u0119biorstw do aktywno\u015bci B+R+I.\" \/>\n<meta name=\"robots\" content=\"index, follow, max-snippet:-1, max-image-preview:large, max-video-preview:-1\" \/>\n<link rel=\"canonical\" href=\"https:\/\/inteligentny-rozwoj.com.pl\/index.php\/fundusze-europejskie-2014-2020\/inteligentny-rozwoj-po-ir\/dzialania-poir\/dzialanie-2-3-proinnowacyjne-uslugi-dla-przedsiebiorstw\/\" \/>\n<meta property=\"og:locale\" content=\"pl_PL\" \/>\n<meta property=\"og:type\" content=\"article\" \/>\n<meta property=\"og:title\" content=\"Dzia\u0142anie 2.3 Proinnowacyjne us\u0142ugi dla przedsi\u0119biorstw - RP CONSULTING Rafa\u0142 Pasterczyk | marketing B2B, eksport, dotacje UE\" \/>\n<meta property=\"og:description\" content=\"Dzia\u0142anie 2.3 Proinnowacyjne us\u0142ugi dla przedsi\u0119biorstw w ramach PO IR obejmuje ma na celu zwi\u0119kszenie potencja\u0142u przedsi\u0119biorstw do aktywno\u015bci B+R+I.\" \/>\n<meta property=\"og:url\" content=\"https:\/\/inteligentny-rozwoj.com.pl\/index.php\/fundusze-europejskie-2014-2020\/inteligentny-rozwoj-po-ir\/dzialania-poir\/dzialanie-2-3-proinnowacyjne-uslugi-dla-przedsiebiorstw\/\" \/>\n<meta property=\"og:site_name\" content=\"RP CONSULTING Rafa\u0142 Pasterczyk | marketing B2B, eksport, dotacje UE\" \/>\n<meta property=\"article:publisher\" content=\"https:\/\/www.facebook.com\/RPConsulting\" \/>\n<meta property=\"article:modified_time\" content=\"2015-03-20T19:57:53+00:00\" \/>\n<meta property=\"og:image\" content=\"https:\/\/inteligentny-rozwoj.com.pl\/wp-content\/uploads\/2021\/06\/rpc_logo_sq.png\" \/>\n\t<meta property=\"og:image:width\" content=\"350\" \/>\n\t<meta property=\"og:image:height\" content=\"300\" \/>\n\t<meta property=\"og:image:type\" content=\"image\/png\" \/>\n<meta name=\"twitter:card\" content=\"summary_large_image\" \/>\n<meta name=\"twitter:site\" content=\"@rp_consulting\" \/>\n<meta name=\"twitter:label1\" content=\"Szacowany czas czytania\" \/>\n\t<meta name=\"twitter:data1\" content=\"1 minuta\" \/>\n<script type=\"application\/ld+json\" class=\"yoast-schema-graph\">{\"@context\":\"https:\\\/\\\/schema.org\",\"@graph\":[{\"@type\":\"Article\",\"@id\":\"https:\\\/\\\/inteligentny-rozwoj.com.pl\\\/index.php\\\/fundusze-europejskie-2014-2020\\\/inteligentny-rozwoj-po-ir\\\/dzialania-poir\\\/dzialanie-2-3-proinnowacyjne-uslugi-dla-przedsiebiorstw\\\/#article\",\"isPartOf\":{\"@id\":\"https:\\\/\\\/inteligentny-rozwoj.com.pl\\\/index.php\\\/fundusze-europejskie-2014-2020\\\/inteligentny-rozwoj-po-ir\\\/dzialania-poir\\\/dzialanie-2-3-proinnowacyjne-uslugi-dla-przedsiebiorstw\\\/\"},\"author\":{\"name\":\"RP CONSULTING Rafa\u0142 Pasterczyk\",\"@id\":\"https:\\\/\\\/inteligentny-rozwoj.com.pl\\\/#\\\/schema\\\/person\\\/781a467e5e331ce384632759ecdba772\"},\"headline\":\"Dzia\u0142anie 2.3 Proinnowacyjne us\u0142ugi dla przedsi\u0119biorstw\",\"datePublished\":\"2015-03-20T14:26:06+00:00\",\"dateModified\":\"2015-03-20T19:57:53+00:00\",\"mainEntityOfPage\":{\"@id\":\"https:\\\/\\\/inteligentny-rozwoj.com.pl\\\/index.php\\\/fundusze-europejskie-2014-2020\\\/inteligentny-rozwoj-po-ir\\\/dzialania-poir\\\/dzialanie-2-3-proinnowacyjne-uslugi-dla-przedsiebiorstw\\\/\"},\"wordCount\":136,\"publisher\":{\"@id\":\"https:\\\/\\\/inteligentny-rozwoj.com.pl\\\/#organization\"},\"inLanguage\":\"pl-PL\"},{\"@type\":\"WebPage\",\"@id\":\"https:\\\/\\\/inteligentny-rozwoj.com.pl\\\/index.php\\\/fundusze-europejskie-2014-2020\\\/inteligentny-rozwoj-po-ir\\\/dzialania-poir\\\/dzialanie-2-3-proinnowacyjne-uslugi-dla-przedsiebiorstw\\\/\",\"url\":\"https:\\\/\\\/inteligentny-rozwoj.com.pl\\\/index.php\\\/fundusze-europejskie-2014-2020\\\/inteligentny-rozwoj-po-ir\\\/dzialania-poir\\\/dzialanie-2-3-proinnowacyjne-uslugi-dla-przedsiebiorstw\\\/\",\"name\":\"Dzia\u0142anie 2.3 Proinnowacyjne us\u0142ugi dla przedsi\u0119biorstw - RP CONSULTING Rafa\u0142 Pasterczyk | marketing B2B, eksport, dotacje UE\",\"isPartOf\":{\"@id\":\"https:\\\/\\\/inteligentny-rozwoj.com.pl\\\/#website\"},\"datePublished\":\"2015-03-20T14:26:06+00:00\",\"dateModified\":\"2015-03-20T19:57:53+00:00\",\"description\":\"Dzia\u0142anie 2.3 Proinnowacyjne us\u0142ugi dla przedsi\u0119biorstw w ramach PO IR obejmuje ma na celu zwi\u0119kszenie potencja\u0142u przedsi\u0119biorstw do aktywno\u015bci B+R+I.\",\"breadcrumb\":{\"@id\":\"https:\\\/\\\/inteligentny-rozwoj.com.pl\\\/index.php\\\/fundusze-europejskie-2014-2020\\\/inteligentny-rozwoj-po-ir\\\/dzialania-poir\\\/dzialanie-2-3-proinnowacyjne-uslugi-dla-przedsiebiorstw\\\/#breadcrumb\"},\"inLanguage\":\"pl-PL\",\"potentialAction\":[{\"@type\":\"ReadAction\",\"target\":[\"https:\\\/\\\/inteligentny-rozwoj.com.pl\\\/index.php\\\/fundusze-europejskie-2014-2020\\\/inteligentny-rozwoj-po-ir\\\/dzialania-poir\\\/dzialanie-2-3-proinnowacyjne-uslugi-dla-przedsiebiorstw\\\/\"]}]},{\"@type\":\"BreadcrumbList\",\"@id\":\"https:\\\/\\\/inteligentny-rozwoj.com.pl\\\/index.php\\\/fundusze-europejskie-2014-2020\\\/inteligentny-rozwoj-po-ir\\\/dzialania-poir\\\/dzialanie-2-3-proinnowacyjne-uslugi-dla-przedsiebiorstw\\\/#breadcrumb\",\"itemListElement\":[{\"@type\":\"ListItem\",\"position\":1,\"name\":\"Fundusze 2014-2020\",\"item\":\"https:\\\/\\\/inteligentny-rozwoj.com.pl\\\/index.php\\\/fundusze-europejskie-2014-2020\\\/\"},{\"@type\":\"ListItem\",\"position\":2,\"name\":\"PO IR 2014-2020\",\"item\":\"https:\\\/\\\/inteligentny-rozwoj.com.pl\\\/index.php\\\/fundusze-europejskie-2014-2020\\\/inteligentny-rozwoj-po-ir\\\/\"},{\"@type\":\"ListItem\",\"position\":3,\"name\":\"Dzia\u0142ania PO IR (Dotacje Unijne)\",\"item\":\"https:\\\/\\\/inteligentny-rozwoj.com.pl\\\/index.php\\\/fundusze-europejskie-2014-2020\\\/inteligentny-rozwoj-po-ir\\\/dzialania-poir\\\/\"},{\"@type\":\"ListItem\",\"position\":4,\"name\":\"Dzia\u0142anie 2.3 Proinnowacyjne us\u0142ugi dla przedsi\u0119biorstw\"}]},{\"@type\":\"WebSite\",\"@id\":\"https:\\\/\\\/inteligentny-rozwoj.com.pl\\\/#website\",\"url\":\"https:\\\/\\\/inteligentny-rozwoj.com.pl\\\/\",\"name\":\"RP CONSULTING Rafa\u0142 Pasterczyk | marketing B2B, eksport, dotacje UE\",\"description\":\"Tw\u00f3j partner w rozwoju biznesu - skuteczne doradztwo w marketingu B2B, rozwoju eksportu i pozyskiwaniu dotacji\",\"publisher\":{\"@id\":\"https:\\\/\\\/inteligentny-rozwoj.com.pl\\\/#organization\"},\"alternateName\":\"Rafa\u0142 Pasterczyk RP CONSULTING\",\"potentialAction\":[{\"@type\":\"SearchAction\",\"target\":{\"@type\":\"EntryPoint\",\"urlTemplate\":\"https:\\\/\\\/inteligentny-rozwoj.com.pl\\\/?s={search_term_string}\"},\"query-input\":{\"@type\":\"PropertyValueSpecification\",\"valueRequired\":true,\"valueName\":\"search_term_string\"}}],\"inLanguage\":\"pl-PL\"},{\"@type\":\"Organization\",\"@id\":\"https:\\\/\\\/inteligentny-rozwoj.com.pl\\\/#organization\",\"name\":\"RP CONSULTING Rafa\u0142 Pasterczyk\",\"alternateName\":\"Rafa\u0142 Pasterczyk RP CONSULTING\",\"url\":\"https:\\\/\\\/inteligentny-rozwoj.com.pl\\\/\",\"logo\":{\"@type\":\"ImageObject\",\"inLanguage\":\"pl-PL\",\"@id\":\"https:\\\/\\\/inteligentny-rozwoj.com.pl\\\/#\\\/schema\\\/logo\\\/image\\\/\",\"url\":\"https:\\\/\\\/inteligentny-rozwoj.com.pl\\\/wp-content\\\/uploads\\\/2019\\\/01\\\/cropped-rpc_logo_sq-e1546996617786.png\",\"contentUrl\":\"https:\\\/\\\/inteligentny-rozwoj.com.pl\\\/wp-content\\\/uploads\\\/2019\\\/01\\\/cropped-rpc_logo_sq-e1546996617786.png\",\"width\":512,\"height\":512,\"caption\":\"RP CONSULTING Rafa\u0142 Pasterczyk\"},\"image\":{\"@id\":\"https:\\\/\\\/inteligentny-rozwoj.com.pl\\\/#\\\/schema\\\/logo\\\/image\\\/\"},\"sameAs\":[\"https:\\\/\\\/www.facebook.com\\\/RPConsulting\",\"https:\\\/\\\/x.com\\\/rp_consulting\",\"https:\\\/\\\/www.instagram.com\\\/rpconsulting.pl\\\/\",\"https:\\\/\\\/pl.linkedin.com\\\/company\\\/rp-consulting-rpc\",\"https:\\\/\\\/www.linkedin.com\\\/in\\\/rafal-pasterczyk\\\/\"]},{\"@type\":\"Person\",\"@id\":\"https:\\\/\\\/inteligentny-rozwoj.com.pl\\\/#\\\/schema\\\/person\\\/781a467e5e331ce384632759ecdba772\",\"name\":\"RP CONSULTING Rafa\u0142 Pasterczyk\",\"image\":{\"@type\":\"ImageObject\",\"inLanguage\":\"pl-PL\",\"@id\":\"https:\\\/\\\/secure.gravatar.com\\\/avatar\\\/fde501377d5b06ef1fb158c1ea34fe2defd80fd9526b2263a81456023558c240?s=96&d=mm&r=g\",\"url\":\"https:\\\/\\\/secure.gravatar.com\\\/avatar\\\/fde501377d5b06ef1fb158c1ea34fe2defd80fd9526b2263a81456023558c240?s=96&d=mm&r=g\",\"contentUrl\":\"https:\\\/\\\/secure.gravatar.com\\\/avatar\\\/fde501377d5b06ef1fb158c1ea34fe2defd80fd9526b2263a81456023558c240?s=96&d=mm&r=g\",\"caption\":\"RP CONSULTING Rafa\u0142 Pasterczyk\"},\"description\":\"Doradztwo biznesowe i outsourcing - us\u0142ugi doradcze w zakresie marketingu B2B, rozwoju eksportu oraz pozyskiwanie i rozliczanie dotacji na rozw\u00f3j eksportu i cyfryzacj\u0119. Ponad 100 skutecznie zrealizowanych projekt\u00f3w. Wiele z nich \u0142\u0105czy doradztwo w zakresie strategii internacjonalizacji ze skutecznym pozyskaniem dofinansowania na dzia\u0142ania na rynkach zagranicznych.\",\"sameAs\":[\"https:\\\/\\\/inteligentny-rozwoj.com.pl\\\/\",\"https:\\\/\\\/www.facebook.com\\\/RPConsulting\\\/\",\"https:\\\/\\\/www.instagram.com\\\/rpconsulting.pl\\\/\",\"https:\\\/\\\/pl.linkedin.com\\\/company\\\/rp-consulting-rpc\",\"https:\\\/\\\/www.youtube.com\\\/@RPCONSULTING-b2b\"],\"url\":\"https:\\\/\\\/inteligentny-rozwoj.com.pl\\\/index.php\\\/author\\\/rpconsulting\\\/\"}]}<\/script>\n<!-- \/ Yoast SEO plugin. -->","yoast_head_json":{"title":"Dzia\u0142anie 2.3 Proinnowacyjne us\u0142ugi dla przedsi\u0119biorstw - RP CONSULTING Rafa\u0142 Pasterczyk | marketing B2B, eksport, dotacje UE","description":"Dzia\u0142anie 2.3 Proinnowacyjne us\u0142ugi dla przedsi\u0119biorstw w ramach PO IR obejmuje ma na celu zwi\u0119kszenie potencja\u0142u przedsi\u0119biorstw do aktywno\u015bci B+R+I.","robots":{"index":"index","follow":"follow","max-snippet":"max-snippet:-1","max-image-preview":"max-image-preview:large","max-video-preview":"max-video-preview:-1"},"canonical":"https:\/\/inteligentny-rozwoj.com.pl\/index.php\/fundusze-europejskie-2014-2020\/inteligentny-rozwoj-po-ir\/dzialania-poir\/dzialanie-2-3-proinnowacyjne-uslugi-dla-przedsiebiorstw\/","og_locale":"pl_PL","og_type":"article","og_title":"Dzia\u0142anie 2.3 Proinnowacyjne us\u0142ugi dla przedsi\u0119biorstw - RP CONSULTING Rafa\u0142 Pasterczyk | marketing B2B, eksport, dotacje UE","og_description":"Dzia\u0142anie 2.3 Proinnowacyjne us\u0142ugi dla przedsi\u0119biorstw w ramach PO IR obejmuje ma na celu zwi\u0119kszenie potencja\u0142u przedsi\u0119biorstw do aktywno\u015bci B+R+I.","og_url":"https:\/\/inteligentny-rozwoj.com.pl\/index.php\/fundusze-europejskie-2014-2020\/inteligentny-rozwoj-po-ir\/dzialania-poir\/dzialanie-2-3-proinnowacyjne-uslugi-dla-przedsiebiorstw\/","og_site_name":"RP CONSULTING Rafa\u0142 Pasterczyk | marketing B2B, eksport, dotacje UE","article_publisher":"https:\/\/www.facebook.com\/RPConsulting","article_modified_time":"2015-03-20T19:57:53+00:00","og_image":[{"width":350,"height":300,"url":"https:\/\/inteligentny-rozwoj.com.pl\/wp-content\/uploads\/2021\/06\/rpc_logo_sq.png","type":"image\/png"}],"twitter_card":"summary_large_image","twitter_site":"@rp_consulting","twitter_misc":{"Szacowany czas czytania":"1 minuta"},"schema":{"@context":"https:\/\/schema.org","@graph":[{"@type":"Article","@id":"https:\/\/inteligentny-rozwoj.com.pl\/index.php\/fundusze-europejskie-2014-2020\/inteligentny-rozwoj-po-ir\/dzialania-poir\/dzialanie-2-3-proinnowacyjne-uslugi-dla-przedsiebiorstw\/#article","isPartOf":{"@id":"https:\/\/inteligentny-rozwoj.com.pl\/index.php\/fundusze-europejskie-2014-2020\/inteligentny-rozwoj-po-ir\/dzialania-poir\/dzialanie-2-3-proinnowacyjne-uslugi-dla-przedsiebiorstw\/"},"author":{"name":"RP CONSULTING Rafa\u0142 Pasterczyk","@id":"https:\/\/inteligentny-rozwoj.com.pl\/#\/schema\/person\/781a467e5e331ce384632759ecdba772"},"headline":"Dzia\u0142anie 2.3 Proinnowacyjne us\u0142ugi dla przedsi\u0119biorstw","datePublished":"2015-03-20T14:26:06+00:00","dateModified":"2015-03-20T19:57:53+00:00","mainEntityOfPage":{"@id":"https:\/\/inteligentny-rozwoj.com.pl\/index.php\/fundusze-europejskie-2014-2020\/inteligentny-rozwoj-po-ir\/dzialania-poir\/dzialanie-2-3-proinnowacyjne-uslugi-dla-przedsiebiorstw\/"},"wordCount":136,"publisher":{"@id":"https:\/\/inteligentny-rozwoj.com.pl\/#organization"},"inLanguage":"pl-PL"},{"@type":"WebPage","@id":"https:\/\/inteligentny-rozwoj.com.pl\/index.php\/fundusze-europejskie-2014-2020\/inteligentny-rozwoj-po-ir\/dzialania-poir\/dzialanie-2-3-proinnowacyjne-uslugi-dla-przedsiebiorstw\/","url":"https:\/\/inteligentny-rozwoj.com.pl\/index.php\/fundusze-europejskie-2014-2020\/inteligentny-rozwoj-po-ir\/dzialania-poir\/dzialanie-2-3-proinnowacyjne-uslugi-dla-przedsiebiorstw\/","name":"Dzia\u0142anie 2.3 Proinnowacyjne us\u0142ugi dla przedsi\u0119biorstw - RP CONSULTING Rafa\u0142 Pasterczyk | marketing B2B, eksport, dotacje UE","isPartOf":{"@id":"https:\/\/inteligentny-rozwoj.com.pl\/#website"},"datePublished":"2015-03-20T14:26:06+00:00","dateModified":"2015-03-20T19:57:53+00:00","description":"Dzia\u0142anie 2.3 Proinnowacyjne us\u0142ugi dla przedsi\u0119biorstw w ramach PO IR obejmuje ma na celu zwi\u0119kszenie potencja\u0142u przedsi\u0119biorstw do aktywno\u015bci B+R+I.","breadcrumb":{"@id":"https:\/\/inteligentny-rozwoj.com.pl\/index.php\/fundusze-europejskie-2014-2020\/inteligentny-rozwoj-po-ir\/dzialania-poir\/dzialanie-2-3-proinnowacyjne-uslugi-dla-przedsiebiorstw\/#breadcrumb"},"inLanguage":"pl-PL","potentialAction":[{"@type":"ReadAction","target":["https:\/\/inteligentny-rozwoj.com.pl\/index.php\/fundusze-europejskie-2014-2020\/inteligentny-rozwoj-po-ir\/dzialania-poir\/dzialanie-2-3-proinnowacyjne-uslugi-dla-przedsiebiorstw\/"]}]},{"@type":"BreadcrumbList","@id":"https:\/\/inteligentny-rozwoj.com.pl\/index.php\/fundusze-europejskie-2014-2020\/inteligentny-rozwoj-po-ir\/dzialania-poir\/dzialanie-2-3-proinnowacyjne-uslugi-dla-przedsiebiorstw\/#breadcrumb","itemListElement":[{"@type":"ListItem","position":1,"name":"Fundusze 2014-2020","item":"https:\/\/inteligentny-rozwoj.com.pl\/index.php\/fundusze-europejskie-2014-2020\/"},{"@type":"ListItem","position":2,"name":"PO IR 2014-2020","item":"https:\/\/inteligentny-rozwoj.com.pl\/index.php\/fundusze-europejskie-2014-2020\/inteligentny-rozwoj-po-ir\/"},{"@type":"ListItem","position":3,"name":"Dzia\u0142ania PO IR (Dotacje Unijne)","item":"https:\/\/inteligentny-rozwoj.com.pl\/index.php\/fundusze-europejskie-2014-2020\/inteligentny-rozwoj-po-ir\/dzialania-poir\/"},{"@type":"ListItem","position":4,"name":"Dzia\u0142anie 2.3 Proinnowacyjne us\u0142ugi dla przedsi\u0119biorstw"}]},{"@type":"WebSite","@id":"https:\/\/inteligentny-rozwoj.com.pl\/#website","url":"https:\/\/inteligentny-rozwoj.com.pl\/","name":"RP CONSULTING Rafa\u0142 Pasterczyk | marketing B2B, eksport, dotacje UE","description":"Tw\u00f3j partner w rozwoju biznesu - skuteczne doradztwo w marketingu B2B, rozwoju eksportu i pozyskiwaniu dotacji","publisher":{"@id":"https:\/\/inteligentny-rozwoj.com.pl\/#organization"},"alternateName":"Rafa\u0142 Pasterczyk RP CONSULTING","potentialAction":[{"@type":"SearchAction","target":{"@type":"EntryPoint","urlTemplate":"https:\/\/inteligentny-rozwoj.com.pl\/?s={search_term_string}"},"query-input":{"@type":"PropertyValueSpecification","valueRequired":true,"valueName":"search_term_string"}}],"inLanguage":"pl-PL"},{"@type":"Organization","@id":"https:\/\/inteligentny-rozwoj.com.pl\/#organization","name":"RP CONSULTING Rafa\u0142 Pasterczyk","alternateName":"Rafa\u0142 Pasterczyk RP CONSULTING","url":"https:\/\/inteligentny-rozwoj.com.pl\/","logo":{"@type":"ImageObject","inLanguage":"pl-PL","@id":"https:\/\/inteligentny-rozwoj.com.pl\/#\/schema\/logo\/image\/","url":"https:\/\/inteligentny-rozwoj.com.pl\/wp-content\/uploads\/2019\/01\/cropped-rpc_logo_sq-e1546996617786.png","contentUrl":"https:\/\/inteligentny-rozwoj.com.pl\/wp-content\/uploads\/2019\/01\/cropped-rpc_logo_sq-e1546996617786.png","width":512,"height":512,"caption":"RP CONSULTING Rafa\u0142 Pasterczyk"},"image":{"@id":"https:\/\/inteligentny-rozwoj.com.pl\/#\/schema\/logo\/image\/"},"sameAs":["https:\/\/www.facebook.com\/RPConsulting","https:\/\/x.com\/rp_consulting","https:\/\/www.instagram.com\/rpconsulting.pl\/","https:\/\/pl.linkedin.com\/company\/rp-consulting-rpc","https:\/\/www.linkedin.com\/in\/rafal-pasterczyk\/"]},{"@type":"Person","@id":"https:\/\/inteligentny-rozwoj.com.pl\/#\/schema\/person\/781a467e5e331ce384632759ecdba772","name":"RP CONSULTING Rafa\u0142 Pasterczyk","image":{"@type":"ImageObject","inLanguage":"pl-PL","@id":"https:\/\/secure.gravatar.com\/avatar\/fde501377d5b06ef1fb158c1ea34fe2defd80fd9526b2263a81456023558c240?s=96&d=mm&r=g","url":"https:\/\/secure.gravatar.com\/avatar\/fde501377d5b06ef1fb158c1ea34fe2defd80fd9526b2263a81456023558c240?s=96&d=mm&r=g","contentUrl":"https:\/\/secure.gravatar.com\/avatar\/fde501377d5b06ef1fb158c1ea34fe2defd80fd9526b2263a81456023558c240?s=96&d=mm&r=g","caption":"RP CONSULTING Rafa\u0142 Pasterczyk"},"description":"Doradztwo biznesowe i outsourcing - us\u0142ugi doradcze w zakresie marketingu B2B, rozwoju eksportu oraz pozyskiwanie i rozliczanie dotacji na rozw\u00f3j eksportu i cyfryzacj\u0119. Ponad 100 skutecznie zrealizowanych projekt\u00f3w. Wiele z nich \u0142\u0105czy doradztwo w zakresie strategii internacjonalizacji ze skutecznym pozyskaniem dofinansowania na dzia\u0142ania na rynkach zagranicznych.","sameAs":["https:\/\/inteligentny-rozwoj.com.pl\/","https:\/\/www.facebook.com\/RPConsulting\/","https:\/\/www.instagram.com\/rpconsulting.pl\/","https:\/\/pl.linkedin.com\/company\/rp-consulting-rpc","https:\/\/www.youtube.com\/@RPCONSULTING-b2b"],"url":"https:\/\/inteligentny-rozwoj.com.pl\/index.php\/author\/rpconsulting\/"}]}},"uagb_featured_image_src":{"full":false,"thumbnail":false,"medium":false,"medium_large":false,"large":false,"1536x1536":false,"2048x2048":false,"post-thumbnail":false,"sow-carousel-default":false,"sow-blog-portfolio":false,"sow-blog-grid":false,"sow-blog-alternate":false},"uagb_author_info":{"display_name":"RP CONSULTING Rafa\u0142 Pasterczyk","author_link":"https:\/\/inteligentny-rozwoj.com.pl\/index.php\/author\/rpconsulting\/"},"uagb_comment_info":0,"uagb_excerpt":"Dzia&#322;anie 2.3 Proinnowacyjne us&#322;ugi dla przedsi&#281;biorstw&nbsp;realizowane jest w ramach II Osi priorytetowej PO IR &ndash; WSPARCIE OTOCZENIA I POTENCJA&#321;U PRZEDSI&#280;BIORSTW DO PROWADZENIA DZIA&#321;ALNO&#346;CI B+R+I.&nbsp;Dzia&#322;anie 2.3 Proinnowacyjne us&#322;ugi dla przedsi&#281;biorstw realizuje Priorytet Inwestycyjny 1b (II o&#347; PO IR) oraz cel szczeg&oacute;&#322;owy 2. zwi&#281;kszony potencja&#322; przedsi&#281;biorstw do prowadzenia dzia&#322;alno&#347;ci B+R+I. Instytucj&#261; Po&#347;rednicz&#261;c&#261; oraz og&#322;aszaj&#261;c&#261; konkursy na przedsi&#281;wzi&#281;cia&hellip;","_links":{"self":[{"href":"https:\/\/inteligentny-rozwoj.com.pl\/index.php\/wp-json\/wp\/v2\/pages\/798","targetHints":{"allow":["GET"]}}],"collection":[{"href":"https:\/\/inteligentny-rozwoj.com.pl\/index.php\/wp-json\/wp\/v2\/pages"}],"about":[{"href":"https:\/\/inteligentny-rozwoj.com.pl\/index.php\/wp-json\/wp\/v2\/types\/page"}],"author":[{"embeddable":true,"href":"https:\/\/inteligentny-rozwoj.com.pl\/index.php\/wp-json\/wp\/v2\/users\/1"}],"replies":[{"embeddable":true,"href":"https:\/\/inteligentny-rozwoj.com.pl\/index.php\/wp-json\/wp\/v2\/comments?post=798"}],"version-history":[{"count":5,"href":"https:\/\/inteligentny-rozwoj.com.pl\/index.php\/wp-json\/wp\/v2\/pages\/798\/revisions"}],"predecessor-version":[{"id":839,"href":"https:\/\/inteligentny-rozwoj.com.pl\/index.php\/wp-json\/wp\/v2\/pages\/798\/revisions\/839"}],"up":[{"embeddable":true,"href":"https:\/\/inteligentny-rozwoj.com.pl\/index.php\/wp-json\/wp\/v2\/pages\/785"}],"wp:attachment":[{"href":"https:\/\/inteligentny-rozwoj.com.pl\/index.php\/wp-json\/wp\/v2\/media?parent=798"}],"curies":[{"name":"wp","href":"https:\/\/api.w.org\/{rel}","templated":true}]}}