{"id":817,"date":"2015-03-20T19:17:59","date_gmt":"2015-03-20T18:17:59","guid":{"rendered":"https:\/\/inteligentny-rozwoj.com.pl\/?page_id=817"},"modified":"2015-03-20T21:27:24","modified_gmt":"2015-03-20T20:27:24","slug":"dzialanie-3-2-wsparcie-wdrozen-wynikow-prac-br","status":"publish","type":"page","link":"https:\/\/inteligentny-rozwoj.com.pl\/index.php\/fundusze-europejskie-2014-2020\/inteligentny-rozwoj-po-ir\/dzialania-poir\/dzialanie-3-2-wsparcie-wdrozen-wynikow-prac-br\/","title":{"rendered":"Dzia\u0142anie 3.2 Wsparcie wdro\u017ce\u0144 wynik\u00f3w prac B+R"},"content":{"rendered":"<div style=\"text-align: justify;\">\n<p>Dzia\u0142anie 3.2 Wsparcie wdro\u017ce\u0144 wynik\u00f3w prac B+R\u00a0realizowane jest w ramach <a title=\"III o\u015b priorytetowa PO IR\" href=\"https:\/\/inteligentny-rozwoj.com.pl\/index.php\/inteligentny-rozwoj-po-ir\/zakres-wsparcia-po-ir\/ii-os-priorytetowa-po-ir\/\" target=\"_blank\">III Osi priorytetowej PO IR<\/a> \u2013 WSPARCIE INNOWACJI W PRZEDSI\u0118BIORSTWACH.\u00a0Dzia\u0142anie 3.2 Wsparcie wdro\u017ce\u0144 wynik\u00f3w prac B+R realizuje <a title=\"PI 3c III o\u015b PO IR\" href=\"https:\/\/inteligentny-rozwoj.com.pl\/index.php\/inteligentny-rozwoj-po-ir\/zakres-wsparcia-po-ir\/ii-os-priorytetowa-po-ir\/priorytet-inwestycyjny-3-4\/\" target=\"_blank\">Priorytet Inwestycyjny 3c<\/a> (III o\u015b PO IR) oraz cel szczeg\u00f3\u0142owy 4. zwi\u0119kszona aktywno\u015b\u0107 przedsi\u0119biorstw w zakresie prowadzenia dzia\u0142alno\u015bci innowacyjnej.<\/p>\n<p>Instytucj\u0105 Po\u015brednicz\u0105c\u0105 oraz og\u0142aszaj\u0105c\u0105 konkursy na przedsi\u0119wzi\u0119cia realizowane poprzez\u00a0Dzia\u0142anie 3.2 Wsparcie wdro\u017ce\u0144 wynik\u00f3w prac B+R jest <strong>Polska Agencja Rozwoju Przedsi\u0119biorczo\u015bci <\/strong>(PARP).<\/p>\n<p>Dzia\u0142anie 3.2 Wsparcie wdro\u017ce\u0144 wynik\u00f3w prac B+R\u00a0obejmuje 2 poddzia\u0142ania:<\/p>\n<ul>\n<li><a title=\"Poddzia\u0142anie 3.2.1 Badania na rynek\" href=\"https:\/\/inteligentny-rozwoj.com.pl\/index.php\/inteligentny-rozwoj-po-ir\/dzialania-poir\/dzialanie-3-2-wsparcie-wdrozen-wynikow-prac-br\/poddzialanie-3-2-1-badania-na-rynek\/\" target=\"_blank\"><strong>Poddzia\u0142anie 3.2.1 Badania na rynek<\/strong><\/a><\/li>\n<li><a title=\"Poddzia\u0142anie 3.2.2 Kredyt na innowacje technologiczne\" href=\"https:\/\/inteligentny-rozwoj.com.pl\/index.php\/inteligentny-rozwoj-po-ir\/dzialania-poir\/dzialanie-3-2-wsparcie-wdrozen-wynikow-prac-br\/poddzialanie-3-2-2-kredyt-na-innowacje-technologiczne\/\" target=\"_blank\"><strong>Poddzia\u0142anie 3.2.2 Kredyt na innowacjetechnologiczne<\/strong><\/a><\/li>\n<\/ul>\n<\/div>\n","protected":false},"excerpt":{"rendered":"<p>Dzia&#322;anie 3.2 Wsparcie wdro&#380;e&#324; wynik&oacute;w prac B+R&nbsp;realizowane jest w ramach III Osi priorytetowej PO IR &ndash; WSPARCIE INNOWACJI W PRZEDSI&#280;BIORSTWACH.&nbsp;Dzia&#322;anie 3.2 Wsparcie wdro&#380;e&#324; wynik&oacute;w prac B+R realizuje Priorytet Inwestycyjny 3c (III o&#347; PO IR) oraz cel szczeg&oacute;&#322;owy 4. zwi&#281;kszona aktywno&#347;&#263; przedsi&#281;biorstw w zakresie prowadzenia dzia&#322;alno&#347;ci innowacyjnej. Instytucj&#261; Po&#347;rednicz&#261;c&#261; oraz og&#322;aszaj&#261;c&#261; konkursy na przedsi&#281;wzi&#281;cia realizowane poprzez&nbsp;Dzia&#322;anie [&hellip;]<\/p>\n","protected":false},"author":1,"featured_media":0,"parent":785,"menu_order":5,"comment_status":"closed","ping_status":"closed","template":"page-templates\/full-width.php","meta":{"_crdt_document":"","content-type":"","_uag_custom_page_level_css":"","footnotes":""},"class_list":["post-817","page","type-page","status-publish","hentry"],"yoast_head":"<!-- This site is optimized with the Yoast SEO plugin v27.3 - https:\/\/yoast.com\/product\/yoast-seo-wordpress\/ -->\n<title>Dzia\u0142anie 3.2 Wsparcie wdro\u017ce\u0144 wynik\u00f3w prac B+R - RP CONSULTING Rafa\u0142 Pasterczyk | marketing B2B, eksport, dotacje UE<\/title>\n<meta name=\"description\" content=\"Dzia\u0142anie 3.2 Wsparcie wdro\u017ce\u0144 wynik\u00f3w prac B+R ma na celu zwi\u0119kszenie aktywno\u015bci przedsi\u0119biorstw w zakresie prowadzenia dzia\u0142alno\u015bci innowacyjnej.\" \/>\n<meta name=\"robots\" content=\"index, follow, max-snippet:-1, max-image-preview:large, max-video-preview:-1\" \/>\n<link rel=\"canonical\" href=\"https:\/\/inteligentny-rozwoj.com.pl\/index.php\/fundusze-europejskie-2014-2020\/inteligentny-rozwoj-po-ir\/dzialania-poir\/dzialanie-3-2-wsparcie-wdrozen-wynikow-prac-br\/\" \/>\n<meta property=\"og:locale\" content=\"pl_PL\" \/>\n<meta property=\"og:type\" content=\"article\" \/>\n<meta property=\"og:title\" content=\"Dzia\u0142anie 3.2 Wsparcie wdro\u017ce\u0144 wynik\u00f3w prac B+R - RP CONSULTING Rafa\u0142 Pasterczyk | marketing B2B, eksport, dotacje UE\" \/>\n<meta property=\"og:description\" content=\"Dzia\u0142anie 3.2 Wsparcie wdro\u017ce\u0144 wynik\u00f3w prac B+R ma na celu zwi\u0119kszenie aktywno\u015bci przedsi\u0119biorstw w zakresie prowadzenia dzia\u0142alno\u015bci innowacyjnej.\" \/>\n<meta property=\"og:url\" content=\"https:\/\/inteligentny-rozwoj.com.pl\/index.php\/fundusze-europejskie-2014-2020\/inteligentny-rozwoj-po-ir\/dzialania-poir\/dzialanie-3-2-wsparcie-wdrozen-wynikow-prac-br\/\" \/>\n<meta property=\"og:site_name\" content=\"RP CONSULTING Rafa\u0142 Pasterczyk | marketing B2B, eksport, dotacje UE\" \/>\n<meta property=\"article:publisher\" content=\"https:\/\/www.facebook.com\/RPConsulting\" \/>\n<meta property=\"article:modified_time\" content=\"2015-03-20T20:27:24+00:00\" \/>\n<meta property=\"og:image\" content=\"https:\/\/inteligentny-rozwoj.com.pl\/wp-content\/uploads\/2021\/06\/rpc_logo_sq.png\" \/>\n\t<meta property=\"og:image:width\" content=\"350\" \/>\n\t<meta property=\"og:image:height\" content=\"300\" \/>\n\t<meta property=\"og:image:type\" content=\"image\/png\" \/>\n<meta name=\"twitter:card\" content=\"summary_large_image\" \/>\n<meta name=\"twitter:site\" content=\"@rp_consulting\" \/>\n<meta name=\"twitter:label1\" content=\"Szacowany czas czytania\" \/>\n\t<meta name=\"twitter:data1\" content=\"1 minuta\" \/>\n<script type=\"application\/ld+json\" class=\"yoast-schema-graph\">{\"@context\":\"https:\\\/\\\/schema.org\",\"@graph\":[{\"@type\":\"Article\",\"@id\":\"https:\\\/\\\/inteligentny-rozwoj.com.pl\\\/index.php\\\/fundusze-europejskie-2014-2020\\\/inteligentny-rozwoj-po-ir\\\/dzialania-poir\\\/dzialanie-3-2-wsparcie-wdrozen-wynikow-prac-br\\\/#article\",\"isPartOf\":{\"@id\":\"https:\\\/\\\/inteligentny-rozwoj.com.pl\\\/index.php\\\/fundusze-europejskie-2014-2020\\\/inteligentny-rozwoj-po-ir\\\/dzialania-poir\\\/dzialanie-3-2-wsparcie-wdrozen-wynikow-prac-br\\\/\"},\"author\":{\"name\":\"RP CONSULTING Rafa\u0142 Pasterczyk\",\"@id\":\"https:\\\/\\\/inteligentny-rozwoj.com.pl\\\/#\\\/schema\\\/person\\\/781a467e5e331ce384632759ecdba772\"},\"headline\":\"Dzia\u0142anie 3.2 Wsparcie wdro\u017ce\u0144 wynik\u00f3w prac B+R\",\"datePublished\":\"2015-03-20T18:17:59+00:00\",\"dateModified\":\"2015-03-20T20:27:24+00:00\",\"mainEntityOfPage\":{\"@id\":\"https:\\\/\\\/inteligentny-rozwoj.com.pl\\\/index.php\\\/fundusze-europejskie-2014-2020\\\/inteligentny-rozwoj-po-ir\\\/dzialania-poir\\\/dzialanie-3-2-wsparcie-wdrozen-wynikow-prac-br\\\/\"},\"wordCount\":124,\"publisher\":{\"@id\":\"https:\\\/\\\/inteligentny-rozwoj.com.pl\\\/#organization\"},\"inLanguage\":\"pl-PL\"},{\"@type\":\"WebPage\",\"@id\":\"https:\\\/\\\/inteligentny-rozwoj.com.pl\\\/index.php\\\/fundusze-europejskie-2014-2020\\\/inteligentny-rozwoj-po-ir\\\/dzialania-poir\\\/dzialanie-3-2-wsparcie-wdrozen-wynikow-prac-br\\\/\",\"url\":\"https:\\\/\\\/inteligentny-rozwoj.com.pl\\\/index.php\\\/fundusze-europejskie-2014-2020\\\/inteligentny-rozwoj-po-ir\\\/dzialania-poir\\\/dzialanie-3-2-wsparcie-wdrozen-wynikow-prac-br\\\/\",\"name\":\"Dzia\u0142anie 3.2 Wsparcie wdro\u017ce\u0144 wynik\u00f3w prac B+R - RP CONSULTING Rafa\u0142 Pasterczyk | marketing B2B, eksport, dotacje UE\",\"isPartOf\":{\"@id\":\"https:\\\/\\\/inteligentny-rozwoj.com.pl\\\/#website\"},\"datePublished\":\"2015-03-20T18:17:59+00:00\",\"dateModified\":\"2015-03-20T20:27:24+00:00\",\"description\":\"Dzia\u0142anie 3.2 Wsparcie wdro\u017ce\u0144 wynik\u00f3w prac B+R ma na celu zwi\u0119kszenie aktywno\u015bci przedsi\u0119biorstw w zakresie prowadzenia dzia\u0142alno\u015bci innowacyjnej.\",\"breadcrumb\":{\"@id\":\"https:\\\/\\\/inteligentny-rozwoj.com.pl\\\/index.php\\\/fundusze-europejskie-2014-2020\\\/inteligentny-rozwoj-po-ir\\\/dzialania-poir\\\/dzialanie-3-2-wsparcie-wdrozen-wynikow-prac-br\\\/#breadcrumb\"},\"inLanguage\":\"pl-PL\",\"potentialAction\":[{\"@type\":\"ReadAction\",\"target\":[\"https:\\\/\\\/inteligentny-rozwoj.com.pl\\\/index.php\\\/fundusze-europejskie-2014-2020\\\/inteligentny-rozwoj-po-ir\\\/dzialania-poir\\\/dzialanie-3-2-wsparcie-wdrozen-wynikow-prac-br\\\/\"]}]},{\"@type\":\"BreadcrumbList\",\"@id\":\"https:\\\/\\\/inteligentny-rozwoj.com.pl\\\/index.php\\\/fundusze-europejskie-2014-2020\\\/inteligentny-rozwoj-po-ir\\\/dzialania-poir\\\/dzialanie-3-2-wsparcie-wdrozen-wynikow-prac-br\\\/#breadcrumb\",\"itemListElement\":[{\"@type\":\"ListItem\",\"position\":1,\"name\":\"Fundusze 2014-2020\",\"item\":\"https:\\\/\\\/inteligentny-rozwoj.com.pl\\\/index.php\\\/fundusze-europejskie-2014-2020\\\/\"},{\"@type\":\"ListItem\",\"position\":2,\"name\":\"PO IR 2014-2020\",\"item\":\"https:\\\/\\\/inteligentny-rozwoj.com.pl\\\/index.php\\\/fundusze-europejskie-2014-2020\\\/inteligentny-rozwoj-po-ir\\\/\"},{\"@type\":\"ListItem\",\"position\":3,\"name\":\"Dzia\u0142ania PO IR (Dotacje Unijne)\",\"item\":\"https:\\\/\\\/inteligentny-rozwoj.com.pl\\\/index.php\\\/fundusze-europejskie-2014-2020\\\/inteligentny-rozwoj-po-ir\\\/dzialania-poir\\\/\"},{\"@type\":\"ListItem\",\"position\":4,\"name\":\"Dzia\u0142anie 3.2 Wsparcie wdro\u017ce\u0144 wynik\u00f3w prac B+R\"}]},{\"@type\":\"WebSite\",\"@id\":\"https:\\\/\\\/inteligentny-rozwoj.com.pl\\\/#website\",\"url\":\"https:\\\/\\\/inteligentny-rozwoj.com.pl\\\/\",\"name\":\"RP CONSULTING Rafa\u0142 Pasterczyk | marketing B2B, eksport, dotacje UE\",\"description\":\"Tw\u00f3j partner w rozwoju biznesu - skuteczne doradztwo w marketingu B2B, rozwoju eksportu i pozyskiwaniu dotacji\",\"publisher\":{\"@id\":\"https:\\\/\\\/inteligentny-rozwoj.com.pl\\\/#organization\"},\"alternateName\":\"Rafa\u0142 Pasterczyk RP CONSULTING\",\"potentialAction\":[{\"@type\":\"SearchAction\",\"target\":{\"@type\":\"EntryPoint\",\"urlTemplate\":\"https:\\\/\\\/inteligentny-rozwoj.com.pl\\\/?s={search_term_string}\"},\"query-input\":{\"@type\":\"PropertyValueSpecification\",\"valueRequired\":true,\"valueName\":\"search_term_string\"}}],\"inLanguage\":\"pl-PL\"},{\"@type\":\"Organization\",\"@id\":\"https:\\\/\\\/inteligentny-rozwoj.com.pl\\\/#organization\",\"name\":\"RP CONSULTING Rafa\u0142 Pasterczyk\",\"alternateName\":\"Rafa\u0142 Pasterczyk RP CONSULTING\",\"url\":\"https:\\\/\\\/inteligentny-rozwoj.com.pl\\\/\",\"logo\":{\"@type\":\"ImageObject\",\"inLanguage\":\"pl-PL\",\"@id\":\"https:\\\/\\\/inteligentny-rozwoj.com.pl\\\/#\\\/schema\\\/logo\\\/image\\\/\",\"url\":\"https:\\\/\\\/inteligentny-rozwoj.com.pl\\\/wp-content\\\/uploads\\\/2019\\\/01\\\/cropped-rpc_logo_sq-e1546996617786.png\",\"contentUrl\":\"https:\\\/\\\/inteligentny-rozwoj.com.pl\\\/wp-content\\\/uploads\\\/2019\\\/01\\\/cropped-rpc_logo_sq-e1546996617786.png\",\"width\":512,\"height\":512,\"caption\":\"RP CONSULTING Rafa\u0142 Pasterczyk\"},\"image\":{\"@id\":\"https:\\\/\\\/inteligentny-rozwoj.com.pl\\\/#\\\/schema\\\/logo\\\/image\\\/\"},\"sameAs\":[\"https:\\\/\\\/www.facebook.com\\\/RPConsulting\",\"https:\\\/\\\/x.com\\\/rp_consulting\",\"https:\\\/\\\/www.instagram.com\\\/rpconsulting.pl\\\/\",\"https:\\\/\\\/pl.linkedin.com\\\/company\\\/rp-consulting-rpc\",\"https:\\\/\\\/www.linkedin.com\\\/in\\\/rafal-pasterczyk\\\/\"]},{\"@type\":\"Person\",\"@id\":\"https:\\\/\\\/inteligentny-rozwoj.com.pl\\\/#\\\/schema\\\/person\\\/781a467e5e331ce384632759ecdba772\",\"name\":\"RP CONSULTING Rafa\u0142 Pasterczyk\",\"image\":{\"@type\":\"ImageObject\",\"inLanguage\":\"pl-PL\",\"@id\":\"https:\\\/\\\/secure.gravatar.com\\\/avatar\\\/fde501377d5b06ef1fb158c1ea34fe2defd80fd9526b2263a81456023558c240?s=96&d=mm&r=g\",\"url\":\"https:\\\/\\\/secure.gravatar.com\\\/avatar\\\/fde501377d5b06ef1fb158c1ea34fe2defd80fd9526b2263a81456023558c240?s=96&d=mm&r=g\",\"contentUrl\":\"https:\\\/\\\/secure.gravatar.com\\\/avatar\\\/fde501377d5b06ef1fb158c1ea34fe2defd80fd9526b2263a81456023558c240?s=96&d=mm&r=g\",\"caption\":\"RP CONSULTING Rafa\u0142 Pasterczyk\"},\"description\":\"Doradztwo biznesowe i outsourcing - us\u0142ugi doradcze w zakresie marketingu B2B, rozwoju eksportu oraz pozyskiwanie i rozliczanie dotacji na rozw\u00f3j eksportu i cyfryzacj\u0119. Ponad 100 skutecznie zrealizowanych projekt\u00f3w. Wiele z nich \u0142\u0105czy doradztwo w zakresie strategii internacjonalizacji ze skutecznym pozyskaniem dofinansowania na dzia\u0142ania na rynkach zagranicznych.\",\"sameAs\":[\"https:\\\/\\\/inteligentny-rozwoj.com.pl\\\/\",\"https:\\\/\\\/www.facebook.com\\\/RPConsulting\\\/\",\"https:\\\/\\\/www.instagram.com\\\/rpconsulting.pl\\\/\",\"https:\\\/\\\/pl.linkedin.com\\\/company\\\/rp-consulting-rpc\",\"https:\\\/\\\/www.youtube.com\\\/@RPCONSULTING-b2b\"],\"url\":\"https:\\\/\\\/inteligentny-rozwoj.com.pl\\\/index.php\\\/author\\\/rpconsulting\\\/\"}]}<\/script>\n<!-- \/ Yoast SEO plugin. -->","yoast_head_json":{"title":"Dzia\u0142anie 3.2 Wsparcie wdro\u017ce\u0144 wynik\u00f3w prac B+R - RP CONSULTING Rafa\u0142 Pasterczyk | marketing B2B, eksport, dotacje UE","description":"Dzia\u0142anie 3.2 Wsparcie wdro\u017ce\u0144 wynik\u00f3w prac B+R ma na celu zwi\u0119kszenie aktywno\u015bci przedsi\u0119biorstw w zakresie prowadzenia dzia\u0142alno\u015bci innowacyjnej.","robots":{"index":"index","follow":"follow","max-snippet":"max-snippet:-1","max-image-preview":"max-image-preview:large","max-video-preview":"max-video-preview:-1"},"canonical":"https:\/\/inteligentny-rozwoj.com.pl\/index.php\/fundusze-europejskie-2014-2020\/inteligentny-rozwoj-po-ir\/dzialania-poir\/dzialanie-3-2-wsparcie-wdrozen-wynikow-prac-br\/","og_locale":"pl_PL","og_type":"article","og_title":"Dzia\u0142anie 3.2 Wsparcie wdro\u017ce\u0144 wynik\u00f3w prac B+R - RP CONSULTING Rafa\u0142 Pasterczyk | marketing B2B, eksport, dotacje UE","og_description":"Dzia\u0142anie 3.2 Wsparcie wdro\u017ce\u0144 wynik\u00f3w prac B+R ma na celu zwi\u0119kszenie aktywno\u015bci przedsi\u0119biorstw w zakresie prowadzenia dzia\u0142alno\u015bci innowacyjnej.","og_url":"https:\/\/inteligentny-rozwoj.com.pl\/index.php\/fundusze-europejskie-2014-2020\/inteligentny-rozwoj-po-ir\/dzialania-poir\/dzialanie-3-2-wsparcie-wdrozen-wynikow-prac-br\/","og_site_name":"RP CONSULTING Rafa\u0142 Pasterczyk | marketing B2B, eksport, dotacje UE","article_publisher":"https:\/\/www.facebook.com\/RPConsulting","article_modified_time":"2015-03-20T20:27:24+00:00","og_image":[{"width":350,"height":300,"url":"https:\/\/inteligentny-rozwoj.com.pl\/wp-content\/uploads\/2021\/06\/rpc_logo_sq.png","type":"image\/png"}],"twitter_card":"summary_large_image","twitter_site":"@rp_consulting","twitter_misc":{"Szacowany czas czytania":"1 minuta"},"schema":{"@context":"https:\/\/schema.org","@graph":[{"@type":"Article","@id":"https:\/\/inteligentny-rozwoj.com.pl\/index.php\/fundusze-europejskie-2014-2020\/inteligentny-rozwoj-po-ir\/dzialania-poir\/dzialanie-3-2-wsparcie-wdrozen-wynikow-prac-br\/#article","isPartOf":{"@id":"https:\/\/inteligentny-rozwoj.com.pl\/index.php\/fundusze-europejskie-2014-2020\/inteligentny-rozwoj-po-ir\/dzialania-poir\/dzialanie-3-2-wsparcie-wdrozen-wynikow-prac-br\/"},"author":{"name":"RP CONSULTING Rafa\u0142 Pasterczyk","@id":"https:\/\/inteligentny-rozwoj.com.pl\/#\/schema\/person\/781a467e5e331ce384632759ecdba772"},"headline":"Dzia\u0142anie 3.2 Wsparcie wdro\u017ce\u0144 wynik\u00f3w prac B+R","datePublished":"2015-03-20T18:17:59+00:00","dateModified":"2015-03-20T20:27:24+00:00","mainEntityOfPage":{"@id":"https:\/\/inteligentny-rozwoj.com.pl\/index.php\/fundusze-europejskie-2014-2020\/inteligentny-rozwoj-po-ir\/dzialania-poir\/dzialanie-3-2-wsparcie-wdrozen-wynikow-prac-br\/"},"wordCount":124,"publisher":{"@id":"https:\/\/inteligentny-rozwoj.com.pl\/#organization"},"inLanguage":"pl-PL"},{"@type":"WebPage","@id":"https:\/\/inteligentny-rozwoj.com.pl\/index.php\/fundusze-europejskie-2014-2020\/inteligentny-rozwoj-po-ir\/dzialania-poir\/dzialanie-3-2-wsparcie-wdrozen-wynikow-prac-br\/","url":"https:\/\/inteligentny-rozwoj.com.pl\/index.php\/fundusze-europejskie-2014-2020\/inteligentny-rozwoj-po-ir\/dzialania-poir\/dzialanie-3-2-wsparcie-wdrozen-wynikow-prac-br\/","name":"Dzia\u0142anie 3.2 Wsparcie wdro\u017ce\u0144 wynik\u00f3w prac B+R - RP CONSULTING Rafa\u0142 Pasterczyk | marketing B2B, eksport, dotacje UE","isPartOf":{"@id":"https:\/\/inteligentny-rozwoj.com.pl\/#website"},"datePublished":"2015-03-20T18:17:59+00:00","dateModified":"2015-03-20T20:27:24+00:00","description":"Dzia\u0142anie 3.2 Wsparcie wdro\u017ce\u0144 wynik\u00f3w prac B+R ma na celu zwi\u0119kszenie aktywno\u015bci przedsi\u0119biorstw w zakresie prowadzenia dzia\u0142alno\u015bci innowacyjnej.","breadcrumb":{"@id":"https:\/\/inteligentny-rozwoj.com.pl\/index.php\/fundusze-europejskie-2014-2020\/inteligentny-rozwoj-po-ir\/dzialania-poir\/dzialanie-3-2-wsparcie-wdrozen-wynikow-prac-br\/#breadcrumb"},"inLanguage":"pl-PL","potentialAction":[{"@type":"ReadAction","target":["https:\/\/inteligentny-rozwoj.com.pl\/index.php\/fundusze-europejskie-2014-2020\/inteligentny-rozwoj-po-ir\/dzialania-poir\/dzialanie-3-2-wsparcie-wdrozen-wynikow-prac-br\/"]}]},{"@type":"BreadcrumbList","@id":"https:\/\/inteligentny-rozwoj.com.pl\/index.php\/fundusze-europejskie-2014-2020\/inteligentny-rozwoj-po-ir\/dzialania-poir\/dzialanie-3-2-wsparcie-wdrozen-wynikow-prac-br\/#breadcrumb","itemListElement":[{"@type":"ListItem","position":1,"name":"Fundusze 2014-2020","item":"https:\/\/inteligentny-rozwoj.com.pl\/index.php\/fundusze-europejskie-2014-2020\/"},{"@type":"ListItem","position":2,"name":"PO IR 2014-2020","item":"https:\/\/inteligentny-rozwoj.com.pl\/index.php\/fundusze-europejskie-2014-2020\/inteligentny-rozwoj-po-ir\/"},{"@type":"ListItem","position":3,"name":"Dzia\u0142ania PO IR (Dotacje Unijne)","item":"https:\/\/inteligentny-rozwoj.com.pl\/index.php\/fundusze-europejskie-2014-2020\/inteligentny-rozwoj-po-ir\/dzialania-poir\/"},{"@type":"ListItem","position":4,"name":"Dzia\u0142anie 3.2 Wsparcie wdro\u017ce\u0144 wynik\u00f3w prac B+R"}]},{"@type":"WebSite","@id":"https:\/\/inteligentny-rozwoj.com.pl\/#website","url":"https:\/\/inteligentny-rozwoj.com.pl\/","name":"RP CONSULTING Rafa\u0142 Pasterczyk | marketing B2B, eksport, dotacje UE","description":"Tw\u00f3j partner w rozwoju biznesu - skuteczne doradztwo w marketingu B2B, rozwoju eksportu i pozyskiwaniu dotacji","publisher":{"@id":"https:\/\/inteligentny-rozwoj.com.pl\/#organization"},"alternateName":"Rafa\u0142 Pasterczyk RP CONSULTING","potentialAction":[{"@type":"SearchAction","target":{"@type":"EntryPoint","urlTemplate":"https:\/\/inteligentny-rozwoj.com.pl\/?s={search_term_string}"},"query-input":{"@type":"PropertyValueSpecification","valueRequired":true,"valueName":"search_term_string"}}],"inLanguage":"pl-PL"},{"@type":"Organization","@id":"https:\/\/inteligentny-rozwoj.com.pl\/#organization","name":"RP CONSULTING Rafa\u0142 Pasterczyk","alternateName":"Rafa\u0142 Pasterczyk RP CONSULTING","url":"https:\/\/inteligentny-rozwoj.com.pl\/","logo":{"@type":"ImageObject","inLanguage":"pl-PL","@id":"https:\/\/inteligentny-rozwoj.com.pl\/#\/schema\/logo\/image\/","url":"https:\/\/inteligentny-rozwoj.com.pl\/wp-content\/uploads\/2019\/01\/cropped-rpc_logo_sq-e1546996617786.png","contentUrl":"https:\/\/inteligentny-rozwoj.com.pl\/wp-content\/uploads\/2019\/01\/cropped-rpc_logo_sq-e1546996617786.png","width":512,"height":512,"caption":"RP CONSULTING Rafa\u0142 Pasterczyk"},"image":{"@id":"https:\/\/inteligentny-rozwoj.com.pl\/#\/schema\/logo\/image\/"},"sameAs":["https:\/\/www.facebook.com\/RPConsulting","https:\/\/x.com\/rp_consulting","https:\/\/www.instagram.com\/rpconsulting.pl\/","https:\/\/pl.linkedin.com\/company\/rp-consulting-rpc","https:\/\/www.linkedin.com\/in\/rafal-pasterczyk\/"]},{"@type":"Person","@id":"https:\/\/inteligentny-rozwoj.com.pl\/#\/schema\/person\/781a467e5e331ce384632759ecdba772","name":"RP CONSULTING Rafa\u0142 Pasterczyk","image":{"@type":"ImageObject","inLanguage":"pl-PL","@id":"https:\/\/secure.gravatar.com\/avatar\/fde501377d5b06ef1fb158c1ea34fe2defd80fd9526b2263a81456023558c240?s=96&d=mm&r=g","url":"https:\/\/secure.gravatar.com\/avatar\/fde501377d5b06ef1fb158c1ea34fe2defd80fd9526b2263a81456023558c240?s=96&d=mm&r=g","contentUrl":"https:\/\/secure.gravatar.com\/avatar\/fde501377d5b06ef1fb158c1ea34fe2defd80fd9526b2263a81456023558c240?s=96&d=mm&r=g","caption":"RP CONSULTING Rafa\u0142 Pasterczyk"},"description":"Doradztwo biznesowe i outsourcing - us\u0142ugi doradcze w zakresie marketingu B2B, rozwoju eksportu oraz pozyskiwanie i rozliczanie dotacji na rozw\u00f3j eksportu i cyfryzacj\u0119. Ponad 100 skutecznie zrealizowanych projekt\u00f3w. Wiele z nich \u0142\u0105czy doradztwo w zakresie strategii internacjonalizacji ze skutecznym pozyskaniem dofinansowania na dzia\u0142ania na rynkach zagranicznych.","sameAs":["https:\/\/inteligentny-rozwoj.com.pl\/","https:\/\/www.facebook.com\/RPConsulting\/","https:\/\/www.instagram.com\/rpconsulting.pl\/","https:\/\/pl.linkedin.com\/company\/rp-consulting-rpc","https:\/\/www.youtube.com\/@RPCONSULTING-b2b"],"url":"https:\/\/inteligentny-rozwoj.com.pl\/index.php\/author\/rpconsulting\/"}]}},"uagb_featured_image_src":{"full":false,"thumbnail":false,"medium":false,"medium_large":false,"large":false,"1536x1536":false,"2048x2048":false,"post-thumbnail":false,"sow-carousel-default":false,"sow-blog-portfolio":false,"sow-blog-grid":false,"sow-blog-alternate":false},"uagb_author_info":{"display_name":"RP CONSULTING Rafa\u0142 Pasterczyk","author_link":"https:\/\/inteligentny-rozwoj.com.pl\/index.php\/author\/rpconsulting\/"},"uagb_comment_info":0,"uagb_excerpt":"Dzia&#322;anie 3.2 Wsparcie wdro&#380;e&#324; wynik&oacute;w prac B+R&nbsp;realizowane jest w ramach III Osi priorytetowej PO IR &ndash; WSPARCIE INNOWACJI W PRZEDSI&#280;BIORSTWACH.&nbsp;Dzia&#322;anie 3.2 Wsparcie wdro&#380;e&#324; wynik&oacute;w prac B+R realizuje Priorytet Inwestycyjny 3c (III o&#347; PO IR) oraz cel szczeg&oacute;&#322;owy 4. zwi&#281;kszona aktywno&#347;&#263; przedsi&#281;biorstw w zakresie prowadzenia dzia&#322;alno&#347;ci innowacyjnej. Instytucj&#261; Po&#347;rednicz&#261;c&#261; oraz og&#322;aszaj&#261;c&#261; konkursy na przedsi&#281;wzi&#281;cia realizowane poprzez&nbsp;Dzia&#322;anie&hellip;","_links":{"self":[{"href":"https:\/\/inteligentny-rozwoj.com.pl\/index.php\/wp-json\/wp\/v2\/pages\/817","targetHints":{"allow":["GET"]}}],"collection":[{"href":"https:\/\/inteligentny-rozwoj.com.pl\/index.php\/wp-json\/wp\/v2\/pages"}],"about":[{"href":"https:\/\/inteligentny-rozwoj.com.pl\/index.php\/wp-json\/wp\/v2\/types\/page"}],"author":[{"embeddable":true,"href":"https:\/\/inteligentny-rozwoj.com.pl\/index.php\/wp-json\/wp\/v2\/users\/1"}],"replies":[{"embeddable":true,"href":"https:\/\/inteligentny-rozwoj.com.pl\/index.php\/wp-json\/wp\/v2\/comments?post=817"}],"version-history":[{"count":3,"href":"https:\/\/inteligentny-rozwoj.com.pl\/index.php\/wp-json\/wp\/v2\/pages\/817\/revisions"}],"predecessor-version":[{"id":854,"href":"https:\/\/inteligentny-rozwoj.com.pl\/index.php\/wp-json\/wp\/v2\/pages\/817\/revisions\/854"}],"up":[{"embeddable":true,"href":"https:\/\/inteligentny-rozwoj.com.pl\/index.php\/wp-json\/wp\/v2\/pages\/785"}],"wp:attachment":[{"href":"https:\/\/inteligentny-rozwoj.com.pl\/index.php\/wp-json\/wp\/v2\/media?parent=817"}],"curies":[{"name":"wp","href":"https:\/\/api.w.org\/{rel}","templated":true}]}}