{"id":8221,"date":"2023-12-05T01:06:22","date_gmt":"2023-12-05T00:06:22","guid":{"rendered":"https:\/\/inteligentny-rozwoj.com.pl\/?page_id=8221"},"modified":"2023-12-12T21:40:52","modified_gmt":"2023-12-12T20:40:52","slug":"szkolenia-i-kursy-zawodowe","status":"publish","type":"page","link":"https:\/\/inteligentny-rozwoj.com.pl\/index.php\/oferta\/szkolenia-i-kursy-zawodowe\/","title":{"rendered":"Szkolenia i kursy zawodowe \u2013 poznaj ofert\u0119 i skorzystaj"},"content":{"rendered":"\n<p class=\"wp-block-paragraph\">Szkolenia i kursy zawodowe to programy edukacyjne, zaprojektowane w celu dostarczenia uczestnikom specjalistycznych umiej\u0119tno\u015bci i wiedzy zwi\u0105zanej z konkretnym obszarem zawodowym, jak np. kursy ADR dla kierowc\u00f3w czy szkolenia BHP. Mog\u0105 one by\u0107 organizowane przez r\u00f3\u017cne instytucje, takie jak m. in. szko\u0142y, uczelnie, firmy szkoleniowe, czy instytucje rz\u0105dowe.<\/p>\n\n\n\n<p class=\"wp-block-paragraph\">&#x1f449; Szkolenia i kursy zawodowe realizowane s\u0105 we wsp\u00f3\u0142pracy z partnerem biznesowym \u2013 firm\u0105 <a href=\"https:\/\/dis24.pl\/\" target=\"_blank\" rel=\"noreferrer noopener\">DIS<\/a>.<\/p>\n\n\n\n<p class=\"wp-block-paragraph\">&#x1f449; Dodatkowo istnieje mo\u017cliwo\u015b\u0107 odbycia wybranych kurs\u00f3w zawodowych w formule online, za po\u015brednictwem <a href=\"https:\/\/flint-learning.com\/\" data-type=\"link\" data-id=\"https:\/\/flint-learning.com\/\" target=\"_blank\" rel=\"noreferrer noopener\">platformy e-learningowej FLINT<\/a>, kt\u00f3ra oferuje r\u00f3wnie\u017c mo\u017cliwo\u015b\u0107 dowolnego <a href=\"https:\/\/flint-learning.com\/2023\/11\/29\/platforma-do-tworzenia-kursow-online\/\" target=\"_blank\" rel=\"noreferrer noopener\">tworzenia szkole\u0144 i kurs\u00f3w online<\/a> dla ka\u017cdej organizacji.<\/p>\n\n\n\n<p class=\"wp-block-paragraph\">Ze swojej strony oferuj\u0119 <a href=\"https:\/\/inteligentny-rozwoj.com.pl\/index.php\/oferta\/szkolenia-biznesowe\/\" target=\"_blank\" rel=\"noreferrer noopener\">szkolenia biznesowe<\/a>.<\/p>\n\n\n\n<h2 class=\"wp-block-heading\">Szkolenia i kursy zawodowe \u2013 rozwini\u0119cie zagadnienia<\/h2>\n\n\n\n<h3 class=\"wp-block-heading\">W jakim celu s\u0105 organizowane?<\/h3>\n\n\n\n<p class=\"wp-block-paragraph\">Szkolenia i kursy tego typu maj\u0105 na celu przygotowanie uczestnik\u00f3w do wykonywania konkretnych zada\u0144 lub zaj\u0119\u0107 w okre\u015blonym obszarze zawodowym. Mog\u0105 obejmowa\u0107 zar\u00f3wno umiej\u0119tno\u015bci praktyczne, jak i teoretyczne.<\/p>\n\n\n\n<h3 class=\"wp-block-heading\">Jak wygl\u0105da specjalizacja w tym obszarze?<\/h3>\n\n\n\n<p class=\"wp-block-paragraph\">Szkolenia i kursy zawodowe s\u0105 zazwyczaj skoncentrowane na okre\u015blonej bran\u017cy, dziedzinie zawodowej lub konkretnej umiej\u0119tno\u015bci. Przyk\u0142adem mog\u0105 by\u0107 szkolenia zawodowe z obszaru programowania komputerowego, zarz\u0105dzania projektami, obs\u0142ugi klienta, technologii medycznych, okresowych szkole\u0144 BHP czy szkole\u0144 stanowiskowych ADR.<\/p>\n\n\n\n<h3 class=\"wp-block-heading\">Jaki jest czas trwania tego typu kurs\u00f3w?<\/h3>\n\n\n\n<p class=\"wp-block-paragraph\">Czas trwania szkole\u0144 zawodowych mo\u017ce by\u0107 zr\u00f3\u017cnicowany &#8211; od kilku godzin nawet do kilku miesi\u0119cy, w zale\u017cno\u015bci od stopnia z\u0142o\u017cono\u015bci danego tematu. Je\u015bli wymaga on wielu \u0107wicze\u0144 praktycznych oraz przekazania specjalistycznej wiedzy, czas trwania tego typu szkolenia wyd\u0142u\u017ca si\u0119, a dodatkowo mo\u017ce by\u0107 zwi\u0105zany z konieczno\u015bci\u0105 odbycia praktycznych warsztat\u00f3w.<\/p>\n\n\n\n<h3 class=\"wp-block-heading\">W jakiej formie prowadzone s\u0105 szkolenia i kursy zawodowe?<\/h3>\n\n\n\n<p class=\"wp-block-paragraph\">Szkolenia zawodowe mog\u0105 by\u0107 prowadzone w r\u00f3\u017cny spos\u00f3b. Mog\u0105 by\u0107 to tradycyjne lekcje w salach szkoleniowych, <a href=\"https:\/\/inteligentny-rozwoj.com.pl\/index.php\/szkolenia-online-w-firmie\/\" target=\"_blank\" rel=\"noreferrer noopener\">szkolenia online<\/a>, warsztaty praktyczne, czy te\u017c praktyki zawodowe. Wszystko uzale\u017cnione jest od tematyki szkole\u0144, specyfiki tematu, ale cz\u0119sto tak\u017ce od wymog\u00f3w prawnych \u2013 np. w przypadku szkole\u0144 BHP (wst\u0119pnych) lub kurs\u00f3w ADR dla kierowc\u00f3w, kt\u00f3re bezwzgl\u0119dnie wymagaj\u0105 formu\u0142y stacjonarnej.<\/p>\n\n\n\n<h3 class=\"wp-block-heading\">Czy szkolenia zawodowe ko\u0144cz\u0105 si\u0119 wydaniem odpowiedniego certyfikatu?<\/h3>\n\n\n\n<p class=\"wp-block-paragraph\">Po uko\u0144czeniu tego typu kursu uczestnicy zwykle otrzymuj\u0105 certyfikaty lub \u015bwiadectwa, potwierdzaj\u0105ce zdobyt\u0105 wiedz\u0119 i umiej\u0119tno\u015bci. Takie dokumenty cz\u0119sto wymagane s\u0105 przez pracodawc\u00f3w, jak r\u00f3wnie\u017c doceniane przez inne organizacje. Du\u017co zale\u017cy od tematyki kursu oraz presti\u017cu firmy szkoleniowej b\u0105d\u017a instytucji kt\u00f3ra je przeprowadza.<\/p>\n\n\n\n<h3 class=\"wp-block-heading\">Czy dzi\u0119ki szkoleniom zawodowym \u0142atwiej b\u0119dzie mi zdoby\u0107 prac\u0119?<\/h3>\n\n\n\n<p class=\"wp-block-paragraph\">Szkolenia zawodowe s\u0105 projektowane tak, aby odpowiada\u0107 aktualnym potrzebom rynku pracy. Mog\u0105 obejmowa\u0107 najnowsze technologie, trendy bran\u017cowe i praktyki. Odbycie szkole\u0144 i kurs\u00f3w zawodowych u\u0142atwia odnalezienie si\u0119 na rynku pracy, zw\u0142aszcza, je\u015bli s\u0105 to kursy zawodowe o charakterze specjalistycznym, na skutek kt\u00f3rych pracownik nabywa wymagane do wykonywania okre\u015blonego zawodu uprawnienia. W\u00f3wczas szkolenia takie s\u0105 niezb\u0119dne.<\/p>\n\n\n\n<p class=\"wp-block-paragraph\">Szkolenia i kursy zawodowe s\u0105 wa\u017cnym elementem rozwoju zawodowego i doskonalenia umiej\u0119tno\u015bci. Pomagaj\u0105 pracownikom dostosowa\u0107 si\u0119 do zmian w swojej bran\u017cy, podnosi\u0107 kwalifikacje oraz zwi\u0119ksza\u0107 atrakcyjno\u015b\u0107 na rynku pracy. Dla pracodawc\u00f3w stanowi\u0105 r\u00f3wnie\u017c spos\u00f3b na zapewnienie, \u017ce ich personel posiada niezb\u0119dn\u0105 wiedz\u0119 i umiej\u0119tno\u015bci do skutecznego wykonywania obowi\u0105zk\u00f3w zawodowych.<\/p>\n\n\n\n<h2 class=\"wp-block-heading\">Szkolenia i kursy zawodowe &#8211; oferta<\/h2>\n\n\n\n<p class=\"wp-block-paragraph\">Szkolenia zawodowe realizowane s\u0105 przez uprawnion\u0105 jednostk\u0119 &#8211; firm\u0119 <a href=\"https:\/\/dis24.pl\/\" target=\"_blank\" rel=\"noreferrer noopener\">DIS<\/a> &#8211; i obejmuj\u0105 tematyk\u0119:<\/p>\n\n\n\n<ul class=\"wp-block-list\">\n<li><a href=\"https:\/\/inteligentny-rozwoj.com.pl\/index.php\/oferta\/szkolenia-i-kursy-zawodowe\/szkolenia-bhp-szkolenia-w-zakresie-bezpieczenstwa-i-higieny-pracy\/\" target=\"_blank\" rel=\"noreferrer noopener\">Szkolenia BHP<\/a><\/li>\n\n\n\n<li><a href=\"https:\/\/inteligentny-rozwoj.com.pl\/index.php\/oferta\/szkolenia-i-kursy-zawodowe\/kursy-adr-dla-kierowcow-transport-towarow-niebezpiecznych\/\" target=\"_blank\" rel=\"noreferrer noopener\">Kursy ADR dla kierowc\u00f3w<\/a><\/li>\n<\/ul>\n\n\n<div\n\t\t\t\n\t\t\tclass=\"so-widget-sow-cta so-widget-sow-cta-default-1a18972c2fb2\"\n\t\t\t\n\t\t><div\n\tclass=\"sow-cta-base\"\n\t>\n\t\n\t<div class=\"sow-cta-wrapper\">\n\n\t\t<div class=\"sow-cta-text\">\n\t\t\t\t\t\t\t<h4 class=\"sow-cta-title\">\n\t\t\t\t\tDowiedz si\u0119 wi\u0119cej na temat szkole\u0144 i kurs\u00f3w zawodowych\t\t\t\t<\/h4>\n\t\t\t\n\t\t\t\t\t\t\t<h4 class=\"sow-cta-subtitle\">\n\t\t\t\t\t&#x1f449; Poznaj ofert\u0119\t\t\t\t<\/h4>\n\t\t\t\t\t<\/div>\n\n\t\t<div\n\t\t\t\n\t\t\tclass=\"so-widget-sow-button so-widget-sow-button-flat-36afe2f5510f\"\n\t\t\t\n\t\t><div class=\"ow-button-base ow-button-align-center\"\n>\n\t\t\t<a href=\"https:\/\/dis24.pl\/kontakt\" class=\"sowb-button ow-icon-placement-left ow-button-hover\" target=\"_blank\" rel=\"noopener noreferrer\">\n\t\t<span>\n\t\t\t\n\t\t\tSkontaktuj si\u0119 i zapytaj o szczeg\u00f3\u0142y !\t\t<\/span>\n\t\t\t<\/a>\n\t<\/div>\n<\/div>\n\t<\/div>\n\n\t<\/div>\n<\/div>","protected":false},"excerpt":{"rendered":"<p>Szkolenia i kursy zawodowe to programy edukacyjne, zaprojektowane w celu dostarczenia uczestnikom specjalistycznych umiej&#281;tno&#347;ci i wiedzy zwi&#261;zanej z konkretnym obszarem zawodowym, jak np. kursy ADR dla kierowc&oacute;w czy szkolenia BHP. Mog&#261; one by&#263; organizowane przez r&oacute;&#380;ne instytucje, takie jak m. in. szko&#322;y, uczelnie, firmy szkoleniowe, czy instytucje rz&#261;dowe. &#128073; Szkolenia i kursy zawodowe realizowane s&#261; [&hellip;]<\/p>\n","protected":false},"author":1,"featured_media":0,"parent":531,"menu_order":0,"comment_status":"closed","ping_status":"closed","template":"","meta":{"_crdt_document":"","content-type":"","_uag_custom_page_level_css":"","footnotes":""},"class_list":["post-8221","page","type-page","status-publish","hentry"],"yoast_head":"<!-- This site is optimized with the Yoast SEO plugin v27.5 - https:\/\/yoast.com\/product\/yoast-seo-wordpress\/ -->\n<title>Szkolenia i kursy zawodowe \u2013 poznaj ofert\u0119 i skorzystaj<\/title>\n<meta name=\"description\" content=\"Szkolenia i kursy zawodowe w formie stacjonarnej i online. Szkolenia BHP, kursy ADR dla kierowc\u00f3w. Poznaj ofert\u0119 i skorzystaj\" \/>\n<meta name=\"robots\" content=\"index, follow, max-snippet:-1, max-image-preview:large, max-video-preview:-1\" \/>\n<link rel=\"canonical\" href=\"https:\/\/inteligentny-rozwoj.com.pl\/index.php\/oferta\/szkolenia-i-kursy-zawodowe\/\" \/>\n<meta property=\"og:locale\" content=\"pl_PL\" \/>\n<meta property=\"og:type\" content=\"article\" \/>\n<meta property=\"og:title\" content=\"Szkolenia i kursy zawodowe \u2013 poznaj ofert\u0119 i skorzystaj\" \/>\n<meta property=\"og:description\" content=\"Szkolenia i kursy zawodowe w formie stacjonarnej i online. Szkolenia BHP, kursy ADR dla kierowc\u00f3w. Poznaj ofert\u0119 i skorzystaj\" \/>\n<meta property=\"og:url\" content=\"https:\/\/inteligentny-rozwoj.com.pl\/index.php\/oferta\/szkolenia-i-kursy-zawodowe\/\" \/>\n<meta property=\"og:site_name\" content=\"RP CONSULTING Rafa\u0142 Pasterczyk | marketing B2B, eksport, dotacje UE\" \/>\n<meta property=\"article:publisher\" content=\"https:\/\/www.facebook.com\/RPConsulting\" \/>\n<meta property=\"article:modified_time\" content=\"2023-12-12T20:40:52+00:00\" \/>\n<meta property=\"og:image\" content=\"https:\/\/inteligentny-rozwoj.com.pl\/wp-content\/uploads\/2021\/06\/rpc_logo_sq.png\" \/>\n\t<meta property=\"og:image:width\" content=\"350\" \/>\n\t<meta property=\"og:image:height\" content=\"300\" \/>\n\t<meta property=\"og:image:type\" content=\"image\/png\" \/>\n<meta name=\"twitter:card\" content=\"summary_large_image\" \/>\n<meta name=\"twitter:site\" content=\"@rp_consulting\" \/>\n<meta name=\"twitter:label1\" content=\"Szacowany czas czytania\" \/>\n\t<meta name=\"twitter:data1\" content=\"3 minuty\" \/>\n<script type=\"application\/ld+json\" class=\"yoast-schema-graph\">{\"@context\":\"https:\\\/\\\/schema.org\",\"@graph\":[{\"@type\":\"Article\",\"@id\":\"https:\\\/\\\/inteligentny-rozwoj.com.pl\\\/index.php\\\/oferta\\\/szkolenia-i-kursy-zawodowe\\\/#article\",\"isPartOf\":{\"@id\":\"https:\\\/\\\/inteligentny-rozwoj.com.pl\\\/index.php\\\/oferta\\\/szkolenia-i-kursy-zawodowe\\\/\"},\"author\":{\"name\":\"RP CONSULTING Rafa\u0142 Pasterczyk\",\"@id\":\"https:\\\/\\\/inteligentny-rozwoj.com.pl\\\/#\\\/schema\\\/person\\\/781a467e5e331ce384632759ecdba772\"},\"headline\":\"Szkolenia i kursy zawodowe \u2013 poznaj ofert\u0119 i skorzystaj\",\"datePublished\":\"2023-12-05T00:06:22+00:00\",\"dateModified\":\"2023-12-12T20:40:52+00:00\",\"mainEntityOfPage\":{\"@id\":\"https:\\\/\\\/inteligentny-rozwoj.com.pl\\\/index.php\\\/oferta\\\/szkolenia-i-kursy-zawodowe\\\/\"},\"wordCount\":594,\"publisher\":{\"@id\":\"https:\\\/\\\/inteligentny-rozwoj.com.pl\\\/#organization\"},\"inLanguage\":\"pl-PL\"},{\"@type\":\"WebPage\",\"@id\":\"https:\\\/\\\/inteligentny-rozwoj.com.pl\\\/index.php\\\/oferta\\\/szkolenia-i-kursy-zawodowe\\\/\",\"url\":\"https:\\\/\\\/inteligentny-rozwoj.com.pl\\\/index.php\\\/oferta\\\/szkolenia-i-kursy-zawodowe\\\/\",\"name\":\"Szkolenia i kursy zawodowe \u2013 poznaj ofert\u0119 i skorzystaj\",\"isPartOf\":{\"@id\":\"https:\\\/\\\/inteligentny-rozwoj.com.pl\\\/#website\"},\"datePublished\":\"2023-12-05T00:06:22+00:00\",\"dateModified\":\"2023-12-12T20:40:52+00:00\",\"description\":\"Szkolenia i kursy zawodowe w formie stacjonarnej i online. Szkolenia BHP, kursy ADR dla kierowc\u00f3w. Poznaj ofert\u0119 i skorzystaj\",\"breadcrumb\":{\"@id\":\"https:\\\/\\\/inteligentny-rozwoj.com.pl\\\/index.php\\\/oferta\\\/szkolenia-i-kursy-zawodowe\\\/#breadcrumb\"},\"inLanguage\":\"pl-PL\",\"potentialAction\":[{\"@type\":\"ReadAction\",\"target\":[\"https:\\\/\\\/inteligentny-rozwoj.com.pl\\\/index.php\\\/oferta\\\/szkolenia-i-kursy-zawodowe\\\/\"]}]},{\"@type\":\"BreadcrumbList\",\"@id\":\"https:\\\/\\\/inteligentny-rozwoj.com.pl\\\/index.php\\\/oferta\\\/szkolenia-i-kursy-zawodowe\\\/#breadcrumb\",\"itemListElement\":[{\"@type\":\"ListItem\",\"position\":1,\"name\":\"Oferta &#8211; RP CONSULTING Rafa\u0142 Pasterczyk\",\"item\":\"https:\\\/\\\/inteligentny-rozwoj.com.pl\\\/index.php\\\/oferta\\\/\"},{\"@type\":\"ListItem\",\"position\":2,\"name\":\"Szkolenia i kursy zawodowe \u2013 poznaj ofert\u0119 i skorzystaj\"}]},{\"@type\":\"WebSite\",\"@id\":\"https:\\\/\\\/inteligentny-rozwoj.com.pl\\\/#website\",\"url\":\"https:\\\/\\\/inteligentny-rozwoj.com.pl\\\/\",\"name\":\"RP CONSULTING Rafa\u0142 Pasterczyk | marketing B2B, eksport, dotacje UE\",\"description\":\"Tw\u00f3j partner w rozwoju biznesu - skuteczne doradztwo w marketingu B2B, rozwoju eksportu i pozyskiwaniu dotacji\",\"publisher\":{\"@id\":\"https:\\\/\\\/inteligentny-rozwoj.com.pl\\\/#organization\"},\"alternateName\":\"Rafa\u0142 Pasterczyk RP CONSULTING\",\"potentialAction\":[{\"@type\":\"SearchAction\",\"target\":{\"@type\":\"EntryPoint\",\"urlTemplate\":\"https:\\\/\\\/inteligentny-rozwoj.com.pl\\\/?s={search_term_string}\"},\"query-input\":{\"@type\":\"PropertyValueSpecification\",\"valueRequired\":true,\"valueName\":\"search_term_string\"}}],\"inLanguage\":\"pl-PL\"},{\"@type\":\"Organization\",\"@id\":\"https:\\\/\\\/inteligentny-rozwoj.com.pl\\\/#organization\",\"name\":\"RP CONSULTING Rafa\u0142 Pasterczyk\",\"alternateName\":\"Rafa\u0142 Pasterczyk RP CONSULTING\",\"url\":\"https:\\\/\\\/inteligentny-rozwoj.com.pl\\\/\",\"logo\":{\"@type\":\"ImageObject\",\"inLanguage\":\"pl-PL\",\"@id\":\"https:\\\/\\\/inteligentny-rozwoj.com.pl\\\/#\\\/schema\\\/logo\\\/image\\\/\",\"url\":\"https:\\\/\\\/inteligentny-rozwoj.com.pl\\\/wp-content\\\/uploads\\\/2019\\\/01\\\/cropped-rpc_logo_sq-e1546996617786.png\",\"contentUrl\":\"https:\\\/\\\/inteligentny-rozwoj.com.pl\\\/wp-content\\\/uploads\\\/2019\\\/01\\\/cropped-rpc_logo_sq-e1546996617786.png\",\"width\":512,\"height\":512,\"caption\":\"RP CONSULTING Rafa\u0142 Pasterczyk\"},\"image\":{\"@id\":\"https:\\\/\\\/inteligentny-rozwoj.com.pl\\\/#\\\/schema\\\/logo\\\/image\\\/\"},\"sameAs\":[\"https:\\\/\\\/www.facebook.com\\\/RPConsulting\",\"https:\\\/\\\/x.com\\\/rp_consulting\",\"https:\\\/\\\/www.instagram.com\\\/rpconsulting.pl\\\/\",\"https:\\\/\\\/pl.linkedin.com\\\/company\\\/rp-consulting-rpc\",\"https:\\\/\\\/www.linkedin.com\\\/in\\\/rafal-pasterczyk\\\/\"]},{\"@type\":\"Person\",\"@id\":\"https:\\\/\\\/inteligentny-rozwoj.com.pl\\\/#\\\/schema\\\/person\\\/781a467e5e331ce384632759ecdba772\",\"name\":\"RP CONSULTING Rafa\u0142 Pasterczyk\",\"image\":{\"@type\":\"ImageObject\",\"inLanguage\":\"pl-PL\",\"@id\":\"https:\\\/\\\/secure.gravatar.com\\\/avatar\\\/fde501377d5b06ef1fb158c1ea34fe2defd80fd9526b2263a81456023558c240?s=96&d=mm&r=g\",\"url\":\"https:\\\/\\\/secure.gravatar.com\\\/avatar\\\/fde501377d5b06ef1fb158c1ea34fe2defd80fd9526b2263a81456023558c240?s=96&d=mm&r=g\",\"contentUrl\":\"https:\\\/\\\/secure.gravatar.com\\\/avatar\\\/fde501377d5b06ef1fb158c1ea34fe2defd80fd9526b2263a81456023558c240?s=96&d=mm&r=g\",\"caption\":\"RP CONSULTING Rafa\u0142 Pasterczyk\"},\"description\":\"Doradztwo biznesowe, outsourcing i interim management w zakresie marketingu B2B, rozwoju eksportu, a tak\u017ce pozyskiwanie i rozliczanie dotacji na rozw\u00f3j eksportu i cyfryzacj\u0119. Ponad 20 lat do\u015bwiadczenia w B2B i ponad 100 skutecznie zrealizowanych projekt\u00f3w dla M\u015aP. Wiele z nich \u0142\u0105czy doradztwo w zakresie strategii internacjonalizacji ze skutecznym pozyskaniem dofinansowania na dzia\u0142ania na rynkach zagranicznych.\",\"sameAs\":[\"https:\\\/\\\/inteligentny-rozwoj.com.pl\\\/\",\"https:\\\/\\\/www.facebook.com\\\/RPConsulting\\\/\",\"https:\\\/\\\/www.instagram.com\\\/rpconsulting.pl\\\/\",\"https:\\\/\\\/pl.linkedin.com\\\/company\\\/rp-consulting-rpc\",\"https:\\\/\\\/www.youtube.com\\\/@RPCONSULTING-b2b\"],\"url\":\"https:\\\/\\\/inteligentny-rozwoj.com.pl\\\/index.php\\\/author\\\/rpconsulting\\\/\"}]}<\/script>\n<!-- \/ Yoast SEO plugin. -->","yoast_head_json":{"title":"Szkolenia i kursy zawodowe \u2013 poznaj ofert\u0119 i skorzystaj","description":"Szkolenia i kursy zawodowe w formie stacjonarnej i online. Szkolenia BHP, kursy ADR dla kierowc\u00f3w. Poznaj ofert\u0119 i skorzystaj","robots":{"index":"index","follow":"follow","max-snippet":"max-snippet:-1","max-image-preview":"max-image-preview:large","max-video-preview":"max-video-preview:-1"},"canonical":"https:\/\/inteligentny-rozwoj.com.pl\/index.php\/oferta\/szkolenia-i-kursy-zawodowe\/","og_locale":"pl_PL","og_type":"article","og_title":"Szkolenia i kursy zawodowe \u2013 poznaj ofert\u0119 i skorzystaj","og_description":"Szkolenia i kursy zawodowe w formie stacjonarnej i online. Szkolenia BHP, kursy ADR dla kierowc\u00f3w. Poznaj ofert\u0119 i skorzystaj","og_url":"https:\/\/inteligentny-rozwoj.com.pl\/index.php\/oferta\/szkolenia-i-kursy-zawodowe\/","og_site_name":"RP CONSULTING Rafa\u0142 Pasterczyk | marketing B2B, eksport, dotacje UE","article_publisher":"https:\/\/www.facebook.com\/RPConsulting","article_modified_time":"2023-12-12T20:40:52+00:00","og_image":[{"width":350,"height":300,"url":"https:\/\/inteligentny-rozwoj.com.pl\/wp-content\/uploads\/2021\/06\/rpc_logo_sq.png","type":"image\/png"}],"twitter_card":"summary_large_image","twitter_site":"@rp_consulting","twitter_misc":{"Szacowany czas czytania":"3 minuty"},"schema":{"@context":"https:\/\/schema.org","@graph":[{"@type":"Article","@id":"https:\/\/inteligentny-rozwoj.com.pl\/index.php\/oferta\/szkolenia-i-kursy-zawodowe\/#article","isPartOf":{"@id":"https:\/\/inteligentny-rozwoj.com.pl\/index.php\/oferta\/szkolenia-i-kursy-zawodowe\/"},"author":{"name":"RP CONSULTING Rafa\u0142 Pasterczyk","@id":"https:\/\/inteligentny-rozwoj.com.pl\/#\/schema\/person\/781a467e5e331ce384632759ecdba772"},"headline":"Szkolenia i kursy zawodowe \u2013 poznaj ofert\u0119 i skorzystaj","datePublished":"2023-12-05T00:06:22+00:00","dateModified":"2023-12-12T20:40:52+00:00","mainEntityOfPage":{"@id":"https:\/\/inteligentny-rozwoj.com.pl\/index.php\/oferta\/szkolenia-i-kursy-zawodowe\/"},"wordCount":594,"publisher":{"@id":"https:\/\/inteligentny-rozwoj.com.pl\/#organization"},"inLanguage":"pl-PL"},{"@type":"WebPage","@id":"https:\/\/inteligentny-rozwoj.com.pl\/index.php\/oferta\/szkolenia-i-kursy-zawodowe\/","url":"https:\/\/inteligentny-rozwoj.com.pl\/index.php\/oferta\/szkolenia-i-kursy-zawodowe\/","name":"Szkolenia i kursy zawodowe \u2013 poznaj ofert\u0119 i skorzystaj","isPartOf":{"@id":"https:\/\/inteligentny-rozwoj.com.pl\/#website"},"datePublished":"2023-12-05T00:06:22+00:00","dateModified":"2023-12-12T20:40:52+00:00","description":"Szkolenia i kursy zawodowe w formie stacjonarnej i online. Szkolenia BHP, kursy ADR dla kierowc\u00f3w. Poznaj ofert\u0119 i skorzystaj","breadcrumb":{"@id":"https:\/\/inteligentny-rozwoj.com.pl\/index.php\/oferta\/szkolenia-i-kursy-zawodowe\/#breadcrumb"},"inLanguage":"pl-PL","potentialAction":[{"@type":"ReadAction","target":["https:\/\/inteligentny-rozwoj.com.pl\/index.php\/oferta\/szkolenia-i-kursy-zawodowe\/"]}]},{"@type":"BreadcrumbList","@id":"https:\/\/inteligentny-rozwoj.com.pl\/index.php\/oferta\/szkolenia-i-kursy-zawodowe\/#breadcrumb","itemListElement":[{"@type":"ListItem","position":1,"name":"Oferta &#8211; RP CONSULTING Rafa\u0142 Pasterczyk","item":"https:\/\/inteligentny-rozwoj.com.pl\/index.php\/oferta\/"},{"@type":"ListItem","position":2,"name":"Szkolenia i kursy zawodowe \u2013 poznaj ofert\u0119 i skorzystaj"}]},{"@type":"WebSite","@id":"https:\/\/inteligentny-rozwoj.com.pl\/#website","url":"https:\/\/inteligentny-rozwoj.com.pl\/","name":"RP CONSULTING Rafa\u0142 Pasterczyk | marketing B2B, eksport, dotacje UE","description":"Tw\u00f3j partner w rozwoju biznesu - skuteczne doradztwo w marketingu B2B, rozwoju eksportu i pozyskiwaniu dotacji","publisher":{"@id":"https:\/\/inteligentny-rozwoj.com.pl\/#organization"},"alternateName":"Rafa\u0142 Pasterczyk RP CONSULTING","potentialAction":[{"@type":"SearchAction","target":{"@type":"EntryPoint","urlTemplate":"https:\/\/inteligentny-rozwoj.com.pl\/?s={search_term_string}"},"query-input":{"@type":"PropertyValueSpecification","valueRequired":true,"valueName":"search_term_string"}}],"inLanguage":"pl-PL"},{"@type":"Organization","@id":"https:\/\/inteligentny-rozwoj.com.pl\/#organization","name":"RP CONSULTING Rafa\u0142 Pasterczyk","alternateName":"Rafa\u0142 Pasterczyk RP CONSULTING","url":"https:\/\/inteligentny-rozwoj.com.pl\/","logo":{"@type":"ImageObject","inLanguage":"pl-PL","@id":"https:\/\/inteligentny-rozwoj.com.pl\/#\/schema\/logo\/image\/","url":"https:\/\/inteligentny-rozwoj.com.pl\/wp-content\/uploads\/2019\/01\/cropped-rpc_logo_sq-e1546996617786.png","contentUrl":"https:\/\/inteligentny-rozwoj.com.pl\/wp-content\/uploads\/2019\/01\/cropped-rpc_logo_sq-e1546996617786.png","width":512,"height":512,"caption":"RP CONSULTING Rafa\u0142 Pasterczyk"},"image":{"@id":"https:\/\/inteligentny-rozwoj.com.pl\/#\/schema\/logo\/image\/"},"sameAs":["https:\/\/www.facebook.com\/RPConsulting","https:\/\/x.com\/rp_consulting","https:\/\/www.instagram.com\/rpconsulting.pl\/","https:\/\/pl.linkedin.com\/company\/rp-consulting-rpc","https:\/\/www.linkedin.com\/in\/rafal-pasterczyk\/"]},{"@type":"Person","@id":"https:\/\/inteligentny-rozwoj.com.pl\/#\/schema\/person\/781a467e5e331ce384632759ecdba772","name":"RP CONSULTING Rafa\u0142 Pasterczyk","image":{"@type":"ImageObject","inLanguage":"pl-PL","@id":"https:\/\/secure.gravatar.com\/avatar\/fde501377d5b06ef1fb158c1ea34fe2defd80fd9526b2263a81456023558c240?s=96&d=mm&r=g","url":"https:\/\/secure.gravatar.com\/avatar\/fde501377d5b06ef1fb158c1ea34fe2defd80fd9526b2263a81456023558c240?s=96&d=mm&r=g","contentUrl":"https:\/\/secure.gravatar.com\/avatar\/fde501377d5b06ef1fb158c1ea34fe2defd80fd9526b2263a81456023558c240?s=96&d=mm&r=g","caption":"RP CONSULTING Rafa\u0142 Pasterczyk"},"description":"Doradztwo biznesowe, outsourcing i interim management w zakresie marketingu B2B, rozwoju eksportu, a tak\u017ce pozyskiwanie i rozliczanie dotacji na rozw\u00f3j eksportu i cyfryzacj\u0119. Ponad 20 lat do\u015bwiadczenia w B2B i ponad 100 skutecznie zrealizowanych projekt\u00f3w dla M\u015aP. Wiele z nich \u0142\u0105czy doradztwo w zakresie strategii internacjonalizacji ze skutecznym pozyskaniem dofinansowania na dzia\u0142ania na rynkach zagranicznych.","sameAs":["https:\/\/inteligentny-rozwoj.com.pl\/","https:\/\/www.facebook.com\/RPConsulting\/","https:\/\/www.instagram.com\/rpconsulting.pl\/","https:\/\/pl.linkedin.com\/company\/rp-consulting-rpc","https:\/\/www.youtube.com\/@RPCONSULTING-b2b"],"url":"https:\/\/inteligentny-rozwoj.com.pl\/index.php\/author\/rpconsulting\/"}]}},"uagb_featured_image_src":{"full":false,"thumbnail":false,"medium":false,"medium_large":false,"large":false,"1536x1536":false,"2048x2048":false,"post-thumbnail":false,"sow-carousel-default":false,"sow-blog-portfolio":false,"sow-blog-grid":false,"sow-blog-alternate":false},"uagb_author_info":{"display_name":"RP CONSULTING Rafa\u0142 Pasterczyk","author_link":"https:\/\/inteligentny-rozwoj.com.pl\/index.php\/author\/rpconsulting\/"},"uagb_comment_info":0,"uagb_excerpt":"Szkolenia i kursy zawodowe to programy edukacyjne, zaprojektowane w celu dostarczenia uczestnikom specjalistycznych umiej&#281;tno&#347;ci i wiedzy zwi&#261;zanej z konkretnym obszarem zawodowym, jak np. kursy ADR dla kierowc&oacute;w czy szkolenia BHP. Mog&#261; one by&#263; organizowane przez r&oacute;&#380;ne instytucje, takie jak m. in. szko&#322;y, uczelnie, firmy szkoleniowe, czy instytucje rz&#261;dowe. &#128073; Szkolenia i kursy zawodowe realizowane s&#261;&hellip;","_links":{"self":[{"href":"https:\/\/inteligentny-rozwoj.com.pl\/index.php\/wp-json\/wp\/v2\/pages\/8221","targetHints":{"allow":["GET"]}}],"collection":[{"href":"https:\/\/inteligentny-rozwoj.com.pl\/index.php\/wp-json\/wp\/v2\/pages"}],"about":[{"href":"https:\/\/inteligentny-rozwoj.com.pl\/index.php\/wp-json\/wp\/v2\/types\/page"}],"author":[{"embeddable":true,"href":"https:\/\/inteligentny-rozwoj.com.pl\/index.php\/wp-json\/wp\/v2\/users\/1"}],"replies":[{"embeddable":true,"href":"https:\/\/inteligentny-rozwoj.com.pl\/index.php\/wp-json\/wp\/v2\/comments?post=8221"}],"version-history":[{"count":9,"href":"https:\/\/inteligentny-rozwoj.com.pl\/index.php\/wp-json\/wp\/v2\/pages\/8221\/revisions"}],"predecessor-version":[{"id":8269,"href":"https:\/\/inteligentny-rozwoj.com.pl\/index.php\/wp-json\/wp\/v2\/pages\/8221\/revisions\/8269"}],"up":[{"embeddable":true,"href":"https:\/\/inteligentny-rozwoj.com.pl\/index.php\/wp-json\/wp\/v2\/pages\/531"}],"wp:attachment":[{"href":"https:\/\/inteligentny-rozwoj.com.pl\/index.php\/wp-json\/wp\/v2\/media?parent=8221"}],"curies":[{"name":"wp","href":"https:\/\/api.w.org\/{rel}","templated":true}]}}