{"id":8226,"date":"2023-12-05T01:31:07","date_gmt":"2023-12-05T00:31:07","guid":{"rendered":"https:\/\/inteligentny-rozwoj.com.pl\/?page_id=8226"},"modified":"2023-12-07T03:44:10","modified_gmt":"2023-12-07T02:44:10","slug":"szkolenia-bhp-szkolenia-w-zakresie-bezpieczenstwa-i-higieny-pracy","status":"publish","type":"page","link":"https:\/\/inteligentny-rozwoj.com.pl\/index.php\/oferta\/szkolenia-i-kursy-zawodowe\/szkolenia-bhp-szkolenia-w-zakresie-bezpieczenstwa-i-higieny-pracy\/","title":{"rendered":"Szkolenia BHP \u2013 szkolenia w zakresie Bezpiecze\u0144stwa i Higieny Pracy"},"content":{"rendered":"\n<p class=\"wp-block-paragraph\">Szkolenia BHP, czyli szkolenia w zakresie Bezpiecze\u0144stwa i Higieny Pracy s\u0105 niezwykle istotne. Pomagaj\u0105 one pracownikom zrozumie\u0107 zasady i procedury, kt\u00f3re maj\u0105 na celu zapewnienie bezpiecznych i zdrowych warunk\u00f3w pracy. Stanowi\u0105 one jeden z obszar\u00f3w <a href=\"https:\/\/inteligentny-rozwoj.com.pl\/index.php\/oferta\/szkolenia-i-kursy-zawodowe\/\" target=\"_blank\" rel=\"noreferrer noopener\">szkole\u0144 i kurs\u00f3w zawodowych<\/a> i obejmuj\u0105 szereg kwestii, zwi\u0105zanych z zapobieganiem wypadkom, ochron\u0105 zdrowia pracownik\u00f3w oraz przestrzeganiem przepis\u00f3w bezpiecze\u0144stwa.<\/p>\n\n\n\n<h2 class=\"wp-block-heading\">Zakres tematyczny szkolenia BHP<\/h2>\n\n\n\n<p class=\"wp-block-paragraph\">Szkolenia w zakresie Bezpiecze\u0144stwa i Higieny Pracy obejmuj\u0105 r\u00f3\u017cnorodne tematy, takie jak:<\/p>\n\n\n\n<ul class=\"wp-block-list\">\n<li>Identyfikacja i minimalizacja ryzyka zawodowego.<\/li>\n\n\n\n<li>Zasady korzystania z narz\u0119dzi i maszyn.<\/li>\n\n\n\n<li>Post\u0119powanie w przypadku wypadk\u00f3w.<\/li>\n\n\n\n<li>Ergonomia miejsca pracy.<\/li>\n\n\n\n<li>Ochrona przed substancjami chemicznymi i biologicznymi.<\/li>\n\n\n\n<li>Prawid\u0142owe u\u017cywanie sprz\u0119tu ochrony indywidualnej (np. kaski, okulary, r\u0119kawice).<\/li>\n<\/ul>\n\n\n\n<h2 class=\"wp-block-heading\">Specyfika szkolenia w zakresie bezpiecze\u0144stwa i Higieny Pracy<\/h2>\n\n\n\n<p class=\"wp-block-paragraph\">Szkolenia takie pod wzgl\u0119dem programu musz\u0105 by\u0107 zgodne z obowi\u0105zuj\u0105cymi przepisami prawa, dotycz\u0105cymi bezpiecze\u0144stwa i higieny pracy.<\/p>\n\n\n\n<p class=\"wp-block-paragraph\">Za szkolenia BHP odpowiedzialni s\u0105 zar\u00f3wno pracodawcy, kt\u00f3rzy maja obowi\u0105zek ich organizacji, jak i pracownicy, kt\u00f3rzy maj\u0105 obowi\u0105zek w nich uczestnictwa. Uczestnictwo w szkoleniach BHP ma na celu zapewnienie utrzymania bezpiecznych warunk\u00f3w w miejscu pracy.<\/p>\n\n\n\n<p class=\"wp-block-paragraph\">Szkolenia w zakresie Bezpiecze\u0144stwa i Higieny Pracy s\u0105 zazwyczaj przeprowadzane w momencie rozpocz\u0119cia pracy przez pracownika. S\u0105 to tzw. szkolenia wst\u0119pne. A nast\u0119pnie organizuje si\u0119 je regularnie w miar\u0119 potrzeb. Regularno\u015b\u0107 mo\u017ce zale\u017ce\u0107 od specyfiki pracy, zmian w procedurach lub pojawienia si\u0119 nowych zagro\u017ce\u0144 w miejscu pracy. Niezale\u017cnie od tego szkolenia BHP winny by\u0107 na bie\u017c\u0105co aktualizowane oraz odnawiane co 5 lat w formie szkole\u0144 okresowych BHP.<\/p>\n\n\n\n<p class=\"wp-block-paragraph\">Forma szkole\u0144 w zakresie Bezpiecze\u0144stwa i Higieny Pracy jest zr\u00f3\u017cnicowana, jednak\u017ce szkolenia wst\u0119pne wymagaj\u0105 formu\u0142y stacjonarnej. Mog\u0105 one mie\u0107 form\u0119 wyk\u0142ad\u00f3w, prezentacji multimedialnych, warsztat\u00f3w praktycznych, czy nawet symulacji sytuacji awaryjnych.<\/p>\n\n\n\n<p class=\"wp-block-paragraph\">Szkolenia BHP s\u0105 nie tylko obowi\u0105zkowe w wielu miejscach pracy, ale r\u00f3wnie\u017c stanowi\u0105 kluczowy element dbania o dobrostan pracownik\u00f3w i zapobiegania wypadkom zawodowym. W przypadku wielu zawod\u00f3w, zaniedbanie szkole\u0144 BHP mo\u017ce prowadzi\u0107 do powa\u017cnych konsekwencji prawnych i finansowych dla pracodawcy.<\/p>\n\n\n\n<h2 class=\"wp-block-heading\">Szkolenia w zakresie Bezpiecze\u0144stwa i Higieny Pracy &#8211; oferta<\/h2>\n\n\n\n<p class=\"wp-block-paragraph\">Szkolenia BHP przeprowadza wyspecjalizowana i uprawniona jednostka &#8211; firma <a href=\"https:\/\/dis24.pl\/\" data-type=\"link\" data-id=\"https:\/\/dis24.pl\/\" target=\"_blank\" rel=\"noreferrer noopener\">DIS<\/a>, zajmuj\u0105ca si\u0119 tak\u017ce kompleksowym <a href=\"https:\/\/dis24.pl\/oferta\/doradztwo-bhp\" target=\"_blank\" rel=\"noreferrer noopener\">doradztwem w zakresie BHP<\/a>.<\/p>\n\n\n\n<p class=\"wp-block-paragraph\">Istnieje r\u00f3wnie\u017c mo\u017cliwo\u015b\u0107 odbycia szkole\u0144 okresowych BHP w formule <a href=\"https:\/\/flint-learning.com\/e-szkolenia-bhp-on-line\/\" data-type=\"link\" data-id=\"https:\/\/flint-learning.com\/e-szkolenia-bhp-on-line\/\" target=\"_blank\" rel=\"noreferrer noopener\">online<\/a>, za po\u015brednictwem <a href=\"https:\/\/flint-learning.com\/\" data-type=\"link\" data-id=\"https:\/\/flint-learning.com\/\" target=\"_blank\" rel=\"noreferrer noopener\">platformy e-learningowej FLINT<\/a>.<\/p>\n\n\n<div\n\t\t\t\n\t\t\tclass=\"so-widget-sow-cta so-widget-sow-cta-default-1a18972c2fb2\"\n\t\t\t\n\t\t><div\n\tclass=\"sow-cta-base\"\n\t>\n\t\n\t<div class=\"sow-cta-wrapper\">\n\n\t\t<div class=\"sow-cta-text\">\n\t\t\t\t\t\t\t<h4 class=\"sow-cta-title\">\n\t\t\t\t\tDowiedz si\u0119 wi\u0119cej na temat szkole\u0144 BHP\t\t\t\t<\/h4>\n\t\t\t\n\t\t\t\t\t\t\t<h4 class=\"sow-cta-subtitle\">\n\t\t\t\t\t&#x1f449; Poznaj ofert\u0119\t\t\t\t<\/h4>\n\t\t\t\t\t<\/div>\n\n\t\t<div\n\t\t\t\n\t\t\tclass=\"so-widget-sow-button so-widget-sow-button-flat-36afe2f5510f\"\n\t\t\t\n\t\t><div class=\"ow-button-base ow-button-align-center\"\n>\n\t\t\t<a href=\"https:\/\/dis24.pl\/kontakt\" class=\"sowb-button ow-icon-placement-left ow-button-hover\" target=\"_blank\" rel=\"noopener noreferrer\">\n\t\t<span>\n\t\t\t\n\t\t\tSkontaktuj si\u0119 i zapytaj o szczeg\u00f3\u0142y !\t\t<\/span>\n\t\t\t<\/a>\n\t<\/div>\n<\/div>\n\t<\/div>\n\n\t<\/div>\n<\/div>","protected":false},"excerpt":{"rendered":"<p>Szkolenia BHP, czyli szkolenia w zakresie Bezpiecze&#324;stwa i Higieny Pracy s&#261; niezwykle istotne. Pomagaj&#261; one pracownikom zrozumie&#263; zasady i procedury, kt&oacute;re maj&#261; na celu zapewnienie bezpiecznych i zdrowych warunk&oacute;w pracy. Stanowi&#261; one jeden z obszar&oacute;w szkole&#324; i kurs&oacute;w zawodowych i obejmuj&#261; szereg kwestii, zwi&#261;zanych z zapobieganiem wypadkom, ochron&#261; zdrowia pracownik&oacute;w oraz przestrzeganiem przepis&oacute;w bezpiecze&#324;stwa. Zakres [&hellip;]<\/p>\n","protected":false},"author":1,"featured_media":0,"parent":8221,"menu_order":0,"comment_status":"closed","ping_status":"closed","template":"","meta":{"_crdt_document":"","content-type":"","_uag_custom_page_level_css":"","footnotes":""},"class_list":["post-8226","page","type-page","status-publish","hentry"],"yoast_head":"<!-- This site is optimized with the Yoast SEO plugin v27.5 - https:\/\/yoast.com\/product\/yoast-seo-wordpress\/ -->\n<title>Szkolenia BHP \u2013 szkolenia w zakresie Bezpiecze\u0144stwa i Higieny Pracy<\/title>\n<meta name=\"description\" content=\"Szkolenia BHP to szkolenia w zakresie Bezpiecze\u0144stwa i Higieny Pracy, s\u0105 wymagane prawnie. Szkolenia stacjonarne i online. Poznaj ofert\u0119\" \/>\n<meta name=\"robots\" content=\"index, follow, max-snippet:-1, max-image-preview:large, max-video-preview:-1\" \/>\n<link rel=\"canonical\" href=\"https:\/\/inteligentny-rozwoj.com.pl\/index.php\/oferta\/szkolenia-i-kursy-zawodowe\/szkolenia-bhp-szkolenia-w-zakresie-bezpieczenstwa-i-higieny-pracy\/\" \/>\n<meta property=\"og:locale\" content=\"pl_PL\" \/>\n<meta property=\"og:type\" content=\"article\" \/>\n<meta property=\"og:title\" content=\"Szkolenia BHP \u2013 szkolenia w zakresie Bezpiecze\u0144stwa i Higieny Pracy\" \/>\n<meta property=\"og:description\" content=\"Szkolenia BHP to szkolenia w zakresie Bezpiecze\u0144stwa i Higieny Pracy, s\u0105 wymagane prawnie. Szkolenia stacjonarne i online. Poznaj ofert\u0119\" \/>\n<meta property=\"og:url\" content=\"https:\/\/inteligentny-rozwoj.com.pl\/index.php\/oferta\/szkolenia-i-kursy-zawodowe\/szkolenia-bhp-szkolenia-w-zakresie-bezpieczenstwa-i-higieny-pracy\/\" \/>\n<meta property=\"og:site_name\" content=\"RP CONSULTING Rafa\u0142 Pasterczyk | marketing B2B, eksport, dotacje UE\" \/>\n<meta property=\"article:publisher\" content=\"https:\/\/www.facebook.com\/RPConsulting\" \/>\n<meta property=\"article:modified_time\" content=\"2023-12-07T02:44:10+00:00\" \/>\n<meta property=\"og:image\" content=\"https:\/\/inteligentny-rozwoj.com.pl\/wp-content\/uploads\/2021\/06\/rpc_logo_sq.png\" \/>\n\t<meta property=\"og:image:width\" content=\"350\" \/>\n\t<meta property=\"og:image:height\" content=\"300\" \/>\n\t<meta property=\"og:image:type\" content=\"image\/png\" \/>\n<meta name=\"twitter:card\" content=\"summary_large_image\" \/>\n<meta name=\"twitter:site\" content=\"@rp_consulting\" \/>\n<meta name=\"twitter:label1\" content=\"Szacowany czas czytania\" \/>\n\t<meta name=\"twitter:data1\" content=\"3 minuty\" \/>\n<script type=\"application\/ld+json\" class=\"yoast-schema-graph\">{\"@context\":\"https:\\\/\\\/schema.org\",\"@graph\":[{\"@type\":\"Article\",\"@id\":\"https:\\\/\\\/inteligentny-rozwoj.com.pl\\\/index.php\\\/oferta\\\/szkolenia-i-kursy-zawodowe\\\/szkolenia-bhp-szkolenia-w-zakresie-bezpieczenstwa-i-higieny-pracy\\\/#article\",\"isPartOf\":{\"@id\":\"https:\\\/\\\/inteligentny-rozwoj.com.pl\\\/index.php\\\/oferta\\\/szkolenia-i-kursy-zawodowe\\\/szkolenia-bhp-szkolenia-w-zakresie-bezpieczenstwa-i-higieny-pracy\\\/\"},\"author\":{\"name\":\"RP CONSULTING Rafa\u0142 Pasterczyk\",\"@id\":\"https:\\\/\\\/inteligentny-rozwoj.com.pl\\\/#\\\/schema\\\/person\\\/781a467e5e331ce384632759ecdba772\"},\"headline\":\"Szkolenia BHP \u2013 szkolenia w zakresie Bezpiecze\u0144stwa i Higieny Pracy\",\"datePublished\":\"2023-12-05T00:31:07+00:00\",\"dateModified\":\"2023-12-07T02:44:10+00:00\",\"mainEntityOfPage\":{\"@id\":\"https:\\\/\\\/inteligentny-rozwoj.com.pl\\\/index.php\\\/oferta\\\/szkolenia-i-kursy-zawodowe\\\/szkolenia-bhp-szkolenia-w-zakresie-bezpieczenstwa-i-higieny-pracy\\\/\"},\"wordCount\":410,\"publisher\":{\"@id\":\"https:\\\/\\\/inteligentny-rozwoj.com.pl\\\/#organization\"},\"inLanguage\":\"pl-PL\"},{\"@type\":\"WebPage\",\"@id\":\"https:\\\/\\\/inteligentny-rozwoj.com.pl\\\/index.php\\\/oferta\\\/szkolenia-i-kursy-zawodowe\\\/szkolenia-bhp-szkolenia-w-zakresie-bezpieczenstwa-i-higieny-pracy\\\/\",\"url\":\"https:\\\/\\\/inteligentny-rozwoj.com.pl\\\/index.php\\\/oferta\\\/szkolenia-i-kursy-zawodowe\\\/szkolenia-bhp-szkolenia-w-zakresie-bezpieczenstwa-i-higieny-pracy\\\/\",\"name\":\"Szkolenia BHP \u2013 szkolenia w zakresie Bezpiecze\u0144stwa i Higieny Pracy\",\"isPartOf\":{\"@id\":\"https:\\\/\\\/inteligentny-rozwoj.com.pl\\\/#website\"},\"datePublished\":\"2023-12-05T00:31:07+00:00\",\"dateModified\":\"2023-12-07T02:44:10+00:00\",\"description\":\"Szkolenia BHP to szkolenia w zakresie Bezpiecze\u0144stwa i Higieny Pracy, s\u0105 wymagane prawnie. Szkolenia stacjonarne i online. Poznaj ofert\u0119\",\"breadcrumb\":{\"@id\":\"https:\\\/\\\/inteligentny-rozwoj.com.pl\\\/index.php\\\/oferta\\\/szkolenia-i-kursy-zawodowe\\\/szkolenia-bhp-szkolenia-w-zakresie-bezpieczenstwa-i-higieny-pracy\\\/#breadcrumb\"},\"inLanguage\":\"pl-PL\",\"potentialAction\":[{\"@type\":\"ReadAction\",\"target\":[\"https:\\\/\\\/inteligentny-rozwoj.com.pl\\\/index.php\\\/oferta\\\/szkolenia-i-kursy-zawodowe\\\/szkolenia-bhp-szkolenia-w-zakresie-bezpieczenstwa-i-higieny-pracy\\\/\"]}]},{\"@type\":\"BreadcrumbList\",\"@id\":\"https:\\\/\\\/inteligentny-rozwoj.com.pl\\\/index.php\\\/oferta\\\/szkolenia-i-kursy-zawodowe\\\/szkolenia-bhp-szkolenia-w-zakresie-bezpieczenstwa-i-higieny-pracy\\\/#breadcrumb\",\"itemListElement\":[{\"@type\":\"ListItem\",\"position\":1,\"name\":\"Oferta &#8211; RP CONSULTING Rafa\u0142 Pasterczyk\",\"item\":\"https:\\\/\\\/inteligentny-rozwoj.com.pl\\\/index.php\\\/oferta\\\/\"},{\"@type\":\"ListItem\",\"position\":2,\"name\":\"Szkolenia i kursy zawodowe \u2013 poznaj ofert\u0119 i skorzystaj\",\"item\":\"https:\\\/\\\/inteligentny-rozwoj.com.pl\\\/index.php\\\/oferta\\\/szkolenia-i-kursy-zawodowe\\\/\"},{\"@type\":\"ListItem\",\"position\":3,\"name\":\"Szkolenia BHP \u2013 szkolenia w zakresie Bezpiecze\u0144stwa i Higieny Pracy\"}]},{\"@type\":\"WebSite\",\"@id\":\"https:\\\/\\\/inteligentny-rozwoj.com.pl\\\/#website\",\"url\":\"https:\\\/\\\/inteligentny-rozwoj.com.pl\\\/\",\"name\":\"RP CONSULTING Rafa\u0142 Pasterczyk | marketing B2B, eksport, dotacje UE\",\"description\":\"Tw\u00f3j partner w rozwoju biznesu - skuteczne doradztwo w marketingu B2B, rozwoju eksportu i pozyskiwaniu dotacji\",\"publisher\":{\"@id\":\"https:\\\/\\\/inteligentny-rozwoj.com.pl\\\/#organization\"},\"alternateName\":\"Rafa\u0142 Pasterczyk RP CONSULTING\",\"potentialAction\":[{\"@type\":\"SearchAction\",\"target\":{\"@type\":\"EntryPoint\",\"urlTemplate\":\"https:\\\/\\\/inteligentny-rozwoj.com.pl\\\/?s={search_term_string}\"},\"query-input\":{\"@type\":\"PropertyValueSpecification\",\"valueRequired\":true,\"valueName\":\"search_term_string\"}}],\"inLanguage\":\"pl-PL\"},{\"@type\":\"Organization\",\"@id\":\"https:\\\/\\\/inteligentny-rozwoj.com.pl\\\/#organization\",\"name\":\"RP CONSULTING Rafa\u0142 Pasterczyk\",\"alternateName\":\"Rafa\u0142 Pasterczyk RP CONSULTING\",\"url\":\"https:\\\/\\\/inteligentny-rozwoj.com.pl\\\/\",\"logo\":{\"@type\":\"ImageObject\",\"inLanguage\":\"pl-PL\",\"@id\":\"https:\\\/\\\/inteligentny-rozwoj.com.pl\\\/#\\\/schema\\\/logo\\\/image\\\/\",\"url\":\"https:\\\/\\\/inteligentny-rozwoj.com.pl\\\/wp-content\\\/uploads\\\/2019\\\/01\\\/cropped-rpc_logo_sq-e1546996617786.png\",\"contentUrl\":\"https:\\\/\\\/inteligentny-rozwoj.com.pl\\\/wp-content\\\/uploads\\\/2019\\\/01\\\/cropped-rpc_logo_sq-e1546996617786.png\",\"width\":512,\"height\":512,\"caption\":\"RP CONSULTING Rafa\u0142 Pasterczyk\"},\"image\":{\"@id\":\"https:\\\/\\\/inteligentny-rozwoj.com.pl\\\/#\\\/schema\\\/logo\\\/image\\\/\"},\"sameAs\":[\"https:\\\/\\\/www.facebook.com\\\/RPConsulting\",\"https:\\\/\\\/x.com\\\/rp_consulting\",\"https:\\\/\\\/www.instagram.com\\\/rpconsulting.pl\\\/\",\"https:\\\/\\\/pl.linkedin.com\\\/company\\\/rp-consulting-rpc\",\"https:\\\/\\\/www.linkedin.com\\\/in\\\/rafal-pasterczyk\\\/\"]},{\"@type\":\"Person\",\"@id\":\"https:\\\/\\\/inteligentny-rozwoj.com.pl\\\/#\\\/schema\\\/person\\\/781a467e5e331ce384632759ecdba772\",\"name\":\"RP CONSULTING Rafa\u0142 Pasterczyk\",\"image\":{\"@type\":\"ImageObject\",\"inLanguage\":\"pl-PL\",\"@id\":\"https:\\\/\\\/secure.gravatar.com\\\/avatar\\\/fde501377d5b06ef1fb158c1ea34fe2defd80fd9526b2263a81456023558c240?s=96&d=mm&r=g\",\"url\":\"https:\\\/\\\/secure.gravatar.com\\\/avatar\\\/fde501377d5b06ef1fb158c1ea34fe2defd80fd9526b2263a81456023558c240?s=96&d=mm&r=g\",\"contentUrl\":\"https:\\\/\\\/secure.gravatar.com\\\/avatar\\\/fde501377d5b06ef1fb158c1ea34fe2defd80fd9526b2263a81456023558c240?s=96&d=mm&r=g\",\"caption\":\"RP CONSULTING Rafa\u0142 Pasterczyk\"},\"description\":\"Doradztwo biznesowe, outsourcing i interim management w zakresie marketingu B2B, rozwoju eksportu, a tak\u017ce pozyskiwanie i rozliczanie dotacji na rozw\u00f3j eksportu i cyfryzacj\u0119. Ponad 20 lat do\u015bwiadczenia w B2B i ponad 100 skutecznie zrealizowanych projekt\u00f3w dla M\u015aP. Wiele z nich \u0142\u0105czy doradztwo w zakresie strategii internacjonalizacji ze skutecznym pozyskaniem dofinansowania na dzia\u0142ania na rynkach zagranicznych.\",\"sameAs\":[\"https:\\\/\\\/inteligentny-rozwoj.com.pl\\\/\",\"https:\\\/\\\/www.facebook.com\\\/RPConsulting\\\/\",\"https:\\\/\\\/www.instagram.com\\\/rpconsulting.pl\\\/\",\"https:\\\/\\\/pl.linkedin.com\\\/company\\\/rp-consulting-rpc\",\"https:\\\/\\\/www.youtube.com\\\/@RPCONSULTING-b2b\"],\"url\":\"https:\\\/\\\/inteligentny-rozwoj.com.pl\\\/index.php\\\/author\\\/rpconsulting\\\/\"}]}<\/script>\n<!-- \/ Yoast SEO plugin. -->","yoast_head_json":{"title":"Szkolenia BHP \u2013 szkolenia w zakresie Bezpiecze\u0144stwa i Higieny Pracy","description":"Szkolenia BHP to szkolenia w zakresie Bezpiecze\u0144stwa i Higieny Pracy, s\u0105 wymagane prawnie. Szkolenia stacjonarne i online. Poznaj ofert\u0119","robots":{"index":"index","follow":"follow","max-snippet":"max-snippet:-1","max-image-preview":"max-image-preview:large","max-video-preview":"max-video-preview:-1"},"canonical":"https:\/\/inteligentny-rozwoj.com.pl\/index.php\/oferta\/szkolenia-i-kursy-zawodowe\/szkolenia-bhp-szkolenia-w-zakresie-bezpieczenstwa-i-higieny-pracy\/","og_locale":"pl_PL","og_type":"article","og_title":"Szkolenia BHP \u2013 szkolenia w zakresie Bezpiecze\u0144stwa i Higieny Pracy","og_description":"Szkolenia BHP to szkolenia w zakresie Bezpiecze\u0144stwa i Higieny Pracy, s\u0105 wymagane prawnie. Szkolenia stacjonarne i online. Poznaj ofert\u0119","og_url":"https:\/\/inteligentny-rozwoj.com.pl\/index.php\/oferta\/szkolenia-i-kursy-zawodowe\/szkolenia-bhp-szkolenia-w-zakresie-bezpieczenstwa-i-higieny-pracy\/","og_site_name":"RP CONSULTING Rafa\u0142 Pasterczyk | marketing B2B, eksport, dotacje UE","article_publisher":"https:\/\/www.facebook.com\/RPConsulting","article_modified_time":"2023-12-07T02:44:10+00:00","og_image":[{"width":350,"height":300,"url":"https:\/\/inteligentny-rozwoj.com.pl\/wp-content\/uploads\/2021\/06\/rpc_logo_sq.png","type":"image\/png"}],"twitter_card":"summary_large_image","twitter_site":"@rp_consulting","twitter_misc":{"Szacowany czas czytania":"3 minuty"},"schema":{"@context":"https:\/\/schema.org","@graph":[{"@type":"Article","@id":"https:\/\/inteligentny-rozwoj.com.pl\/index.php\/oferta\/szkolenia-i-kursy-zawodowe\/szkolenia-bhp-szkolenia-w-zakresie-bezpieczenstwa-i-higieny-pracy\/#article","isPartOf":{"@id":"https:\/\/inteligentny-rozwoj.com.pl\/index.php\/oferta\/szkolenia-i-kursy-zawodowe\/szkolenia-bhp-szkolenia-w-zakresie-bezpieczenstwa-i-higieny-pracy\/"},"author":{"name":"RP CONSULTING Rafa\u0142 Pasterczyk","@id":"https:\/\/inteligentny-rozwoj.com.pl\/#\/schema\/person\/781a467e5e331ce384632759ecdba772"},"headline":"Szkolenia BHP \u2013 szkolenia w zakresie Bezpiecze\u0144stwa i Higieny Pracy","datePublished":"2023-12-05T00:31:07+00:00","dateModified":"2023-12-07T02:44:10+00:00","mainEntityOfPage":{"@id":"https:\/\/inteligentny-rozwoj.com.pl\/index.php\/oferta\/szkolenia-i-kursy-zawodowe\/szkolenia-bhp-szkolenia-w-zakresie-bezpieczenstwa-i-higieny-pracy\/"},"wordCount":410,"publisher":{"@id":"https:\/\/inteligentny-rozwoj.com.pl\/#organization"},"inLanguage":"pl-PL"},{"@type":"WebPage","@id":"https:\/\/inteligentny-rozwoj.com.pl\/index.php\/oferta\/szkolenia-i-kursy-zawodowe\/szkolenia-bhp-szkolenia-w-zakresie-bezpieczenstwa-i-higieny-pracy\/","url":"https:\/\/inteligentny-rozwoj.com.pl\/index.php\/oferta\/szkolenia-i-kursy-zawodowe\/szkolenia-bhp-szkolenia-w-zakresie-bezpieczenstwa-i-higieny-pracy\/","name":"Szkolenia BHP \u2013 szkolenia w zakresie Bezpiecze\u0144stwa i Higieny Pracy","isPartOf":{"@id":"https:\/\/inteligentny-rozwoj.com.pl\/#website"},"datePublished":"2023-12-05T00:31:07+00:00","dateModified":"2023-12-07T02:44:10+00:00","description":"Szkolenia BHP to szkolenia w zakresie Bezpiecze\u0144stwa i Higieny Pracy, s\u0105 wymagane prawnie. Szkolenia stacjonarne i online. Poznaj ofert\u0119","breadcrumb":{"@id":"https:\/\/inteligentny-rozwoj.com.pl\/index.php\/oferta\/szkolenia-i-kursy-zawodowe\/szkolenia-bhp-szkolenia-w-zakresie-bezpieczenstwa-i-higieny-pracy\/#breadcrumb"},"inLanguage":"pl-PL","potentialAction":[{"@type":"ReadAction","target":["https:\/\/inteligentny-rozwoj.com.pl\/index.php\/oferta\/szkolenia-i-kursy-zawodowe\/szkolenia-bhp-szkolenia-w-zakresie-bezpieczenstwa-i-higieny-pracy\/"]}]},{"@type":"BreadcrumbList","@id":"https:\/\/inteligentny-rozwoj.com.pl\/index.php\/oferta\/szkolenia-i-kursy-zawodowe\/szkolenia-bhp-szkolenia-w-zakresie-bezpieczenstwa-i-higieny-pracy\/#breadcrumb","itemListElement":[{"@type":"ListItem","position":1,"name":"Oferta &#8211; RP CONSULTING Rafa\u0142 Pasterczyk","item":"https:\/\/inteligentny-rozwoj.com.pl\/index.php\/oferta\/"},{"@type":"ListItem","position":2,"name":"Szkolenia i kursy zawodowe \u2013 poznaj ofert\u0119 i skorzystaj","item":"https:\/\/inteligentny-rozwoj.com.pl\/index.php\/oferta\/szkolenia-i-kursy-zawodowe\/"},{"@type":"ListItem","position":3,"name":"Szkolenia BHP \u2013 szkolenia w zakresie Bezpiecze\u0144stwa i Higieny Pracy"}]},{"@type":"WebSite","@id":"https:\/\/inteligentny-rozwoj.com.pl\/#website","url":"https:\/\/inteligentny-rozwoj.com.pl\/","name":"RP CONSULTING Rafa\u0142 Pasterczyk | marketing B2B, eksport, dotacje UE","description":"Tw\u00f3j partner w rozwoju biznesu - skuteczne doradztwo w marketingu B2B, rozwoju eksportu i pozyskiwaniu dotacji","publisher":{"@id":"https:\/\/inteligentny-rozwoj.com.pl\/#organization"},"alternateName":"Rafa\u0142 Pasterczyk RP CONSULTING","potentialAction":[{"@type":"SearchAction","target":{"@type":"EntryPoint","urlTemplate":"https:\/\/inteligentny-rozwoj.com.pl\/?s={search_term_string}"},"query-input":{"@type":"PropertyValueSpecification","valueRequired":true,"valueName":"search_term_string"}}],"inLanguage":"pl-PL"},{"@type":"Organization","@id":"https:\/\/inteligentny-rozwoj.com.pl\/#organization","name":"RP CONSULTING Rafa\u0142 Pasterczyk","alternateName":"Rafa\u0142 Pasterczyk RP CONSULTING","url":"https:\/\/inteligentny-rozwoj.com.pl\/","logo":{"@type":"ImageObject","inLanguage":"pl-PL","@id":"https:\/\/inteligentny-rozwoj.com.pl\/#\/schema\/logo\/image\/","url":"https:\/\/inteligentny-rozwoj.com.pl\/wp-content\/uploads\/2019\/01\/cropped-rpc_logo_sq-e1546996617786.png","contentUrl":"https:\/\/inteligentny-rozwoj.com.pl\/wp-content\/uploads\/2019\/01\/cropped-rpc_logo_sq-e1546996617786.png","width":512,"height":512,"caption":"RP CONSULTING Rafa\u0142 Pasterczyk"},"image":{"@id":"https:\/\/inteligentny-rozwoj.com.pl\/#\/schema\/logo\/image\/"},"sameAs":["https:\/\/www.facebook.com\/RPConsulting","https:\/\/x.com\/rp_consulting","https:\/\/www.instagram.com\/rpconsulting.pl\/","https:\/\/pl.linkedin.com\/company\/rp-consulting-rpc","https:\/\/www.linkedin.com\/in\/rafal-pasterczyk\/"]},{"@type":"Person","@id":"https:\/\/inteligentny-rozwoj.com.pl\/#\/schema\/person\/781a467e5e331ce384632759ecdba772","name":"RP CONSULTING Rafa\u0142 Pasterczyk","image":{"@type":"ImageObject","inLanguage":"pl-PL","@id":"https:\/\/secure.gravatar.com\/avatar\/fde501377d5b06ef1fb158c1ea34fe2defd80fd9526b2263a81456023558c240?s=96&d=mm&r=g","url":"https:\/\/secure.gravatar.com\/avatar\/fde501377d5b06ef1fb158c1ea34fe2defd80fd9526b2263a81456023558c240?s=96&d=mm&r=g","contentUrl":"https:\/\/secure.gravatar.com\/avatar\/fde501377d5b06ef1fb158c1ea34fe2defd80fd9526b2263a81456023558c240?s=96&d=mm&r=g","caption":"RP CONSULTING Rafa\u0142 Pasterczyk"},"description":"Doradztwo biznesowe, outsourcing i interim management w zakresie marketingu B2B, rozwoju eksportu, a tak\u017ce pozyskiwanie i rozliczanie dotacji na rozw\u00f3j eksportu i cyfryzacj\u0119. Ponad 20 lat do\u015bwiadczenia w B2B i ponad 100 skutecznie zrealizowanych projekt\u00f3w dla M\u015aP. Wiele z nich \u0142\u0105czy doradztwo w zakresie strategii internacjonalizacji ze skutecznym pozyskaniem dofinansowania na dzia\u0142ania na rynkach zagranicznych.","sameAs":["https:\/\/inteligentny-rozwoj.com.pl\/","https:\/\/www.facebook.com\/RPConsulting\/","https:\/\/www.instagram.com\/rpconsulting.pl\/","https:\/\/pl.linkedin.com\/company\/rp-consulting-rpc","https:\/\/www.youtube.com\/@RPCONSULTING-b2b"],"url":"https:\/\/inteligentny-rozwoj.com.pl\/index.php\/author\/rpconsulting\/"}]}},"uagb_featured_image_src":{"full":false,"thumbnail":false,"medium":false,"medium_large":false,"large":false,"1536x1536":false,"2048x2048":false,"post-thumbnail":false,"sow-carousel-default":false,"sow-blog-portfolio":false,"sow-blog-grid":false,"sow-blog-alternate":false},"uagb_author_info":{"display_name":"RP CONSULTING Rafa\u0142 Pasterczyk","author_link":"https:\/\/inteligentny-rozwoj.com.pl\/index.php\/author\/rpconsulting\/"},"uagb_comment_info":0,"uagb_excerpt":"Szkolenia BHP, czyli szkolenia w zakresie Bezpiecze&#324;stwa i Higieny Pracy s&#261; niezwykle istotne. Pomagaj&#261; one pracownikom zrozumie&#263; zasady i procedury, kt&oacute;re maj&#261; na celu zapewnienie bezpiecznych i zdrowych warunk&oacute;w pracy. Stanowi&#261; one jeden z obszar&oacute;w szkole&#324; i kurs&oacute;w zawodowych i obejmuj&#261; szereg kwestii, zwi&#261;zanych z zapobieganiem wypadkom, ochron&#261; zdrowia pracownik&oacute;w oraz przestrzeganiem przepis&oacute;w bezpiecze&#324;stwa. Zakres&hellip;","_links":{"self":[{"href":"https:\/\/inteligentny-rozwoj.com.pl\/index.php\/wp-json\/wp\/v2\/pages\/8226","targetHints":{"allow":["GET"]}}],"collection":[{"href":"https:\/\/inteligentny-rozwoj.com.pl\/index.php\/wp-json\/wp\/v2\/pages"}],"about":[{"href":"https:\/\/inteligentny-rozwoj.com.pl\/index.php\/wp-json\/wp\/v2\/types\/page"}],"author":[{"embeddable":true,"href":"https:\/\/inteligentny-rozwoj.com.pl\/index.php\/wp-json\/wp\/v2\/users\/1"}],"replies":[{"embeddable":true,"href":"https:\/\/inteligentny-rozwoj.com.pl\/index.php\/wp-json\/wp\/v2\/comments?post=8226"}],"version-history":[{"count":3,"href":"https:\/\/inteligentny-rozwoj.com.pl\/index.php\/wp-json\/wp\/v2\/pages\/8226\/revisions"}],"predecessor-version":[{"id":8254,"href":"https:\/\/inteligentny-rozwoj.com.pl\/index.php\/wp-json\/wp\/v2\/pages\/8226\/revisions\/8254"}],"up":[{"embeddable":true,"href":"https:\/\/inteligentny-rozwoj.com.pl\/index.php\/wp-json\/wp\/v2\/pages\/8221"}],"wp:attachment":[{"href":"https:\/\/inteligentny-rozwoj.com.pl\/index.php\/wp-json\/wp\/v2\/media?parent=8226"}],"curies":[{"name":"wp","href":"https:\/\/api.w.org\/{rel}","templated":true}]}}